{"id":115,"date":"2024-06-12T04:52:26","date_gmt":"2024-06-12T04:52:26","guid":{"rendered":"https:\/\/rfid-laundry-tag.com\/?post_type=product&#038;p=115"},"modified":"2024-08-14T16:51:27","modified_gmt":"2024-08-14T16:51:27","slug":"rfid-laundry-tag-pps-t5577","status":"publish","type":"product","link":"https:\/\/rfid-laundry-tag.com\/da\/vare\/rfid-laundry-tag-pps-t5577\/","title":{"rendered":"RFID vaskem\u00e6rke-PPS -T5577"},"content":{"rendered":"<div class=\"J_module\">\n<div class=\"ife-detail-decorate-table\">\n<table style=\"border-collapse: collapse; width: 451.23pt;\" border=\"0\" width=\"752\" cellspacing=\"0\" cellpadding=\"0\">\n<tbody>\n<tr style=\"height: 28.00pt;\">\n<td class=\"et2\" style=\"height: 28.00pt; width: 138.60pt;\" width=\"231\" height=\"46\">Varens navn<\/td>\n<td class=\"et3\" style=\"width: 312.60pt;\" width=\"521\">RFID vaskem\u00e6rke-PPS -T5577<\/td>\n<\/tr>\n<tr style=\"height: 14.40pt;\">\n<td class=\"et3\" style=\"height: 14.40pt; width: 138.60pt;\" width=\"231\" height=\"24\">Materiale<\/td>\n<td class=\"et3\" style=\"width: 312.60pt;\" width=\"521\">PPS<\/td>\n<\/tr>\n<tr style=\"height: 14.40pt;\">\n<td class=\"et3\" style=\"height: 14.40pt; width: 138.60pt;\" width=\"231\" height=\"24\">Farve<\/td>\n<td class=\"et3\" style=\"width: 312.60pt;\" width=\"521\">Sort<\/td>\n<\/tr>\n<tr style=\"height: 14.40pt;\">\n<td class=\"et3\" style=\"height: 14.40pt; width: 138.60pt;\" width=\"231\" height=\"24\">MOQ<\/td>\n<td class=\"et3\" style=\"width: 312.60pt;\" width=\"521\">500 stk<\/td>\n<\/tr>\n<tr style=\"height: 42.00pt;\">\n<td class=\"et3\" style=\"height: 42.00pt; width: 138.60pt;\" width=\"231\" height=\"70\">Producent\/Chip<\/td>\n<td class=\"et3\" style=\"width: 312.60pt;\" width=\"521\">EM4200, TK4100, EM4305, T5577 osv<\/td>\n<\/tr>\n<tr style=\"height: 14.40pt;\">\n<td class=\"et3\" style=\"height: 14.40pt; width: 138.60pt;\" width=\"231\" height=\"24\">Frekvens<\/td>\n<td class=\"et3\" style=\"width: 312.60pt;\" width=\"521\">125Khz<\/td>\n<\/tr>\n<tr style=\"height: 70.00pt;\">\n<td class=\"et3\" style=\"height: 70.00pt; width: 138.60pt;\" width=\"231\" height=\"116\">St\u00f8rrelse<\/td>\n<td class=\"et3\" style=\"width: 312.60pt;\" width=\"521\">Dia14mm, Dia15mm, Dia18mm, Dia20mm,<\/p>\n<p>Dia22mm, Dia24mm, Dia30mm osv<\/td>\n<\/tr>\n<tr style=\"height: 14.40pt;\">\n<td class=\"et3\" style=\"height: 14.40pt; width: 138.60pt;\" width=\"231\" height=\"24\">L\u00e6s afstand<\/td>\n<td class=\"et3\" style=\"width: 312.60pt;\" width=\"521\">1-5 cm<\/td>\n<\/tr>\n<tr style=\"height: 14.40pt;\">\n<td class=\"et3\" style=\"height: 14.40pt; width: 138.60pt;\" width=\"231\" height=\"24\">Arbejdstilstand<\/td>\n<td class=\"et3\" style=\"width: 312.60pt;\" width=\"521\">passiv<\/td>\n<\/tr>\n<tr style=\"height: 14.40pt;\">\n<td class=\"et3\" style=\"height: 14.40pt; width: 138.60pt;\" width=\"231\" height=\"24\">Arbejdstemperatur<\/td>\n<td class=\"et3\" style=\"width: 312.60pt;\" width=\"521\">-25<span class=\"font0\">\u2103<\/span><span class=\"font2\">~+110<\/span><span class=\"font0\">\u2103<\/span><\/td>\n<\/tr>\n<tr style=\"height: 14.40pt;\">\n<td class=\"et3\" style=\"height: 14.40pt; width: 138.60pt;\" width=\"231\" height=\"24\">Opbevaringstemperatur<\/td>\n<td class=\"et3\" style=\"width: 312.60pt;\" width=\"521\">-40<span class=\"font0\">\u2103<\/span><span class=\"font2\">~+85<\/span><span class=\"font0\">\u2103<\/span><\/td>\n<\/tr>\n<tr style=\"height: 73.00pt;\">\n<td class=\"et4\" style=\"height: 73.00pt;\" height=\"121\">Driftsspecifikationer<\/td>\n<td class=\"et3\" style=\"width: 312.60pt;\" width=\"521\">Vandt\u00e6t; modstandsdygtig over for neds\u00e6nkning i saltvand, alkohol, olie, 10%HCL; Ammoniak; st\u00f8d og vibrationer<\/td>\n<\/tr>\n<tr style=\"height: 14.40pt;\">\n<td class=\"et3\" style=\"height: 14.40pt; width: 138.60pt;\" width=\"231\" height=\"24\">Funktioner<\/td>\n<td class=\"et3\" style=\"width: 312.60pt;\" width=\"521\">vandt\u00e6t, vaskbar, modstandsdygtig over for h\u00f8je temperaturer<\/td>\n<\/tr>\n<tr style=\"height: 14.40pt;\">\n<td class=\"et3\" style=\"height: 14.40pt; width: 138.60pt;\" width=\"231\" height=\"24\">Ans\u00f8gninger<\/td>\n<td class=\"et3\" style=\"width: 312.60pt;\" width=\"521\">vaskeri styring og sporing<\/td>\n<\/tr>\n<\/tbody>\n<\/table>\n<\/div>\n<p>&nbsp;<\/p>\n<p><strong>ATA5577 IC<\/strong> er en kontaktl\u00f8s l\u00e6se\/skrive-identifikation integreret chip (IDIC\u00ae<br \/>\n) til applikationer i 125 kHz eller 134<br \/>\nkHz frekvensb\u00e5nd. En enkelt spole forbundet til chippen fungerer som IC&#039;ens str\u00f8mforsyning og tovejs<br \/>\nkommunikationsgr\u00e6nseflade. Antennen og chippen danner tilsammen en transponder eller tag. On-chip 363-bit EEPROM<br \/>\n(11 blokke med hver 33 bit) l\u00e6ses og skrives blokvis fra en basestation (l\u00e6ser). Data overf\u00f8res fra<br \/>\nIDIC (uplink) ved hj\u00e6lp af belastningsmodulation. Dette opn\u00e5s ved at d\u00e6mpe RF-feltet med en resistiv belastning mellem de to<br \/>\nklemmer, &quot;spole 1 og spole 2&quot;. IC&#039;en modtager og afkoder serielle basestationskommandoer (downlink), som er<br \/>\nkodet som 100% amplitudemoduleret On-Off Keying (OOK) Pulse Interval Encoded (PIE) bitstr\u00f8mme.<\/p>\n<p><strong>ATA5577 IC funktioner<\/strong><br \/>\nDisse er f\u00f8lgende funktioner ved l\u00e6se\/skrive LF RFID IDIC 100 kHz til 150 kHz:<br \/>\n\u2022 Kontaktl\u00f8s str\u00f8mforsyning<br \/>\n\u2022 Kontaktl\u00f8s l\u00e6se\/skrive datatransmission<br \/>\n\u2022 Radiofrekvens fRF fra 100 kHz til 150 kHz<br \/>\n\u2022 Basistilstand eller Udvidet tilstand<br \/>\n\u2022 Kompatibel med T5557, ATA5567<br \/>\n\u2022 Erstatning for e5551\/T5551 i de mest almindelige driftstilstande<br \/>\n\u2022 Kan konfigureres til ISO\/IEC 11784\/785-kompatibilitet<br \/>\n\u2022 I alt 363 bits EEPROM-hukommelse: 11 blokke (32 bits + 1 l\u00e5sebit):<br \/>\n\u2013 7 \u00d7 32 bit EEPROM brugerhukommelse, inklusive 32-bit adgangskodehukommelse<br \/>\n\u2013 2 \u00d7 32 bit for unikt ID<br \/>\n\u2013 1 \u00d7 32-bit Optionsregister i EEPROM for at ops\u00e6tte den analoge frontend:<br \/>\n\u2022 Registreringsniveau for ur og mellemrum<br \/>\n\u2022 Forbedret downlink-timing<br \/>\n\u2022 Klemme- og moduleringssp\u00e6nding<br \/>\n\u2022 Soft modulering switching<br \/>\n\u2022 Skriv d\u00e6mpning som T5557\/ATA5567 eller med modstand<br \/>\n\u2022 Downlink protokol<br \/>\n\u2013 1 \u00d7 32-bit konfigurationsregister i EEPROM til ops\u00e6tning:<br \/>\n\u2022 Datahastighed<br \/>\n\u2013 RF\/2 til RF\/128, bin\u00e6rt valgbar eller<br \/>\n\u2013 Faste priser for basistilstand<br \/>\n\u2022 Modulering\/kodning<br \/>\n\u2013 Bi-fase, Manchester, Frequency Shift Keying (FSK), Phase Shift Keying (PSK), Non-Return-toZero (NRZ)<br \/>\n\u2022 Andre muligheder:<br \/>\n\u2013 Adgangskodetilstand<br \/>\n\u2013 Max blok funktion<br \/>\n\u2013 Direkte adgangstilstand<br \/>\n\u2013 Sekvensterminator(er)<\/p>\n<\/div>\n<div class=\"J_module\">\n<div class=\"detail-decorate-json-renderer-container\">\n<div class=\"magic-1\">\n<div>\n<div><\/div>\n<\/div>\n<div class=\"magic-2\">\n<div>\n<div class=\"auto-hide-last-sibling-br paragraph_1252f paragraph-element\">\n<div class=\"auto-hide-last-sibling-br paragraph_1252f paragraph-element\"><strong>125 kHz PPS RFID vaskem\u00e6rker<\/strong> leverer adskillige fordele, n\u00e5r de integreres i RFID-vaskem\u00e6rkel\u00f8sninger.<\/div>\n<div class=\"auto-hide-last-sibling-br paragraph_1252f paragraph-element\">Blandt disse fordele er:<\/div>\n<ol class=\"auto-hide-last-sibling-br\">\n<li>Fabriksdirekte priser sikrer omkostningseffektive l\u00f8sninger.<\/li>\n<li>Garanteret kvalitet, med 100%-test udf\u00f8rt f\u00f8r forsendelse.<\/li>\n<li>Langvarig p\u00e5lidelighed, certificeret til at overstige 200 vaskecyklusser eller kan prale af en 2-\u00e5rs levetidsgaranti efter forsendelse.<\/li>\n<li>Enest\u00e5ende holdbarhed med modstandsdygtighed over for vand, varme, tryk og kemikaliep\u00e5virkning.<\/li>\n<li>Vi leverer ogs\u00e5 en gratis pr\u00f8ve til kvalitetssikring og test.<\/li>\n<\/ol>\n<div class=\"auto-hide-last-sibling-br paragraph_1252f paragraph-element\"><strong>RFID Laundry Tag-PPS -T5577 Anvendelser:<\/strong><\/div>\n<ol class=\"auto-hide-last-sibling-br\">\n<li>\n<div class=\"auto-hide-last-sibling-br paragraph_1252f paragraph-element\">Industrielle vaskerier: P\u00e5 den industrielle arena g\u00f8r brugen af RFID-vaskem\u00e6rkeknapper sporing af massive linnedm\u00e6ngder ubesv\u00e6ret.<\/div>\n<\/li>\n<li>\n<div class=\"auto-hide-last-sibling-br paragraph_1252f paragraph-element\">Hospitaler og hoteller: Disse institutioner h\u00e5ndterer ofte store m\u00e6ngder vasket\u00f8jsopgaver, hvor disse tags har vist sig at v\u00e6re afg\u00f8rende for at \u00f8ge effektiviteten og str\u00f8mline lagerstyringen.<\/div>\n<\/li>\n<li>\n<div class=\"auto-hide-last-sibling-br paragraph_1252f paragraph-element\">Udlejning af linned: Firmaer, der tilbyder udlejning af linned, anvender disse tags for at hj\u00e6lpe med at forenkle lagerstyring og sikre kvalitetskontrol.<\/div>\n<\/li>\n<\/ol>\n<\/div>\n<\/div>\n<\/div>\n<\/div>\n<\/div>\n<\/div>","protected":false},"excerpt":{"rendered":"<div class=\"auto-hide-last-sibling-br paragraph_1252f paragraph-element\">T5577 PPS RFID vaskem\u00e6rker, konstrueret af elastisk PPS-materiale, er designet til at t\u00e5le neds\u00e6nkning i vand, uds\u00e6ttelse for varme, tryk og kemikalier, hvilket g\u00f8r dem perfekte til udfordrende milj\u00f8er.<\/div>","protected":false},"featured_media":116,"template":"","meta":{"_kad_post_transparent":"default","_kad_post_title":"","_kad_post_layout":"default","_kad_post_sidebar_id":"","_kad_post_content_style":"default","_kad_post_vertical_padding":"default","_kad_post_feature":"","_kad_post_feature_position":"","_kad_post_header":false,"_kad_post_footer":false,"_kad_post_classname":""},"product_brand":[],"product_cat":[21,18],"product_tag":[52,49,58],"class_list":{"0":"post-115","1":"product","2":"type-product","3":"status-publish","4":"has-post-thumbnail","6":"product_cat-pps-rfid-laundry-tag","7":"product_cat-125khz-rfid-laundry-tag","8":"product_tag-125khz-pps-rfid-laundry-tag","9":"product_tag-button-rfid-tag","10":"product_tag-rfid-laundry-tag-pps-t5577","12":"first","13":"instock","14":"shipping-taxable","15":"product-type-simple","16":"entry","17":"content-bg","18":"loop-entry"},"_links":{"self":[{"href":"https:\/\/rfid-laundry-tag.com\/da\/wp-json\/wp\/v2\/product\/115","targetHints":{"allow":["GET"]}}],"collection":[{"href":"https:\/\/rfid-laundry-tag.com\/da\/wp-json\/wp\/v2\/product"}],"about":[{"href":"https:\/\/rfid-laundry-tag.com\/da\/wp-json\/wp\/v2\/types\/product"}],"version-history":[{"count":1,"href":"https:\/\/rfid-laundry-tag.com\/da\/wp-json\/wp\/v2\/product\/115\/revisions"}],"predecessor-version":[{"id":1340,"href":"https:\/\/rfid-laundry-tag.com\/da\/wp-json\/wp\/v2\/product\/115\/revisions\/1340"}],"wp:featuredmedia":[{"embeddable":true,"href":"https:\/\/rfid-laundry-tag.com\/da\/wp-json\/wp\/v2\/media\/116"}],"wp:attachment":[{"href":"https:\/\/rfid-laundry-tag.com\/da\/wp-json\/wp\/v2\/media?parent=115"}],"wp:term":[{"taxonomy":"product_brand","embeddable":true,"href":"https:\/\/rfid-laundry-tag.com\/da\/wp-json\/wp\/v2\/product_brand?post=115"},{"taxonomy":"product_cat","embeddable":true,"href":"https:\/\/rfid-laundry-tag.com\/da\/wp-json\/wp\/v2\/product_cat?post=115"},{"taxonomy":"product_tag","embeddable":true,"href":"https:\/\/rfid-laundry-tag.com\/da\/wp-json\/wp\/v2\/product_tag?post=115"}],"curies":[{"name":"wp","href":"https:\/\/api.w.org\/{rel}","templated":true}]}}