{"id":111,"date":"2024-06-12T04:33:57","date_gmt":"2024-06-12T04:33:57","guid":{"rendered":"https:\/\/rfid-laundry-tag.com\/?post_type=product&#038;p=111"},"modified":"2024-06-12T04:47:00","modified_gmt":"2024-06-12T04:47:00","slug":"hf-13-56-mhz-rfid-laundry-tags","status":"publish","type":"product","link":"https:\/\/rfid-laundry-tag.com\/da\/vare\/hf-13-56-mhz-rfid-laundry-tags\/","title":{"rendered":"PPS 13,56MHZ RFID-VASKEM\u00c6RK"},"content":{"rendered":"<div class=\"J_module\">\n<div class=\"ife-detail-decorate-table\">\n<table class=\"has-title all magic-6\">\n<tbody>\n<tr>\n<td colspan=\"1\" rowspan=\"1\">\n<div class=\"magic-7\" data-spm-anchor-id=\"a2700.details.0.i45.77607d98vZbcDU\"><span class=\"magic-8\" style=\"color: #363535;\">Varens navn<\/span><\/div>\n<\/td>\n<td colspan=\"1\" rowspan=\"1\">\n<div class=\"magic-9\">PPS 13,56MHZ RFID-VASKEM\u00c6RK<\/div>\n<\/td>\n<\/tr>\n<tr>\n<td colspan=\"1\" rowspan=\"1\">\n<div class=\"magic-7\"><span class=\"magic-10\" data-spm-anchor-id=\"a2700.pc-decorate.0.i10.28d333330XLbTD\"><span class=\"magic-8\">Materiale<\/span><\/span><\/div>\n<\/td>\n<td colspan=\"1\" rowspan=\"1\">\n<div class=\"magic-9\"><span class=\"magic-8\">PPS<\/span><\/div>\n<\/td>\n<\/tr>\n<tr>\n<td colspan=\"1\" rowspan=\"1\">\n<div class=\"magic-7\"><span class=\"magic-8\">Farve<\/span><\/div>\n<\/td>\n<td colspan=\"1\" rowspan=\"1\">\n<div class=\"magic-9\"><span class=\"magic-8\">Sort osv<\/span><\/div>\n<\/td>\n<\/tr>\n<tr>\n<td colspan=\"1\" rowspan=\"1\">MOQ<\/td>\n<td colspan=\"1\" rowspan=\"1\">500 stk<\/td>\n<\/tr>\n<tr>\n<td colspan=\"1\" rowspan=\"1\">\n<div class=\"magic-7\"><span class=\"magic-8\">Producent\/Chip<\/span><\/div>\n<\/td>\n<td colspan=\"1\" rowspan=\"1\">\n<div class=\"magic-9\"><span class=\"magic-8\">ISO15693 :NXP I Code Slix ; ISO14443A: Ntag213, Ntag215, Ntag216, Mifare Ultralight ev1 osv.<\/span><\/div>\n<\/td>\n<\/tr>\n<tr>\n<td colspan=\"1\" rowspan=\"1\">\n<div class=\"magic-7\"><span class=\"magic-8\">Frekvens<\/span><\/div>\n<\/td>\n<td colspan=\"1\" rowspan=\"1\">\n<div class=\"magic-9\"><span class=\"magic-8\">13,56 MHz<\/span><\/div>\n<\/td>\n<\/tr>\n<tr>\n<td colspan=\"1\" rowspan=\"1\">\n<div class=\"magic-7\"><span class=\"magic-8\">Hukommelse<\/span><\/div>\n<\/td>\n<td colspan=\"1\" rowspan=\"1\">\n<div class=\"magic-9\"><span class=\"magic-8\">NXP I Code Slix er 1k byte; anden Chips hukommelse: 144 Bytes, 504 Byte, 888 Byte, 64 Byte osv.<\/span><\/div>\n<\/td>\n<\/tr>\n<tr>\n<td colspan=\"1\" rowspan=\"1\">\n<div class=\"magic-7\"><span class=\"magic-8\">L\u00e6s afstand<\/span><\/div>\n<\/td>\n<td colspan=\"1\" rowspan=\"1\">\n<div class=\"magic-9\"><span class=\"magic-8\">1-5 cm<\/span><\/div>\n<\/td>\n<\/tr>\n<tr>\n<td colspan=\"1\" rowspan=\"1\">\n<div class=\"magic-7\"><span class=\"magic-8\">Arbejdstilstand<\/span><\/div>\n<\/td>\n<td colspan=\"1\" rowspan=\"1\">\n<div class=\"magic-9\"><span class=\"magic-8\">passiv<\/span><\/div>\n<\/td>\n<\/tr>\n<tr>\n<td colspan=\"1\" rowspan=\"1\">\n<div class=\"magic-7\"><span class=\"magic-8\">Arbejdstemperatur<\/span><\/div>\n<\/td>\n<td colspan=\"1\" rowspan=\"1\">\n<div class=\"magic-9\"><span class=\"magic-8\">-25\u2103~+110\u2103<\/span><\/div>\n<\/td>\n<\/tr>\n<tr>\n<td colspan=\"1\" rowspan=\"1\">\n<div class=\"magic-7\"><span class=\"magic-8\">Opbevaringstemperatur<\/span><\/div>\n<\/td>\n<td colspan=\"1\" rowspan=\"1\">\n<div class=\"magic-9\"><span class=\"magic-8\">-40\u2103~+85\u2103<\/span><\/div>\n<\/td>\n<\/tr>\n<tr>\n<td colspan=\"1\" rowspan=\"1\">\n<div class=\"magic-7\">\n<div><span class=\"magic-8\">\u00a0<\/span><\/div>\n<p><span class=\"magic-8\">Kortvarig temperaturmodstand<\/span><\/p>\n<\/div>\n<\/td>\n<td colspan=\"1\" rowspan=\"1\">\n<div class=\"magic-9\"><span class=\"magic-8\">vask: 90 \u2103, 15 minutter; konverter fort\u00f8rring: 180 \u2103, 30 minutter, 200 gange; strygning: 180 \u2103, 10 sekunder, 200 gange; h\u00f8j<br \/>\ntemperatursterilisering: 135\u2103, 20 minutter<\/span><\/div>\n<\/td>\n<\/tr>\n<tr>\n<td colspan=\"1\" rowspan=\"1\">\n<div class=\"magic-7\"><span class=\"magic-8\">Funktioner<\/span><\/div>\n<\/td>\n<td colspan=\"1\" rowspan=\"1\">\n<div class=\"magic-9\"><span class=\"magic-8\">vandt\u00e6t, vaskbar, modstandsdygtig over for h\u00f8je temperaturer<\/span><\/div>\n<\/td>\n<\/tr>\n<tr>\n<td colspan=\"1\" rowspan=\"1\">\n<div class=\"magic-7\"><span class=\"magic-8\">Liv<\/span><\/div>\n<\/td>\n<td colspan=\"1\" rowspan=\"1\">\n<div class=\"magic-9\"><span class=\"magic-8\">vask 200 gange eller 3 \u00e5r<\/span><\/div>\n<\/td>\n<\/tr>\n<tr>\n<td colspan=\"1\" rowspan=\"1\">\n<div class=\"magic-7\"><span class=\"magic-8\">Ans\u00f8gninger<\/span><\/div>\n<\/td>\n<td colspan=\"1\" rowspan=\"1\">\n<div class=\"magic-9\"><span class=\"magic-8\">vaskeri styring og sporing<\/span><\/div>\n<\/td>\n<\/tr>\n<\/tbody>\n<\/table>\n<\/div>\n<\/div>\n<div class=\"J_module\">\n<div class=\"detail-decorate-json-renderer-container\">\n<div class=\"magic-1\">\n<div class=\"magic-2\">\n<div class=\"auto-hide-last-sibling-br paragraph_1252f paragraph-element\">\n<div class=\"auto-hide-last-sibling-br paragraph_1252f paragraph-element\"><\/div>\n<div class=\"auto-hide-last-sibling-br paragraph_1252f paragraph-element\">\n<p><b>Ans\u00f8gning om ISO 15693 RFID vaskem\u00e6rke \u2013 PPS-I Code Slix:<\/b><br \/>\n\u2013 Industriel vask.<br \/>\n\u2013 H\u00e5ndtering af uniformer.<br \/>\n\u2013 H\u00e5ndtering af medicinsk bekl\u00e6dning.<br \/>\n\u2013 H\u00e5ndtering af PPE-t\u00f8j.<br \/>\n\u2013 Personalepatruljeledelse.<br \/>\n\u2013 Ledelse af brandslukningsudstyr.<br \/>\n\u2013 Management af skiudstyr.<\/p>\n<\/div>\n<div><\/div>\n<\/div>\n<\/div>\n<div>\n<p>De <strong>ICODE SLIX IC<\/strong> er en dedikeret chip til intelligente etiketapplikationer s\u00e5som biblioteker, produktgodkendelse i forskellige industrier s\u00e5som farmaceutiske produkter, medicinsk udstyr og alkohol, samt produktionsstyring i forskellige omr\u00e5der af industrien. Denne IC er tredje generation af en produktfamilie af smart label IC&#039;er baseret p\u00e5 ISO-standarderne ISO\/IEC 15693 og ISO\/IEC 18000-3, hvilket forl\u00e6nger en succesfuld historie om NXP<sup>\u00ae<\/sup>\u00a0inden for n\u00e6rhedsidentifikationssystemer.<\/p>\n<h3>Kontaktl\u00f8s energi- og dataoverf\u00f8rsel<\/h3>\n<p>N\u00e5r den er tilsluttet til en meget enkel og let at producere antennetype (som et resultat af 13,56 MHz-b\u00e6refrekvensen) lavet af et par viklinger, der er printet, opviklet, \u00e6tset eller udstanset, kan ICODE SLIX IC betjenes uden sigtelinje op til en afstand p\u00e5 1,5 m (portbredde). Intet batteri er n\u00f8dvendigt. N\u00e5r den smarte label er placeret i feltet af en interrogator-antenne, g\u00f8r RF-kommunikationsgr\u00e6nsefladen med h\u00f8j hastighed det muligt at transmittere data op til 53 kbit\/s.<\/p>\n<h3>Anti-kollision<\/h3>\n<p>En intelligent anti-kollisionsfunktion g\u00f8r det muligt for flere tags at operere i marken samtidigt. Anti-kollisionsalgoritmen udv\u00e6lger hvert tag individuelt og sikrer, at udf\u00f8relsen af en transaktion med et valgt tag udf\u00f8res korrekt uden datakorruption som f\u00f8lge af andre tags i feltet.<\/p>\n<h3>Funktioner<\/h3>\n<div id=\"featuresXsp\" class=\"features-list\">\n<div class=\"features-xsp\">\n<div class=\"collapse-mobile ste-list\">\n<h3>ICODE SLIX RF-interface (ISO\/IEC 15693)<\/h3>\n<ul class=\"boxes\">\n<li>Kontaktl\u00f8s transmission af data og forsyningsenergi (intet batteri n\u00f8dvendigt)<\/li>\n<li>Driftsafstand: op til 1,5 m (afh\u00e6ngig af antennegeometri)<\/li>\n<li>Driftsfrekvens: 13,56 MHz (ISM, verdensomsp\u00e6ndende licens frit tilg\u00e6ngelig)<\/li>\n<li>Hurtig dataoverf\u00f8rsel: op til 53 kbit\/s<\/li>\n<li>H\u00f8j dataintegritet: 16-bit CRC, framing<\/li>\n<li>\u00c6gte anti-kollision<\/li>\n<li>Adgangskodebeskyttet elektronisk artikeloverv\u00e5gning (EAS)<\/li>\n<li>Adgangskodebeskyttet Application Family Identifier (AFI)<\/li>\n<li>Data Storage Format IDentifier (DSFID)<\/li>\n<li>Yderligere hurtig antikollisionsafl\u00e6sning<\/li>\n<li>Skriveafstand lig med l\u00e6seafstand<\/li>\n<\/ul>\n<\/div>\n<div class=\"collapse-mobile ste-list\">\n<h3>EEPROM<\/h3>\n<ul class=\"boxes\">\n<li>1024 bit, organiseret i 32 blokke med hver 4 bytes<\/li>\n<li>50 \u00e5rs dataopbevaring<\/li>\n<li>Skriv udholdenhed p\u00e5 100.000 cyklusser<\/li>\n<\/ul>\n<\/div>\n<div class=\"collapse-mobile ste-list\">\n<h3>Sikkerhed<\/h3>\n<ul class=\"boxes\">\n<li>Unik identifikator for hver enhed<\/li>\n<li>L\u00e5semekanisme for hver brugerhukommelsesblok (skrivebeskyttelse)<\/li>\n<li>L\u00e5semekanisme til DSFID, AFI, EAS<\/li>\n<li>Adgangskode (32-bit) beskyttet EAS og AFI funktionalitet<\/li>\n<\/ul>\n<h1 id=\"hero-title\" class=\"sp-hero-title\">NTAG<sup>\u00ae<\/sup>\u00a0213\/215\/216: NFC Forum Type 2 Tag-kompatibel IC med 144\/504\/888 bytes brugerhukommelse<\/h1>\n<\/div>\n<\/div>\n<\/div>\n<\/div>\n<div class=\"magic-2\">\n<div class=\"auto-hide-last-sibling-br paragraph_1252f paragraph-element\">\n<p>NTAG 213, NTAG 215 og NTAG 216 er udviklet af NXP<sup>\u00ae<\/sup>\u00a0Halvledere som standard NFC-tag-IC&#039;er til brug i massemarkedsapplikationer s\u00e5som detailhandel, spil og forbrugerelektronik, i kombination med NFC-enheder eller NFC-kompatible n\u00e6rhedskoblingsenheder. NTAG 213, NTAG 215 og NTAG 216 (fra nu af generelt kaldet NTAG 21x) er designet til fuldt ud at overholde NFC Forum Type 2 Tag og ISO\/IEC14443 Type A specifikationer.<\/p>\n<p>M\u00e5lapplikationer omfatter smart reklame uden for hjemmet og trykte medier, SoLoMo-applikationer, produktgodkendelse, NFC-hyldeetiketter og mobile ledsagerm\u00e6rker.<\/p>\n<p>M\u00e5lbrugstilf\u00e6lde omfatter smart reklame udenfor hjemmet, produktgodkendelse, ledsagende mobiltags, Bluetooth<sup>\u00ae<\/sup>\u00a0eller Wi-Fi-parring, elektroniske hyldeetiketter og visitkort. NTAG 21x-hukommelse kan ogs\u00e5 segmenteres for at implementere flere applikationer p\u00e5 samme tid.<\/p>\n<p>Takket v\u00e6re den h\u00f8je inputkapacitans er NTAG 21x tag IC&#039;er specielt skr\u00e6ddersyet til applikationer, der kr\u00e6ver sm\u00e5 fodspor, uden at g\u00e5 p\u00e5 kompromis med ydeevnen. Sm\u00e5 NFC-tags kan nemmere indlejres i f.eks. produktetiketter eller elektroniske enheder.<\/p>\n<p>De mekaniske og elektriske specifikationer for NTAG 21x er skr\u00e6ddersyet til at opfylde kravene fra inlay- og tagproducenter.<\/p>\n<h3>Kontaktl\u00f8s energi- og dataoverf\u00f8rsel<\/h3>\n<p>Kommunikation til NTAG 21x kan kun etableres, n\u00e5r IC&#039;en er tilsluttet en antenne.<\/p>\n<p>N\u00e5r NTAG 21x er placeret i RF-feltet, tillader h\u00f8jhastigheds-RF-kommunikationsgr\u00e6nsefladen transmission af data med en baudrate p\u00e5 106 kbit\/s.<\/p>\n<h3>Enkel implementering og brugervenlighed<\/h3>\n<p>NTAG 21x tilbyder specifikke funktioner designet til at forbedre integration og brugervenlighed:<\/p>\n<ul>\n<li>Den hurtige l\u00e6sefunktion g\u00f8r det muligt at scanne hele NDEF-meddelelsen med kun \u00e9n FAST_READ-kommando, hvilket reducerer overhead i produktionsmilj\u00f8er med h\u00f8j genneml\u00f8b<\/li>\n<li>Den forbedrede RF-ydelse giver mulighed for mere fleksibilitet i valget af form, dimension og materialer<\/li>\n<li>Muligheden for 75 \u03bcm IC-tykkelse muligg\u00f8r fremstilling af ultratynde tags, for en mere bekvem integration i f.eks. magasiner eller spillekort<\/li>\n<\/ul>\n<h3>Sikkerhed<\/h3>\n<ul>\n<li>Producenten har programmeret 7-byte UID for hver enhed<\/li>\n<li>Forprogrammeret Capability-beholder med engangsprogrammerbare bits<\/li>\n<li>Feltprogrammerbar skrivebeskyttet l\u00e5sefunktion<\/li>\n<li>ECC-baseret originalitetssignatur<\/li>\n<li>32-bit adgangskodebeskyttelse for at forhindre uautoriserede hukommelsesoperationer<\/li>\n<\/ul>\n<h3>NFC Forum Tag 2 Type overensstemmelse<\/h3>\n<p>NTAG 21x IC leverer fuld overensstemmelse med NFC Forum Tag 2 Type tekniske specifikationer og muligg\u00f8r NDEF-datastrukturkonfigurationer.<\/p>\n<h3>Anti-kollision<\/h3>\n<p>En intelligent anti-kollisionsfunktion g\u00f8r det muligt at betjene mere end \u00e9t tag i marken samtidigt. Antikollisionsalgoritmen udv\u00e6lger hvert tag individuelt og sikrer, at udf\u00f8relsen af en transaktion med et valgt tag udf\u00f8res korrekt uden indblanding fra et andet tag i feltet.<\/p>\n<div class=\"auto-hide-last-sibling-br paragraph_1252f paragraph-element\"><\/div>\n<div class=\"auto-hide-last-sibling-br paragraph_1252f paragraph-element\"><\/div>\n<\/div>\n<\/div>\n<\/div>\n<\/div>\n<\/div>","protected":false},"excerpt":{"rendered":"<p>PPS 13,56MHZ RFID LAUNDRY TAGS er gennemt\u00e6nkt designet til at indlejre eller fastg\u00f8res til senget\u00f8j, h\u00e5ndkl\u00e6der og prim\u00e6re medicinske scrubs eller uniformer, der kr\u00e6ver et robust, men kompakt RFID-tag. PPS + epoxy-designet p\u00e5 dette tag sikrer, at det kan modst\u00e5 h\u00f8je niveauer af stress og h\u00f8je temperaturer, hvilket g\u00f8r det s\u00e6rligt holdbart og velegnet til kr\u00e6vende industrier. Desuden kan vores tags forsynes med b\u00e5de ISO 15693 og 14443 NFC-hukommelseschips for at im\u00f8dekomme forskellige krav.<\/p>","protected":false},"featured_media":114,"template":"","meta":{"_kad_post_transparent":"default","_kad_post_title":"","_kad_post_layout":"default","_kad_post_sidebar_id":"","_kad_post_content_style":"default","_kad_post_vertical_padding":"default","_kad_post_feature":"","_kad_post_feature_position":"","_kad_post_header":false,"_kad_post_footer":false,"_kad_post_classname":""},"product_brand":[],"product_cat":[21,17],"product_tag":[39,57,45],"class_list":{"0":"post-111","1":"product","2":"type-product","3":"status-publish","4":"has-post-thumbnail","6":"product_cat-pps-rfid-laundry-tag","7":"product_cat-nfc-rfid-laundry-tag","8":"product_tag-nfc-laundry-tag","9":"product_tag-pps-rfid-laundry-tags","10":"product_tag-pps-washable-nfc-tags","12":"first","13":"instock","14":"shipping-taxable","15":"product-type-simple","16":"entry","17":"content-bg","18":"loop-entry"},"_links":{"self":[{"href":"https:\/\/rfid-laundry-tag.com\/da\/wp-json\/wp\/v2\/product\/111","targetHints":{"allow":["GET"]}}],"collection":[{"href":"https:\/\/rfid-laundry-tag.com\/da\/wp-json\/wp\/v2\/product"}],"about":[{"href":"https:\/\/rfid-laundry-tag.com\/da\/wp-json\/wp\/v2\/types\/product"}],"version-history":[{"count":0,"href":"https:\/\/rfid-laundry-tag.com\/da\/wp-json\/wp\/v2\/product\/111\/revisions"}],"wp:featuredmedia":[{"embeddable":true,"href":"https:\/\/rfid-laundry-tag.com\/da\/wp-json\/wp\/v2\/media\/114"}],"wp:attachment":[{"href":"https:\/\/rfid-laundry-tag.com\/da\/wp-json\/wp\/v2\/media?parent=111"}],"wp:term":[{"taxonomy":"product_brand","embeddable":true,"href":"https:\/\/rfid-laundry-tag.com\/da\/wp-json\/wp\/v2\/product_brand?post=111"},{"taxonomy":"product_cat","embeddable":true,"href":"https:\/\/rfid-laundry-tag.com\/da\/wp-json\/wp\/v2\/product_cat?post=111"},{"taxonomy":"product_tag","embeddable":true,"href":"https:\/\/rfid-laundry-tag.com\/da\/wp-json\/wp\/v2\/product_tag?post=111"}],"curies":[{"name":"wp","href":"https:\/\/api.w.org\/{rel}","templated":true}]}}