{"id":86,"date":"2024-06-11T17:44:19","date_gmt":"2024-06-11T17:44:19","guid":{"rendered":"https:\/\/rfid-laundry-tag.com\/?post_type=product&#038;p=86"},"modified":"2024-06-11T17:52:29","modified_gmt":"2024-06-11T17:52:29","slug":"125khz-pps-rfid-laundry-tag","status":"publish","type":"product","link":"https:\/\/rfid-laundry-tag.com\/cs\/125khz-pps-rfid-laundry-tag\/","title":{"rendered":"125kHz PPS RFID Laundry Tag"},"content":{"rendered":"<div class=\"J_module\">\n<div class=\"ife-detail-decorate-table\">\n<table style=\"border-collapse: collapse; width: 451.23pt;\" border=\"0\" width=\"752\" cellspacing=\"0\" cellpadding=\"0\">\n<tbody>\n<tr style=\"height: 28.00pt;\">\n<td class=\"et2\" style=\"height: 28.00pt; width: 138.60pt;\" width=\"231\" height=\"46\">N\u00e1zev polo\u017eky<\/td>\n<td class=\"et3\" style=\"width: 312.60pt;\" width=\"521\">125kHz PPS RFID Laundry Tag<\/td>\n<\/tr>\n<tr style=\"height: 14.40pt;\">\n<td class=\"et3\" style=\"height: 14.40pt; width: 138.60pt;\" width=\"231\" height=\"24\">Materi\u00e1l<\/td>\n<td class=\"et3\" style=\"width: 312.60pt;\" width=\"521\">PPS<\/td>\n<\/tr>\n<tr style=\"height: 14.40pt;\">\n<td class=\"et3\" style=\"height: 14.40pt; width: 138.60pt;\" width=\"231\" height=\"24\">Barva<\/td>\n<td class=\"et3\" style=\"width: 312.60pt;\" width=\"521\">\u010cern\u00e1<\/td>\n<\/tr>\n<tr style=\"height: 14.40pt;\">\n<td class=\"et3\" style=\"height: 14.40pt; width: 138.60pt;\" width=\"231\" height=\"24\">MOQ<\/td>\n<td class=\"et3\" style=\"width: 312.60pt;\" width=\"521\">500 ks<\/td>\n<\/tr>\n<tr style=\"height: 42.00pt;\">\n<td class=\"et3\" style=\"height: 42.00pt; width: 138.60pt;\" width=\"231\" height=\"70\">V\u00fdrobce\/\u010dip<\/td>\n<td class=\"et3\" style=\"width: 312.60pt;\" width=\"521\">EM4200, TK4100, EM4305, T5577 atd<\/td>\n<\/tr>\n<tr style=\"height: 14.40pt;\">\n<td class=\"et3\" style=\"height: 14.40pt; width: 138.60pt;\" width=\"231\" height=\"24\">Frekvence<\/td>\n<td class=\"et3\" style=\"width: 312.60pt;\" width=\"521\">125 khz<\/td>\n<\/tr>\n<tr style=\"height: 70.00pt;\">\n<td class=\"et3\" style=\"height: 70.00pt; width: 138.60pt;\" width=\"231\" height=\"116\">Velikost<\/td>\n<td class=\"et3\" style=\"width: 312.60pt;\" width=\"521\">Pr\u016fm\u011br 14 mm, pr\u016fm\u011br 15 mm, pr\u016fm\u011br 18 mm, pr\u016fm\u011br 20 mm, pr\u016fm\u011br 22 mm, pr\u016fm\u011br 24 mm, pr\u016fm\u011br 30 mm atd<\/td>\n<\/tr>\n<tr style=\"height: 14.40pt;\">\n<td class=\"et3\" style=\"height: 14.40pt; width: 138.60pt;\" width=\"231\" height=\"24\">P\u0159e\u010dt\u011bte si Vzd\u00e1lenost<\/td>\n<td class=\"et3\" style=\"width: 312.60pt;\" width=\"521\">1~5 cm<\/td>\n<\/tr>\n<tr style=\"height: 14.40pt;\">\n<td class=\"et3\" style=\"height: 14.40pt; width: 138.60pt;\" width=\"231\" height=\"24\">Pracovn\u00ed re\u017eim<\/td>\n<td class=\"et3\" style=\"width: 312.60pt;\" width=\"521\">pasivn\u00ed<\/td>\n<\/tr>\n<tr style=\"height: 14.40pt;\">\n<td class=\"et3\" style=\"height: 14.40pt; width: 138.60pt;\" width=\"231\" height=\"24\">Pracovn\u00ed teplota<\/td>\n<td class=\"et3\" style=\"width: 312.60pt;\" width=\"521\">-25<span class=\"font0\">\u2103<\/span><span class=\"font2\">~+110<\/span><span class=\"font0\">\u2103<\/span><\/td>\n<\/tr>\n<tr style=\"height: 14.40pt;\">\n<td class=\"et3\" style=\"height: 14.40pt; width: 138.60pt;\" width=\"231\" height=\"24\">Skladovac\u00ed teplota<\/td>\n<td class=\"et3\" style=\"width: 312.60pt;\" width=\"521\">-40<span class=\"font0\">\u2103<\/span><span class=\"font2\">~+85<\/span><span class=\"font0\">\u2103<\/span><\/td>\n<\/tr>\n<tr style=\"height: 73.00pt;\">\n<td class=\"et4\" style=\"height: 73.00pt;\" height=\"121\">Provozn\u00ed specifikace<\/td>\n<td class=\"et3\" style=\"width: 312.60pt;\" width=\"521\">Vod\u011bodoln\u00fd; odoln\u00fd proti pono\u0159en\u00ed do slan\u00e9 vody, alkoholu, oleje, 10%HCL; Amoniak; ot\u0159esy a vibrace<\/td>\n<\/tr>\n<tr style=\"height: 14.40pt;\">\n<td class=\"et3\" style=\"height: 14.40pt; width: 138.60pt;\" width=\"231\" height=\"24\">Funkce<\/td>\n<td class=\"et3\" style=\"width: 312.60pt;\" width=\"521\">vod\u011bodoln\u00fd, omyvateln\u00fd, odoln\u00fd v\u016f\u010di vysok\u00fdm teplot\u00e1m<\/td>\n<\/tr>\n<tr style=\"height: 14.40pt;\">\n<td class=\"et3\" style=\"height: 14.40pt; width: 138.60pt;\" width=\"231\" height=\"24\">Aplikace<\/td>\n<td class=\"et3\" style=\"width: 312.60pt;\" width=\"521\">spr\u00e1va a sledov\u00e1n\u00ed pr\u00e1dla<\/td>\n<\/tr>\n<\/tbody>\n<\/table>\n<\/div>\n<\/div>\n<div class=\"J_module\">\n<div class=\"detail-decorate-json-renderer-container\">\n<div class=\"magic-1\">\n<div>\n<div><\/div>\n<\/div>\n<div class=\"magic-2\">\n<div>\n<div class=\"auto-hide-last-sibling-br paragraph_1252f paragraph-element\">\n<div class=\"auto-hide-last-sibling-br paragraph_1252f paragraph-element\">125kHz PPS RFID \u0161t\u00edtky na pr\u00e1dlo poskytuj\u00ed \u010detn\u00e9 v\u00fdhody, kdy\u017e jsou integrov\u00e1ny do \u0159e\u0161en\u00ed \u0161t\u00edtk\u016f na pr\u00e1dlo RFID.<\/div>\n<div class=\"auto-hide-last-sibling-br paragraph_1252f paragraph-element\">Mezi tyto v\u00fdhody pat\u0159\u00ed:<\/div>\n<p>&nbsp;<\/p>\n<ol class=\"auto-hide-last-sibling-br\">\n<li>P\u0159\u00edm\u00e9 v\u00fdrobn\u00ed ceny zaji\u0161\u0165uj\u00ed n\u00e1kladov\u011b efektivn\u00ed \u0159e\u0161en\u00ed.<\/li>\n<li>Zaru\u010den\u00e1 kvalita s testov\u00e1n\u00edm 100% proveden\u00fdm p\u0159ed odesl\u00e1n\u00edm.<\/li>\n<li>Dlouhotrvaj\u00edc\u00ed spolehlivost, certifikovan\u00e1 pro v\u00edce ne\u017e 200 myc\u00edch cykl\u016f nebo se m\u016f\u017ee pochlubit 2letou z\u00e1rukou \u017eivotnosti po odesl\u00e1n\u00ed.<\/li>\n<li>V\u00fdjime\u010dn\u00e1 \u017eivotnost s odolnost\u00ed v\u016f\u010di vod\u011b, teplu, tlaku a chemick\u00e9mu p\u016fsoben\u00ed.<\/li>\n<li>Poskytujeme tak\u00e9 bezplatn\u00fd vzorek pro zaji\u0161t\u011bn\u00ed kvality a testov\u00e1n\u00ed.<\/li>\n<\/ol>\n<div class=\"auto-hide-last-sibling-br paragraph_1252f paragraph-element\">Aplikace zna\u010dek RFID:<\/div>\n<p>&nbsp;<\/p>\n<ol class=\"auto-hide-last-sibling-br\">\n<li>\n<div class=\"auto-hide-last-sibling-br paragraph_1252f paragraph-element\">Pr\u016fmyslov\u00e9 pr\u00e1delny: V pr\u016fmyslov\u00e9 ar\u00e9n\u011b je d\u00edky pou\u017eit\u00ed tla\u010d\u00edtek RFID Laundry Tag snadn\u00e9 sledov\u00e1n\u00ed velk\u00e9ho mno\u017estv\u00ed pr\u00e1dla.<\/div>\n<\/li>\n<li>\n<div class=\"auto-hide-last-sibling-br paragraph_1252f paragraph-element\">Nemocnice a hotely: Tyto instituce se \u010dasto zab\u00fdvaj\u00ed pran\u00edm velk\u00fdch objem\u016f, kde se tyto \u0161t\u00edtky uk\u00e1zaly jako z\u00e1sadn\u00ed pro zv\u00fd\u0161en\u00ed efektivity a zefektivn\u011bn\u00ed \u0159\u00edzen\u00ed z\u00e1sob.<\/div>\n<\/li>\n<li>\n<div class=\"auto-hide-last-sibling-br paragraph_1252f paragraph-element\">P\u016fj\u010dovny pr\u00e1dla: Firmy, kter\u00e9 nab\u00edzej\u00ed slu\u017eby pron\u00e1jmu pr\u00e1dla, pou\u017e\u00edvaj\u00ed tyto \u0161t\u00edtky, aby pomohly zjednodu\u0161it spr\u00e1vu z\u00e1sob a zajistit kontrolu kvality.<\/div>\n<\/li>\n<\/ol>\n<\/div>\n<\/div>\n<\/div>\n<\/div>\n<\/div>\n<\/div>","protected":false},"excerpt":{"rendered":"<div class=\"auto-hide-last-sibling-br paragraph_1252f paragraph-element\">125kHz PPS Button RFID Tag, \u0161iroce zn\u00e1m\u00fd jako RFID button tag, je hust\u011b postaven\u00e9 za\u0159\u00edzen\u00ed ur\u010den\u00e9 pro aplikace, kter\u00e9 vy\u017eaduj\u00ed \u0161t\u00edtky odoln\u00e9 v\u016f\u010di n\u00e1ro\u010dn\u00fdm podm\u00ednk\u00e1m. Poskytujeme sortiment pr\u00e1deln\u00edch \u0161t\u00edtk\u016f RFID, kter\u00e9 vyu\u017e\u00edvaj\u00ed 125 kHz LF, 13,56 MHz HF, krom\u011b frekvenc\u00ed Gen 2 UHF.<\/div>\n<div class=\"auto-hide-last-sibling-br paragraph_1252f paragraph-element\">Tyto \u0161t\u00edtky RFID na pr\u00e1dlo jsou vyrobeny tak, aby vydr\u017eely n\u00e1ro\u010dn\u00e9 pracovn\u00ed postupy v hotelech a instituc\u00edch a nab\u00edzej\u00ed odolnost a p\u0159izp\u016fsobivost r\u016fzn\u00fdm metod\u00e1m, jako je pran\u00ed, su\u0161en\u00ed, chemick\u00e9 \u010di\u0161t\u011bn\u00ed a \u017eehlen\u00ed.<\/div>","protected":false},"featured_media":87,"template":"","meta":{"_kad_post_transparent":"default","_kad_post_title":"","_kad_post_layout":"default","_kad_post_sidebar_id":"","_kad_post_content_style":"default","_kad_post_vertical_padding":"default","_kad_post_feature":"","_kad_post_feature_position":"","_kad_post_header":false,"_kad_post_footer":false,"_kad_post_classname":""},"product_brand":[],"product_cat":[21,18],"product_tag":[52,51,49],"class_list":{"0":"post-86","1":"product","2":"type-product","3":"status-publish","4":"has-post-thumbnail","6":"product_cat-pps-rfid-laundry-tag","7":"product_cat-125khz-rfid-laundry-tag","8":"product_tag-125khz-pps-rfid-laundry-tag","9":"product_tag-125khz-rfid-laundry-tag","10":"product_tag-button-rfid-tag","12":"first","13":"instock","14":"shipping-taxable","15":"product-type-simple","16":"entry","17":"content-bg","18":"loop-entry"},"_links":{"self":[{"href":"https:\/\/rfid-laundry-tag.com\/cs\/wp-json\/wp\/v2\/product\/86","targetHints":{"allow":["GET"]}}],"collection":[{"href":"https:\/\/rfid-laundry-tag.com\/cs\/wp-json\/wp\/v2\/product"}],"about":[{"href":"https:\/\/rfid-laundry-tag.com\/cs\/wp-json\/wp\/v2\/types\/product"}],"version-history":[{"count":0,"href":"https:\/\/rfid-laundry-tag.com\/cs\/wp-json\/wp\/v2\/product\/86\/revisions"}],"wp:featuredmedia":[{"embeddable":true,"href":"https:\/\/rfid-laundry-tag.com\/cs\/wp-json\/wp\/v2\/media\/87"}],"wp:attachment":[{"href":"https:\/\/rfid-laundry-tag.com\/cs\/wp-json\/wp\/v2\/media?parent=86"}],"wp:term":[{"taxonomy":"product_brand","embeddable":true,"href":"https:\/\/rfid-laundry-tag.com\/cs\/wp-json\/wp\/v2\/product_brand?post=86"},{"taxonomy":"product_cat","embeddable":true,"href":"https:\/\/rfid-laundry-tag.com\/cs\/wp-json\/wp\/v2\/product_cat?post=86"},{"taxonomy":"product_tag","embeddable":true,"href":"https:\/\/rfid-laundry-tag.com\/cs\/wp-json\/wp\/v2\/product_tag?post=86"}],"curies":[{"name":"wp","href":"https:\/\/api.w.org\/{rel}","templated":true}]}}