{"id":83,"date":"2024-06-11T17:35:21","date_gmt":"2024-06-11T17:35:21","guid":{"rendered":"https:\/\/rfid-laundry-tag.com\/?post_type=product&#038;p=83"},"modified":"2024-06-14T16:23:02","modified_gmt":"2024-06-14T16:23:02","slug":"rfid-laundry-button-nfc-tag","status":"publish","type":"product","link":"https:\/\/rfid-laundry-tag.com\/cs\/rfid-laundry-button-nfc-tag\/","title":{"rendered":"Tla\u010d\u00edtko RFID Laundry Button NFC Tag"},"content":{"rendered":"<div class=\"J_module\">\n<div class=\"ife-detail-decorate-table\">\n<table class=\"has-title all magic-6\">\n<tbody>\n<tr>\n<td colspan=\"1\" rowspan=\"1\">\n<div class=\"magic-7\" data-spm-anchor-id=\"a2700.details.0.i45.77607d98vZbcDU\"><span class=\"magic-8\" style=\"color: #363535;\">N\u00e1zev polo\u017eky<\/span><\/div>\n<\/td>\n<td colspan=\"1\" rowspan=\"1\">\n<div class=\"magic-9\"><span class=\"magic-8\">Tla\u010d\u00edtko RFID Laundry Button NFC Tag<\/span><\/div>\n<\/td>\n<\/tr>\n<tr>\n<td colspan=\"1\" rowspan=\"1\">\n<div class=\"magic-7\"><span class=\"magic-10\" data-spm-anchor-id=\"a2700.pc-decorate.0.i10.28d333330XLbTD\"><span class=\"magic-8\">Materi\u00e1l<\/span><\/span><\/div>\n<\/td>\n<td colspan=\"1\" rowspan=\"1\">\n<div class=\"magic-9\"><span class=\"magic-8\">PPS<\/span><\/div>\n<\/td>\n<\/tr>\n<tr>\n<td colspan=\"1\" rowspan=\"1\">\n<div class=\"magic-7\"><span class=\"magic-8\">Barva<\/span><\/div>\n<\/td>\n<td colspan=\"1\" rowspan=\"1\">\n<div class=\"magic-9\"><span class=\"magic-8\">\u010cern\u00e1<\/span><\/div>\n<\/td>\n<\/tr>\n<tr>\n<td colspan=\"1\" rowspan=\"1\">MOQ<\/td>\n<td colspan=\"1\" rowspan=\"1\">500 ks<\/td>\n<\/tr>\n<tr>\n<td colspan=\"1\" rowspan=\"1\">\n<div class=\"magic-7\"><span class=\"magic-8\">V\u00fdrobce\/\u010dip<\/span><\/div>\n<\/td>\n<td colspan=\"1\" rowspan=\"1\">\n<div class=\"magic-9\"><span class=\"magic-8\">NXP Ntag215, Ntag216, NTAG213, Mifare 1k, Mifare Ultralight ev1 atd.<\/span><\/div>\n<\/td>\n<\/tr>\n<tr>\n<td colspan=\"1\" rowspan=\"1\">\n<div class=\"magic-7\"><span class=\"magic-8\">Frekvence<\/span><\/div>\n<\/td>\n<td colspan=\"1\" rowspan=\"1\">\n<div class=\"magic-9\"><span class=\"magic-8\">13,56 MHz<\/span><\/div>\n<\/td>\n<\/tr>\n<tr>\n<td colspan=\"1\" rowspan=\"1\">\n<div class=\"magic-7\"><span class=\"magic-8\">Pam\u011b\u0165<\/span><\/div>\n<\/td>\n<td colspan=\"1\" rowspan=\"1\">\n<div class=\"magic-9\"><span class=\"magic-8\">504 bajt\u016f \/ 888 bajt\u016f \/ 144 bajt\u016f \/ 1 kB \/ 64 bajt\u016f<\/span><\/div>\n<\/td>\n<\/tr>\n<tr>\n<td colspan=\"1\" rowspan=\"1\">\n<div class=\"magic-7\"><span class=\"magic-8\">P\u0159e\u010dt\u011bte si Vzd\u00e1lenost<\/span><\/div>\n<\/td>\n<td colspan=\"1\" rowspan=\"1\">\n<div class=\"magic-9\"><span class=\"magic-8\">1~5 cm<\/span><\/div>\n<\/td>\n<\/tr>\n<tr>\n<td colspan=\"1\" rowspan=\"1\">\n<div class=\"magic-7\"><span class=\"magic-8\">Pracovn\u00ed re\u017eim<\/span><\/div>\n<\/td>\n<td colspan=\"1\" rowspan=\"1\">\n<div class=\"magic-9\"><span class=\"magic-8\">pasivn\u00ed<\/span><\/div>\n<\/td>\n<\/tr>\n<tr>\n<td colspan=\"1\" rowspan=\"1\">\n<div class=\"magic-7\"><span class=\"magic-8\">Pracovn\u00ed teplota<\/span><\/div>\n<\/td>\n<td colspan=\"1\" rowspan=\"1\">\n<div class=\"magic-9\"><span class=\"magic-8\">-25\u2103~+110\u2103<\/span><\/div>\n<\/td>\n<\/tr>\n<tr>\n<td colspan=\"1\" rowspan=\"1\">\n<div class=\"magic-7\"><span class=\"magic-8\">Skladovac\u00ed teplota<\/span><\/div>\n<\/td>\n<td colspan=\"1\" rowspan=\"1\">\n<div class=\"magic-9\"><span class=\"magic-8\">-40 \u2103 ~ + 85 \u2103<\/span><\/div>\n<\/td>\n<\/tr>\n<tr>\n<td colspan=\"1\" rowspan=\"1\">\n<div class=\"magic-7\">\n<div><span class=\"magic-8\">\u00a0<\/span><\/div>\n<p><span class=\"magic-8\">Kr\u00e1tkodob\u00e1 teplotn\u00ed odolnost<\/span><\/p>\n<\/div>\n<\/td>\n<td colspan=\"1\" rowspan=\"1\">\n<div class=\"magic-9\"><span class=\"magic-8\">pran\u00ed: 90\u2103, 15 minut; p\u0159edsu\u0161en\u00ed konvertoru: 180\u2103, 30 minut, 200kr\u00e1t; \u017eehlen\u00ed: 180\u2103, 10 sekund, 200kr\u00e1t; vysok\u00fd<br \/>\nteplotn\u00ed sterilizace: 135\u2103, 20 minut<\/span><\/div>\n<\/td>\n<\/tr>\n<tr>\n<td colspan=\"1\" rowspan=\"1\">\n<div class=\"magic-7\"><span class=\"magic-8\">Funkce<\/span><\/div>\n<\/td>\n<td colspan=\"1\" rowspan=\"1\">\n<div class=\"magic-9\"><span class=\"magic-8\">vod\u011bodoln\u00fd, omyvateln\u00fd, odoln\u00fd v\u016f\u010di vysok\u00fdm teplot\u00e1m<\/span><\/div>\n<\/td>\n<\/tr>\n<tr>\n<td colspan=\"1\" rowspan=\"1\">\n<div class=\"magic-7\"><span class=\"magic-8\">\u017divot<\/span><\/div>\n<\/td>\n<td colspan=\"1\" rowspan=\"1\">\n<div class=\"magic-9\"><span class=\"magic-8\">pran\u00ed 200kr\u00e1t nebo 3 roky<\/span><\/div>\n<\/td>\n<\/tr>\n<tr>\n<td colspan=\"1\" rowspan=\"1\">\n<div class=\"magic-7\"><span class=\"magic-8\">Aplikace<\/span><\/div>\n<\/td>\n<td colspan=\"1\" rowspan=\"1\">\n<div class=\"magic-9\"><span class=\"magic-8\">spr\u00e1va a sledov\u00e1n\u00ed pr\u00e1dla<\/span><\/div>\n<\/td>\n<\/tr>\n<\/tbody>\n<\/table>\n<\/div>\n<\/div>\n<div class=\"J_module\">\n<div class=\"detail-decorate-json-renderer-container\">\n<div class=\"magic-1\">\n<div class=\"magic-2\">\n<div class=\"magic-3\">\n<div><\/div>\n<\/div>\n<\/div>\n<p><strong>Mo\u017enosti \u010dipu:<\/strong><\/p>\n<ul>\n<li><strong>NXP UCODE 8\/9:<\/strong>\u00a0Cenov\u011b v\u00fdhodn\u00e9 \u010dipy ide\u00e1ln\u00ed pro z\u00e1kladn\u00ed sledov\u00e1n\u00ed a identifikaci, nab\u00edzej\u00ed \u010dtec\u00ed dosah a\u017e 10 metr\u016f.<\/li>\n<li><strong>NTAG213:<\/strong>\u00a0\u010cip s podporou NFC, kter\u00fd umo\u017e\u0148uje komunikaci se smartphony a dal\u0161\u00edmi za\u0159\u00edzen\u00edmi NFC, ide\u00e1ln\u00ed pro aplikace, jako jsou bezkontaktn\u00ed platby nebo p\u0159\u00edstup k informac\u00edm o produktech.<\/li>\n<li><strong>Mifare 1k:<\/strong>\u00a0Bezpe\u010dn\u00fd \u010dip se siln\u00fdmi \u0161ifrovac\u00edmi a autentiza\u010dn\u00edmi funkcemi, vhodn\u00fd pro \u0159\u00edzen\u00ed p\u0159\u00edstupu a bezpe\u010dn\u00e9 ukl\u00e1d\u00e1n\u00ed dat.<\/li>\n<li><strong>EM4305:<\/strong>\u00a0N\u00edzkon\u00e1kladov\u00fd \u010dip pro z\u00e1kladn\u00ed aplikace \u0159\u00edzen\u00ed p\u0159\u00edstupu s dosahem \u010dten\u00ed a\u017e 1 metr.<\/li>\n<li><strong>T5577:<\/strong>\u00a0Dal\u0161\u00ed levn\u00fd \u010dip pro syst\u00e9my kontroly p\u0159\u00edstupu a l\u00edstk\u016f, kter\u00fd nab\u00edz\u00ed \u010dtec\u00ed dosah a\u017e 1 metr.<\/li>\n<\/ul>\n<h3>Funkce<\/h3>\n<div id=\"featuresXsp\" class=\"features-list toggle-opacity in\">\n<div class=\"features-xsp\">\n<div class=\"collapse-mobile ste-list-ul\">\n<ul class=\"boxes\">\n<li>Bezkontaktn\u00ed p\u0159enos dat a dod\u00e1vky energie<\/li>\n<li>Pracovn\u00ed frekvence 13,56 MHz<\/li>\n<li>P\u0159enos dat 106 kbit\/s<\/li>\n<li>Integrita dat 16bitov\u00e9ho CRC, parita, k\u00f3dov\u00e1n\u00ed bit\u016f, po\u010d\u00edt\u00e1n\u00ed bit\u016f<\/li>\n<li>Provozn\u00ed vzd\u00e1lenost a\u017e 100 mm (v z\u00e1vislosti na r\u016fzn\u00fdch parametrech, jako je nap\u0159. s\u00edla pole a geometrie ant\u00e9ny)<\/li>\n<li>7bajtov\u00e9 s\u00e9riov\u00e9 \u010d\u00edslo (kask\u00e1dov\u00e1 \u00farove\u0148 2 podle ISO\/IEC 14443-3)<\/li>\n<li>UID ASCII mirror pro automatickou serializaci zpr\u00e1v NDEF<\/li>\n<li>Automatick\u00e9 po\u010d\u00edtadlo NFC spu\u0161t\u011bn\u00e9 p\u0159\u00edkazem \u010dten\u00ed<\/li>\n<li>NFC \u010d\u00edta\u010d ASCII mirror pro automatick\u00e9 p\u0159id\u00e1n\u00ed hodnoty \u010d\u00edta\u010de NFC do zpr\u00e1vy NDEF<\/li>\n<li>Podpis originality zalo\u017een\u00fd na ECC<\/li>\n<li>P\u0159\u00edkaz pro rychl\u00e9 \u010dten\u00ed<\/li>\n<li>Opravdov\u00e1 antisr\u00e1\u017eka<\/li>\n<li>Vstupn\u00ed kapacita 50 pF<\/li>\n<\/ul>\n<\/div>\n<div class=\"collapse-mobile ste-list-ul\">\n<ul class=\"boxes\">\n<li>180, 540 nebo 924 bajt\u016f uspo\u0159\u00e1dan\u00fdch do 45, 135 nebo 231 str\u00e1nek se 4 bajty na str\u00e1nku<\/li>\n<li>144, 504 nebo 888 bajt\u016f voln\u011b dostupn\u00e1 u\u017eivatelsk\u00e1 oblast pro \u010dten\u00ed\/z\u00e1pis (36, 126 nebo 222 str\u00e1nek)<\/li>\n<li>4bajtov\u00fd inicializovan\u00fd kontejner schopnost\u00ed s jednor\u00e1zov\u011b programovateln\u00fdmi p\u0159\u00edstupov\u00fdmi bity<\/li>\n<li>Provozn\u011b programovateln\u00e1 funkce uzam\u010den\u00ed pouze pro \u010dten\u00ed na str\u00e1nku pro prvn\u00edch 16 str\u00e1nek<\/li>\n<li>Provozn\u011b programovateln\u00e1 funkce uzam\u010den\u00ed pouze pro \u010dten\u00ed nad prvn\u00edch 16 str\u00e1nek na dvoustr\u00e1nku pro NTAG 213 nebo po 16 str\u00e1nk\u00e1ch pro NTAG 215 a NTAG 216<\/li>\n<li>Nastaviteln\u00e1 ochrana heslem s voliteln\u00fdm limitem ne\u00fasp\u011b\u0161n\u00fdch pokus\u016f<\/li>\n<li>Podpora proti roztr\u017een\u00ed pro z\u00e1sobn\u00edk schopnost\u00ed (CC) a zaji\u0161\u0165ovac\u00ed bity<\/li>\n<li>Kontrola originality podporovan\u00e1 ECC<\/li>\n<li>Doba uchov\u00e1n\u00ed dat 10 let<\/li>\n<li>Napi\u0161te v\u00fddr\u017e 100 000 cykl\u016f<\/li>\n<\/ul>\n<\/div>\n<\/div>\n<\/div>\n<div class=\"magic-2\">\n<div class=\"auto-hide-last-sibling-br paragraph_1252f paragraph-element\">\n<div class=\"auto-hide-last-sibling-br paragraph_1252f paragraph-element\"><strong>Aplikace RFID Laundry Tag:<\/strong><\/div>\n<p>&nbsp;<\/p>\n<ol class=\"auto-hide-last-sibling-br\">\n<li>\n<div class=\"auto-hide-last-sibling-br paragraph_1252f paragraph-element\">Pr\u016fmyslov\u00e9 pr\u00e1delny: V pr\u016fmyslov\u00e9m prost\u0159ed\u00ed je sledov\u00e1n\u00ed velk\u00e9ho mno\u017estv\u00ed pr\u00e1dla hra\u010dkou s na\u0161imi tla\u010d\u00edtky RFID Laundry Tag Buttons.<\/div>\n<\/li>\n<li>\n<div class=\"auto-hide-last-sibling-br paragraph_1252f paragraph-element\">Zdravotnick\u00e1 za\u0159\u00edzen\u00ed a hotely: Instituce, jako jsou tyto, \u010dasto zaji\u0161\u0165uj\u00ed velkoobjemov\u00e9 pr\u00e1delny, kde na\u0161e \u0161t\u00edtky trvale zvy\u0161uj\u00ed efektivitu a zjednodu\u0161uj\u00ed spr\u00e1vu z\u00e1sob.<\/div>\n<\/li>\n<li>\n<div class=\"auto-hide-last-sibling-br paragraph_1252f paragraph-element\">P\u016fj\u010dovny pr\u00e1dla: Podniky v sektoru slu\u017eeb pron\u00e1jmu pr\u00e1dla vyu\u017e\u00edvaj\u00ed tyto \u0161t\u00edtky ke zjednodu\u0161en\u00ed \u0159\u00edzen\u00ed z\u00e1sob a udr\u017een\u00ed kontroly kvality.<\/div>\n<\/li>\n<\/ol>\n<div class=\"auto-hide-last-sibling-br paragraph_1252f paragraph-element\">Nab\u00edz\u00edme r\u016fzn\u00e9 RFID \u0161t\u00edtky na pr\u00e1dlo na frekvenc\u00edch 125 kHz LF, 13,56 MHz HF a Gen 2 UHF, z nich\u017e ka\u017ed\u00fd je navr\u017een tak, aby vyhovoval r\u016fzn\u00fdm jedine\u010dn\u00fdm pot\u0159eb\u00e1m. Na\u0161e \u0161t\u00edtky, zn\u00e1m\u00e9 svou odolnost\u00ed a rozmanitost\u00ed velikost\u00ed, bez probl\u00e9m\u016f vydr\u017e\u00ed cykly institucion\u00e1ln\u00edho pran\u00ed p\u0159i vysok\u00fdch teplot\u00e1ch. Tyto \u0161t\u00edtky RFID na pr\u00e1dlo jsou vyrobeny tak, aby vydr\u017eely p\u0159\u00edsn\u00e9 procesy pran\u00ed v hotelech a instituc\u00edch a slibovaly odolnost, kter\u00e1 obstoj\u00ed p\u0159i pran\u00ed, su\u0161en\u00ed, chemick\u00e9m \u010di\u0161t\u011bn\u00ed a \u017eehlen\u00ed.<\/div>\n<p>&nbsp;<\/p>\n<div class=\"auto-hide-last-sibling-br paragraph_1252f paragraph-element\">Pou\u017eit\u00ed materi\u00e1lu PPS p\u0159i v\u00fdrob\u011b na\u0161ich \u0161t\u00edtk\u016f zaji\u0161\u0165uje, \u017ee vydr\u017e\u00ed pono\u0159en\u00ed do vody, vystaven\u00ed teplu, fyzick\u00e9mu tlaku a chemik\u00e1li\u00edm. Tyto \u0161t\u00edtky jsou ide\u00e1ln\u00ed pro inventariza\u010dn\u00ed procesy a ov\u011b\u0159ov\u00e1n\u00ed v r\u016fzn\u00fdch odv\u011btv\u00edch, jako je zdravotnictv\u00ed, pohostinstv\u00ed, pracovn\u00ed od\u011bvy, vzd\u011bl\u00e1v\u00e1n\u00ed a dal\u0161\u00ed. Lze je snadno p\u0159i\u0161\u00edt na r\u016fzn\u00e9 textiln\u00ed p\u0159edm\u011bty, jako jsou prost\u011bradla, ubrousky, ru\u010dn\u00edky a \u010detn\u00e9 od\u011bvy, nebo je lze um\u00edstit do ohr\u00e1dek.<\/div>\n<\/div>\n<div class=\"auto-hide-last-sibling-br paragraph_1252f paragraph-element\"><\/div>\n<\/div>\n<\/div>\n<\/div>\n<\/div>","protected":false},"excerpt":{"rendered":"<p>RFID Laundry Button NFC Tag je navr\u017een pro \u00fa\u010dely identifikace a monitorov\u00e1n\u00ed v \u0159\u00edzen\u00ed pr\u00e1delny. Tyto \u0161t\u00edtky lze pohodln\u011b p\u0159ipevnit na ka\u017ed\u00fd kus oble\u010den\u00ed nebo s\u00e1\u010dek na pr\u00e1dlo. Ka\u017ed\u00e9 tla\u010d\u00edtko NFC je vybaveno charakteristickou identifika\u010dn\u00ed zna\u010dkou, kterou lze spojit s konkr\u00e9tn\u00edmi kusy pr\u00e1dla. D\u00edky tomu je proces sledov\u00e1n\u00ed pr\u00e1dla efektivn\u011bj\u0161\u00ed a efektivn\u011bj\u0161\u00ed.<\/p>","protected":false},"featured_media":156,"template":"","meta":{"_kad_post_transparent":"default","_kad_post_title":"","_kad_post_layout":"default","_kad_post_sidebar_id":"","_kad_post_content_style":"default","_kad_post_vertical_padding":"default","_kad_post_feature":"","_kad_post_feature_position":"","_kad_post_header":false,"_kad_post_footer":false,"_kad_post_classname":""},"product_brand":[],"product_cat":[21,17],"product_tag":[43,35,72,44],"class_list":{"0":"post-83","1":"product","2":"type-product","3":"status-publish","4":"has-post-thumbnail","6":"product_cat-pps-rfid-laundry-tag","7":"product_cat-nfc-rfid-laundry-tag","8":"product_tag-pps-rfid-washable-laundry-tags","9":"product_tag-rfid-button","10":"product_tag-rfid-laundry-button-nfc-tag","11":"product_tag-rfid-washable-laundry-tags","13":"first","14":"instock","15":"shipping-taxable","16":"product-type-simple","17":"entry","18":"content-bg","19":"loop-entry"},"_links":{"self":[{"href":"https:\/\/rfid-laundry-tag.com\/cs\/wp-json\/wp\/v2\/product\/83","targetHints":{"allow":["GET"]}}],"collection":[{"href":"https:\/\/rfid-laundry-tag.com\/cs\/wp-json\/wp\/v2\/product"}],"about":[{"href":"https:\/\/rfid-laundry-tag.com\/cs\/wp-json\/wp\/v2\/types\/product"}],"version-history":[{"count":1,"href":"https:\/\/rfid-laundry-tag.com\/cs\/wp-json\/wp\/v2\/product\/83\/revisions"}],"predecessor-version":[{"id":155,"href":"https:\/\/rfid-laundry-tag.com\/cs\/wp-json\/wp\/v2\/product\/83\/revisions\/155"}],"wp:featuredmedia":[{"embeddable":true,"href":"https:\/\/rfid-laundry-tag.com\/cs\/wp-json\/wp\/v2\/media\/156"}],"wp:attachment":[{"href":"https:\/\/rfid-laundry-tag.com\/cs\/wp-json\/wp\/v2\/media?parent=83"}],"wp:term":[{"taxonomy":"product_brand","embeddable":true,"href":"https:\/\/rfid-laundry-tag.com\/cs\/wp-json\/wp\/v2\/product_brand?post=83"},{"taxonomy":"product_cat","embeddable":true,"href":"https:\/\/rfid-laundry-tag.com\/cs\/wp-json\/wp\/v2\/product_cat?post=83"},{"taxonomy":"product_tag","embeddable":true,"href":"https:\/\/rfid-laundry-tag.com\/cs\/wp-json\/wp\/v2\/product_tag?post=83"}],"curies":[{"name":"wp","href":"https:\/\/api.w.org\/{rel}","templated":true}]}}