{"id":80,"date":"2024-06-11T17:06:56","date_gmt":"2024-06-11T17:06:56","guid":{"rendered":"https:\/\/rfid-laundry-tag.com\/?post_type=product&#038;p=80"},"modified":"2024-06-11T17:24:16","modified_gmt":"2024-06-11T17:24:16","slug":"125khz-pps-button-rfid-tag","status":"publish","type":"product","link":"https:\/\/rfid-laundry-tag.com\/cs\/125khz-pps-button-rfid-tag\/","title":{"rendered":"125kHz tla\u010d\u00edtko PPS RFID tag"},"content":{"rendered":"<div class=\"J_module\">\n<div class=\"ife-detail-decorate-table\">\n<table style=\"border-collapse: collapse; width: 451.23pt;\" border=\"0\" width=\"752\" cellspacing=\"0\" cellpadding=\"0\">\n<tbody>\n<tr style=\"height: 28.00pt;\">\n<td class=\"et2\" style=\"height: 28.00pt; width: 138.60pt;\" width=\"231\" height=\"46\">N\u00e1zev polo\u017eky<\/td>\n<td class=\"et3\" style=\"width: 312.60pt;\" width=\"521\">125kHz tla\u010d\u00edtko PPS RFID tag<\/td>\n<\/tr>\n<tr style=\"height: 14.40pt;\">\n<td class=\"et3\" style=\"height: 14.40pt; width: 138.60pt;\" width=\"231\" height=\"24\">Materi\u00e1l<\/td>\n<td class=\"et3\" style=\"width: 312.60pt;\" width=\"521\">PPS<\/td>\n<\/tr>\n<tr style=\"height: 14.40pt;\">\n<td class=\"et3\" style=\"height: 14.40pt; width: 138.60pt;\" width=\"231\" height=\"24\">Barva<\/td>\n<td class=\"et3\" style=\"width: 312.60pt;\" width=\"521\">\u010cern\u00e1<\/td>\n<\/tr>\n<tr style=\"height: 14.40pt;\">\n<td class=\"et3\" style=\"height: 14.40pt; width: 138.60pt;\" width=\"231\" height=\"24\">MOQ<\/td>\n<td class=\"et3\" style=\"width: 312.60pt;\" width=\"521\">500 ks<\/td>\n<\/tr>\n<tr style=\"height: 42.00pt;\">\n<td class=\"et3\" style=\"height: 42.00pt; width: 138.60pt;\" width=\"231\" height=\"70\">V\u00fdrobce\/\u010dip<\/td>\n<td class=\"et3\" style=\"width: 312.60pt;\" width=\"521\">EM4200, TK4100, EM4305, T5577 atd<\/td>\n<\/tr>\n<tr style=\"height: 14.40pt;\">\n<td class=\"et3\" style=\"height: 14.40pt; width: 138.60pt;\" width=\"231\" height=\"24\">Frekvence<\/td>\n<td class=\"et3\" style=\"width: 312.60pt;\" width=\"521\">125 khz<\/td>\n<\/tr>\n<tr style=\"height: 70.00pt;\">\n<td class=\"et3\" style=\"height: 70.00pt; width: 138.60pt;\" width=\"231\" height=\"116\">Velikost<\/td>\n<td class=\"et3\" style=\"width: 312.60pt;\" width=\"521\">Pr\u016fm\u011br 14 mm, pr\u016fm\u011br 15 mm, pr\u016fm\u011br 18 mm, pr\u016fm\u011br 20 mm, pr\u016fm\u011br 22 mm, pr\u016fm\u011br 24 mm, pr\u016fm\u011br 30 mm atd<\/td>\n<\/tr>\n<tr style=\"height: 14.40pt;\">\n<td class=\"et3\" style=\"height: 14.40pt; width: 138.60pt;\" width=\"231\" height=\"24\">P\u0159e\u010dt\u011bte si Vzd\u00e1lenost<\/td>\n<td class=\"et3\" style=\"width: 312.60pt;\" width=\"521\">1~5 cm<\/td>\n<\/tr>\n<tr style=\"height: 14.40pt;\">\n<td class=\"et3\" style=\"height: 14.40pt; width: 138.60pt;\" width=\"231\" height=\"24\">Pracovn\u00ed re\u017eim<\/td>\n<td class=\"et3\" style=\"width: 312.60pt;\" width=\"521\">pasivn\u00ed<\/td>\n<\/tr>\n<tr style=\"height: 14.40pt;\">\n<td class=\"et3\" style=\"height: 14.40pt; width: 138.60pt;\" width=\"231\" height=\"24\">Pracovn\u00ed teplota<\/td>\n<td class=\"et3\" style=\"width: 312.60pt;\" width=\"521\">-25<span class=\"font0\">\u2103<\/span><span class=\"font2\">~+110<\/span><span class=\"font0\">\u2103<\/span><\/td>\n<\/tr>\n<tr style=\"height: 14.40pt;\">\n<td class=\"et3\" style=\"height: 14.40pt; width: 138.60pt;\" width=\"231\" height=\"24\">Skladovac\u00ed teplota<\/td>\n<td class=\"et3\" style=\"width: 312.60pt;\" width=\"521\">-40<span class=\"font0\">\u2103<\/span><span class=\"font2\">~+85<\/span><span class=\"font0\">\u2103<\/span><\/td>\n<\/tr>\n<tr style=\"height: 73.00pt;\">\n<td class=\"et4\" style=\"height: 73.00pt;\" height=\"121\">Provozn\u00ed specifikace<\/td>\n<td class=\"et3\" style=\"width: 312.60pt;\" width=\"521\">Vod\u011bodoln\u00fd; odoln\u00fd proti pono\u0159en\u00ed do slan\u00e9 vody, alkoholu, oleje, 10%HCL; Amoniak; ot\u0159esy a vibrace<\/td>\n<\/tr>\n<tr style=\"height: 14.40pt;\">\n<td class=\"et3\" style=\"height: 14.40pt; width: 138.60pt;\" width=\"231\" height=\"24\">Funkce<\/td>\n<td class=\"et3\" style=\"width: 312.60pt;\" width=\"521\">vod\u011bodoln\u00fd, omyvateln\u00fd, odoln\u00fd v\u016f\u010di vysok\u00fdm teplot\u00e1m<\/td>\n<\/tr>\n<tr style=\"height: 14.40pt;\">\n<td class=\"et3\" style=\"height: 14.40pt; width: 138.60pt;\" width=\"231\" height=\"24\">Aplikace<\/td>\n<td class=\"et3\" style=\"width: 312.60pt;\" width=\"521\">spr\u00e1va a sledov\u00e1n\u00ed pr\u00e1dla<\/td>\n<\/tr>\n<\/tbody>\n<\/table>\n<\/div>\n<\/div>\n<div class=\"J_module\">\n<div class=\"detail-decorate-json-renderer-container\">\n<div class=\"magic-1\">\n<div>\n<div><\/div>\n<div class=\"auto-hide-last-sibling-br paragraph_1252f paragraph-element\">125kHz PPS Button RFID tagy nab\u00edzej\u00ed \u0159adu v\u00fdhod jako sou\u010d\u00e1st \u0159e\u0161en\u00ed RFID pr\u00e1deln\u00edch tag\u016f. Tyto zahrnuj\u00ed:<\/div>\n<p><br class=\"container_e695a wrapper_ad07b undefined\" \/><\/p>\n<ol class=\"auto-hide-last-sibling-br\">\n<li>Ceny, kter\u00e9 p\u0159ich\u00e1zej\u00ed p\u0159\u00edmo z tov\u00e1rny, zaji\u0161\u0165uj\u00edc\u00ed konkurenceschopnou n\u00e1kladovou efektivitu.<\/li>\n<li>Zaru\u010den\u00e1 kvalita d\u00edky testov\u00e1n\u00ed 100% p\u0159ed odesl\u00e1n\u00edm.<\/li>\n<li>Spolehliv\u00e1 \u017eivotnost, kter\u00e1 nab\u00edz\u00ed v\u00edce ne\u017e 200 myc\u00edch cykl\u016f nebo 2letou do\u017eivotn\u00ed z\u00e1ruku po odesl\u00e1n\u00ed.<\/li>\n<li>V\u00fdjime\u010dn\u00e1 odolnost, schopnost vydr\u017eet pono\u0159en\u00ed do vody, vystaven\u00ed teplu, tlaku a chemik\u00e1li\u00edm.<\/li>\n<li>Nab\u00eddka bezplatn\u00e9ho vzorku pro testov\u00e1n\u00ed a uji\u0161t\u011bn\u00ed kvality.<\/li>\n<\/ol>\n<\/div>\n<div class=\"magic-2\">\n<div>\n<div class=\"auto-hide-last-sibling-br paragraph_1252f paragraph-element\"><\/div>\n<div class=\"auto-hide-last-sibling-br paragraph_1252f paragraph-element\"><strong>Aplikace zna\u010dky RFID tla\u010d\u00edtka<\/strong><\/div>\n<ol class=\"auto-hide-last-sibling-br\">\n<li>\n<div class=\"auto-hide-last-sibling-br paragraph_1252f paragraph-element\">Pr\u016fmyslov\u00e9 pr\u00e1delny: V pr\u016fmyslov\u00e9m sektoru se sledov\u00e1n\u00ed obrovsk\u00e9ho mno\u017estv\u00ed pr\u00e1dla st\u00e1v\u00e1 snadn\u00fdm \u00fakolem s pou\u017eit\u00edm tla\u010d\u00edtek RFID Laundry Tag Buttons.<\/div>\n<\/li>\n<li>\n<div class=\"auto-hide-last-sibling-br paragraph_1252f paragraph-element\">Nemocnice a hotely: Tato za\u0159\u00edzen\u00ed se \u010dasto zab\u00fdvaj\u00ed velkoobjemov\u00fdmi pran\u00ed pr\u00e1dla, kde se tyto \u0161t\u00edtky uk\u00e1zaly jako n\u00e1stroje pro zlep\u0161en\u00ed efektivity a \u0159\u00edzen\u00ed z\u00e1sob.<\/div>\n<\/li>\n<li>\n<div class=\"auto-hide-last-sibling-br paragraph_1252f paragraph-element\">P\u016fj\u010dovny pr\u00e1dla: Firmy poskytuj\u00edc\u00ed slu\u017eby pron\u00e1jmu pr\u00e1dla vyu\u017e\u00edvaj\u00ed tyto \u0161t\u00edtky pro zjednodu\u0161en\u00ed \u0159\u00edzen\u00ed z\u00e1sob a udr\u017een\u00ed kontroly kvality.<\/div>\n<\/li>\n<\/ol>\n<div class=\"auto-hide-last-sibling-br paragraph_1252f paragraph-element\"><\/div>\n<\/div>\n<\/div>\n<\/div>\n<\/div>\n<\/div>","protected":false},"excerpt":{"rendered":"<div class=\"auto-hide-last-sibling-br paragraph_1252f paragraph-element\">125kHz PPS Button RFID Tag, \u0161iroce zn\u00e1m\u00fd jako RFID button tag, je hust\u011b postaven\u00e9 za\u0159\u00edzen\u00ed ur\u010den\u00e9 pro aplikace, kter\u00e9 vy\u017eaduj\u00ed \u0161t\u00edtky odoln\u00e9 v\u016f\u010di n\u00e1ro\u010dn\u00fdm podm\u00ednk\u00e1m. Poskytujeme sortiment pr\u00e1deln\u00edch \u0161t\u00edtk\u016f RFID, kter\u00e9 vyu\u017e\u00edvaj\u00ed 125 kHz LF, 13,56 MHz HF, krom\u011b frekvenc\u00ed Gen 2 UHF.<\/div>\n<div class=\"auto-hide-last-sibling-br paragraph_1252f paragraph-element\">Tyto \u0161t\u00edtky RFID na pr\u00e1dlo jsou vyrobeny tak, aby vydr\u017eely n\u00e1ro\u010dn\u00e9 pracovn\u00ed postupy v hotelech a instituc\u00edch a nab\u00edzej\u00ed odolnost a p\u0159izp\u016fsobivost r\u016fzn\u00fdm metod\u00e1m, jako je pran\u00ed, su\u0161en\u00ed, chemick\u00e9 \u010di\u0161t\u011bn\u00ed a \u017eehlen\u00ed.<\/div>","protected":false},"featured_media":81,"template":"","meta":{"_kad_post_transparent":"default","_kad_post_title":"","_kad_post_layout":"default","_kad_post_sidebar_id":"","_kad_post_content_style":"default","_kad_post_vertical_padding":"default","_kad_post_feature":"","_kad_post_feature_position":"","_kad_post_header":false,"_kad_post_footer":false,"_kad_post_classname":""},"product_brand":[],"product_cat":[21,18],"product_tag":[47,49,48],"class_list":{"0":"post-80","1":"product","2":"type-product","3":"status-publish","4":"has-post-thumbnail","6":"product_cat-pps-rfid-laundry-tag","7":"product_cat-125khz-rfid-laundry-tag","8":"product_tag-125khz-pps-button-rfid-tag","9":"product_tag-button-rfid-tag","10":"product_tag-pps-button-rfid-tag","12":"first","13":"instock","14":"shipping-taxable","15":"product-type-simple","16":"entry","17":"content-bg","18":"loop-entry"},"_links":{"self":[{"href":"https:\/\/rfid-laundry-tag.com\/cs\/wp-json\/wp\/v2\/product\/80","targetHints":{"allow":["GET"]}}],"collection":[{"href":"https:\/\/rfid-laundry-tag.com\/cs\/wp-json\/wp\/v2\/product"}],"about":[{"href":"https:\/\/rfid-laundry-tag.com\/cs\/wp-json\/wp\/v2\/types\/product"}],"version-history":[{"count":0,"href":"https:\/\/rfid-laundry-tag.com\/cs\/wp-json\/wp\/v2\/product\/80\/revisions"}],"wp:featuredmedia":[{"embeddable":true,"href":"https:\/\/rfid-laundry-tag.com\/cs\/wp-json\/wp\/v2\/media\/81"}],"wp:attachment":[{"href":"https:\/\/rfid-laundry-tag.com\/cs\/wp-json\/wp\/v2\/media?parent=80"}],"wp:term":[{"taxonomy":"product_brand","embeddable":true,"href":"https:\/\/rfid-laundry-tag.com\/cs\/wp-json\/wp\/v2\/product_brand?post=80"},{"taxonomy":"product_cat","embeddable":true,"href":"https:\/\/rfid-laundry-tag.com\/cs\/wp-json\/wp\/v2\/product_cat?post=80"},{"taxonomy":"product_tag","embeddable":true,"href":"https:\/\/rfid-laundry-tag.com\/cs\/wp-json\/wp\/v2\/product_tag?post=80"}],"curies":[{"name":"wp","href":"https:\/\/api.w.org\/{rel}","templated":true}]}}