{"id":74,"date":"2024-06-11T15:58:40","date_gmt":"2024-06-11T15:58:40","guid":{"rendered":"https:\/\/rfid-laundry-tag.com\/?post_type=product&#038;p=74"},"modified":"2024-06-11T16:34:14","modified_gmt":"2024-06-11T16:34:14","slug":"pps-rfid-washable-laundry-tags","status":"publish","type":"product","link":"https:\/\/rfid-laundry-tag.com\/cs\/pps-rfid-washable-laundry-tags\/","title":{"rendered":"PPS RFID prateln\u00e9 \u0161t\u00edtky na pr\u00e1dlo"},"content":{"rendered":"<div class=\"J_module\">\n<div class=\"ife-detail-decorate-table\">\n<table class=\"has-title all magic-6\">\n<tbody>\n<tr>\n<td colspan=\"1\" rowspan=\"1\">\n<div class=\"magic-7\" data-spm-anchor-id=\"a2700.details.0.i45.77607d98vZbcDU\"><span class=\"magic-8\" style=\"color: #363535;\">N\u00e1zev polo\u017eky<\/span><\/div>\n<\/td>\n<td colspan=\"1\" rowspan=\"1\">\n<div class=\"magic-9\"><span class=\"magic-8\">PPS RFID prateln\u00e9 \u0161t\u00edtky na pr\u00e1dlo<\/span><\/div>\n<\/td>\n<\/tr>\n<tr>\n<td colspan=\"1\" rowspan=\"1\">\n<div class=\"magic-7\"><span class=\"magic-10\" data-spm-anchor-id=\"a2700.pc-decorate.0.i10.28d333330XLbTD\"><span class=\"magic-8\">Materi\u00e1l<\/span><\/span><\/div>\n<\/td>\n<td colspan=\"1\" rowspan=\"1\">\n<div class=\"magic-9\"><span class=\"magic-8\">PPS<\/span><\/div>\n<\/td>\n<\/tr>\n<tr>\n<td colspan=\"1\" rowspan=\"1\">\n<div class=\"magic-7\"><span class=\"magic-8\">Barva<\/span><\/div>\n<\/td>\n<td colspan=\"1\" rowspan=\"1\">\n<div class=\"magic-9\"><span class=\"magic-8\">\u010cern\u00e1<\/span><\/div>\n<\/td>\n<\/tr>\n<tr>\n<td colspan=\"1\" rowspan=\"1\">MOQ<\/td>\n<td colspan=\"1\" rowspan=\"1\">500 ks<\/td>\n<\/tr>\n<tr>\n<td colspan=\"1\" rowspan=\"1\">\n<div class=\"magic-7\"><span class=\"magic-8\">V\u00fdrobce\/\u010dip<\/span><\/div>\n<\/td>\n<td colspan=\"1\" rowspan=\"1\">\n<div class=\"magic-9\"><span class=\"magic-8\">NXP UCODE 8, UCODE 9\/NTAG213, Mifare 1k\/EM4305, T5577 atd.<\/span><\/div>\n<\/td>\n<\/tr>\n<tr>\n<td colspan=\"1\" rowspan=\"1\">\n<div class=\"magic-7\"><span class=\"magic-8\">Frekvence<\/span><\/div>\n<\/td>\n<td colspan=\"1\" rowspan=\"1\">\n<div class=\"magic-9\"><span class=\"magic-8\">860-960MHz\/13,56MHz\/125Khz<\/span><\/div>\n<\/td>\n<\/tr>\n<tr>\n<td colspan=\"1\" rowspan=\"1\">\n<div class=\"magic-7\"><span class=\"magic-8\">Pam\u011b\u0165<\/span><\/div>\n<\/td>\n<td colspan=\"1\" rowspan=\"1\">\n<div class=\"magic-9\"><span class=\"magic-8\">96 bit\u016f\/128 bit\u016f\/144 bajt\u016f<\/span><\/div>\n<\/td>\n<\/tr>\n<tr>\n<td colspan=\"1\" rowspan=\"1\">\n<div class=\"magic-7\"><span class=\"magic-8\">P\u0159e\u010dt\u011bte si Vzd\u00e1lenost<\/span><\/div>\n<\/td>\n<td colspan=\"1\" rowspan=\"1\">\n<div class=\"magic-9\"><span class=\"magic-8\">1-6m\/1~5cm\/1~2cm<\/span><\/div>\n<\/td>\n<\/tr>\n<tr>\n<td colspan=\"1\" rowspan=\"1\">\n<div class=\"magic-7\"><span class=\"magic-8\">Pracovn\u00ed re\u017eim<\/span><\/div>\n<\/td>\n<td colspan=\"1\" rowspan=\"1\">\n<div class=\"magic-9\"><span class=\"magic-8\">pasivn\u00ed<\/span><\/div>\n<\/td>\n<\/tr>\n<tr>\n<td colspan=\"1\" rowspan=\"1\">\n<div class=\"magic-7\"><span class=\"magic-8\">Pracovn\u00ed teplota<\/span><\/div>\n<\/td>\n<td colspan=\"1\" rowspan=\"1\">\n<div class=\"magic-9\"><span class=\"magic-8\">-25\u2103~+110\u2103<\/span><\/div>\n<\/td>\n<\/tr>\n<tr>\n<td colspan=\"1\" rowspan=\"1\">\n<div class=\"magic-7\"><span class=\"magic-8\">Skladovac\u00ed teplota<\/span><\/div>\n<\/td>\n<td colspan=\"1\" rowspan=\"1\">\n<div class=\"magic-9\"><span class=\"magic-8\">-40 \u2103 ~ + 85 \u2103<\/span><\/div>\n<\/td>\n<\/tr>\n<tr>\n<td colspan=\"1\" rowspan=\"1\">\n<div class=\"magic-7\">\n<div><span class=\"magic-8\">\u00a0<\/span><\/div>\n<p><span class=\"magic-8\">Kr\u00e1tkodob\u00e1 teplotn\u00ed odolnost<\/span><\/p>\n<\/div>\n<\/td>\n<td colspan=\"1\" rowspan=\"1\">\n<div class=\"magic-9\"><span class=\"magic-8\">pran\u00ed: 90\u2103, 15 minut; p\u0159edsu\u0161en\u00ed konvertoru: 180\u2103, 30 minut, 200kr\u00e1t; \u017eehlen\u00ed: 180\u2103, 10 sekund, 200kr\u00e1t; vysok\u00fd<br \/>\nteplotn\u00ed sterilizace: 135\u2103, 20 minut<\/span><\/div>\n<\/td>\n<\/tr>\n<tr>\n<td colspan=\"1\" rowspan=\"1\">\n<div class=\"magic-7\"><span class=\"magic-8\">Funkce<\/span><\/div>\n<\/td>\n<td colspan=\"1\" rowspan=\"1\">\n<div class=\"magic-9\"><span class=\"magic-8\">vod\u011bodoln\u00fd, omyvateln\u00fd, odoln\u00fd v\u016f\u010di vysok\u00fdm teplot\u00e1m<\/span><\/div>\n<\/td>\n<\/tr>\n<tr>\n<td colspan=\"1\" rowspan=\"1\">\n<div class=\"magic-7\"><span class=\"magic-8\">\u017divot<\/span><\/div>\n<\/td>\n<td colspan=\"1\" rowspan=\"1\">\n<div class=\"magic-9\"><span class=\"magic-8\">pran\u00ed 200kr\u00e1t nebo 3 roky<\/span><\/div>\n<\/td>\n<\/tr>\n<tr>\n<td colspan=\"1\" rowspan=\"1\">\n<div class=\"magic-7\"><span class=\"magic-8\">Aplikace<\/span><\/div>\n<\/td>\n<td colspan=\"1\" rowspan=\"1\">\n<div class=\"magic-9\"><span class=\"magic-8\">spr\u00e1va a sledov\u00e1n\u00ed pr\u00e1dla<\/span><\/div>\n<\/td>\n<\/tr>\n<\/tbody>\n<\/table>\n<\/div>\n<\/div>\n<div class=\"J_module\">\n<div class=\"detail-decorate-json-renderer-container\">\n<div class=\"magic-1\">\n<div class=\"magic-2\">\n<div class=\"magic-3\">\n<div><\/div>\n<\/div>\n<div>\n<div><\/div>\n<\/div>\n<\/div>\n<p><strong>Mo\u017enosti \u010dipu:<\/strong><\/p>\n<ul>\n<li><strong>NXP UCODE 8\/9:<\/strong>\u00a0Cenov\u011b v\u00fdhodn\u00e9 \u010dipy ide\u00e1ln\u00ed pro z\u00e1kladn\u00ed sledov\u00e1n\u00ed a identifikaci, nab\u00edzej\u00ed \u010dtec\u00ed dosah a\u017e 10 metr\u016f.<\/li>\n<li><strong>NTAG213:<\/strong>\u00a0\u010cip s podporou NFC, kter\u00fd umo\u017e\u0148uje komunikaci se smartphony a dal\u0161\u00edmi za\u0159\u00edzen\u00edmi NFC, ide\u00e1ln\u00ed pro aplikace, jako jsou bezkontaktn\u00ed platby nebo p\u0159\u00edstup k informac\u00edm o produktech.<\/li>\n<li><strong>Mifare 1k:<\/strong>\u00a0Bezpe\u010dn\u00fd \u010dip se siln\u00fdmi \u0161ifrovac\u00edmi a autentiza\u010dn\u00edmi funkcemi, vhodn\u00fd pro \u0159\u00edzen\u00ed p\u0159\u00edstupu a bezpe\u010dn\u00e9 ukl\u00e1d\u00e1n\u00ed dat.<\/li>\n<li><strong>EM4305:<\/strong>\u00a0N\u00edzkon\u00e1kladov\u00fd \u010dip pro z\u00e1kladn\u00ed aplikace \u0159\u00edzen\u00ed p\u0159\u00edstupu s dosahem \u010dten\u00ed a\u017e 1 metr.<\/li>\n<li><strong>T5577:<\/strong>\u00a0Dal\u0161\u00ed levn\u00fd \u010dip pro syst\u00e9my kontroly p\u0159\u00edstupu a l\u00edstk\u016f, kter\u00fd nab\u00edz\u00ed \u010dtec\u00ed dosah a\u017e 1 metr.<\/li>\n<\/ul>\n<div class=\"magic-2\">\n<div>\n<div class=\"auto-hide-last-sibling-br paragraph_1252f paragraph-element\"><strong>Aplikace\u00a0<\/strong><\/div>\n<ol class=\"auto-hide-last-sibling-br\">\n<li>\n<div class=\"auto-hide-last-sibling-br paragraph_1252f paragraph-element\">Pr\u016fmyslov\u00e9 pr\u00e1delny: V pr\u016fmyslov\u00e9m sektoru se sledov\u00e1n\u00ed obrovsk\u00e9ho mno\u017estv\u00ed pr\u00e1dla st\u00e1v\u00e1 snadn\u00fdm \u00fakolem s pou\u017eit\u00edm tla\u010d\u00edtek RFID Laundry Tag Buttons.<\/div>\n<\/li>\n<li>\n<div class=\"auto-hide-last-sibling-br paragraph_1252f paragraph-element\">Nemocnice a hotely: Tato za\u0159\u00edzen\u00ed se \u010dasto zab\u00fdvaj\u00ed velkoobjemov\u00fdmi pran\u00ed pr\u00e1dla, kde se tyto \u0161t\u00edtky uk\u00e1zaly jako n\u00e1stroje pro zlep\u0161en\u00ed efektivity a \u0159\u00edzen\u00ed z\u00e1sob.<\/div>\n<\/li>\n<li>\n<div class=\"auto-hide-last-sibling-br paragraph_1252f paragraph-element\">P\u016fj\u010dovny pr\u00e1dla: Firmy poskytuj\u00edc\u00ed slu\u017eby pron\u00e1jmu pr\u00e1dla vyu\u017e\u00edvaj\u00ed tyto \u0161t\u00edtky pro zjednodu\u0161en\u00ed \u0159\u00edzen\u00ed z\u00e1sob a udr\u017een\u00ed kontroly kvality.<\/div>\n<\/li>\n<\/ol>\n<div class=\"auto-hide-last-sibling-br paragraph_1252f paragraph-element\">Nab\u00edz\u00edme sortiment RFID \u0161t\u00edtk\u016f na pr\u00e1dlo na frekvenc\u00edch 125 kHz LF, 13,56 MHz HF a Gen 2 UHF, kter\u00e9 uspokoj\u00ed v\u0161echny va\u0161e jedine\u010dn\u00e9 pot\u0159eby. Na\u0161e \u0161t\u00edtky, navr\u017een\u00e9 s odolnost\u00ed a variabilitou velikosti, bez n\u00e1mahy vydr\u017e\u00ed hork\u00e9, institucion\u00e1ln\u00ed procesy pran\u00ed. Pr\u00e1deln\u00ed RFID tagy jsou schopn\u00e9 odolat n\u00e1ro\u010dn\u00fdm prac\u00edm procedur\u00e1m v hotelech a instituc\u00edch a nab\u00edzej\u00ed odolnost, kter\u00e1 vydr\u017e\u00ed pran\u00ed, su\u0161en\u00ed, chemick\u00e9 \u010di\u0161t\u011bn\u00ed a \u017eehlen\u00ed.<\/div>\n<p>&nbsp;<\/p>\n<div class=\"auto-hide-last-sibling-br paragraph_1252f paragraph-element\">Pou\u017eit\u00fd PPS materi\u00e1l umo\u017e\u0148uje t\u011bmto \u0161t\u00edtk\u016fm odolat vod\u011b, teplu, tlaku a chemick\u00e9mu vystaven\u00ed. Jsou ide\u00e1ln\u00ed pro ov\u011b\u0159ov\u00e1n\u00ed a prov\u00e1d\u011bn\u00ed inventariza\u010dn\u00edch proces\u016f ve zdravotnick\u00fdch za\u0159\u00edzen\u00edch, segmentech pracovn\u00edch od\u011bv\u016f, nemocnic\u00edch, \u0161kol\u00e1ch a hotelech. Tyto \u0161t\u00edtky lze hladce p\u0159i\u0161\u00edt na r\u016fzn\u00e9 textiln\u00ed p\u0159edm\u011bty, jako jsou prost\u011bradla, ubrousky, ru\u010dn\u00edky a dal\u0161\u00ed od\u011bvy, nebo je lze um\u00edstit do ohr\u00e1dek.<\/div>\n<p>&nbsp;<\/p>\n<div class=\"auto-hide-last-sibling-br paragraph_1252f paragraph-element\">Vyu\u017eijte na\u0161e \u0159e\u0161en\u00ed RFID \u0161t\u00edtk\u016f na pr\u00e1dlo a u\u017eijte si v\u00fdhody, jako jsou ceny p\u0159\u00edmo z v\u00fdroby, d\u016fkladn\u00e9 testov\u00e1n\u00ed p\u0159ed odesl\u00e1n\u00edm, z\u00e1ruka v\u00edce ne\u017e 200 myc\u00edch cykl\u016f nebo 2 roky \u017eivotnosti po odesl\u00e1n\u00ed a odolnost v\u016f\u010di vod\u011b, teplu, tlaku a chemik\u00e1li\u00edm.<\/div>\n<div class=\"auto-hide-last-sibling-br paragraph_1252f paragraph-element\"><\/div>\n<\/div>\n<\/div>\n<\/div>\n<\/div>\n<\/div>","protected":false},"excerpt":{"rendered":"<p>\u0160t\u00edtek na knofl\u00edky RFID, tak\u00e9 zn\u00e1m\u00fd jako PPS RFID prateln\u00e9 \u0161t\u00edtky na pr\u00e1dlo, je robustn\u00ed za\u0159\u00edzen\u00ed vyroben\u00e9 na zak\u00e1zku speci\u00e1ln\u011b navr\u017een\u00e9 pro aplikace, kter\u00e9 vy\u017eaduj\u00ed \u0161t\u00edtky schopn\u00e9 odolat drsn\u00e9mu prost\u0159ed\u00ed. Navzdory popularit\u011b UHF transpond\u00e9r\u016f pr\u00e1dla na trhu existuj\u00ed p\u0159\u00edpady, kdy jsou nutn\u00e9 \u0161t\u00edtky RFID tla\u010d\u00edtek kompatibiln\u00ed s mobiln\u00edmi aplikacemi. Knofl\u00edkov\u00e9 RFID transpond\u00e9ry pr\u00e1dla tyto pot\u0159eby efektivn\u011b spl\u0148uj\u00ed. Jejich v\u0161estrannost a vynikaj\u00edc\u00ed funk\u010dnost poskytuj\u00ed zna\u010dn\u00e9 v\u00fdhody p\u0159i sledov\u00e1n\u00ed a identifikaci textili\u00ed a pr\u016fmyslov\u00e9ho pr\u00e1dla v r\u016fzn\u00fdch odv\u011btv\u00edch.<\/p>","protected":false},"featured_media":75,"template":"","meta":{"_kad_post_transparent":"default","_kad_post_title":"","_kad_post_layout":"default","_kad_post_sidebar_id":"","_kad_post_content_style":"default","_kad_post_vertical_padding":"default","_kad_post_feature":"","_kad_post_feature_position":"","_kad_post_header":false,"_kad_post_footer":false,"_kad_post_classname":""},"product_brand":[],"product_cat":[21],"product_tag":[43,35,44],"class_list":{"0":"post-74","1":"product","2":"type-product","3":"status-publish","4":"has-post-thumbnail","6":"product_cat-pps-rfid-laundry-tag","7":"product_tag-pps-rfid-washable-laundry-tags","8":"product_tag-rfid-button","9":"product_tag-rfid-washable-laundry-tags","11":"first","12":"instock","13":"shipping-taxable","14":"product-type-simple","15":"entry","16":"content-bg","17":"loop-entry"},"_links":{"self":[{"href":"https:\/\/rfid-laundry-tag.com\/cs\/wp-json\/wp\/v2\/product\/74","targetHints":{"allow":["GET"]}}],"collection":[{"href":"https:\/\/rfid-laundry-tag.com\/cs\/wp-json\/wp\/v2\/product"}],"about":[{"href":"https:\/\/rfid-laundry-tag.com\/cs\/wp-json\/wp\/v2\/types\/product"}],"version-history":[{"count":0,"href":"https:\/\/rfid-laundry-tag.com\/cs\/wp-json\/wp\/v2\/product\/74\/revisions"}],"wp:featuredmedia":[{"embeddable":true,"href":"https:\/\/rfid-laundry-tag.com\/cs\/wp-json\/wp\/v2\/media\/75"}],"wp:attachment":[{"href":"https:\/\/rfid-laundry-tag.com\/cs\/wp-json\/wp\/v2\/media?parent=74"}],"wp:term":[{"taxonomy":"product_brand","embeddable":true,"href":"https:\/\/rfid-laundry-tag.com\/cs\/wp-json\/wp\/v2\/product_brand?post=74"},{"taxonomy":"product_cat","embeddable":true,"href":"https:\/\/rfid-laundry-tag.com\/cs\/wp-json\/wp\/v2\/product_cat?post=74"},{"taxonomy":"product_tag","embeddable":true,"href":"https:\/\/rfid-laundry-tag.com\/cs\/wp-json\/wp\/v2\/product_tag?post=74"}],"curies":[{"name":"wp","href":"https:\/\/api.w.org\/{rel}","templated":true}]}}