{"id":734,"date":"2024-07-16T17:22:48","date_gmt":"2024-07-16T17:22:48","guid":{"rendered":"https:\/\/rfid-laundry-tag.com\/?post_type=product&#038;p=734"},"modified":"2024-08-14T16:36:57","modified_gmt":"2024-08-14T16:36:57","slug":"10x20mm-nfc-ntag213-wet-inlay","status":"publish","type":"product","link":"https:\/\/rfid-laundry-tag.com\/cs\/10x20mm-nfc-ntag213-wet-inlay\/","title":{"rendered":"10x20mm NFC NTAG213 Wet Inlay"},"content":{"rendered":"<h2>10x20mm NFC NTAG213 Wet Inlay<\/h2>\n<p><strong>Tato kompaktn\u00ed a v\u0161estrann\u00e1 mokr\u00e1 vlo\u017eka 10 x 20 mm NFC je ide\u00e1ln\u00ed pro \u0161irokou \u0161k\u00e1lu aplikac\u00ed.<\/strong><\/p>\n<p><strong>Vlastnosti:<\/strong><\/p>\n<ul>\n<li><strong>\u010cip:<\/strong>\u00a0NTAG213<\/li>\n<li><strong>Protokol:<\/strong>\u00a0ISO\/IEC 14443A<\/li>\n<li><strong>V\u00fddr\u017e p\u0159i \u010dten\u00ed\/z\u00e1pisu:<\/strong>\u00a0100 000 cykl\u016f<\/li>\n<li><strong>Provozn\u00ed teplota:<\/strong>\u00a0-25 \u00b0C a\u017e +70 \u00b0C<\/li>\n<li><strong>Mo\u017enosti materi\u00e1lu:<\/strong>\u00a0Pap\u00edr, PVC nebo PET<\/li>\n<li><strong>P\u0159izp\u016fsoben\u00ed:<\/strong>\u00a0Zak\u00e1zkov\u00fd tisk loga dostupn\u00fd<\/li>\n<\/ul>\n<p><strong>V\u00fdhody:<\/strong><\/p>\n<ul>\n<li><strong>Snadn\u00e1 aplikace:<\/strong>\u00a0Mokr\u00fd design vlo\u017eky s adhezivn\u00edm podkladem pro pohodln\u00e9 p\u0159ipevn\u011bn\u00ed.<\/li>\n<li><strong>Spolehliv\u00fd v\u00fdkon:<\/strong>\u00a0Vysoce kvalitn\u00ed \u010dip a konstrukce zaji\u0161\u0165uj\u00ed konzistentn\u00ed provoz.<\/li>\n<li><strong>Zabezpe\u010den\u00e9 \u00falo\u017ei\u0161t\u011b dat:<\/strong>\u00a0\u010cip NTAG213 poskytuje bezpe\u010dn\u00e9 \u00falo\u017ei\u0161t\u011b dat pro citliv\u00e9 informace.<\/li>\n<li><strong>V\u0161estrann\u00e9 pou\u017eit\u00ed:<\/strong>\u00a0Ide\u00e1ln\u00ed pro identifikaci produkt\u016f, sledov\u00e1n\u00ed majetku, propaga\u010dn\u00ed kampan\u011b a dal\u0161\u00ed.<\/li>\n<\/ul>","protected":false},"excerpt":{"rendered":"<p>NFC NTAG213 Wet Inlay, 13,5MHz NFC Wet Inlay s \u010dipem NTAG213, s velikost\u00ed 10x20 mm a lepic\u00ed podlo\u017ekou pro snadnou aplikaci<\/p>","protected":false},"featured_media":735,"template":"","meta":{"_kad_post_transparent":"default","_kad_post_title":"","_kad_post_layout":"default","_kad_post_sidebar_id":"","_kad_post_content_style":"default","_kad_post_vertical_padding":"default","_kad_post_feature":"","_kad_post_feature_position":"","_kad_post_header":false,"_kad_post_footer":false,"_kad_post_classname":""},"product_brand":[],"product_cat":[189,54],"product_tag":[193,194],"class_list":{"0":"post-734","1":"product","2":"type-product","3":"status-publish","4":"has-post-thumbnail","6":"product_cat-rfid-inlay","7":"product_cat-hot-selling-rfid-tags","8":"product_tag-nfc-ntag213-wet-inlay","9":"product_tag-nfc-rfid-inlay","11":"first","12":"instock","13":"shipping-taxable","14":"product-type-simple","15":"entry","16":"content-bg","17":"loop-entry"},"_links":{"self":[{"href":"https:\/\/rfid-laundry-tag.com\/cs\/wp-json\/wp\/v2\/product\/734","targetHints":{"allow":["GET"]}}],"collection":[{"href":"https:\/\/rfid-laundry-tag.com\/cs\/wp-json\/wp\/v2\/product"}],"about":[{"href":"https:\/\/rfid-laundry-tag.com\/cs\/wp-json\/wp\/v2\/types\/product"}],"version-history":[{"count":3,"href":"https:\/\/rfid-laundry-tag.com\/cs\/wp-json\/wp\/v2\/product\/734\/revisions"}],"predecessor-version":[{"id":1327,"href":"https:\/\/rfid-laundry-tag.com\/cs\/wp-json\/wp\/v2\/product\/734\/revisions\/1327"}],"wp:featuredmedia":[{"embeddable":true,"href":"https:\/\/rfid-laundry-tag.com\/cs\/wp-json\/wp\/v2\/media\/735"}],"wp:attachment":[{"href":"https:\/\/rfid-laundry-tag.com\/cs\/wp-json\/wp\/v2\/media?parent=734"}],"wp:term":[{"taxonomy":"product_brand","embeddable":true,"href":"https:\/\/rfid-laundry-tag.com\/cs\/wp-json\/wp\/v2\/product_brand?post=734"},{"taxonomy":"product_cat","embeddable":true,"href":"https:\/\/rfid-laundry-tag.com\/cs\/wp-json\/wp\/v2\/product_cat?post=734"},{"taxonomy":"product_tag","embeddable":true,"href":"https:\/\/rfid-laundry-tag.com\/cs\/wp-json\/wp\/v2\/product_tag?post=734"}],"curies":[{"name":"wp","href":"https:\/\/api.w.org\/{rel}","templated":true}]}}