{"id":731,"date":"2024-07-16T17:14:51","date_gmt":"2024-07-16T17:14:51","guid":{"rendered":"https:\/\/rfid-laundry-tag.com\/?post_type=product&#038;p=731"},"modified":"2024-08-14T16:37:34","modified_gmt":"2024-08-14T16:37:34","slug":"uhf-rfid-dry-inlays-with-nxp-ucode-9","status":"publish","type":"product","link":"https:\/\/rfid-laundry-tag.com\/cs\/uhf-rfid-dry-inlays-with-nxp-ucode-9\/","title":{"rendered":"Such\u00e9 vlo\u017eky UHF RFID s NXP Ucode 9"},"content":{"rendered":"<h2>Such\u00e9 vlo\u017eky UHF RFID s NXP-Ucode 9<\/h2>\n<ul>\n<li><strong>Frekvence:<\/strong>\u00a0860-960 MHz<\/li>\n<li><strong>Protokol:<\/strong>\u00a0ISO18000-6C<\/li>\n<li><strong>Rozsah \u010dten\u00ed:<\/strong>\u00a0Velk\u00fd dosah \u010dten\u00ed (a\u017e 10 metr\u016f)<\/li>\n<li><strong>Mo\u017enosti \u010dipu:<\/strong>\n<ul>\n<li><strong>NXP-Ucode9:<\/strong>\u00a0Vysoce v\u00fdkonn\u00fd \u010dip s vylep\u0161en\u00fdmi bezpe\u010dnostn\u00edmi funkcemi.<\/li>\n<li><strong>Dal\u0161\u00ed mo\u017enosti:<\/strong>\u00a0Alien H3, Monza R6, NXP-Ucode8, NXP-Ucode7<\/li>\n<\/ul>\n<\/li>\n<\/ul>\n<p><strong>Mo\u017enosti p\u0159izp\u016fsoben\u00ed:<\/strong><\/p>\n<p>Nab\u00edz\u00edme \u0159adu mo\u017enost\u00ed p\u0159izp\u016fsoben\u00ed pro RFID vlo\u017eky, v\u010detn\u011b:<\/p>\n<ul>\n<li><strong>Materi\u00e1ly:<\/strong>\u00a0Nat\u00edran\u00fd pap\u00edr, PVC, PET, k\u0159ehk\u00fd pap\u00edr atd.<\/li>\n<li><strong>Velikost:<\/strong>\u00a0P\u0159izp\u016fsoben\u00e1 velikost pro konkr\u00e9tn\u00ed rozm\u011bry produktu.<\/li>\n<li><strong>Tisk:<\/strong>\u00a0Tisk loga, tisk \u010d\u00edsel, tisk \u010d\u00e1rov\u00fdch k\u00f3d\u016f.<\/li>\n<li><strong>K\u00f3dov\u00e1n\u00ed a \u0161ifrov\u00e1n\u00ed:<\/strong>\u00a0Bezpe\u010dn\u00e9 ukl\u00e1d\u00e1n\u00ed dat a komunikace.<\/li>\n<\/ul>\n<p><strong>RFID vlo\u017eky<\/strong>\u00a0jsou srdcem syst\u00e9mu RFID, kter\u00fd obsahuje mikro\u010dip (IC) a ant\u00e9nu, kter\u00e9 umo\u017e\u0148uj\u00ed komunikaci se \u010dte\u010dkou. Podle konstrukce jsou rozd\u011bleny do dvou hlavn\u00edch typ\u016f:<\/p>\n<p><strong>1. Such\u00e9 vlo\u017eky RFID:<\/strong><\/p>\n<ul>\n<li><strong>Popis:<\/strong>\u00a0Such\u00e9 vlo\u017eky jsou ur\u010deny pro p\u0159\u00edmou integraci do materi\u00e1l\u016f nebo substr\u00e1t\u016f. Postr\u00e1daj\u00ed adhezivn\u00ed podklad, tak\u017ee jsou ide\u00e1ln\u00ed pro aplikace vy\u017eaduj\u00edc\u00ed trval\u00e9 p\u0159ipevn\u011bn\u00ed. \u010casto se dod\u00e1vaj\u00ed s laminovan\u00fdm povrchem.<\/li>\n<li><strong>Kl\u00ed\u010dov\u00e9 vlastnosti:<\/strong>\n<ul>\n<li><strong>Bez lepidla:<\/strong>\u00a0Eliminuje pot\u0159ebu dal\u0161\u00edch lepic\u00edch krok\u016f.<\/li>\n<li><strong>P\u0159\u00edm\u00e1 integrace:<\/strong>\u00a0Snadno se za\u010dlen\u00ed do produkt\u016f, obal\u016f nebo jin\u00fdch materi\u00e1l\u016f.<\/li>\n<li><strong>Odoln\u00e1 konstrukce:<\/strong>\u00a0Odoln\u00e9 proti opot\u0159eben\u00ed, d\u00edky \u010demu\u017e jsou vhodn\u00e9 do n\u00e1ro\u010dn\u00e9ho prost\u0159ed\u00ed.<\/li>\n<\/ul>\n<\/li>\n<\/ul>\n<p><strong>2. Vlhk\u00e9 vlo\u017eky RFID:<\/strong><\/p>\n<ul>\n<li><strong>Popis:<\/strong>\u00a0Mokr\u00e9 vlo\u017eky se dod\u00e1vaj\u00ed s lepic\u00edm podkladem, co\u017e umo\u017e\u0148uje jejich p\u0159\u00edmou aplikaci na produkt nebo p\u0159em\u011bnu na chytr\u00e9 \u0161t\u00edtky. To z nich d\u011bl\u00e1 n\u00e1kladov\u011b efektivn\u00ed \u0159e\u0161en\u00ed pro zna\u010dkov\u00e1n\u00ed velk\u00fdch objem\u016f.<\/li>\n<li><strong>Kl\u00ed\u010dov\u00e9 vlastnosti:<\/strong>\n<ul>\n<li><strong>Lepic\u00ed podklad:<\/strong>\u00a0Umo\u017e\u0148uje snadnou aplikaci na r\u016fzn\u00e9 povrchy.<\/li>\n<li><strong>N\u00e1kladov\u011b efektivn\u00ed:<\/strong>\u00a0Ide\u00e1ln\u00ed pro velkoobjemov\u00e9 zna\u010dkovac\u00ed projekty.<\/li>\n<li><strong>V\u0161estrann\u00e9 aplikace:<\/strong>\u00a0Vhodn\u00e9 pro produkty vy\u017eaduj\u00edc\u00ed do\u010dasn\u00e9 nebo trval\u00e9 zna\u010den\u00ed.<\/li>\n<\/ul>\n<\/li>\n<\/ul>","protected":false},"excerpt":{"rendered":"<p>Such\u00e9 vlo\u017eky UHF RFID s NXP Ucode 9 pro lep\u0161\u00ed zabezpe\u010den\u00ed a ukl\u00e1d\u00e1n\u00ed dat. P\u0159\u00edmo integrovat do materi\u00e1l\u016f.<\/p>","protected":false},"featured_media":732,"template":"","meta":{"_kad_post_transparent":"default","_kad_post_title":"","_kad_post_layout":"default","_kad_post_sidebar_id":"","_kad_post_content_style":"default","_kad_post_vertical_padding":"default","_kad_post_feature":"","_kad_post_feature_position":"","_kad_post_header":false,"_kad_post_footer":false,"_kad_post_classname":""},"product_brand":[],"product_cat":[189,54],"product_tag":[192,191],"class_list":{"0":"post-731","1":"product","2":"type-product","3":"status-publish","4":"has-post-thumbnail","6":"product_cat-rfid-inlay","7":"product_cat-hot-selling-rfid-tags","8":"product_tag-uhf-rfid-dry-inlays","9":"product_tag-uhf-rfid-dry-inlays-with-nxp-ucode-9","11":"first","12":"instock","13":"shipping-taxable","14":"product-type-simple","15":"entry","16":"content-bg","17":"loop-entry"},"_links":{"self":[{"href":"https:\/\/rfid-laundry-tag.com\/cs\/wp-json\/wp\/v2\/product\/731","targetHints":{"allow":["GET"]}}],"collection":[{"href":"https:\/\/rfid-laundry-tag.com\/cs\/wp-json\/wp\/v2\/product"}],"about":[{"href":"https:\/\/rfid-laundry-tag.com\/cs\/wp-json\/wp\/v2\/types\/product"}],"version-history":[{"count":4,"href":"https:\/\/rfid-laundry-tag.com\/cs\/wp-json\/wp\/v2\/product\/731\/revisions"}],"predecessor-version":[{"id":1329,"href":"https:\/\/rfid-laundry-tag.com\/cs\/wp-json\/wp\/v2\/product\/731\/revisions\/1329"}],"wp:featuredmedia":[{"embeddable":true,"href":"https:\/\/rfid-laundry-tag.com\/cs\/wp-json\/wp\/v2\/media\/732"}],"wp:attachment":[{"href":"https:\/\/rfid-laundry-tag.com\/cs\/wp-json\/wp\/v2\/media?parent=731"}],"wp:term":[{"taxonomy":"product_brand","embeddable":true,"href":"https:\/\/rfid-laundry-tag.com\/cs\/wp-json\/wp\/v2\/product_brand?post=731"},{"taxonomy":"product_cat","embeddable":true,"href":"https:\/\/rfid-laundry-tag.com\/cs\/wp-json\/wp\/v2\/product_cat?post=731"},{"taxonomy":"product_tag","embeddable":true,"href":"https:\/\/rfid-laundry-tag.com\/cs\/wp-json\/wp\/v2\/product_tag?post=731"}],"curies":[{"name":"wp","href":"https:\/\/api.w.org\/{rel}","templated":true}]}}