{"id":727,"date":"2024-07-16T17:02:27","date_gmt":"2024-07-16T17:02:27","guid":{"rendered":"https:\/\/rfid-laundry-tag.com\/?post_type=product&#038;p=727"},"modified":"2024-09-16T05:10:50","modified_gmt":"2024-09-16T05:10:50","slug":"alien-h9-9662-rfid-inlay-sticker","status":"publish","type":"product","link":"https:\/\/rfid-laundry-tag.com\/cs\/alien-h9-9662-rfid-inlay-sticker\/","title":{"rendered":"Inlay Sticker Alien H9 9662 RFID"},"content":{"rendered":"<h2>Inlay Sticker Alien H9 9662 RFID<\/h2>\n<p><strong>Frekvence:<\/strong>\u00a0UHF 860-960 MHz<br \/>\n<strong>\u010cip:<\/strong> MIMOZEM\u0160\u0164AN Higgs-3, Vet\u0159elec H9<br \/>\n<strong>Protokol:<\/strong>\u00a0EPC Class 1 Gen2, ISO18000-6C<br \/>\n<strong>Pam\u011b\u0165:<\/strong><\/p>\n<ul>\n<li>EPC: 96 bit\u016f<\/li>\n<li>TID: 32 bit\u016f<\/li>\n<li>U\u017eivatel: 512 bit\u016f<br \/>\n<strong>\u010ctec\u00ed vzd\u00e1lenost:<\/strong>\u00a01~8 metr\u016f (v z\u00e1vislosti na \u010dte\u010dce)<\/li>\n<\/ul>\n<p><strong>Rozm\u011bry:<\/strong> 82,50 x 25,40 mm<br \/>\n<strong>Form\u00e1ty:<\/strong> Such\u00e1 vlo\u017eka, mokr\u00e1 vlo\u017eka<br \/>\nVysoce kvalitn\u00ed v\u00fdroba pro spolehliv\u00fd v\u00fdkon ve slo\u017eit\u00fdch prost\u0159ed\u00edch.<\/p>\n<h4 class=\"alternative\">Alien H9 Chips Highlights<\/h4>\n<ul>\n<li>Vyhovuje GS1 Class 1 Gen 2 a ISO\/IEC 18000-6C<\/li>\n<li>Celosv\u011btov\u00fd provoz v p\u00e1smech RFID UHF (840-960 MHz)<\/li>\n<li>1024 bit\u016f pam\u011bti NVM\/RAM<\/li>\n<li>A\u017e 496 bit\u016f EPC (nomin\u00e1ln\u011b 96 bit\u016f)<\/li>\n<li>A\u017e 688 u\u017eivatelsk\u00fdch bit\u016f<\/li>\n<li>48bitov\u00fd jedine\u010dn\u00fd TID<\/li>\n<li>32bitov\u00fd p\u0159\u00edstup a 32bitov\u00fd Kill Pass-<br \/>\nslova<\/li>\n<li>P\u0159edprogramov\u00e1no s jedine\u010dn\u00fdm, nezm\u011bn\u011bn\u00fdm<br \/>\nschopn\u00e9 48bitov\u00e9 s\u00e9riov\u00e9 \u010d\u00edslo<\/li>\n<li>U\u017eivatelskou pam\u011b\u0165 lze blokovat trvale<br \/>\nZam\u010deno a tak\u00e9 \u010d\u00edst heslo pro-<br \/>\nchr\u00e1n\u011bno ve 256bitov\u00fdch bloc\u00edch<\/li>\n<li>N\u00edzkoenergetick\u00fd provoz pro \u010dten\u00ed i<br \/>\nnaprogramovat<\/li>\n<li>QuickWrite\u2122 \/ BlastWrite\u2122 \u2013 Vysok\u00e1 rychlost<br \/>\n\u010dipov\u00e9 a hromadn\u00e9 programov\u00e1n\u00ed<\/li>\n<li>Antiklonov\u00e1n\u00ed Dynamic AuthenticationTM \/<br \/>\ntechnologie proti pad\u011blk\u016fm<\/li>\n<li>V\u00fdjime\u010dn\u00fd provozn\u00ed dosah a\u017e 13 m<br \/>\ns vhodnou ant\u00e9nou.<\/li>\n<\/ul>\n<p><strong>Aplikace:<\/strong><\/p>\n<ul>\n<li>\u0158\u00edzen\u00ed dodavatelsk\u00e9ho \u0159et\u011bzce<\/li>\n<li>Distribu\u010dn\u00ed logistika<\/li>\n<li>Ov\u011b\u0159en\u00ed produktu<\/li>\n<li>Invent\u00e1\u0159 a sledov\u00e1n\u00ed majetku<\/li>\n<li>Manipulace se zavazadly a sledov\u00e1n\u00ed<\/li>\n<\/ul>\n<p><strong>Kl\u00ed\u010dov\u00e9 vlastnosti:<\/strong><\/p>\n<ul>\n<li>Vysoce v\u00fdkonn\u00e1 vlo\u017een\u00e1 n\u00e1lepka UHF RFID<\/li>\n<li>Dlouh\u00fd dosah \u010dten\u00ed a spolehliv\u00fd v\u00fdkon<\/li>\n<li>Vhodn\u00e9 pro r\u016fzn\u00e9 aplikace vy\u017eaduj\u00edc\u00ed robustn\u00ed RFID sledov\u00e1n\u00ed<\/li>\n<li>Vyu\u017e\u00edv\u00e1 pr\u016fmyslov\u00fd standard EPC Class 1 Gen2 protokol<\/li>\n<\/ul>\n<p><strong>Pozn\u00e1mka:<\/strong>\u00a0Skute\u010dn\u00e1 \u010dtec\u00ed vzd\u00e1lenost se m\u016f\u017ee li\u0161it v z\u00e1vislosti na faktorech, jako je v\u00fdkon \u010dte\u010dky, konstrukce ant\u00e9ny, podm\u00ednky prost\u0159ed\u00ed a orientace \u0161t\u00edtku.<\/p>\n<h2>\u010casto kladen\u00e9 ot\u00e1zky: Inlay Sticker Alien H9 9662 RFID<\/h2>\n<p><strong>Gener\u00e1l<\/strong><\/p>\n<ol>\n<li><strong>Jak\u00fd je \u010dtec\u00ed rozsah RFID inlay Sticker Alien H9 9662?<\/strong><br \/>\n\u010ctec\u00ed rozsah Alien H9 9662 RFID Inlay Sticker se m\u016f\u017ee li\u0161it v z\u00e1vislosti na faktorech, jako je pou\u017eit\u00e1 \u010dte\u010dka, konfigurace ant\u00e9ny a podm\u00ednky prost\u0159ed\u00ed.<\/li>\n<li><strong>Jak\u00e1 je provozn\u00ed frekvence vkl\u00e1dac\u00ed n\u00e1lepky Alien H9 9662 RFID?<\/strong><br \/>\nInlay Sticker Alien H9 9662 RFID funguje ve frekven\u010dn\u00edm rozsahu UHF 865-868 MHz.<\/li>\n<li><strong>Je vlo\u017eka kompatibiln\u00ed s protokolem EPC Class 1 Gen2?<\/strong><br \/>\nAno, n\u00e1lepka Alien H9 9662 RFID Inlay Sticker je kompatibiln\u00ed s protokolem EPC Class 1 Gen2.<\/li>\n<li><strong>Jak\u00e9 jsou rozm\u011bry inlay Sticker Alien H9 9662 RFID?<\/strong><br \/>\nLibovolnou velikost lze p\u0159izp\u016fsobit.<\/li>\n<li><strong>Dod\u00e1v\u00e1 se vlo\u017eka v r\u016fzn\u00fdch form\u00e1tech, jako je such\u00e1 nebo mokr\u00e1 vlo\u017eka?<\/strong><br \/>\nAno, vlo\u017eka je k dispozici ve form\u00e1tu such\u00e9 nebo mokr\u00e9 vlo\u017eky.<\/li>\n<li><strong>Jak funguje vlo\u017een\u00e1 n\u00e1lepka Alien H9 9662 RFID ve slo\u017eit\u00e9m prost\u0159ed\u00ed?<\/strong><br \/>\nInlay Sticker Alien H9 9662 RFID je navr\u017eena tak, aby dob\u0159e fungovala ve slo\u017eit\u00fdch prost\u0159ed\u00edch. Dosah \u010dten\u00ed v\u0161ak mohou ovlivnit faktory jako interference kov\u016f, vlhkost a teplota.<\/li>\n<\/ol>\n<p><strong>Objedn\u00e1vka a dostupnost<\/strong><\/p>\n<ol>\n<li><strong>Kde si mohu zakoupit vkl\u00e1dac\u00ed n\u00e1lepku Alien H9 9662 RFID?<\/strong><br \/>\nAno, m\u016f\u017eeme prodat vlo\u017eku RFID, m\u00e1me v\u00edce ne\u017e 12 let v\u00fdrobn\u00edch zku\u0161enost\u00ed.<\/li>\n<li><strong>Jak\u00e1 je dodac\u00ed lh\u016fta pro objedn\u00e1vky?<\/strong><br \/>\nUve\u010fte typickou dodac\u00ed lh\u016ftu pro zpracov\u00e1n\u00ed objedn\u00e1vek. Jako obvykle je to asi 10 dn\u00ed<\/li>\n<li><strong>Existuj\u00ed n\u011bjak\u00e1 minim\u00e1ln\u00ed objednac\u00ed mno\u017estv\u00ed?<\/strong><br \/>\n1000 ks<\/li>\n<li><strong>Je mo\u017en\u00e9 z\u00edskat vzorek vkl\u00e1dac\u00ed n\u00e1lepky Alien H9 9662 RFID?<\/strong><br \/>\nAno, vzorky zdarma<\/li>\n<\/ol>\n<p>&nbsp;<\/p>","protected":false},"excerpt":{"rendered":"<p>Alien H9 9662 RFID Inlay Sticker: Vysoce v\u00fdkonn\u00e1 UHF RFID vlo\u017eka pro spr\u00e1vu dodavatelsk\u00e9ho \u0159et\u011bzce, sledov\u00e1n\u00ed majetku a dal\u0161\u00ed.<\/p>","protected":false},"featured_media":728,"template":"","meta":{"_kad_post_transparent":"default","_kad_post_title":"","_kad_post_layout":"default","_kad_post_sidebar_id":"","_kad_post_content_style":"default","_kad_post_vertical_padding":"default","_kad_post_feature":"","_kad_post_feature_position":"","_kad_post_header":false,"_kad_post_footer":false,"_kad_post_classname":""},"product_brand":[],"product_cat":[189,54],"product_tag":[266,267,108],"class_list":{"0":"post-727","1":"product","2":"type-product","3":"status-publish","4":"has-post-thumbnail","6":"product_cat-rfid-inlay","7":"product_cat-hot-selling-rfid-tags","8":"product_tag-9662-rfid-inlay-sticker","9":"product_tag-h9-rfid-inlay","10":"product_tag-rfid-inlay","12":"first","13":"instock","14":"shipping-taxable","15":"product-type-simple","16":"entry","17":"content-bg","18":"loop-entry"},"_links":{"self":[{"href":"https:\/\/rfid-laundry-tag.com\/cs\/wp-json\/wp\/v2\/product\/727","targetHints":{"allow":["GET"]}}],"collection":[{"href":"https:\/\/rfid-laundry-tag.com\/cs\/wp-json\/wp\/v2\/product"}],"about":[{"href":"https:\/\/rfid-laundry-tag.com\/cs\/wp-json\/wp\/v2\/types\/product"}],"version-history":[{"count":2,"href":"https:\/\/rfid-laundry-tag.com\/cs\/wp-json\/wp\/v2\/product\/727\/revisions"}],"predecessor-version":[{"id":730,"href":"https:\/\/rfid-laundry-tag.com\/cs\/wp-json\/wp\/v2\/product\/727\/revisions\/730"}],"wp:featuredmedia":[{"embeddable":true,"href":"https:\/\/rfid-laundry-tag.com\/cs\/wp-json\/wp\/v2\/media\/728"}],"wp:attachment":[{"href":"https:\/\/rfid-laundry-tag.com\/cs\/wp-json\/wp\/v2\/media?parent=727"}],"wp:term":[{"taxonomy":"product_brand","embeddable":true,"href":"https:\/\/rfid-laundry-tag.com\/cs\/wp-json\/wp\/v2\/product_brand?post=727"},{"taxonomy":"product_cat","embeddable":true,"href":"https:\/\/rfid-laundry-tag.com\/cs\/wp-json\/wp\/v2\/product_cat?post=727"},{"taxonomy":"product_tag","embeddable":true,"href":"https:\/\/rfid-laundry-tag.com\/cs\/wp-json\/wp\/v2\/product_tag?post=727"}],"curies":[{"name":"wp","href":"https:\/\/api.w.org\/{rel}","templated":true}]}}