{"id":723,"date":"2024-07-16T16:29:22","date_gmt":"2024-07-16T16:29:22","guid":{"rendered":"https:\/\/rfid-laundry-tag.com\/?post_type=product&#038;p=723"},"modified":"2024-08-14T16:40:29","modified_gmt":"2024-08-14T16:40:29","slug":"uhf-rfid-inlay-monza-m4-chips","status":"publish","type":"product","link":"https:\/\/rfid-laundry-tag.com\/cs\/uhf-rfid-inlay-monza-m4-chips\/","title":{"rendered":"UHF RFID vkl\u00e1dac\u00ed \u010dipy Monza M4"},"content":{"rendered":"<div>\n<ul>\n<li><strong>N\u00e1zev produktu:<\/strong>\u00a0UHF RFID inlay \u010dipy Monza M4\/M5<\/li>\n<li><strong>Materi\u00e1l:<\/strong>\u00a0Nat\u00edran\u00fd pap\u00edr, PET atd<\/li>\n<li><strong>\u010cip:<\/strong>\u00a0Monza M4\/M5<\/li>\n<li><strong>Barva:<\/strong>\u00a0B\u00edl\u00fd<\/li>\n<li><strong>Protokol:<\/strong>\u00a0Glob\u00e1ln\u00ed EPC Class1 Gen2 ISO\/IEC 18000-6C<\/li>\n<li><strong>Frekvence:<\/strong>\u00a0860-960 MHz<\/li>\n<li><strong>Rozsah \u010dte\u010dky:<\/strong>\u00a06M~12M (v z\u00e1vislosti na prost\u0159ed\u00ed a vzd\u00e1lenosti \u010dten\u00ed a z\u00e1pisu)<\/li>\n<li><strong>Pracovn\u00ed metoda:<\/strong>\u00a0Pasivn\u00ed<\/li>\n<li><strong>Pracovn\u00ed recyklace:<\/strong>\u00a0&gt;100 000kr\u00e1t<\/li>\n<li><strong>Aplikace:<\/strong>\u00a0Sledovatelnost proti pad\u011bl\u00e1n\u00ed, p\u0159enos dat.<\/li>\n<\/ul>\n<p><strong>Popis \u010dip\u016f UHF RFID Inlay Monza M4:<\/strong><\/p>\n<p>Tyto UHF RFID vlo\u017eky s \u010dipy Monza M4\/M5 jsou navr\u017eeny pro r\u016fzn\u00e9 aplikace vy\u017eaduj\u00edc\u00ed spolehliv\u00fd p\u0159enos dat a opat\u0159en\u00ed proti pad\u011bl\u00e1n\u00ed.<\/p>\n<p><strong>Kl\u00ed\u010dov\u00e9 vlastnosti:<\/strong><\/p>\n<ul>\n<li><strong>Odoln\u00fd:<\/strong>\u00a0Vyrobeno z vysoce kvalitn\u00edch materi\u00e1l\u016f pro prodlou\u017eenou \u017eivotnost.<\/li>\n<li><strong>Spolehliv\u00fd:<\/strong>\u00a0Nab\u00edz\u00ed robustn\u00ed v\u00fdkon pro p\u0159esn\u00fd sb\u011br dat.<\/li>\n<li><strong>Univerz\u00e1ln\u00ed:<\/strong>\u00a0Vhodn\u00e9 pro r\u016fzn\u00e9 aplikace, v\u010detn\u011b sledov\u00e1n\u00ed z\u00e1sob, spr\u00e1vy aktiv a monitorov\u00e1n\u00ed dodavatelsk\u00e9ho \u0159et\u011bzce.<\/li>\n<li><strong>Zajistit:<\/strong>\u00a0P\u0159isp\u00edv\u00e1 k boji proti pad\u011bl\u00e1n\u00ed a zaji\u0161\u0165uje pravost produkt\u016f.<\/li>\n<\/ul>\n<h2>UHF RFID vkl\u00e1dac\u00ed \u010dipy Monza M4\/M5: \u010casto kladen\u00e9 ot\u00e1zky<\/h2>\n<p><strong>1. Jak\u00fd je rozd\u00edl mezi \u010dipy Monza M4 a Monza M5?<\/strong><\/p>\n<p>\u010cipy Monza M4 a M5 jsou vysoce v\u00fdkonn\u00e9 \u010dipy UHF RFID. Hlavn\u00ed rozd\u00edl spo\u010d\u00edv\u00e1 v kapacit\u011b jejich pam\u011bti:<\/p>\n<ul>\n<li><strong>Monza M4:<\/strong>\u00a0Nab\u00edz\u00ed 128 bit\u016f u\u017eivatelsk\u00e9 pam\u011bti.<\/li>\n<li><strong>Monza M5:<\/strong>\u00a0Nab\u00edz\u00ed 512 bit\u016f u\u017eivatelsk\u00e9 pam\u011bti.<\/li>\n<\/ul>\n<p>To znamen\u00e1, \u017ee Monza M5 dok\u00e1\u017ee ulo\u017eit podstatn\u011b v\u00edce dat, tak\u017ee je ide\u00e1ln\u00ed pro aplikace vy\u017eaduj\u00edc\u00ed rozs\u00e1hl\u00e9 \u00falo\u017ei\u0161t\u011b dat.<\/p>\n<p><strong>2. Jak\u00e9 jsou v\u00fdhody pou\u017eit\u00ed \u010dip\u016f UHF RFID Inlay Monza M4?<\/strong><\/p>\n<p>\u010cipy Monza M4\/M5 poskytuj\u00ed \u0159adu v\u00fdhod:<\/p>\n<ul>\n<li><strong>Vysok\u00fd rozsah \u010dten\u00ed:<\/strong>\u00a0Nab\u00edzej\u00ed vynikaj\u00edc\u00ed \u010dtec\u00ed dosah, dosahuj\u00edc\u00ed a\u017e 12 metr\u016f v optim\u00e1ln\u00edch podm\u00ednk\u00e1ch.<\/li>\n<li><strong>Rychl\u00e9 rychlosti \u010dten\u00ed\/z\u00e1pisu:<\/strong>\u00a0Tyto \u010dipy umo\u017e\u0148uj\u00ed rychl\u00fd p\u0159\u00edstup k dat\u016fm a zefektiv\u0148uj\u00ed operace.<\/li>\n<li><strong>Vylep\u0161en\u00fd v\u00fdkon:<\/strong>\u00a0Poskytuj\u00ed spolehliv\u00fd a konzistentn\u00ed v\u00fdkon v n\u00e1ro\u010dn\u00fdch prost\u0159ed\u00edch.<\/li>\n<li><strong>Zabezpe\u010den\u00ed dat:<\/strong>\u00a0\u010cipy obsahuj\u00ed bezpe\u010dnostn\u00ed funkce pro ochranu citliv\u00fdch dat.<\/li>\n<\/ul>\n<p><strong>3. Jak\u00e9 typy aplikac\u00ed jsou vhodn\u00e9 pro RFID vlo\u017eky Monza M4\/M5?<\/strong><\/p>\n<p>Tyto vlo\u017eky jsou vhodn\u00e9 pro \u0161irokou \u0161k\u00e1lu aplikac\u00ed, v\u010detn\u011b:<\/p>\n<ul>\n<li><strong>Spr\u00e1va z\u00e1sob:<\/strong>\u00a0Sledov\u00e1n\u00ed \u00farovn\u011b z\u00e1sob a pohybu produkt\u016f ve skladech a maloobchodn\u00edch prodejn\u00e1ch.<\/li>\n<li><strong>Sledov\u00e1n\u00ed aktiv:<\/strong>\u00a0Monitorov\u00e1n\u00ed aktiv, vybaven\u00ed a n\u00e1stroj\u016f v r\u016fzn\u00fdch prost\u0159ed\u00edch.<\/li>\n<li><strong>\u0158\u00edzen\u00ed dodavatelsk\u00e9ho \u0159et\u011bzce:<\/strong>\u00a0Zlep\u0161en\u00ed viditelnosti a transparentnosti dodavatelsk\u00e9ho \u0159et\u011bzce.<\/li>\n<li><strong>Boj proti pad\u011bl\u00e1n\u00ed:<\/strong>\u00a0Prevence pad\u011bl\u00e1n\u00ed produkt\u016f a zaji\u0161t\u011bn\u00ed pravosti.<\/li>\n<li><strong>\u0158\u00edzen\u00ed p\u0159\u00edstupu:<\/strong>\u00a0Spr\u00e1va p\u0159\u00edstupu do zabezpe\u010den\u00fdch oblast\u00ed nebo omezen\u00fdch prostor.<\/li>\n<\/ul>\n<p><strong>4. Jak si mohu vybrat spr\u00e1vnou vlo\u017eku RFID pro svou konkr\u00e9tn\u00ed aplikaci?<\/strong><\/p>\n<p>Optim\u00e1ln\u00ed v\u00fdb\u011br vlo\u017eky RFID z\u00e1vis\u00ed na konkr\u00e9tn\u00edch po\u017eadavc\u00edch va\u0161\u00ed aplikace:<\/p>\n<ul>\n<li><strong>Pot\u0159eby \u00falo\u017ei\u0161t\u011b dat:<\/strong>\u00a0Pokud pot\u0159ebujete ukl\u00e1dat rozs\u00e1hl\u00e1 data, zva\u017ete Monza M5 s v\u011bt\u0161\u00ed kapacitou pam\u011bti.<\/li>\n<li><strong>Rozsah \u010dten\u00ed:<\/strong>\u00a0Ur\u010dete po\u017eadovan\u00fd rozsah \u010dten\u00ed, abyste zajistili spr\u00e1vnou identifikaci \u0161t\u00edtku.<\/li>\n<li><strong>Podm\u00ednky prost\u0159ed\u00ed:<\/strong>\u00a0Faktor v provozn\u00edm prost\u0159ed\u00ed (teplota, vlhkost atd.) pro v\u00fdb\u011br robustn\u00ed vlo\u017eky.<\/li>\n<li><strong>Typ aplikace:<\/strong>\u00a0Konkr\u00e9tn\u00ed aplikace (nap\u0159. sledov\u00e1n\u00ed z\u00e1sob, spr\u00e1va aktiv) ovlivn\u00ed v\u00fdb\u011br intarzie.<\/li>\n<\/ul>\n<p><strong>5. Jak\u00e9 jsou typick\u00e9 n\u00e1klady spojen\u00e9 s RFID vlo\u017ekami vyu\u017e\u00edvaj\u00edc\u00edmi \u010dipy Monza M4\/M5?<\/strong><\/p>\n<p>Cena vlo\u017eek RFID se li\u0161\u00ed v z\u00e1vislosti na faktorech, jako je typ \u010dipu, design vlo\u017eky, objednan\u00e9 mno\u017estv\u00ed a dal\u0161\u00ed funkce. Pro p\u0159esn\u00e9 informace o cen\u00e1ch kontaktujte v\u00fdrobce nebo dodavatele RFID.<\/p>\n<p><strong>6. Jsou vlo\u017eky Monza M4\/M5 kompatibiln\u00ed se standardn\u00edmi \u010dte\u010dkami RFID?<\/strong><\/p>\n<p>Ano, tyto vlo\u017eky jsou navr\u017eeny tak, aby fungovaly s pr\u016fmyslov\u00fdmi standardn\u00edmi \u010dte\u010dkami RFID pracuj\u00edc\u00edmi ve frekven\u010dn\u00edm rozsahu UHF.<\/p>\n<p><strong>7. Kde mohu zakoupit vlo\u017eky RFID Monza M4\/M5?<\/strong><\/p>\n<p>RFID vlo\u017eky s \u010dipy Monza M4\/M5 jsou \u0161iroce dostupn\u00e9 od r\u016fzn\u00fdch v\u00fdrobc\u016f a dodavatel\u016f specializuj\u00edc\u00edch se na technologii RFID.<\/p>\n<p><strong>8. Jsou k dispozici n\u011bjak\u00e9 zdroje, kter\u00e9 mi pomohou dozv\u011bd\u011bt se v\u00edce o technologii RFID?<\/strong><\/p>\n<p>Ano, m\u016f\u017eete naj\u00edt mnoho zdroj\u016f online a prost\u0159ednictv\u00edm pr\u016fmyslov\u00fdch sdru\u017een\u00ed RFID:<\/p>\n<ul>\n<li><strong>RFID den\u00edk:<\/strong>\u00a0P\u0159edn\u00ed zdroj zpr\u00e1v a informac\u00ed o RFID.<\/li>\n<li><strong>RFID Industry Association (RFIDIA):<\/strong>\u00a0Glob\u00e1ln\u00ed organizace propaguj\u00edc\u00ed pou\u017e\u00edv\u00e1n\u00ed technologie RFID.<\/li>\n<li><strong>Str\u00e1nky v\u00fdrobce:<\/strong>\u00a0Technickou dokumentaci a podporu naleznete na webov\u00fdch str\u00e1nk\u00e1ch hlavn\u00edch v\u00fdrobc\u016f \u010dip\u016f RFID.<\/li>\n<\/ul>\n<\/div>\n<div class=\"auto-hide-last-sibling-br paragraph_9dc5f paragraph-element\"><\/div>\n<div class=\"auto-hide-last-sibling-br paragraph_9dc5f paragraph-element\"><\/div>","protected":false},"excerpt":{"rendered":"<p>UHF RFID vkl\u00e1dac\u00ed \u010dipy Monza M4 pro inventarizaci, sledov\u00e1n\u00ed majetku a ochranu proti pad\u011bl\u00e1n\u00ed. Vysok\u00e9 \u010dtec\u00ed rozsahy, rychl\u00fd p\u0159\u00edstup k dat\u016fm a robustn\u00ed v\u00fdkon.<\/p>","protected":false},"featured_media":724,"template":"","meta":{"_kad_post_transparent":"default","_kad_post_title":"","_kad_post_layout":"default","_kad_post_sidebar_id":"","_kad_post_content_style":"default","_kad_post_vertical_padding":"default","_kad_post_feature":"","_kad_post_feature_position":"","_kad_post_header":false,"_kad_post_footer":false,"_kad_post_classname":""},"product_brand":[],"product_cat":[54,189],"product_tag":[108,190],"class_list":{"0":"post-723","1":"product","2":"type-product","3":"status-publish","4":"has-post-thumbnail","6":"product_cat-hot-selling-rfid-tags","7":"product_cat-rfid-inlay","8":"product_tag-rfid-inlay","9":"product_tag-uhf-rfid-inlay-monza-m4-m5-chips","11":"first","12":"instock","13":"shipping-taxable","14":"product-type-simple","15":"entry","16":"content-bg","17":"loop-entry"},"_links":{"self":[{"href":"https:\/\/rfid-laundry-tag.com\/cs\/wp-json\/wp\/v2\/product\/723","targetHints":{"allow":["GET"]}}],"collection":[{"href":"https:\/\/rfid-laundry-tag.com\/cs\/wp-json\/wp\/v2\/product"}],"about":[{"href":"https:\/\/rfid-laundry-tag.com\/cs\/wp-json\/wp\/v2\/types\/product"}],"version-history":[{"count":4,"href":"https:\/\/rfid-laundry-tag.com\/cs\/wp-json\/wp\/v2\/product\/723\/revisions"}],"predecessor-version":[{"id":1331,"href":"https:\/\/rfid-laundry-tag.com\/cs\/wp-json\/wp\/v2\/product\/723\/revisions\/1331"}],"wp:featuredmedia":[{"embeddable":true,"href":"https:\/\/rfid-laundry-tag.com\/cs\/wp-json\/wp\/v2\/media\/724"}],"wp:attachment":[{"href":"https:\/\/rfid-laundry-tag.com\/cs\/wp-json\/wp\/v2\/media?parent=723"}],"wp:term":[{"taxonomy":"product_brand","embeddable":true,"href":"https:\/\/rfid-laundry-tag.com\/cs\/wp-json\/wp\/v2\/product_brand?post=723"},{"taxonomy":"product_cat","embeddable":true,"href":"https:\/\/rfid-laundry-tag.com\/cs\/wp-json\/wp\/v2\/product_cat?post=723"},{"taxonomy":"product_tag","embeddable":true,"href":"https:\/\/rfid-laundry-tag.com\/cs\/wp-json\/wp\/v2\/product_tag?post=723"}],"curies":[{"name":"wp","href":"https:\/\/api.w.org\/{rel}","templated":true}]}}