{"id":70,"date":"2024-06-11T14:43:51","date_gmt":"2024-06-11T14:43:51","guid":{"rendered":"https:\/\/rfid-laundry-tag.com\/?post_type=product&#038;p=70"},"modified":"2024-06-14T13:38:47","modified_gmt":"2024-06-14T13:38:47","slug":"uhf-rfid-laundry-tag-pps-material","status":"publish","type":"product","link":"https:\/\/rfid-laundry-tag.com\/cs\/uhf-rfid-laundry-tag-pps-material\/","title":{"rendered":"UHF RFID \u0161t\u00edtek na pr\u00e1dlo | PPS materi\u00e1l"},"content":{"rendered":"<div class=\"J_module\">\n<div class=\"ife-detail-decorate-table\">\n<table class=\"has-title all magic-6\">\n<tbody>\n<tr>\n<td colspan=\"1\" rowspan=\"1\">\n<div class=\"magic-7\" data-spm-anchor-id=\"a2700.details.0.i45.77607d98vZbcDU\"><span class=\"magic-8\" style=\"color: #363535;\">N\u00e1zev polo\u017eky<\/span><\/div>\n<\/td>\n<td colspan=\"1\" rowspan=\"1\">\n<div class=\"magic-9\"><span class=\"magic-8\">UHF RFID \u0161t\u00edtek na pr\u00e1dlo PPS<\/span><\/div>\n<\/td>\n<\/tr>\n<tr>\n<td colspan=\"1\" rowspan=\"1\">\n<div class=\"magic-7\"><span class=\"magic-10\" data-spm-anchor-id=\"a2700.pc-decorate.0.i10.28d333330XLbTD\"><span class=\"magic-8\">Materi\u00e1l<\/span><\/span><\/div>\n<\/td>\n<td colspan=\"1\" rowspan=\"1\">\n<div class=\"magic-9\"><span class=\"magic-8\">PPS<\/span><\/div>\n<\/td>\n<\/tr>\n<tr>\n<td colspan=\"1\" rowspan=\"1\">\n<div class=\"magic-7\"><span class=\"magic-8\">Barva<\/span><\/div>\n<\/td>\n<td colspan=\"1\" rowspan=\"1\">\n<div class=\"magic-9\"><span class=\"magic-8\">\u010cern\u00e1<\/span><\/div>\n<\/td>\n<\/tr>\n<tr>\n<td colspan=\"1\" rowspan=\"1\">MOQ<\/td>\n<td colspan=\"1\" rowspan=\"1\">500 ks<\/td>\n<\/tr>\n<tr>\n<td colspan=\"1\" rowspan=\"1\">\n<div class=\"magic-7\"><span class=\"magic-8\">V\u00fdrobce\/\u010dip<\/span><\/div>\n<\/td>\n<td colspan=\"1\" rowspan=\"1\">\n<div class=\"magic-9\"><span class=\"magic-8\">NXP UCODE 8, UCODE 9<\/span><\/div>\n<\/td>\n<\/tr>\n<tr>\n<td colspan=\"1\" rowspan=\"1\">\n<div class=\"magic-7\"><span class=\"magic-8\">Frekvence<\/span><\/div>\n<\/td>\n<td colspan=\"1\" rowspan=\"1\">\n<div class=\"magic-9\"><span class=\"magic-8\">860\u2013960 MHz\/<\/span><\/div>\n<\/td>\n<\/tr>\n<tr>\n<td colspan=\"1\" rowspan=\"1\">\n<div class=\"magic-7\"><span class=\"magic-8\">Pam\u011b\u0165<\/span><\/div>\n<\/td>\n<td colspan=\"1\" rowspan=\"1\">\n<div class=\"magic-9\"><span class=\"magic-8\">96 bit\u016f\/128 bit\u016f<\/span><\/div>\n<\/td>\n<\/tr>\n<tr>\n<td colspan=\"1\" rowspan=\"1\">\n<div class=\"magic-7\"><span class=\"magic-8\">P\u0159e\u010dt\u011bte si Vzd\u00e1lenost<\/span><\/div>\n<\/td>\n<td colspan=\"1\" rowspan=\"1\">\n<div class=\"magic-9\"><span class=\"magic-8\">1-6m<\/span><\/div>\n<\/td>\n<\/tr>\n<tr>\n<td colspan=\"1\" rowspan=\"1\">\n<div class=\"magic-7\"><span class=\"magic-8\">Pracovn\u00ed re\u017eim<\/span><\/div>\n<\/td>\n<td colspan=\"1\" rowspan=\"1\">\n<div class=\"magic-9\"><span class=\"magic-8\">pasivn\u00ed<\/span><\/div>\n<\/td>\n<\/tr>\n<tr>\n<td colspan=\"1\" rowspan=\"1\">\n<div class=\"magic-7\"><span class=\"magic-8\">Pracovn\u00ed teplota<\/span><\/div>\n<\/td>\n<td colspan=\"1\" rowspan=\"1\">\n<div class=\"magic-9\"><span class=\"magic-8\">-25\u2103~+110\u2103<\/span><\/div>\n<\/td>\n<\/tr>\n<tr>\n<td colspan=\"1\" rowspan=\"1\">\n<div class=\"magic-7\"><span class=\"magic-8\">Skladovac\u00ed teplota<\/span><\/div>\n<\/td>\n<td colspan=\"1\" rowspan=\"1\">\n<div class=\"magic-9\"><span class=\"magic-8\">-40 \u2103 ~ + 85 \u2103<\/span><\/div>\n<\/td>\n<\/tr>\n<tr>\n<td colspan=\"1\" rowspan=\"1\">\n<div class=\"magic-7\">\n<div><span class=\"magic-8\">\u00a0<\/span><\/div>\n<p><span class=\"magic-8\">Kr\u00e1tkodob\u00e1 teplotn\u00ed odolnost<\/span><\/p>\n<\/div>\n<\/td>\n<td colspan=\"1\" rowspan=\"1\">\n<div class=\"magic-9\"><span class=\"magic-8\">pran\u00ed: 90\u2103, 15 minut; p\u0159edsu\u0161en\u00ed konvertoru: 180\u2103, 30 minut, 200kr\u00e1t; \u017eehlen\u00ed: 180\u2103, 10 sekund, 200kr\u00e1t; vysok\u00fd<br \/>\nteplotn\u00ed sterilizace: 135\u2103, 20 minut<\/span><\/div>\n<\/td>\n<\/tr>\n<tr>\n<td colspan=\"1\" rowspan=\"1\">\n<div class=\"magic-7\"><span class=\"magic-8\">Funkce<\/span><\/div>\n<\/td>\n<td colspan=\"1\" rowspan=\"1\">\n<div class=\"magic-9\"><span class=\"magic-8\">vod\u011bodoln\u00fd, omyvateln\u00fd, odoln\u00fd v\u016f\u010di vysok\u00fdm teplot\u00e1m<\/span><\/div>\n<\/td>\n<\/tr>\n<tr>\n<td colspan=\"1\" rowspan=\"1\">\n<div class=\"magic-7\"><span class=\"magic-8\">\u017divot<\/span><\/div>\n<\/td>\n<td colspan=\"1\" rowspan=\"1\">\n<div class=\"magic-9\"><span class=\"magic-8\">pran\u00ed 200kr\u00e1t nebo 3 roky<\/span><\/div>\n<\/td>\n<\/tr>\n<tr>\n<td colspan=\"1\" rowspan=\"1\">\n<div class=\"magic-7\"><span class=\"magic-8\">Aplikace<\/span><\/div>\n<\/td>\n<td colspan=\"1\" rowspan=\"1\">\n<div class=\"magic-9\"><span class=\"magic-8\">spr\u00e1va a sledov\u00e1n\u00ed pr\u00e1dla<\/span><\/div>\n<\/td>\n<\/tr>\n<\/tbody>\n<\/table>\n<\/div>\n<\/div>\n<div class=\"J_module\">\n<div class=\"detail-decorate-json-renderer-container\">\n<div class=\"magic-1\">\n<div class=\"magic-2\">\n<div class=\"magic-3\">\n<div><\/div>\n<div class=\"magic-4\">\n<div><strong>\u0160t\u00edtek tla\u010d\u00edtka RFID<\/strong><\/div>\n<div><\/div>\n<\/div>\n<\/div>\n<div>\n<div class=\"auto-hide-last-sibling-br paragraph_1252f paragraph-element\">PPS High Temperature Resistant Laundry Tags slou\u017e\u00ed jako vynikaj\u00edc\u00ed \u0159e\u0161en\u00ed pro sledov\u00e1n\u00ed pro komer\u010dn\u00ed prost\u0159ed\u00ed, jako jsou j\u00eddelny a restaurace, kde se neust\u00e1le manipuluje s velk\u00fdmi objemy n\u00e1dob\u00ed.<\/div>\n<\/div>\n<div>\n<div><\/div>\n<\/div>\n<\/div>\n<p><strong>Mo\u017enosti \u010dipu:<\/strong><\/p>\n<p><strong>NXP UCODE 8<\/strong> a UCODE 8m IC jsou produkty rodiny UCODE. UCODE 8\/8m nab\u00edz\u00ed vysok\u00fd v\u00fdkon a funkce pro pou\u017eit\u00ed v nejn\u00e1ro\u010dn\u011bj\u0161\u00edch aplikac\u00edch RFID tagov\u00e1n\u00ed.<\/p>\n<p>UCODE 8\/8m, kter\u00fd je zvl\u00e1\u0161t\u011b vhodn\u00fd pro aplikace spr\u00e1vy z\u00e1sob, jako je nap\u0159. maloobchod a m\u00f3da, se sv\u00fdm osv\u011bd\u010den\u00fdm RF v\u00fdkonem pro jak\u00fdkoli dan\u00fd tvarov\u00fd faktor umo\u017e\u0148uje dlouh\u00e9 \u010dtec\u00ed vzd\u00e1lenosti a rychlou inventarizaci hust\u00e9 populace RFID tag\u016f. D\u00edky sv\u00e9mu \u0161irokop\u00e1smov\u00e9mu designu nab\u00edz\u00ed mo\u017enost vyr\u00e1b\u011bt skute\u010dn\u00e9 glob\u00e1ln\u00ed RFID \u0161t\u00edtky s vysok\u00fdm v\u00fdkonem nad celosv\u011btov\u00fdmi p\u0159edpisy.<\/p>\n<p>Za\u0159\u00edzen\u00ed tak\u00e9 poskytuje funkci Self Adjust Feature, p\u0159\u00edznak stavu produktu pro aplikaci Electronic Article Surveillance (EAS), p\u0159edem serializovan\u00e9 96bitov\u00e9 EPC, Brand Identifier a p\u0159\u00edkaz EPC Gen2v2 Claim Untraceable.<\/p>\n<div id=\"featuresXsp\" class=\"features-list toggle-opacity in\">\n<div class=\"features-xsp\">\n<div class=\"collapse-mobile ste-list\">\n<h3>Kl\u00ed\u010dov\u00e9 vlastnosti<\/h3>\n<ul class=\"boxes\">\n<li>Citlivost \u010dten\u00ed -23dBm<\/li>\n<li>Citlivost z\u00e1pisu -18dBm<\/li>\n<li>Inovativn\u00ed funk\u010dnost\n<ul>\n<li>Self-Adjust<\/li>\n<li>Ochrana pam\u011bti<\/li>\n<li>Nevystopovateln\u00e9<\/li>\n<li>P\u0159edb\u011b\u017en\u00e1 serializace pro 96bitov\u00e9 EPC<\/li>\n<li>Integrovan\u00fd p\u0159\u00edznak stavu produktu (PSF)<\/li>\n<\/ul>\n<\/li>\n<li>Kompatibiln\u00ed s jedno\u0161t\u011brbinovou ant\u00e9nou<\/li>\n<li>A\u017e 128bitov\u00e9 EPC<\/li>\n<li>96bitov\u00fd jedine\u010dn\u00fd identifik\u00e1tor zna\u010dky (TID) uzam\u010den z v\u00fdroby, v\u010detn\u011b 48bitov\u00e9ho jedine\u010dn\u00e9ho s\u00e9riov\u00e9ho \u010d\u00edsla<\/li>\n<li>EPC Gen2v2<\/li>\n<\/ul>\n<\/div>\n<div class=\"collapse-mobile ste-list\">\n<h3>Pam\u011b\u0165<\/h3>\n<ul class=\"boxes\">\n<li>128-bit\/96-bit (UCODE 8\/UCODE 8m) pam\u011bti EPC<\/li>\n<li>Podporuje pre-serializaci pro 96bitov\u00e9 EPC<\/li>\n<li>96bitov\u00fd identifik\u00e1tor tagu (TID) uzam\u010den z v\u00fdroby<\/li>\n<li>48bitov\u00e9 jedine\u010dn\u00e9 s\u00e9riov\u00e9 \u010d\u00edslo zak\u00f3dovan\u00e9 z v\u00fdroby do TID<\/li>\n<li>0-bit\/32-bit (UCODE 8\/UCODE 8m) U\u017eivatelsk\u00e1 pam\u011b\u0165<\/li>\n<li>32bitov\u00e9 heslo deaktivace pro trvalou deaktivaci zna\u010dky<\/li>\n<li>32bitov\u00e9 p\u0159\u00edstupov\u00e9 heslo<\/li>\n<li>\u0160irok\u00fd rozsah provozn\u00edch teplot: -40\u00a0<sup>\u00b0<\/sup>C a\u017e +85\u00a0<sup>\u00b0<\/sup>C<\/li>\n<li>EPC Gen2v2<\/li>\n<\/ul>\n<p><strong>NXP UCODE 9<\/strong><\/p>\n<p>S UCODE 9 z\u00edsk\u00e1vaj\u00ed podporu n\u00e1ro\u010dn\u00e9 aplikace RAIN RFID pro ozna\u010dov\u00e1n\u00ed, tak\u017ee maloobchodn\u00edci a chytr\u00e9 logistick\u00e9 spole\u010dnosti mohou urychlit p\u0159ijet\u00ed IoT.<\/p>\n<p>D\u00edky sv\u00e9mu zv\u00fd\u0161en\u00e9mu v\u00fdkonu umo\u017e\u0148uje UCODE 9 efektivn\u011bj\u0161\u00ed po\u010d\u00edt\u00e1n\u00ed z\u00e1sob. UCODE 9 nav\u00edc umo\u017e\u0148uje op\u011btovn\u00e9 pou\u017eit\u00ed st\u00e1vaj\u00edc\u00edch n\u00e1vrh\u016f inlay ant\u00e9ny UCODE 8, kter\u00e9 nab\u00edz\u00ed snadnou migra\u010dn\u00ed cestu z UCODE 8 na UCODE 9.<\/p>\n<p>Jeho vy\u0161\u0161\u00ed v\u00fdkon \u010dipu umo\u017e\u0148uje men\u0161\u00ed design vlo\u017eek, co\u017e pom\u00e1h\u00e1 sni\u017eovat pou\u017eit\u00ed plastu a hlin\u00edku, \u010d\u00edm\u017e podporuje udr\u017eitelnost \u017eivotn\u00edho prost\u0159ed\u00ed.<\/p>\n<div class=\"collapse-mobile ste-list\">\n<h3>Kl\u00ed\u010dov\u00e9 vlastnosti<\/h3>\n<ul class=\"boxes\">\n<li>Citlivost \u010dten\u00ed: -24 dBm<\/li>\n<li>Citlivost z\u00e1pisu: -22 dBm<\/li>\n<li>Rychlost k\u00f3dov\u00e1n\u00ed: 32 bit\u016f za 0,96 ms<\/li>\n<li>V\u00fdm\u011bna z\u00e1suvn\u00e9 ant\u00e9ny pro UCODE 8<\/li>\n<li>Vlastn\u00ed nastaven\u00ed<\/li>\n<li>Zabezpe\u010den\u00ed pam\u011bti<\/li>\n<li>P\u0159edb\u011b\u017en\u00e1 serializace 96bitov\u00e9ho EPC<\/li>\n<\/ul>\n<\/div>\n<div class=\"collapse-mobile ste-list\">\n<h3>Pam\u011b\u0165<\/h3>\n<ul class=\"boxes\">\n<li>96bitov\u00e1 pam\u011b\u0165 EPC<\/li>\n<li>Podporuje pre-serializaci 96bitov\u00e9ho EPC<\/li>\n<li>96bitov\u00fd identifik\u00e1tor tagu (TID) uzam\u010den z v\u00fdroby<\/li>\n<li>48bitov\u00e9 jedine\u010dn\u00e9 s\u00e9riov\u00e9 \u010d\u00edslo zak\u00f3dovan\u00e9 z v\u00fdroby do TID<\/li>\n<li>32bitov\u00e9 heslo deaktivace pro trvalou deaktivaci zna\u010dky<\/li>\n<li>\u0160irok\u00fd rozsah provozn\u00edch teplot: -40 \u00b0C a\u017e +85 \u00b0C<\/li>\n<li>V\u00fddr\u017e cyklu z\u00e1pisu 100k<\/li>\n<li>20 let uchov\u00e1v\u00e1n\u00ed dat<\/li>\n<\/ul>\n<\/div>\n<div class=\"collapse-mobile ste-list\">\n<h3>Podporovan\u00e9 funkce<\/h3>\n<ul class=\"boxes\">\n<li>Jsou implementov\u00e1ny v\u0161echny povinn\u00e9 p\u0159\u00edkazy glob\u00e1ln\u00ed specifikace EPC Gen2 v2.1, v\u010detn\u011b:\n<ul>\n<li>Zab\u00edt p\u0159\u00edkaz<\/li>\n<\/ul>\n<\/li>\n<li>N\u00e1sleduj\u00edc\u00ed voliteln\u00e9 p\u0159\u00edkazy jsou implementov\u00e1ny v souladu se specifikac\u00ed EPC\n<ul>\n<li>Block Write (2 slova, 32-bit)<\/li>\n<\/ul>\n<\/li>\n<li>Vlastn\u00ed nastaven\u00ed pro automatickou optimalizaci v\u00fdkonu zna\u010dek<\/li>\n<li>Permalock<\/li>\n<\/ul>\n<\/div>\n<\/div>\n<div class=\"collapse-mobile ste-list\"><\/div>\n<\/div>\n<\/div>\n<div class=\"magic-2\">\n<div>\n<div class=\"auto-hide-last-sibling-br paragraph_1252f paragraph-element\"><\/div>\n<div class=\"auto-hide-last-sibling-br paragraph_1252f paragraph-element\"><strong>Aplikace zna\u010dky RFID tla\u010d\u00edtka<\/strong><\/div>\n<ol class=\"auto-hide-last-sibling-br\">\n<li>\n<div class=\"auto-hide-last-sibling-br paragraph_1252f paragraph-element\">Pr\u016fmyslov\u00e9 pr\u00e1delny: V pr\u016fmyslov\u00e9m sektoru se sledov\u00e1n\u00ed obrovsk\u00e9ho mno\u017estv\u00ed pr\u00e1dla st\u00e1v\u00e1 snadn\u00fdm \u00fakolem s pou\u017eit\u00edm tla\u010d\u00edtek RFID Laundry Tag Buttons.<\/div>\n<\/li>\n<li>\n<div class=\"auto-hide-last-sibling-br paragraph_1252f paragraph-element\">Nemocnice a hotely: Tato za\u0159\u00edzen\u00ed se \u010dasto zab\u00fdvaj\u00ed velkoobjemov\u00fdmi pran\u00ed pr\u00e1dla, kde se tyto \u0161t\u00edtky uk\u00e1zaly jako n\u00e1stroje pro zlep\u0161en\u00ed efektivity a \u0159\u00edzen\u00ed z\u00e1sob.<\/div>\n<\/li>\n<li>\n<div class=\"auto-hide-last-sibling-br paragraph_1252f paragraph-element\">P\u016fj\u010dovny pr\u00e1dla: Firmy poskytuj\u00edc\u00ed slu\u017eby pron\u00e1jmu pr\u00e1dla vyu\u017e\u00edvaj\u00ed tyto \u0161t\u00edtky pro zjednodu\u0161en\u00ed \u0159\u00edzen\u00ed z\u00e1sob a udr\u017een\u00ed kontroly kvality.<\/div>\n<\/li>\n<\/ol>\n<div class=\"auto-hide-last-sibling-br paragraph_1252f paragraph-element\"><\/div>\n<\/div>\n<\/div>\n<\/div>\n<\/div>\n<\/div>","protected":false},"excerpt":{"rendered":"<div class=\"auto-hide-last-sibling-br paragraph_1252f paragraph-element\">UHF RFID Laundry tag, b\u011b\u017en\u011b zn\u00e1m\u00fd jako \u0161t\u00edtek RFID tla\u010d\u00edtka, je odoln\u00e9 za\u0159\u00edzen\u00ed na m\u00edru ur\u010den\u00e9 pro funkce vy\u017eaduj\u00edc\u00ed odoln\u00e9 \u0161t\u00edtky v n\u00e1ro\u010dn\u00fdch podm\u00ednk\u00e1ch. UHF pr\u00e1deln\u00ed transpond\u00e9ry v sou\u010dasn\u00e9 dob\u011b vedou na trhu, i kdy\u017e existuj\u00ed p\u0159\u00edpady, kdy jsou vy\u017eadov\u00e1ny \u0161t\u00edtky tla\u010d\u00edtek RFID, kter\u00e9 se synchronizuj\u00ed s mobiln\u00edmi aplikacemi. Tyto RFID transpond\u00e9ry pr\u00e1dla ve tvaru knofl\u00edku tomuto \u00fa\u010dtu optim\u00e1ln\u011b vyhovuj\u00ed. D\u00edky sv\u00e9 p\u0159izp\u016fsobivosti a v\u00fdjime\u010dn\u00e9mu v\u00fdkonu nab\u00edzej\u00ed obrovsk\u00e9 v\u00fdhody p\u0159i sledov\u00e1n\u00ed a identifikaci pr\u016fmyslov\u00fdch textili\u00ed a pr\u00e1delen v r\u016fzn\u00fdch odv\u011btv\u00edch.<\/div>","protected":false},"featured_media":71,"template":"","meta":{"_kad_post_transparent":"default","_kad_post_title":"","_kad_post_layout":"default","_kad_post_sidebar_id":"","_kad_post_content_style":"default","_kad_post_vertical_padding":"default","_kad_post_feature":"","_kad_post_feature_position":"","_kad_post_header":false,"_kad_post_footer":false,"_kad_post_classname":""},"product_brand":[],"product_cat":[21,16],"product_tag":[41,35,33,30],"class_list":{"0":"post-70","1":"product","2":"type-product","3":"status-publish","4":"has-post-thumbnail","6":"product_cat-pps-rfid-laundry-tag","7":"product_cat-uhf-rfid-laundry-tags","8":"product_tag-pps-uhf-rfid-laundry-tag","9":"product_tag-rfid-button","10":"product_tag-rfid-laundry-tag-button","11":"product_tag-uhf-rfid-laundry-tag","13":"first","14":"instock","15":"shipping-taxable","16":"product-type-simple","17":"entry","18":"content-bg","19":"loop-entry"},"_links":{"self":[{"href":"https:\/\/rfid-laundry-tag.com\/cs\/wp-json\/wp\/v2\/product\/70","targetHints":{"allow":["GET"]}}],"collection":[{"href":"https:\/\/rfid-laundry-tag.com\/cs\/wp-json\/wp\/v2\/product"}],"about":[{"href":"https:\/\/rfid-laundry-tag.com\/cs\/wp-json\/wp\/v2\/types\/product"}],"version-history":[{"count":1,"href":"https:\/\/rfid-laundry-tag.com\/cs\/wp-json\/wp\/v2\/product\/70\/revisions"}],"predecessor-version":[{"id":150,"href":"https:\/\/rfid-laundry-tag.com\/cs\/wp-json\/wp\/v2\/product\/70\/revisions\/150"}],"wp:featuredmedia":[{"embeddable":true,"href":"https:\/\/rfid-laundry-tag.com\/cs\/wp-json\/wp\/v2\/media\/71"}],"wp:attachment":[{"href":"https:\/\/rfid-laundry-tag.com\/cs\/wp-json\/wp\/v2\/media?parent=70"}],"wp:term":[{"taxonomy":"product_brand","embeddable":true,"href":"https:\/\/rfid-laundry-tag.com\/cs\/wp-json\/wp\/v2\/product_brand?post=70"},{"taxonomy":"product_cat","embeddable":true,"href":"https:\/\/rfid-laundry-tag.com\/cs\/wp-json\/wp\/v2\/product_cat?post=70"},{"taxonomy":"product_tag","embeddable":true,"href":"https:\/\/rfid-laundry-tag.com\/cs\/wp-json\/wp\/v2\/product_tag?post=70"}],"curies":[{"name":"wp","href":"https:\/\/api.w.org\/{rel}","templated":true}]}}