{"id":68,"date":"2024-06-11T14:07:03","date_gmt":"2024-06-11T14:07:03","guid":{"rendered":"https:\/\/rfid-laundry-tag.com\/?post_type=product&#038;p=68"},"modified":"2024-06-11T14:39:41","modified_gmt":"2024-06-11T14:39:41","slug":"rfid-button-tag","status":"publish","type":"product","link":"https:\/\/rfid-laundry-tag.com\/cs\/rfid-button-tag\/","title":{"rendered":"\u0160t\u00edtek tla\u010d\u00edtka RFID"},"content":{"rendered":"<div class=\"J_module\">\n<div class=\"ife-detail-decorate-table\">\n<table class=\"has-title all magic-6\">\n<tbody>\n<tr>\n<td colspan=\"1\" rowspan=\"1\">\n<div class=\"magic-7\" data-spm-anchor-id=\"a2700.details.0.i45.77607d98vZbcDU\"><span class=\"magic-8\" style=\"color: #363535;\">N\u00e1zev polo\u017eky<\/span><\/div>\n<\/td>\n<td colspan=\"1\" rowspan=\"1\">\n<div class=\"magic-9\"><span class=\"magic-8\">\u0160t\u00edtek tla\u010d\u00edtka RFID<\/span><\/div>\n<\/td>\n<\/tr>\n<tr>\n<td colspan=\"1\" rowspan=\"1\">\n<div class=\"magic-7\"><span class=\"magic-10\" data-spm-anchor-id=\"a2700.pc-decorate.0.i10.28d333330XLbTD\"><span class=\"magic-8\">Materi\u00e1l<\/span><\/span><\/div>\n<\/td>\n<td colspan=\"1\" rowspan=\"1\">\n<div class=\"magic-9\"><span class=\"magic-8\">PPS<\/span><\/div>\n<\/td>\n<\/tr>\n<tr>\n<td colspan=\"1\" rowspan=\"1\">\n<div class=\"magic-7\"><span class=\"magic-8\">Barva<\/span><\/div>\n<\/td>\n<td colspan=\"1\" rowspan=\"1\">\n<div class=\"magic-9\"><span class=\"magic-8\">\u010cern\u00e1<\/span><\/div>\n<\/td>\n<\/tr>\n<tr>\n<td colspan=\"1\" rowspan=\"1\">MOQ<\/td>\n<td colspan=\"1\" rowspan=\"1\">500 ks<\/td>\n<\/tr>\n<tr>\n<td colspan=\"1\" rowspan=\"1\">\n<div class=\"magic-7\"><span class=\"magic-8\">V\u00fdrobce\/\u010dip<\/span><\/div>\n<\/td>\n<td colspan=\"1\" rowspan=\"1\">\n<div class=\"magic-9\"><span class=\"magic-8\">NXP UCODE 8, UCODE 9\/NTAG213, Mifare 1k\/EM4305, T5577 atd.<\/span><\/div>\n<\/td>\n<\/tr>\n<tr>\n<td colspan=\"1\" rowspan=\"1\">\n<div class=\"magic-7\"><span class=\"magic-8\">Frekvence<\/span><\/div>\n<\/td>\n<td colspan=\"1\" rowspan=\"1\">\n<div class=\"magic-9\"><span class=\"magic-8\">860-960MHz\/13,56MHz\/125Khz<\/span><\/div>\n<\/td>\n<\/tr>\n<tr>\n<td colspan=\"1\" rowspan=\"1\">\n<div class=\"magic-7\"><span class=\"magic-8\">Pam\u011b\u0165<\/span><\/div>\n<\/td>\n<td colspan=\"1\" rowspan=\"1\">\n<div class=\"magic-9\"><span class=\"magic-8\">96 bit\u016f\/128 bit\u016f\/144 bajt\u016f<\/span><\/div>\n<\/td>\n<\/tr>\n<tr>\n<td colspan=\"1\" rowspan=\"1\">\n<div class=\"magic-7\"><span class=\"magic-8\">P\u0159e\u010dt\u011bte si Vzd\u00e1lenost<\/span><\/div>\n<\/td>\n<td colspan=\"1\" rowspan=\"1\">\n<div class=\"magic-9\"><span class=\"magic-8\">1-6m\/1~5cm\/1~2cm<\/span><\/div>\n<\/td>\n<\/tr>\n<tr>\n<td colspan=\"1\" rowspan=\"1\">\n<div class=\"magic-7\"><span class=\"magic-8\">Pracovn\u00ed re\u017eim<\/span><\/div>\n<\/td>\n<td colspan=\"1\" rowspan=\"1\">\n<div class=\"magic-9\"><span class=\"magic-8\">pasivn\u00ed<\/span><\/div>\n<\/td>\n<\/tr>\n<tr>\n<td colspan=\"1\" rowspan=\"1\">\n<div class=\"magic-7\"><span class=\"magic-8\">Pracovn\u00ed teplota<\/span><\/div>\n<\/td>\n<td colspan=\"1\" rowspan=\"1\">\n<div class=\"magic-9\"><span class=\"magic-8\">-25\u2103~+110\u2103<\/span><\/div>\n<\/td>\n<\/tr>\n<tr>\n<td colspan=\"1\" rowspan=\"1\">\n<div class=\"magic-7\"><span class=\"magic-8\">Skladovac\u00ed teplota<\/span><\/div>\n<\/td>\n<td colspan=\"1\" rowspan=\"1\">\n<div class=\"magic-9\"><span class=\"magic-8\">-40 \u2103 ~ + 85 \u2103<\/span><\/div>\n<\/td>\n<\/tr>\n<tr>\n<td colspan=\"1\" rowspan=\"1\">\n<div class=\"magic-7\">\n<div><span class=\"magic-8\">\u00a0<\/span><\/div>\n<p><span class=\"magic-8\">Kr\u00e1tkodob\u00e1 teplotn\u00ed odolnost<\/span><\/p>\n<\/div>\n<\/td>\n<td colspan=\"1\" rowspan=\"1\">\n<div class=\"magic-9\"><span class=\"magic-8\">pran\u00ed: 90\u2103, 15 minut; p\u0159edsu\u0161en\u00ed konvertoru: 180\u2103, 30 minut, 200kr\u00e1t; \u017eehlen\u00ed: 180\u2103, 10 sekund, 200kr\u00e1t; vysok\u00fd<br \/>\nteplotn\u00ed sterilizace: 135\u2103, 20 minut<\/span><\/div>\n<\/td>\n<\/tr>\n<tr>\n<td colspan=\"1\" rowspan=\"1\">\n<div class=\"magic-7\"><span class=\"magic-8\">Funkce<\/span><\/div>\n<\/td>\n<td colspan=\"1\" rowspan=\"1\">\n<div class=\"magic-9\"><span class=\"magic-8\">vod\u011bodoln\u00fd, omyvateln\u00fd, odoln\u00fd v\u016f\u010di vysok\u00fdm teplot\u00e1m<\/span><\/div>\n<\/td>\n<\/tr>\n<tr>\n<td colspan=\"1\" rowspan=\"1\">\n<div class=\"magic-7\"><span class=\"magic-8\">\u017divot<\/span><\/div>\n<\/td>\n<td colspan=\"1\" rowspan=\"1\">\n<div class=\"magic-9\"><span class=\"magic-8\">pran\u00ed 200kr\u00e1t nebo 3 roky<\/span><\/div>\n<\/td>\n<\/tr>\n<tr>\n<td colspan=\"1\" rowspan=\"1\">\n<div class=\"magic-7\"><span class=\"magic-8\">Aplikace<\/span><\/div>\n<\/td>\n<td colspan=\"1\" rowspan=\"1\">\n<div class=\"magic-9\"><span class=\"magic-8\">spr\u00e1va a sledov\u00e1n\u00ed pr\u00e1dla<\/span><\/div>\n<\/td>\n<\/tr>\n<\/tbody>\n<\/table>\n<\/div>\n<\/div>\n<div class=\"J_module\">\n<div class=\"detail-decorate-json-renderer-container\">\n<div class=\"magic-1\">\n<div class=\"magic-2\">\n<div class=\"magic-3\">\n<div><\/div>\n<div class=\"magic-4\">\n<div><strong>\u0160t\u00edtek tla\u010d\u00edtka RFID<\/strong><\/div>\n<div><\/div>\n<\/div>\n<\/div>\n<div>\n<div class=\"auto-hide-last-sibling-br paragraph_1252f paragraph-element\">PPS High Temperature Resistant Laundry Tags slou\u017e\u00ed jako vynikaj\u00edc\u00ed \u0159e\u0161en\u00ed pro sledov\u00e1n\u00ed pro komer\u010dn\u00ed prost\u0159ed\u00ed, jako jsou j\u00eddelny a restaurace, kde se neust\u00e1le manipuluje s velk\u00fdmi objemy n\u00e1dob\u00ed.<\/div>\n<\/div>\n<div>\n<div><\/div>\n<\/div>\n<\/div>\n<p><strong>Mo\u017enosti \u010dipu:<\/strong><\/p>\n<ul>\n<li><strong>NXP UCODE 8\/9:<\/strong>\u00a0Cenov\u011b v\u00fdhodn\u00e9 \u010dipy ide\u00e1ln\u00ed pro z\u00e1kladn\u00ed sledov\u00e1n\u00ed a identifikaci, nab\u00edzej\u00ed \u010dtec\u00ed dosah a\u017e 10 metr\u016f.<\/li>\n<li><strong>NTAG213:<\/strong>\u00a0\u010cip s podporou NFC, kter\u00fd umo\u017e\u0148uje komunikaci se smartphony a dal\u0161\u00edmi za\u0159\u00edzen\u00edmi NFC, ide\u00e1ln\u00ed pro aplikace, jako jsou bezkontaktn\u00ed platby nebo p\u0159\u00edstup k informac\u00edm o produktech.<\/li>\n<li><strong>Mifare 1k:<\/strong>\u00a0Bezpe\u010dn\u00fd \u010dip se siln\u00fdmi \u0161ifrovac\u00edmi a autentiza\u010dn\u00edmi funkcemi, vhodn\u00fd pro \u0159\u00edzen\u00ed p\u0159\u00edstupu a bezpe\u010dn\u00e9 ukl\u00e1d\u00e1n\u00ed dat.<\/li>\n<li><strong>EM4305:<\/strong>\u00a0N\u00edzkon\u00e1kladov\u00fd \u010dip pro z\u00e1kladn\u00ed aplikace \u0159\u00edzen\u00ed p\u0159\u00edstupu s dosahem \u010dten\u00ed a\u017e 1 metr.<\/li>\n<li><strong>T5577:<\/strong>\u00a0Dal\u0161\u00ed levn\u00fd \u010dip pro syst\u00e9my kontroly p\u0159\u00edstupu a l\u00edstk\u016f, kter\u00fd nab\u00edz\u00ed \u010dtec\u00ed dosah a\u017e 1 metr.<\/li>\n<\/ul>\n<p><strong>V\u00fdrobn\u00ed schopnosti:<\/strong><\/p>\n<ul>\n<li><strong>Mo\u017enosti p\u0159izp\u016fsoben\u00ed:<\/strong>\u00a0Nab\u00edz\u00edme \u0159adu mo\u017enost\u00ed p\u0159izp\u016fsoben\u00ed, v\u010detn\u011b r\u016fzn\u00fdch velikost\u00ed tla\u010d\u00edtek, barev a mo\u017enost\u00ed tisku, aby vyhovovaly va\u0161im specifick\u00fdm pot\u0159eb\u00e1m.<\/li>\n<li><strong>Velkoobjemov\u00e1 produkce:<\/strong>\u00a0M\u00e1me kapacitu, abychom splnili va\u0161e v\u00fdrobn\u00ed po\u017eadavky, a\u0165 u\u017e pot\u0159ebujete mal\u00e9 s\u00e9rie nebo velk\u00e9 zak\u00e1zky.<\/li>\n<li><strong>P\u0159\u00edsn\u00e1 kontrola kvality:<\/strong>\u00a0B\u011bhem na\u0161eho v\u00fdrobn\u00edho procesu dodr\u017eujeme p\u0159\u00edsn\u00e9 postupy kontroly kvality, abychom zajistili konzistentn\u00ed v\u00fdkon a spolehlivost \u0161t\u00edtk\u016f.<\/li>\n<\/ul>\n<div class=\"magic-2\">\n<div>\n<div class=\"auto-hide-last-sibling-br paragraph_1252f paragraph-element\"><\/div>\n<div class=\"auto-hide-last-sibling-br paragraph_1252f paragraph-element\"><strong>Aplikace zna\u010dky RFID tla\u010d\u00edtka<\/strong><\/div>\n<ol class=\"auto-hide-last-sibling-br\">\n<li>\n<div class=\"auto-hide-last-sibling-br paragraph_1252f paragraph-element\">Pr\u016fmyslov\u00e9 pr\u00e1delny: V pr\u016fmyslov\u00e9m sektoru se sledov\u00e1n\u00ed obrovsk\u00e9ho mno\u017estv\u00ed pr\u00e1dla st\u00e1v\u00e1 snadn\u00fdm \u00fakolem s pou\u017eit\u00edm tla\u010d\u00edtek RFID Laundry Tag Buttons.<\/div>\n<\/li>\n<li>\n<div class=\"auto-hide-last-sibling-br paragraph_1252f paragraph-element\">Nemocnice a hotely: Tato za\u0159\u00edzen\u00ed se \u010dasto zab\u00fdvaj\u00ed velkoobjemov\u00fdmi pran\u00ed pr\u00e1dla, kde se tyto \u0161t\u00edtky uk\u00e1zaly jako n\u00e1stroje pro zlep\u0161en\u00ed efektivity a \u0159\u00edzen\u00ed z\u00e1sob.<\/div>\n<\/li>\n<li>\n<div class=\"auto-hide-last-sibling-br paragraph_1252f paragraph-element\">P\u016fj\u010dovny pr\u00e1dla: Firmy poskytuj\u00edc\u00ed slu\u017eby pron\u00e1jmu pr\u00e1dla vyu\u017e\u00edvaj\u00ed tyto \u0161t\u00edtky pro zjednodu\u0161en\u00ed \u0159\u00edzen\u00ed z\u00e1sob a udr\u017een\u00ed kontroly kvality.<\/div>\n<\/li>\n<\/ol>\n<div class=\"auto-hide-last-sibling-br paragraph_1252f paragraph-element\"><\/div>\n<\/div>\n<\/div>\n<\/div>\n<\/div>\n<\/div>","protected":false},"excerpt":{"rendered":"<div class=\"auto-hide-last-sibling-br paragraph_1252f paragraph-element\">PPS RFID Laundry Tag, tak\u00e9 zn\u00e1m\u00fd jako RFID button tag, je robustn\u00ed, na zak\u00e1zku vyroben\u00e9 za\u0159\u00edzen\u00ed zam\u011b\u0159en\u00e9 na aplikace vy\u017eaduj\u00edc\u00ed \u0161t\u00edtky odoln\u00e9 v\u016f\u010di drsn\u00fdm podm\u00ednk\u00e1m. Zat\u00edmco UHF pr\u00e1deln\u00ed transpond\u00e9ry jsou popul\u00e1rn\u00ed volbou na trhu, ur\u010dit\u00e9 situace vy\u017eaduj\u00ed \u0161t\u00edtky RFID tla\u010d\u00edtek kompatibiln\u00ed s mobiln\u00edmi aplikacemi. Tyto tla\u010d\u00edtkov\u00e9 RFID transpond\u00e9ry pr\u00e1dla tyto pot\u0159eby adekv\u00e1tn\u011b spl\u0148uj\u00ed. Jejich flexibilita a vynikaj\u00edc\u00ed v\u00fdkon nab\u00edzej\u00ed v\u00fdznamn\u00e9 v\u00fdhody p\u0159i identifikaci a sledov\u00e1n\u00ed pr\u016fmyslov\u00e9ho pr\u00e1dla a textili\u00ed v r\u016fzn\u00fdch odv\u011btv\u00edch.<\/div>","protected":false},"featured_media":69,"template":"","meta":{"_kad_post_transparent":"default","_kad_post_title":"","_kad_post_layout":"default","_kad_post_sidebar_id":"","_kad_post_content_style":"default","_kad_post_vertical_padding":"default","_kad_post_feature":"","_kad_post_feature_position":"","_kad_post_header":false,"_kad_post_footer":false,"_kad_post_classname":""},"product_brand":[],"product_cat":[21,18,17],"product_tag":[35,40,33],"class_list":{"0":"post-68","1":"product","2":"type-product","3":"status-publish","4":"has-post-thumbnail","6":"product_cat-pps-rfid-laundry-tag","7":"product_cat-125khz-rfid-laundry-tag","8":"product_cat-nfc-rfid-laundry-tag","9":"product_tag-rfid-button","10":"product_tag-rfid-button-tag","11":"product_tag-rfid-laundry-tag-button","13":"first","14":"instock","15":"shipping-taxable","16":"product-type-simple","17":"entry","18":"content-bg","19":"loop-entry"},"_links":{"self":[{"href":"https:\/\/rfid-laundry-tag.com\/cs\/wp-json\/wp\/v2\/product\/68","targetHints":{"allow":["GET"]}}],"collection":[{"href":"https:\/\/rfid-laundry-tag.com\/cs\/wp-json\/wp\/v2\/product"}],"about":[{"href":"https:\/\/rfid-laundry-tag.com\/cs\/wp-json\/wp\/v2\/types\/product"}],"version-history":[{"count":0,"href":"https:\/\/rfid-laundry-tag.com\/cs\/wp-json\/wp\/v2\/product\/68\/revisions"}],"wp:featuredmedia":[{"embeddable":true,"href":"https:\/\/rfid-laundry-tag.com\/cs\/wp-json\/wp\/v2\/media\/69"}],"wp:attachment":[{"href":"https:\/\/rfid-laundry-tag.com\/cs\/wp-json\/wp\/v2\/media?parent=68"}],"wp:term":[{"taxonomy":"product_brand","embeddable":true,"href":"https:\/\/rfid-laundry-tag.com\/cs\/wp-json\/wp\/v2\/product_brand?post=68"},{"taxonomy":"product_cat","embeddable":true,"href":"https:\/\/rfid-laundry-tag.com\/cs\/wp-json\/wp\/v2\/product_cat?post=68"},{"taxonomy":"product_tag","embeddable":true,"href":"https:\/\/rfid-laundry-tag.com\/cs\/wp-json\/wp\/v2\/product_tag?post=68"}],"curies":[{"name":"wp","href":"https:\/\/api.w.org\/{rel}","templated":true}]}}