{"id":64,"date":"2024-06-10T16:33:33","date_gmt":"2024-06-10T16:33:33","guid":{"rendered":"https:\/\/rfid-laundry-tag.com\/?post_type=product&#038;p=64"},"modified":"2024-06-11T16:36:19","modified_gmt":"2024-06-11T16:36:19","slug":"nfc-button-ntag213","status":"publish","type":"product","link":"https:\/\/rfid-laundry-tag.com\/cs\/nfc-button-ntag213\/","title":{"rendered":"Tla\u010d\u00edtko NFC | Ntag213"},"content":{"rendered":"<div class=\"J_module\">\n<div class=\"ife-detail-decorate-table\">\n<table class=\"has-title all magic-6\">\n<tbody>\n<tr>\n<td colspan=\"1\" rowspan=\"1\">\n<div class=\"magic-7\" data-spm-anchor-id=\"a2700.details.0.i45.77607d98vZbcDU\"><span class=\"magic-8\" style=\"color: #363535;\">N\u00e1zev polo\u017eky<\/span><\/div>\n<\/td>\n<td colspan=\"1\" rowspan=\"1\">\n<div class=\"magic-9\">Tla\u010d\u00edtko NFC | Ntag213<\/div>\n<\/td>\n<\/tr>\n<tr>\n<td colspan=\"1\" rowspan=\"1\">\n<div class=\"magic-7\"><span class=\"magic-10\" data-spm-anchor-id=\"a2700.pc-decorate.0.i10.28d333330XLbTD\"><span class=\"magic-8\">Materi\u00e1l<\/span><\/span><\/div>\n<\/td>\n<td colspan=\"1\" rowspan=\"1\">\n<div class=\"magic-9\"><span class=\"magic-8\">PPS<\/span><\/div>\n<\/td>\n<\/tr>\n<tr>\n<td colspan=\"1\" rowspan=\"1\">\n<div class=\"magic-7\"><span class=\"magic-8\">Barva<\/span><\/div>\n<\/td>\n<td colspan=\"1\" rowspan=\"1\">\n<div class=\"magic-9\"><span class=\"magic-8\">\u010cern\u00e1, \u017elut\u00e1 atd<\/span><\/div>\n<\/td>\n<\/tr>\n<tr>\n<td colspan=\"1\" rowspan=\"1\">MOQ<\/td>\n<td colspan=\"1\" rowspan=\"1\">500 ks<\/td>\n<\/tr>\n<tr>\n<td colspan=\"1\" rowspan=\"1\">\n<div class=\"magic-7\"><span class=\"magic-8\">V\u00fdrobce\/\u010dip<\/span><\/div>\n<\/td>\n<td colspan=\"1\" rowspan=\"1\">\n<div class=\"magic-9\"><span class=\"magic-8\">NXP Ntag213 <\/span><\/div>\n<\/td>\n<\/tr>\n<tr>\n<td colspan=\"1\" rowspan=\"1\">\n<div class=\"magic-7\"><span class=\"magic-8\">Frekvence<\/span><\/div>\n<\/td>\n<td colspan=\"1\" rowspan=\"1\">\n<div class=\"magic-9\"><span class=\"magic-8\">13,56 MHz<\/span><\/div>\n<\/td>\n<\/tr>\n<tr>\n<td colspan=\"1\" rowspan=\"1\">\n<div class=\"magic-7\"><span class=\"magic-8\">Pam\u011b\u0165<\/span><\/div>\n<\/td>\n<td colspan=\"1\" rowspan=\"1\">\n<div class=\"magic-9\"><span class=\"magic-8\">144 bajt\u016f<\/span><\/div>\n<\/td>\n<\/tr>\n<tr>\n<td colspan=\"1\" rowspan=\"1\">\n<div class=\"magic-7\"><span class=\"magic-8\">P\u0159e\u010dt\u011bte si Vzd\u00e1lenost<\/span><\/div>\n<\/td>\n<td colspan=\"1\" rowspan=\"1\">\n<div class=\"magic-9\"><span class=\"magic-8\">1~5 cm<\/span><\/div>\n<\/td>\n<\/tr>\n<tr>\n<td colspan=\"1\" rowspan=\"1\">\n<div class=\"magic-7\"><span class=\"magic-8\">Pracovn\u00ed re\u017eim<\/span><\/div>\n<\/td>\n<td colspan=\"1\" rowspan=\"1\">\n<div class=\"magic-9\"><span class=\"magic-8\">pasivn\u00ed<\/span><\/div>\n<\/td>\n<\/tr>\n<tr>\n<td colspan=\"1\" rowspan=\"1\">\n<div class=\"magic-7\"><span class=\"magic-8\">Pracovn\u00ed teplota<\/span><\/div>\n<\/td>\n<td colspan=\"1\" rowspan=\"1\">\n<div class=\"magic-9\"><span class=\"magic-8\">-25\u2103~+110\u2103<\/span><\/div>\n<\/td>\n<\/tr>\n<tr>\n<td colspan=\"1\" rowspan=\"1\">\n<div class=\"magic-7\"><span class=\"magic-8\">Skladovac\u00ed teplota<\/span><\/div>\n<\/td>\n<td colspan=\"1\" rowspan=\"1\">\n<div class=\"magic-9\"><span class=\"magic-8\">-40 \u2103 ~ + 85 \u2103<\/span><\/div>\n<\/td>\n<\/tr>\n<tr>\n<td colspan=\"1\" rowspan=\"1\">\n<div class=\"magic-7\">\n<div><span class=\"magic-8\">\u00a0<\/span><\/div>\n<p><span class=\"magic-8\">Kr\u00e1tkodob\u00e1 teplotn\u00ed odolnost<\/span><\/p>\n<\/div>\n<\/td>\n<td colspan=\"1\" rowspan=\"1\">\n<div class=\"magic-9\"><span class=\"magic-8\">pran\u00ed: 90\u2103, 15 minut; p\u0159edsu\u0161en\u00ed konvertoru: 180\u2103, 30 minut, 200kr\u00e1t; \u017eehlen\u00ed: 180\u2103, 10 sekund, 200kr\u00e1t; vysok\u00fd<br \/>\nteplotn\u00ed sterilizace: 135\u2103, 20 minut<\/span><\/div>\n<\/td>\n<\/tr>\n<tr>\n<td colspan=\"1\" rowspan=\"1\">\n<div class=\"magic-7\"><span class=\"magic-8\">Funkce<\/span><\/div>\n<\/td>\n<td colspan=\"1\" rowspan=\"1\">\n<div class=\"magic-9\"><span class=\"magic-8\">vod\u011bodoln\u00fd, omyvateln\u00fd, odoln\u00fd v\u016f\u010di vysok\u00fdm teplot\u00e1m<\/span><\/div>\n<\/td>\n<\/tr>\n<tr>\n<td colspan=\"1\" rowspan=\"1\">\n<div class=\"magic-7\"><span class=\"magic-8\">\u017divot<\/span><\/div>\n<\/td>\n<td colspan=\"1\" rowspan=\"1\">\n<div class=\"magic-9\"><span class=\"magic-8\">pran\u00ed 200kr\u00e1t nebo 3 roky<\/span><\/div>\n<\/td>\n<\/tr>\n<tr>\n<td colspan=\"1\" rowspan=\"1\">\n<div class=\"magic-7\"><span class=\"magic-8\">Aplikace<\/span><\/div>\n<\/td>\n<td colspan=\"1\" rowspan=\"1\">\n<div class=\"magic-9\"><span class=\"magic-8\">spr\u00e1va a sledov\u00e1n\u00ed pr\u00e1dla<\/span><\/div>\n<\/td>\n<\/tr>\n<\/tbody>\n<\/table>\n<\/div>\n<\/div>\n<div class=\"J_module\">\n<div class=\"detail-decorate-json-renderer-container\">\n<div class=\"magic-1\">\n<div>\n<div><\/div>\n<div class=\"auto-hide-last-sibling-br paragraph_1252f paragraph-element\"><strong>\u010cip NTAG213 v datov\u00e9m listu tla\u010d\u00edtka NFC:<\/strong><\/div>\n<ul class=\"auto-hide-last-sibling-br\">\n<li>V\u00fdrobce: NXP Semiconductors<\/li>\n<li>Typ \u010dipu: NTAG213 (ISO\/IEC 14443 A)<\/li>\n<li>Pam\u011b\u0165: Celkov\u00e1 pam\u011b\u0165 144 bajt\u016f, rozd\u011blen\u00e1 na 42 str\u00e1nek (ka\u017ed\u00e1 4 bajty)<\/li>\n<li>Povolit \u010dten\u00ed a z\u00e1pis<\/li>\n<li>Funkce UID ASCII Mirror<\/li>\n<li>Integrovan\u00fd podpis originality<\/li>\n<li>Vyhovuje NFC Forum Type 2 Tag<\/li>\n<\/ul>\n<\/div>\n<div class=\"magic-2\">\n<div>\n<div class=\"auto-hide-last-sibling-br paragraph_1252f paragraph-element\">\n<div class=\"auto-hide-last-sibling-br paragraph_1252f paragraph-element\">\u0160t\u00edtky NFC Laundry s \u010dipy NTAG213 jsou vynikaj\u00edc\u00ed volbou pro prost\u0159ed\u00ed, kter\u00e1 vy\u017eaduj\u00ed vysokou odolnost a spolehliv\u00e9 sledov\u00e1n\u00ed, jako jsou komer\u010dn\u00ed a pr\u016fmyslov\u00e9 pr\u00e1delny, sklady a logistick\u00e9 spole\u010dnosti. D\u00edky sv\u00e9mu robustn\u00edmu plastov\u00e9mu pouzdru PPS mohou \u00fa\u010dinn\u011b odol\u00e1vat environment\u00e1ln\u00edm probl\u00e9m\u016fm, jako je vlhkost, oleje, chemik\u00e1lie, vysok\u00e9 tlaky a vysok\u00e9 teploty.<\/div>\n<p>&nbsp;<\/p>\n<div class=\"auto-hide-last-sibling-br paragraph_1252f paragraph-element\"><strong>Mezi kl\u00ed\u010dov\u00e9 v\u00fdhody \u0161t\u00edtk\u016f NFC PPS Laundry s \u010dipy NTAG213 pat\u0159\u00ed:<\/strong><\/div>\n<div><\/div>\n<div class=\"auto-hide-last-sibling-br paragraph_1252f paragraph-element\"><strong>Pam\u011b\u0165 chr\u00e1n\u011bn\u00e1 heslem:<\/strong>\u00a0Pomoc\u00ed funkce ochrany heslem NTAG213 m\u016f\u017eete zabezpe\u010dit data ulo\u017een\u00e1 na \u0161t\u00edtku a p\u0159idat dal\u0161\u00ed vrstvu zabezpe\u010den\u00ed, kter\u00e1 zabr\u00e1n\u00ed neopr\u00e1vn\u011bn\u00e9mu p\u0159\u00edstupu nebo zm\u011bn\u00e1m.<\/div>\n<div class=\"auto-hide-last-sibling-br paragraph_1252f paragraph-element\"><strong>Vynikaj\u00edc\u00ed sn\u00edmac\u00ed vzd\u00e1lenost:<\/strong>\u00a0P\u0159esto\u017ee je NFC navr\u017eeno pro komunikaci na kr\u00e1tkou vzd\u00e1lenost, \u010dip NTAG213 byl vyvinut tak, aby poskytoval vynikaj\u00edc\u00ed sn\u00edmac\u00ed vzd\u00e1lenost a podporoval rychlej\u0161\u00ed a p\u0159esn\u011bj\u0161\u00ed sledov\u00e1n\u00ed polo\u017eek.<\/div>\n<div class=\"auto-hide-last-sibling-br paragraph_1252f paragraph-element\"><strong>Funkce True Anti-Collision:<\/strong>\u00a0Tato funkce umo\u017e\u0148uje \u010dtec\u00edmu za\u0159\u00edzen\u00ed skenovat a pracovat s v\u00edce tagy sou\u010dasn\u011b. To se hod\u00ed v situac\u00edch, kdy je t\u0159eba sledovat velk\u00e9 mno\u017estv\u00ed polo\u017eek najednou, jako nap\u0159\u00edklad u d\u00e1vek pr\u00e1dla nebo palet ve skladech.<\/div>\n<p>&nbsp;<\/p>\n<div class=\"auto-hide-last-sibling-br paragraph_1252f paragraph-element\"><strong>Flexibiln\u00ed aplikace:<\/strong>\u00a0\u0160t\u00edtky NFC PPS Laundry lze p\u0159i\u0161\u00edt na l\u00e1tku nebo p\u0159ipevnit na r\u016fzn\u00e9 povrchy, d\u00edky \u010demu\u017e jsou v\u0161estrann\u00e9 pro sledov\u00e1n\u00ed nejen pr\u00e1dla, ale tak\u00e9 n\u00e1stroj\u016f, vybaven\u00ed nebo jin\u00fdch p\u0159edm\u011bt\u016f, kter\u00e9 mus\u00ed odolat drsn\u00fdm podm\u00ednk\u00e1m.<\/div>\n<p>&nbsp;<\/p>\n<div class=\"auto-hide-last-sibling-br paragraph_1252f paragraph-element\">Celkov\u011b lze \u0159\u00edci, \u017ee pou\u017eit\u00ed t\u011bchto odoln\u00fdch, v\u0161estrann\u00fdch a \u00fa\u010dinn\u00fdch NFC PPS Laundry tag\u016f pom\u00e1h\u00e1 v\u00fdrazn\u011b zefektivnit operace a spr\u00e1vu z\u00e1sob v r\u016fzn\u00fdch pr\u016fmyslov\u00fdch odv\u011btv\u00edch, kter\u00e1 zpracov\u00e1vaj\u00ed velkoobjemov\u00e9 a vysokofrekven\u010dn\u00ed operace.<\/div>\n<\/div>\n<\/div>\n<\/div>\n<\/div>\n<\/div>\n<\/div>","protected":false},"excerpt":{"rendered":"<div class=\"auto-hide-last-sibling-br paragraph_1252f paragraph-element\">Tla\u010d\u00edtko NFC, nebo b\u011b\u017en\u011bji zn\u00e1m\u00e9 jako PPS RFID Laundry Tag, je speci\u00e1ln\u011b navr\u017eeno tak, aby vyhovovalo aplikac\u00edm, kter\u00e9 vy\u017eaduj\u00ed odoln\u00fd \u0161t\u00edtek schopn\u00fd odolat n\u00e1ro\u010dn\u00fdm pracovn\u00edm podm\u00ednk\u00e1m.<\/div>\n<div class=\"auto-hide-last-sibling-br paragraph_1252f paragraph-element\">V sou\u010dasn\u00e9 dob\u011b se v\u011bt\u0161ina trhu p\u0159ikl\u00e1n\u00ed k pou\u017e\u00edv\u00e1n\u00ed transpond\u00e9r\u016f pr\u00e1dla UHF. N\u011bkter\u00e9 sc\u00e9n\u00e1\u0159e v\u0161ak tak\u00e9 vy\u017eaduj\u00ed pou\u017eit\u00ed NFC \u0161t\u00edtk\u016f na pr\u00e1dlo, kter\u00e9 podporuj\u00ed mobiln\u00ed aplikace. Tla\u010d\u00edtkov\u00e9 RFID transpond\u00e9ry pr\u00e1dla tyto pot\u0159eby efektivn\u011b uspokoj\u00ed.<\/div>\n<div class=\"auto-hide-last-sibling-br paragraph_1252f paragraph-element\"><\/div>","protected":false},"featured_media":65,"template":"","meta":{"_kad_post_transparent":"default","_kad_post_title":"","_kad_post_layout":"default","_kad_post_sidebar_id":"","_kad_post_content_style":"default","_kad_post_vertical_padding":"default","_kad_post_feature":"","_kad_post_feature_position":"","_kad_post_header":false,"_kad_post_footer":false,"_kad_post_classname":""},"product_brand":[],"product_cat":[21,17],"product_tag":[37,36,35,33],"class_list":{"0":"post-64","1":"product","2":"type-product","3":"status-publish","4":"has-post-thumbnail","6":"product_cat-pps-rfid-laundry-tag","7":"product_cat-nfc-rfid-laundry-tag","8":"product_tag-nfc-button","9":"product_tag-nfc-button-ntag213","10":"product_tag-rfid-button","11":"product_tag-rfid-laundry-tag-button","13":"first","14":"instock","15":"shipping-taxable","16":"product-type-simple","17":"entry","18":"content-bg","19":"loop-entry"},"_links":{"self":[{"href":"https:\/\/rfid-laundry-tag.com\/cs\/wp-json\/wp\/v2\/product\/64","targetHints":{"allow":["GET"]}}],"collection":[{"href":"https:\/\/rfid-laundry-tag.com\/cs\/wp-json\/wp\/v2\/product"}],"about":[{"href":"https:\/\/rfid-laundry-tag.com\/cs\/wp-json\/wp\/v2\/types\/product"}],"version-history":[{"count":0,"href":"https:\/\/rfid-laundry-tag.com\/cs\/wp-json\/wp\/v2\/product\/64\/revisions"}],"wp:featuredmedia":[{"embeddable":true,"href":"https:\/\/rfid-laundry-tag.com\/cs\/wp-json\/wp\/v2\/media\/65"}],"wp:attachment":[{"href":"https:\/\/rfid-laundry-tag.com\/cs\/wp-json\/wp\/v2\/media?parent=64"}],"wp:term":[{"taxonomy":"product_brand","embeddable":true,"href":"https:\/\/rfid-laundry-tag.com\/cs\/wp-json\/wp\/v2\/product_brand?post=64"},{"taxonomy":"product_cat","embeddable":true,"href":"https:\/\/rfid-laundry-tag.com\/cs\/wp-json\/wp\/v2\/product_cat?post=64"},{"taxonomy":"product_tag","embeddable":true,"href":"https:\/\/rfid-laundry-tag.com\/cs\/wp-json\/wp\/v2\/product_tag?post=64"}],"curies":[{"name":"wp","href":"https:\/\/api.w.org\/{rel}","templated":true}]}}