{"id":62,"date":"2024-06-10T16:32:32","date_gmt":"2024-06-10T16:32:32","guid":{"rendered":"https:\/\/rfid-laundry-tag.com\/?post_type=product&#038;p=62"},"modified":"2024-06-10T16:32:32","modified_gmt":"2024-06-10T16:32:32","slug":"rfid-laundry-tag-button","status":"publish","type":"product","link":"https:\/\/rfid-laundry-tag.com\/cs\/rfid-laundry-tag-button\/","title":{"rendered":"Tla\u010d\u00edtko pro \u0161t\u00edtek na pr\u00e1dlo RFID"},"content":{"rendered":"<div class=\"J_module\">\n<div class=\"ife-detail-decorate-table\">\n<table class=\"has-title all magic-6\">\n<tbody>\n<tr>\n<td colspan=\"1\" rowspan=\"1\">\n<div class=\"magic-7\" data-spm-anchor-id=\"a2700.details.0.i45.77607d98vZbcDU\"><span class=\"magic-8\" style=\"color: #363535;\">N\u00e1zev polo\u017eky<\/span><\/div>\n<\/td>\n<td colspan=\"1\" rowspan=\"1\">\n<div class=\"magic-9\"><span class=\"magic-8\">Tla\u010d\u00edtko pro \u0161t\u00edtek na pr\u00e1dlo RFID<\/span><\/div>\n<\/td>\n<\/tr>\n<tr>\n<td colspan=\"1\" rowspan=\"1\">\n<div class=\"magic-7\"><span class=\"magic-10\" data-spm-anchor-id=\"a2700.pc-decorate.0.i10.28d333330XLbTD\"><span class=\"magic-8\">Materi\u00e1l<\/span><\/span><\/div>\n<\/td>\n<td colspan=\"1\" rowspan=\"1\">\n<div class=\"magic-9\"><span class=\"magic-8\">PPS<\/span><\/div>\n<\/td>\n<\/tr>\n<tr>\n<td colspan=\"1\" rowspan=\"1\">\n<div class=\"magic-7\"><span class=\"magic-8\">Barva<\/span><\/div>\n<\/td>\n<td colspan=\"1\" rowspan=\"1\">\n<div class=\"magic-9\"><span class=\"magic-8\">\u010cern\u00e1, \u017elut\u00e1 atd<\/span><\/div>\n<\/td>\n<\/tr>\n<tr>\n<td colspan=\"1\" rowspan=\"1\">MOQ<\/td>\n<td colspan=\"1\" rowspan=\"1\">500 ks<\/td>\n<\/tr>\n<tr>\n<td colspan=\"1\" rowspan=\"1\">\n<div class=\"magic-7\"><span class=\"magic-8\">V\u00fdrobce\/\u010dip<\/span><\/div>\n<\/td>\n<td colspan=\"1\" rowspan=\"1\">\n<div class=\"magic-9\"><span class=\"magic-8\">NXP UCODE 8, UCODE 9\/NTAG213\/EM4305, T5577 atd.<\/span><\/div>\n<\/td>\n<\/tr>\n<tr>\n<td colspan=\"1\" rowspan=\"1\">\n<div class=\"magic-7\"><span class=\"magic-8\">Frekvence<\/span><\/div>\n<\/td>\n<td colspan=\"1\" rowspan=\"1\">\n<div class=\"magic-9\"><span class=\"magic-8\">860-960MHz\/13,56MHz\/125Khz<\/span><\/div>\n<\/td>\n<\/tr>\n<tr>\n<td colspan=\"1\" rowspan=\"1\">\n<div class=\"magic-7\"><span class=\"magic-8\">Pam\u011b\u0165<\/span><\/div>\n<\/td>\n<td colspan=\"1\" rowspan=\"1\">\n<div class=\"magic-9\"><span class=\"magic-8\">96 bit\u016f\/128 bit\u016f\/144 bajt\u016f<\/span><\/div>\n<\/td>\n<\/tr>\n<tr>\n<td colspan=\"1\" rowspan=\"1\">\n<div class=\"magic-7\"><span class=\"magic-8\">P\u0159e\u010dt\u011bte si Vzd\u00e1lenost<\/span><\/div>\n<\/td>\n<td colspan=\"1\" rowspan=\"1\">\n<div class=\"magic-9\"><span class=\"magic-8\">1-6m\/1~5cm\/1~2cm<\/span><\/div>\n<\/td>\n<\/tr>\n<tr>\n<td colspan=\"1\" rowspan=\"1\">\n<div class=\"magic-7\"><span class=\"magic-8\">Pracovn\u00ed re\u017eim<\/span><\/div>\n<\/td>\n<td colspan=\"1\" rowspan=\"1\">\n<div class=\"magic-9\"><span class=\"magic-8\">pasivn\u00ed<\/span><\/div>\n<\/td>\n<\/tr>\n<tr>\n<td colspan=\"1\" rowspan=\"1\">\n<div class=\"magic-7\"><span class=\"magic-8\">Pracovn\u00ed teplota<\/span><\/div>\n<\/td>\n<td colspan=\"1\" rowspan=\"1\">\n<div class=\"magic-9\"><span class=\"magic-8\">-25\u2103~+110\u2103<\/span><\/div>\n<\/td>\n<\/tr>\n<tr>\n<td colspan=\"1\" rowspan=\"1\">\n<div class=\"magic-7\"><span class=\"magic-8\">Skladovac\u00ed teplota<\/span><\/div>\n<\/td>\n<td colspan=\"1\" rowspan=\"1\">\n<div class=\"magic-9\"><span class=\"magic-8\">-40 \u2103 ~ + 85 \u2103<\/span><\/div>\n<\/td>\n<\/tr>\n<tr>\n<td colspan=\"1\" rowspan=\"1\">\n<div class=\"magic-7\">\n<div><span class=\"magic-8\">\u00a0<\/span><\/div>\n<p><span class=\"magic-8\">Kr\u00e1tkodob\u00e1 teplotn\u00ed odolnost<\/span><\/div>\n<\/td>\n<td colspan=\"1\" rowspan=\"1\">\n<div class=\"magic-9\"><span class=\"magic-8\">pran\u00ed: 90\u2103, 15 minut; p\u0159edsu\u0161en\u00ed konvertoru: 180\u2103, 30 minut, 200kr\u00e1t; \u017eehlen\u00ed: 180\u2103, 10 sekund, 200kr\u00e1t; vysok\u00fd<br \/>\nteplotn\u00ed sterilizace: 135\u2103, 20 minut<\/span><\/div>\n<\/td>\n<\/tr>\n<tr>\n<td colspan=\"1\" rowspan=\"1\">\n<div class=\"magic-7\"><span class=\"magic-8\">Funkce<\/span><\/div>\n<\/td>\n<td colspan=\"1\" rowspan=\"1\">\n<div class=\"magic-9\"><span class=\"magic-8\">vod\u011bodoln\u00fd, omyvateln\u00fd, odoln\u00fd v\u016f\u010di vysok\u00fdm teplot\u00e1m<\/span><\/div>\n<\/td>\n<\/tr>\n<tr>\n<td colspan=\"1\" rowspan=\"1\">\n<div class=\"magic-7\"><span class=\"magic-8\">\u017divot<\/span><\/div>\n<\/td>\n<td colspan=\"1\" rowspan=\"1\">\n<div class=\"magic-9\"><span class=\"magic-8\">pran\u00ed 200kr\u00e1t nebo 3 roky<\/span><\/div>\n<\/td>\n<\/tr>\n<tr>\n<td colspan=\"1\" rowspan=\"1\">\n<div class=\"magic-7\"><span class=\"magic-8\">Aplikace<\/span><\/div>\n<\/td>\n<td colspan=\"1\" rowspan=\"1\">\n<div class=\"magic-9\"><span class=\"magic-8\">spr\u00e1va a sledov\u00e1n\u00ed pr\u00e1dla<\/span><\/div>\n<\/td>\n<\/tr>\n<\/tbody>\n<\/table>\n<\/div>\n<\/div>\n<div class=\"J_module\">\n<div class=\"detail-decorate-json-renderer-container\">\n<div class=\"magic-1\">\n<div class=\"magic-2\">\n<div class=\"magic-3\">\n<div><\/div>\n<div class=\"magic-4\"><span class=\"magic-5\" style=\"color: #2196ed;\"><b class=\"magic-10\">Tla\u010d\u00edtko pro \u0161t\u00edtek na pr\u00e1dlo RFID<\/b><\/span><\/p>\n<div><\/div>\n<\/div>\n<\/div>\n<div>\n<div class=\"auto-hide-last-sibling-br paragraph_1252f paragraph-element\">PPS High Temperature Resistant Laundry Tags slou\u017e\u00ed jako vynikaj\u00edc\u00ed \u0159e\u0161en\u00ed pro sledov\u00e1n\u00ed pro komer\u010dn\u00ed prost\u0159ed\u00ed, jako jsou j\u00eddelny a restaurace, kde se neust\u00e1le manipuluje s velk\u00fdmi objemy n\u00e1dob\u00ed:<\/div>\n<p><br class=\"container_e695a wrapper_ad07b undefined\" \/><\/p>\n<ol class=\"auto-hide-last-sibling-br\">\n<li>\n<div class=\"auto-hide-last-sibling-br paragraph_1252f paragraph-element\">Bezvadn\u00e9 sledov\u00e1n\u00ed: P\u0159ipevn\u011bn\u00ed ka\u017ed\u00e9ho kusu n\u00e1dob\u00ed \u0161t\u00edtkem RFID, kter\u00fd obsahuje jedine\u010dn\u00e9 identifika\u010dn\u00ed informace (jako je typ polo\u017eky, v\u00fdrobce a datum n\u00e1kupu), umo\u017e\u0148uje sledov\u00e1n\u00ed postupu ka\u017ed\u00e9 polo\u017eky v procesu myt\u00ed n\u00e1dob\u00ed pomoc\u00ed \u010dte\u010dek RFID.<\/div>\n<\/li>\n<li>\n<div class=\"auto-hide-last-sibling-br paragraph_1252f paragraph-element\">Vysok\u00e1 odolnost: Vystaven\u00ed vysok\u00fdm teplot\u00e1m a agresivn\u00edm chemik\u00e1li\u00edm nen\u00ed pro PPS RFID \u0161t\u00edtky odoln\u00e9 proti vysok\u00fdm teplot\u00e1m \u017e\u00e1dnou v\u00fdzvou. Jsou pe\u010dliv\u011b navr\u017eeny tak, aby vydr\u017eely takov\u00e9 podm\u00ednky, tak\u017ee jsou ide\u00e1ln\u00ed volbou pro sledov\u00e1n\u00ed n\u00e1dob\u00ed v komer\u010dn\u00edch my\u010dk\u00e1ch n\u00e1dob\u00ed.<\/div>\n<\/li>\n<li>\n<div class=\"auto-hide-last-sibling-br paragraph_1252f paragraph-element\">Efektivn\u00ed spr\u00e1va z\u00e1sob: Jakmile jsou \u0161t\u00edtky RFID vy\u010di\u0161t\u011bny, dezinfikov\u00e1ny a ulo\u017eeny pro op\u011btovn\u00e9 pou\u017eit\u00ed, mohou snadno sledovat dostupnost a um\u00edst\u011bn\u00ed ka\u017ed\u00e9 polo\u017eky. To zaji\u0161\u0165uje dostate\u010dn\u011b st\u00e1l\u00fd p\u0159\u00edsun \u010dist\u00e9ho n\u00e1dob\u00ed a eliminuje mo\u017enost jeho nedostatku nebo nespr\u00e1vn\u00e9 manipulace.<\/div>\n<\/li>\n<li>\n<div class=\"auto-hide-last-sibling-br paragraph_1252f paragraph-element\">Vylep\u0161en\u00e1 logistika: Implementace PPS Laundry RFID tag\u016f zefektiv\u0148uje \u0159\u00edzen\u00ed z\u00e1sob a logistick\u00fdch postup\u016f v prost\u0159ed\u00ed s vysokou teplotou, jako jsou komer\u010dn\u00ed my\u010dky n\u00e1dob\u00ed.<\/div>\n<\/li>\n<\/ol>\n<div class=\"auto-hide-last-sibling-br paragraph_1252f paragraph-element\"><strong>V\u00fdhody tla\u010d\u00edtka RFID Laundry Button<\/strong><\/div>\n<ol class=\"auto-hide-last-sibling-br\">\n<li>\n<div class=\"auto-hide-last-sibling-br paragraph_1252f paragraph-element\">Efektivn\u00ed sledov\u00e1n\u00ed: Tla\u010d\u00edtka RFID Laundry Tag zjednodu\u0161uj\u00ed sledov\u00e1n\u00ed od\u011bvn\u00edch v\u00fdrobk\u016f b\u011bhem procesu pran\u00ed a zvy\u0161uj\u00ed provozn\u00ed efektivitu a produktivitu.<\/div>\n<\/li>\n<li>\n<div class=\"auto-hide-last-sibling-br paragraph_1252f paragraph-element\">Podporuje automatizaci: Tato tla\u010d\u00edtka pom\u00e1haj\u00ed sni\u017eovat nutnost ru\u010dn\u00ed pr\u00e1ce a potenci\u00e1ln\u00edch chyb s n\u00ed spojen\u00fdch a podporuj\u00ed efektivn\u00ed automatizovan\u00fd syst\u00e9m.<\/div>\n<\/li>\n<li>\n<div class=\"auto-hide-last-sibling-br paragraph_1252f paragraph-element\">Odolnost: Tato tla\u010d\u00edtka jsou speci\u00e1ln\u011b navr\u017eena tak, aby vydr\u017eela drsn\u00e9 podm\u00ednky p\u0159i pran\u00ed, jsou odoln\u00e1 v\u016f\u010di vysok\u00fdm teplot\u00e1m, tlaku a chemik\u00e1li\u00edm a zaji\u0161\u0165uj\u00ed dlouhou \u017eivotnost.<\/div>\n<\/li>\n<\/ol>\n<div class=\"auto-hide-last-sibling-br paragraph_1252f paragraph-element\"><strong>Vlastnosti RFID Laundry Tag<\/strong><\/div>\n<ol class=\"auto-hide-last-sibling-br\">\n<li>\n<div class=\"auto-hide-last-sibling-br paragraph_1252f paragraph-element\">Jedine\u010dn\u00e1 identifikace: Ka\u017ed\u00fd \u0161t\u00edtek obsahuje jedine\u010dn\u00e9 identifika\u010dn\u00ed informace, kter\u00e9 umo\u017e\u0148uj\u00ed bezprobl\u00e9mov\u00e9 sledov\u00e1n\u00ed jednotliv\u00fdch kus\u016f.<\/div>\n<\/li>\n<li>\n<div class=\"auto-hide-last-sibling-br paragraph_1252f paragraph-element\">Odolnost v\u016f\u010di vysok\u00fdm teplot\u00e1m: Tla\u010d\u00edtka RFID Laundry Tag jsou navr\u017eena tak, aby vydr\u017eela vysok\u00e9 teploty, tak\u017ee jsou ide\u00e1ln\u00ed pro pou\u017eit\u00ed v pran\u00ed.<\/div>\n<\/li>\n<li>\n<div class=\"auto-hide-last-sibling-br paragraph_1252f paragraph-element\">Mo\u017enosti NFC: N\u011bkter\u00e9 \u0161t\u00edtky jsou vybaveny funkc\u00ed NFC, kter\u00e1 umo\u017e\u0148uje jejich skenov\u00e1n\u00ed pomoc\u00ed mobiln\u00edch aplikac\u00ed, co\u017e umo\u017e\u0148uje vzd\u00e1len\u00e9 sledov\u00e1n\u00ed a spr\u00e1vu.<\/div>\n<\/li>\n<\/ol>\n<div class=\"auto-hide-last-sibling-br paragraph_1252f paragraph-element\"><strong>Aplikace RFID Laundry Button<\/strong><\/div>\n<ol class=\"auto-hide-last-sibling-br\">\n<li>\n<div class=\"auto-hide-last-sibling-br paragraph_1252f paragraph-element\">Pr\u016fmyslov\u00e9 pr\u00e1delny: V pr\u016fmyslov\u00e9m sektoru se sledov\u00e1n\u00ed obrovsk\u00e9ho mno\u017estv\u00ed pr\u00e1dla st\u00e1v\u00e1 snadn\u00fdm \u00fakolem s pou\u017eit\u00edm tla\u010d\u00edtek RFID Laundry Tag Buttons.<\/div>\n<\/li>\n<li>\n<div class=\"auto-hide-last-sibling-br paragraph_1252f paragraph-element\">Nemocnice a hotely: Tato za\u0159\u00edzen\u00ed se \u010dasto zab\u00fdvaj\u00ed velkoobjemov\u00fdmi pran\u00ed pr\u00e1dla, kde se tyto \u0161t\u00edtky uk\u00e1zaly jako n\u00e1stroje pro zlep\u0161en\u00ed efektivity a \u0159\u00edzen\u00ed z\u00e1sob.<\/div>\n<\/li>\n<li>\n<div class=\"auto-hide-last-sibling-br paragraph_1252f paragraph-element\">P\u016fj\u010dovny pr\u00e1dla: Firmy poskytuj\u00edc\u00ed slu\u017eby pron\u00e1jmu pr\u00e1dla vyu\u017e\u00edvaj\u00ed tyto \u0161t\u00edtky pro zjednodu\u0161en\u00ed \u0159\u00edzen\u00ed z\u00e1sob a udr\u017een\u00ed kontroly kvality.<\/div>\n<\/li>\n<\/ol>\n<div class=\"auto-hide-last-sibling-br paragraph_1252f paragraph-element\"><strong>V\u00fdroba tla\u010d\u00edtka RFID Laundry Tag<\/strong><\/div>\n<div class=\"auto-hide-last-sibling-br paragraph_1252f paragraph-element\">V\u00fdrobn\u00ed proces tla\u010d\u00edtek RFID Laundry Tag Buttons zahrnuje vlo\u017een\u00ed RFID \u010dipu do plastov\u00e9ho nebo prysky\u0159i\u010dn\u00e9ho pouzdra, aby bylo zaji\u0161t\u011bno, \u017ee je vodot\u011bsn\u00fd a vydr\u017e\u00ed drsn\u00e9 podm\u00ednky prost\u0159ed\u00ed pr\u00e1delny. P\u0159i v\u00fdrob\u011b se pou\u017e\u00edvaj\u00ed pokro\u010dil\u00e9 technologie, kter\u00e9 zajist\u00ed, \u017ee \u0161t\u00edtky vydr\u017e\u00ed vysok\u00e9 teploty, tlak a vystaven\u00ed chemik\u00e1li\u00edm. Ka\u017ed\u00fd \u0161t\u00edtek je naprogramov\u00e1n s jedine\u010dn\u00fdm identifika\u010dn\u00edm \u010d\u00edslem pro \u00fa\u010dely sledov\u00e1n\u00ed b\u011bhem jeho \u017eivotnosti.<\/div>\n<\/div>\n<\/div>\n<\/div>\n<\/div>\n<\/div>","protected":false},"excerpt":{"rendered":"<div class=\"auto-hide-last-sibling-br paragraph_1252f paragraph-element\">Tla\u010d\u00edtko RFID Laundry Button, nebo b\u011b\u017en\u011bji zn\u00e1m\u00e9 jako PPS RFID Laundry Tag, je speci\u00e1ln\u011b navr\u017eeno tak, aby vyhovovalo aplikac\u00edm, kter\u00e9 vy\u017eaduj\u00ed odoln\u00fd \u0161t\u00edtek schopn\u00fd odolat n\u00e1ro\u010dn\u00fdm pracovn\u00edm podm\u00ednk\u00e1m.<\/div>\n<div class=\"auto-hide-last-sibling-br paragraph_1252f paragraph-element\">V sou\u010dasn\u00e9 dob\u011b se v\u011bt\u0161ina trhu p\u0159ikl\u00e1n\u00ed k pou\u017e\u00edv\u00e1n\u00ed transpond\u00e9r\u016f pr\u00e1dla UHF. N\u011bkter\u00e9 sc\u00e9n\u00e1\u0159e v\u0161ak tak\u00e9 vy\u017eaduj\u00ed pou\u017eit\u00ed NFC \u0161t\u00edtk\u016f na pr\u00e1dlo, kter\u00e9 podporuj\u00ed mobiln\u00ed aplikace. Tla\u010d\u00edtkov\u00e9 RFID transpond\u00e9ry pr\u00e1dla tyto pot\u0159eby efektivn\u011b uspokoj\u00ed.<\/div>\n<div class=\"auto-hide-last-sibling-br paragraph_1252f paragraph-element\">D\u00edky sv\u00e9 v\u0161estrannosti a robustn\u00edmu v\u00fdkonu jsou v\u00fdznamn\u011b u\u017eite\u010dn\u00e9 p\u0159i identifikaci a sledov\u00e1n\u00ed pr\u016fmyslov\u00e9ho pr\u00e1dla a textili\u00ed v r\u016fzn\u00fdch odv\u011btv\u00edch. Tyto vysoce odoln\u00e9 \u0161t\u00edtky, kter\u00e9 jsou zvl\u00e1\u0161t\u011b roz\u0161\u00ed\u0159en\u00e9 v hotelech, nemocnic\u00edch a podnic\u00edch poskytuj\u00edc\u00edch slu\u017eby pron\u00e1jmu pr\u00e1dla, pom\u00e1haj\u00ed zvy\u0161ovat provozn\u00ed efektivitu a celkovou produktivitu.<\/div>","protected":false},"featured_media":63,"template":"","meta":{"_kad_post_transparent":"default","_kad_post_title":"","_kad_post_layout":"default","_kad_post_sidebar_id":"","_kad_post_content_style":"default","_kad_post_vertical_padding":"default","_kad_post_feature":"","_kad_post_feature_position":"","_kad_post_header":false,"_kad_post_footer":false,"_kad_post_classname":""},"product_brand":[],"product_cat":[21],"product_tag":[35,34,33],"class_list":{"0":"post-62","1":"product","2":"type-product","3":"status-publish","4":"has-post-thumbnail","6":"product_cat-pps-rfid-laundry-tag","7":"product_tag-rfid-button","8":"product_tag-rfid-laundry-button","9":"product_tag-rfid-laundry-tag-button","11":"first","12":"instock","13":"shipping-taxable","14":"product-type-simple","15":"entry","16":"content-bg","17":"loop-entry"},"_links":{"self":[{"href":"https:\/\/rfid-laundry-tag.com\/cs\/wp-json\/wp\/v2\/product\/62","targetHints":{"allow":["GET"]}}],"collection":[{"href":"https:\/\/rfid-laundry-tag.com\/cs\/wp-json\/wp\/v2\/product"}],"about":[{"href":"https:\/\/rfid-laundry-tag.com\/cs\/wp-json\/wp\/v2\/types\/product"}],"version-history":[{"count":0,"href":"https:\/\/rfid-laundry-tag.com\/cs\/wp-json\/wp\/v2\/product\/62\/revisions"}],"wp:featuredmedia":[{"embeddable":true,"href":"https:\/\/rfid-laundry-tag.com\/cs\/wp-json\/wp\/v2\/media\/63"}],"wp:attachment":[{"href":"https:\/\/rfid-laundry-tag.com\/cs\/wp-json\/wp\/v2\/media?parent=62"}],"wp:term":[{"taxonomy":"product_brand","embeddable":true,"href":"https:\/\/rfid-laundry-tag.com\/cs\/wp-json\/wp\/v2\/product_brand?post=62"},{"taxonomy":"product_cat","embeddable":true,"href":"https:\/\/rfid-laundry-tag.com\/cs\/wp-json\/wp\/v2\/product_cat?post=62"},{"taxonomy":"product_tag","embeddable":true,"href":"https:\/\/rfid-laundry-tag.com\/cs\/wp-json\/wp\/v2\/product_tag?post=62"}],"curies":[{"name":"wp","href":"https:\/\/api.w.org\/{rel}","templated":true}]}}