{"id":59,"date":"2024-06-10T15:13:24","date_gmt":"2024-06-10T15:13:24","guid":{"rendered":"https:\/\/rfid-laundry-tag.com\/?post_type=product&#038;p=59"},"modified":"2024-09-08T05:25:57","modified_gmt":"2024-09-08T05:25:57","slug":"uhf-laundry-tag-nxp-u-code-9-chip","status":"publish","type":"product","link":"https:\/\/rfid-laundry-tag.com\/cs\/uhf-laundry-tag-nxp-u-code-9-chip\/","title":{"rendered":"UHF \u0161t\u00edtek na pr\u00e1dlo | NXP U K\u00d3D 9 \u010cip"},"content":{"rendered":"<div class=\"auto-hide-last-sibling-br paragraph_1252f paragraph-element\">\n<div data-spm-anchor-id=\"a2700.details.0.i57.23b419c7xXORP0\">\n<div class=\"auto-hide-last-sibling-br paragraph_1252f paragraph-element\"><strong>Kl\u00ed\u010dov\u00e9 vlastnosti na\u0161ich UHF \u0161t\u00edtk\u016f na pr\u00e1dlo:<\/strong><\/div>\n<p>&nbsp;<\/p>\n<div class=\"auto-hide-last-sibling-br paragraph_1252f paragraph-element\">-Efektivita: \u0160t\u00edtky poskytuj\u00ed p\u0159\u00edkladn\u00fd v\u00fdkon a dosahuj\u00ed dokonal\u00e9 rovnov\u00e1hy mezi pom\u011brem ceny a v\u00fdkonu a efektivitou.<\/div>\n<p>&nbsp;<\/p>\n<div class=\"auto-hide-last-sibling-br paragraph_1252f paragraph-element\">- Spolehlivost: Konzistence ve v\u00fdkonu je pevn\u00e1 i po stovk\u00e1ch prac\u00edch cykl\u016f.<\/div>\n<p>&nbsp;<\/p>\n<div class=\"auto-hide-last-sibling-br paragraph_1252f paragraph-element\">-Flexibilita: Tyto \u0161t\u00edtky jsou flexibiln\u00ed, tenk\u00e9 a m\u011bkk\u00e9, tak\u017ee je lze snadno p\u0159i\u0161\u00edt, p\u0159ipevnit nebo zatavit na textiln\u00ed p\u0159edm\u011bty.<\/div>\n<p>&nbsp;<\/p>\n<div class=\"auto-hide-last-sibling-br paragraph_1252f paragraph-element\">-\u0160k\u00e1lovateln\u00e1 v\u00fdroba: Zaji\u0161\u0165ujeme vysok\u00fd produk\u010dn\u00ed v\u00fdnos a\u017e 4 miliony \u0161t\u00edtk\u016f za m\u011bs\u00edc, p\u0159i\u010dem\u017e v\u0161echny p\u0159ed kone\u010dn\u00fdm dod\u00e1n\u00edm proch\u00e1z\u00edme p\u0159\u00edsnou kontrolou.<\/div>\n<p>&nbsp;<\/p>\n<div class=\"auto-hide-last-sibling-br paragraph_1252f paragraph-element\">-Odolnost: Na\u0161e \u0161t\u00edtky se dod\u00e1vaj\u00ed se z\u00e1rukou slibuj\u00edc\u00ed v\u00fddr\u017e b\u011bhem 200 cykl\u016f pr\u016fmyslov\u00e9ho pran\u00ed.<\/div>\n<p>&nbsp;<\/p>\n<div class=\"auto-hide-last-sibling-br paragraph_1252f paragraph-element\">V podstat\u011b na\u0161e UHF visa\u010dky na pr\u00e1dlo p\u0159edstavuj\u00ed nep\u0159ekonatelnou kombinaci odolnosti, hospod\u00e1rnosti a spolehliv\u00e9ho v\u00fdkonu, d\u00edky \u010demu\u017e jsou ide\u00e1ln\u00ed volbou pro v\u0161echny va\u0161e pot\u0159eby pro ozna\u010dov\u00e1n\u00ed textilu.<\/div>\n<div><\/div>\n<\/div>\n<\/div>\n<div>\n<table style=\"border-collapse: collapse; width: 618px; height: 1159px;\" border=\"0\" width=\"634\" cellspacing=\"0\" cellpadding=\"0\">\n<tbody>\n<tr style=\"height: 39.00pt;\">\n<td class=\"et2\" style=\"height: 39.00pt; width: 380.40pt; border-right: .5pt solid #000000;\" colspan=\"3\" width=\"634\" height=\"65\">Specifikace<\/td>\n<\/tr>\n<tr style=\"height: 27.60pt;\">\n<td class=\"et5\" style=\"height: 27.60pt; width: 106.20pt;\" width=\"177\" height=\"46\">Dodr\u017eov\u00e1n\u00ed<\/td>\n<td class=\"et5\" style=\"width: 274.20pt;\" colspan=\"2\" width=\"457\">EPC Class1 Gen2, ISO18000-6C<\/td>\n<\/tr>\n<tr style=\"height: 41.40pt;\">\n<td class=\"et5\" style=\"height: 41.40pt; width: 106.20pt;\" width=\"177\" height=\"69\">Frekvence<\/td>\n<td class=\"et5\" style=\"width: 274.20pt;\" colspan=\"2\" width=\"457\">860~928 MHz, FCC, ETIS nebo p\u0159izp\u016fsoben\u00e9<\/td>\n<\/tr>\n<tr style=\"height: 41.40pt;\">\n<td class=\"et5\" style=\"height: 41.40pt; width: 106.20pt;\" width=\"177\" height=\"69\">Typ<\/td>\n<td class=\"et6\" style=\"width: 274.20pt; border-right: .5pt solid #000000;\" colspan=\"2\" width=\"457\">Typ \u0161it\u00ed, typ oh\u0159evu, typ z\u00e1v\u011bsu<\/td>\n<\/tr>\n<tr style=\"height: 27.60pt;\">\n<td class=\"et5\" style=\"height: 27.60pt; width: 106.20pt;\" width=\"177\" height=\"46\">Mikro\u010dip<\/td>\n<td class=\"et5\" style=\"width: 274.20pt;\" colspan=\"2\" width=\"457\">NXP UCODE 8, UCOCE 9<\/td>\n<\/tr>\n<tr style=\"height: 41.40pt;\">\n<td class=\"et5\" style=\"height: 55.80pt; width: 106.20pt;\" rowspan=\"2\" width=\"177\" height=\"93\">Pam\u011b\u0165<\/td>\n<td class=\"et5\" style=\"width: 274.20pt;\" colspan=\"2\" width=\"457\">UCODE 8: EPC 96\/128 bit\u016f, u\u017eivatel 0\/32 bit\u016f, p\u0159\u00edstup<\/td>\n<\/tr>\n<tr style=\"height: 14.40pt;\">\n<td class=\"et5\" style=\"width: 274.20pt;\" colspan=\"2\" width=\"457\">UCODE 9: EPC 96 bit\u016f, u\u017eivatel 0 bit\u016f, p\u0159\u00edstupov\u00e9 heslo 0 bitov\u00e9 heslo 32 bit\u016f<\/td>\n<\/tr>\n<tr style=\"height: 27.60pt;\">\n<td class=\"et5\" style=\"height: 27.60pt; width: 106.20pt;\" width=\"177\" height=\"46\">Velikost<\/td>\n<td class=\"et5\" style=\"width: 75.60pt;\" width=\"126\">Rozm\u011bry 55 x 12 x 1,6 mm<\/td>\n<td class=\"et5\" style=\"width: 198.60pt;\" width=\"331\">Rozm\u011bry 70 x 15 x 1,6 mm<\/td>\n<\/tr>\n<tr style=\"height: 27.60pt;\">\n<td class=\"et5\" style=\"height: 27.60pt; width: 106.20pt;\" width=\"177\" height=\"46\">P\u0159e\u010dt\u011bte si rozsah<\/td>\n<td class=\"et5\" style=\"width: 75.60pt;\" width=\"126\">A\u017e 5m<\/td>\n<td class=\"et5\" style=\"width: 198.60pt;\" width=\"331\">A\u017e 7m<\/td>\n<\/tr>\n<tr style=\"height: 27.60pt;\">\n<td class=\"et5\" style=\"height: 27.60pt; width: 106.20pt;\" width=\"177\" height=\"46\">Ukl\u00e1d\u00e1n\u00ed dat<\/td>\n<td class=\"et5\" style=\"width: 274.20pt;\" colspan=\"2\" width=\"457\">50 let<\/td>\n<\/tr>\n<tr style=\"height: 27.60pt;\">\n<td class=\"et5\" style=\"height: 27.60pt; width: 106.20pt;\" width=\"177\" height=\"46\">Cel\u00fd \u017eivot<\/td>\n<td class=\"et5\" style=\"width: 274.20pt;\" colspan=\"2\" width=\"457\">200 myc\u00edch cykl\u016f nebo 2 roky<\/td>\n<\/tr>\n<tr style=\"height: 41.40pt;\">\n<td class=\"et5\" style=\"height: 41.40pt; width: 106.20pt;\" width=\"177\" height=\"69\">Materi\u00e1l<\/td>\n<td class=\"et5\" style=\"width: 274.20pt;\" colspan=\"2\" width=\"457\">Bavlna 65% \/ Polyester 30% Sm\u011bsov\u00e1 tkanina<\/td>\n<\/tr>\n<tr style=\"height: 27.60pt;\">\n<td class=\"et5\" style=\"height: 27.60pt; width: 106.20pt;\" width=\"177\" height=\"46\">Hmotnost produktu<\/td>\n<td class=\"et5\" style=\"width: 274.20pt;\" colspan=\"2\" width=\"457\">Asi 0,4-0,5 g<\/td>\n<\/tr>\n<tr style=\"height: 27.60pt;\">\n<td class=\"et5\" style=\"height: 27.60pt; width: 106.20pt;\" width=\"177\" height=\"46\">Form\u00e1t doru\u010den\u00ed<\/td>\n<td class=\"et5\" style=\"width: 274.20pt;\" colspan=\"2\" width=\"457\">100-300 kus\u016f samostatn\u011b<\/td>\n<\/tr>\n<tr style=\"height: 27.60pt;\">\n<td class=\"et5\" style=\"height: 27.60pt; width: 106.20pt;\" width=\"177\" height=\"46\">Bal\u00edk<\/td>\n<td class=\"et5\" style=\"width: 274.20pt;\" colspan=\"2\" width=\"457\">Antistatick\u00fd obal \/ karton<\/td>\n<\/tr>\n<tr style=\"height: 14.40pt;\">\n<td class=\"et5\" style=\"height: 14.40pt; width: 106.20pt;\" width=\"177\" height=\"24\">Barva<\/td>\n<td class=\"et5\" style=\"width: 274.20pt;\" colspan=\"2\" width=\"457\">B\u00edl\u00fd<\/td>\n<\/tr>\n<tr style=\"height: 14.40pt;\">\n<td class=\"et8\" style=\"height: 14.40pt; width: 380.40pt;\" colspan=\"3\" width=\"634\" height=\"24\">Elektronick\u00fd v\u00fdkon<\/td>\n<\/tr>\n<tr style=\"height: 41.40pt;\">\n<td class=\"et5\" style=\"height: 220.80pt; width: 106.20pt;\" rowspan=\"5\" width=\"177\" height=\"368\">V\u00fdkon prac\u00edho cyklu<\/td>\n<td class=\"et5\" style=\"width: 274.20pt;\" colspan=\"2\" width=\"457\">Pran\u00ed: +90\u00b0C (194\u00b0F) \/ 60 minut<\/td>\n<\/tr>\n<tr style=\"height: 55.20pt;\">\n<td class=\"et5\" style=\"width: 274.20pt;\" colspan=\"2\" width=\"457\">Su\u0161en\u00ed: +180 \u00b0C (356 \u00b0F) \/ 3 minuty (dehydrata\u010dn\u00ed lis: 35 bar)<\/td>\n<\/tr>\n<tr style=\"height: 41.40pt;\">\n<td class=\"et5\" style=\"width: 274.20pt;\" colspan=\"2\" width=\"457\">\u017dehli\u010dka: 195 \u00b0C (383 \u00b0F) \/ 30 sekund &lt; 18 bar\u016f<\/td>\n<\/tr>\n<tr style=\"height: 27.60pt;\">\n<td class=\"et5\" style=\"width: 274.20pt;\" colspan=\"2\" width=\"457\">Lis vodn\u00edho extraktoru: 60 bar\u016f<\/td>\n<\/tr>\n<tr style=\"height: 55.20pt;\">\n<td class=\"et5\" style=\"width: 274.20pt;\" colspan=\"2\" width=\"457\">Proces sterilizace: +134 \u00b0C (273 \u00b0F) \/ 20 minut<\/td>\n<\/tr>\n<tr style=\"height: 69.00pt;\">\n<td class=\"et5\" style=\"height: 69.00pt; width: 106.20pt;\" width=\"177\" height=\"115\">\u017divotn\u00ed \u010das<\/td>\n<td class=\"et5\" style=\"width: 274.20pt;\" colspan=\"2\" width=\"457\">200x pr\u016fmyslov\u00e9 pran\u00ed pr\u00e1dla s extrakc\u00ed vodou a su\u0161en\u00edm lisem<\/td>\n<\/tr>\n<tr style=\"height: 41.40pt;\">\n<td class=\"et5\" style=\"height: 41.40pt; width: 106.20pt;\" width=\"177\" height=\"69\">Chemicky odoln\u00fd<\/td>\n<td class=\"et5\" style=\"width: 274.20pt;\" colspan=\"2\" width=\"457\">Odolnost 100% pro b\u011b\u017en\u00e9 prac\u00ed prost\u0159edky.<\/td>\n<\/tr>\n<\/tbody>\n<\/table>\n<\/div>\n<h3 class=\"wp-block-heading\">Instalace<\/h3>\n<p><strong>Stitch Tagging<\/strong>: K v\u0161it\u00ed do lemu l\u00e1tky. P\u0159i\u0161ijte visa\u010dku na pr\u00e1dlo sm\u011brem od lini\u00ed skl\u00e1d\u00e1n\u00ed.<br \/>\n<strong>Tepeln\u00e9 t\u011bsn\u011bn\u00ed<\/strong>: K tepeln\u00e9mu zataven\u00ed p\u0159\u00edmo na textilii p\u0159i +200\u00b0C (392\u00b0F), po dobu 12~14s.<br \/>\n<strong>V s\u00e1\u010dku<\/strong>: K p\u0159i\u0161it\u00ed jako standardn\u00ed \u0161t\u00edtek pro p\u00e9\u010di. P\u0159i\u0161ijte visa\u010dku na pr\u00e1dlo sm\u011brem od lini\u00ed skl\u00e1d\u00e1n\u00ed.<\/p>\n<div class=\"auto-hide-last-sibling-br paragraph_1252f paragraph-element\">Omyvateln\u00e9 \u0161t\u00edtky RFID Laundry Tags jsou ned\u00edlnou sou\u010d\u00e1st\u00ed \u0159ady pr\u016fmyslov\u00fdch odv\u011btv\u00ed, poskytuj\u00ed efektivn\u00ed sledov\u00e1n\u00ed majetku, spr\u00e1vu z\u00e1sob a zvy\u0161uj\u00ed celkovou provozn\u00ed produktivitu. Zde jsou n\u011bkter\u00e9 z jeho aplikac\u00ed v r\u016fzn\u00fdch odv\u011btv\u00edch:<\/div>\n<ol class=\"auto-hide-last-sibling-br\">\n<li>\n<div class=\"auto-hide-last-sibling-br paragraph_1252f paragraph-element\"><strong>Zdravotnictv\u00ed<\/strong>: Nemocnice a dal\u0161\u00ed zdravotnick\u00e1 za\u0159\u00edzen\u00ed pou\u017e\u00edvaj\u00ed RFID \u0161t\u00edtky na pr\u00e1dlo ke spr\u00e1v\u011b obrovsk\u00fdch z\u00e1sob prost\u011bradel, ru\u010dn\u00edk\u016f, peeling\u016f, uniforem a chirurgick\u00e9ho pr\u00e1dla. To pom\u00e1h\u00e1 sni\u017eovat ztr\u00e1ty, \u0159\u00eddit cykly pran\u00ed a zaji\u0161\u0165uje, \u017ee \u010dist\u00e9, \u010derstv\u00e9 pr\u00e1dlo bude v\u017edy k dispozici podle pot\u0159eby.<\/div>\n<\/li>\n<li>\n<div class=\"auto-hide-last-sibling-br paragraph_1252f paragraph-element\"><strong>hotely<\/strong>: Spr\u00e1va pr\u00e1dla je obrovsk\u00fd \u00fakol v hotelov\u00e9m pr\u016fmyslu, kde jsou v ob\u011bhu tis\u00edce polo\u017eek, od lo\u017en\u00edho pr\u00e1dla p\u0159es ru\u010dn\u00edky a\u017e po z\u00e1v\u011bsy a \u017eupany. RFID \u0161t\u00edtky na pr\u00e1dlo zjednodu\u0161uj\u00ed sledov\u00e1n\u00ed, zaji\u0161\u0165uj\u00ed v\u010dasn\u00e9 \u010di\u0161t\u011bn\u00ed a v\u00fdm\u011bnu a pom\u00e1haj\u00ed p\u0159i odhalov\u00e1n\u00ed a prevenci kr\u00e1de\u017e\u00ed.<\/div>\n<\/li>\n<li>\n<div class=\"auto-hide-last-sibling-br paragraph_1252f paragraph-element\"><strong>Restaurace<\/strong>: V potravin\u00e1\u0159sk\u00e9m pr\u016fmyslu mohou \u0161t\u00edtky RFID monitorovat pou\u017e\u00edv\u00e1n\u00ed a \u010di\u0161t\u011bn\u00ed uniforem, ubrus\u016f, ubrousk\u016f a kucha\u0159sk\u00fdch z\u00e1st\u011br. To m\u016f\u017ee zlep\u0161it standardy \u010distoty a pomoci udr\u017eet le\u0161t\u011bn\u00fd profesion\u00e1ln\u00ed vzhled.<\/div>\n<\/li>\n<li>\n<div class=\"auto-hide-last-sibling-br paragraph_1252f paragraph-element\"><strong>M\u00f3dn\u00ed od\u011bvn\u00ed pr\u016fmysl<\/strong>: RFID \u0161t\u00edtky hraj\u00ed obrovskou roli p\u0159i sledov\u00e1n\u00ed polo\u017eek v cel\u00e9m dodavatelsk\u00e9m \u0159et\u011bzci, od v\u00fdroby a\u017e po maloobchod. Mohou poskytnout cenn\u00e9 informace, jako je p\u016fvod, cestovn\u00ed historie a dokonce i podrobnosti o l\u00e1tce a pokyny pro p\u00e9\u010di.<\/div>\n<\/li>\n<li>\n<div class=\"auto-hide-last-sibling-br paragraph_1252f paragraph-element\"><strong>Pracovn\u00ed od\u011bvy\/od\u011bvy zpomaluj\u00edc\u00ed ho\u0159en\u00ed<\/strong>: Spole\u010dnosti mohou pou\u017e\u00edvat RFID tagy ke sledov\u00e1n\u00ed a spr\u00e1v\u011b speci\u00e1ln\u00edch od\u011bvn\u00edch polo\u017eek. To m\u016f\u017ee zahrnovat zaji\u0161t\u011bn\u00ed pravideln\u00e9 kontroly ohnivzdorn\u00e9ho nebo jin\u00e9ho ochrann\u00e9ho od\u011bvu, \u0159\u00e1dn\u00e9ho \u010di\u0161t\u011bn\u00ed a v\u00fdm\u011bny podle pot\u0159eby.<\/div>\n<\/li>\n<li>\n<div class=\"auto-hide-last-sibling-br paragraph_1252f paragraph-element\"><strong>Obuv a masky<\/strong>: Zvl\u00e1\u0161t\u011b d\u016fle\u017eit\u00e9 v odv\u011btv\u00edch, jako je zdravotnictv\u00ed a stavebnictv\u00ed, kde je bezpe\u010dnost kritick\u00e1, sledov\u00e1n\u00ed pou\u017e\u00edv\u00e1n\u00ed, \u010di\u0161t\u011bn\u00ed a \u00fadr\u017eba polo\u017eek, jako jsou masky a bezpe\u010dnostn\u00ed obuv, lze zjednodu\u0161it pomoc\u00ed \u0161t\u00edtk\u016f RFID.<\/div>\n<\/li>\n<li>\n<div class=\"auto-hide-last-sibling-br paragraph_1252f paragraph-element\"><strong>Roho\u017ee a mopy<\/strong>: Podnik\u016fm, kter\u00e9 poskytuj\u00ed \u00faklidov\u00e9 slu\u017eby nebo spravuj\u00ed velk\u00e1 za\u0159\u00edzen\u00ed, mohou RFID \u0161t\u00edtky na roho\u017e\u00edch a mopech pomoci sledovat pou\u017e\u00edv\u00e1n\u00ed a \u00fadr\u017ebu a v\u017edy zajistit \u010dist\u00e9 a efektivn\u00ed n\u00e1stroje.<\/div>\n<\/li>\n<\/ol>","protected":false},"excerpt":{"rendered":"<p>Pr\u00e1deln\u00ed \u0161t\u00edtky UHF p\u0159edv\u00e1d\u011bj\u00ed v\u00fdjime\u010dnou schopnost konzistentn\u011b fungovat i p\u0159es vystaven\u00ed p\u0159\u00edsn\u00fdm prac\u00edm proces\u016fm, kter\u00e9 zahrnuj\u00ed sterilizaci, vyh\u0159\u00edvan\u00e9 pran\u00ed, \u010di\u0161t\u011bn\u00ed, su\u0161en\u00ed a \u017eehlen\u00ed. Jsou vyrobeny tak, aby vydr\u017eely stovky prac\u00edch cykl\u016f a st\u00e1le si udr\u017eely vysokou \u00farove\u0148 v\u00fdkonu RFID. Tato konzistence i po \u010detn\u00fdch pran\u00edch zaji\u0161\u0165uje efektivn\u00ed sledov\u00e1n\u00ed a \u0159\u00edzen\u00ed z\u00e1sob po celou dobu \u017eivotnosti pr\u00e1dla, od\u011bv\u016f a dal\u0161\u00edch textiln\u00edch v\u00fdrobk\u016f.<\/p>","protected":false},"featured_media":61,"template":"","meta":{"_kad_post_transparent":"default","_kad_post_title":"","_kad_post_layout":"default","_kad_post_sidebar_id":"","_kad_post_content_style":"default","_kad_post_vertical_padding":"default","_kad_post_feature":"","_kad_post_feature_position":"","_kad_post_header":false,"_kad_post_footer":false,"_kad_post_classname":""},"product_brand":[],"product_cat":[19,16],"product_tag":[25,32,28],"class_list":{"0":"post-59","1":"product","2":"type-product","3":"status-publish","4":"has-post-thumbnail","6":"product_cat-textile-rfid-laundry-tag","7":"product_cat-uhf-rfid-laundry-tags","8":"product_tag-rfid-laundrytags","9":"product_tag-uhf-laundry-tag","10":"product_tag-washable-rfid-tags","12":"first","13":"instock","14":"shipping-taxable","15":"product-type-simple","16":"entry","17":"content-bg","18":"loop-entry"},"_links":{"self":[{"href":"https:\/\/rfid-laundry-tag.com\/cs\/wp-json\/wp\/v2\/product\/59","targetHints":{"allow":["GET"]}}],"collection":[{"href":"https:\/\/rfid-laundry-tag.com\/cs\/wp-json\/wp\/v2\/product"}],"about":[{"href":"https:\/\/rfid-laundry-tag.com\/cs\/wp-json\/wp\/v2\/types\/product"}],"version-history":[{"count":1,"href":"https:\/\/rfid-laundry-tag.com\/cs\/wp-json\/wp\/v2\/product\/59\/revisions"}],"predecessor-version":[{"id":1946,"href":"https:\/\/rfid-laundry-tag.com\/cs\/wp-json\/wp\/v2\/product\/59\/revisions\/1946"}],"wp:featuredmedia":[{"embeddable":true,"href":"https:\/\/rfid-laundry-tag.com\/cs\/wp-json\/wp\/v2\/media\/61"}],"wp:attachment":[{"href":"https:\/\/rfid-laundry-tag.com\/cs\/wp-json\/wp\/v2\/media?parent=59"}],"wp:term":[{"taxonomy":"product_brand","embeddable":true,"href":"https:\/\/rfid-laundry-tag.com\/cs\/wp-json\/wp\/v2\/product_brand?post=59"},{"taxonomy":"product_cat","embeddable":true,"href":"https:\/\/rfid-laundry-tag.com\/cs\/wp-json\/wp\/v2\/product_cat?post=59"},{"taxonomy":"product_tag","embeddable":true,"href":"https:\/\/rfid-laundry-tag.com\/cs\/wp-json\/wp\/v2\/product_tag?post=59"}],"curies":[{"name":"wp","href":"https:\/\/api.w.org\/{rel}","templated":true}]}}