{"id":54,"date":"2024-06-10T14:55:28","date_gmt":"2024-06-10T14:55:28","guid":{"rendered":"https:\/\/rfid-laundry-tag.com\/?post_type=product&#038;p=54"},"modified":"2024-09-26T04:26:47","modified_gmt":"2024-09-26T04:26:47","slug":"rfid-tag-for-linen-laundry","status":"publish","type":"product","link":"https:\/\/rfid-laundry-tag.com\/cs\/rfid-tag-for-linen-laundry\/","title":{"rendered":"RFID \u0161t\u00edtek pro pr\u00e1dlo"},"content":{"rendered":"<div>\n<div class=\"auto-hide-last-sibling-br paragraph_1252f paragraph-element\">\n<h1><strong>RFID \u0161t\u00edtek pro pr\u00e1dlo<\/strong><\/h1>\n<p><strong>Fyzik\u00e1ln\u00ed:<\/strong><\/p>\n<p>Materi\u00e1l: 100% polyester<\/p>\n<p>Velikost: 70 mm \u00d7 15 mm x 1,5 mm<\/p>\n<p>\u010cip: NXP U CODE U8, U9 atd<\/p>\n<p>Zp\u016fsob instalace \u0161t\u00edtku: Typ \u0161it\u00ed, \u017eehlen\u00ed<\/p>\n<p>Protokol: ISO18ooo-6C<\/p>\n<p>\u017dehlen\u00ed: 15 sekund, p\u0159i 210 \u2103<\/p>\n<p>Expozice: 2,5 bar<\/p>\n<p>Su\u0161en\u00ed: 15 minut p\u0159i 180\u00b0C<\/p>\n<p>Pran\u00ed: 15 minut na 90\u00b0C<\/p>\n<p>Myc\u00ed cykly: 200+ cykl\u016f nebo 3 roky<\/p>\n<p>Skladovac\u00ed podm\u00ednky: -20-80\u2103, 5-95%RH<\/p>\n<p>&nbsp;<\/p>\n<\/div>\n<div class=\"auto-hide-last-sibling-br paragraph_1252f paragraph-element\">To, co v\u00fdrazn\u011b odli\u0161uje na\u0161e UHF RFID \u0161t\u00edtky na pr\u00e1dlo od \u0159ady jin\u00fdch pl\u00e1t\u011bn\u00fdch \u0161t\u00edtk\u016f na trhu, je jejich hladk\u00fd a p\u0159ehledn\u00fd vzhled. Jsou p\u016fsobiv\u011b tenk\u00e9, maj\u00ed tlou\u0161\u0165ku 0,55 mm, co\u017e z nich d\u011bl\u00e1 nejten\u010d\u00ed dostupn\u00e9 \u0161t\u00edtky na trhu. Stru\u010dn\u011b \u0159e\u010deno, na\u0161e \u0161t\u00edtky nab\u00edzej\u00ed progresivn\u00ed UHF RFID \u0159e\u0161en\u00ed pro oble\u010den\u00ed, kter\u00e9 p\u0159edstavuje ide\u00e1ln\u00ed kombinaci cenov\u00e9 dostupnosti, robustnosti a jemnosti.<\/div>\n<\/div>\n<div><\/div>\n<div class=\"auto-hide-last-sibling-br paragraph_1252f paragraph-element\">\n<div data-spm-anchor-id=\"a2700.details.0.i57.23b419c7xXORP0\"><span data-spm-anchor-id=\"a2700.details.0.i75.23b419c7xXORP0\"><b>Vlastnosti:<\/b><br \/>\n1) Technologie UHF pro sou\u010dasn\u00e9 \u010dten\u00ed stovek tag\u016f.<br \/>\n2) \u010ctec\u00ed vzd\u00e1lenost v\u00edce ne\u017e 8 stop.<br \/>\n3) Nov\u00fd mechanick\u00fd design pro lep\u0161\u00ed v\u00fdkon pro ploch\u00e9 pr\u00e1dlo.<br \/>\n4) Vhodn\u00e9 pro vysokotlak\u00e9 extraktory do 60 bar.<br \/>\n5) Vhodn\u00e9 pro sterilizaci v autokl\u00e1vu.<br \/>\n6) Mal\u00fd, m\u011bkk\u00fd, pru\u017en\u00fd materi\u00e1l ide\u00e1ln\u00ed pro textilie, pr\u00e1dlo, od\u011bvy a dopl\u0148ky.<\/span><\/div>\n<\/div>\n<div data-spm-anchor-id=\"a2700.details.0.i57.23b419c7xXORP0\"><\/div>\n<div data-spm-anchor-id=\"a2700.details.0.i57.23b419c7xXORP0\">\n<p><img fetchpriority=\"high\" decoding=\"async\" class=\"wp-image-55\" src=\"https:\/\/rfid-laundry-tag.com\/wp-content\/uploads\/2024\/06\/4-300x275.png\" alt=\"RFID Tag for linen laundry\" width=\"605\" height=\"555\" srcset=\"https:\/\/rfid-laundry-tag.com\/wp-content\/uploads\/2024\/06\/4-300x275.png 300w, https:\/\/rfid-laundry-tag.com\/wp-content\/uploads\/2024\/06\/4-600x550.png 600w, https:\/\/rfid-laundry-tag.com\/wp-content\/uploads\/2024\/06\/4-13x12.png 13w, https:\/\/rfid-laundry-tag.com\/wp-content\/uploads\/2024\/06\/4.png 750w\" sizes=\"(max-width: 605px) 100vw, 605px\" \/><\/p>\n<\/div>\n<h3 class=\"wp-block-heading\">Instalace<\/h3>\n<p><strong>Stitch Tagging<\/strong>: K v\u0161it\u00ed do lemu l\u00e1tky. P\u0159i\u0161ijte visa\u010dku na pr\u00e1dlo sm\u011brem od lini\u00ed skl\u00e1d\u00e1n\u00ed.<br \/>\n<strong>Tepeln\u00e9 t\u011bsn\u011bn\u00ed<\/strong>: K tepeln\u00e9mu zataven\u00ed p\u0159\u00edmo na textilii p\u0159i +200\u00b0C (392\u00b0F), po dobu 12~14s.<br \/>\n<strong>V s\u00e1\u010dku<\/strong>: K p\u0159i\u0161it\u00ed jako standardn\u00ed \u0161t\u00edtek pro p\u00e9\u010di. P\u0159i\u0161ijte visa\u010dku na pr\u00e1dlo sm\u011brem od lini\u00ed skl\u00e1d\u00e1n\u00ed.<\/p>\n<h3>V\u00fdhody pou\u017e\u00edv\u00e1n\u00ed RFID \u0161t\u00edtk\u016f ve spr\u00e1v\u011b pr\u00e1delny<\/h3>\n<p>Za\u010dlen\u011bn\u00ed RFID tag\u016f do va\u0161ich prac\u00edch provoz\u016f vede k vy\u0161\u0161\u00ed efektivit\u011b. Automatick\u00e9 sledov\u00e1n\u00ed umo\u017e\u0148uje spr\u00e1vu z\u00e1sob v re\u00e1ln\u00e9m \u010dase, minimalizuje ztr\u00e1ty a uvol\u0148uje \u010das zam\u011bstnanc\u016f. Tyto\u00a0<strong>textiln\u00ed RFID \u0161t\u00edtky<\/strong>\u00a0nab\u00edz\u00ed podnik\u016fm a dom\u00e1cnostem mo\u017enost spravovat a sledovat pr\u00e1dlo, od\u011bvy a dal\u0161\u00ed pr\u00e1dlo s neb\u00fdvalou p\u0159esnost\u00ed, co\u017e zvy\u0161uje kvalitu slu\u017eeb i spokojenost z\u00e1kazn\u00edk\u016f.<\/p>\n<div class=\"auto-hide-last-sibling-br paragraph_1252f paragraph-element\">\n<div class=\"auto-hide-last-sibling-br paragraph_1252f paragraph-element\">RFID \u0161t\u00edtky pro pran\u00ed pr\u00e1dla jsou nepostradateln\u00e9 v mnoha pr\u016fmyslov\u00fdch odv\u011btv\u00edch, rozhoduj\u00edc\u00edm zp\u016fsobem p\u0159isp\u00edvaj\u00ed k efektivn\u00edmu sledov\u00e1n\u00ed majetku, \u0159\u00edzen\u00ed z\u00e1sob a zvy\u0161uj\u00ed celkovou provozn\u00ed efektivitu. Zde je pohled na jejich pou\u017eit\u00ed v r\u016fzn\u00fdch odv\u011btv\u00edch:<\/div>\n<ul class=\"auto-hide-last-sibling-br\">\n<li>\n<div class=\"auto-hide-last-sibling-br paragraph_1252f paragraph-element\">Zdravotn\u00ed p\u00e9\u010de: Nemocnice a dal\u0161\u00ed zdravotnick\u00e1 za\u0159\u00edzen\u00ed vyu\u017e\u00edvaj\u00ed RFID \u0161t\u00edtky na pr\u00e1dlo pro spr\u00e1vu rozs\u00e1hl\u00fdch z\u00e1sob lo\u017en\u00edho pr\u00e1dla, ru\u010dn\u00edk\u016f, peeling\u016f, uniforem a chirurgick\u00e9ho pr\u00e1dla. To pom\u00e1h\u00e1 minimalizovat ztr\u00e1ty, \u0159\u00eddit cykly pran\u00ed a zajistit, aby \u010dist\u00e9 a \u010derstv\u00e9 pr\u00e1dlo bylo neust\u00e1le k dispozici podle po\u017eadavk\u016f.<\/div>\n<\/li>\n<li>\n<div class=\"auto-hide-last-sibling-br paragraph_1252f paragraph-element\">Hotely: V hotelov\u00e9m pr\u016fmyslu je spr\u00e1va lo\u017en\u00edho pr\u00e1dla kolos\u00e1ln\u00ed \u00fakol, p\u0159i\u010dem\u017e v ob\u011bhu jsou tis\u00edce polo\u017eek, jako jsou l\u016f\u017ekoviny, ru\u010dn\u00edky, z\u00e1v\u011bsy a \u017eupany. RFID \u0161t\u00edtky na pr\u00e1dlo pom\u00e1haj\u00ed zefektivnit tento \u00fakol, zaji\u0161\u0165uj\u00ed v\u010dasn\u00e9 \u010di\u0161t\u011bn\u00ed a v\u00fdm\u011bnu a pom\u00e1haj\u00ed p\u0159i detekci a prevenci kr\u00e1de\u017e\u00ed.<\/div>\n<\/li>\n<li>\n<div class=\"auto-hide-last-sibling-br paragraph_1252f paragraph-element\">Restaurace: V r\u00e1mci potravin\u00e1\u0159sk\u00e9ho pr\u016fmyslu pom\u00e1haj\u00ed \u0161t\u00edtky RFID sledovat vyu\u017eit\u00ed a \u010distotu uniforem, ubrus\u016f, ubrousk\u016f a kucha\u0159sk\u00fdch z\u00e1st\u011br. To m\u016f\u017ee zv\u00fd\u0161it standardy \u010distoty a pomoci zachovat elegantn\u00ed, profesion\u00e1ln\u00ed vzhled.<\/div>\n<\/li>\n<li>\n<div class=\"auto-hide-last-sibling-br paragraph_1252f paragraph-element\">Fashion Apparel Industries: V rozruchu m\u00f3dy hraj\u00ed RFID \u0161t\u00edtky podstatnou roli p\u0159i sledov\u00e1n\u00ed polo\u017eek v cel\u00e9m dodavatelsk\u00e9m \u0159et\u011bzci od v\u00fdroby a\u017e po maloobchodn\u00ed vystaven\u00ed. Mohou nab\u00eddnout cenn\u00e9 informace, jako je p\u016fvod, cestovn\u00ed historie a dokonce i slo\u017eit\u00e9 podrobnosti o l\u00e1tce a pokyny pro p\u00e9\u010di.<\/div>\n<\/li>\n<li>\n<div class=\"auto-hide-last-sibling-br paragraph_1252f paragraph-element\">Pracovn\u00ed od\u011bvy\/od\u011bvy zpomaluj\u00edc\u00ed ho\u0159en\u00ed: RFID \u0161t\u00edtky pou\u017e\u00edvaj\u00ed spole\u010dnosti ke sledov\u00e1n\u00ed a spr\u00e1v\u011b speci\u00e1ln\u00edch od\u011bv\u016f. To zahrnuje zaji\u0161t\u011bn\u00ed toho, aby byl od\u011bv zpomaluj\u00edc\u00ed ho\u0159en\u00ed nebo jin\u00fd ochrann\u00fd od\u011bv pravideln\u011b kontrolov\u00e1n, vhodn\u011b \u010di\u0161t\u011bn a v p\u0159\u00edpad\u011b pot\u0159eby vym\u011bn\u011bn.<\/div>\n<\/li>\n<li>\n<div class=\"auto-hide-last-sibling-br paragraph_1252f paragraph-element\">Obuv a masky: V\u00fdznamn\u00e9 v odv\u011btv\u00edch, jako je zdravotnictv\u00ed a stavebnictv\u00ed, kde nelze ohrozit bezpe\u010dnost, sledov\u00e1n\u00ed pou\u017e\u00edv\u00e1n\u00ed, \u010distoty a \u00fadr\u017eby polo\u017eek, jako jsou masky a bezpe\u010dnostn\u00ed obuv, je zjednodu\u0161eno pomoc\u00ed RFID \u0161t\u00edtk\u016f.<\/div>\n<\/li>\n<li>\n<div class=\"auto-hide-last-sibling-br paragraph_1252f paragraph-element\">Roho\u017ee a mopy: Firmy poskytuj\u00edc\u00ed \u00faklidov\u00e9 slu\u017eby nebo spravuj\u00edc\u00ed velk\u00e1 za\u0159\u00edzen\u00ed mohou t\u011b\u017eit z RFID \u0161t\u00edtk\u016f na roho\u017e\u00edch a mopech. Budou moci sledovat pou\u017e\u00edv\u00e1n\u00ed a \u00fadr\u017ebu a v\u017edy zajistit \u010dist\u00e9 a efektivn\u00ed n\u00e1stroje.<\/div>\n<\/li>\n<\/ul>\n<h3>Ekologick\u00e9 nakupov\u00e1n\u00ed<\/h3>\n<p>Na\u0161e RFID \u0161t\u00edtky jsou navr\u017eeny s ohledem na ekologii. Minimalizac\u00ed ru\u010dn\u00ed manipulace a sn\u00ed\u017een\u00edm po\u010dtu nespr\u00e1vn\u011b um\u00edst\u011bn\u00fdch polo\u017eek m\u016f\u017eete pomoci sn\u00ed\u017eit uhl\u00edkovou stopu spojenou s pran\u00edm. The\u00a0<strong>RFID \u0161t\u00edtky na pr\u00e1dlo<\/strong>\u00a0lze na konci \u017eivotn\u00edho cyklu recyklovat, co\u017e p\u0159isp\u00edv\u00e1 k udr\u017eiteln\u00fdm postup\u016fm.<\/p>\n<h3>Co je technologie UHF RFID?<\/h3>\n<p>RFID (Radio Frequency Identification) je technologie, kter\u00e1 vyu\u017e\u00edv\u00e1 elektromagnetick\u00e1 pole k automatick\u00e9 identifikaci a sledov\u00e1n\u00ed \u0161t\u00edtk\u016f p\u0159ipojen\u00fdch k objekt\u016fm. UHF RFID pracuje v rozsahu ultra vysok\u00e9 frekvence, co\u017e umo\u017e\u0148uje del\u0161\u00ed \u010dtec\u00ed vzd\u00e1lenosti a rychlej\u0161\u00ed identifikaci, tak\u017ee je ide\u00e1ln\u00ed pro pr\u00e1delny. \u0160t\u00edtky UHF RFID lze p\u0159i\u0161\u00edt nebo p\u0159ipevnit na od\u011bvy a pr\u00e1dlo, co\u017e umo\u017e\u0148uje efektivn\u00ed sledov\u00e1n\u00ed b\u011bhem procesu pran\u00ed.<\/p>\n<h3>\u010casto kladen\u00e9 ot\u00e1zky (FAQ)<\/h3>\n<p><strong>Q1: Jsou \u0161t\u00edtky na pr\u00e1dlo RFID kompatibiln\u00ed se v\u0161emi pr\u00e1deln\u00edmi syst\u00e9my?<\/strong><br \/>\n<strong>A1:<\/strong>\u00a0Ano, na\u0161e RFID \u0161t\u00edtky jsou navr\u017eeny tak, aby bezprobl\u00e9mov\u011b fungovaly se standardn\u00edmi RFID \u010dte\u010dkami pou\u017e\u00edvan\u00fdmi v pr\u00e1deln\u00e1ch.<\/p>\n<p><strong>Q2: Jak mohu recyklovat pou\u017eit\u00e9 \u0161t\u00edtky RFID?<\/strong><br \/>\n<strong>A2:<\/strong>\u00a0Po skon\u010den\u00ed jejich \u017eivotnosti n\u00e1m m\u016f\u017eete \u0161t\u00edtky vr\u00e1tit k recyklaci nebo zkontrolovat m\u00edstn\u00ed za\u0159\u00edzen\u00ed, kter\u00e1 nakl\u00e1daj\u00ed s elektronick\u00fdm odpadem.<\/p>\n<p><strong>Q3: Mohu ozna\u010dit pr\u00e1dlo pro osobn\u00ed pou\u017eit\u00ed?<\/strong><br \/>\n<strong>A3:<\/strong>\u00a0Absolutn\u011b! Tyto \u0161t\u00edtky lze tak\u00e9 pou\u017e\u00edt v dom\u00e1cnostech k efektivn\u00edmu sledov\u00e1n\u00ed rodinn\u00e9ho pr\u00e1dla.<\/p>\n<h3>Pro\u010d si pro sv\u00e1 \u0159e\u0161en\u00ed RFID vybrat n\u00e1s?<\/h3>\n<p>D\u00edky dlouholet\u00fdm odborn\u00fdm znalostem v technologii RFID poskytujeme vysoce kvalitn\u00ed, odoln\u00e1 a inovativn\u00ed \u0159e\u0161en\u00ed \u0161it\u00e1 na m\u00edru pro pr\u00e1delensk\u00fd pr\u016fmysl. Na\u0161e produkty jsou navr\u017eeny tak, aby vyhovovaly r\u016fzn\u00fdm provozn\u00edm pot\u0159eb\u00e1m p\u0159i zachov\u00e1n\u00ed cenov\u00e9 dostupnosti a odpov\u011bdnosti v\u016f\u010di \u017eivotn\u00edmu prost\u0159ed\u00ed.<\/p>\n<p>Zveme v\u00e1s, abyste dnes transformovali sv\u00e9 pr\u00e1delny a investovali do na\u0161ich UHF RFID \u0161t\u00edtk\u016f na pr\u00e1dlo. S prok\u00e1zan\u00fdmi v\u00fdsledky p\u0159i zlep\u0161ov\u00e1n\u00ed efektivity, spr\u00e1v\u011b textili\u00ed a zaji\u0161\u0165ov\u00e1n\u00ed odpov\u011bdnosti nejsou tyto \u0161t\u00edtky jen investic\u00ed do technologie, ale tak\u00e9 investic\u00ed do klidu.<\/p>\n<h3>Z\u00e1v\u011br<\/h3>\n<p>Za\u010dlen\u011bn\u00edm technologie UHF RFID do va\u0161eho provozu do budoucnosti v\u00fdrazn\u011b zv\u00fd\u0161\u00ed va\u0161i efektivitu a spolehlivost. Nenechte si uj\u00edt \u0161anci zv\u00fd\u0161it sv\u00e9 schopnosti zpracov\u00e1n\u00ed pr\u00e1dla.<\/p>\n<\/div>","protected":false},"excerpt":{"rendered":"<div class=\"auto-hide-last-sibling-br paragraph_1252f paragraph-element\">Zvy\u0161te efektivitu pran\u00ed pomoc\u00ed na\u0161ich odoln\u00fdch RFID \u0161t\u00edtk\u016f UHF, ur\u010den\u00fdch pro pr\u00e1dlo a od\u011bvy. Omyvateln\u00fd, teplotn\u011b odoln\u00fd a ide\u00e1ln\u00ed pro sledov\u00e1n\u00ed!<\/div>\n<div><\/div>\n<div class=\"auto-hide-last-sibling-br paragraph_1252f paragraph-element\"><\/div>","protected":false},"featured_media":58,"template":"","meta":{"_kad_post_transparent":"default","_kad_post_title":"","_kad_post_layout":"default","_kad_post_sidebar_id":"","_kad_post_content_style":"default","_kad_post_vertical_padding":"default","_kad_post_feature":"","_kad_post_feature_position":"","_kad_post_header":false,"_kad_post_footer":false,"_kad_post_classname":""},"product_brand":[],"product_cat":[19],"product_tag":[25,285,30,28],"class_list":{"0":"post-54","1":"product","2":"type-product","3":"status-publish","4":"has-post-thumbnail","6":"product_cat-textile-rfid-laundry-tag","7":"product_tag-rfid-laundrytags","8":"product_tag-rfid-tag","9":"product_tag-uhf-rfid-laundry-tag","10":"product_tag-washable-rfid-tags","12":"first","13":"instock","14":"shipping-taxable","15":"product-type-simple","16":"entry","17":"content-bg","18":"loop-entry"},"_links":{"self":[{"href":"https:\/\/rfid-laundry-tag.com\/cs\/wp-json\/wp\/v2\/product\/54","targetHints":{"allow":["GET"]}}],"collection":[{"href":"https:\/\/rfid-laundry-tag.com\/cs\/wp-json\/wp\/v2\/product"}],"about":[{"href":"https:\/\/rfid-laundry-tag.com\/cs\/wp-json\/wp\/v2\/types\/product"}],"version-history":[{"count":3,"href":"https:\/\/rfid-laundry-tag.com\/cs\/wp-json\/wp\/v2\/product\/54\/revisions"}],"predecessor-version":[{"id":2684,"href":"https:\/\/rfid-laundry-tag.com\/cs\/wp-json\/wp\/v2\/product\/54\/revisions\/2684"}],"wp:featuredmedia":[{"embeddable":true,"href":"https:\/\/rfid-laundry-tag.com\/cs\/wp-json\/wp\/v2\/media\/58"}],"wp:attachment":[{"href":"https:\/\/rfid-laundry-tag.com\/cs\/wp-json\/wp\/v2\/media?parent=54"}],"wp:term":[{"taxonomy":"product_brand","embeddable":true,"href":"https:\/\/rfid-laundry-tag.com\/cs\/wp-json\/wp\/v2\/product_brand?post=54"},{"taxonomy":"product_cat","embeddable":true,"href":"https:\/\/rfid-laundry-tag.com\/cs\/wp-json\/wp\/v2\/product_cat?post=54"},{"taxonomy":"product_tag","embeddable":true,"href":"https:\/\/rfid-laundry-tag.com\/cs\/wp-json\/wp\/v2\/product_tag?post=54"}],"curies":[{"name":"wp","href":"https:\/\/api.w.org\/{rel}","templated":true}]}}