{"id":49,"date":"2024-06-09T15:22:23","date_gmt":"2024-06-09T15:22:23","guid":{"rendered":"https:\/\/rfid-laundry-tag.com\/?post_type=product&#038;p=49"},"modified":"2024-09-08T05:30:18","modified_gmt":"2024-09-08T05:30:18","slug":"washable-rfid-laundry-tags","status":"publish","type":"product","link":"https:\/\/rfid-laundry-tag.com\/cs\/washable-rfid-laundry-tags\/","title":{"rendered":"Omyvateln\u00e9 \u0161t\u00edtky na pr\u00e1dlo RFID"},"content":{"rendered":"<div class=\"auto-hide-last-sibling-br paragraph_1252f paragraph-element\">\n<div>\n<div class=\"auto-hide-last-sibling-br paragraph_1252f paragraph-element\">Na\u0161e omyvateln\u00e9 \u0161t\u00edtky RFID Laundry Tags, tak\u00e9 zn\u00e1m\u00e9 jako Apparel Washable RFID Laundry Tags, poskytuj\u00ed v\u0161estrannou volbu ve srovn\u00e1n\u00ed s tradi\u010dn\u00edmi \u0161t\u00edtky na pr\u00e1dlo RFID. Tyto speci\u00e1ln\u011b navr\u017een\u00e9 \u0161t\u00edtky vydr\u017e\u00ed v\u00edce ne\u017e 50 myc\u00edch cykl\u016f v dom\u00e1cnosti s pouze mal\u00fdm sn\u00ed\u017een\u00edm v\u00fdkonu RFID v rozsahu od 10% do 15%. Jako n\u00e1kladov\u011b efektivn\u00ed \u0159e\u0161en\u00ed jsou tyto vodot\u011bsn\u00e9 RFID \u0161t\u00edtky vhodn\u00e9 pro p\u016fj\u010dovny a maloobchodn\u00ed \u00fa\u010dely, v\u010detn\u011b od\u011bv\u016f, obuvi a prost\u011bradel.<\/div>\n<p>&nbsp;<\/p>\n<div class=\"auto-hide-last-sibling-br paragraph_1252f paragraph-element\">Tyto \u0161t\u00edtky maj\u00ed jedine\u010dnou strukturu a ochranu pro \u010dip RFID a prokazuj\u00ed odolnost a p\u0159e\u017eij\u00ed v\u00edce ne\u017e 50 cykl\u016f pran\u00ed v dom\u00e1cnosti. Mohou b\u00fdt diskr\u00e9tn\u011b skryty do \u0161vu nebo za\u010dlen\u011bny do \u0161t\u00edtku p\u00e9\u010de, tak\u017ee si je prakticky nikdo nev\u0161imne.<\/div>\n<p>&nbsp;<\/p>\n<div class=\"auto-hide-last-sibling-br paragraph_1252f paragraph-element\">Charakteristick\u00fdm rysem na\u0161ich omyvateln\u00fdch \u0161t\u00edtk\u016f RFID Laundry Tags, kter\u00fd je odli\u0161uje od ostatn\u00edch omyvateln\u00fdch pl\u00e1t\u011bn\u00fdch \u0161t\u00edtk\u016f, je jejich tenk\u00fd, pr\u016fhledn\u00fd design o tlou\u0161\u0165ce pouh\u00fdch 0,55 mm. Doch\u00e1z\u00ed k z\u00e1v\u011bru, \u017ee je nejten\u010d\u00ed na trhu. Celkov\u011b poskytuje inovativn\u00ed \u0159e\u0161en\u00ed UHF RFID pro oble\u010den\u00ed, kter\u00e9 nab\u00edz\u00ed kombinaci hospod\u00e1rnosti, odolnosti a diskr\u00e9tnosti.<\/div>\n<div><\/div>\n<\/div>\n<div data-spm-anchor-id=\"a2700.details.0.i57.23b419c7xXORP0\"><span data-spm-anchor-id=\"a2700.details.0.i75.23b419c7xXORP0\"><b>Vlastnosti:<\/b><br \/>\n1) Technologie UHF pro sou\u010dasn\u00e9 \u010dten\u00ed stovek tag\u016f.<br \/>\n2) \u010ctec\u00ed vzd\u00e1lenost v\u00edce ne\u017e 8 stop.<br \/>\n3) Nov\u00fd mechanick\u00fd design pro lep\u0161\u00ed v\u00fdkon pro ploch\u00e9 pr\u00e1dlo.<br \/>\n4) Vhodn\u00e9 pro vysokotlak\u00e9 extraktory do 60 bar.<br \/>\n5) Vhodn\u00e9 pro sterilizaci v autokl\u00e1vu.<br \/>\n6) Mal\u00fd, m\u011bkk\u00fd, pru\u017en\u00fd materi\u00e1l ide\u00e1ln\u00ed pro textilie, pr\u00e1dlo, od\u011bvy a dopl\u0148ky.<\/span><\/div>\n<\/div>\n<div data-spm-anchor-id=\"a2700.details.0.i57.23b419c7xXORP0\"><\/div>\n<div data-spm-anchor-id=\"a2700.details.0.i57.23b419c7xXORP0\">\n<div class=\"text-title\"><span data-spm-anchor-id=\"a2700.details.0.i77.23b419c7xXORP0\">Fyzik\u00e1ln\u00ed:<\/span><\/div>\n<div class=\"text-content\" data-spm-anchor-id=\"a2700.details.0.i54.23b419c7xXORP0\">\n<div>Velikost: 70 mm \u00d7 15 mm x 1,5 mm<\/div>\n<div>\u010cip: UHF<\/div>\n<div>Zp\u016fsob instalace \u0161t\u00edtku: \u0161it\u00ed, \u017eehlen\u00ed<\/div>\n<div>Protokol:ISO18ooo-6C EPC C1G2<\/div>\n<div>\u017dehlen\u00ed: 15 sekund, p\u0159i 210 \u2103<\/div>\n<div>Expozice: 2,5 bar<\/div>\n<div>Su\u0161en\u00ed: 15 minut p\u0159i 180\u00b0C<\/div>\n<div><span data-spm-anchor-id=\"a2700.details.0.i78.23b419c7xXORP0\">Pran\u00ed: 15 minut na 90\u00b0C<\/span><\/div>\n<div>Myc\u00ed cykly: 200+ cykl\u016f nebo 3 roky<br \/>\nSkladovac\u00ed podm\u00ednky: -20-80\u2103, 5-95%RH<\/div>\n<\/div>\n<\/div>\n<h3 class=\"wp-block-heading\">Instalace<\/h3>\n<p><strong>Stitch Tagging<\/strong>: K v\u0161it\u00ed do lemu l\u00e1tky. P\u0159i\u0161ijte visa\u010dku na pr\u00e1dlo sm\u011brem od lini\u00ed skl\u00e1d\u00e1n\u00ed.<br \/>\n<strong>Tepeln\u00e9 t\u011bsn\u011bn\u00ed<\/strong>: K tepeln\u00e9mu zataven\u00ed p\u0159\u00edmo na textilii p\u0159i +200\u00b0C (392\u00b0F), po dobu 12~14s.<br \/>\n<strong>V s\u00e1\u010dku<\/strong>: K p\u0159i\u0161it\u00ed jako standardn\u00ed \u0161t\u00edtek pro p\u00e9\u010di. P\u0159i\u0161ijte visa\u010dku na pr\u00e1dlo sm\u011brem od lini\u00ed skl\u00e1d\u00e1n\u00ed.<\/p>\n<div class=\"auto-hide-last-sibling-br paragraph_1252f paragraph-element\">Omyvateln\u00e9 \u0161t\u00edtky RFID Laundry Tags jsou ned\u00edlnou sou\u010d\u00e1st\u00ed \u0159ady pr\u016fmyslov\u00fdch odv\u011btv\u00ed, poskytuj\u00ed efektivn\u00ed sledov\u00e1n\u00ed majetku, spr\u00e1vu z\u00e1sob a zvy\u0161uj\u00ed celkovou provozn\u00ed produktivitu. Zde jsou n\u011bkter\u00e9 z jeho aplikac\u00ed v r\u016fzn\u00fdch odv\u011btv\u00edch:<\/div>\n<ol class=\"auto-hide-last-sibling-br\">\n<li>\n<div class=\"auto-hide-last-sibling-br paragraph_1252f paragraph-element\"><strong>Zdravotnictv\u00ed<\/strong>: Nemocnice a dal\u0161\u00ed zdravotnick\u00e1 za\u0159\u00edzen\u00ed pou\u017e\u00edvaj\u00ed RFID \u0161t\u00edtky na pr\u00e1dlo ke spr\u00e1v\u011b obrovsk\u00fdch z\u00e1sob prost\u011bradel, ru\u010dn\u00edk\u016f, peeling\u016f, uniforem a chirurgick\u00e9ho pr\u00e1dla. To pom\u00e1h\u00e1 sni\u017eovat ztr\u00e1ty, \u0159\u00eddit cykly pran\u00ed a zaji\u0161\u0165uje, \u017ee \u010dist\u00e9, \u010derstv\u00e9 pr\u00e1dlo bude v\u017edy k dispozici podle pot\u0159eby.<\/div>\n<\/li>\n<li>\n<div class=\"auto-hide-last-sibling-br paragraph_1252f paragraph-element\"><strong>hotely<\/strong>: Spr\u00e1va pr\u00e1dla je obrovsk\u00fd \u00fakol v hotelov\u00e9m pr\u016fmyslu, kde jsou v ob\u011bhu tis\u00edce polo\u017eek, od lo\u017en\u00edho pr\u00e1dla p\u0159es ru\u010dn\u00edky a\u017e po z\u00e1v\u011bsy a \u017eupany. RFID \u0161t\u00edtky na pr\u00e1dlo zjednodu\u0161uj\u00ed sledov\u00e1n\u00ed, zaji\u0161\u0165uj\u00ed v\u010dasn\u00e9 \u010di\u0161t\u011bn\u00ed a v\u00fdm\u011bnu a pom\u00e1haj\u00ed p\u0159i odhalov\u00e1n\u00ed a prevenci kr\u00e1de\u017e\u00ed.<\/div>\n<\/li>\n<li>\n<div class=\"auto-hide-last-sibling-br paragraph_1252f paragraph-element\"><strong>Restaurace<\/strong>: V potravin\u00e1\u0159sk\u00e9m pr\u016fmyslu mohou \u0161t\u00edtky RFID monitorovat pou\u017e\u00edv\u00e1n\u00ed a \u010di\u0161t\u011bn\u00ed uniforem, ubrus\u016f, ubrousk\u016f a kucha\u0159sk\u00fdch z\u00e1st\u011br. To m\u016f\u017ee zlep\u0161it standardy \u010distoty a pomoci udr\u017eet le\u0161t\u011bn\u00fd profesion\u00e1ln\u00ed vzhled.<\/div>\n<\/li>\n<li>\n<div class=\"auto-hide-last-sibling-br paragraph_1252f paragraph-element\"><strong>M\u00f3dn\u00ed od\u011bvn\u00ed pr\u016fmysl<\/strong>: RFID \u0161t\u00edtky hraj\u00ed obrovskou roli p\u0159i sledov\u00e1n\u00ed polo\u017eek v cel\u00e9m dodavatelsk\u00e9m \u0159et\u011bzci, od v\u00fdroby a\u017e po maloobchod. Mohou poskytnout cenn\u00e9 informace, jako je p\u016fvod, cestovn\u00ed historie a dokonce i podrobnosti o l\u00e1tce a pokyny pro p\u00e9\u010di.<\/div>\n<\/li>\n<li>\n<div class=\"auto-hide-last-sibling-br paragraph_1252f paragraph-element\"><strong>Pracovn\u00ed od\u011bvy\/od\u011bvy zpomaluj\u00edc\u00ed ho\u0159en\u00ed<\/strong>: Spole\u010dnosti mohou pou\u017e\u00edvat RFID tagy ke sledov\u00e1n\u00ed a spr\u00e1v\u011b speci\u00e1ln\u00edch od\u011bvn\u00edch polo\u017eek. To m\u016f\u017ee zahrnovat zaji\u0161t\u011bn\u00ed pravideln\u00e9 kontroly ohnivzdorn\u00e9ho nebo jin\u00e9ho ochrann\u00e9ho od\u011bvu, \u0159\u00e1dn\u00e9ho \u010di\u0161t\u011bn\u00ed a v\u00fdm\u011bny podle pot\u0159eby.<\/div>\n<\/li>\n<li>\n<div class=\"auto-hide-last-sibling-br paragraph_1252f paragraph-element\"><strong>Obuv a masky<\/strong>: Zvl\u00e1\u0161t\u011b d\u016fle\u017eit\u00e9 v odv\u011btv\u00edch, jako je zdravotnictv\u00ed a stavebnictv\u00ed, kde je bezpe\u010dnost kritick\u00e1, sledov\u00e1n\u00ed pou\u017e\u00edv\u00e1n\u00ed, \u010di\u0161t\u011bn\u00ed a \u00fadr\u017eba polo\u017eek, jako jsou masky a bezpe\u010dnostn\u00ed obuv, lze zjednodu\u0161it pomoc\u00ed \u0161t\u00edtk\u016f RFID.<\/div>\n<\/li>\n<li>\n<div class=\"auto-hide-last-sibling-br paragraph_1252f paragraph-element\"><strong>Roho\u017ee a mopy<\/strong>: Podnik\u016fm, kter\u00e9 poskytuj\u00ed \u00faklidov\u00e9 slu\u017eby nebo spravuj\u00ed velk\u00e1 za\u0159\u00edzen\u00ed, mohou RFID \u0161t\u00edtky na roho\u017e\u00edch a mopech pomoci sledovat pou\u017e\u00edv\u00e1n\u00ed a \u00fadr\u017ebu a v\u017edy zajistit \u010dist\u00e9 a efektivn\u00ed n\u00e1stroje.<\/div>\n<\/li>\n<\/ol>","protected":false},"excerpt":{"rendered":"<div class=\"auto-hide-last-sibling-br paragraph_1252f paragraph-element\">Na\u0161e omyvateln\u00e9 \u0161t\u00edtky na pr\u00e1dlo RFID, zn\u00e1m\u00e9 tak\u00e9 jako \u0161t\u00edtky na pr\u00e1dlo RFID, vykazuj\u00ed sm\u011bs m\u011bkkosti a pevnosti, proto\u017ee jsou vyrobeny s odolnou pry\u017eovou vn\u011bj\u0161\u00edm povrchem. Jsou to \u0161t\u00edtky na od\u011bvy navr\u017een\u00e9 tak, aby byly flexibiln\u00ed a robustn\u00ed \u2013 schopn\u00e9 vydr\u017eet a\u017e 200 prac\u00edch cykl\u016f a p\u0159e\u017e\u00edt tlak a\u017e 60 bar\u016f.<\/div>\n<div class=\"auto-hide-last-sibling-br paragraph_1252f paragraph-element\">Na\u0161e UHF RFID \u0161t\u00edtky na pr\u00e1dlo jsou zn\u00e1m\u00e9 sv\u00fdmi vynikaj\u00edc\u00edmi schopnostmi hromadn\u00e9ho \u010dten\u00ed, kter\u00e9 lze efektivn\u011b detekovat na n\u011bkolik metr\u016f. Jejich rozm\u011bry se li\u0161\u00ed od 1,5 do 3 palc\u016f na d\u00e9lku a p\u016fl a\u017e 1 palec na \u0161\u00ed\u0159ku, co\u017e vyhovuje r\u016fzn\u00fdm po\u017eadavk\u016fm.<\/div>\n<div class=\"auto-hide-last-sibling-br paragraph_1252f paragraph-element\">Tyto omyvateln\u00e9 \u0161t\u00edtky RFID se \u010dasto pou\u017e\u00edvaj\u00ed v l\u00e9ka\u0159sk\u00e9 oblasti, \u010dasto se lep\u00ed na peelingy, kter\u00e9 nos\u00ed l\u00e9ka\u0159i a sestry. Krom\u011b toho nach\u00e1zej\u00ed uplatn\u011bn\u00ed u jin\u00fdch profesion\u00e1ln\u00edch od\u011bv\u016f, kost\u00fdm\u016f a p\u0159edm\u011bt\u016f k pron\u00e1jmu, jako jsou roho\u017ee. Tato v\u0161estrannost a odolnost z nich \u010din\u00ed ide\u00e1ln\u00ed volbu pro r\u016fzn\u00e1 prost\u0159ed\u00ed.<\/div>","protected":false},"featured_media":51,"template":"","meta":{"_kad_post_transparent":"default","_kad_post_title":"","_kad_post_layout":"default","_kad_post_sidebar_id":"","_kad_post_content_style":"default","_kad_post_vertical_padding":"default","_kad_post_feature":"","_kad_post_feature_position":"","_kad_post_header":false,"_kad_post_footer":false,"_kad_post_classname":""},"product_brand":[],"product_cat":[19,16],"product_tag":[25,27,29,28],"class_list":{"0":"post-49","1":"product","2":"type-product","3":"status-publish","4":"has-post-thumbnail","6":"product_cat-textile-rfid-laundry-tag","7":"product_cat-uhf-rfid-laundry-tags","8":"product_tag-rfid-laundrytags","9":"product_tag-uhf-rfid-textile-laundry-tag","10":"product_tag-washable-rfid-laundry-tags","11":"product_tag-washable-rfid-tags","13":"first","14":"instock","15":"shipping-taxable","16":"product-type-simple","17":"entry","18":"content-bg","19":"loop-entry"},"_links":{"self":[{"href":"https:\/\/rfid-laundry-tag.com\/cs\/wp-json\/wp\/v2\/product\/49","targetHints":{"allow":["GET"]}}],"collection":[{"href":"https:\/\/rfid-laundry-tag.com\/cs\/wp-json\/wp\/v2\/product"}],"about":[{"href":"https:\/\/rfid-laundry-tag.com\/cs\/wp-json\/wp\/v2\/types\/product"}],"version-history":[{"count":1,"href":"https:\/\/rfid-laundry-tag.com\/cs\/wp-json\/wp\/v2\/product\/49\/revisions"}],"predecessor-version":[{"id":1954,"href":"https:\/\/rfid-laundry-tag.com\/cs\/wp-json\/wp\/v2\/product\/49\/revisions\/1954"}],"wp:featuredmedia":[{"embeddable":true,"href":"https:\/\/rfid-laundry-tag.com\/cs\/wp-json\/wp\/v2\/media\/51"}],"wp:attachment":[{"href":"https:\/\/rfid-laundry-tag.com\/cs\/wp-json\/wp\/v2\/media?parent=49"}],"wp:term":[{"taxonomy":"product_brand","embeddable":true,"href":"https:\/\/rfid-laundry-tag.com\/cs\/wp-json\/wp\/v2\/product_brand?post=49"},{"taxonomy":"product_cat","embeddable":true,"href":"https:\/\/rfid-laundry-tag.com\/cs\/wp-json\/wp\/v2\/product_cat?post=49"},{"taxonomy":"product_tag","embeddable":true,"href":"https:\/\/rfid-laundry-tag.com\/cs\/wp-json\/wp\/v2\/product_tag?post=49"}],"curies":[{"name":"wp","href":"https:\/\/api.w.org\/{rel}","templated":true}]}}