{"id":40,"date":"2024-06-03T15:49:08","date_gmt":"2024-06-03T15:49:08","guid":{"rendered":"https:\/\/rfid-laundry-tag.com\/?post_type=product&#038;p=40"},"modified":"2024-09-08T05:31:52","modified_gmt":"2024-09-08T05:31:52","slug":"washable-uhf-rfid-laundry-tag","status":"publish","type":"product","link":"https:\/\/rfid-laundry-tag.com\/cs\/washable-uhf-rfid-laundry-tag\/","title":{"rendered":"Omyvateln\u00fd UHF RFID Laundry Tag"},"content":{"rendered":"<h2>Omyvateln\u00fd <strong>UHF<\/strong> RFID Laundry Tag<\/h2>\n<p>RFID visa\u010dka na pr\u00e1dlo vyroben\u00e1 z textiln\u00edho materi\u00e1lu o rozm\u011brech 70*15mm a vybaven\u00e1 \u010dipem NXP U CODE 9 je efektivn\u00ed n\u00e1stroj ur\u010den\u00fd pro efektivn\u00ed sledov\u00e1n\u00ed a spr\u00e1vu textili\u00ed, jako je pr\u00e1dlo, uniformy, ru\u010dn\u00edky a dal\u0161\u00ed.<\/p>\n<div class=\"auto-hide-last-sibling-br paragraph_1252f paragraph-element\">Kl\u00ed\u010dov\u00e9 vlastnosti:<\/div>\n<ol class=\"auto-hide-last-sibling-br\">\n<li>\n<div class=\"auto-hide-last-sibling-br paragraph_1252f paragraph-element\"><strong>Materi\u00e1l &amp; Velikost<\/strong>: Tento \u0161t\u00edtek RFID je vyroben z materi\u00e1lu \u0161etrn\u00e9ho k textilu a m\u011b\u0159\u00ed 70 mm x 15 mm, co\u017e je velikost, kter\u00e1 je ide\u00e1ln\u00ed pro diskr\u00e9tn\u00ed ozna\u010dov\u00e1n\u00ed r\u016fzn\u00fdch typ\u016f l\u00e1tek bez ovlivn\u011bn\u00ed jejich estetick\u00fdch nebo hmatov\u00fdch vlastnost\u00ed.<\/div>\n<\/li>\n<li>\n<div class=\"auto-hide-last-sibling-br paragraph_1252f paragraph-element\"><strong>RFID \u010dip<\/strong>: Vestav\u011bn\u00fd \u010dip NXP U CODE 9 zaji\u0161\u0165uje vysok\u00fd v\u00fdkon a spolehlivou funk\u010dnost. Tento mikro\u010dip usnad\u0148uje p\u0159enos dat na velk\u00e9 vzd\u00e1lenosti a m\u00e1 rozs\u00e1hlou pam\u011b\u0165ovou kapacitu pro ukl\u00e1d\u00e1n\u00ed informac\u00ed o p\u0159edm\u011btu.<\/div>\n<\/li>\n<li>\n<div class=\"auto-hide-last-sibling-br paragraph_1252f paragraph-element\"><strong>Trvanlivost<\/strong>: Navzdory m\u011bkk\u00e9 a flexibiln\u00ed textiln\u00ed konstrukci je tento RFID \u0161t\u00edtek na pr\u00e1dlo navr\u017een tak, aby vydr\u017eel n\u00e1ro\u010dn\u00e9 procesy pran\u00ed, \u017eehlen\u00ed a lisov\u00e1n\u00ed. Dok\u00e1\u017ee odolat vod\u011b, teplu a tlaku, p\u0159i\u010dem\u017e si zachov\u00e1v\u00e1 svou integritu a funkci navzdory opakovan\u00fdm cykl\u016fm pr\u016fmyslov\u00e9ho pran\u00ed.<\/div>\n<\/li>\n<li>\n<div class=\"auto-hide-last-sibling-br paragraph_1252f paragraph-element\"><strong>\u00da\u010dinnost<\/strong>: Technologie \u010dipu NXP U CODE 9 umo\u017e\u0148uje rychl\u00e9 a p\u0159esn\u00e9 skenov\u00e1n\u00ed \u0161t\u00edtku i p\u0159i sc\u00e9n\u00e1\u0159\u00edch hromadn\u00e9ho \u010dten\u00ed. V\u00fdsledkem je rychl\u00e9 zpracov\u00e1n\u00ed, zkr\u00e1cen\u00ed doby provozu a zlep\u0161en\u00ed produktivity v oblasti textiln\u00edho managementu.<\/div>\n<\/li>\n<li>\n<div class=\"auto-hide-last-sibling-br paragraph_1252f paragraph-element\"><strong>aplikace<\/strong>: Tyto RFID \u0161t\u00edtky jsou prim\u00e1rn\u011b v\u0161ity nebo tepeln\u011b zataveny do textili\u00ed p\u0159ed uveden\u00edm do provozu. Po p\u0159ipojen\u00ed lze snadno usnadnit automatizovanou spr\u00e1vu z\u00e1sob, \u0159\u00edzen\u00ed proces\u016f a prevenci ztr\u00e1t d\u00edky schopnosti bezdr\u00e1tov\u00e9ho sledov\u00e1n\u00ed, kterou tyto \u0161t\u00edtky poskytuj\u00ed.<\/div>\n<\/li>\n<\/ol>\n<h3 class=\"wp-block-heading\">Instalace<\/h3>\n<p><strong>Stitch Tagging<\/strong>: K v\u0161it\u00ed do lemu l\u00e1tky. P\u0159i\u0161ijte visa\u010dku na pr\u00e1dlo sm\u011brem od lini\u00ed skl\u00e1d\u00e1n\u00ed.<br \/>\n<strong>Tepeln\u00e9 t\u011bsn\u011bn\u00ed<\/strong>: K tepeln\u00e9mu zataven\u00ed p\u0159\u00edmo na textilii p\u0159i +200\u00b0C (392\u00b0F), po dobu 12~14s.<br \/>\n<strong>V s\u00e1\u010dku<\/strong>: K p\u0159i\u0161it\u00ed jako standardn\u00ed \u0161t\u00edtek pro p\u00e9\u010di. P\u0159i\u0161ijte visa\u010dku na pr\u00e1dlo sm\u011brem od lini\u00ed skl\u00e1d\u00e1n\u00ed.<\/p>\n<figure id=\"attachment_42\" aria-describedby=\"caption-attachment-42\" style=\"width: 718px\" class=\"wp-caption alignnone\"><img fetchpriority=\"high\" decoding=\"async\" class=\"wp-image-42\" src=\"https:\/\/rfid-laundry-tag.com\/wp-content\/uploads\/2024\/06\/srchttp___cbu01.alicdn.com_img_ibank_2019_649_165_12443561946_2073715636.jpgreferhttp___cbu01.alicdn-300x160.webp\" alt=\"Washable UHF RFID Laundry Tag\" width=\"718\" height=\"383\" srcset=\"https:\/\/rfid-laundry-tag.com\/wp-content\/uploads\/2024\/06\/srchttp___cbu01.alicdn.com_img_ibank_2019_649_165_12443561946_2073715636.jpgreferhttp___cbu01.alicdn-300x160.webp 300w, https:\/\/rfid-laundry-tag.com\/wp-content\/uploads\/2024\/06\/srchttp___cbu01.alicdn.com_img_ibank_2019_649_165_12443561946_2073715636.jpgreferhttp___cbu01.alicdn-600x320.webp 600w, https:\/\/rfid-laundry-tag.com\/wp-content\/uploads\/2024\/06\/srchttp___cbu01.alicdn.com_img_ibank_2019_649_165_12443561946_2073715636.jpgreferhttp___cbu01.alicdn-18x10.webp 18w, https:\/\/rfid-laundry-tag.com\/wp-content\/uploads\/2024\/06\/srchttp___cbu01.alicdn.com_img_ibank_2019_649_165_12443561946_2073715636.jpgreferhttp___cbu01.alicdn.webp 750w\" sizes=\"(max-width: 718px) 100vw, 718px\" \/><figcaption id=\"caption-attachment-42\" class=\"wp-caption-text\">Omyvateln\u00fd UHF RFID Laundry Tag<\/figcaption><\/figure>\n<div class=\"auto-hide-last-sibling-br paragraph_1252f paragraph-element\"><strong>RFID \u0161t\u00edtky na pr\u00e1dlo<\/strong> jsou ned\u00edlnou sou\u010d\u00e1st\u00ed \u0159ady pr\u016fmyslov\u00fdch odv\u011btv\u00ed, poskytuj\u00ed efektivn\u00ed sledov\u00e1n\u00ed majetku, \u0159\u00edzen\u00ed z\u00e1sob a zvy\u0161uj\u00ed celkovou provozn\u00ed produktivitu. Zde jsou n\u011bkter\u00e9 z jeho aplikac\u00ed v r\u016fzn\u00fdch odv\u011btv\u00edch:<\/div>\n<ol class=\"auto-hide-last-sibling-br\">\n<li>\n<div class=\"auto-hide-last-sibling-br paragraph_1252f paragraph-element\"><strong>Zdravotnictv\u00ed<\/strong>: Nemocnice a dal\u0161\u00ed zdravotnick\u00e1 za\u0159\u00edzen\u00ed pou\u017e\u00edvaj\u00ed RFID \u0161t\u00edtky na pr\u00e1dlo ke spr\u00e1v\u011b obrovsk\u00fdch z\u00e1sob prost\u011bradel, ru\u010dn\u00edk\u016f, peeling\u016f, uniforem a chirurgick\u00e9ho pr\u00e1dla. To pom\u00e1h\u00e1 sni\u017eovat ztr\u00e1ty, \u0159\u00eddit cykly pran\u00ed a zaji\u0161\u0165uje, \u017ee \u010dist\u00e9, \u010derstv\u00e9 pr\u00e1dlo bude v\u017edy k dispozici podle pot\u0159eby.<\/div>\n<\/li>\n<li>\n<div class=\"auto-hide-last-sibling-br paragraph_1252f paragraph-element\"><strong>hotely<\/strong>: Spr\u00e1va pr\u00e1dla je obrovsk\u00fd \u00fakol v hotelov\u00e9m pr\u016fmyslu, kde jsou v ob\u011bhu tis\u00edce polo\u017eek, od lo\u017en\u00edho pr\u00e1dla p\u0159es ru\u010dn\u00edky a\u017e po z\u00e1v\u011bsy a \u017eupany. RFID \u0161t\u00edtky na pr\u00e1dlo zjednodu\u0161uj\u00ed sledov\u00e1n\u00ed, zaji\u0161\u0165uj\u00ed v\u010dasn\u00e9 \u010di\u0161t\u011bn\u00ed a v\u00fdm\u011bnu a pom\u00e1haj\u00ed p\u0159i odhalov\u00e1n\u00ed a prevenci kr\u00e1de\u017e\u00ed.<\/div>\n<\/li>\n<li>\n<div class=\"auto-hide-last-sibling-br paragraph_1252f paragraph-element\"><strong>Restaurace<\/strong>: V potravin\u00e1\u0159sk\u00e9m pr\u016fmyslu mohou \u0161t\u00edtky RFID monitorovat pou\u017e\u00edv\u00e1n\u00ed a \u010di\u0161t\u011bn\u00ed uniforem, ubrus\u016f, ubrousk\u016f a kucha\u0159sk\u00fdch z\u00e1st\u011br. To m\u016f\u017ee zlep\u0161it standardy \u010distoty a pomoci udr\u017eet le\u0161t\u011bn\u00fd profesion\u00e1ln\u00ed vzhled.<\/div>\n<\/li>\n<li>\n<div class=\"auto-hide-last-sibling-br paragraph_1252f paragraph-element\"><strong>M\u00f3dn\u00ed od\u011bvn\u00ed pr\u016fmysl<\/strong>: RFID \u0161t\u00edtky hraj\u00ed obrovskou roli p\u0159i sledov\u00e1n\u00ed polo\u017eek v cel\u00e9m dodavatelsk\u00e9m \u0159et\u011bzci, od v\u00fdroby a\u017e po maloobchod. Mohou poskytnout cenn\u00e9 informace, jako je p\u016fvod, cestovn\u00ed historie a dokonce i podrobnosti o l\u00e1tce a pokyny pro p\u00e9\u010di.<\/div>\n<\/li>\n<li>\n<div class=\"auto-hide-last-sibling-br paragraph_1252f paragraph-element\"><strong>Pracovn\u00ed od\u011bvy\/od\u011bvy zpomaluj\u00edc\u00ed ho\u0159en\u00ed<\/strong>: Spole\u010dnosti mohou pou\u017e\u00edvat RFID tagy ke sledov\u00e1n\u00ed a spr\u00e1v\u011b speci\u00e1ln\u00edch od\u011bvn\u00edch polo\u017eek. To m\u016f\u017ee zahrnovat zaji\u0161t\u011bn\u00ed pravideln\u00e9 kontroly ohnivzdorn\u00e9ho nebo jin\u00e9ho ochrann\u00e9ho od\u011bvu, \u0159\u00e1dn\u00e9ho \u010di\u0161t\u011bn\u00ed a v\u00fdm\u011bny podle pot\u0159eby.<\/div>\n<\/li>\n<li>\n<div class=\"auto-hide-last-sibling-br paragraph_1252f paragraph-element\"><strong>Obuv a masky<\/strong>: Zvl\u00e1\u0161t\u011b d\u016fle\u017eit\u00e9 v odv\u011btv\u00edch, jako je zdravotnictv\u00ed a stavebnictv\u00ed, kde je bezpe\u010dnost kritick\u00e1, sledov\u00e1n\u00ed pou\u017e\u00edv\u00e1n\u00ed, \u010di\u0161t\u011bn\u00ed a \u00fadr\u017eba polo\u017eek, jako jsou masky a bezpe\u010dnostn\u00ed obuv, lze zjednodu\u0161it pomoc\u00ed \u0161t\u00edtk\u016f RFID.<\/div>\n<\/li>\n<li>\n<div class=\"auto-hide-last-sibling-br paragraph_1252f paragraph-element\"><strong>Roho\u017ee a mopy<\/strong>: Podnik\u016fm, kter\u00e9 poskytuj\u00ed \u00faklidov\u00e9 slu\u017eby nebo spravuj\u00ed velk\u00e1 za\u0159\u00edzen\u00ed, mohou RFID \u0161t\u00edtky na roho\u017e\u00edch a mopech pomoci sledovat pou\u017e\u00edv\u00e1n\u00ed a \u00fadr\u017ebu a v\u017edy zajistit \u010dist\u00e9 a efektivn\u00ed n\u00e1stroje.<\/div>\n<\/li>\n<\/ol>","protected":false},"excerpt":{"rendered":"<h3 class=\"wp-block-heading\">Omyvateln\u00fd UHF RFID Laundry Tag<\/h3>\n<p>1, Flexibiln\u00ed, tenk\u00fd, hladk\u00fd a robustn\u00ed.<br \/>\n2, Dlouh\u00fd rozsah \u010dten\u00ed a v\u00fdkon hromadn\u00e9ho \u010dten\u00ed.<br \/>\n3, Garantov\u00e1no na 200 myc\u00edch cykl\u016f, kter\u00e9 pracuj\u00ed p\u0159es sterilizaci, odvodn\u011bn\u00ed, tepeln\u00fd \u017eehlic\u00ed procesor pod tlakem 60 bar\u016f, oh\u0159ev 200\u00b0C.<br \/>\n4, Vhodn\u00e9 pro \u0161it\u00ed, tepeln\u00e9 ut\u011bsn\u011bn\u00ed, s\u00e1\u010dek nebo zav\u011b\u0161en\u00ed.<br \/>\n5, Slu\u017eba On Demand: laserov\u00e9 logo s EPC k\u00f3dov\u00e1n\u00edm v RFID \u010dipu.<\/p>","protected":false},"featured_media":41,"template":"","meta":{"_kad_post_transparent":"default","_kad_post_title":"","_kad_post_layout":"default","_kad_post_sidebar_id":"","_kad_post_content_style":"default","_kad_post_vertical_padding":"default","_kad_post_feature":"","_kad_post_feature_position":"","_kad_post_header":false,"_kad_post_footer":false,"_kad_post_classname":""},"product_brand":[],"product_cat":[19,16],"product_tag":[25,23,26],"class_list":{"0":"post-40","1":"product","2":"type-product","3":"status-publish","4":"has-post-thumbnail","6":"product_cat-textile-rfid-laundry-tag","7":"product_cat-uhf-rfid-laundry-tags","8":"product_tag-rfid-laundrytags","9":"product_tag-rfid-linen-tags","10":"product_tag-washable-uhf-rfid-laundry-tag","12":"first","13":"instock","14":"shipping-taxable","15":"product-type-simple","16":"entry","17":"content-bg","18":"loop-entry"},"_links":{"self":[{"href":"https:\/\/rfid-laundry-tag.com\/cs\/wp-json\/wp\/v2\/product\/40","targetHints":{"allow":["GET"]}}],"collection":[{"href":"https:\/\/rfid-laundry-tag.com\/cs\/wp-json\/wp\/v2\/product"}],"about":[{"href":"https:\/\/rfid-laundry-tag.com\/cs\/wp-json\/wp\/v2\/types\/product"}],"version-history":[{"count":1,"href":"https:\/\/rfid-laundry-tag.com\/cs\/wp-json\/wp\/v2\/product\/40\/revisions"}],"predecessor-version":[{"id":1957,"href":"https:\/\/rfid-laundry-tag.com\/cs\/wp-json\/wp\/v2\/product\/40\/revisions\/1957"}],"wp:featuredmedia":[{"embeddable":true,"href":"https:\/\/rfid-laundry-tag.com\/cs\/wp-json\/wp\/v2\/media\/41"}],"wp:attachment":[{"href":"https:\/\/rfid-laundry-tag.com\/cs\/wp-json\/wp\/v2\/media?parent=40"}],"wp:term":[{"taxonomy":"product_brand","embeddable":true,"href":"https:\/\/rfid-laundry-tag.com\/cs\/wp-json\/wp\/v2\/product_brand?post=40"},{"taxonomy":"product_cat","embeddable":true,"href":"https:\/\/rfid-laundry-tag.com\/cs\/wp-json\/wp\/v2\/product_cat?post=40"},{"taxonomy":"product_tag","embeddable":true,"href":"https:\/\/rfid-laundry-tag.com\/cs\/wp-json\/wp\/v2\/product_tag?post=40"}],"curies":[{"name":"wp","href":"https:\/\/api.w.org\/{rel}","templated":true}]}}