{"id":37,"date":"2024-06-03T15:44:26","date_gmt":"2024-06-03T15:44:26","guid":{"rendered":"https:\/\/rfid-laundry-tag.com\/?post_type=product&#038;p=37"},"modified":"2024-09-27T17:21:11","modified_gmt":"2024-09-27T17:21:11","slug":"laundry-rfid-linen-tags","status":"publish","type":"product","link":"https:\/\/rfid-laundry-tag.com\/cs\/laundry-rfid-linen-tags\/","title":{"rendered":"Pr\u00e1deln\u00ed RFID \u0161t\u00edtky na pr\u00e1dlo"},"content":{"rendered":"<h2>Pr\u00e1deln\u00ed RFID \u0161t\u00edtky na pr\u00e1dlo<\/h2>\n<p>RFID visa\u010dka na pr\u00e1dlo vyroben\u00e1 z textiln\u00edho materi\u00e1lu o rozm\u011brech 70*15mm a vybaven\u00e1 \u010dipem NXP U CODE 9 je efektivn\u00ed n\u00e1stroj ur\u010den\u00fd pro efektivn\u00ed sledov\u00e1n\u00ed a spr\u00e1vu textili\u00ed, jako je pr\u00e1dlo, uniformy, ru\u010dn\u00edky a dal\u0161\u00ed.<\/p>\n<div class=\"auto-hide-last-sibling-br paragraph_1252f paragraph-element\">Kl\u00ed\u010dov\u00e9 vlastnosti:<\/div>\n<ol class=\"auto-hide-last-sibling-br\">\n<li>\n<div class=\"auto-hide-last-sibling-br paragraph_1252f paragraph-element\"><strong>Materi\u00e1l &amp; Velikost<\/strong>: Tento \u0161t\u00edtek RFID je vyroben z materi\u00e1lu \u0161etrn\u00e9ho k textilu a m\u011b\u0159\u00ed 70 mm x 15 mm, co\u017e je velikost, kter\u00e1 je ide\u00e1ln\u00ed pro diskr\u00e9tn\u00ed ozna\u010dov\u00e1n\u00ed r\u016fzn\u00fdch typ\u016f l\u00e1tek bez ovlivn\u011bn\u00ed jejich estetick\u00fdch nebo hmatov\u00fdch vlastnost\u00ed.<\/div>\n<\/li>\n<li>\n<div class=\"auto-hide-last-sibling-br paragraph_1252f paragraph-element\"><strong>RFID \u010dip<\/strong>: Vestav\u011bn\u00fd \u010dip NXP U CODE 9 zaji\u0161\u0165uje vysok\u00fd v\u00fdkon a spolehlivou funk\u010dnost. Tento mikro\u010dip usnad\u0148uje p\u0159enos dat na velk\u00e9 vzd\u00e1lenosti a m\u00e1 rozs\u00e1hlou pam\u011b\u0165ovou kapacitu pro ukl\u00e1d\u00e1n\u00ed informac\u00ed o p\u0159edm\u011btu.<\/div>\n<\/li>\n<li>\n<div class=\"auto-hide-last-sibling-br paragraph_1252f paragraph-element\"><strong>Trvanlivost<\/strong>: Navzdory m\u011bkk\u00e9 a flexibiln\u00ed textiln\u00ed konstrukci je tento RFID \u0161t\u00edtek na pr\u00e1dlo navr\u017een tak, aby vydr\u017eel n\u00e1ro\u010dn\u00e9 procesy pran\u00ed, \u017eehlen\u00ed a lisov\u00e1n\u00ed. Dok\u00e1\u017ee odolat vod\u011b, teplu a tlaku, p\u0159i\u010dem\u017e si zachov\u00e1v\u00e1 svou integritu a funkci navzdory opakovan\u00fdm cykl\u016fm pr\u016fmyslov\u00e9ho pran\u00ed.<\/div>\n<\/li>\n<li>\n<div class=\"auto-hide-last-sibling-br paragraph_1252f paragraph-element\"><strong>\u00da\u010dinnost<\/strong>: Technologie \u010dipu NXP U CODE 9 umo\u017e\u0148uje rychl\u00e9 a p\u0159esn\u00e9 skenov\u00e1n\u00ed \u0161t\u00edtku i p\u0159i sc\u00e9n\u00e1\u0159\u00edch hromadn\u00e9ho \u010dten\u00ed. V\u00fdsledkem je rychl\u00e9 zpracov\u00e1n\u00ed, zkr\u00e1cen\u00ed doby provozu a zlep\u0161en\u00ed produktivity v oblasti textiln\u00edho managementu.<\/div>\n<\/li>\n<li>\n<div class=\"auto-hide-last-sibling-br paragraph_1252f paragraph-element\"><strong>aplikace<\/strong>: Tyto RFID \u0161t\u00edtky jsou prim\u00e1rn\u011b v\u0161ity nebo tepeln\u011b zataveny do textili\u00ed p\u0159ed uveden\u00edm do provozu. Po p\u0159ipojen\u00ed lze snadno usnadnit automatizovanou spr\u00e1vu z\u00e1sob, \u0159\u00edzen\u00ed proces\u016f a prevenci ztr\u00e1t d\u00edky schopnosti bezdr\u00e1tov\u00e9ho sledov\u00e1n\u00ed, kterou tyto \u0161t\u00edtky poskytuj\u00ed.<\/div>\n<\/li>\n<\/ol>\n<div class=\"auto-hide-last-sibling-br paragraph_1252f paragraph-element\">Pro\u010d vysledovatelnost hraje kl\u00ed\u010dovou roli v textiln\u00edm pr\u016fmyslu. Zde je shrnut\u00ed kl\u00ed\u010dov\u00fdch bod\u016f, kter\u00e9 je t\u0159eba zd\u016fraznit:<\/div>\n<div><\/div>\n<ol class=\"auto-hide-last-sibling-br\">\n<li>\n<div class=\"auto-hide-last-sibling-br paragraph_1252f paragraph-element\">Kontrola kvality: T\u00edm, \u017ee umo\u017e\u0148uje v\u00fdrobc\u016fm dohl\u00ed\u017eet na kvalitu jejich textili\u00ed na ka\u017ed\u00e9 \u00farovni v\u00fdroby, umo\u017e\u0148uje sledovatelnost v\u010dasnou identifikaci a n\u00e1pravu probl\u00e9m\u016f s kvalitou.<\/div>\n<\/li>\n<li>\n<div class=\"auto-hide-last-sibling-br paragraph_1252f paragraph-element\">Bezpe\u010dnost produkt\u016f: Sledovatelnost zaji\u0161\u0165uje bezpe\u010dnost textili\u00ed t\u00edm, \u017ee v\u00fdrobc\u016fm umo\u017e\u0148uje rychle ur\u010dit a st\u00e1hnout produkty z reg\u00e1l\u016f v p\u0159\u00edpad\u011b \u0161kodliv\u00fdch chemik\u00e1li\u00ed nebo z\u00e1vad.<\/div>\n<\/li>\n<li>\n<div class=\"auto-hide-last-sibling-br paragraph_1252f paragraph-element\">Dodr\u017eov\u00e1n\u00ed p\u0159edpis\u016f: Dodr\u017eov\u00e1n\u00ed p\u0159\u00edsn\u00fdch p\u0159edpis\u016f t\u00fdkaj\u00edc\u00edch se textili\u00ed lze zajistit sledovatelnost\u00ed, co\u017e v\u00fdrobc\u016fm pom\u00e1h\u00e1 vyhnout se pr\u00e1vn\u00edm st\u0159et\u016fm a po\u0161kozov\u00e1n\u00ed jejich pov\u011bsti.<\/div>\n<\/li>\n<li>\n<div class=\"auto-hide-last-sibling-br paragraph_1252f paragraph-element\">Transparentnost dodavatelsk\u00e9ho \u0159et\u011bzce: Spot\u0159ebitel\u00e9 dnes po\u017eaduj\u00ed transparentnost ohledn\u011b p\u016fvodu sv\u00fdch produkt\u016f, v\u00fdrobn\u00edho procesu a toho, zda byly dodr\u017eov\u00e1ny etick\u00e9 a udr\u017eiteln\u00e9 postupy. Sledovatelnost p\u0159esn\u011b odpov\u00edd\u00e1 t\u00e9to popt\u00e1vce.<\/div>\n<\/li>\n<li>\n<div class=\"auto-hide-last-sibling-br paragraph_1252f paragraph-element\">Udr\u017eitelnost a \u0161etrnost k \u017eivotn\u00edmu prost\u0159ed\u00ed: Textiln\u00ed pr\u016fmysl \u010del\u00ed zna\u010dn\u00e9mu tlaku, aby se stal udr\u017eiteln\u011bj\u0161\u00edm a omezil po\u0161kozov\u00e1n\u00ed \u017eivotn\u00edho prost\u0159ed\u00ed. Sledovatelnost pom\u00e1h\u00e1 v\u00fdrobc\u016fm sledovat p\u016fvod materi\u00e1l\u016f a posuzovat dopady jejich v\u00fdrobn\u00edch proces\u016f na \u017eivotn\u00ed prost\u0159ed\u00ed. To m\u016f\u017ee pomoci p\u0159i minimalizaci odpadu a za\u010dlen\u011bn\u00ed ekologi\u010dt\u011bj\u0161\u00edch postup\u016f.<\/div>\n<\/li>\n<li>\n<div class=\"auto-hide-last-sibling-br paragraph_1252f paragraph-element\">Prevence pad\u011blk\u016f: Sledovatelnost je z\u00e1sadn\u00ed pro potvrzen\u00ed pravosti produktu, \u010d\u00edm\u017e se p\u0159edch\u00e1z\u00ed pad\u011bl\u00e1n\u00ed a chr\u00e1n\u00ed pov\u011bst zna\u010dky.<\/div>\n<\/li>\n<li>\n<div class=\"auto-hide-last-sibling-br paragraph_1252f paragraph-element\">Efektivn\u00ed \u0159\u00edzen\u00ed stahov\u00e1n\u00ed: Sledovatelnost umo\u017e\u0148uje v\u00fdrobc\u016fm rychle identifikovat dot\u010den\u00e9 produkty a spot\u0159ebitele v p\u0159\u00edpad\u011b sta\u017een\u00ed produktu z d\u016fvodu obav o bezpe\u010dnost nebo kvalitu. To omezuje rozsah a dopad stahov\u00e1n\u00ed v\u00fdrobk\u016f z ob\u011bhu.<\/div>\n<\/li>\n<li>\n<div class=\"auto-hide-last-sibling-br paragraph_1252f paragraph-element\">Sn\u00ed\u017een\u00ed n\u00e1klad\u016f: Syst\u00e9my sledovatelnosti pom\u00e1haj\u00ed identifikovat neefektivitu v\u00fdrobn\u00edho procesu vedouc\u00ed ke sn\u00ed\u017een\u00ed n\u00e1klad\u016f. Umo\u017e\u0148uje v\u00fdrobc\u016fm sledovat materi\u00e1ly a procesy, optimalizovat operace a sni\u017eovat mno\u017estv\u00ed odpadu.<\/div>\n<\/li>\n<li>\n<div class=\"auto-hide-last-sibling-br paragraph_1252f paragraph-element\">Reputace zna\u010dky: Sledovatelnost a transparentnost podporuj\u00ed d\u016fv\u011bru spot\u0159ebitel\u016f, co\u017e m\u016f\u017ee v\u00fdrazn\u011b zlep\u0161it image zna\u010dky.<\/div>\n<\/li>\n<li>\n<div class=\"auto-hide-last-sibling-br paragraph_1252f paragraph-element\">\u0158\u00edzen\u00ed rizik: Sledovatelnost usnad\u0148uje p\u0159edv\u00eddateln\u00e9 \u0159\u00edzen\u00ed rizik souvisej\u00edc\u00edch s naru\u0161en\u00edm dodavatelsk\u00e9ho \u0159et\u011bzce, probl\u00e9my s kvalitou nebo sta\u017een\u00edm produkt\u016f, \u010d\u00edm\u017e se v p\u0159\u00edpad\u011b krize sni\u017euje potenci\u00e1ln\u00ed finan\u010dn\u00ed po\u0161kozen\u00ed a po\u0161kozen\u00ed pov\u011bsti.<\/div>\n<\/li>\n<\/ol>\n<div class=\"auto-hide-last-sibling-br paragraph_1252f paragraph-element\">Sledovatelnost v textiln\u00edm pr\u016fmyslu m\u00e1 evidentn\u011b obrovsk\u00e9 v\u00fdhody. Nejen, \u017ee zvy\u0161uje provozn\u00ed efektivitu, ale tak\u00e9 spl\u0148uje o\u010dek\u00e1v\u00e1n\u00ed spot\u0159ebitel\u016f ohledn\u011b bezpe\u010dnosti, kvality a etick\u00fdch zdroj\u016f.<\/div>","protected":false},"excerpt":{"rendered":"<p>Odoln\u00e9 RFID \u0161t\u00edtky na pr\u00e1dlo: flexibiln\u00ed, robustn\u00ed, s velk\u00fdm dosahem \u010dten\u00ed. Garantov\u00e1no na 200 pran\u00ed, vhodn\u00e9 k se\u0161it\u00ed, tepeln\u00e9mu zataven\u00ed nebo pov\u011b\u0161en\u00ed. Ide\u00e1ln\u00ed pro pran\u00ed pr\u00e1dla.<\/p>","protected":false},"featured_media":39,"template":"","meta":{"_kad_post_transparent":"default","_kad_post_title":"","_kad_post_layout":"default","_kad_post_sidebar_id":"","_kad_post_content_style":"default","_kad_post_vertical_padding":"default","_kad_post_feature":"","_kad_post_feature_position":"","_kad_post_header":false,"_kad_post_footer":false,"_kad_post_classname":""},"product_brand":[],"product_cat":[19,16],"product_tag":[22,24,25,23],"class_list":{"0":"post-37","1":"product","2":"type-product","3":"status-publish","4":"has-post-thumbnail","6":"product_cat-textile-rfid-laundry-tag","7":"product_cat-uhf-rfid-laundry-tags","8":"product_tag-laundry-rfid-linen-tags","9":"product_tag-laundry-rfid-tags","10":"product_tag-rfid-laundrytags","11":"product_tag-rfid-linen-tags","13":"first","14":"instock","15":"shipping-taxable","16":"product-type-simple","17":"entry","18":"content-bg","19":"loop-entry"},"_links":{"self":[{"href":"https:\/\/rfid-laundry-tag.com\/cs\/wp-json\/wp\/v2\/product\/37","targetHints":{"allow":["GET"]}}],"collection":[{"href":"https:\/\/rfid-laundry-tag.com\/cs\/wp-json\/wp\/v2\/product"}],"about":[{"href":"https:\/\/rfid-laundry-tag.com\/cs\/wp-json\/wp\/v2\/types\/product"}],"version-history":[{"count":3,"href":"https:\/\/rfid-laundry-tag.com\/cs\/wp-json\/wp\/v2\/product\/37\/revisions"}],"predecessor-version":[{"id":2713,"href":"https:\/\/rfid-laundry-tag.com\/cs\/wp-json\/wp\/v2\/product\/37\/revisions\/2713"}],"wp:featuredmedia":[{"embeddable":true,"href":"https:\/\/rfid-laundry-tag.com\/cs\/wp-json\/wp\/v2\/media\/39"}],"wp:attachment":[{"href":"https:\/\/rfid-laundry-tag.com\/cs\/wp-json\/wp\/v2\/media?parent=37"}],"wp:term":[{"taxonomy":"product_brand","embeddable":true,"href":"https:\/\/rfid-laundry-tag.com\/cs\/wp-json\/wp\/v2\/product_brand?post=37"},{"taxonomy":"product_cat","embeddable":true,"href":"https:\/\/rfid-laundry-tag.com\/cs\/wp-json\/wp\/v2\/product_cat?post=37"},{"taxonomy":"product_tag","embeddable":true,"href":"https:\/\/rfid-laundry-tag.com\/cs\/wp-json\/wp\/v2\/product_tag?post=37"}],"curies":[{"name":"wp","href":"https:\/\/api.w.org\/{rel}","templated":true}]}}