{"id":356,"date":"2024-06-28T11:08:54","date_gmt":"2024-06-28T11:08:54","guid":{"rendered":"https:\/\/rfid-laundry-tag.com\/?post_type=product&#038;p=356"},"modified":"2024-08-14T15:55:26","modified_gmt":"2024-08-14T15:55:26","slug":"rfid-windshield-sticker-for-vehicle-tracking","status":"publish","type":"product","link":"https:\/\/rfid-laundry-tag.com\/cs\/rfid-windshield-sticker-for-vehicle-tracking\/","title":{"rendered":"RFID n\u00e1lepka na \u010deln\u00ed sklo pro sledov\u00e1n\u00ed vozidla"},"content":{"rendered":"<h2>RFID n\u00e1lepka na \u010deln\u00ed sklo pro sledov\u00e1n\u00ed vozidla<\/h2>\n<div class=\"J_module\">\n<div class=\"ife-detail-decorate-table\">\n<table class=\"all magic-10\">\n<tbody>\n<tr>\n<td colspan=\"1\" rowspan=\"1\">\n<div class=\"magic-11\">\u010cip<\/div>\n<\/td>\n<td colspan=\"1\" rowspan=\"1\">\n<div class=\"magic-12\">Alien H9, H10, U9 atd<\/div>\n<\/td>\n<\/tr>\n<tr>\n<td colspan=\"1\" rowspan=\"1\">\n<div class=\"magic-11\">Frekvence<\/div>\n<\/td>\n<td colspan=\"1\" rowspan=\"1\">\n<div class=\"magic-12\">860-960 MHz<\/div>\n<\/td>\n<\/tr>\n<tr>\n<td colspan=\"1\" rowspan=\"1\">\n<div class=\"magic-11\">Materi\u00e1l<\/div>\n<\/td>\n<td colspan=\"1\" rowspan=\"1\">\n<div class=\"magic-12\">Nat\u00edran\u00fd pap\u00edr\/PET\/Syntetick\u00fd pap\u00edr\/Termopap\u00edr\/p\u0159izp\u016fsoben\u00ed<\/div>\n<\/td>\n<\/tr>\n<tr>\n<td colspan=\"1\" rowspan=\"1\">\n<div class=\"magic-11\">Pracovn\u00ed re\u017eim<\/div>\n<\/td>\n<td colspan=\"1\" rowspan=\"1\">\n<div class=\"magic-12\">Pasivn\u00ed<\/div>\n<\/td>\n<\/tr>\n<tr>\n<td colspan=\"1\" rowspan=\"1\">\n<div class=\"magic-11\">IC Life<\/div>\n<\/td>\n<td colspan=\"1\" rowspan=\"1\">\n<div class=\"magic-12\">100 000 programovac\u00edch cykl\u016f, 10 let uchov\u00e1v\u00e1n\u00ed dat<\/div>\n<\/td>\n<\/tr>\n<tr>\n<td colspan=\"1\" rowspan=\"1\">\n<div class=\"magic-11\">Provozn\u00ed teplota\/vlhkost<\/div>\n<\/td>\n<td colspan=\"1\" rowspan=\"1\">\n<div class=\"magic-12\">-25~50\u2103\/20%~80% RH<\/div>\n<\/td>\n<\/tr>\n<tr>\n<td colspan=\"1\" rowspan=\"1\">\n<div class=\"magic-11\">Skladovac\u00ed teplota\/vlhkost<\/div>\n<\/td>\n<td colspan=\"1\" rowspan=\"1\">\n<div class=\"magic-12\">+23\u00b0C\u00b15\u00b0C\/ 50%\u00b110% RH (bez kondenzace).<\/div>\n<\/td>\n<\/tr>\n<tr>\n<td colspan=\"1\" rowspan=\"1\">\n<div class=\"magic-11\">Ant\u00e9na<\/div>\n<\/td>\n<td colspan=\"1\" rowspan=\"1\">\n<div class=\"magic-12\">Lept\u00e1n\u00ed hlin\u00edku, 94,8 x 8,1 mm<\/div>\n<\/td>\n<\/tr>\n<tr>\n<td colspan=\"1\" rowspan=\"1\">\n<div class=\"magic-11\">Mokr\u00e1 vlo\u017eka\/velikost \u0161t\u00edtku<\/div>\n<\/td>\n<td colspan=\"1\" rowspan=\"1\">\n<div class=\"magic-12\">98 * 15 mm nebo p\u0159izp\u016fsoben\u00ed<\/div>\n<\/td>\n<\/tr>\n<tr>\n<td colspan=\"1\" rowspan=\"1\">\n<div class=\"magic-11\">Tisk<\/div>\n<\/td>\n<td colspan=\"1\" rowspan=\"1\">\n<div class=\"magic-12\">Plnobarevn\u00fd tisk, logo, \u010d\u00e1rov\u00fd k\u00f3d, QR k\u00f3d atd<\/div>\n<\/td>\n<\/tr>\n<tr>\n<td colspan=\"1\" rowspan=\"1\">\n<div class=\"magic-11\">Ochutnat<\/div>\n<\/td>\n<td colspan=\"1\" rowspan=\"1\">\n<div class=\"magic-12\">Vzorek je zdarma pro v\u00e1\u0161 test kvality<\/div>\n<\/td>\n<\/tr>\n<tr>\n<td colspan=\"1\" rowspan=\"1\">\n<div class=\"magic-11\">Protokol<\/div>\n<\/td>\n<td colspan=\"1\" rowspan=\"1\">\n<div class=\"magic-12\">ISO\/IEC 18000-6C EPC Class1 Gen2<\/div>\n<\/td>\n<\/tr>\n<tr>\n<td colspan=\"1\" rowspan=\"1\">\n<div class=\"magic-11\">Obal<\/div>\n<\/td>\n<td colspan=\"1\" rowspan=\"1\">\n<div class=\"magic-12\">1000-5000ks\/role, 4 role\/karton<\/div>\n<\/td>\n<\/tr>\n<tr>\n<td colspan=\"1\" rowspan=\"1\">\n<div class=\"magic-11\">M\u00edsto p\u016fvodu<\/div>\n<\/td>\n<td colspan=\"1\" rowspan=\"1\">\n<div class=\"magic-12\">Chengdu, \u010c\u00edna<\/div>\n<\/td>\n<\/tr>\n<tr>\n<td colspan=\"1\" rowspan=\"4\">\n<div class=\"magic-11\">Aplikace\/\u0158e\u0161en\u00ed<\/div>\n<\/td>\n<td colspan=\"1\" rowspan=\"1\">\n<div class=\"magic-12\">Bezpe\u010dn\u00e1 kontrola vstupu\/bezhotovostn\u00ed platby \u010clenstv\u00ed a v\u011brnostn\u00ed programy<\/div>\n<\/td>\n<\/tr>\n<tr>\n<td colspan=\"1\" rowspan=\"1\">\n<div class=\"magic-12\" data-spm-anchor-id=\"a2700.details.0.i80.59c943e8HVzkHD\">P\u0159\u00edstup k ud\u00e1lostem a branding\/soci\u00e1ln\u00ed m\u00e9dia\/maloobchod<\/div>\n<\/td>\n<\/tr>\n<tr>\n<td colspan=\"1\" rowspan=\"1\">\n<div class=\"magic-12\">Prost\u0159ed\u00ed\/Hry a hra\u010dky Um\u00edst\u011bn\u00ed\/Elektronika\/V\u00fdstavy<\/div>\n<\/td>\n<\/tr>\n<tr>\n<td colspan=\"1\" rowspan=\"1\">\n<div class=\"magic-12\">Ud\u00e1losti\/Po\u017eadavek na vol\u00e1n\u00ed\/vizitky<\/div>\n<\/td>\n<\/tr>\n<\/tbody>\n<\/table>\n<p>&nbsp;<\/p>\n<\/div>\n<\/div>\n<div class=\"J_module\">\n<div class=\"auto-hide-last-sibling-br paragraph_9dc5f paragraph-element\">\n<p><strong>Aplikace RFID n\u00e1lepek na \u010deln\u00ed sklo zahrnuj\u00ed:<\/strong><\/p>\n<ol>\n<li><strong>\u0158\u00edzen\u00ed p\u0159\u00edstupu do vozidla<\/strong>: N\u00e1lepky na \u010deln\u00ed sklo RFID lze pou\u017e\u00edt pro automatizovan\u00fd vjezd a v\u00fdjezd na parkovi\u0161t\u00edch, v uzav\u0159en\u00fdch komunit\u00e1ch, na m\u00fdtnic\u00edch a dal\u0161\u00edch oblastech s kontrolovan\u00fdm p\u0159\u00edstupem.<\/li>\n<li><strong>Sledov\u00e1n\u00ed vozidel<\/strong>: N\u00e1lepky na \u010deln\u00ed sklo RFID lze pou\u017e\u00edt ke sledov\u00e1n\u00ed a spr\u00e1v\u011b vozidel v r\u00e1mci za\u0159\u00edzen\u00ed, nap\u0159\u00edklad v p\u016fj\u010dovn\u00e1ch aut nebo v parkovac\u00edch gar\u00e1\u017e\u00edch.<\/li>\n<li><strong>Elektronick\u00fd v\u00fdb\u011br m\u00fdtn\u00e9ho<\/strong>: N\u00e1lepky na \u010deln\u00ed sklo RFID lze pou\u017e\u00edt pro syst\u00e9my elektronick\u00e9ho v\u00fdb\u011bru m\u00fdtn\u00e9ho, kter\u00e9 umo\u017e\u0148uj\u00ed vozidl\u016fm proj\u00ed\u017ed\u011bt m\u00fdtnicemi rychle a efektivn\u011b, ani\u017e by bylo nutn\u00e9 zastavovat a platit v hotovosti.<\/li>\n<li><strong>Spr\u00e1va vozov\u00e9ho parku<\/strong>: RFID n\u00e1lepky na \u010deln\u00ed sklo lze pou\u017e\u00edt ke sledov\u00e1n\u00ed a spr\u00e1v\u011b vozov\u00fdch park\u016f, co\u017e spole\u010dnostem umo\u017e\u0148uje sledovat a optimalizovat jejich provoz.<\/li>\n<li><strong>Spr\u00e1va parkov\u00e1n\u00ed<\/strong>: RFID n\u00e1lepky na \u010deln\u00ed sklo lze pou\u017e\u00edt ke sledov\u00e1n\u00ed a spr\u00e1v\u011b parkovac\u00edch m\u00edst na parkovi\u0161t\u00edch nebo v budov\u00e1ch a poskytuj\u00ed informace o dostupn\u00fdch parkovac\u00edch m\u00edstech v re\u00e1ln\u00e9m \u010dase.<\/li>\n<li><strong>Identifikace vozidla<\/strong>: RFID n\u00e1lepky na \u010deln\u00ed sklo lze pou\u017e\u00edt k identifikaci vozidla na akc\u00edch, z\u00e1vodech nebo jin\u00fdch situac\u00edch, kde je vy\u017eadov\u00e1na rychl\u00e1 a p\u0159esn\u00e1 identifikace.<\/li>\n<\/ol>\n<p>Celkov\u011b lze \u0159\u00edci, RFID n\u00e1lepky na \u010deln\u00ed sklo nab\u00edzej\u00ed pohodln\u00fd a efektivn\u00ed zp\u016fsob sledov\u00e1n\u00ed a spr\u00e1vy vozidel v r\u016fzn\u00fdch aplikac\u00edch, poskytuj\u00edc\u00ed zv\u00fd\u0161enou bezpe\u010dnost, pohodl\u00ed a automatizaci proces\u016f souvisej\u00edc\u00edch s vozidlem.<\/p>\n<\/div>\n<div><\/div>\n<div class=\"auto-hide-last-sibling-br paragraph_9dc5f paragraph-element\"><\/div>\n<div><\/div>\n<\/div>\n<div><\/div>\n<div><strong>Pro\u010d si vybrat USA?<\/strong><\/div>\n<div><\/div>\n<div>Jsme p\u0159edn\u00edm poskytovatelem technologie RFID s v\u00edce ne\u017e 11 lety zku\u0161enost\u00ed a p\u0159in\u00e1\u0161\u00edme pokro\u010dilou efektivitu, spolehlivost a p\u0159esnost do glob\u00e1ln\u00edch dodavatelsk\u00fdch \u0159et\u011bzc\u016f z\u00e1kazn\u00edk\u016f pomoc\u00ed \u0161pi\u010dkov\u00fdch produkt\u016f, \u0159e\u0161en\u00ed a technologi\u00ed. Jako v\u00fdrobce na glob\u00e1ln\u00ed \u00farovni nab\u00edz\u00edme z\u00e1kazn\u00edk\u016fm platformu z\u00e1kladn\u00edch technologi\u00ed, v\u010detn\u011b kontroly p\u0159\u00edstupu, ozna\u010dov\u00e1n\u00ed zv\u00ed\u0159at, komunikace v bl\u00edzk\u00e9m poli (NFC), r\u016fzn\u00fdch \u010dte\u010dek RFID a \u0159e\u0161en\u00ed. Na\u0161e \u0159e\u0161en\u00ed obsahuj\u00ed vysoce konfigurovateln\u00e9 aplika\u010dn\u00ed r\u00e1mce a elegantn\u00ed u\u017eivatelsk\u00e1 rozhran\u00ed s pokro\u010dilou analytikou, kter\u00e1 umo\u017e\u0148uje komplexn\u00ed business intelligence a viditelnost dat v r\u016fzn\u00fdch odv\u011btv\u00edch.<\/div>","protected":false},"excerpt":{"rendered":"<p>N\u00e1lepky na \u010deln\u00ed sklo RFID jsou \u0161t\u00edtky RFID, kter\u00e9 jsou ur\u010deny k p\u0159ipevn\u011bn\u00ed na \u010deln\u00ed sklo vozidla pro r\u016fzn\u00e9 \u00fa\u010dely sledov\u00e1n\u00ed a identifikace.<\/p>","protected":false},"featured_media":357,"template":"","meta":{"_kad_post_transparent":"default","_kad_post_title":"","_kad_post_layout":"default","_kad_post_sidebar_id":"","_kad_post_content_style":"default","_kad_post_vertical_padding":"default","_kad_post_feature":"","_kad_post_feature_position":"","_kad_post_header":false,"_kad_post_footer":false,"_kad_post_classname":""},"product_brand":[],"product_cat":[54],"product_tag":[157,98],"class_list":{"0":"post-356","1":"product","2":"type-product","3":"status-publish","4":"has-post-thumbnail","6":"product_cat-hot-selling-rfid-tags","7":"product_tag-rfid-windshield-sticker-for-vehicle-tracking","8":"product_tag-uhf-rfid-label","10":"first","11":"instock","12":"shipping-taxable","13":"product-type-simple","14":"entry","15":"content-bg","16":"loop-entry"},"_links":{"self":[{"href":"https:\/\/rfid-laundry-tag.com\/cs\/wp-json\/wp\/v2\/product\/356","targetHints":{"allow":["GET"]}}],"collection":[{"href":"https:\/\/rfid-laundry-tag.com\/cs\/wp-json\/wp\/v2\/product"}],"about":[{"href":"https:\/\/rfid-laundry-tag.com\/cs\/wp-json\/wp\/v2\/types\/product"}],"version-history":[{"count":1,"href":"https:\/\/rfid-laundry-tag.com\/cs\/wp-json\/wp\/v2\/product\/356\/revisions"}],"predecessor-version":[{"id":1306,"href":"https:\/\/rfid-laundry-tag.com\/cs\/wp-json\/wp\/v2\/product\/356\/revisions\/1306"}],"wp:featuredmedia":[{"embeddable":true,"href":"https:\/\/rfid-laundry-tag.com\/cs\/wp-json\/wp\/v2\/media\/357"}],"wp:attachment":[{"href":"https:\/\/rfid-laundry-tag.com\/cs\/wp-json\/wp\/v2\/media?parent=356"}],"wp:term":[{"taxonomy":"product_brand","embeddable":true,"href":"https:\/\/rfid-laundry-tag.com\/cs\/wp-json\/wp\/v2\/product_brand?post=356"},{"taxonomy":"product_cat","embeddable":true,"href":"https:\/\/rfid-laundry-tag.com\/cs\/wp-json\/wp\/v2\/product_cat?post=356"},{"taxonomy":"product_tag","embeddable":true,"href":"https:\/\/rfid-laundry-tag.com\/cs\/wp-json\/wp\/v2\/product_tag?post=356"}],"curies":[{"name":"wp","href":"https:\/\/api.w.org\/{rel}","templated":true}]}}