{"id":352,"date":"2024-06-28T10:26:38","date_gmt":"2024-06-28T10:26:38","guid":{"rendered":"https:\/\/rfid-laundry-tag.com\/?post_type=product&#038;p=352"},"modified":"2024-06-28T10:52:24","modified_gmt":"2024-06-28T10:52:24","slug":"custom-paper-nfc-sticker-ntag213","status":"publish","type":"product","link":"https:\/\/rfid-laundry-tag.com\/cs\/custom-paper-nfc-sticker-ntag213\/","title":{"rendered":"Vlastn\u00ed pap\u00edrov\u00e1 NFC n\u00e1lepka Ntag213"},"content":{"rendered":"<div>\n<div><strong>NFC n\u00e1lepky s NXP NTAG213<\/strong> \u010dipy jsou obl\u00edben\u00e9 pro r\u016fzn\u00e9 aplikace, jako je marketing, \u0159\u00edzen\u00ed p\u0159\u00edstupu a ov\u011b\u0159ov\u00e1n\u00ed produktu. D\u00edky p\u0159izp\u016fsobiteln\u00fdm mo\u017enostem povrchov\u00e9 \u00fapravy, tvaru, velikosti a tisku jsou univerz\u00e1ln\u00ed pro r\u016fzn\u00e9 pot\u0159eby.<\/div>\n<\/div>\n<div>\u010cip a ant\u00e9na jsou l\u00edcem nahoru pod povrchovou vrstvou b\u00edl\u00e9ho pap\u00edru nebo vod\u011bodoln\u00e9ho plastu pro extra trvanlivost a odolnost v\u016f\u010di kr\u00e1tk\u00e9mu vystaven\u00ed vod\u011b. NFC n\u00e1lepka m\u00e1 na zadn\u00ed stran\u011b mo\u017enost volby lepic\u00ed vrstvy pro mont\u00e1\u017e na rovn\u00e9 nekovov\u00e9 povrchy.<\/div>\n<div>\n<div><\/div>\n<div><\/div>\n<div class=\"auto-hide-last-sibling-br paragraph_9dc5f paragraph-element\">\u010cip NTAG213 nab\u00edz\u00ed \u0159adu v\u00fdhod, jako nap\u0159\u00edklad:<\/div>\n<ul class=\"auto-hide-last-sibling-br\">\n<li>Bezkontaktn\u00ed p\u0159enos energie a dat<\/li>\n<li>Schopnost rychl\u00e9ho \u010dten\u00ed<\/li>\n<li>Vylep\u0161en\u00fd RF v\u00fdkon<\/li>\n<li>Bezpe\u010dnostn\u00ed funkce, v\u010detn\u011b ochrany heslem a funkc\u00ed proti kolizi<\/li>\n<li>Pln\u00e1 shoda se specifikacemi NFC Forum Tag Type 2<\/li>\n<\/ul>\n<\/div>\n<div>\n<table class=\"all magic-9\">\n<tbody>\n<tr>\n<td colspan=\"1\" rowspan=\"1\">\n<div class=\"magic-10\">Materi\u00e1l<\/div>\n<\/td>\n<td colspan=\"1\" rowspan=\"1\">\n<div class=\"magic-11\" data-spm-anchor-id=\"a2700.details.0.i85.504d267eS1Hb6u\">PET, PVC, potahovan\u00fd pap\u00edr atd.<\/div>\n<\/td>\n<\/tr>\n<tr>\n<td colspan=\"1\" rowspan=\"1\">\n<div class=\"magic-10\">\u010cip<\/div>\n<\/td>\n<td colspan=\"1\" rowspan=\"1\">\n<div class=\"magic-11\">Ntag213\/Ntag215\/Ntag216 atd<\/div>\n<\/td>\n<\/tr>\n<tr>\n<td colspan=\"1\" rowspan=\"1\">\n<div class=\"magic-10\">Frekvence<\/div>\n<\/td>\n<td colspan=\"1\" rowspan=\"1\">\n<div class=\"magic-11\">13,56 MHz<\/div>\n<\/td>\n<\/tr>\n<tr>\n<td colspan=\"1\" rowspan=\"1\">\n<div class=\"magic-10\">Protokol<\/div>\n<\/td>\n<td colspan=\"1\" rowspan=\"1\">\n<div class=\"magic-11\">ISO 14443A<\/div>\n<\/td>\n<\/tr>\n<tr>\n<td colspan=\"1\" rowspan=\"1\">\n<div class=\"magic-10\">Velikost<\/div>\n<\/td>\n<td colspan=\"1\" rowspan=\"1\">\n<div class=\"magic-11\">Pr\u016fm\u011br 25, 30, 35 mm nebo p\u0159izp\u016fsoben\u00e1 velikost<\/div>\n<\/td>\n<\/tr>\n<tr>\n<td colspan=\"1\" rowspan=\"1\">\n<div class=\"magic-10\">Funkce<\/div>\n<\/td>\n<td colspan=\"1\" rowspan=\"1\">\n<div class=\"magic-11\">Vodot\u011bsn\u00e9, odoln\u00e9, potisk p\u0159izp\u016fsoben\u00fd<\/div>\n<\/td>\n<\/tr>\n<tr>\n<td colspan=\"1\" rowspan=\"1\">\n<div class=\"magic-10\">Ochutnat<\/div>\n<\/td>\n<td colspan=\"1\" rowspan=\"1\">\n<div class=\"magic-11\">zdarma k dispozici<\/div>\n<\/td>\n<\/tr>\n<tr>\n<td colspan=\"1\" rowspan=\"1\">\n<div class=\"magic-10\">\u010c\u00edst vzd\u00e1lenost<\/div>\n<\/td>\n<td colspan=\"1\" rowspan=\"1\">\n<div class=\"magic-11\" data-spm-anchor-id=\"a2700.details.0.i84.504d267eS1Hb6u\">0-10 cm<\/div>\n<\/td>\n<\/tr>\n<\/tbody>\n<\/table>\n<\/div>\n<div><\/div>\n<div>\n<p>n\u011bkter\u00e9 \u010dasto kladen\u00e9 ot\u00e1zky o vlastn\u00edch pap\u00edrov\u00fdch NFC n\u00e1lepk\u00e1ch vyu\u017e\u00edvaj\u00edc\u00edch technologii Ntag213:<\/p>\n<ol>\n<li>Co je n\u00e1lepka NFC?\n<ul>\n<li>N\u00e1lepka NFC je mal\u00e1 lepic\u00ed zna\u010dka, kter\u00e1 obsahuje \u010dip NFC (Near Field Communication), jako je NXP NTAG213, kter\u00fd je v n\u011bm zabudov\u00e1n. Tyto n\u00e1lepky mohou b\u00fdt skenov\u00e1ny za\u0159\u00edzen\u00edmi s podporou NFC a spou\u0161t\u011bt r\u016fzn\u00e9 akce nebo p\u0159en\u00e1\u0161et informace.<\/li>\n<\/ul>\n<\/li>\n<li>Jak lze pou\u017e\u00edt vlastn\u00ed pap\u00edrov\u00e9 NFC n\u00e1lepky?\n<ul>\n<li>Vlastn\u00ed pap\u00edrov\u00e9 n\u00e1lepky NFC lze pou\u017e\u00edt pro r\u016fzn\u00e9 \u00fa\u010dely, v\u010detn\u011b spr\u00e1vy sledov\u00e1n\u00ed, \u0159\u00edzen\u00ed p\u0159\u00edstupu v za\u0159\u00edzen\u00edch, jako jsou tov\u00e1rny, sklady, hotely, nemocnice a z\u00e1bavn\u00ed parky, maloobchodn\u00ed aplikace, reklama, ov\u011b\u0159ov\u00e1n\u00ed produkt\u016f a elektronick\u00e9 vstupenky.<\/li>\n<\/ul>\n<\/li>\n<li>Jak\u00e9 mo\u017enosti p\u0159izp\u016fsoben\u00ed jsou k dispozici pro pap\u00edrov\u00e9 n\u00e1lepky NFC?\n<ul>\n<li>Vlastn\u00ed pap\u00edrov\u00e9 NFC samolepky lze tisknout s v\u00fdb\u011brem leskl\u00e9ho nebo matn\u00e9ho proveden\u00ed v r\u016fzn\u00fdch tvarech a velikostech. Mohou obsahovat loga, p\u00edsmena, \u010d\u00edsla a \u010d\u00e1rov\u00e9 k\u00f3dy v barv\u00e1ch CMYK a \u010dern\u00e9. Nav\u00edc lepic\u00ed vrstva na zadn\u00ed stran\u011b umo\u017e\u0148uje snadnou mont\u00e1\u017e na rovn\u00e9 nekovov\u00e9 povrchy.<\/li>\n<\/ul>\n<\/li>\n<li>Jsou pap\u00edrov\u00e9 NFC n\u00e1lepky odoln\u00e9?\n<ul>\n<li>Pap\u00edrov\u00e9 NFC n\u00e1lepky s \u010dipy Ntag213 jsou navr\u017eeny s ochrannou vrstvou, kter\u00e1 pokr\u00fdv\u00e1 \u010dip NFC a ant\u00e9nu a poskytuje extra trvanlivost a odolnost v\u016f\u010di kr\u00e1tk\u00e9mu vystaven\u00ed vod\u011b. K dispozici jsou tak\u00e9 vodot\u011bsn\u00e9 plastov\u00e9 varianty pro zv\u00fd\u0161enou odolnost.<\/li>\n<\/ul>\n<\/li>\n<li>Jak\u00e1 je v\u00fdhoda pou\u017eit\u00ed technologie NFC v n\u00e1lepk\u00e1ch?\n<ul>\n<li>Pou\u017eit\u00ed technologie NFC v n\u00e1lepk\u00e1ch umo\u017e\u0148uje pohodlnou a bezkontaktn\u00ed interakci se za\u0159\u00edzen\u00edmi s podporou NFC. To umo\u017e\u0148uje rychl\u00e9 a snadn\u00e9 sd\u00edlen\u00ed informac\u00ed, ov\u011b\u0159ov\u00e1n\u00ed nebo spou\u0161t\u011bn\u00ed akc\u00ed bez nutnosti fyzick\u00e9ho kontaktu mezi za\u0159\u00edzen\u00edmi.<\/li>\n<\/ul>\n<\/li>\n<\/ol>\n<\/div>\n<div class=\"text-content\">\n<div data-spm-anchor-id=\"a2700.details.0.i46.6f4d7d7dnursE7\"><\/div>\n<\/div>\n<div>\n<div class=\"text-content\">\n<div><\/div>\n<div data-spm-anchor-id=\"a2700.details.0.i48.6f4d7d7dnursE7\"><\/div>\n<\/div>\n<\/div>","protected":false},"excerpt":{"rendered":"<p><strong>Vlastn\u00ed pap\u00edrov\u00e1 NFC n\u00e1lepka Ntag213<\/strong> je specifick\u00fd typ integrovan\u00e9ho obvodu kompatibiln\u00edho s NFC Forum Type 2 Tag, kter\u00fd obsahuje 144 bajt\u016f u\u017eivatelsk\u00e9 pam\u011bti. Je navr\u017een s ohledem na v\u0161estrannost, vhodn\u00fd pro r\u016fzn\u00e9 aplikace v odv\u011btv\u00edch, jako je mimo jin\u00e9 maloobchod, hry a spot\u0159ebn\u00ed elektronika.<\/p>","protected":false},"featured_media":353,"template":"","meta":{"_kad_post_transparent":"default","_kad_post_title":"","_kad_post_layout":"default","_kad_post_sidebar_id":"","_kad_post_content_style":"default","_kad_post_vertical_padding":"default","_kad_post_feature":"","_kad_post_feature_position":"","_kad_post_header":false,"_kad_post_footer":false,"_kad_post_classname":""},"product_brand":[],"product_cat":[54],"product_tag":[153,154],"class_list":{"0":"post-352","1":"product","2":"type-product","3":"status-publish","4":"has-post-thumbnail","6":"product_cat-hot-selling-rfid-tags","7":"product_tag-custom-paper-nfc-sticker-ntag213","8":"product_tag-nfc-sticker-ntag213","10":"first","11":"instock","12":"shipping-taxable","13":"product-type-simple","14":"entry","15":"content-bg","16":"loop-entry"},"_links":{"self":[{"href":"https:\/\/rfid-laundry-tag.com\/cs\/wp-json\/wp\/v2\/product\/352","targetHints":{"allow":["GET"]}}],"collection":[{"href":"https:\/\/rfid-laundry-tag.com\/cs\/wp-json\/wp\/v2\/product"}],"about":[{"href":"https:\/\/rfid-laundry-tag.com\/cs\/wp-json\/wp\/v2\/types\/product"}],"version-history":[{"count":0,"href":"https:\/\/rfid-laundry-tag.com\/cs\/wp-json\/wp\/v2\/product\/352\/revisions"}],"wp:featuredmedia":[{"embeddable":true,"href":"https:\/\/rfid-laundry-tag.com\/cs\/wp-json\/wp\/v2\/media\/353"}],"wp:attachment":[{"href":"https:\/\/rfid-laundry-tag.com\/cs\/wp-json\/wp\/v2\/media?parent=352"}],"wp:term":[{"taxonomy":"product_brand","embeddable":true,"href":"https:\/\/rfid-laundry-tag.com\/cs\/wp-json\/wp\/v2\/product_brand?post=352"},{"taxonomy":"product_cat","embeddable":true,"href":"https:\/\/rfid-laundry-tag.com\/cs\/wp-json\/wp\/v2\/product_cat?post=352"},{"taxonomy":"product_tag","embeddable":true,"href":"https:\/\/rfid-laundry-tag.com\/cs\/wp-json\/wp\/v2\/product_tag?post=352"}],"curies":[{"name":"wp","href":"https:\/\/api.w.org\/{rel}","templated":true}]}}