{"id":350,"date":"2024-06-28T10:12:21","date_gmt":"2024-06-28T10:12:21","guid":{"rendered":"https:\/\/rfid-laundry-tag.com\/?post_type=product&#038;p=350"},"modified":"2024-06-28T10:24:29","modified_gmt":"2024-06-28T10:24:29","slug":"anti-metal-nfc-label-nxp-mifare-1k","status":"publish","type":"product","link":"https:\/\/rfid-laundry-tag.com\/cs\/anti-metal-nfc-label-nxp-mifare-1k\/","title":{"rendered":"Anti Metal NFC \u0161t\u00edtek NXP Mifare 1k"},"content":{"rendered":"<h2>Anti Metal NFC \u0161t\u00edtek NXP Mifare 1k<\/h2>\n<table class=\"hight-light-first-column all magic-11\">\n<tbody>\n<tr>\n<td colspan=\"1\" rowspan=\"1\">\n<div class=\"magic-12\" data-spm-anchor-id=\"a2700.details.0.i57.12287cd6Tl6d8d\">Velikost<\/div>\n<\/td>\n<td colspan=\"4\" rowspan=\"1\">\n<div class=\"magic-13\">Pr\u016fm\u011br 25 mm, pr\u016fm\u011br 30 mm atd<\/div>\n<\/td>\n<\/tr>\n<tr>\n<td colspan=\"1\" rowspan=\"1\">\n<div class=\"magic-12\">Barva<\/div>\n<\/td>\n<td colspan=\"4\" rowspan=\"1\">\n<div class=\"magic-16\">\u010cern\u00e1, b\u00edl\u00e1, \u017elut\u00e1, \u010derven\u00e1 nebo vlastn\u00ed<\/div>\n<\/td>\n<\/tr>\n<tr>\n<td colspan=\"1\" rowspan=\"1\">\n<div class=\"magic-12\">\u010cip<\/div>\n<\/td>\n<td colspan=\"4\" rowspan=\"1\">\n<div class=\"magic-13\">NTAG213,NTAG215,NTAG216<\/div>\n<\/td>\n<\/tr>\n<tr>\n<td colspan=\"1\" rowspan=\"1\">\n<div class=\"magic-12\">Frekvence<\/div>\n<\/td>\n<td colspan=\"4\" rowspan=\"1\">\n<div class=\"magic-13\">13,56 MHz<\/div>\n<\/td>\n<\/tr>\n<tr>\n<td colspan=\"1\" rowspan=\"1\">\n<div class=\"magic-12\">Protokol<\/div>\n<\/td>\n<td colspan=\"4\" rowspan=\"1\">\n<div class=\"magic-13\">ISO14443A, f\u00f3rum NFC typu 2<\/div>\n<\/td>\n<\/tr>\n<tr>\n<td colspan=\"1\" rowspan=\"1\">\n<div class=\"magic-12\">Materi\u00e1l<\/div>\n<\/td>\n<td colspan=\"4\" rowspan=\"1\">\n<div class=\"magic-13\">ABS<\/div>\n<\/td>\n<\/tr>\n<tr>\n<td colspan=\"1\" rowspan=\"1\">\n<div class=\"magic-12\">Provozn\u00ed teplota<\/div>\n<\/td>\n<td colspan=\"4\" rowspan=\"1\">\n<div class=\"magic-13\">-20 a\u017e 85 stup\u0148\u016f C<\/div>\n<\/td>\n<\/tr>\n<tr>\n<td colspan=\"1\" rowspan=\"1\">\n<div class=\"magic-12\">aplikace<\/div>\n<\/td>\n<td colspan=\"4\" rowspan=\"1\">\n<div class=\"magic-16\">\u0158et\u011bz na pr\u00e1dlo, tvrd\u00e1 chemik\u00e1lie, platebn\u00ed za\u0159\u00edzen\u00ed, venkovn\u00ed pou\u017eit\u00ed, chemik\u00e1lie, pr\u016fmysl, logistika, hl\u00eddka, \u010dlenstv\u00ed, p\u0159epravn\u00ed kontejner, palety atd.<\/div>\n<\/td>\n<\/tr>\n<tr>\n<td colspan=\"1\" rowspan=\"1\">\n<div class=\"magic-12\">Hodnocen\u00ed vod\u011bodolnosti<\/div>\n<\/td>\n<td colspan=\"4\" rowspan=\"1\">\n<div class=\"magic-16\">IP67<\/div>\n<\/td>\n<\/tr>\n<tr>\n<td colspan=\"1\" rowspan=\"1\">\n<div class=\"magic-12\">Rozsah \u010dten\u00ed<\/div>\n<\/td>\n<td colspan=\"4\" rowspan=\"1\">\n<div class=\"magic-16\">5-10cm, z\u00e1le\u017e\u00ed na \u010dte\u010dce<\/div>\n<\/td>\n<\/tr>\n<tr>\n<td colspan=\"1\" rowspan=\"1\">\n<div class=\"magic-12\">Craft<\/div>\n<\/td>\n<td colspan=\"4\" rowspan=\"1\">\n<div class=\"magic-16\">Laserem vyryt\u00e9 s\u00e9riov\u00e9 \u010d\u00edslo, \u010d\u00e1rov\u00fd k\u00f3d a tak d\u00e1le<\/div>\n<\/td>\n<\/tr>\n<tr>\n<td colspan=\"1\" rowspan=\"1\">\n<div class=\"magic-12\">Mont\u00e1\u017e<\/div>\n<\/td>\n<td colspan=\"4\" rowspan=\"1\">\n<div class=\"magic-16\">Lepidlem nebo \u0161roubem nebo n\u00fdty<\/div>\n<\/td>\n<\/tr>\n<\/tbody>\n<\/table>\n<p>&nbsp;<\/p>\n<div class=\"auto-hide-last-sibling-br paragraph_9dc5f paragraph-element\">Anti Metal NFC \u0161t\u00edtek NXP Mifare 1k m\u00e1 \u0161irokou \u0161k\u00e1lu aplikac\u00ed v r\u016fzn\u00fdch oblastech d\u00edky sv\u00e9 flexibilit\u011b a schopnosti pracovat na kovov\u00fdch povr\u0161\u00edch. Zde je n\u00e1vod, jak se pou\u017e\u00edvaj\u00ed v r\u016fzn\u00fdch odv\u011btv\u00edch:<\/div>\n<div><\/div>\n<ul class=\"auto-hide-last-sibling-br\">\n<li>\n<div class=\"auto-hide-last-sibling-br paragraph_9dc5f paragraph-element\"><strong>Management logistiky<\/strong>: Tyto n\u00e1lepky lze pou\u017e\u00edt pro efektivn\u00ed sledov\u00e1n\u00ed a lokalizaci zbo\u017e\u00ed v re\u00e1ln\u00e9m \u010dase b\u011bhem p\u0159epravy. Zlep\u0161uj\u00ed efektivitu dodavatelsk\u00e9ho \u0159et\u011bzce a zjednodu\u0161uj\u00ed \u0159\u00edzen\u00ed logistiky t\u00edm, \u017ee nab\u00edzej\u00ed nep\u0159etr\u017eitou viditelnost z\u00e1silek.<\/div>\n<\/li>\n<li>\n<div class=\"auto-hide-last-sibling-br paragraph_9dc5f paragraph-element\"><strong>Spr\u00e1va aktiv<\/strong>: Hraj\u00ed z\u00e1sadn\u00ed roli p\u0159i sledov\u00e1n\u00ed a spr\u00e1v\u011b majetku spole\u010dnosti, jako jsou stroje, n\u00e1stroje a kancel\u00e1\u0159sk\u00e9 vybaven\u00ed. Umo\u017e\u0148uj\u00ed rychlou a p\u0159esnou identifikaci a ov\u011b\u0159en\u00ed majetku, \u010d\u00edm\u017e sni\u017euj\u00ed riziko ztr\u00e1ty, kr\u00e1de\u017ee nebo nespr\u00e1vn\u00e9ho um\u00edst\u011bn\u00ed.<\/div>\n<\/li>\n<li>\n<div class=\"auto-hide-last-sibling-br paragraph_9dc5f paragraph-element\"><strong>\u0158\u00edzen\u00ed dodavatelsk\u00e9ho \u0159et\u011bzce<\/strong>: NFC n\u00e1lepky se pou\u017e\u00edvaj\u00ed ke sledov\u00e1n\u00ed produkt\u016f v ka\u017ed\u00e9 f\u00e1zi dodavatelsk\u00e9ho \u0159et\u011bzce, zaji\u0161\u0165uj\u00ed transparentnost a \u00fa\u010dinn\u011b zabra\u0148uj\u00ed vstupu pad\u011blan\u00e9ho zbo\u017e\u00ed na trh.<\/div>\n<\/li>\n<li>\n<div class=\"auto-hide-last-sibling-br paragraph_9dc5f paragraph-element\"><strong>Spr\u00e1va vozidel<\/strong>: N\u00e1lepky, kter\u00e9 se pou\u017e\u00edvaj\u00ed p\u0159i spr\u00e1v\u011b vozov\u00e9ho parku, nab\u00edzej\u00ed snadn\u00fd zp\u016fsob sledov\u00e1n\u00ed a monitorov\u00e1n\u00ed pohybu vozidla a zaji\u0161\u0165uj\u00ed efektivn\u00ed optimalizaci trasy.<\/div>\n<\/li>\n<li>\n<div class=\"auto-hide-last-sibling-br paragraph_9dc5f paragraph-element\"><strong>Spr\u00e1va skladu<\/strong>: Zefektiv\u0148uj\u00ed operace t\u00edm, \u017ee umo\u017e\u0148uj\u00ed sledov\u00e1n\u00ed z\u00e1sob v re\u00e1ln\u00e9m \u010dase, d\u00edky \u010demu\u017e je proces \u0159\u00edzen\u00ed skladu velmi efektivn\u00ed.<\/div>\n<\/li>\n<li>\n<div class=\"auto-hide-last-sibling-br paragraph_9dc5f paragraph-element\"><strong>Ov\u011b\u0159en\u00ed produktu<\/strong>: NFC n\u00e1lepky lze pou\u017e\u00edt k ov\u011b\u0159en\u00ed produkt\u016f, kter\u00e9 poskytuj\u00ed snadn\u00fd zp\u016fsob, jak ur\u010dit, zda je produkt prav\u00fd nebo pad\u011blan\u00fd.<\/div>\n<\/li>\n<li>\n<div class=\"auto-hide-last-sibling-br paragraph_9dc5f paragraph-element\"><strong>Sledov\u00e1n\u00ed aktiv<\/strong>: Zjednodu\u0161uj\u00ed proces sledov\u00e1n\u00ed aktiv v re\u00e1ln\u00e9m \u010dase, co\u017e je u\u017eite\u010dn\u00e9 zejm\u00e9na u polo\u017eek vysok\u00e9 hodnoty nebo d\u016fle\u017eit\u00e9ho vybaven\u00ed, kter\u00e9 se \u010dasto p\u0159esouv\u00e1.<\/div>\n<\/li>\n<li>\n<div class=\"auto-hide-last-sibling-br paragraph_9dc5f paragraph-element\"><strong>\u0158\u00edzen\u00ed z\u00e1sob<\/strong>: N\u00e1lepky pom\u00e1haj\u00ed p\u0159i spr\u00e1v\u011b z\u00e1sob ve skladech nebo maloobchodn\u00edch prodejn\u00e1ch omezen\u00edm ru\u010dn\u00edch kontrol a zaji\u0161t\u011bn\u00edm p\u0159esn\u00e9ho po\u010d\u00edt\u00e1n\u00ed.<\/div>\n<\/li>\n<li>\n<div class=\"auto-hide-last-sibling-br paragraph_9dc5f paragraph-element\"><strong>Platba<\/strong>: NFC n\u00e1lepky se pou\u017e\u00edvaj\u00ed p\u0159i bezhotovostn\u00edch transakc\u00edch a umo\u017e\u0148uj\u00ed rychl\u00e9 a bezpe\u010dn\u00e9 platby pouh\u00fdm p\u0159ilo\u017een\u00edm, jako nap\u0159\u00edklad v platebn\u00edch syst\u00e9mech s n\u00e1ramkem.<\/div>\n<\/li>\n<li>\n<div class=\"auto-hide-last-sibling-br paragraph_9dc5f paragraph-element\"><strong>Soci\u00e1ln\u00ed m\u00e9dia<\/strong>: N\u00e1lepky NFC lze naprogramovat tak, aby spou\u0161t\u011bly \u00fa\u010dty soci\u00e1ln\u00edch m\u00e9di\u00ed nebo hashtagy, co\u017e poskytuje bezprobl\u00e9mov\u00fd z\u00e1\u017eitek ze soci\u00e1ln\u00edch m\u00e9di\u00ed jedin\u00fdm dotykem.<\/div>\n<\/li>\n<li>\n<div class=\"auto-hide-last-sibling-br paragraph_9dc5f paragraph-element\"><strong>N\u00e1ramky<\/strong>: Pou\u017e\u00edv\u00e1 se na akc\u00edch, kde je nutn\u00fd snadn\u00fd p\u0159\u00edstup a bezpe\u010dn\u00e9 platby, jako jsou hudebn\u00ed festivaly, veletrhy a sportovn\u00ed akce.<\/div>\n<\/li>\n<\/ul>\n<div class=\"auto-hide-last-sibling-br paragraph_9dc5f paragraph-element\">V\u00fd\u0161e uveden\u00e9 je jen sn\u00edmek v\u0161estrannosti \u0161t\u00edtku Anti Metal NFC NXP Mifare 1k. Mo\u017enosti jsou nekone\u010dn\u00e9, p\u0159i\u010dem\u017e ka\u017ed\u00e1 aplikace je navr\u017eena tak, aby p\u0159in\u00e1\u0161ela vy\u0161\u0161\u00ed efektivitu, bezpe\u010dnost a pohodl\u00ed.<\/div>\n<div><\/div>\n<div>\n<p>K dispozici jsou tak\u00e9 on metal RFID tagy, kter\u00e9 jsou ur\u010deny pro pou\u017eit\u00ed na kovov\u00fdch p\u0159edm\u011btech. Tyto \u0161t\u00edtky jsou obvykle konstruov\u00e1ny se speci\u00e1ln\u00ed lepic\u00ed podlo\u017ekou nebo zp\u016fsobem mont\u00e1\u017ee, aby bylo zaji\u0161t\u011bno spr\u00e1vn\u00e9 p\u0159ipevn\u011bn\u00ed ke kovov\u00e9mu povrchu bez ru\u0161en\u00ed.<\/p>\n<p>Nakonec volba mezi pou\u017eit\u00edm antikovov\u00e9ho RFID \u0161t\u00edtku nebo kovov\u00e9ho RFID \u0161t\u00edtku z\u00e1vis\u00ed na konkr\u00e9tn\u00ed aplikaci a typu kovov\u00e9ho povrchu, na kter\u00fd bude \u0161t\u00edtek p\u0159ipevn\u011bn. Je d\u016fle\u017eit\u00e9 pe\u010dliv\u011b zv\u00e1\u017eit prost\u0159ed\u00ed a po\u017eadavky va\u0161eho syst\u00e9mu RFID, abyste zajistili optim\u00e1ln\u00ed v\u00fdkon.<\/p>\n<\/div>","protected":false},"excerpt":{"rendered":"<p>Antikovov\u00fd \u0161t\u00edtek NFC NXP Mifare 1k. Antikovov\u00fd \u0161t\u00edtek RFID je speci\u00e1ln\u011b navr\u017een pro mont\u00e1\u017e na kovov\u00e9 povrchy. Tyto \u0161t\u00edtky jsou vyrobeny ze speci\u00e1ln\u00edho st\u00edn\u00edc\u00edho materi\u00e1lu, kter\u00fd zabra\u0148uje tomu, aby kov naru\u0161oval funk\u010dnost \u0161t\u00edtku. To umo\u017e\u0148uje spolehliv\u00e9 a p\u0159esn\u00e9 \u010dten\u00ed RFID \u0161t\u00edtku i p\u0159i um\u00edst\u011bn\u00ed na kovov\u00e9 povrchy.<\/p>","protected":false},"featured_media":351,"template":"","meta":{"_kad_post_transparent":"default","_kad_post_title":"","_kad_post_layout":"default","_kad_post_sidebar_id":"","_kad_post_content_style":"default","_kad_post_vertical_padding":"default","_kad_post_feature":"","_kad_post_feature_position":"","_kad_post_header":false,"_kad_post_footer":false,"_kad_post_classname":""},"product_brand":[],"product_cat":[54],"product_tag":[152,145,144],"class_list":{"0":"post-350","1":"product","2":"type-product","3":"status-publish","4":"has-post-thumbnail","6":"product_cat-hot-selling-rfid-tags","7":"product_tag-anti-metal-nfc-label-nxp-mifare-1k","8":"product_tag-anti-metal-nfc-tag","9":"product_tag-anti-metal-rfid-nfc-sticker","11":"first","12":"instock","13":"shipping-taxable","14":"product-type-simple","15":"entry","16":"content-bg","17":"loop-entry"},"_links":{"self":[{"href":"https:\/\/rfid-laundry-tag.com\/cs\/wp-json\/wp\/v2\/product\/350","targetHints":{"allow":["GET"]}}],"collection":[{"href":"https:\/\/rfid-laundry-tag.com\/cs\/wp-json\/wp\/v2\/product"}],"about":[{"href":"https:\/\/rfid-laundry-tag.com\/cs\/wp-json\/wp\/v2\/types\/product"}],"version-history":[{"count":0,"href":"https:\/\/rfid-laundry-tag.com\/cs\/wp-json\/wp\/v2\/product\/350\/revisions"}],"wp:featuredmedia":[{"embeddable":true,"href":"https:\/\/rfid-laundry-tag.com\/cs\/wp-json\/wp\/v2\/media\/351"}],"wp:attachment":[{"href":"https:\/\/rfid-laundry-tag.com\/cs\/wp-json\/wp\/v2\/media?parent=350"}],"wp:term":[{"taxonomy":"product_brand","embeddable":true,"href":"https:\/\/rfid-laundry-tag.com\/cs\/wp-json\/wp\/v2\/product_brand?post=350"},{"taxonomy":"product_cat","embeddable":true,"href":"https:\/\/rfid-laundry-tag.com\/cs\/wp-json\/wp\/v2\/product_cat?post=350"},{"taxonomy":"product_tag","embeddable":true,"href":"https:\/\/rfid-laundry-tag.com\/cs\/wp-json\/wp\/v2\/product_tag?post=350"}],"curies":[{"name":"wp","href":"https:\/\/api.w.org\/{rel}","templated":true}]}}