{"id":346,"date":"2024-06-28T09:57:16","date_gmt":"2024-06-28T09:57:16","guid":{"rendered":"https:\/\/rfid-laundry-tag.com\/?post_type=product&#038;p=346"},"modified":"2024-08-14T16:42:15","modified_gmt":"2024-08-14T16:42:15","slug":"iso14443a-on-duty-rfid-token","status":"publish","type":"product","link":"https:\/\/rfid-laundry-tag.com\/cs\/iso14443a-on-duty-rfid-token\/","title":{"rendered":"\u010cip ISO14443A On Duty RFID Token Mifare 1k"},"content":{"rendered":"<h2>Token ISO14443A On Duty RFID<\/h2>\n<h4>Robustn\u00ed 13,56 MHz tag pro sledov\u00e1n\u00ed majetku<\/h4>\n<p>Tento \u010dern\u00fd, ABS diskov\u00fd \u0161t\u00edtek je spolehlivou volbou pro sledov\u00e1n\u00ed majetku a nab\u00edz\u00ed robustn\u00ed design pro n\u00e1ro\u010dn\u00e1 prost\u0159ed\u00ed.<\/p>\n<p><strong>P\u0159izp\u016fsoben\u00ed:<\/strong><\/p>\n<ul>\n<li>Nab\u00edz\u00edme zak\u00e1zkov\u00fd s\u00edtotisk s v\u00e1mi zadan\u00fdmi detaily. Kontaktujte n\u00e1s ohledn\u011b ceny a dostupnosti.<\/li>\n<\/ul>\n<p><strong>Vlastnosti \u010dipu On Duty RFID Token Mifare 1k:<\/strong><\/p>\n<ul>\n<li><strong>Pr\u016fm\u011br:<\/strong> 25 mm, 30 mm, 35 mm<\/li>\n<li><strong>Tlou\u0161\u0165ka:<\/strong> 2,3 mm, 2,5 mm, 3 mm, 4,5 mm atd. (+\/- 0,1 mm)<\/li>\n<li><strong>Otvor:<\/strong>\u00a03,3 mm (+\/- 0,1 mm)<\/li>\n<li><strong>Materi\u00e1l:<\/strong>\u00a0ABS, sva\u0159ovan\u00fd ultrazvukem<\/li>\n<li><strong>Hmotnost:<\/strong>\u00a02,0 g<\/li>\n<li><strong>Provozn\u00ed teplota:<\/strong>\u00a0-25 \u00b0C a\u017e +70 \u00b0C<\/li>\n<li><strong>Citlivost:<\/strong>\u00a027 microT. RMS p\u0159i RT pro re\u017eim \u010dten\u00ed p\u0159i 125 kHz<\/li>\n<\/ul>\n<p><strong>Mifare 1k S50 Classic \/ ISO14443A Charakteristika:<\/strong><\/p>\n<ul>\n<li><strong>Provozn\u00ed frekvence:<\/strong>\u00a013,56 MHz<\/li>\n<li><strong>Pam\u011b\u0165:<\/strong>\u00a01 KB EEPROM pro \u010dten\u00ed\/z\u00e1pis, organizovan\u00e1 jako 16 sektor\u016f po 4 bloc\u00edch (ka\u017ed\u00fd 16 bajt\u016f)<\/li>\n<li><strong>Typick\u00e1 doba transakce:<\/strong>\u00a0&lt;100 ms<\/li>\n<li><strong>Pevn\u00e9 s\u00e9riov\u00e9 \u010d\u00edslo:<\/strong>\u00a0Unik\u00e1tn\u00ed, 4bajtov\u00fd<\/li>\n<li><strong>Napi\u0161te vytrvalost:<\/strong>\u00a0Minim\u00e1ln\u011b 100 000 cykl\u016f<\/li>\n<\/ul>","protected":false},"excerpt":{"rendered":"<p>Tento odoln\u00fd \u010dern\u00fd \u010dip ISO14443A On Duty RFID Token Mifare 1k je sou\u010d\u00e1st\u00ed \u0159ady pasivn\u00edch bezkontaktn\u00edch transpond\u00e9r\u016f vytvo\u0159en\u00fdch pro spolehliv\u00e9 sledov\u00e1n\u00ed majetku. Vyhovuje standardu Mifare 1k S50 Classic \/ ISO14443A a obsahuje jedine\u010dn\u00e9 4bajtov\u00e9 identifika\u010dn\u00ed \u010d\u00edslo.<\/p>","protected":false},"featured_media":347,"template":"","meta":{"_kad_post_transparent":"default","_kad_post_title":"","_kad_post_layout":"default","_kad_post_sidebar_id":"","_kad_post_content_style":"default","_kad_post_vertical_padding":"default","_kad_post_feature":"","_kad_post_feature_position":"","_kad_post_header":false,"_kad_post_footer":false,"_kad_post_classname":""},"product_brand":[],"product_cat":[54],"product_tag":[150,126],"class_list":{"0":"post-346","1":"product","2":"type-product","3":"status-publish","4":"has-post-thumbnail","6":"product_cat-hot-selling-rfid-tags","7":"product_tag-iso14443a-on-duty-rfid-token-mifare-1k-chip","8":"product_tag-rfid-patrol-disc-tag","10":"first","11":"instock","12":"shipping-taxable","13":"product-type-simple","14":"entry","15":"content-bg","16":"loop-entry"},"_links":{"self":[{"href":"https:\/\/rfid-laundry-tag.com\/cs\/wp-json\/wp\/v2\/product\/346","targetHints":{"allow":["GET"]}}],"collection":[{"href":"https:\/\/rfid-laundry-tag.com\/cs\/wp-json\/wp\/v2\/product"}],"about":[{"href":"https:\/\/rfid-laundry-tag.com\/cs\/wp-json\/wp\/v2\/types\/product"}],"version-history":[{"count":1,"href":"https:\/\/rfid-laundry-tag.com\/cs\/wp-json\/wp\/v2\/product\/346\/revisions"}],"predecessor-version":[{"id":1332,"href":"https:\/\/rfid-laundry-tag.com\/cs\/wp-json\/wp\/v2\/product\/346\/revisions\/1332"}],"wp:featuredmedia":[{"embeddable":true,"href":"https:\/\/rfid-laundry-tag.com\/cs\/wp-json\/wp\/v2\/media\/347"}],"wp:attachment":[{"href":"https:\/\/rfid-laundry-tag.com\/cs\/wp-json\/wp\/v2\/media?parent=346"}],"wp:term":[{"taxonomy":"product_brand","embeddable":true,"href":"https:\/\/rfid-laundry-tag.com\/cs\/wp-json\/wp\/v2\/product_brand?post=346"},{"taxonomy":"product_cat","embeddable":true,"href":"https:\/\/rfid-laundry-tag.com\/cs\/wp-json\/wp\/v2\/product_cat?post=346"},{"taxonomy":"product_tag","embeddable":true,"href":"https:\/\/rfid-laundry-tag.com\/cs\/wp-json\/wp\/v2\/product_tag?post=346"}],"curies":[{"name":"wp","href":"https:\/\/api.w.org\/{rel}","templated":true}]}}