{"id":344,"date":"2024-06-28T09:45:28","date_gmt":"2024-06-28T09:45:28","guid":{"rendered":"https:\/\/rfid-laundry-tag.com\/?post_type=product&#038;p=344"},"modified":"2024-06-28T09:50:44","modified_gmt":"2024-06-28T09:50:44","slug":"13-56mhz-rfid-1k-token-coin-tag","status":"publish","type":"product","link":"https:\/\/rfid-laundry-tag.com\/cs\/13-56mhz-rfid-1k-token-coin-tag\/","title":{"rendered":"\u0160t\u00edtek na mince 13,56 MHz RFID 1K"},"content":{"rendered":"<p><strong>\u0160t\u00edtek na mince 13,56 MHz RFID 1K<\/strong><\/p>\n<p style=\"text-align: left;\">Kl\u00ed\u010dov\u00e9 informace: Vodot\u011bsn\u00e9 a odoln\u00e9.<\/p>\n<p style=\"text-align: left;\">Velikost a p\u0159izp\u016fsoben\u00ed loga jsou p\u0159ijateln\u00e9.<\/p>\n<p style=\"text-align: left;\">Tisk: b\u00edl\u00e1 barva nebo vlastn\u00ed logo<\/p>\n<p style=\"text-align: left;\">Velikost: Pr\u016fm\u011br 25 mm, 30 mm<\/p>\n<p style=\"text-align: left;\">Mini mno\u017estv\u00ed: 1000 ks<\/p>\n<p style=\"text-align: left;\">\u010cipy: RFID 1K atd.<\/p>\n<p style=\"text-align: left;\">Dal\u0161\u00ed funkce: logo, s\u00e9riov\u00e9 \u010d\u00edslo tisku, QR k\u00f3d, \u010d\u00e1rov\u00e9 k\u00f3dy, variabiln\u00ed data a serializace atd.<\/p>\n<table border=\"1\" cellspacing=\"0\" cellpadding=\"0\">\n<tbody>\n<tr>\n<td colspan=\"2\">\n<p align=\"left\">Specifikace<\/p>\n<\/td>\n<\/tr>\n<tr>\n<td>\n<p align=\"left\">Typ \u0161t\u00edtku\/\u010dipu<\/p>\n<\/td>\n<td>\n<p align=\"left\">RFID 1K<\/p>\n<\/td>\n<\/tr>\n<tr>\n<td>\n<p align=\"left\">Provozn\u00ed frekvence<\/p>\n<\/td>\n<td>\n<p align=\"left\">13,56 MHz<\/p>\n<\/td>\n<\/tr>\n<tr>\n<td>\n<p align=\"left\">Testovan\u00fd rozsah \u010dten\u00ed<\/p>\n<\/td>\n<td>\n<p align=\"left\">0 \u2013 100 mm v z\u00e1vislosti na v\u00fdkonu poskytovan\u00e9 \u010dte\u010dkou<\/p>\n<\/td>\n<\/tr>\n<tr>\n<td>\n<p align=\"left\">V\u00edcen\u00e1sobn\u00e1 detekce<\/p>\n<\/td>\n<td>\n<p align=\"left\">Ano<\/p>\n<\/td>\n<\/tr>\n<tr>\n<td>\n<p align=\"left\">Velikost<\/p>\n<\/td>\n<td>Pr\u016fm\u011br 25 mm, pr\u016fm\u011br 30 mm atd<\/td>\n<\/tr>\n<tr>\n<td>\n<p align=\"left\">Materi\u00e1l<\/p>\n<\/td>\n<td>\n<p align=\"left\">PVC \/ PET \/ ant\u00e9na atd<\/p>\n<\/td>\n<\/tr>\n<tr>\n<td>\n<p align=\"left\">Protokol:<\/p>\n<\/td>\n<td>\n<p align=\"left\">ISO14443A<\/p>\n<\/td>\n<\/tr>\n<tr>\n<td>\n<p align=\"left\">Environment\u00e1ln\u00ed specifikace<\/p>\n<\/td>\n<td>\n<p align=\"left\">Doba pou\u017eitelnosti 5 let<\/p>\n<p align=\"left\">Doporu\u010deno: -25C a\u017e +50C<\/p>\n<p align=\"left\">Stav \u00falo\u017ei\u0161t\u011b: 20% a\u017e 90%RH<\/p>\n<p align=\"left\">Provozn\u00ed teplota: -40C a\u017e +65C<\/p>\n<\/td>\n<\/tr>\n<tr>\n<td>\n<p align=\"left\">\u010casy \u010dten\u00ed\/z\u00e1pisu:<\/p>\n<\/td>\n<td>\n<p align=\"left\">100 000 kr\u00e1t<\/p>\n<\/td>\n<\/tr>\n<tr>\n<td>\n<p align=\"left\">Aplikace:<\/p>\n<\/td>\n<td>\n<p align=\"left\" data-spm-anchor-id=\"a2700.wholesale.0.i54.a0d8206fLph15n\">Ve\u0159ejn\u00e1 doprava, \u0159\u00edzen\u00ed p\u0159\u00edstupu, elektronick\u00e9 j\u00edzdenky, logistika a \u0159\u00edzen\u00ed dod\u00e1vek, v\u00fdroba a mont\u00e1\u017e v\u00fdroby, \u0161t\u00edtek na \u010deln\u00ed sklo, sledov\u00e1n\u00ed dokument\u016f, spr\u00e1va pr\u00e1delny, spr\u00e1va knihoven, identita zv\u00ed\u0159at atd.<\/p>\n<\/td>\n<\/tr>\n<\/tbody>\n<\/table>\n<p>&nbsp;<\/p>\n<p>Tento RFID NFC \u0161t\u00edtek na mince s lepidlem vypad\u00e1 jako robustn\u00ed a spolehliv\u00fd produkt, zejm\u00e9na s funkcemi, kter\u00e9 jste zm\u00ednil. Za\u010dlen\u011bn\u00ed antikovov\u00fdch materi\u00e1l\u016f, lepidla 3M a ultrazvukov\u00e9ho sva\u0159ov\u00e1n\u00ed zvy\u0161uje jeho v\u00fdkon na kovov\u00fdch povr\u0161\u00edch a zaji\u0161\u0165uje vodot\u011bsnost a odolnost proti h\u00e1zen\u00ed. Pou\u017eit\u00ed c\u00edvky z \u010dist\u00e9ho m\u011bd\u011bn\u00e9ho dr\u00e1tu pro frekven\u010dn\u00ed stabilitu je skv\u011blou volbou, proto\u017ee umo\u017e\u0148uje konzistentn\u00ed vzd\u00e1lenosti \u010dten\u00ed karet i v n\u00e1ro\u010dn\u00fdch prost\u0159ed\u00edch. Celkov\u011b by tato technologie m\u011bla poskytovat spolehliv\u00fd a konzistentn\u00ed v\u00fdkon, d\u00edky \u010demu\u017e je vhodn\u00e1 do n\u00e1ro\u010dn\u00fdch podm\u00ednek.<\/p>\n<p>&nbsp;<\/p>","protected":false},"excerpt":{"rendered":"<p>\u0160t\u00edtek na mince 13,56 MHz RFID 1K je solidn\u00ed volbou pro sledov\u00e1n\u00ed majetku d\u00edky sv\u00e9 mal\u00e9 velikosti, snadn\u00e9 instalaci a odolnosti. S materi\u00e1lem PVC nebo PET materi\u00e1lem je pam\u011b\u0165 \u010dipu 1K Byte.<\/p>","protected":false},"featured_media":345,"template":"","meta":{"_kad_post_transparent":"default","_kad_post_title":"","_kad_post_layout":"default","_kad_post_sidebar_id":"","_kad_post_content_style":"default","_kad_post_vertical_padding":"default","_kad_post_feature":"","_kad_post_feature_position":"","_kad_post_header":false,"_kad_post_footer":false,"_kad_post_classname":""},"product_brand":[],"product_cat":[54],"product_tag":[149,145],"class_list":{"0":"post-344","1":"product","2":"type-product","3":"status-publish","4":"has-post-thumbnail","6":"product_cat-hot-selling-rfid-tags","7":"product_tag-13-56mhz-rfid-1k-token-coin-tag","8":"product_tag-anti-metal-nfc-tag","10":"first","11":"instock","12":"shipping-taxable","13":"product-type-simple","14":"entry","15":"content-bg","16":"loop-entry"},"_links":{"self":[{"href":"https:\/\/rfid-laundry-tag.com\/cs\/wp-json\/wp\/v2\/product\/344","targetHints":{"allow":["GET"]}}],"collection":[{"href":"https:\/\/rfid-laundry-tag.com\/cs\/wp-json\/wp\/v2\/product"}],"about":[{"href":"https:\/\/rfid-laundry-tag.com\/cs\/wp-json\/wp\/v2\/types\/product"}],"version-history":[{"count":0,"href":"https:\/\/rfid-laundry-tag.com\/cs\/wp-json\/wp\/v2\/product\/344\/revisions"}],"wp:featuredmedia":[{"embeddable":true,"href":"https:\/\/rfid-laundry-tag.com\/cs\/wp-json\/wp\/v2\/media\/345"}],"wp:attachment":[{"href":"https:\/\/rfid-laundry-tag.com\/cs\/wp-json\/wp\/v2\/media?parent=344"}],"wp:term":[{"taxonomy":"product_brand","embeddable":true,"href":"https:\/\/rfid-laundry-tag.com\/cs\/wp-json\/wp\/v2\/product_brand?post=344"},{"taxonomy":"product_cat","embeddable":true,"href":"https:\/\/rfid-laundry-tag.com\/cs\/wp-json\/wp\/v2\/product_cat?post=344"},{"taxonomy":"product_tag","embeddable":true,"href":"https:\/\/rfid-laundry-tag.com\/cs\/wp-json\/wp\/v2\/product_tag?post=344"}],"curies":[{"name":"wp","href":"https:\/\/api.w.org\/{rel}","templated":true}]}}