{"id":338,"date":"2024-06-28T08:41:45","date_gmt":"2024-06-28T08:41:45","guid":{"rendered":"https:\/\/rfid-laundry-tag.com\/?post_type=product&#038;p=338"},"modified":"2024-07-16T16:20:17","modified_gmt":"2024-07-16T16:20:17","slug":"nxp-mifare-1k-rfid-nfc-inlay-sticker","status":"publish","type":"product","link":"https:\/\/rfid-laundry-tag.com\/cs\/nxp-mifare-1k-rfid-nfc-inlay-sticker\/","title":{"rendered":"N\u00e1lepka NXP Mifare 1k RFID NFC Inlay"},"content":{"rendered":"<table class=\"has-title all magic-13\">\n<tbody>\n<tr>\n<td colspan=\"1\" rowspan=\"1\">\n<div class=\"magic-14\" data-spm-anchor-id=\"a2700.details.0.i37.2ec61361oDo4aX\">N\u00e1zev produktu<\/div>\n<\/td>\n<td colspan=\"1\" rowspan=\"1\">\n<div class=\"magic-15\">N\u00e1lepka NXP Mifare 1k RFID NFC Inlay<\/div>\n<\/td>\n<\/tr>\n<tr>\n<td colspan=\"1\" rowspan=\"1\">\n<div class=\"magic-14\">\u010cip<\/div>\n<\/td>\n<td colspan=\"1\" rowspan=\"1\">\n<div class=\"magic-15\">MIFARE Classic\u00ae 1K<\/div>\n<\/td>\n<\/tr>\n<tr>\n<td colspan=\"1\" rowspan=\"1\">\n<div class=\"magic-14\">Frekvence<\/div>\n<\/td>\n<td colspan=\"1\" rowspan=\"1\">\n<div class=\"magic-15\">13,56 MHz<\/div>\n<\/td>\n<\/tr>\n<tr>\n<td colspan=\"1\" rowspan=\"1\">\n<div class=\"magic-14\">Vzd\u00e1lenost \u010dten\u00ed<\/div>\n<\/td>\n<td colspan=\"1\" rowspan=\"1\">\n<div class=\"magic-15\">1-5 cm<\/div>\n<\/td>\n<\/tr>\n<tr>\n<td colspan=\"1\" rowspan=\"1\">\n<div class=\"magic-14\">Materi\u00e1l<\/div>\n<\/td>\n<td colspan=\"1\" rowspan=\"1\">\n<div class=\"magic-15\">K\u0159\u00eddov\u00fd pap\u00edr<\/div>\n<\/td>\n<\/tr>\n<tr>\n<td colspan=\"1\" rowspan=\"1\">\n<div class=\"magic-14\">Substr\u00e1t<\/div>\n<\/td>\n<td colspan=\"1\" rowspan=\"1\">\n<div class=\"magic-15\">PET<\/div>\n<\/td>\n<\/tr>\n<tr>\n<td colspan=\"1\" rowspan=\"1\">\n<div class=\"magic-14\">Pr\u016fm\u011br 50 mm Velikost<\/div>\n<\/td>\n<td colspan=\"1\" rowspan=\"1\">\n<div class=\"magic-15\">Pr\u016fm\u011br 25 mm nebo p\u0159izp\u016fsoben\u00ed<\/div>\n<\/td>\n<\/tr>\n<tr>\n<td colspan=\"1\" rowspan=\"1\">\n<div class=\"magic-14\">Pracovn\u00ed re\u017eim<\/div>\n<\/td>\n<td colspan=\"1\" rowspan=\"1\">\n<div class=\"magic-15\">Pasivn\u00ed<\/div>\n<\/td>\n<\/tr>\n<tr>\n<td colspan=\"1\" rowspan=\"1\">\n<div class=\"magic-14\">Napi\u0161te cykly<\/div>\n<\/td>\n<td colspan=\"1\" rowspan=\"1\">\n<div class=\"magic-15\">100000<\/div>\n<\/td>\n<\/tr>\n<tr>\n<td colspan=\"1\" rowspan=\"1\">\n<div class=\"magic-14\">Provozn\u00ed teplota \/ vlhkost<\/div>\n<\/td>\n<td colspan=\"1\" rowspan=\"1\">\n<div class=\"magic-15\">-40~70\u2103\/20%~90% RH<\/div>\n<\/td>\n<\/tr>\n<tr>\n<td colspan=\"1\" rowspan=\"1\">\n<div class=\"magic-14\">Skladovac\u00ed teplota \/ vlhkost<\/div>\n<\/td>\n<td colspan=\"1\" rowspan=\"1\">\n<div class=\"magic-15\">-20~50\u2103 \/ 20%~90% RH (bez kondenzace).<\/div>\n<\/td>\n<\/tr>\n<tr>\n<td colspan=\"1\" rowspan=\"1\">\n<div class=\"magic-14\">Dostupnost vzorku<\/div>\n<\/td>\n<td colspan=\"1\" rowspan=\"1\">\n<div class=\"magic-15\">Vzorky zdarma jsou k dispozici na vy\u017e\u00e1d\u00e1n\u00ed<\/div>\n<\/td>\n<\/tr>\n<tr>\n<td colspan=\"1\" rowspan=\"1\">\n<div class=\"magic-14\">Obal<\/div>\n<\/td>\n<td colspan=\"1\" rowspan=\"1\">\n<div class=\"magic-15\">1000-5000ks\/role, 4 role\/karton<\/div>\n<\/td>\n<\/tr>\n<tr>\n<td colspan=\"1\" rowspan=\"1\">\n<div class=\"magic-14\">\n<p>aplikace<\/p>\n<div><\/div>\n<\/div>\n<\/td>\n<td colspan=\"1\" rowspan=\"1\">\n<div class=\"magic-15\" data-spm-anchor-id=\"a2700.details.0.i47.2ec61361oDo4aX\">Bezpe\u010dn\u00e1 kontrola vstupu\/bezhotovostn\u00ed platby \u010clenstv\u00ed a v\u011brnostn\u00ed programy P\u0159\u00edstup k ud\u00e1lostem a branding\/Soci\u00e1ln\u00ed m\u00e9dia\/Maloobchod<br \/>\nProst\u0159ed\u00ed\/Hry a hra\u010dky Um\u00edst\u011bn\u00ed\/Elektronika\/V\u00fdstavy\/Ud\u00e1losti\/Po\u017eadavek na zavol\u00e1n\u00ed\/Vizitky<\/div>\n<\/td>\n<\/tr>\n<\/tbody>\n<\/table>\n<p>&nbsp;<\/p>\n<p><strong>NXP<sup>\u00ae<\/sup>\u00a0vyvinula MIFARE<sup>\u00ae<\/sup>\u00a0MF1ICS50 pro pou\u017eit\u00ed v bezkontaktn\u00ed \u010dipov\u00e9 kart\u011b podle ISO\/IEC 14443 Type-A.<\/strong><\/p>\n<p>MIFARE MF1ICS50 IC se pou\u017e\u00edv\u00e1 v aplikac\u00edch, jako je prodej j\u00edzdenek na ve\u0159ejnou dopravu, kde velk\u00e1 m\u011bsta p\u0159ijala MIFARE jako sv\u00e9 \u0159e\u0161en\u00ed pro elektronick\u00e9 j\u00edzdenky.<\/p>\n<p>Inteligentn\u00ed antikolizn\u00ed funkce umo\u017e\u0148uje provoz v\u00edce ne\u017e jedn\u00e9 karty v ter\u00e9nu sou\u010dasn\u011b. Antikolizn\u00ed algoritmus vybere ka\u017edou kartu jednotliv\u011b a zajist\u00ed, \u017ee proveden\u00ed transakce s vybranou kartou prob\u011bhne spr\u00e1vn\u011b bez po\u0161kozen\u00ed dat v d\u016fsledku jin\u00fdch karet v poli.<\/p>\n<p>MF1ICS50 je navr\u017een pro jednoduchou integraci a u\u017eivatelsk\u00e9 pohodl\u00ed. Co\u017e by umo\u017enilo zpracovat kompletn\u00ed transakce ticketingu za m\u00e9n\u011b ne\u017e 100 ms. U\u017eivatel karty MF1ICS50 tak nen\u00ed nucen zastavit se u \u010dte\u010dky, co\u017e vede k vysok\u00e9 propustnosti u z\u00e1vor a zkr\u00e1cen\u00ed doby n\u00e1stupu do autobus\u016f. Karta zalo\u017een\u00e1 na produktu MIFARE m\u016f\u017ee b\u011bhem transakce tak\u00e9 z\u016fstat v pen\u011b\u017eence, i kdy\u017e jsou v n\u00ed mince.<\/p>\n<p>N\u011bkter\u00e9 b\u011b\u017en\u00e9 \u010dast\u00e9 dotazy t\u00fdkaj\u00edc\u00ed se vlo\u017een\u00fdch n\u00e1lepek NXP Mifare 1k RFID NFC:<\/p>\n<ol>\n<li>Co je vlo\u017een\u00e1 n\u00e1lepka NXP Mifare 1k RFID NFC?<\/li>\n<\/ol>\n<ul>\n<li>Vlo\u017een\u00e1 n\u00e1lepka se obvykle skl\u00e1d\u00e1 z mal\u00e9ho \u010dipu RFID\/NFC a ant\u00e9ny zapu\u0161t\u011bn\u00e9 do tenk\u00e9 lepic\u00ed vrstvy. NXP Mifare 1k odkazuje na konkr\u00e9tn\u00ed typ \u010dipu pou\u017eit\u00e9ho ve vlo\u017ece.<\/li>\n<\/ul>\n<ol start=\"2\">\n<li>Jak\u00e9 jsou vlastnosti inlay samolepek NXP Mifare 1k RFID NFC?<\/li>\n<\/ol>\n<ul>\n<li>\u010cip NXP Mifare 1k se b\u011b\u017en\u011b pou\u017e\u00edv\u00e1 v aplikac\u00edch, jako je \u0159\u00edzen\u00ed p\u0159\u00edstupu, doprava a v\u011brnostn\u00ed programy. Nab\u00edz\u00ed 1 kilobajt pam\u011bti a podporuje v\u00edce metod ov\u011b\u0159ov\u00e1n\u00ed pro bezpe\u010dn\u00e9 ukl\u00e1d\u00e1n\u00ed dat.<\/li>\n<\/ul>\n<ol start=\"3\">\n<li>Jak lze naprogramovat vlo\u017een\u00e9 n\u00e1lepky NXP Mifare 1k RFID NFC?<\/li>\n<\/ol>\n<ul>\n<li>Tyto vlo\u017een\u00e9 n\u00e1lepky lze naprogramovat pomoc\u00ed za\u0159\u00edzen\u00ed s podporou NFC, jako jsou chytr\u00e9 telefony nebo vyhrazen\u00e9 \u010dte\u010dky RFID\/NFC. To umo\u017e\u0148uje p\u0159izp\u016fsoben\u00ed dat ulo\u017een\u00fdch na \u010dipu, jako jsou jedine\u010dn\u00e9 identifik\u00e1tory nebo bezpe\u010dnostn\u00ed kl\u00ed\u010de.<\/li>\n<\/ul>\n<ol start=\"4\">\n<li>Jak\u00e9 jsou typick\u00e9 p\u0159\u00edpady pou\u017eit\u00ed vlo\u017ekov\u00fdch n\u00e1lepek NXP Mifare 1k RFID NFC?<\/li>\n<\/ol>\n<ul>\n<li>Tyto vlo\u017een\u00e9 n\u00e1lepky se b\u011b\u017en\u011b pou\u017e\u00edvaj\u00ed pro bezkontaktn\u00ed platebn\u00ed syst\u00e9my, karty pro kontrolu p\u0159\u00edstupu, \u0159e\u0161en\u00ed pro prodej vstupenek a sledov\u00e1n\u00ed z\u00e1sob. Jsou univerz\u00e1ln\u00ed a lze je integrovat do r\u016fzn\u00fdch aplikac\u00ed, kter\u00e9 vy\u017eaduj\u00ed technologii RFID\/NFC.<\/li>\n<\/ul>\n<ol start=\"5\">\n<li>Jsou vlo\u017een\u00e9 n\u00e1lepky NXP Mifare 1k RFID NFC bezpe\u010dn\u00e9?<\/li>\n<\/ol>\n<ul>\n<li>\u010cip NXP Mifare 1k nab\u00edz\u00ed vestav\u011bn\u00e9 bezpe\u010dnostn\u00ed funkce, jako jsou \u0161ifrovac\u00ed a ov\u011b\u0159ovac\u00ed protokoly, kter\u00e9 zabra\u0148uj\u00ed neopr\u00e1vn\u011bn\u00e9mu p\u0159\u00edstupu k dat\u016fm ulo\u017een\u00fdm na \u010dipu. Pro zaji\u0161t\u011bn\u00ed celkov\u00e9 bezpe\u010dnosti syst\u00e9mu je v\u0161ak d\u016fle\u017eit\u00e1 spr\u00e1vn\u00e1 implementace bezpe\u010dnostn\u00edch opat\u0159en\u00ed.<\/li>\n<\/ul>","protected":false},"excerpt":{"rendered":"<p>NFC vlo\u017eka s \u010dipem MIFARE Classic EV1 1K (MF1S503yX) NFC. Tyto vlo\u017eky jsou navr\u017eeny tak, aby byly tenk\u00e9 a levn\u00e9, s \u010dipem a ant\u00e9nou um\u00edst\u011bn\u00fdmi l\u00edcem dol\u016f na lepidlo. Vlo\u017eka m\u00e1 4bajtov\u00e9 NUID a ant\u00e9na je typicky detekovateln\u00e1 p\u0159i p\u0159ejet\u00ed prstem po povrchu.<\/p>","protected":false},"featured_media":339,"template":"","meta":{"_kad_post_transparent":"default","_kad_post_title":"","_kad_post_layout":"default","_kad_post_sidebar_id":"","_kad_post_content_style":"default","_kad_post_vertical_padding":"default","_kad_post_feature":"","_kad_post_feature_position":"","_kad_post_header":false,"_kad_post_footer":false,"_kad_post_classname":""},"product_brand":[],"product_cat":[54,189],"product_tag":[112,147],"class_list":{"0":"post-338","1":"product","2":"type-product","3":"status-publish","4":"has-post-thumbnail","6":"product_cat-hot-selling-rfid-tags","7":"product_cat-rfid-inlay","8":"product_tag-13-56mhz-rfid-inlay","9":"product_tag-nxp-mifare-1k-rfid-nfc-inlay-sticker","11":"first","12":"instock","13":"shipping-taxable","14":"product-type-simple","15":"entry","16":"content-bg","17":"loop-entry"},"_links":{"self":[{"href":"https:\/\/rfid-laundry-tag.com\/cs\/wp-json\/wp\/v2\/product\/338","targetHints":{"allow":["GET"]}}],"collection":[{"href":"https:\/\/rfid-laundry-tag.com\/cs\/wp-json\/wp\/v2\/product"}],"about":[{"href":"https:\/\/rfid-laundry-tag.com\/cs\/wp-json\/wp\/v2\/types\/product"}],"version-history":[{"count":1,"href":"https:\/\/rfid-laundry-tag.com\/cs\/wp-json\/wp\/v2\/product\/338\/revisions"}],"predecessor-version":[{"id":717,"href":"https:\/\/rfid-laundry-tag.com\/cs\/wp-json\/wp\/v2\/product\/338\/revisions\/717"}],"wp:featuredmedia":[{"embeddable":true,"href":"https:\/\/rfid-laundry-tag.com\/cs\/wp-json\/wp\/v2\/media\/339"}],"wp:attachment":[{"href":"https:\/\/rfid-laundry-tag.com\/cs\/wp-json\/wp\/v2\/media?parent=338"}],"wp:term":[{"taxonomy":"product_brand","embeddable":true,"href":"https:\/\/rfid-laundry-tag.com\/cs\/wp-json\/wp\/v2\/product_brand?post=338"},{"taxonomy":"product_cat","embeddable":true,"href":"https:\/\/rfid-laundry-tag.com\/cs\/wp-json\/wp\/v2\/product_cat?post=338"},{"taxonomy":"product_tag","embeddable":true,"href":"https:\/\/rfid-laundry-tag.com\/cs\/wp-json\/wp\/v2\/product_tag?post=338"}],"curies":[{"name":"wp","href":"https:\/\/api.w.org\/{rel}","templated":true}]}}