{"id":336,"date":"2024-06-28T08:18:30","date_gmt":"2024-06-28T08:18:30","guid":{"rendered":"https:\/\/rfid-laundry-tag.com\/?post_type=product&#038;p=336"},"modified":"2024-10-24T15:35:13","modified_gmt":"2024-10-24T15:35:13","slug":"mifare-ultralight-c-rfid-nfc-inlay","status":"publish","type":"product","link":"https:\/\/rfid-laundry-tag.com\/cs\/mifare-ultralight-c-rfid-nfc-inlay\/","title":{"rendered":"NXP Mifare\u00aeUltralight C RFID NFC vlo\u017eka"},"content":{"rendered":"<div>\n<h1 class=\"auto-hide-last-sibling-br paragraph_9dc5f paragraph-element\"><strong>NXP Mifare Ultralight C RFID NFC vlo\u017eka<\/strong><\/h1>\n<div><\/div>\n<\/div>\n<div class=\"text-title\"><strong><span class=\"magic-26\" style=\"font-family: Arial;\" data-spm-anchor-id=\"a2700.details.0.i47.6f4d7d7dnursE7\">Such\u00e1 vlo\u017eka<\/span><\/strong><\/div>\n<div class=\"text-content\">\n<p><span class=\"magic-6\" style=\"font-family: Arial;\">Jednodu\u0161e \u0159e\u010deno, such\u00e1 vlo\u017eka RFID je kombinac\u00ed \u010dipu RFID a ant\u00e9ny. M\u016f\u017ee b\u00fdt pou\u017eit pro v\u00fdrobu NFC n\u00e1lepky, RFID \u0161t\u00edtku, RFID l\u00edstku a r\u016fzn\u00fdch RFID \u0161t\u00edtk\u016f. <\/span><\/p>\n<div data-spm-anchor-id=\"a2700.details.0.i46.6f4d7d7dnursE7\">\n<p><span class=\"magic-6\" style=\"font-family: Arial;\"> Ant\u00e9na such\u00e9ho inlaye je hlin\u00edkov\u00e1 leptan\u00e1, kter\u00e1 je ten\u010d\u00ed ne\u017e m\u011bd\u011bn\u00e1 c\u00edvka. Tvar ant\u00e9ny m\u016f\u017ee b\u00fdt p\u0159izp\u016fsoben a p\u0159epracov\u00e1n na vy\u017e\u00e1d\u00e1n\u00ed.<\/span><\/p>\n<p>&nbsp;<\/p>\n<\/div>\n<\/div>\n<div>\n<div class=\"text-title\"><strong><span class=\"magic-26\" style=\"font-family: Arial;\">Mokr\u00e1 vlo\u017eka<\/span><\/strong><\/div>\n<div class=\"text-content\">\n<p><span class=\"magic-6\" style=\"font-family: Arial;\" data-spm-anchor-id=\"a2700.details.0.i49.6f4d7d7dnursE7\">Such\u00e1 vlo\u017eka RFID p\u0159idan\u00e1 s lepidlem se naz\u00fdv\u00e1 vlhk\u00e1 vlo\u017eka. Pokud nepot\u0159ebujete \u017e\u00e1dn\u00fd tisk na povrch, lze jej pou\u017e\u00edt p\u0159\u00edmo jako RFID \u0161t\u00edtek nebo NFC n\u00e1lepku. Nalepen\u00ed na p\u0159edm\u011bty m\u016f\u017ee u\u0161et\u0159it n\u00e1klady a dos\u00e1hnout stejn\u00e9ho \u00fa\u010delu. Je tak\u00e9 \u0161iroce pou\u017e\u00edv\u00e1n p\u0159i v\u00fdrob\u011b RFID \u0161t\u00edtk\u016f. Ant\u00e9na mokr\u00e9 inlay je hlin\u00edkov\u00e1 leptan\u00e1, kter\u00e1 je ten\u010d\u00ed ve srovn\u00e1n\u00ed s m\u011bd\u011bnou c\u00edvkou. Tvar ant\u00e9ny m\u016f\u017ee b\u00fdt p\u0159izp\u016fsoben a p\u0159epracov\u00e1n na vy\u017e\u00e1d\u00e1n\u00ed.<\/span><\/p>\n<h2>NXP Mifare\u00aeUltralight C RFID NFC vlo\u017eka<\/h2>\n<div><\/div>\n<div data-spm-anchor-id=\"a2700.details.0.i48.6f4d7d7dnursE7\">\n<table class=\"hight-light-first-column all magic-14\">\n<tbody>\n<tr>\n<td colspan=\"1\" rowspan=\"1\">\n<div class=\"magic-15\"><b>Materi\u00e1l<\/b><\/div>\n<\/td>\n<td colspan=\"1\" rowspan=\"1\">\n<div class=\"magic-16\" data-spm-anchor-id=\"a2700.details.0.i34.21f6414cWQ4Zrf\">Pap\u00edr \/Termopap\u00edr\/Tkanina\/ PVC\/ PET<\/div>\n<\/td>\n<\/tr>\n<tr>\n<td colspan=\"1\" rowspan=\"1\">\n<div class=\"magic-15\"><b>Velikost<\/b><\/div>\n<\/td>\n<td colspan=\"1\" rowspan=\"1\">\n<div class=\"magic-16\">18 * 56 mm, 25 * 25 mm, 30 * 30 mm, 40 * 40 mm, Dia18 mm, Dia20 mm, Dia22 mm, Dia25 mm, nebo p\u0159izp\u016fsoben\u00e1 velikost.<\/div>\n<\/td>\n<\/tr>\n<tr>\n<td colspan=\"1\" rowspan=\"1\">\n<div class=\"magic-15\"><b>Tisk<\/b><\/div>\n<\/td>\n<td colspan=\"1\" rowspan=\"1\">\n<div class=\"magic-16\">Nen\u00ed pot\u0159eba tisknout<\/div>\n<\/td>\n<\/tr>\n<tr>\n<td colspan=\"1\" rowspan=\"1\">\n<div class=\"magic-15\"><b>K dispozici \u010dip<\/b><\/div>\n<\/td>\n<td colspan=\"1\" rowspan=\"1\">\n<div class=\"magic-16\">\n<p><strong>Mifare Ultralight C <\/strong><\/p>\n<\/div>\n<\/td>\n<\/tr>\n<tr>\n<td colspan=\"1\" rowspan=\"1\">\n<div class=\"magic-21\"><b>Protokol:<\/b><\/div>\n<\/td>\n<td colspan=\"4\" rowspan=\"1\">\n<div class=\"magic-22\">ISO\/IEC 14443 Typ A<\/div>\n<\/td>\n<\/tr>\n<tr>\n<td colspan=\"1\" rowspan=\"1\">\n<div class=\"magic-26\"><b>\u0158emesla:<\/b><\/div>\n<\/td>\n<td colspan=\"4\" rowspan=\"1\">\n<div class=\"magic-22\" data-spm-anchor-id=\"a2700.details.0.i33.21f6414cWQ4Zrf\">Tisk, \u010d\u00e1rov\u00fd k\u00f3d, QR k\u00f3d atd.<\/div>\n<\/td>\n<\/tr>\n<\/tbody>\n<\/table>\n<p>&nbsp;<\/p>\n<\/div>\n<p>NXP<sup>\u00ae<\/sup>\u00a0Spole\u010dnost Semiconductors vyvinula MIFARE Ultralight C \u2013 Contactless ticket IC MF0ICU2 pro pou\u017eit\u00ed v bezkontaktn\u00ed smart ticket nebo smart card v kombinaci s Proximity Coupling Devices (PCD). Komunika\u010dn\u00ed vrstva (MIFARE<sup>\u00ae<\/sup>\u00a0RF rozhran\u00ed) vyhovuje \u010d\u00e1stem 2 a 3 normy ISO\/IEC 14443 Type-A. MF0ICU2 je prim\u00e1rn\u011b navr\u017een pro aplikace s omezen\u00fdm pou\u017eit\u00edm, jako je ve\u0159ejn\u00e1 doprava, prodej vstupenek na akce a v\u011brnostn\u00ed aplikace.<\/p>\n<h3>Bezkontaktn\u00ed p\u0159enos energie a dat<\/h3>\n<p>V syst\u00e9mu MIFARE je MF0ICU2 p\u0159ipojen k c\u00edvce s n\u011bkolika ot\u00e1\u010dkami. MF0ICU2 se hod\u00ed pro form\u00e1ty l\u00edstk\u016f TFC.0 (Edmonson) a TFC.1 podle definice v EN 753-2.<\/p>\n<p>Form\u00e1ty l\u00edstk\u016f TFC.1 jsou podporov\u00e1ny \u010dipem MF0xxU20 s rezonan\u010dn\u00edm kondenz\u00e1torem na \u010dipu 16 pF.<\/p>\n<p>Men\u0161\u00ed l\u00edstky TFC.0 jsou podporov\u00e1ny \u010dipem MFxxU21 s rezonan\u010dn\u00edm kondenz\u00e1torem na \u010dipu 50 pF.<\/p>\n<p>Kdy\u017e je l\u00edstek um\u00edst\u011bn v bl\u00edzkosti ant\u00e9ny spojovac\u00edho za\u0159\u00edzen\u00ed (PCD), vysokorychlostn\u00ed RF komunika\u010dn\u00ed rozhran\u00ed umo\u017e\u0148uje p\u0159enos dat s p\u0159enosovou rychlost\u00ed 106 kbit\/s.<\/p>\n<h3>Antikolizn\u00ed<\/h3>\n<p>Inteligentn\u00ed antikolizn\u00ed funkce umo\u017e\u0148uje provoz v\u00edce ne\u017e jedn\u00e9 karty v ter\u00e9nu sou\u010dasn\u011b. Antikolizn\u00ed algoritmus vybere ka\u017edou kartu samostatn\u011b a zajist\u00ed, \u017ee proveden\u00ed transakce s vybranou kartou prob\u011bhne spr\u00e1vn\u011b bez z\u00e1sahu jin\u00e9 karty v ter\u00e9nu.<\/p>\n<p>Funkce proti sr\u00e1\u017ece je zalo\u017eena na individu\u00e1ln\u00edm s\u00e9riov\u00e9m \u010d\u00edsle integrovan\u00e9ho obvodu naz\u00fdvan\u00e9ho Unique IDentification. UID MF0ICU2 je 7 bajt\u016f dlouh\u00e9 a podporuje kask\u00e1dovou \u00farove\u0148 2 podle ISO\/IEC 14443-3.<\/p>\n<h3>Bezpe\u010dnostn\u00ed<\/h3>\n<ul>\n<li>3DES ov\u011b\u0159ov\u00e1n\u00ed<\/li>\n<li>Podpora anti-klonov\u00e1n\u00ed jedine\u010dn\u00fdm 7bajtov\u00fdm s\u00e9riov\u00fdm \u010d\u00edslem pro ka\u017ed\u00e9 za\u0159\u00edzen\u00ed<\/li>\n<li>32bitov\u00e1 u\u017eivatelsky programovateln\u00e1 oblast OTP<\/li>\n<li>Provozn\u011b programovateln\u00e1 funkce uzam\u010den\u00ed pouze pro \u010dten\u00ed na str\u00e1nku pro prvn\u00edch 512 bit\u016f<\/li>\n<li>Zamyk\u00e1n\u00ed pouze pro \u010dten\u00ed na blok pro pam\u011b\u0165 nad 512 bit\u016f<\/li>\n<\/ul>\n<h3>Funkce<\/h3>\n<div id=\"featuresXsp\" class=\"features-list\">\n<div class=\"features-xsp\">\n<div class=\"collapse-mobile ste-list\">\n<h3>RF rozhran\u00ed MIFARE (ISO\/IEC 14443 A)<\/h3>\n<ul class=\"boxes\">\n<li>Bezkontaktn\u00ed p\u0159enos dat a dod\u00e1vky energie<\/li>\n<li>Pracovn\u00ed frekvence 13,56 MHz<\/li>\n<li>Integrita dat 16bitov\u00e9ho CRC, parita, k\u00f3dov\u00e1n\u00ed bit\u016f, po\u010d\u00edt\u00e1n\u00ed bit\u016f<\/li>\n<li>7bajtov\u00e9 s\u00e9riov\u00e9 \u010d\u00edslo (kask\u00e1dov\u00e1 \u00farove\u0148 2 podle ISO\/IEC 14443-3)<\/li>\n<li>Rychl\u00e1 transakce \u010d\u00edta\u010de: &lt; 10 ms<\/li>\n<li>Provozn\u00ed vzd\u00e1lenost a\u017e 100 mm v z\u00e1vislosti na geometrii ant\u00e9ny a konfiguraci \u010dte\u010dky<\/li>\n<li>P\u0159enos dat 106 kbit\/s<\/li>\n<li>Opravdov\u00e1 antisr\u00e1\u017eka<\/li>\n<li>Typick\u00e1 transakce prodeje l\u00edstk\u016f: &lt; 35 ms<\/li>\n<\/ul>\n<\/div>\n<div class=\"collapse-mobile ste-list\">\n<h3>EEPROM<\/h3>\n<ul class=\"boxes\">\n<li>Celkov\u00e1 pam\u011b\u0165 1536 bit\u016f<\/li>\n<li>36 str\u00e1nek, 1152bitov\u00e1 u\u017eivatelsk\u00e1 r\/w oblast<\/li>\n<li>Provozn\u011b programovateln\u00e1 funkce uzam\u010den\u00ed pouze pro \u010dten\u00ed na str\u00e1nku pro prvn\u00edch 512 bit\u016f<\/li>\n<li>32bitov\u00e1 u\u017eivatelsky definovateln\u00e1 oblast jednor\u00e1zov\u00e9ho programov\u00e1n\u00ed (OTP).<\/li>\n<li>Uchov\u00e1v\u00e1n\u00ed dat po dobu 10 let<\/li>\n<li>512-bit kompatibiln\u00ed s MF0ICU1<\/li>\n<li>Provozn\u011b programovateln\u00e1 funkce uzam\u010den\u00ed pouze pro \u010dten\u00ed na blok<\/li>\n<li>16bitov\u00fd jednosm\u011brn\u00fd \u010d\u00edta\u010d<\/li>\n<li>Napi\u0161te v\u00fddr\u017e 100 000 cykl\u016f<\/li>\n<\/ul>\n<\/div>\n<\/div>\n<\/div>\n<p><span class=\"AnswerParser_TextContainer__z_Iiv\" data-testid=\"youchat-text\">The <strong>NXP MIFARE\u00ae Ultralight C<\/strong>\u00a0RFID NFC inlay je \u0161pi\u010dkov\u00e9 \u0159e\u0161en\u00ed navr\u017een\u00e9 pro r\u016fzn\u00e9 bezkontaktn\u00ed aplikace, v\u010detn\u011b smart ticketingu, spr\u00e1vy ud\u00e1lost\u00ed a autentizace produktu. D\u00edky sv\u00e9mu kompaktn\u00edmu designu a robustn\u00edm funkc\u00edm je tato vlo\u017eka ide\u00e1ln\u00ed pro podniky, kter\u00e9 cht\u011bj\u00ed zlep\u0161it z\u00e1kaznickou zku\u0161enost a z\u00e1rove\u0148 zajistit bezpe\u010dnost a efektivitu.<\/span><\/p>\n<h2 class=\"AnswerParser_AnswerParserH2__SIHnF\">P\u0159ehled NXP MIFARE\u00ae Ultralight C<\/h2>\n<p><span class=\"AnswerParser_TextContainer__z_Iiv\" data-testid=\"youchat-text\">MIFARE Ultralight C je vysoce univerz\u00e1ln\u00ed NFC vlo\u017eka, kter\u00e1 funguje na\u00a0<strong>ISO 14443 typ A<\/strong>\u00a0norma. Je vybavena a\u00a0<strong>192bajtov\u00e1 pam\u011b\u0165<\/strong>\u00a0a podporuje\u00a0<strong>3DES \u0161ifrov\u00e1n\u00ed<\/strong>, tak\u017ee je vhodn\u00fd pro bezpe\u010dn\u00e9 transakce a ukl\u00e1d\u00e1n\u00ed dat. Tato vlo\u017eka je obzvl\u00e1\u0161t\u011b obl\u00edben\u00e1 v odv\u011btv\u00ed prodeje vstupenek, kde je rychl\u00fd a spolehliv\u00fd p\u0159\u00edstup nezbytn\u00fd.<\/span><\/p>\n<h3 class=\"AnswerParser_AnswerParserH3__Mpe4s\">Kl\u00ed\u010dov\u00e9 v\u00fdhody NXP MIFARE\u00ae Ultralight C<\/h3>\n<ul class=\"AnswerParser_AnswerParserUnorderedList__P_1FW\">\n<li class=\"AnswerParser_ListItem__XqLOV\" translate=\"yes\"><strong>Vylep\u0161en\u00e9 zabezpe\u010den\u00ed<\/strong>: D\u00edky vestav\u011bn\u00e9mu \u0161ifrov\u00e1n\u00ed 3DES zaji\u0161\u0165uje MIFARE Ultralight C ochranu dat p\u0159ed neopr\u00e1vn\u011bn\u00fdm p\u0159\u00edstupem, tak\u017ee je ide\u00e1ln\u00ed pro aplikace vy\u017eaduj\u00edc\u00ed vysok\u00e9 zabezpe\u010den\u00ed.<\/li>\n<li class=\"AnswerParser_ListItem__XqLOV\" translate=\"yes\"><strong>Kompaktn\u00ed a lehk\u00fd<\/strong>: Mal\u00e1 velikost vlo\u017eky umo\u017e\u0148uje snadnou integraci do r\u016fzn\u00fdch produkt\u016f, v\u010detn\u011b n\u00e1ramk\u016f, karet a \u0161t\u00edtk\u016f, ani\u017e by do\u0161lo ke sn\u00ed\u017een\u00ed v\u00fdkonu.<\/li>\n<li class=\"AnswerParser_ListItem__XqLOV\" translate=\"yes\"><strong>Cenov\u011b efektivn\u00ed \u0159e\u0161en\u00ed<\/strong>: MIFARE Ultralight C nab\u00edz\u00ed cenov\u011b v\u00fdhodnou mo\u017enost pro podniky, kter\u00e9 cht\u011bj\u00ed implementovat technologii NFC bez ob\u011btov\u00e1n\u00ed kvality nebo funk\u010dnosti.<\/li>\n<\/ul>\n<h2 class=\"AnswerParser_AnswerParserH2__SIHnF\">Vlastnosti NXP MIFARE\u00ae Ultralight C<\/h2>\n<h3 class=\"AnswerParser_AnswerParserH3__Mpe4s\">1. Pam\u011b\u0165 a ukl\u00e1d\u00e1n\u00ed dat<\/h3>\n<p><span class=\"AnswerParser_TextContainer__z_Iiv\" data-testid=\"youchat-text\">MIFARE Ultralight C se vyzna\u010duje a\u00a0<strong>192bajtov\u00e1 pam\u011b\u0165<\/strong>, co\u017e je dostate\u010dn\u00e9 pro ulo\u017een\u00ed z\u00e1kladn\u00edch dat, jako jsou jedine\u010dn\u00e9 identifik\u00e1tory, adresy URL nebo mal\u00e9 mno\u017estv\u00ed u\u017eivatelsk\u00fdch informac\u00ed. Tato kapacita pam\u011bti umo\u017e\u0148uje v\u0161estrann\u00e9 aplikace, od jednoduch\u00fdch \u0161t\u00edtk\u016f na produkty a\u017e po slo\u017eit\u00e9 syst\u00e9my prodeje vstupenek.<\/span><\/p>\n<h3 class=\"AnswerParser_AnswerParserH3__Mpe4s\">2. Bezpe\u010dnostn\u00ed protokoly<\/h3>\n<p><span class=\"AnswerParser_TextContainer__z_Iiv\" data-testid=\"youchat-text\">Jednou z v\u00fdjime\u010dn\u00fdch vlastnost\u00ed MIFARE Ultralight C je jeho podpora\u00a0<strong>3DES \u0161ifrov\u00e1n\u00ed<\/strong>. Tento pokro\u010dil\u00fd bezpe\u010dnostn\u00ed protokol zaji\u0161\u0165uje, \u017ee citliv\u00e1 data z\u016fstanou b\u011bhem p\u0159enosu chr\u00e1n\u011bna, tak\u017ee je vhodn\u00fd pro aplikace v zabezpe\u010den\u00fdch prost\u0159ed\u00edch, jako je ve\u0159ejn\u00e1 doprava a prodej vstupenek na akce.<\/span><\/p>\n<h3 class=\"AnswerParser_AnswerParserH3__Mpe4s\">3. Kompatibilita<\/h3>\n<p><span class=\"AnswerParser_TextContainer__z_Iiv\" data-testid=\"youchat-text\">MIFARE Ultralight C je kompatibiln\u00ed s celou \u0159adou za\u0159\u00edzen\u00ed s podporou NFC, v\u010detn\u011b chytr\u00fdch telefon\u016f a bezkontaktn\u00edch \u010dte\u010dek. Tato kompatibilita zaji\u0161\u0165uje bezprobl\u00e9movou integraci do st\u00e1vaj\u00edc\u00edch syst\u00e9m\u016f a umo\u017e\u0148uje podnik\u016fm upgradovat sv\u00e9 technologie bez v\u00fdznamn\u00fdch zm\u011bn infrastruktury.<\/span><\/p>\n<h2 class=\"AnswerParser_AnswerParserH2__SIHnF\">Aplikace NXP MIFARE\u00ae Ultralight C<\/h2>\n<h3 class=\"AnswerParser_AnswerParserH3__Mpe4s\">1. Smart Ticketing<\/h3>\n<p><span class=\"AnswerParser_TextContainer__z_Iiv\" data-testid=\"youchat-text\">MIFARE Ultralight C je \u0161iroce pou\u017e\u00edv\u00e1n v odv\u011btv\u00ed chytr\u00fdch j\u00edzdenek, kde usnad\u0148uje rychl\u00fd a efektivn\u00ed p\u0159\u00edstup k syst\u00e9m\u016fm ve\u0159ejn\u00e9 dopravy, ud\u00e1lostem a atrakc\u00edm. D\u00edky rychl\u00e9mu \u010dten\u00ed a spolehliv\u00e9mu v\u00fdkonu je ide\u00e1ln\u00ed volbou pro prost\u0159ed\u00ed s vysok\u00fdm provozem.<\/span><\/p>\n<h3 class=\"AnswerParser_AnswerParserH3__Mpe4s\">2. Ov\u011b\u0159en\u00ed produktu<\/h3>\n<p><span class=\"AnswerParser_TextContainer__z_Iiv\" data-testid=\"youchat-text\">V \u00e9\u0159e, kdy je pad\u011bl\u00e1n\u00ed v\u00fdznamn\u00fdm probl\u00e9mem, poskytuje MIFARE Ultralight C spolehliv\u00e9 \u0159e\u0161en\u00ed pro ov\u011b\u0159ov\u00e1n\u00ed pravosti produktu. Vlo\u017een\u00edm t\u011bchto vlo\u017eek do produkt\u016f mohou podniky zajistit, \u017ee z\u00e1kazn\u00edci obdr\u017e\u00ed origin\u00e1ln\u00ed zbo\u017e\u00ed, \u010d\u00edm\u017e se zv\u00fd\u0161\u00ed d\u016fv\u011bra a loajalita ke zna\u010dce.<\/span><\/p>\n<h3 class=\"AnswerParser_AnswerParserH3__Mpe4s\">3. V\u011brnostn\u00ed programy<\/h3>\n<p><span class=\"AnswerParser_TextContainer__z_Iiv\" data-testid=\"youchat-text\">Firmy mohou vyu\u017e\u00edt MIFARE Ultralight C ve v\u011brnostn\u00edch programech, kter\u00e9 z\u00e1kazn\u00edk\u016fm umo\u017e\u0148uj\u00ed snadno sb\u00edrat body nebo odm\u011bny pouh\u00fdm klepnut\u00edm na jejich za\u0159\u00edzen\u00ed s podporou NFC. Toto pohodl\u00ed podporuje zapojen\u00ed z\u00e1kazn\u00edk\u016f a opakovan\u00e9 obchody.<\/span><\/p>\n<\/div>\n<\/div>","protected":false},"excerpt":{"rendered":"<p>NXP Mifare\u00aeUltralight C RFID NFC vlo\u017eka nebo transpond\u00e9r, typ nedokon\u010den\u00e9 sou\u010d\u00e1sti, lze p\u0159em\u011bnit na r\u016fzn\u00e9 polo\u017eky, jako jsou vstupenky, odznaky, \u0161t\u00edtky nebo karty. Sou\u010dasn\u011b mohou b\u00fdt tyto HF NFC RFID vlo\u017eky vyr\u00e1b\u011bny v \u0159ad\u011b velikost\u00ed, p\u0159izp\u016fsoben\u00e9 tak, aby vyhovovaly va\u0161im specifick\u00fdm pot\u0159eb\u00e1m.<\/p>","protected":false},"featured_media":337,"template":"","meta":{"_kad_post_transparent":"default","_kad_post_title":"","_kad_post_layout":"default","_kad_post_sidebar_id":"","_kad_post_content_style":"default","_kad_post_vertical_padding":"default","_kad_post_feature":"","_kad_post_feature_position":"","_kad_post_header":false,"_kad_post_footer":false,"_kad_post_classname":""},"product_brand":[],"product_cat":[54,189],"product_tag":[112,215,146],"class_list":{"0":"post-336","1":"product","2":"type-product","3":"status-publish","4":"has-post-thumbnail","6":"product_cat-hot-selling-rfid-tags","7":"product_cat-rfid-inlay","8":"product_tag-13-56mhz-rfid-inlay","9":"product_tag-mifareultralight-c-rfid-nfc-inlay","10":"product_tag-nxp-mifareultralight-c-rfid-nfc-inlay","12":"first","13":"instock","14":"shipping-taxable","15":"product-type-simple","16":"entry","17":"content-bg","18":"loop-entry"},"_links":{"self":[{"href":"https:\/\/rfid-laundry-tag.com\/cs\/wp-json\/wp\/v2\/product\/336","targetHints":{"allow":["GET"]}}],"collection":[{"href":"https:\/\/rfid-laundry-tag.com\/cs\/wp-json\/wp\/v2\/product"}],"about":[{"href":"https:\/\/rfid-laundry-tag.com\/cs\/wp-json\/wp\/v2\/types\/product"}],"version-history":[{"count":4,"href":"https:\/\/rfid-laundry-tag.com\/cs\/wp-json\/wp\/v2\/product\/336\/revisions"}],"predecessor-version":[{"id":2772,"href":"https:\/\/rfid-laundry-tag.com\/cs\/wp-json\/wp\/v2\/product\/336\/revisions\/2772"}],"wp:featuredmedia":[{"embeddable":true,"href":"https:\/\/rfid-laundry-tag.com\/cs\/wp-json\/wp\/v2\/media\/337"}],"wp:attachment":[{"href":"https:\/\/rfid-laundry-tag.com\/cs\/wp-json\/wp\/v2\/media?parent=336"}],"wp:term":[{"taxonomy":"product_brand","embeddable":true,"href":"https:\/\/rfid-laundry-tag.com\/cs\/wp-json\/wp\/v2\/product_brand?post=336"},{"taxonomy":"product_cat","embeddable":true,"href":"https:\/\/rfid-laundry-tag.com\/cs\/wp-json\/wp\/v2\/product_cat?post=336"},{"taxonomy":"product_tag","embeddable":true,"href":"https:\/\/rfid-laundry-tag.com\/cs\/wp-json\/wp\/v2\/product_tag?post=336"}],"curies":[{"name":"wp","href":"https:\/\/api.w.org\/{rel}","templated":true}]}}