{"id":332,"date":"2024-06-28T07:49:21","date_gmt":"2024-06-28T07:49:21","guid":{"rendered":"https:\/\/rfid-laundry-tag.com\/?post_type=product&#038;p=332"},"modified":"2024-06-28T08:02:32","modified_gmt":"2024-06-28T08:02:32","slug":"waterproof-pvc-ntag215-coin-nfc-tag","status":"publish","type":"product","link":"https:\/\/rfid-laundry-tag.com\/cs\/waterproof-pvc-ntag215-coin-nfc-tag\/","title":{"rendered":"Vodot\u011bsn\u00fd NFC \u0161t\u00edtek na mince Ntag215 z PVC"},"content":{"rendered":"<p><strong>Vodot\u011bsn\u00fd NFC \u0161t\u00edtek na mince Ntag215 z PVC<\/strong><\/p>\n<p>The <strong>NFC tag na mince Ntag215<\/strong>, vyroben\u00fd z PVC (nebo pr\u016fhledn\u00e9ho PVC), je vynikaj\u00edc\u00ed volbou pro sledov\u00e1n\u00ed majetku d\u00edky sv\u00fdm:<\/p>\n<ul>\n<li><strong>Mal\u00e1 velikost:<\/strong>\u00a0Snadn\u00e1 instalace na r\u016fzn\u00e9 prost\u0159edky bez p\u0159id\u00e1v\u00e1n\u00ed objemu.<\/li>\n<li><strong>Vodot\u011bsn\u00e9 proveden\u00ed:<\/strong>\u00a0Vhodn\u00e9 pro vnit\u0159n\u00ed i venkovn\u00ed aplikace, a to i v drsn\u00e9m prost\u0159ed\u00ed.<\/li>\n<li><strong>Vestav\u011bn\u00fd \u010dip NFC 13,56 MHz:<\/strong>\u00a0Umo\u017e\u0148uje spolehliv\u00fd p\u0159enos dat a komunikaci s RFID \u010dte\u010dkami.<\/li>\n<\/ul>\n<p><strong>Kl\u00ed\u010dov\u00e9 vlastnosti:<\/strong><\/p>\n<ul>\n<li><strong>Materi\u00e1l:<\/strong>\u00a0PVC (nebo pr\u016fhledn\u00e9 PVC)<\/li>\n<li><strong>\u010cip:<\/strong>\u00a0Ntag215<\/li>\n<li><strong>Frekvence:<\/strong>\u00a013,56 MHz<\/li>\n<li><strong>Vodot\u011bsn\u00fd:<\/strong>\u00a0Ano<\/li>\n<li><strong>Aplikace:<\/strong>\u00a0Sledov\u00e1n\u00ed majetku, spr\u00e1va z\u00e1sob, \u0159\u00edzen\u00ed p\u0159\u00edstupu a dal\u0161\u00ed.<\/li>\n<\/ul>\n<table border=\"1\" cellspacing=\"0\" cellpadding=\"0\">\n<tbody>\n<tr>\n<td colspan=\"2\">\n<p align=\"left\">Specifikace<\/p>\n<\/td>\n<\/tr>\n<tr>\n<td>\n<p align=\"left\">Typ \u0161t\u00edtku\/\u010dipu<\/p>\n<\/td>\n<td>\n<p align=\"left\">NXP Ntag215<\/p>\n<\/td>\n<\/tr>\n<tr>\n<td>\n<p align=\"left\">Provozn\u00ed frekvence<\/p>\n<\/td>\n<td>\n<p align=\"left\">13,56 MHz<\/p>\n<\/td>\n<\/tr>\n<tr>\n<td>\n<p align=\"left\">Testovan\u00fd rozsah \u010dten\u00ed<\/p>\n<\/td>\n<td>\n<p align=\"left\">0 \u2013 100 mm v z\u00e1vislosti na v\u00fdkonu poskytovan\u00e9 \u010dte\u010dkou<\/p>\n<\/td>\n<\/tr>\n<tr>\n<td>\n<p align=\"left\">V\u00edcen\u00e1sobn\u00e1 detekce<\/p>\n<\/td>\n<td>\n<p align=\"left\">Ano<\/p>\n<\/td>\n<\/tr>\n<tr>\n<td>\n<p align=\"left\">Velikost<\/p>\n<\/td>\n<td>Pr\u016fm\u011br 25 mm<\/td>\n<\/tr>\n<tr>\n<td>\n<p align=\"left\">Materi\u00e1l<\/p>\n<\/td>\n<td>\n<p align=\"left\">PVC \/ PET \/ ant\u00e9na atd<\/p>\n<\/td>\n<\/tr>\n<tr>\n<td>\n<p align=\"left\">Protokol:<\/p>\n<\/td>\n<td>\n<p align=\"left\">ISO14443A<\/p>\n<\/td>\n<\/tr>\n<tr>\n<td>\n<p align=\"left\">Environment\u00e1ln\u00ed specifikace<\/p>\n<\/td>\n<td>\n<p align=\"left\">Doba pou\u017eitelnosti 5 let<\/p>\n<p align=\"left\">Doporu\u010deno: -25C a\u017e +50C<\/p>\n<p align=\"left\">Stav \u00falo\u017ei\u0161t\u011b: 20% a\u017e 90%RH<\/p>\n<p align=\"left\">Provozn\u00ed teplota: -40C a\u017e +65C<\/p>\n<\/td>\n<\/tr>\n<tr>\n<td>\n<p align=\"left\">\u010casy \u010dten\u00ed\/z\u00e1pisu:<\/p>\n<\/td>\n<td>\n<p align=\"left\">100 000 kr\u00e1t<\/p>\n<\/td>\n<\/tr>\n<tr>\n<td>\n<p align=\"left\">Aplikace:<\/p>\n<\/td>\n<td>\n<p align=\"left\" data-spm-anchor-id=\"a2700.wholesale.0.i54.a0d8206fLph15n\">Ve\u0159ejn\u00e1 doprava, \u0159\u00edzen\u00ed p\u0159\u00edstupu, elektronick\u00e9 j\u00edzdenky, logistika a \u0159\u00edzen\u00ed dod\u00e1vek, v\u00fdroba a mont\u00e1\u017e v\u00fdroby, \u0161t\u00edtek na \u010deln\u00ed sklo, sledov\u00e1n\u00ed dokument\u016f, spr\u00e1va pr\u00e1delny, spr\u00e1va knihoven, identita zv\u00ed\u0159at atd.<\/p>\n<\/td>\n<\/tr>\n<\/tbody>\n<\/table>\n<p>&nbsp;<\/p>\n<p><strong>V\u00fdhody:<\/strong><\/p>\n<ul>\n<li><strong>Vylep\u0161en\u00e9 zabezpe\u010den\u00ed:<\/strong>\u00a0Technologie RFID pom\u00e1h\u00e1 chr\u00e1nit p\u0159ed kr\u00e1de\u017e\u00ed a neopr\u00e1vn\u011bn\u00fdm p\u0159\u00edstupem.<\/li>\n<li><strong>Vylep\u0161en\u00e1 \u00fa\u010dinnost:<\/strong>\u00a0Sledov\u00e1n\u00ed v re\u00e1ln\u00e9m \u010dase umo\u017e\u0148uje efektivn\u00ed spr\u00e1vu majetku a kontrolu z\u00e1sob.<\/li>\n<li><strong>Efektivita n\u00e1klad\u016f:<\/strong>\u00a0Odoln\u00e1 konstrukce a vodot\u011bsn\u00e9 proveden\u00ed minimalizuj\u00ed n\u00e1klady na v\u00fdm\u011bnu.<\/li>\n<li><strong>V\u0161estrann\u00e9 aplikace:<\/strong>\u00a0Vhodn\u00e9 pro \u0161irokou \u0161k\u00e1lu pr\u016fmyslov\u00fdch odv\u011btv\u00ed a p\u0159\u00edpad\u016f pou\u017eit\u00ed.<\/li>\n<\/ul>","protected":false},"excerpt":{"rendered":"<p>Vodot\u011bsn\u00fd NFC \u0161t\u00edtek na mince Ntag215 z PVC nab\u00edz\u00ed spolehliv\u00e9 a v\u0161estrann\u00e9 \u0159e\u0161en\u00ed pro pot\u0159eby sledov\u00e1n\u00ed majetku. Jeho kompaktn\u00ed velikost, vodot\u011bsn\u00fd design a vestav\u011bn\u00fd \u010dip NFC z n\u011bj \u010din\u00ed cenn\u00fd n\u00e1stroj pro organizace, kter\u00e9 cht\u011bj\u00ed optimalizovat sv\u00e9 procesy spr\u00e1vy majetku.<\/p>","protected":false},"featured_media":333,"template":"","meta":{"_kad_post_transparent":"default","_kad_post_title":"","_kad_post_layout":"default","_kad_post_sidebar_id":"","_kad_post_content_style":"default","_kad_post_vertical_padding":"default","_kad_post_feature":"","_kad_post_feature_position":"","_kad_post_header":false,"_kad_post_footer":false,"_kad_post_classname":""},"product_brand":[],"product_cat":[54],"product_tag":[145,144],"class_list":{"0":"post-332","1":"product","2":"type-product","3":"status-publish","4":"has-post-thumbnail","6":"product_cat-hot-selling-rfid-tags","7":"product_tag-anti-metal-nfc-tag","8":"product_tag-anti-metal-rfid-nfc-sticker","10":"first","11":"instock","12":"shipping-taxable","13":"product-type-simple","14":"entry","15":"content-bg","16":"loop-entry"},"_links":{"self":[{"href":"https:\/\/rfid-laundry-tag.com\/cs\/wp-json\/wp\/v2\/product\/332","targetHints":{"allow":["GET"]}}],"collection":[{"href":"https:\/\/rfid-laundry-tag.com\/cs\/wp-json\/wp\/v2\/product"}],"about":[{"href":"https:\/\/rfid-laundry-tag.com\/cs\/wp-json\/wp\/v2\/types\/product"}],"version-history":[{"count":0,"href":"https:\/\/rfid-laundry-tag.com\/cs\/wp-json\/wp\/v2\/product\/332\/revisions"}],"wp:featuredmedia":[{"embeddable":true,"href":"https:\/\/rfid-laundry-tag.com\/cs\/wp-json\/wp\/v2\/media\/333"}],"wp:attachment":[{"href":"https:\/\/rfid-laundry-tag.com\/cs\/wp-json\/wp\/v2\/media?parent=332"}],"wp:term":[{"taxonomy":"product_brand","embeddable":true,"href":"https:\/\/rfid-laundry-tag.com\/cs\/wp-json\/wp\/v2\/product_brand?post=332"},{"taxonomy":"product_cat","embeddable":true,"href":"https:\/\/rfid-laundry-tag.com\/cs\/wp-json\/wp\/v2\/product_cat?post=332"},{"taxonomy":"product_tag","embeddable":true,"href":"https:\/\/rfid-laundry-tag.com\/cs\/wp-json\/wp\/v2\/product_tag?post=332"}],"curies":[{"name":"wp","href":"https:\/\/api.w.org\/{rel}","templated":true}]}}