{"id":330,"date":"2024-06-28T07:38:56","date_gmt":"2024-06-28T07:38:56","guid":{"rendered":"https:\/\/rfid-laundry-tag.com\/?post_type=product&#038;p=330"},"modified":"2024-09-05T08:39:15","modified_gmt":"2024-09-05T08:39:15","slug":"anti-metal-rfid-nfc-sticker","status":"publish","type":"product","link":"https:\/\/rfid-laundry-tag.com\/cs\/anti-metal-rfid-nfc-sticker\/","title":{"rendered":"Antikovov\u00e1 RFID NFC n\u00e1lepka"},"content":{"rendered":"<p><strong>Antikovov\u00e1 RFID NFC n\u00e1lepka<\/strong><\/p>\n<p>NTAG213, NTAG215 a NTAG216 byly vyvinuty spole\u010dnost\u00ed NXP Semiconductors jako standardn\u00ed integrovan\u00e9 obvody se \u0161t\u00edtky NFC pro pou\u017eit\u00ed v aplikac\u00edch na masov\u00e9m trhu, jako je maloobchod, hry a spot\u0159ebn\u00ed elektronika, v kombinaci se za\u0159\u00edzen\u00edmi NFC nebo proximity Coupling Devices kompatibiln\u00edmi s NFC. NTAG213, NTAG215 a NTAG216 (od nyn\u011bj\u0161ka obecn\u011b naz\u00fdvan\u00e9 NTAG21x) jsou navr\u017eeny tak, aby pln\u011b vyhovovaly specifikac\u00edm NFC Forum Type 2 Tag a ISO\/IEC14443 Type A.<\/p>\n<table class=\"hight-light-first-column all magic-11\">\n<tbody>\n<tr>\n<td colspan=\"1\" rowspan=\"1\">\n<div class=\"magic-12\" data-spm-anchor-id=\"a2700.details.0.i57.12287cd6Tl6d8d\">Velikost<\/div>\n<\/td>\n<td colspan=\"4\" rowspan=\"1\">\n<div class=\"magic-13\">Pr\u016fm\u011br 25 mm<\/div>\n<\/td>\n<\/tr>\n<tr>\n<td colspan=\"1\" rowspan=\"1\">\n<div class=\"magic-12\">Barva<\/div>\n<\/td>\n<td colspan=\"4\" rowspan=\"1\">\n<div class=\"magic-16\">\u010cern\u00e1, b\u00edl\u00e1, \u017elut\u00e1, \u010derven\u00e1 nebo vlastn\u00ed<\/div>\n<\/td>\n<\/tr>\n<tr>\n<td colspan=\"1\" rowspan=\"1\">\n<div class=\"magic-12\">\u010cip<\/div>\n<\/td>\n<td colspan=\"4\" rowspan=\"1\">\n<div class=\"magic-13\">NTAG213,NTAG215,NTAG216<\/div>\n<\/td>\n<\/tr>\n<tr>\n<td colspan=\"1\" rowspan=\"1\">\n<div class=\"magic-12\">Frekvence<\/div>\n<\/td>\n<td colspan=\"4\" rowspan=\"1\">\n<div class=\"magic-13\">13,56 MHz<\/div>\n<\/td>\n<\/tr>\n<tr>\n<td colspan=\"1\" rowspan=\"1\">\n<div class=\"magic-12\">Protokol<\/div>\n<\/td>\n<td colspan=\"4\" rowspan=\"1\">\n<div class=\"magic-13\">ISO14443A, f\u00f3rum NFC typu 2<\/div>\n<\/td>\n<\/tr>\n<tr>\n<td colspan=\"1\" rowspan=\"1\">\n<div class=\"magic-12\">Materi\u00e1l<\/div>\n<\/td>\n<td colspan=\"4\" rowspan=\"1\">\n<div class=\"magic-13\">ABS<\/div>\n<\/td>\n<\/tr>\n<tr>\n<td colspan=\"1\" rowspan=\"1\">\n<div class=\"magic-12\">Provozn\u00ed teplota<\/div>\n<\/td>\n<td colspan=\"4\" rowspan=\"1\">\n<div class=\"magic-13\">-20 a\u017e 85 stup\u0148\u016f C<\/div>\n<\/td>\n<\/tr>\n<tr>\n<td colspan=\"1\" rowspan=\"1\">\n<div class=\"magic-12\">aplikace<\/div>\n<\/td>\n<td colspan=\"4\" rowspan=\"1\">\n<div class=\"magic-16\">\u0158et\u011bz na pr\u00e1dlo, tvrd\u00e1 chemik\u00e1lie, platebn\u00ed za\u0159\u00edzen\u00ed, venkovn\u00ed pou\u017eit\u00ed, chemik\u00e1lie, pr\u016fmysl, logistika, hl\u00eddka, \u010dlenstv\u00ed, p\u0159epravn\u00ed kontejner, palety atd.<\/div>\n<\/td>\n<\/tr>\n<tr>\n<td colspan=\"1\" rowspan=\"1\">\n<div class=\"magic-12\">Hodnocen\u00ed vod\u011bodolnosti<\/div>\n<\/td>\n<td colspan=\"4\" rowspan=\"1\">\n<div class=\"magic-16\">IP67<\/div>\n<\/td>\n<\/tr>\n<tr>\n<td colspan=\"1\" rowspan=\"1\">\n<div class=\"magic-12\">Rozsah \u010dten\u00ed<\/div>\n<\/td>\n<td colspan=\"4\" rowspan=\"1\">\n<div class=\"magic-16\">5-10cm, z\u00e1le\u017e\u00ed na \u010dte\u010dce<\/div>\n<\/td>\n<\/tr>\n<tr>\n<td colspan=\"1\" rowspan=\"1\">\n<div class=\"magic-12\">Craft<\/div>\n<\/td>\n<td colspan=\"4\" rowspan=\"1\">\n<div class=\"magic-16\">Laserem vyryt\u00e9 s\u00e9riov\u00e9 \u010d\u00edslo, \u010d\u00e1rov\u00fd k\u00f3d a tak d\u00e1le<\/div>\n<\/td>\n<\/tr>\n<tr>\n<td colspan=\"1\" rowspan=\"1\">\n<div class=\"magic-12\">Mont\u00e1\u017e<\/div>\n<\/td>\n<td colspan=\"4\" rowspan=\"1\">\n<div class=\"magic-16\">Lepidlem nebo \u0161roubem nebo n\u00fdty<\/div>\n<\/td>\n<\/tr>\n<\/tbody>\n<\/table>\n<p>&nbsp;<\/p>\n<div class=\"auto-hide-last-sibling-br paragraph_9dc5f paragraph-element\">Anti-Metal RFID NFC samolepky maj\u00ed \u0161irokou \u0161k\u00e1lu aplikac\u00ed v r\u016fzn\u00fdch oblastech d\u00edky sv\u00e9 flexibilit\u011b a schopnosti pracovat na kovov\u00fdch povr\u0161\u00edch. Zde je n\u00e1vod, jak se pou\u017e\u00edvaj\u00ed v r\u016fzn\u00fdch odv\u011btv\u00edch:<\/div>\n<ul class=\"auto-hide-last-sibling-br\">\n<li>\n<div class=\"auto-hide-last-sibling-br paragraph_9dc5f paragraph-element\"><strong>Management logistiky<\/strong>: Tyto n\u00e1lepky lze pou\u017e\u00edt pro efektivn\u00ed sledov\u00e1n\u00ed a lokalizaci zbo\u017e\u00ed v re\u00e1ln\u00e9m \u010dase b\u011bhem p\u0159epravy. Zlep\u0161uj\u00ed efektivitu dodavatelsk\u00e9ho \u0159et\u011bzce a zjednodu\u0161uj\u00ed \u0159\u00edzen\u00ed logistiky t\u00edm, \u017ee nab\u00edzej\u00ed nep\u0159etr\u017eitou viditelnost z\u00e1silek.<\/div>\n<\/li>\n<li>\n<div class=\"auto-hide-last-sibling-br paragraph_9dc5f paragraph-element\"><strong>Spr\u00e1va aktiv<\/strong>: Hraj\u00ed z\u00e1sadn\u00ed roli p\u0159i sledov\u00e1n\u00ed a spr\u00e1v\u011b majetku spole\u010dnosti, jako jsou stroje, n\u00e1stroje a kancel\u00e1\u0159sk\u00e9 vybaven\u00ed. Umo\u017e\u0148uj\u00ed rychlou a p\u0159esnou identifikaci a ov\u011b\u0159en\u00ed majetku, \u010d\u00edm\u017e sni\u017euj\u00ed riziko ztr\u00e1ty, kr\u00e1de\u017ee nebo nespr\u00e1vn\u00e9ho um\u00edst\u011bn\u00ed.<\/div>\n<\/li>\n<li>\n<div class=\"auto-hide-last-sibling-br paragraph_9dc5f paragraph-element\"><strong>\u0158\u00edzen\u00ed dodavatelsk\u00e9ho \u0159et\u011bzce<\/strong>: NFC n\u00e1lepky se pou\u017e\u00edvaj\u00ed ke sledov\u00e1n\u00ed produkt\u016f v ka\u017ed\u00e9 f\u00e1zi dodavatelsk\u00e9ho \u0159et\u011bzce, zaji\u0161\u0165uj\u00ed transparentnost a \u00fa\u010dinn\u011b zabra\u0148uj\u00ed vstupu pad\u011blan\u00e9ho zbo\u017e\u00ed na trh.<\/div>\n<\/li>\n<li>\n<div class=\"auto-hide-last-sibling-br paragraph_9dc5f paragraph-element\"><strong>Spr\u00e1va vozidel<\/strong>: N\u00e1lepky, kter\u00e9 se pou\u017e\u00edvaj\u00ed p\u0159i spr\u00e1v\u011b vozov\u00e9ho parku, nab\u00edzej\u00ed snadn\u00fd zp\u016fsob sledov\u00e1n\u00ed a monitorov\u00e1n\u00ed pohybu vozidla a zaji\u0161\u0165uj\u00ed efektivn\u00ed optimalizaci trasy.<\/div>\n<\/li>\n<li>\n<div class=\"auto-hide-last-sibling-br paragraph_9dc5f paragraph-element\"><strong>Spr\u00e1va skladu<\/strong>: Zefektiv\u0148uj\u00ed operace t\u00edm, \u017ee umo\u017e\u0148uj\u00ed sledov\u00e1n\u00ed z\u00e1sob v re\u00e1ln\u00e9m \u010dase, d\u00edky \u010demu\u017e je proces \u0159\u00edzen\u00ed skladu velmi efektivn\u00ed.<\/div>\n<\/li>\n<li>\n<div class=\"auto-hide-last-sibling-br paragraph_9dc5f paragraph-element\"><strong>Ov\u011b\u0159en\u00ed produktu<\/strong>: NFC n\u00e1lepky lze pou\u017e\u00edt k ov\u011b\u0159en\u00ed produkt\u016f, kter\u00e9 poskytuj\u00ed snadn\u00fd zp\u016fsob, jak ur\u010dit, zda je produkt prav\u00fd nebo pad\u011blan\u00fd.<\/div>\n<\/li>\n<li>\n<div class=\"auto-hide-last-sibling-br paragraph_9dc5f paragraph-element\"><strong>Sledov\u00e1n\u00ed aktiv<\/strong>: Zjednodu\u0161uj\u00ed proces sledov\u00e1n\u00ed aktiv v re\u00e1ln\u00e9m \u010dase, co\u017e je u\u017eite\u010dn\u00e9 zejm\u00e9na u polo\u017eek vysok\u00e9 hodnoty nebo d\u016fle\u017eit\u00e9ho vybaven\u00ed, kter\u00e9 se \u010dasto p\u0159esouv\u00e1.<\/div>\n<\/li>\n<li>\n<div class=\"auto-hide-last-sibling-br paragraph_9dc5f paragraph-element\"><strong>\u0158\u00edzen\u00ed z\u00e1sob<\/strong>: N\u00e1lepky pom\u00e1haj\u00ed p\u0159i spr\u00e1v\u011b z\u00e1sob ve skladech nebo maloobchodn\u00edch prodejn\u00e1ch omezen\u00edm ru\u010dn\u00edch kontrol a zaji\u0161t\u011bn\u00edm p\u0159esn\u00e9ho po\u010d\u00edt\u00e1n\u00ed.<\/div>\n<\/li>\n<li>\n<div class=\"auto-hide-last-sibling-br paragraph_9dc5f paragraph-element\"><strong>Platba<\/strong>: NFC n\u00e1lepky se pou\u017e\u00edvaj\u00ed p\u0159i bezhotovostn\u00edch transakc\u00edch a umo\u017e\u0148uj\u00ed rychl\u00e9 a bezpe\u010dn\u00e9 platby pouh\u00fdm p\u0159ilo\u017een\u00edm, jako nap\u0159\u00edklad v platebn\u00edch syst\u00e9mech s n\u00e1ramkem.<\/div>\n<\/li>\n<li>\n<div class=\"auto-hide-last-sibling-br paragraph_9dc5f paragraph-element\"><strong>Soci\u00e1ln\u00ed m\u00e9dia<\/strong>: N\u00e1lepky NFC lze naprogramovat tak, aby spou\u0161t\u011bly \u00fa\u010dty soci\u00e1ln\u00edch m\u00e9di\u00ed nebo hashtagy, co\u017e poskytuje bezprobl\u00e9mov\u00fd z\u00e1\u017eitek ze soci\u00e1ln\u00edch m\u00e9di\u00ed jedin\u00fdm dotykem.<\/div>\n<\/li>\n<li>\n<div class=\"auto-hide-last-sibling-br paragraph_9dc5f paragraph-element\"><strong>N\u00e1ramky<\/strong>: Pou\u017e\u00edv\u00e1 se na akc\u00edch, kde je nutn\u00fd snadn\u00fd p\u0159\u00edstup a bezpe\u010dn\u00e9 platby, jako jsou hudebn\u00ed festivaly, veletrhy a sportovn\u00ed akce.<\/div>\n<\/li>\n<\/ul>\n<div class=\"auto-hide-last-sibling-br paragraph_9dc5f paragraph-element\">V\u00fd\u0161e uveden\u00e9 je jen uk\u00e1zkou v\u0161estrannosti Anti-Metal RFID NFC samolepek. Mo\u017enosti jsou nekone\u010dn\u00e9, p\u0159i\u010dem\u017e ka\u017ed\u00e1 aplikace je navr\u017eena tak, aby p\u0159in\u00e1\u0161ela vy\u0161\u0161\u00ed efektivitu, bezpe\u010dnost a pohodl\u00ed.<\/div>","protected":false},"excerpt":{"rendered":"<p>Anti-Metal RFID NFC samolepky s \u010dipy NTAG21x jsou odoln\u00e9, vodot\u011bsn\u00e9 a ide\u00e1ln\u00ed pro logistiku, spr\u00e1vu majetku, platby a dal\u0161\u00ed.<\/p>","protected":false},"featured_media":331,"template":"","meta":{"_kad_post_transparent":"default","_kad_post_title":"","_kad_post_layout":"default","_kad_post_sidebar_id":"","_kad_post_content_style":"default","_kad_post_vertical_padding":"default","_kad_post_feature":"","_kad_post_feature_position":"","_kad_post_header":false,"_kad_post_footer":false,"_kad_post_classname":""},"product_brand":[],"product_cat":[54],"product_tag":[145,144],"class_list":{"0":"post-330","1":"product","2":"type-product","3":"status-publish","4":"has-post-thumbnail","6":"product_cat-hot-selling-rfid-tags","7":"product_tag-anti-metal-nfc-tag","8":"product_tag-anti-metal-rfid-nfc-sticker","10":"first","11":"instock","12":"shipping-taxable","13":"product-type-simple","14":"entry","15":"content-bg","16":"loop-entry"},"_links":{"self":[{"href":"https:\/\/rfid-laundry-tag.com\/cs\/wp-json\/wp\/v2\/product\/330","targetHints":{"allow":["GET"]}}],"collection":[{"href":"https:\/\/rfid-laundry-tag.com\/cs\/wp-json\/wp\/v2\/product"}],"about":[{"href":"https:\/\/rfid-laundry-tag.com\/cs\/wp-json\/wp\/v2\/types\/product"}],"version-history":[{"count":1,"href":"https:\/\/rfid-laundry-tag.com\/cs\/wp-json\/wp\/v2\/product\/330\/revisions"}],"predecessor-version":[{"id":1854,"href":"https:\/\/rfid-laundry-tag.com\/cs\/wp-json\/wp\/v2\/product\/330\/revisions\/1854"}],"wp:featuredmedia":[{"embeddable":true,"href":"https:\/\/rfid-laundry-tag.com\/cs\/wp-json\/wp\/v2\/media\/331"}],"wp:attachment":[{"href":"https:\/\/rfid-laundry-tag.com\/cs\/wp-json\/wp\/v2\/media?parent=330"}],"wp:term":[{"taxonomy":"product_brand","embeddable":true,"href":"https:\/\/rfid-laundry-tag.com\/cs\/wp-json\/wp\/v2\/product_brand?post=330"},{"taxonomy":"product_cat","embeddable":true,"href":"https:\/\/rfid-laundry-tag.com\/cs\/wp-json\/wp\/v2\/product_cat?post=330"},{"taxonomy":"product_tag","embeddable":true,"href":"https:\/\/rfid-laundry-tag.com\/cs\/wp-json\/wp\/v2\/product_tag?post=330"}],"curies":[{"name":"wp","href":"https:\/\/api.w.org\/{rel}","templated":true}]}}