{"id":329,"date":"2024-06-28T07:30:57","date_gmt":"2024-06-28T07:30:57","guid":{"rendered":"https:\/\/rfid-laundry-tag.com\/?post_type=product&#038;p=329"},"modified":"2024-06-28T07:37:14","modified_gmt":"2024-06-28T07:37:14","slug":"mifare-ultralight-ev1-inlay-sticker","status":"publish","type":"product","link":"https:\/\/rfid-laundry-tag.com\/cs\/mifare-ultralight-ev1-inlay-sticker\/","title":{"rendered":"N\u00e1lepka Mifare Ultralight ev1 Inlay"},"content":{"rendered":"<div>\n<div class=\"auto-hide-last-sibling-br paragraph_9dc5f paragraph-element\"><strong>Inlay Stickers MIFARE Ultralight EV1<\/strong> jsou pom\u011brn\u011b obl\u00edben\u00e9 a \u0161iroce pou\u017e\u00edvan\u00e9, vzhledem k prakti\u010dnosti, kterou p\u0159in\u00e1\u0161ej\u00ed, a jejich kompatibilit\u011b s \u0161irokou \u0161k\u00e1lou za\u0159\u00edzen\u00ed. Zde je n\u011bkolik dostupn\u00fdch mo\u017enost\u00ed:<\/div>\n<p><br class=\"container_21264 wrapper_661ac undefined\" \/><\/p>\n<ol class=\"auto-hide-last-sibling-br\">\n<li>\n<div class=\"auto-hide-last-sibling-br paragraph_9dc5f paragraph-element\"><strong>NFC pap\u00edrov\u00e9 samolepky MIFARE Ultralight\u00ae EV1 35x35mm<\/strong>: Jako samolepic\u00ed pap\u00edrov\u00e9 \u0161t\u00edtky NFC jsou dod\u00e1v\u00e1ny s vestav\u011bn\u00fdm \u010dipem NXP MIFARE Ultralight\u00ae NFC, kter\u00fd je kompatibiln\u00ed se smartphony a tablety Android a BlackBerry. Jejich kapacita je 41 bajt\u016f. Tyto n\u00e1lepky funguj\u00ed podle norem ISO\/IEC 14443 Type-A a bohu\u017eel se zd\u00e1, \u017ee moment\u00e1ln\u011b nejsou na sklad\u011b.<\/div>\n<\/li>\n<li><strong>RFID \u0161t\u00edtek 56x18mm NXP Mifare\u00aeUltralight EV1 50pf | ISO14443A<\/strong>: Tento vysoce kvalitn\u00ed \u0161t\u00edtek RFID obsahuje \u010dip NXP Mifare\u00ae Ultralight EV1, kter\u00fd je dod\u00e1v\u00e1n s kapacitou 50 pF zaji\u0161\u0165uj\u00edc\u00ed optim\u00e1ln\u00ed rozsah \u010dten\u00ed a v\u00fdkon. Pln\u011b vyhovuje norm\u011b ISO14443A a je ide\u00e1ln\u00ed pro pou\u017eit\u00ed v aplikac\u00edch od ve\u0159ejn\u00e9 dopravy a v\u011brnostn\u00edch program\u016f a\u017e po prodej vstupenek na akce a \u0159e\u0161en\u00ed pro chytr\u00e1 m\u011bsta.<\/li>\n<\/ol>\n<\/div>\n<div class=\"text-title\"><strong><span class=\"magic-26\" style=\"font-family: Arial;\" data-spm-anchor-id=\"a2700.details.0.i47.6f4d7d7dnursE7\">Such\u00e1 vlo\u017eka<\/span><\/strong><\/div>\n<div class=\"text-content\">\n<p><span class=\"magic-6\" style=\"font-family: Arial;\">Jednodu\u0161e \u0159e\u010deno, such\u00e1 vlo\u017eka RFID je kombinac\u00ed \u010dipu RFID a ant\u00e9ny. M\u016f\u017ee b\u00fdt pou\u017eit pro v\u00fdrobu NFC n\u00e1lepky, RFID \u0161t\u00edtku, RFID l\u00edstku a r\u016fzn\u00fdch RFID \u0161t\u00edtk\u016f. <\/span><\/p>\n<div data-spm-anchor-id=\"a2700.details.0.i46.6f4d7d7dnursE7\">\n<p><span class=\"magic-6\" style=\"font-family: Arial;\"> Ant\u00e9na such\u00e9ho inlaye je hlin\u00edkov\u00e1 leptan\u00e1, kter\u00e1 je ten\u010d\u00ed ne\u017e m\u011bd\u011bn\u00e1 c\u00edvka. Tvar ant\u00e9ny m\u016f\u017ee b\u00fdt p\u0159izp\u016fsoben a p\u0159epracov\u00e1n na vy\u017e\u00e1d\u00e1n\u00ed.<\/span><\/p>\n<p>&nbsp;<\/p>\n<\/div>\n<\/div>\n<div>\n<div class=\"text-title\"><strong><span class=\"magic-26\" style=\"font-family: Arial;\">Mokr\u00e1 vlo\u017eka<\/span><\/strong><\/div>\n<div class=\"text-content\">\n<p><span class=\"magic-6\" style=\"font-family: Arial;\" data-spm-anchor-id=\"a2700.details.0.i49.6f4d7d7dnursE7\">Such\u00e1 vlo\u017eka RFID p\u0159idan\u00e1 s lepidlem se naz\u00fdv\u00e1 vlhk\u00e1 vlo\u017eka. Pokud nepot\u0159ebujete \u017e\u00e1dn\u00fd tisk na povrch, lze jej pou\u017e\u00edt p\u0159\u00edmo jako RFID \u0161t\u00edtek nebo NFC n\u00e1lepku. Nalepen\u00ed na p\u0159edm\u011bty m\u016f\u017ee u\u0161et\u0159it n\u00e1klady a dos\u00e1hnout stejn\u00e9ho \u00fa\u010delu. Je tak\u00e9 \u0161iroce pou\u017e\u00edv\u00e1n p\u0159i v\u00fdrob\u011b RFID \u0161t\u00edtk\u016f. Ant\u00e9na mokr\u00e9 inlay je hlin\u00edkov\u00e1 leptan\u00e1, kter\u00e1 je ten\u010d\u00ed ve srovn\u00e1n\u00ed s m\u011bd\u011bnou c\u00edvkou. Tvar ant\u00e9ny m\u016f\u017ee b\u00fdt p\u0159izp\u016fsoben a p\u0159epracov\u00e1n na vy\u017e\u00e1d\u00e1n\u00ed.<\/span><\/p>\n<div><strong>N\u00e1lepka Mifare Ultralight ev1 Inlay<\/strong><\/div>\n<div><\/div>\n<div data-spm-anchor-id=\"a2700.details.0.i48.6f4d7d7dnursE7\">\n<table class=\"hight-light-first-column all magic-14\">\n<tbody>\n<tr>\n<td colspan=\"1\" rowspan=\"1\">\n<div class=\"magic-15\"><b>Materi\u00e1l<\/b><\/div>\n<\/td>\n<td colspan=\"1\" rowspan=\"1\">\n<div class=\"magic-16\" data-spm-anchor-id=\"a2700.details.0.i34.21f6414cWQ4Zrf\">Pap\u00edr \/Termopap\u00edr\/Tkanina\/ PVC\/ PET<\/div>\n<\/td>\n<\/tr>\n<tr>\n<td colspan=\"1\" rowspan=\"1\">\n<div class=\"magic-15\"><b>Velikost<\/b><\/div>\n<\/td>\n<td colspan=\"1\" rowspan=\"1\">\n<div class=\"magic-16\">18 * 56 mm, 25 * 25 mm, 30 * 30 mm, 40 * 40 mm, Dia18 mm, Dia20 mm, Dia22 mm, Dia25 mm, nebo p\u0159izp\u016fsoben\u00e1 velikost.<\/div>\n<\/td>\n<\/tr>\n<tr>\n<td colspan=\"1\" rowspan=\"1\">\n<div class=\"magic-15\"><b>Tisk<\/b><\/div>\n<\/td>\n<td colspan=\"1\" rowspan=\"1\">\n<div class=\"magic-16\">Nen\u00ed pot\u0159eba tisknout<\/div>\n<\/td>\n<\/tr>\n<tr>\n<td colspan=\"1\" rowspan=\"1\">\n<div class=\"magic-15\"><b>K dispozici \u010dip<\/b><\/div>\n<\/td>\n<td colspan=\"1\" rowspan=\"1\">\n<div class=\"magic-16\">\n<p><strong>Mifare Ultralight ev1 <\/strong><\/p>\n<\/div>\n<\/td>\n<\/tr>\n<tr>\n<td colspan=\"1\" rowspan=\"1\">\n<div class=\"magic-21\"><b>Protokol:<\/b><\/div>\n<\/td>\n<td colspan=\"4\" rowspan=\"1\">\n<div class=\"magic-22\">ISO\/IEC 14443 Typ A<\/div>\n<\/td>\n<\/tr>\n<tr>\n<td colspan=\"1\" rowspan=\"1\">\n<div class=\"magic-26\"><b>\u0158emesla:<\/b><\/div>\n<\/td>\n<td colspan=\"4\" rowspan=\"1\">\n<div class=\"magic-22\" data-spm-anchor-id=\"a2700.details.0.i33.21f6414cWQ4Zrf\">Tisk, \u010d\u00e1rov\u00fd k\u00f3d, QR k\u00f3d atd.<\/div>\n<\/td>\n<\/tr>\n<\/tbody>\n<\/table>\n<\/div>\n<\/div>\n<\/div>","protected":false},"excerpt":{"rendered":"<p>N\u00e1lepku Mifare Ultralight ev1 Inlay nebo transpond\u00e9r, typ nedokon\u010den\u00e9 sou\u010d\u00e1sti, lze p\u0159em\u011bnit na r\u016fzn\u00e9 p\u0159edm\u011bty, jako jsou vstupenky, odznaky, \u0161t\u00edtky nebo karty. Sou\u010dasn\u011b mohou b\u00fdt tyto HF NFC RFID vlo\u017eky vyr\u00e1b\u011bny v \u0159ad\u011b velikost\u00ed, p\u0159izp\u016fsoben\u00e9 tak, aby vyhovovaly va\u0161im specifick\u00fdm pot\u0159eb\u00e1m.<\/p>","protected":false},"featured_media":328,"template":"","meta":{"_kad_post_transparent":"default","_kad_post_title":"","_kad_post_layout":"default","_kad_post_sidebar_id":"","_kad_post_content_style":"default","_kad_post_vertical_padding":"default","_kad_post_feature":"","_kad_post_feature_position":"","_kad_post_header":false,"_kad_post_footer":false,"_kad_post_classname":""},"product_brand":[],"product_cat":[54],"product_tag":[112,142,143],"class_list":{"0":"post-329","1":"product","2":"type-product","3":"status-publish","4":"has-post-thumbnail","6":"product_cat-hot-selling-rfid-tags","7":"product_tag-13-56mhz-rfid-inlay","8":"product_tag-mifare-ultralight-ev1-inlay-sticker","9":"product_tag-ultralight-ev1-nfc-inlay-sticker","11":"first","12":"instock","13":"shipping-taxable","14":"product-type-simple","15":"entry","16":"content-bg","17":"loop-entry"},"_links":{"self":[{"href":"https:\/\/rfid-laundry-tag.com\/cs\/wp-json\/wp\/v2\/product\/329","targetHints":{"allow":["GET"]}}],"collection":[{"href":"https:\/\/rfid-laundry-tag.com\/cs\/wp-json\/wp\/v2\/product"}],"about":[{"href":"https:\/\/rfid-laundry-tag.com\/cs\/wp-json\/wp\/v2\/types\/product"}],"version-history":[{"count":0,"href":"https:\/\/rfid-laundry-tag.com\/cs\/wp-json\/wp\/v2\/product\/329\/revisions"}],"wp:featuredmedia":[{"embeddable":true,"href":"https:\/\/rfid-laundry-tag.com\/cs\/wp-json\/wp\/v2\/media\/328"}],"wp:attachment":[{"href":"https:\/\/rfid-laundry-tag.com\/cs\/wp-json\/wp\/v2\/media?parent=329"}],"wp:term":[{"taxonomy":"product_brand","embeddable":true,"href":"https:\/\/rfid-laundry-tag.com\/cs\/wp-json\/wp\/v2\/product_brand?post=329"},{"taxonomy":"product_cat","embeddable":true,"href":"https:\/\/rfid-laundry-tag.com\/cs\/wp-json\/wp\/v2\/product_cat?post=329"},{"taxonomy":"product_tag","embeddable":true,"href":"https:\/\/rfid-laundry-tag.com\/cs\/wp-json\/wp\/v2\/product_tag?post=329"}],"curies":[{"name":"wp","href":"https:\/\/api.w.org\/{rel}","templated":true}]}}