{"id":3242,"date":"2026-01-13T13:41:34","date_gmt":"2026-01-13T13:41:34","guid":{"rendered":"https:\/\/rfid-laundry-tag.com\/?post_type=product&#038;p=3242"},"modified":"2026-03-12T10:03:35","modified_gmt":"2026-03-12T10:03:35","slug":"mifare-s50-rfid-inlay","status":"publish","type":"product","link":"https:\/\/rfid-laundry-tag.com\/cs\/mifare-s50-rfid-inlay\/","title":{"rendered":"Vlo\u017eka RFID MIFARE S50"},"content":{"rendered":"<h2>Vlo\u017eka RFID MIFARE S50<\/h2>\n<p><span class=\"ng-star-inserted\">The <a href=\"https:\/\/rfid-laundry-tag.com\/cs\/rfid-inlay\/\">MIFARE S50\u00a0<\/a><\/span><strong class=\"ng-star-inserted\"><span class=\"ng-star-inserted\">RFID vlo\u017eka<\/span><\/strong><span class=\"ng-star-inserted\">\u00a0je \u0161pi\u010dkov\u00e9 \u0159e\u0161en\u00ed navr\u017een\u00e9 pro zefektivn\u011bn\u00ed va\u0161eho provozu, zv\u00fd\u0161en\u00ed zabezpe\u010den\u00ed a vylep\u0161en\u00ed u\u017eivatelsk\u00e9ho prost\u0159ed\u00ed v cel\u00e9 \u0159ad\u011b aplikac\u00ed. Tato v\u00fdkonn\u00e1 a z\u00e1rove\u0148 diskr\u00e9tn\u00ed technologie v\u00e1m umo\u017e\u0148uje bez n\u00e1mahy spravovat p\u0159\u00edstup, zpracov\u00e1vat platby, sledovat majetek a inovativn\u00edm zp\u016fsobem oslovovat z\u00e1kazn\u00edky. Tento produkt se vyplat\u00ed koupit, proto\u017ee nab\u00edz\u00ed bezkonkuren\u010dn\u00ed spolehlivost, kompatibilitu a snadnou integraci, co\u017e z n\u011bj \u010din\u00ed ide\u00e1ln\u00ed volbu pro firmy, kter\u00e9 cht\u011bj\u00ed vyu\u017e\u00edt s\u00edlu RFID. A\u0165 u\u017e chcete implementovat bezpe\u010dnou kontrolu p\u0159\u00edstupu, vytvo\u0159it bezprobl\u00e9mov\u00fd bezhotovostn\u00ed platebn\u00ed syst\u00e9m nebo revolu\u010dn\u011b zm\u011bnit spr\u00e1vu z\u00e1sob, <a href=\"https:\/\/rfid-laundry-tag.com\/cs\/rfid-inlay\/\">MIFARE S50\u00a0<\/a><\/span><strong class=\"ng-star-inserted\"><span class=\"ng-star-inserted\">RFID vlo\u017eka<\/span><\/strong><span class=\"ng-star-inserted\">\u00a0poskytuje v\u00fdkon a v\u0161estrannost, kter\u00e9 pot\u0159ebujete k \u00fasp\u011bchu. Jednodu\u0161e \u0159e\u010deno, tento produkt je nutnost\u00ed.<\/span><\/p>\n<table class=\"has-title all magic-13\">\n<tbody>\n<tr>\n<td colspan=\"1\" rowspan=\"1\">\n<div class=\"magic-14\" data-spm-anchor-id=\"a2700.details.0.i37.2ec61361oDo4aX\">N\u00e1zev produktu<\/div>\n<\/td>\n<td colspan=\"1\" rowspan=\"1\">\n<div class=\"magic-15\">Vlo\u017eka RFID MIFARE S50<\/div>\n<\/td>\n<\/tr>\n<tr>\n<td colspan=\"1\" rowspan=\"1\">\n<div class=\"magic-14\">\u010cip<\/div>\n<\/td>\n<td colspan=\"1\" rowspan=\"1\">\n<div class=\"magic-15\">MIFARE Classic\u00ae 1K<\/div>\n<\/td>\n<\/tr>\n<tr>\n<td colspan=\"1\" rowspan=\"1\">\n<div class=\"magic-14\">Frekvence<\/div>\n<\/td>\n<td colspan=\"1\" rowspan=\"1\">\n<div class=\"magic-15\">13,56 MHz<\/div>\n<\/td>\n<\/tr>\n<tr>\n<td colspan=\"1\" rowspan=\"1\">\n<div class=\"magic-14\">Vzd\u00e1lenost \u010dten\u00ed<\/div>\n<\/td>\n<td colspan=\"1\" rowspan=\"1\">\n<div class=\"magic-15\">1-5 cm<\/div>\n<\/td>\n<\/tr>\n<tr>\n<td colspan=\"1\" rowspan=\"1\">\n<div class=\"magic-14\">Materi\u00e1l<\/div>\n<\/td>\n<td colspan=\"1\" rowspan=\"1\">\n<div class=\"magic-15\">K\u0159\u00eddov\u00fd pap\u00edr<\/div>\n<\/td>\n<\/tr>\n<tr>\n<td colspan=\"1\" rowspan=\"1\">\n<div class=\"magic-14\">Substr\u00e1t<\/div>\n<\/td>\n<td colspan=\"1\" rowspan=\"1\">\n<div class=\"magic-15\">PET<\/div>\n<\/td>\n<\/tr>\n<tr>\n<td colspan=\"1\" rowspan=\"1\">\n<div class=\"magic-14\">Pr\u016fm\u011br 50 mm Velikost<\/div>\n<\/td>\n<td colspan=\"1\" rowspan=\"1\">\n<div class=\"magic-15\">Pr\u016fm\u011br 25 mm nebo p\u0159izp\u016fsoben\u00ed<\/div>\n<\/td>\n<\/tr>\n<tr>\n<td colspan=\"1\" rowspan=\"1\">\n<div class=\"magic-14\">Pracovn\u00ed re\u017eim<\/div>\n<\/td>\n<td colspan=\"1\" rowspan=\"1\">\n<div class=\"magic-15\">Pasivn\u00ed<\/div>\n<\/td>\n<\/tr>\n<tr>\n<td colspan=\"1\" rowspan=\"1\">\n<div class=\"magic-14\">Napi\u0161te cykly<\/div>\n<\/td>\n<td colspan=\"1\" rowspan=\"1\">\n<div class=\"magic-15\">100000<\/div>\n<\/td>\n<\/tr>\n<tr>\n<td colspan=\"1\" rowspan=\"1\">\n<div class=\"magic-14\">Provozn\u00ed teplota \/ vlhkost<\/div>\n<\/td>\n<td colspan=\"1\" rowspan=\"1\">\n<div class=\"magic-15\">-40~70\u2103\/20%~90% RH<\/div>\n<\/td>\n<\/tr>\n<tr>\n<td colspan=\"1\" rowspan=\"1\">\n<div class=\"magic-14\">Skladovac\u00ed teplota \/ vlhkost<\/div>\n<\/td>\n<td colspan=\"1\" rowspan=\"1\">\n<div class=\"magic-15\">-20~50\u2103 \/ 20%~90% RH (bez kondenzace).<\/div>\n<\/td>\n<\/tr>\n<tr>\n<td colspan=\"1\" rowspan=\"1\">\n<div class=\"magic-14\">Dostupnost vzorku<\/div>\n<\/td>\n<td colspan=\"1\" rowspan=\"1\">\n<div class=\"magic-15\">Vzorky zdarma jsou k dispozici na vy\u017e\u00e1d\u00e1n\u00ed<\/div>\n<\/td>\n<\/tr>\n<tr>\n<td colspan=\"1\" rowspan=\"1\">\n<div class=\"magic-14\">Obal<\/div>\n<\/td>\n<td colspan=\"1\" rowspan=\"1\">\n<div class=\"magic-15\">1000-5000ks\/role, 4 role\/karton<\/div>\n<\/td>\n<\/tr>\n<tr>\n<td colspan=\"1\" rowspan=\"1\">\n<div class=\"magic-14\">\n<p>aplikace<\/p>\n<div><\/div>\n<\/div>\n<\/td>\n<td colspan=\"1\" rowspan=\"1\">\n<div class=\"magic-15\" data-spm-anchor-id=\"a2700.details.0.i47.2ec61361oDo4aX\">Bezpe\u010dn\u00e1 kontrola vstupu\/bezhotovostn\u00ed platby \u010clenstv\u00ed a v\u011brnostn\u00ed programy P\u0159\u00edstup k ud\u00e1lostem a branding\/Soci\u00e1ln\u00ed m\u00e9dia\/Maloobchod<br \/>\nProst\u0159ed\u00ed\/Hry a hra\u010dky Um\u00edst\u011bn\u00ed\/Elektronika\/V\u00fdstavy\/Ud\u00e1losti\/Po\u017eadavek na zavol\u00e1n\u00ed\/Vizitky<\/div>\n<\/td>\n<\/tr>\n<\/tbody>\n<\/table>\n<p>&nbsp;<\/p>\n<p>MIFARE S50<a href=\"https:\/\/rfid-laundry-tag.com\/cs\/rfid-inlay\/\"> RFID vlo\u017eka\u00a0<\/a>je v\u0161estrann\u00e9 \u0159e\u0161en\u00ed navr\u017een\u00e9 tak, aby spl\u0148ovalo rostouc\u00ed po\u017eadavky modern\u00edch aplikac\u00ed. Tato inlay s podporou NFC pracuj\u00edc\u00ed na frekvenci 13,56 MHz si zachov\u00e1v\u00e1 v\u0161echny z\u00e1kladn\u00ed vlastnosti technologie MIFARE Classic a z\u00e1rove\u0148 poskytuje u\u017eivatelsky p\u0159\u00edv\u011btiv\u00e9 funkce. D\u00edky sv\u00e9 kompaktn\u00ed velikosti o pr\u016fm\u011bru 25 mm a tlou\u0161\u0165ce 0,5 mm je k dispozici v praktick\u00e9m form\u00e1tu n\u00e1lepek s pr\u00e1zdn\u00fdmi \u0161t\u00edtky, co\u017e usnad\u0148uje p\u0159ipevn\u011bn\u00ed a pou\u017eit\u00ed v r\u016fzn\u00fdch aplikac\u00edch. A\u0165 u\u017e hled\u00e1te RFID \u0159e\u0161en\u00ed pro platebn\u00ed syst\u00e9my, kontrolu p\u0159\u00edstupu nebo identifikaci, MIFARE Classic 1K Inlay nab\u00edz\u00ed bezkonkuren\u010dn\u00ed spolehlivost a v\u00fdkon.<\/p>\n<h3>Pro\u010d si vybrat MIFARE S50 RFID vlo\u017eku?<\/h3>\n<ul>\n<li><strong>Snadn\u00e1 integrace<\/strong>: Ide\u00e1ln\u00ed pro r\u016fzn\u00e9 aplikace, od platebn\u00edch syst\u00e9m\u016f po prodej vstupenek na akce, tato vlo\u017eka se hladce integruje do st\u00e1vaj\u00edc\u00edch platforem.<\/li>\n<li><strong>Cenov\u011b efektivn\u00ed \u0159e\u0161en\u00ed<\/strong>: D\u00edky n\u00edzk\u00e9 cen\u011b, vysok\u00e9 kvalit\u011b a odoln\u00e9mu designu p\u0159edstavuje ekonomickou mo\u017enost bez kompromis\u016f ve v\u00fdkonu.<\/li>\n<li><strong>U\u017eivatelsky p\u0159\u00edv\u011btiv\u00fd<\/strong>: Form\u00e1t pr\u00e1zdn\u00e9 n\u00e1lepky umo\u017e\u0148uje snadn\u00e9 ozna\u010dov\u00e1n\u00ed a vlastn\u00ed aplikace, co\u017e zlep\u0161uje u\u017eivatelsk\u00fd komfort.<\/li>\n<\/ul>\n<h3>Vysv\u011btlen\u00ed technologie NFC<\/h3>\n<p>Technologie NFC (Near Field Communication) tvo\u0159\u00ed p\u00e1te\u0159 <strong>MIFARE Classic 1K vlo\u017eka<\/strong>. D\u00edky t\u00e9to technologii umo\u017e\u0148uje vlo\u017eka bezkontaktn\u00ed v\u00fdm\u011bnu dat mezi za\u0159\u00edzen\u00edmi. Tato funkce se neomezuje pouze na interakci karty a \u010dte\u010dky, ale tak\u00e9 usnad\u0148uje mobiln\u00ed platby a bezpe\u010dnou kontrolu p\u0159\u00edstupu.<\/p>\n<h3>Kl\u00ed\u010dov\u00e9 v\u00fdhody MIFARE Classic 1K<\/h3>\n<ul>\n<li><strong>Vylep\u0161en\u00e9 zabezpe\u010den\u00ed<\/strong>: D\u00edky jedine\u010dn\u00e9mu 4bajtov\u00e9mu UID pom\u00e1h\u00e1 MIFARE Classic 1K Inlay p\u0159edch\u00e1zet duplikaci dat a p\u0159id\u00e1v\u00e1 va\u0161im aplikac\u00edm dal\u0161\u00ed vrstvu zabezpe\u010den\u00ed.<\/li>\n<li><strong>V\u0161estrannost<\/strong>: Vhodn\u00e9 pro r\u016fzn\u00e9 bezkontaktn\u00ed aplikace, od maloobchodu po p\u0159epravu, zvy\u0161uj\u00edc\u00ed zapojen\u00ed u\u017eivatel\u016f.<\/li>\n<li><strong>Kompatibilita<\/strong>: Pln\u011b kompatibiln\u00ed se \u010dte\u010dkou\/zapisova\u010dkou ACR122U spolu s dal\u0161\u00edmi za\u0159\u00edzen\u00edmi MIFARE Classic, d\u00edky \u010demu\u017e je univerz\u00e1ln\u00edm n\u00e1strojem ve va\u0161em arzen\u00e1lu NFC.<\/li>\n<\/ul>\n<h3>N\u00e1vod k pou\u017eit\u00ed<\/h3>\n<p>Chcete-li pou\u017e\u00edt RFID vlo\u017eku MIFARE S50, jednodu\u0161e ji p\u0159ipevn\u011bte na po\u017eadovan\u00fd povrch pomoc\u00ed dodan\u00e9 lepic\u00ed podlo\u017eky. Pro optim\u00e1ln\u00ed p\u0159ilnut\u00ed se ujist\u011bte, \u017ee je povrch \u010dist\u00fd a such\u00fd. Po p\u0159ipevn\u011bn\u00ed lze vlo\u017eku \u010d\u00edst a zapisovat na ni pomoc\u00ed za\u0159\u00edzen\u00ed s podporou NFC nebo kompatibiln\u00ed \u010dte\u010dky, nap\u0159\u00edklad ACR122U.<\/p>\n<h3>Vliv na \u017eivotn\u00ed prost\u0159ed\u00ed<\/h3>\n<p>RFID vlo\u017eka MIFARE S50 je vyrobena s ohledem na \u017eivotn\u00ed prost\u0159ed\u00ed. Pou\u017eit\u00ed odoln\u00fdch a recyklovateln\u00fdch materi\u00e1l\u016f zaji\u0161\u0165uje, \u017ee krom\u011b p\u0159isp\u00edv\u00e1n\u00ed k va\u0161im osobn\u00edm nebo obchodn\u00edm pot\u0159eb\u00e1m se tak\u00e9 zapojujete do ekologicky \u0161etrn\u00fdch postup\u016f.<\/p>\n<h2 class=\"ng-star-inserted\"><strong class=\"ng-star-inserted\"><span class=\"ng-star-inserted\">RFID \u0161t\u00edtky a vlo\u017eky: Neomezen\u00e9 mo\u017enosti pou\u017eit\u00ed<\/span><\/strong><\/h2>\n<p class=\"ng-star-inserted\"><span class=\"ng-star-inserted\">Vlo\u017eka MIFARE S50 RFID<\/span><span class=\"ng-star-inserted\">\u00a0je v\u0161estrann\u00e9 \u0159e\u0161en\u00ed, kter\u00e9 lze pou\u017e\u00edt v \u0161irok\u00e9 \u0161k\u00e1le aplikac\u00ed, v\u010detn\u011b:<\/span><\/p>\n<ul class=\"ng-star-inserted\">\n<li class=\"ng-star-inserted\">\n<p class=\"ng-star-inserted\"><strong class=\"ng-star-inserted\"><span class=\"ng-star-inserted\">Bezpe\u010dn\u00e1 kontrola vstupu:<\/span><\/strong><span class=\"ng-star-inserted\">\u00a0Umo\u017en\u011bte p\u0159\u00edstup opr\u00e1vn\u011bn\u00fdm osob\u00e1m a zabra\u0148te neopr\u00e1vn\u011bn\u00e9mu vstupu. Ide\u00e1ln\u00ed pro kancel\u00e1\u0159e, akce a omezen\u00e9 prostory.<\/span><\/p>\n<\/li>\n<li class=\"ng-star-inserted\">\n<p class=\"ng-star-inserted\"><strong class=\"ng-star-inserted\"><span class=\"ng-star-inserted\">Bezhotovostn\u00ed platba:<\/span><\/strong><span class=\"ng-star-inserted\">\u00a0Umo\u017en\u011bte bezprobl\u00e9mov\u00e9 a bezpe\u010dn\u00e9 platby v uzav\u0159en\u00fdch prost\u0159ed\u00edch, jako jsou z\u00e1bavn\u00ed parky, resorty a firemn\u00ed kampusy.<\/span><\/p>\n<\/li>\n<li class=\"ng-star-inserted\">\n<p class=\"ng-star-inserted\"><strong class=\"ng-star-inserted\"><span class=\"ng-star-inserted\">\u010clensk\u00e9 a v\u011brnostn\u00ed programy:<\/span><\/strong><span class=\"ng-star-inserted\">\u00a0Sledujte aktivitu \u010dlen\u016f, odm\u011b\u0148ujte v\u011brn\u00e9 z\u00e1kazn\u00edky a personalizujte z\u00e1\u017eitky.<\/span><\/p>\n<\/li>\n<li class=\"ng-star-inserted\">\n<p class=\"ng-star-inserted\"><strong class=\"ng-star-inserted\"><span class=\"ng-star-inserted\">P\u0159\u00edstup k akc\u00edm a branding:<\/span><\/strong><span class=\"ng-star-inserted\">\u00a0Zjednodu\u0161te zad\u00e1v\u00e1n\u00ed, shroma\u017e\u010fujte cenn\u00e1 data a zvy\u0161te zapojen\u00ed \u00fa\u010dastn\u00edk\u016f.<\/span><\/p>\n<\/li>\n<li class=\"ng-star-inserted\">\n<p class=\"ng-star-inserted\"><strong class=\"ng-star-inserted\"><span class=\"ng-star-inserted\">Soci\u00e1ln\u00ed m\u00e9dia:<\/span><\/strong><span class=\"ng-star-inserted\">\u00a0Vytv\u00e1\u0159ejte interaktivn\u00ed z\u00e1\u017eitky vkl\u00e1d\u00e1n\u00edm intarzi\u00ed do propaga\u010dn\u00edch materi\u00e1l\u016f, co\u017e u\u017eivatel\u016fm umo\u017en\u00ed spojit se s va\u0161\u00ed zna\u010dkou online.<\/span><\/p>\n<\/li>\n<li class=\"ng-star-inserted\">\n<p class=\"ng-star-inserted\"><strong class=\"ng-star-inserted\"><span class=\"ng-star-inserted\">Maloobchodn\u00ed prost\u0159ed\u00ed:<\/span><\/strong><span class=\"ng-star-inserted\">\u00a0Spravujte z\u00e1soby, p\u0159edch\u00e1zejte kr\u00e1de\u017e\u00edm a z\u00edskejte cenn\u00e9 poznatky o chov\u00e1n\u00ed z\u00e1kazn\u00edk\u016f.<\/span><\/p>\n<\/li>\n<li class=\"ng-star-inserted\">\n<p class=\"ng-star-inserted\"><strong class=\"ng-star-inserted\"><span class=\"ng-star-inserted\">Hry a hra\u010dky:<\/span><\/strong><span class=\"ng-star-inserted\">\u00a0P\u0159idejte hra\u010dk\u00e1m a hr\u00e1m nov\u00fd rozm\u011br interaktivity a zapojen\u00ed.<\/span><\/p>\n<\/li>\n<li class=\"ng-star-inserted\">\n<p class=\"ng-star-inserted\"><strong class=\"ng-star-inserted\"><span class=\"ng-star-inserted\">Um\u00edst\u011bn\u00ed:<\/span><\/strong><span class=\"ng-star-inserted\">\u00a0Sledujte majetek, monitorujte jeho pohyb a zvy\u0161ujte efektivitu logistiky.<\/span><\/p>\n<\/li>\n<li class=\"ng-star-inserted\">\n<p class=\"ng-star-inserted\"><strong class=\"ng-star-inserted\"><span class=\"ng-star-inserted\">Elektronika:<\/span><\/strong><span class=\"ng-star-inserted\">\u00a0Vlo\u017ete vlo\u017eky do elektronick\u00fdch za\u0159\u00edzen\u00ed pro ov\u011b\u0159ov\u00e1n\u00ed, sledov\u00e1n\u00ed a opat\u0159en\u00ed proti pad\u011bl\u00e1n\u00ed.<\/span><\/p>\n<\/li>\n<li class=\"ng-star-inserted\">\n<p class=\"ng-star-inserted\"><strong class=\"ng-star-inserted\"><span class=\"ng-star-inserted\">Veletrhy\/akce:<\/span><\/strong><span class=\"ng-star-inserted\">\u00a0Usnadn\u011bte generov\u00e1n\u00ed lead\u016f, sledujte z\u00e1jmy \u00fa\u010dastn\u00edk\u016f a poskytujte interaktivn\u00ed z\u00e1\u017eitky.<\/span><\/p>\n<\/li>\n<li class=\"ng-star-inserted\">\n<p class=\"ng-star-inserted\"><strong class=\"ng-star-inserted\"><span class=\"ng-star-inserted\">\u017d\u00e1dost o hovor:<\/span><\/strong><span class=\"ng-star-inserted\">\u00a0Umo\u017en\u011bte u\u017eivatel\u016fm po\u017e\u00e1dat o informace nebo pomoc jednoduch\u00fdm klepnut\u00edm.<\/span><\/p>\n<\/li>\n<li class=\"ng-star-inserted\">\n<p class=\"ng-star-inserted\"><strong class=\"ng-star-inserted\"><span class=\"ng-star-inserted\">Vizitky:<\/span><\/strong><span class=\"ng-star-inserted\">\u00a0Prom\u011b\u0148te tradi\u010dn\u00ed vizitky v interaktivn\u00ed n\u00e1stroje pro networking a sd\u00edlen\u00ed informac\u00ed.<\/span><\/p>\n<\/li>\n<\/ul>\n<h2>Nej\u010dast\u011bj\u0161\u00ed dotazy<\/h2>\n<ul>\n<li><strong>Jak\u00fd je dosah RFID vlo\u017eky MIFARE S50?<\/strong><br \/>\nEfektivn\u00ed dosah je typicky asi 10 cm p\u0159i pou\u017eit\u00ed typick\u00fdch \u010dtec\u00edch za\u0159\u00edzen\u00ed NFC.<\/li>\n<li><strong>Mohu si p\u0159izp\u016fsobit RFID vlo\u017eku MIFARE S50?<\/strong><br \/>\nAno, vlo\u017eky lze vytisknout nebo zak\u00f3dovat vlastn\u00edmi daty, tak\u017ee jsou vhodn\u00e9 pro r\u016fzn\u00e9 aplikace.<\/li>\n<li><strong>Je vlo\u017eka MIFARE S50 RFID vodot\u011bsn\u00e1?<\/strong><br \/>\nI kdy\u017e jsou vlo\u017eky navr\u017eeny tak, aby odol\u00e1valy m\u00edrn\u00fdm podm\u00ednk\u00e1m prost\u0159ed\u00ed, doporu\u010duje se vyhnout se dlouhodob\u00e9mu vystaven\u00ed vod\u011b, aby byla zachov\u00e1na optim\u00e1ln\u00ed funk\u010dnost.<\/li>\n<\/ul>","protected":false},"excerpt":{"rendered":"<p>MIFARE S50 RFID Inlay, v\u0161estrann\u00e9 NFC \u0159e\u0161en\u00ed s pam\u011bt\u00ed 1K pro bezpe\u010dn\u00e9 bezkontaktn\u00ed aplikace v r\u016fzn\u00fdch prost\u0159ed\u00edch.<\/p>","protected":false},"featured_media":3243,"template":"","meta":{"_kad_post_transparent":"default","_kad_post_title":"","_kad_post_layout":"default","_kad_post_sidebar_id":"","_kad_post_content_style":"default","_kad_post_vertical_padding":"default","_kad_post_feature":"","_kad_post_feature_position":"","_kad_post_header":false,"_kad_post_footer":false,"_kad_post_classname":""},"product_brand":[],"product_cat":[189],"product_tag":[398,111,194,393,108,399],"class_list":{"0":"post-3242","1":"product","2":"type-product","3":"status-publish","4":"has-post-thumbnail","6":"product_cat-rfid-inlay","7":"product_tag-mifare-s50-rfid-inlay","8":"product_tag-nfc-inlay","9":"product_tag-nfc-rfid-inlay","10":"product_tag-nfc-wet-inlay-sticker-tag-clear","11":"product_tag-rfid-inlay","12":"product_tag-rfid-inlay-factory","14":"first","15":"instock","16":"shipping-taxable","17":"product-type-simple","18":"entry","19":"content-bg","20":"loop-entry"},"_links":{"self":[{"href":"https:\/\/rfid-laundry-tag.com\/cs\/wp-json\/wp\/v2\/product\/3242","targetHints":{"allow":["GET"]}}],"collection":[{"href":"https:\/\/rfid-laundry-tag.com\/cs\/wp-json\/wp\/v2\/product"}],"about":[{"href":"https:\/\/rfid-laundry-tag.com\/cs\/wp-json\/wp\/v2\/types\/product"}],"version-history":[{"count":1,"href":"https:\/\/rfid-laundry-tag.com\/cs\/wp-json\/wp\/v2\/product\/3242\/revisions"}],"predecessor-version":[{"id":3247,"href":"https:\/\/rfid-laundry-tag.com\/cs\/wp-json\/wp\/v2\/product\/3242\/revisions\/3247"}],"wp:featuredmedia":[{"embeddable":true,"href":"https:\/\/rfid-laundry-tag.com\/cs\/wp-json\/wp\/v2\/media\/3243"}],"wp:attachment":[{"href":"https:\/\/rfid-laundry-tag.com\/cs\/wp-json\/wp\/v2\/media?parent=3242"}],"wp:term":[{"taxonomy":"product_brand","embeddable":true,"href":"https:\/\/rfid-laundry-tag.com\/cs\/wp-json\/wp\/v2\/product_brand?post=3242"},{"taxonomy":"product_cat","embeddable":true,"href":"https:\/\/rfid-laundry-tag.com\/cs\/wp-json\/wp\/v2\/product_cat?post=3242"},{"taxonomy":"product_tag","embeddable":true,"href":"https:\/\/rfid-laundry-tag.com\/cs\/wp-json\/wp\/v2\/product_tag?post=3242"}],"curies":[{"name":"wp","href":"https:\/\/api.w.org\/{rel}","templated":true}]}}