{"id":324,"date":"2024-06-28T06:46:40","date_gmt":"2024-06-28T06:46:40","guid":{"rendered":"https:\/\/rfid-laundry-tag.com\/?post_type=product&#038;p=324"},"modified":"2024-08-14T16:46:59","modified_gmt":"2024-08-14T16:46:59","slug":"nxp-ntag213-nfc-inlay-144byte","status":"publish","type":"product","link":"https:\/\/rfid-laundry-tag.com\/cs\/nxp-ntag213-nfc-inlay-144byte\/","title":{"rendered":"NXP Ntag213 NFC vlo\u017eka 144 bajt\u016f"},"content":{"rendered":"<div>\n<div>NXP Ntag213 NFC vlo\u017eka 144 bajt\u016f<\/div>\n<div><\/div>\n<div>RFID NFC vlo\u017eky hraj\u00ed podstatnou roli v optimalizovan\u00e9m provozu vysokofrekven\u010dn\u00edch syst\u00e9m\u016f.<\/div>\n<div>V kontextu NXP Ntag213 NFC Inlay s kapacitou 144 bajt\u016f to m\u016f\u017ee platit obzvl\u00e1\u0161\u0165.<\/div>\n<div>Tyto intarzie se dod\u00e1vaj\u00ed ve dvou form\u00e1ch, mokr\u00e9 a such\u00e9, z nich\u017e ka\u017ed\u00e1 slou\u017e\u00ed jedine\u010dn\u00e9mu \u00fa\u010delu.<\/div>\n<div><\/div>\n<div><\/div>\n<div class=\"auto-hide-last-sibling-br paragraph_9dc5f paragraph-element\">\u010cip NTAG213 nab\u00edz\u00ed \u0159adu v\u00fdhod, jako nap\u0159\u00edklad:<\/div>\n<p>&nbsp;<\/p>\n<ul class=\"auto-hide-last-sibling-br\">\n<li>Bezkontaktn\u00ed p\u0159enos energie a dat<\/li>\n<li>Schopnost rychl\u00e9ho \u010dten\u00ed<\/li>\n<li>Vylep\u0161en\u00fd RF v\u00fdkon<\/li>\n<li>Bezpe\u010dnostn\u00ed funkce, v\u010detn\u011b ochrany heslem a funkc\u00ed proti kolizi<\/li>\n<li>Pln\u00e1 shoda se specifikacemi NFC Forum Tag Type 2<\/li>\n<\/ul>\n<\/div>\n<div>\n<table class=\"all magic-9\">\n<tbody>\n<tr>\n<td colspan=\"1\" rowspan=\"1\">\n<div class=\"magic-10\">Materi\u00e1l<\/div>\n<\/td>\n<td colspan=\"1\" rowspan=\"1\">\n<div class=\"magic-11\" data-spm-anchor-id=\"a2700.details.0.i85.504d267eS1Hb6u\">PET, PVC, potahovan\u00fd pap\u00edr atd.<\/div>\n<\/td>\n<\/tr>\n<tr>\n<td colspan=\"1\" rowspan=\"1\">\n<div class=\"magic-10\">\u010cip<\/div>\n<\/td>\n<td colspan=\"1\" rowspan=\"1\">\n<div class=\"magic-11\">Ntag213\/Ntag215\/Ntag216 atd<\/div>\n<\/td>\n<\/tr>\n<tr>\n<td colspan=\"1\" rowspan=\"1\">\n<div class=\"magic-10\">Frekvence<\/div>\n<\/td>\n<td colspan=\"1\" rowspan=\"1\">\n<div class=\"magic-11\">13,56 MHz<\/div>\n<\/td>\n<\/tr>\n<tr>\n<td colspan=\"1\" rowspan=\"1\">\n<div class=\"magic-10\">Protokol<\/div>\n<\/td>\n<td colspan=\"1\" rowspan=\"1\">\n<div class=\"magic-11\">ISO 14443A<\/div>\n<\/td>\n<\/tr>\n<tr>\n<td colspan=\"1\" rowspan=\"1\">\n<div class=\"magic-10\">Velikost<\/div>\n<\/td>\n<td colspan=\"1\" rowspan=\"1\">\n<div class=\"magic-11\">Pr\u016fm\u011br 25, 30, 35 mm nebo p\u0159izp\u016fsoben\u00e1 velikost<\/div>\n<\/td>\n<\/tr>\n<tr>\n<td colspan=\"1\" rowspan=\"1\">\n<div class=\"magic-10\">Funkce<\/div>\n<\/td>\n<td colspan=\"1\" rowspan=\"1\">\n<div class=\"magic-11\">Vodot\u011bsn\u00e9, odoln\u00e9, potisk p\u0159izp\u016fsoben\u00fd<\/div>\n<\/td>\n<\/tr>\n<tr>\n<td colspan=\"1\" rowspan=\"1\">\n<div class=\"magic-10\">Ochutnat<\/div>\n<\/td>\n<td colspan=\"1\" rowspan=\"1\">\n<div class=\"magic-11\">zdarma k dispozici<\/div>\n<\/td>\n<\/tr>\n<tr>\n<td colspan=\"1\" rowspan=\"1\">\n<div class=\"magic-10\">\u010c\u00edst vzd\u00e1lenost<\/div>\n<\/td>\n<td colspan=\"1\" rowspan=\"1\">\n<div class=\"magic-11\" data-spm-anchor-id=\"a2700.details.0.i84.504d267eS1Hb6u\">0-10 cm<\/div>\n<\/td>\n<\/tr>\n<\/tbody>\n<\/table>\n<\/div>\n<div><\/div>\n<div><\/div>\n<div><strong>RFID NFC vlo\u017eky<\/strong> existuj\u00ed ve dvou typech, mokr\u00e9 a such\u00e9. Vlhk\u00e1 vlo\u017eka RFID NFC m\u00e1 lepiv\u00fd podklad, zat\u00edmco such\u00e1 ne. Poskytuj\u00ed mo\u017enost \u0161t\u00edtku pracuj\u00edc\u00ed na frekvenci 13,56 MHz speci\u00e1ln\u011b navr\u017eenou pro v\u00fdrobce origin\u00e1ln\u00edho vybaven\u00ed (OEM). Pro tyto vlo\u017eky jsou k dispozici pam\u011b\u0165ov\u00e9 \u010dipy ISO 15693 a 14443 NFC.<\/div>\n<div><\/div>\n<div class=\"text-title\"><strong><span class=\"magic-26\" style=\"font-family: Arial;\" data-spm-anchor-id=\"a2700.details.0.i47.6f4d7d7dnursE7\">Such\u00e1 vlo\u017eka<\/span><\/strong><\/div>\n<div class=\"text-content\">\n<p><span class=\"magic-6\" style=\"font-family: Arial;\">Jednodu\u0161e \u0159e\u010deno, such\u00e1 vlo\u017eka RFID je kombinac\u00ed \u010dipu RFID a ant\u00e9ny. M\u016f\u017ee b\u00fdt pou\u017eit pro v\u00fdrobu NFC n\u00e1lepky, RFID \u0161t\u00edtku, RFID l\u00edstku a r\u016fzn\u00fdch RFID \u0161t\u00edtk\u016f. <\/span><\/p>\n<div data-spm-anchor-id=\"a2700.details.0.i46.6f4d7d7dnursE7\">\n<p><span class=\"magic-6\" style=\"font-family: Arial;\"> Ant\u00e9na such\u00e9ho inlaye je hlin\u00edkov\u00e1 leptan\u00e1, kter\u00e1 je ten\u010d\u00ed ne\u017e m\u011bd\u011bn\u00e1 c\u00edvka. Tvar ant\u00e9ny m\u016f\u017ee b\u00fdt p\u0159izp\u016fsoben a p\u0159epracov\u00e1n na vy\u017e\u00e1d\u00e1n\u00ed.<\/span><\/p>\n<p>&nbsp;<\/p>\n<\/div>\n<\/div>\n<div>\n<div class=\"text-title\"><strong><span class=\"magic-26\" style=\"font-family: Arial;\">Mokr\u00e1 vlo\u017eka<\/span><\/strong><\/div>\n<div class=\"text-content\">\n<p><span class=\"magic-6\" style=\"font-family: Arial;\" data-spm-anchor-id=\"a2700.details.0.i49.6f4d7d7dnursE7\">Such\u00e1 vlo\u017eka RFID p\u0159idan\u00e1 s lepidlem se naz\u00fdv\u00e1 vlhk\u00e1 vlo\u017eka. Pokud nepot\u0159ebujete \u017e\u00e1dn\u00fd tisk na povrch, lze jej pou\u017e\u00edt p\u0159\u00edmo jako RFID \u0161t\u00edtek nebo NFC n\u00e1lepku. Nalepen\u00ed na p\u0159edm\u011bty m\u016f\u017ee u\u0161et\u0159it n\u00e1klady a dos\u00e1hnout stejn\u00e9ho \u00fa\u010delu. Je tak\u00e9 \u0161iroce pou\u017e\u00edv\u00e1n p\u0159i v\u00fdrob\u011b RFID \u0161t\u00edtk\u016f. Ant\u00e9na mokr\u00e9 inlay je hlin\u00edkov\u00e1 leptan\u00e1, kter\u00e1 je ten\u010d\u00ed ve srovn\u00e1n\u00ed s m\u011bd\u011bnou c\u00edvkou. Tvar ant\u00e9ny m\u016f\u017ee b\u00fdt p\u0159izp\u016fsoben a p\u0159epracov\u00e1n na vy\u017e\u00e1d\u00e1n\u00ed.<\/span><\/p>\n<div><span class=\"magic-6\" style=\"font-family: Arial;\">\u00a0<\/span><\/div>\n<div data-spm-anchor-id=\"a2700.details.0.i48.6f4d7d7dnursE7\"><\/div>\n<\/div>\n<\/div>","protected":false},"excerpt":{"rendered":"<p>NXP Ntag213 NFC Inlay 144Byte je specifick\u00fd typ integrovan\u00e9ho obvodu kompatibiln\u00edho s NFC Forum Type 2 Tag, kter\u00fd m\u00e1 144 bajt\u016f u\u017eivatelsk\u00e9 pam\u011bti. Je navr\u017een s ohledem na v\u0161estrannost, vhodn\u00fd pro r\u016fzn\u00e9 aplikace v odv\u011btv\u00edch, jako je mimo jin\u00e9 maloobchod, hry a spot\u0159ebn\u00ed elektronika.<\/p>","protected":false},"featured_media":326,"template":"","meta":{"_kad_post_transparent":"default","_kad_post_title":"","_kad_post_layout":"default","_kad_post_sidebar_id":"","_kad_post_content_style":"default","_kad_post_vertical_padding":"default","_kad_post_feature":"","_kad_post_feature_position":"","_kad_post_header":false,"_kad_post_footer":false,"_kad_post_classname":""},"product_brand":[],"product_cat":[54,189],"product_tag":[111,140,110],"class_list":{"0":"post-324","1":"product","2":"type-product","3":"status-publish","4":"has-post-thumbnail","6":"product_cat-hot-selling-rfid-tags","7":"product_cat-rfid-inlay","8":"product_tag-nfc-inlay","9":"product_tag-nxp-ntag213-nfc-inlay-144byte","10":"product_tag-rfid-nfc-inlay","12":"first","13":"instock","14":"shipping-taxable","15":"product-type-simple","16":"entry","17":"content-bg","18":"loop-entry"},"_links":{"self":[{"href":"https:\/\/rfid-laundry-tag.com\/cs\/wp-json\/wp\/v2\/product\/324","targetHints":{"allow":["GET"]}}],"collection":[{"href":"https:\/\/rfid-laundry-tag.com\/cs\/wp-json\/wp\/v2\/product"}],"about":[{"href":"https:\/\/rfid-laundry-tag.com\/cs\/wp-json\/wp\/v2\/types\/product"}],"version-history":[{"count":3,"href":"https:\/\/rfid-laundry-tag.com\/cs\/wp-json\/wp\/v2\/product\/324\/revisions"}],"predecessor-version":[{"id":1336,"href":"https:\/\/rfid-laundry-tag.com\/cs\/wp-json\/wp\/v2\/product\/324\/revisions\/1336"}],"wp:featuredmedia":[{"embeddable":true,"href":"https:\/\/rfid-laundry-tag.com\/cs\/wp-json\/wp\/v2\/media\/326"}],"wp:attachment":[{"href":"https:\/\/rfid-laundry-tag.com\/cs\/wp-json\/wp\/v2\/media?parent=324"}],"wp:term":[{"taxonomy":"product_brand","embeddable":true,"href":"https:\/\/rfid-laundry-tag.com\/cs\/wp-json\/wp\/v2\/product_brand?post=324"},{"taxonomy":"product_cat","embeddable":true,"href":"https:\/\/rfid-laundry-tag.com\/cs\/wp-json\/wp\/v2\/product_cat?post=324"},{"taxonomy":"product_tag","embeddable":true,"href":"https:\/\/rfid-laundry-tag.com\/cs\/wp-json\/wp\/v2\/product_tag?post=324"}],"curies":[{"name":"wp","href":"https:\/\/api.w.org\/{rel}","templated":true}]}}