{"id":321,"date":"2024-06-28T06:45:35","date_gmt":"2024-06-28T06:45:35","guid":{"rendered":"https:\/\/rfid-laundry-tag.com\/?post_type=product&#038;p=321"},"modified":"2024-06-28T06:45:35","modified_gmt":"2024-06-28T06:45:35","slug":"i-code-slix-rfid-library-book-sticker-5050mm","status":"publish","type":"product","link":"https:\/\/rfid-laundry-tag.com\/cs\/i-code-slix-rfid-library-book-sticker-5050mm\/","title":{"rendered":"I CODE SLIX RFID Library Book Sticker 50*50mm"},"content":{"rendered":"<table style=\"font-family: var(--global-body-font-family);\" width=\"772\">\n<tbody>\n<tr>\n<td width=\"153\"><strong>N\u00e1zev produktu<\/strong><\/td>\n<td width=\"619\"><strong>\u00a0I CODE SLIX RFID Library Book Sticker\u00a0<\/strong><\/td>\n<\/tr>\n<tr>\n<td width=\"153\">Materi\u00e1l<\/td>\n<td width=\"619\">PET+Al+Pap\u00edr\/PVC\/PET<\/td>\n<\/tr>\n<tr>\n<td width=\"153\">Barva<\/td>\n<td width=\"619\">cmyk, \u010dty\u0159barevn\u00fd tisk<\/td>\n<\/tr>\n<tr>\n<td width=\"153\">Rozm\u011br \u0161t\u00edtku<\/td>\n<td width=\"619\">45 * 45 mm, 50 * 50 mm, atd<\/td>\n<\/tr>\n<tr>\n<td width=\"153\">\u010cip<\/td>\n<td width=\"619\">\u00a0I CODE SLIX, ICODE\u00ae SLIX-S atd<\/td>\n<\/tr>\n<tr>\n<td width=\"153\">Protokol<\/td>\n<td width=\"619\">ISO15693<\/td>\n<\/tr>\n<tr>\n<td width=\"153\">Frekvence<\/td>\n<td width=\"619\">13,56 MHz<\/td>\n<\/tr>\n<tr>\n<td width=\"153\">\u010ctec\u00ed vzd\u00e1lenost<\/td>\n<td width=\"619\">HF: 1-30 cm z\u00e1vis\u00ed na \u010dte\u010dce a prost\u0159ed\u00ed<\/td>\n<\/tr>\n<tr>\n<td width=\"153\">Tisk<\/td>\n<td width=\"619\">CMYK, vlastn\u00ed tisk, pr\u00e1zdn\u00fd<\/td>\n<\/tr>\n<tr>\n<td width=\"153\">Bal\u00edk<\/td>\n<td width=\"619\">2000 ks\/role, 16000 ks\/ctn, vlastn\u00ed<\/td>\n<\/tr>\n<tr>\n<td width=\"153\">Vzorek zdarma<\/td>\n<td width=\"619\">Ano<\/td>\n<\/tr>\n<\/tbody>\n<\/table>\n<p>&nbsp;<\/p>\n<p>Syst\u00e9m, kter\u00fd je prim\u00e1rn\u011b navr\u017een pro zv\u00fd\u0161en\u00ed efektivity postup\u016f spr\u00e1vy knih a soubor\u016f, pom\u00e1h\u00e1 p\u0159i kontrol\u00e1ch z\u00e1sob, sledov\u00e1n\u00ed m\u00edst, umo\u017e\u0148uje samoobslu\u017en\u00e9 syst\u00e9my pro vracen\u00ed knih a p\u0159edch\u00e1z\u00ed kr\u00e1de\u017e\u00edm, abychom jmenovali alespo\u0148 n\u011bkter\u00e9 funkce. Jeho pou\u017eit\u00ed v\u00fdrazn\u011b optimalizuje provoz knihoven, co\u017e z n\u011bj \u010din\u00ed chytrou volbu pro modern\u00ed knihovny.<\/p>\n<div class=\"auto-hide-last-sibling-br paragraph_9dc5f paragraph-element\">I CODE SLIX RFID Library Book Sticker je efektivn\u00ed \u0159e\u0161en\u00ed pro inteligentn\u00ed spr\u00e1vu knihovn\u00edch zdroj\u016f. Zde jsou jeho funkce a odpov\u011bdi na n\u011bkter\u00e9 \u010dasto kladen\u00e9 ot\u00e1zky:<\/div>\n<p>&nbsp;<\/p>\n<div class=\"auto-hide-last-sibling-br paragraph_9dc5f paragraph-element\"><strong>Vlastnosti n\u00e1lepky I CODE SLIX RFID Library Book Sticker:<\/strong><\/div>\n<ol class=\"auto-hide-last-sibling-br\">\n<li>Tento \u0161t\u00edtek RFID ISO15693 je speci\u00e1ln\u011b navr\u017een pro syst\u00e9my spr\u00e1vy knihoven.<\/li>\n<li>Pracuje na frekvenci 13,56 MHz ve vysokofrekven\u010dn\u00edm (HF) rozsahu.<\/li>\n<li>Tyto n\u00e1lepky se dod\u00e1vaj\u00ed v r\u016fzn\u00fdch velikostech, zejm\u00e9na 85*<em>50 mm a 50*<\/em>50 mm.<\/li>\n<li>Py\u0161n\u00ed se vod\u011bodoln\u00fdmi vlastnostmi a nav\u00edc jsou samolepic\u00ed.<\/li>\n<li>Mohou nab\u00eddnout \u010dtec\u00ed vzd\u00e1lenost v rozmez\u00ed 1-15 cm s u\u017eivatelskou pam\u011bt\u00ed 896 bit\u016f.<\/li>\n<li>Jsou ide\u00e1ln\u00ed pro aplikace omezen\u00e9 omezen\u00fdm prostorem, nej\u010dast\u011bji v syst\u00e9mech pro spr\u00e1vu dokument\u016f.<\/li>\n<\/ol>\n<p>&nbsp;<\/p>\n<div class=\"auto-hide-last-sibling-br paragraph_9dc5f paragraph-element\"><strong>\u010casto kladen\u00e9 ot\u00e1zky (FAQ):<\/strong><\/div>\n<ul class=\"auto-hide-last-sibling-br\">\n<li>\n<div class=\"auto-hide-last-sibling-br paragraph_9dc5f paragraph-element\"><strong>Q1:<\/strong>\u00a0Jak mohu zadat objedn\u00e1vku?<\/div>\n<ul class=\"auto-hide-last-sibling-br\">\n<li>Odpov\u011b\u010f: M\u016f\u017eete sd\u011blit sv\u00e9 po\u017eadavky z\u00e1kaznick\u00e9mu servisu, dokon\u010dit specifikace produktu, prov\u00e9st platbu a pot\u00e9 za\u0159\u00eddit dod\u00e1n\u00ed produktu.<\/li>\n<\/ul>\n<\/li>\n<li>\n<div class=\"auto-hide-last-sibling-br paragraph_9dc5f paragraph-element\"><strong>Q2:<\/strong>\u00a0Jak\u00e1 je p\u0159edpokl\u00e1dan\u00e1 doba v\u00fdroby\/dod\u00e1n\u00ed?<\/div>\n<ul class=\"auto-hide-last-sibling-br\">\n<li>Odpov\u011b\u010f: O\u010dek\u00e1van\u00fd \u010dasov\u00fd r\u00e1mec pro v\u00fdrobu a dod\u00e1n\u00ed je obvykle do 20 dn\u016f. To se v\u0161ak m\u016f\u017ee zm\u011bnit na z\u00e1klad\u011b konkr\u00e9tn\u00edch konfigurac\u00ed objedn\u00e1vky.<\/li>\n<\/ul>\n<\/li>\n<li>\n<div class=\"auto-hide-last-sibling-br paragraph_9dc5f paragraph-element\"><strong>Q3:<\/strong>\u00a0Proch\u00e1zej\u00ed v\u0161echny polo\u017eky p\u0159ed odesl\u00e1n\u00edm testov\u00e1n\u00edm?<\/div>\n<ul class=\"auto-hide-last-sibling-br\">\n<li>Odpov\u011b\u010f: V\u0161echny polo\u017eky skute\u010dn\u011b proch\u00e1zej\u00ed komplexn\u00edm testov\u00e1n\u00edm p\u0159ed odesl\u00e1n\u00edm, v\u010detn\u011b z\u00e1kladn\u00edch kontrol vybaven\u00ed.<\/li>\n<\/ul>\n<\/li>\n<li>\n<div class=\"auto-hide-last-sibling-br paragraph_9dc5f paragraph-element\"><strong>Q4:<\/strong>\u00a0Je mo\u017en\u00e9 obdr\u017eet vzorovou z\u00e1silku?<\/div>\n<ul class=\"auto-hide-last-sibling-br\">\n<li>Odpov\u011b\u010f: Ano, na\u0161im z\u00e1kazn\u00edk\u016fm poskytujeme skute\u010dn\u00e9 produkty jako vzorky.<\/li>\n<\/ul>\n<\/li>\n<\/ul>","protected":false},"excerpt":{"rendered":"<p>I CODE SLIX RFID Library Book Sticker se sv\u00fdmi rozm\u011bry 50*50mm hraje z\u00e1sadn\u00ed roli p\u0159i spr\u00e1v\u011b knih a soubor\u016f v knihovn\u011b. Ve spojen\u00ed s RFID ant\u00e9nou a \u010dte\u010dkou p\u0159isp\u00edv\u00e1 k chytr\u00e9 spr\u00e1v\u011b knihovn\u00edch zdroj\u016f.<\/p>","protected":false},"featured_media":323,"template":"","meta":{"_kad_post_transparent":"default","_kad_post_title":"","_kad_post_layout":"default","_kad_post_sidebar_id":"","_kad_post_content_style":"default","_kad_post_vertical_padding":"default","_kad_post_feature":"","_kad_post_feature_position":"","_kad_post_header":false,"_kad_post_footer":false,"_kad_post_classname":""},"product_brand":[],"product_cat":[54],"product_tag":[138,139],"class_list":{"0":"post-321","1":"product","2":"type-product","3":"status-publish","4":"has-post-thumbnail","6":"product_cat-hot-selling-rfid-tags","7":"product_tag-i-code-slix-rfid-library-book-sticker","8":"product_tag-i-code-slix-rfid-sticker","10":"first","11":"instock","12":"shipping-taxable","13":"product-type-simple","14":"entry","15":"content-bg","16":"loop-entry"},"_links":{"self":[{"href":"https:\/\/rfid-laundry-tag.com\/cs\/wp-json\/wp\/v2\/product\/321","targetHints":{"allow":["GET"]}}],"collection":[{"href":"https:\/\/rfid-laundry-tag.com\/cs\/wp-json\/wp\/v2\/product"}],"about":[{"href":"https:\/\/rfid-laundry-tag.com\/cs\/wp-json\/wp\/v2\/types\/product"}],"version-history":[{"count":0,"href":"https:\/\/rfid-laundry-tag.com\/cs\/wp-json\/wp\/v2\/product\/321\/revisions"}],"wp:featuredmedia":[{"embeddable":true,"href":"https:\/\/rfid-laundry-tag.com\/cs\/wp-json\/wp\/v2\/media\/323"}],"wp:attachment":[{"href":"https:\/\/rfid-laundry-tag.com\/cs\/wp-json\/wp\/v2\/media?parent=321"}],"wp:term":[{"taxonomy":"product_brand","embeddable":true,"href":"https:\/\/rfid-laundry-tag.com\/cs\/wp-json\/wp\/v2\/product_brand?post=321"},{"taxonomy":"product_cat","embeddable":true,"href":"https:\/\/rfid-laundry-tag.com\/cs\/wp-json\/wp\/v2\/product_cat?post=321"},{"taxonomy":"product_tag","embeddable":true,"href":"https:\/\/rfid-laundry-tag.com\/cs\/wp-json\/wp\/v2\/product_tag?post=321"}],"curies":[{"name":"wp","href":"https:\/\/api.w.org\/{rel}","templated":true}]}}