{"id":3191,"date":"2026-01-09T13:46:57","date_gmt":"2026-01-09T13:46:57","guid":{"rendered":"https:\/\/rfid-laundry-tag.com\/?post_type=product&#038;p=3191"},"modified":"2026-01-09T13:46:57","modified_gmt":"2026-01-09T13:46:57","slug":"uhf-wash-care-label-rfid-chips-in-garment","status":"publish","type":"product","link":"https:\/\/rfid-laundry-tag.com\/cs\/uhf-wash-care-label-rfid-chips-in-garment\/","title":{"rendered":"UHF Wash Care Label RFID \u010dipy v od\u011bvu"},"content":{"rendered":"<div class=\"J_module\">\n<div class=\"ife-detail-decorate-table\">\n<table class=\"hight-light-first-column all magic-14\">\n<tbody>\n<tr>\n<td colspan=\"1\" rowspan=\"1\">\n<div class=\"magic-15\" data-spm-anchor-id=\"a2700.details.0.i95.236a58c1ycsfva\">N\u00e1zev produkce:<\/div>\n<\/td>\n<td colspan=\"1\" rowspan=\"1\">\n<div class=\"magic-16\"><strong>UHF Wash Care Label RFID \u010dipy v od\u011bvu<\/strong><\/div>\n<\/td>\n<\/tr>\n<tr>\n<td colspan=\"1\" rowspan=\"1\">\n<div class=\"magic-15\"><span class=\"magic-17\">Materi\u00e1l:<\/span><\/div>\n<\/td>\n<td colspan=\"1\" rowspan=\"1\">\n<div class=\"magic-16\">Polyester\/Slo\u017een\u00ed\/Sat\u00e9n\/Bavlna\/Netkan\u00e1\/PET atd.<\/div>\n<\/td>\n<\/tr>\n<tr>\n<td colspan=\"1\" rowspan=\"1\">\n<div class=\"magic-15\"><span class=\"magic-17\">Velikost:<\/span><\/div>\n<\/td>\n<td colspan=\"1\" rowspan=\"1\">\n<div class=\"magic-16\"><span class=\"magic-17\">80*38 mm\/60*30 mm\/61*26 mm\/60*22 mm\/ atd. nebo na m\u00edru<\/span><\/div>\n<\/td>\n<\/tr>\n<tr>\n<td colspan=\"1\" rowspan=\"1\">\n<div class=\"magic-15\"><span class=\"magic-17\">Typ:<\/span><\/div>\n<\/td>\n<td colspan=\"1\" rowspan=\"1\">\n<div class=\"magic-16\"><span class=\"magic-17\">Pasivn\u00ed, RFID<\/span><\/div>\n<\/td>\n<\/tr>\n<tr>\n<td colspan=\"1\" rowspan=\"1\">\n<div class=\"magic-15\">RF protokol:<\/div>\n<\/td>\n<td colspan=\"1\" rowspan=\"1\">\n<div class=\"magic-16\">ISO 18000-6C; EPC Class 1 Gen 2<\/div>\n<\/td>\n<\/tr>\n<tr>\n<td colspan=\"1\" rowspan=\"1\">\n<div class=\"magic-15\"><span class=\"magic-17\">Frekvence:<\/span><\/div>\n<\/td>\n<td colspan=\"1\" rowspan=\"1\">\n<div class=\"magic-16\"><span class=\"magic-17\">860~960 MHz<\/span><\/div>\n<\/td>\n<\/tr>\n<tr>\n<td colspan=\"1\" rowspan=\"1\">\n<div class=\"magic-15\">\u010cip<\/div>\n<\/td>\n<td colspan=\"1\" rowspan=\"1\">\n<div class=\"magic-16\">U8, U9, Alien Higgs, Monza 4D, Monza 4QT, Monza R6, Monza R6-P, Impinj M730, Impinj M750 atd.<\/div>\n<\/td>\n<\/tr>\n<tr>\n<td colspan=\"1\" rowspan=\"1\">\n<div class=\"magic-15\"><span class=\"magic-17\">Vzd\u00e1lenost \u010dten\u00ed:<\/span><\/div>\n<\/td>\n<td colspan=\"1\" rowspan=\"1\">\n<div class=\"magic-16\"><span class=\"magic-17\">UHF: 1~10m (z\u00e1vis\u00ed na \u010dte\u010dce a ant\u00e9n\u011b)<\/span><\/div>\n<\/td>\n<\/tr>\n<tr>\n<td colspan=\"1\" rowspan=\"1\">\n<div class=\"magic-15\"><span class=\"magic-17\">Pevn\u00fd zp\u016fsob:<\/span><\/div>\n<\/td>\n<td colspan=\"1\" rowspan=\"1\">\n<div class=\"magic-16\"><span class=\"magic-17\">\u0160it\u00ed \/ \u017eehlen\u00ed<\/span><\/div>\n<\/td>\n<\/tr>\n<tr>\n<td colspan=\"1\" rowspan=\"1\">\n<div class=\"magic-15\"><span class=\"magic-17\">Tisk:<\/span><\/div>\n<\/td>\n<td colspan=\"1\" rowspan=\"1\">\n<div class=\"magic-16\"><span class=\"magic-17\">Tisk, k\u00f3dov\u00e1n\u00ed, s\u00e9riov\u00e9 \u010d\u00edslo, design atd.<\/span><\/div>\n<\/td>\n<\/tr>\n<tr>\n<td colspan=\"1\" rowspan=\"1\">\n<div class=\"magic-15\"><span class=\"magic-17\">\u017divotnost IC:<\/span><\/div>\n<\/td>\n<td colspan=\"1\" rowspan=\"1\">\n<div class=\"magic-16\" data-spm-anchor-id=\"a2700.details.0.i94.236a58c1ycsfva\"><span class=\"magic-17\">100 000 programovac\u00edch cykl\u016f<br \/>\n10 let uchov\u00e1v\u00e1n\u00ed dat<\/span><\/div>\n<\/td>\n<\/tr>\n<tr>\n<td colspan=\"1\" rowspan=\"1\">\n<div class=\"magic-15\"><span class=\"magic-17\">Vzorov\u00e1 dostupnost:<\/span><\/div>\n<\/td>\n<td colspan=\"1\" rowspan=\"1\">\n<div class=\"magic-16\"><span class=\"magic-17\">Vzorky zdarma jsou k dispozici na vy\u017e\u00e1d\u00e1n\u00ed<\/span><\/div>\n<\/td>\n<\/tr>\n<tr>\n<td colspan=\"1\" rowspan=\"1\">\n<div class=\"magic-15\"><span class=\"magic-17\">Aplikace:\u00a0<\/span><\/div>\n<\/td>\n<td colspan=\"1\" rowspan=\"1\">\n<div class=\"magic-16\"><span class=\"magic-17\">\u00b7 \u0158\u00edzen\u00ed z\u00e1sob<br \/>\n\u00b7 Dodavatelsk\u00fd \u0159et\u011bzec<br \/>\n\u00b7 Maloobchod<\/span><\/div>\n<\/td>\n<\/tr>\n<tr>\n<td colspan=\"1\" rowspan=\"1\">\n<div class=\"magic-15\"><span class=\"magic-17\">Pou\u017eit\u00ed<\/span><\/div>\n<\/td>\n<td colspan=\"1\" rowspan=\"1\">\n<div class=\"magic-16\"><span class=\"magic-17\">Od\u011bvy, oble\u010den\u00ed, ta\u0161ky, boty atd.<\/span><\/div>\n<\/td>\n<\/tr>\n<\/tbody>\n<\/table>\n<\/div>\n<\/div>\n<div class=\"J_module\">\n<div class=\"detail-decorate-json-renderer-container\">\n<div class=\"magic-1\">\n<div class=\"magic-5\">\n<div class=\"magic-6\">\n<div><\/div>\n<\/div>\n<div>\n<div class=\"auto-hide-last-sibling-br paragraph_1252f paragraph-element\">\n<div class=\"auto-hide-last-sibling-br paragraph_1252f paragraph-element\">\n<div class=\"auto-hide-last-sibling-br paragraph_1252f paragraph-element\">\n<p>&nbsp;<\/p>\n<div class=\"auto-hide-last-sibling-br paragraph_1252f paragraph-element\">\n<p><a href=\"https:\/\/rfid-laundry-tag.com\/cs\/\"><strong>RFID \u010dipy pro \u0161t\u00edtky UHF Wash Care<\/strong>\u00a0<\/a>nab\u00edzej\u00ed pohodln\u011bj\u0161\u00ed a k poko\u017ece \u0161etrn\u011bj\u0161\u00ed alternativu k tradi\u010dn\u00edm \u0161t\u00edtk\u016fm na oble\u010den\u00ed. Tyto \u0161t\u00edtky jsou navr\u017eeny pro snadnou integraci do od\u011bv\u016f a zefektiv\u0148uj\u00ed spr\u00e1vu oble\u010den\u00ed.<\/p>\n<\/div>\n<\/div>\n<\/div>\n<div><\/div>\n<div class=\"auto-hide-last-sibling-br paragraph_1252f paragraph-element\">\n<div class=\"auto-hide-last-sibling-br paragraph_1252f paragraph-element\">\n<h2 class=\"AnswerParser_AnswerParserH2__SIHnF\">Zlep\u0161ete viditelnost sv\u00e9ho dodavatelsk\u00e9ho \u0159et\u011bzce<\/h2>\n<p><span class=\"AnswerParser_TextContainer__z_Iiv\" data-testid=\"youchat-text\">Za\u010dlen\u011bn\u00edm na\u0161ich UHF RFID \u010dip\u016f pro ozna\u010dov\u00e1n\u00ed p\u00e9\u010de o od\u011bvy do va\u0161ich od\u011bv\u016f z\u00edsk\u00e1te bezprecedentn\u00ed p\u0159ehled o va\u0161em dodavatelsk\u00e9m \u0159et\u011bzci. Sledujte sv\u00e9 oble\u010den\u00ed od v\u00fdroby a\u017e po prodej, a to i b\u011bhem n\u011bkolika prac\u00edch cykl\u016f v pr\u016fmyslov\u00fdch pr\u00e1deln\u00e1ch.<\/span><span class=\"AnswerParser_TextContainer__z_Iiv\" data-testid=\"youchat-text\">Tato zv\u00fd\u0161en\u00e1 viditelnost v\u00e1m umo\u017e\u0148uje:<\/span><\/p>\n<ul class=\"AnswerParser_AnswerParserUnorderedList__P_1FW\">\n<li class=\"AnswerParser_ListItem__XqLOV\" translate=\"yes\">Sni\u017ete smr\u0161\u0165ov\u00e1n\u00ed a ztr\u00e1ty<\/li>\n<li class=\"AnswerParser_ListItem__XqLOV\" translate=\"yes\">Zlep\u0161ete efektivitu v\u00fdm\u011bny produkt\u016f<\/li>\n<li class=\"AnswerParser_ListItem__XqLOV\" translate=\"yes\">Optimalizujte stav z\u00e1sob<\/li>\n<li class=\"AnswerParser_ListItem__XqLOV\" translate=\"yes\">Zvy\u0161te spokojenost z\u00e1kazn\u00edk\u016f lep\u0161\u00ed dostupnost\u00ed produkt\u016f<\/li>\n<\/ul>\n<h2 class=\"AnswerParser_AnswerParserH2__SIHnF\">Snadn\u00e1 instalace a pou\u017eit\u00ed<\/h2>\n<p><span class=\"AnswerParser_TextContainer__z_Iiv\" data-testid=\"youchat-text\">Na\u0161e \u0161t\u00edtky RFID pro p\u00e9\u010di o pran\u00ed jsou navr\u017eeny pro bezprobl\u00e9movou integraci do va\u0161ich od\u011bv\u016f:<\/span><\/p>\n<ol class=\"AnswerParser_AnswerParserOrderedList__kl_2Y\">\n<li class=\"AnswerParser_ListItem__XqLOV\" translate=\"yes\"><strong>Mo\u017enost v\u0161it\u00ed<\/strong>: Tradi\u010dn\u00ed zp\u016fsob upevn\u011bn\u00ed pro dlouhou \u017eivotnost.<\/li>\n<li class=\"AnswerParser_ListItem__XqLOV\" translate=\"yes\"><strong>Na\u017eehlovac\u00ed aplikace<\/strong>: Rychl\u00e1 a snadn\u00e1 instalace pomoc\u00ed technologie p\u0159enosu tepla.<\/li>\n<\/ol>\n<p><span class=\"AnswerParser_TextContainer__z_Iiv\" data-testid=\"youchat-text\">Ob\u011b metody zaji\u0161\u0165uj\u00ed, \u017ee \u0161t\u00edtek z\u016fstane bezpe\u010dn\u011b p\u0159ipevn\u011bn po celou dobu \u017eivotnosti od\u011bvu.<\/span><\/p>\n<h3 class=\"auto-hide-last-sibling-br paragraph_1252f paragraph-element\"><strong>Zde je n\u011bkolik p\u0159\u00edklad\u016f toho, jak \u0161pi\u010dkov\u00e9 od\u011bvn\u00ed zna\u010dky \u00fasp\u011b\u0161n\u011b implementovaly RFID UHF \u0161t\u00edtky:<\/strong><\/h3>\n<ol class=\"auto-hide-last-sibling-br\">\n<li>\n<div class=\"auto-hide-last-sibling-br paragraph_1252f paragraph-element\"><strong>Prada<\/strong>: Tato slavn\u00e1 italsk\u00e1 luxusn\u00ed zna\u010dka p\u0159ijala v roce 2001 \u0161t\u00edtky RFID, kter\u00e9 umo\u017e\u0148uj\u00ed detailn\u00ed z\u00e1znam informac\u00ed, jako je styl, velikost, barva a cena. Zaj\u00edmav\u00e9 je, \u017ee kdy\u017e spot\u0159ebitel\u00e9 oble\u010den\u00ed Prada proch\u00e1zej\u00ed jejich obchody, na modelech v obchod\u011b se zobraz\u00ed odpov\u00eddaj\u00edc\u00ed oble\u010den\u00ed, kter\u00e9 napodobuje m\u00f3dn\u00ed dr\u00e1hu v Mil\u00e1n\u011b. Toto inovativn\u00ed vyu\u017eit\u00ed technologie RFID zvy\u0161uje spokojenost spot\u0159ebitel\u016f Prada po n\u00e1kupu.<\/div>\n<\/li>\n<li>\n<div class=\"auto-hide-last-sibling-br paragraph_1252f paragraph-element\"><strong>H&amp;M<\/strong>: Tato mezin\u00e1rodn\u00ed zna\u010dka za\u010dala pou\u017e\u00edvat technologii RFID v roce 2014. V pl\u00e1novan\u00fdch 1800 prodejn\u00e1ch umo\u017e\u0148uje technologie RFID automatick\u00e9 sledov\u00e1n\u00ed kategori\u00ed produkt\u016f, mno\u017estv\u00ed a spot\u0159eby.<\/div>\n<\/li>\n<li>\n<div class=\"auto-hide-last-sibling-br paragraph_1252f paragraph-element\"><strong>ZARA<\/strong>V prvn\u00ed polovin\u011b roku 2016 mate\u0159sk\u00e1 spole\u010dnost ZARA, Inditex, uvedla, \u017ee aplikace technologie RFID zlep\u0161ila \u0159\u00edzen\u00ed z\u00e1sob a dod\u00e1vek u p\u0159ibli\u017en\u011b 701 000 jej\u00edch zna\u010dek. Tato implementace vedla k n\u00e1r\u016fstu tr\u017eeb o 11 110 000 a ke zv\u00fd\u0161en\u00ed zisku o 7 510 000, co\u017e p\u0159edstavuje 1,26 miliardy eur.<\/div>\n<\/li>\n<li>\n<div class=\"auto-hide-last-sibling-br paragraph_1252f paragraph-element\"><strong>Uniqlo<\/strong>: V roce 2017 spole\u010dnost Uniqlo ozn\u00e1mila sv\u016fj pl\u00e1n nasadit RFID UHF \u0161t\u00edtky ve 3 000 obchodech po cel\u00e9m sv\u011bt\u011b, \u010d\u00edm\u017e se stala prvn\u00edm japonsk\u00fdm prodejcem, kter\u00fd pou\u017e\u00edv\u00e1 elektronick\u00e9 \u0161t\u00edtky po cel\u00e9m sv\u011bt\u011b.<\/div>\n<\/li>\n<\/ol>\n<div class=\"auto-hide-last-sibling-br paragraph_1252f paragraph-element\">Toto je jen n\u011bkolik poznatk\u016f o tom, jak p\u0159edn\u00ed zna\u010dky oble\u010den\u00ed vyu\u017e\u00edvaj\u00ed RFID \u0161t\u00edtky. V roce 2019 prakticky ka\u017ed\u00e1 sv\u011btov\u00e1 zna\u010dka aplikovala RFID \u0161t\u00edtky na sv\u00e9 od\u011bvy, co\u017e vedlo k v\u00edce ne\u017e 20 miliard\u00e1m ozna\u010den\u00fdch kus\u016f oble\u010den\u00ed \u2013 \u010d\u00edslo, kter\u00e9 st\u00e1le znateln\u011b roste. Mezi dal\u0161\u00ed v\u00fdznamn\u00e9 zna\u010dky, kter\u00e9 tuto technologii p\u0159ijaly, pat\u0159\u00ed NIKE a Walmart.<\/div>\n<\/div>\n<\/div>\n<\/div>\n<h2 class=\"AnswerParser_AnswerParserH2__SIHnF\">Kontaktujte n\u00e1s pro p\u0159izp\u016fsoben\u00e9 \u0159e\u0161en\u00ed<\/h2>\n<p><span class=\"AnswerParser_TextContainer__z_Iiv\" data-testid=\"youchat-text\">Jste p\u0159ipraveni na revoluci ve spr\u00e1v\u011b od\u011bv\u016f s na\u0161imi UHF RFID \u0161t\u00edtky pro p\u00e9\u010di o pran\u00ed? Jsme tu, abychom v\u00e1m pomohli naj\u00edt perfektn\u00ed \u0159e\u0161en\u00ed pro va\u0161e pot\u0159eby.<\/span><\/p>\n<ul class=\"AnswerParser_AnswerParserUnorderedList__P_1FW\">\n<li class=\"AnswerParser_ListItem__XqLOV\" translate=\"yes\"><strong>Zdarma vzorky<\/strong>: Vy\u017e\u00e1dejte si vzorky zdarma k testov\u00e1n\u00ed ve va\u0161em prost\u0159ed\u00ed.<\/li>\n<li class=\"AnswerParser_ListItem__XqLOV\" translate=\"yes\"><strong>P\u0159izp\u016fsoben\u00ed<\/strong>: Dejte n\u00e1m v\u011bd\u011bt sv\u00e9 konkr\u00e9tn\u00ed po\u017eadavky na \u0159e\u0161en\u00ed na m\u00edru.<\/li>\n<li class=\"AnswerParser_ListItem__XqLOV\" translate=\"yes\"><strong>Odborn\u00e1 konzultace<\/strong>: N\u00e1\u0161 t\u00fdm RFID specialist\u016f je p\u0159ipraven zodpov\u011bd\u011bt va\u0161e dotazy.<\/li>\n<\/ul>\n<p>Stru\u010dn\u011b \u0159e\u010deno, UHF sat\u00e9nov\u00e9 etikety pro p\u00e9\u010di v sob\u011b spojuj\u00ed pohodl\u00ed, prakti\u010dnost a pokro\u010dilou technologii, co\u017e z nich \u010din\u00ed vynikaj\u00edc\u00ed volbu pro v\u00fdrobce i spot\u0159ebitele, kte\u0159\u00ed hledaj\u00ed lep\u0161\u00ed \u0159e\u0161en\u00ed ozna\u010dov\u00e1n\u00ed.<\/p>\n<p>&nbsp;<\/p>\n<\/div>\n<\/div>\n<\/div>\n<\/div>\n<\/div>","protected":false},"excerpt":{"rendered":"<p><strong>UHF Wash Care Label RFID \u010dipy v od\u011bvu<\/strong>\u00a0Nab\u00edz\u00edme pohodln\u011bj\u0161\u00ed a k poko\u017ece \u0161etrn\u011bj\u0161\u00ed alternativu k tradi\u010dn\u00edm od\u011bvn\u00edm zna\u010dk\u00e1m s v\u00edce ne\u017e 15 lety zku\u0161enost\u00ed!<\/p>","protected":false},"featured_media":3192,"template":"","meta":{"_kad_post_transparent":"default","_kad_post_title":"","_kad_post_layout":"default","_kad_post_sidebar_id":"","_kad_post_content_style":"default","_kad_post_vertical_padding":"default","_kad_post_feature":"","_kad_post_feature_position":"","_kad_post_header":false,"_kad_post_footer":false,"_kad_post_classname":""},"product_brand":[],"product_cat":[81],"product_tag":[389,390,388,391],"class_list":{"0":"post-3191","1":"product","2":"type-product","3":"status-publish","4":"has-post-thumbnail","6":"product_cat-rfid-wash-care-clothing-label","7":"product_tag-rfid-chips-in-garment","8":"product_tag-uhf-wash-care-labe","9":"product_tag-uhf-wash-care-label-rfid-chips-in-garment","10":"product_tag-wash-care-label-rfid","12":"first","13":"instock","14":"shipping-taxable","15":"product-type-simple","16":"entry","17":"content-bg","18":"loop-entry"},"_links":{"self":[{"href":"https:\/\/rfid-laundry-tag.com\/cs\/wp-json\/wp\/v2\/product\/3191","targetHints":{"allow":["GET"]}}],"collection":[{"href":"https:\/\/rfid-laundry-tag.com\/cs\/wp-json\/wp\/v2\/product"}],"about":[{"href":"https:\/\/rfid-laundry-tag.com\/cs\/wp-json\/wp\/v2\/types\/product"}],"version-history":[{"count":1,"href":"https:\/\/rfid-laundry-tag.com\/cs\/wp-json\/wp\/v2\/product\/3191\/revisions"}],"predecessor-version":[{"id":3194,"href":"https:\/\/rfid-laundry-tag.com\/cs\/wp-json\/wp\/v2\/product\/3191\/revisions\/3194"}],"wp:featuredmedia":[{"embeddable":true,"href":"https:\/\/rfid-laundry-tag.com\/cs\/wp-json\/wp\/v2\/media\/3192"}],"wp:attachment":[{"href":"https:\/\/rfid-laundry-tag.com\/cs\/wp-json\/wp\/v2\/media?parent=3191"}],"wp:term":[{"taxonomy":"product_brand","embeddable":true,"href":"https:\/\/rfid-laundry-tag.com\/cs\/wp-json\/wp\/v2\/product_brand?post=3191"},{"taxonomy":"product_cat","embeddable":true,"href":"https:\/\/rfid-laundry-tag.com\/cs\/wp-json\/wp\/v2\/product_cat?post=3191"},{"taxonomy":"product_tag","embeddable":true,"href":"https:\/\/rfid-laundry-tag.com\/cs\/wp-json\/wp\/v2\/product_tag?post=3191"}],"curies":[{"name":"wp","href":"https:\/\/api.w.org\/{rel}","templated":true}]}}