{"id":319,"date":"2024-06-28T06:17:02","date_gmt":"2024-06-28T06:17:02","guid":{"rendered":"https:\/\/rfid-laundry-tag.com\/?post_type=product&#038;p=319"},"modified":"2024-09-23T10:21:27","modified_gmt":"2024-09-23T10:21:27","slug":"iso15693-i-code-slix-rfid-inlay","status":"publish","type":"product","link":"https:\/\/rfid-laundry-tag.com\/cs\/iso15693-i-code-slix-rfid-inlay\/","title":{"rendered":"ISO15693 ICODE SLIX RFID vlo\u017eka"},"content":{"rendered":"<table class=\"hight-light-first-column all magic-1\">\n<tbody>\n<tr>\n<td colspan=\"1\" rowspan=\"1\">\n<div class=\"magic-2\">\n<div class=\"magic-3\" data-spm-anchor-id=\"a2700.pc-decorate.0.i24.7f543333WPG8F0\"><span class=\"magic-4\" data-spm-anchor-id=\"a2700.pc-decorate.0.i23.7f543333WPG8F0\"><span class=\"magic-5\" style=\"color: #000000; font-family: Roboto;\"><b class=\"magic-4\" data-spm-anchor-id=\"a2700.pc-decorate.0.i114.7f543333WPG8F0\">Polo\u017eka<\/b><\/span><\/span><\/div>\n<\/div>\n<\/td>\n<td colspan=\"4\" rowspan=\"1\">\n<div class=\"magic-6\"><strong>ISO15693 ICODE SLIX RFID vlo\u017eka<\/strong><\/div>\n<\/td>\n<\/tr>\n<tr>\n<td colspan=\"1\" rowspan=\"1\">\n<div class=\"magic-2\">\n<div class=\"magic-3\" data-spm-anchor-id=\"a2700.pc-decorate.0.i22.7f543333WPG8F0\"><span class=\"magic-4\" data-spm-anchor-id=\"a2700.pc-decorate.0.i10.7f543333WPG8F0\"><b class=\"magic-4\"><span class=\"magic-5\" style=\"color: #000000; font-family: Roboto;\">Materi\u00e1l<\/span><\/b><\/span><\/div>\n<\/div>\n<\/td>\n<td colspan=\"4\" rowspan=\"1\">\n<div class=\"magic-9\"><span class=\"magic-5\" style=\"color: #000000;\">Pap\u00edr \/ PP f\u00f3lie \/ PET \/ vlo\u017eka<\/span><\/div>\n<\/td>\n<\/tr>\n<tr>\n<td colspan=\"1\" rowspan=\"1\">\n<div class=\"magic-2\">\n<div class=\"magic-3\" data-spm-anchor-id=\"a2700.pc-decorate.0.i34.7f543333WPG8F0\"><b class=\"magic-13\" data-spm-anchor-id=\"a2700.pc-decorate.0.i111.7f543333WPG8F0\"><span class=\"magic-5\" style=\"color: #000000; font-family: Roboto;\">Frekvence<\/span><\/b><\/div>\n<\/div>\n<\/td>\n<td colspan=\"4\" rowspan=\"1\">\n<div class=\"magic-6\"><span class=\"magic-5\" style=\"color: #000000; font-family: Roboto;\" data-spm-anchor-id=\"a2700.details.0.i25.244e512bmtbZH7\">13,56 MHz<\/span><\/div>\n<\/td>\n<\/tr>\n<tr>\n<td colspan=\"1\" rowspan=\"1\">\n<div class=\"magic-2\">\n<div class=\"magic-3\" data-spm-anchor-id=\"a2700.pc-decorate.0.i33.7f543333WPG8F0\"><b class=\"magic-4\"><span class=\"magic-5\" style=\"color: #000000; font-family: Roboto;\">Velikost<\/span><\/b><\/div>\n<\/div>\n<\/td>\n<td colspan=\"4\" rowspan=\"1\">\n<div class=\"magic-9\"><span class=\"magic-5\" style=\"color: #000000;\">50 * 50\/45 * 45\/30 * 15\/40 * 25 \/ Dia 25\/30 nebo p\u0159izp\u016fsoben\u00e1 velikost<\/span><\/div>\n<\/td>\n<\/tr>\n<tr>\n<td colspan=\"1\" rowspan=\"1\">\n<div class=\"magic-2\">\n<div class=\"magic-3\"><b class=\"magic-14\">Aplikace<\/b><\/div>\n<\/div>\n<\/td>\n<td colspan=\"4\" rowspan=\"1\">\n<div class=\"magic-6\" data-spm-anchor-id=\"a2700.details.0.i24.244e512bmtbZH7\"><span class=\"magic-5\" style=\"color: #000000; font-family: Roboto;\">\u0160iroce se pou\u017e\u00edv\u00e1 p\u0159i spr\u00e1v\u011b majetku, spr\u00e1v\u011b od\u011bv\u016f, invent\u00e1\u0159i, knihovn\u011b, klenotnictv\u00ed, logistice atd.<\/span><\/div>\n<\/td>\n<\/tr>\n<\/tbody>\n<\/table>\n<p>&nbsp;<\/p>\n<p>ICODE SLIX IC je vyhrazen\u00fd \u010dip pro inteligentn\u00ed aplikace \u0161t\u00edtk\u016f, jako jsou knihovny, autentizace produkt\u016f v r\u016fzn\u00fdch pr\u016fmyslov\u00fdch odv\u011btv\u00edch, jako je farmaceutick\u00fd pr\u016fmysl, l\u00e9ka\u0159sk\u00e1 za\u0159\u00edzen\u00ed a alkohol, stejn\u011b jako \u0159\u00edzen\u00ed v\u00fdroby v r\u016fzn\u00fdch oblastech pr\u016fmyslu. Tento integrovan\u00fd obvod je t\u0159et\u00ed generac\u00ed produktov\u00e9 \u0159ady inteligentn\u00edch \u0161t\u00edtkov\u00fdch integrovan\u00fdch obvod\u016f zalo\u017een\u00fdch na norm\u00e1ch ISO ISO\/IEC 15693 a ISO\/IEC 18000-3, co\u017e prodlu\u017euje \u00fasp\u011b\u0161n\u00fd p\u0159\u00edb\u011bh NXP.<sup>\u00ae<\/sup>\u00a0v oblasti syst\u00e9m\u016f identifikace bl\u00edzkosti.<\/p>\n<h3>Bezkontaktn\u00ed p\u0159enos energie a dat<\/h3>\n<p>Kdykoli je ICODE SLIX IC p\u0159ipojen k velmi jednoduch\u00e9mu a snadno vyrobiteln\u00e9mu typu ant\u00e9ny (v d\u016fsledku nosn\u00e9 frekvence 13,56 MHz) vyroben\u00e9 z n\u011bkolika vinut\u00ed poti\u0161t\u011bn\u00fdch, navinut\u00fdch, leptan\u00fdch nebo d\u011brovan\u00fdch c\u00edvek, lze zorn\u00e9 pole do vzd\u00e1lenosti 1,5 m (\u0161\u00ed\u0159ka br\u00e1ny). Nen\u00ed pot\u0159eba \u017e\u00e1dn\u00e1 baterie. Kdy\u017e je inteligentn\u00ed \u0161t\u00edtek um\u00edst\u011bn v poli dotazovac\u00ed ant\u00e9ny, vysokorychlostn\u00ed RF komunika\u010dn\u00ed rozhran\u00ed umo\u017e\u0148uje p\u0159enos dat rychlost\u00ed a\u017e 53 kbit\/s.<\/p>\n<h3>Antikolizn\u00ed<\/h3>\n<p>Inteligentn\u00ed antikolizn\u00ed funkce umo\u017e\u0148uje, aby v ter\u00e9nu fungovalo n\u011bkolik tag\u016f sou\u010dasn\u011b. Antikolizn\u00ed algoritmus vybere ka\u017ed\u00fd tag jednotliv\u011b a zajist\u00ed, \u017ee proveden\u00ed transakce s vybran\u00fdm tagem prob\u011bhne spr\u00e1vn\u011b bez po\u0161kozen\u00ed dat v d\u016fsledku jin\u00fdch tag\u016f v poli.<\/p>\n<h3>Vlastnosti vkl\u00e1dac\u00edho \u010dipu ISO15693 ICODE SLIX RFID<\/h3>\n<div id=\"featuresXsp\" class=\"features-list\">\n<div class=\"features-xsp\">\n<div class=\"collapse-mobile ste-list\">\n<h3>RF rozhran\u00ed ICODE SLIX (ISO\/IEC 15693)<\/h3>\n<ul class=\"boxes\">\n<li>Bezkontaktn\u00ed p\u0159enos dat a nap\u00e1jen\u00ed (nen\u00ed pot\u0159eba baterie)<\/li>\n<li>Provozn\u00ed vzd\u00e1lenost: a\u017e 1,5 m (v z\u00e1vislosti na geometrii ant\u00e9ny)<\/li>\n<li>Provozn\u00ed frekvence: 13,56 MHz (ISM, celosv\u011btov\u00e1 licence voln\u011b dostupn\u00e1)<\/li>\n<li>Rychl\u00fd p\u0159enos dat: a\u017e 53 kbit\/s<\/li>\n<li>Vysok\u00e1 integrita dat: 16bitov\u00fd CRC, r\u00e1mov\u00e1n\u00ed<\/li>\n<li>Opravdov\u00e1 antisr\u00e1\u017eka<\/li>\n<li>Elektronick\u00fd dohled nad \u010dl\u00e1nky (EAS) chr\u00e1n\u011bn\u00fd heslem<\/li>\n<li>Heslem chr\u00e1n\u011bn\u00fd identifik\u00e1tor aplika\u010dn\u00ed rodiny (AFI)<\/li>\n<li>Identifik\u00e1tor form\u00e1tu datov\u00e9ho \u00falo\u017ei\u0161t\u011b (DSFID)<\/li>\n<li>Dodate\u010dn\u00e9 rychl\u00e9 antikolizn\u00ed \u010dten\u00ed<\/li>\n<li>Vzd\u00e1lenost z\u00e1pisu se rovn\u00e1 vzd\u00e1lenosti \u010dten\u00ed<\/li>\n<\/ul>\n<\/div>\n<div class=\"collapse-mobile ste-list\">\n<h3>EEPROM<\/h3>\n<ul class=\"boxes\">\n<li>1024 bit\u016f, organizovan\u00fdch ve 32 bloc\u00edch po 4 bytech<\/li>\n<li>50 let uchov\u00e1v\u00e1n\u00ed dat<\/li>\n<li>Zapi\u0161te v\u00fddr\u017e 100 000 cykl\u016f<\/li>\n<\/ul>\n<\/div>\n<div class=\"collapse-mobile ste-list\">\n<h3>Bezpe\u010dnostn\u00ed<\/h3>\n<ul class=\"boxes\">\n<li>Jedine\u010dn\u00fd identifik\u00e1tor pro ka\u017ed\u00e9 za\u0159\u00edzen\u00ed<\/li>\n<li>Mechanismus z\u00e1mku pro ka\u017ed\u00fd blok u\u017eivatelsk\u00e9 pam\u011bti (ochrana proti z\u00e1pisu)<\/li>\n<li>Zamykac\u00ed mechanismus pro DSFID, AFI, EAS<\/li>\n<li>Funkce EAS a AFI chr\u00e1n\u011bn\u00e9 heslem (32 bit\u016f).<\/li>\n<\/ul>\n<\/div>\n<\/div>\n<\/div>\n<div class=\"auto-hide-last-sibling-br paragraph_9dc5f paragraph-element\"><strong>ISO15693 ICODE SLIX RFID vlo\u017eka:<\/strong>\u00a0Vlo\u017eka RFID se skl\u00e1d\u00e1 z ant\u00e9ny a mikro\u010dipu, kde \u010dip ukl\u00e1d\u00e1 data a ant\u00e9na je zodpov\u011bdn\u00e1 za p\u0159enos t\u011bchto dat do \u010dte\u010dky RFID.<\/div>\n<p>&nbsp;<\/p>\n<div class=\"auto-hide-last-sibling-br paragraph_9dc5f paragraph-element\"><strong>Mokr\u00e9 vlo\u017eky:<\/strong>\u00a0Jedn\u00e1 se o RFID vlo\u017eky, kter\u00e9 se umis\u0165uj\u00ed na lepic\u00ed vrstvu a \u010dirou vrstvu PET (polyethylentereftal\u00e1t). PET vrstva slou\u017e\u00ed k ochran\u011b p\u0159ed fyzick\u00fdm po\u0161kozen\u00edm. S lepic\u00ed stranou odvr\u00e1cenou od \u0161t\u00edtku nebo materi\u00e1lu je lze pohodln\u011b pou\u017e\u00edt ke konstrukci \u0161t\u00edtk\u016f RFID, a proto maj\u00ed \u0161irok\u00e9 uplatn\u011bn\u00ed p\u0159i vytv\u00e1\u0159en\u00ed \u0161t\u00edtk\u016f pro r\u016fzn\u00e1 odv\u011btv\u00ed.<\/div>\n<div><\/div>\n<div>\n<div class=\"auto-hide-last-sibling-br paragraph_9dc5f paragraph-element\">\u00a0ISO15693 ICODE SLIX NFC Tag, vyroben\u00fd z r\u016fzn\u00fdch materi\u00e1l\u016f, jako je pap\u00edr, PP f\u00f3lie, PET nebo intarzie, a v r\u016fzn\u00fdch velikostech, je \u0161iroce pou\u017e\u00edv\u00e1n. \u010casto je najdete v odv\u011btv\u00edch, jako jsou:<\/div>\n<p>&nbsp;<\/p>\n<ul class=\"auto-hide-last-sibling-br\">\n<li><strong>Spr\u00e1va aktiv:<\/strong>\u00a0Tagy se pou\u017e\u00edvaj\u00ed ke sledov\u00e1n\u00ed fyzick\u00fdch aktiv v r\u016fzn\u00fdch nastaven\u00edch, jako je monitorovac\u00ed za\u0159\u00edzen\u00ed ve zdravotnictv\u00ed nebo IT.<\/li>\n<li><strong>Spr\u00e1va oble\u010den\u00ed:<\/strong>\u00a0V maloobchod\u011b s m\u00f3dou tyto zna\u010dky usnad\u0148uj\u00ed sledov\u00e1n\u00ed z\u00e1sob, opat\u0159en\u00ed proti kr\u00e1de\u017ei a zlep\u0161uj\u00ed z\u00e1kaznickou zku\u0161enost v obchod\u011b.<\/li>\n<li><strong>Spr\u00e1va z\u00e1sob:<\/strong>\u00a0Ve skladech a maloobchod\u011b se RFID \u0161t\u00edtky pou\u017e\u00edvaj\u00ed k efektivn\u00ed spr\u00e1v\u011b z\u00e1sob, sn\u00ed\u017een\u00ed ru\u010dn\u00ed pr\u00e1ce a minimalizaci chyb.<\/li>\n<li><strong>Spr\u00e1va knihovny:<\/strong>\u00a0Pou\u017e\u00edvaj\u00ed se k automatizaci proces\u016f p\u016fj\u010dov\u00e1n\u00ed a vracen\u00ed, zlep\u0161en\u00ed \u0159\u00edzen\u00ed z\u00e1sob a nab\u00edz\u00ed zabezpe\u010den\u00ed proti kr\u00e1de\u017ei.<\/li>\n<li><strong>Spr\u00e1va \u0161perk\u016f:<\/strong>\u00a0Tyto lehk\u00e9 a p\u0159esn\u00e9 \u0161t\u00edtky nab\u00edzej\u00ed bezpe\u010dnou a efektivn\u00ed kontrolu z\u00e1sob v klenotnick\u00e9m pr\u016fmyslu.<\/li>\n<li><strong>logistika:<\/strong> RFID \u0161t\u00edtky se pou\u017e\u00edvaj\u00ed p\u0159i sledov\u00e1n\u00ed zbo\u017e\u00ed p\u0159i p\u0159eprav\u011b, zlep\u0161uj\u00ed p\u0159esnost p\u0159epravy a zlep\u0161uj\u00ed viditelnost v dodavatelsk\u00e9m \u0159et\u011bzci.<\/li>\n<\/ul>\n<div class=\"auto-hide-last-sibling-br paragraph_9dc5f paragraph-element\">Velikost a tvar \u0161t\u00edtku lze p\u0159izp\u016fsobit podle konkr\u00e9tn\u00ed aplikace, co\u017e zvy\u0161uje jeho flexibilitu a p\u0159izp\u016fsobivost v r\u016fzn\u00fdch p\u0159\u00edpadech pou\u017eit\u00ed.<\/div>\n<\/div>\n<div><\/div>\n<div>\n<h2 class=\"AnswerParser_AnswerParserH2__SIHnF\">Za\u010dn\u011bte s NXP ICODE SLIX RFID je\u0161t\u011b dnes<\/h2>\n<p><span class=\"AnswerParser_TextContainer__z_Iiv\" data-testid=\"youchat-text\">Jste p\u0159ipraveni zm\u011bnit sv\u00e9 procesy spr\u00e1vy majetku a ov\u011b\u0159ov\u00e1n\u00ed? Ud\u011blejte prvn\u00ed krok k efektivn\u011bj\u0161\u00ed budoucnosti:<\/span><\/p>\n<ol class=\"AnswerParser_AnswerParserOrderedList__kl_2Y\">\n<li class=\"AnswerParser_ListItem__XqLOV\" translate=\"yes\"><strong>Vy\u017e\u00e1dejte si bezplatn\u00fd vzorek<\/strong>: Vyzkou\u0161ejte kvalitu a v\u00fdkon z prvn\u00ed ruky<\/li>\n<li class=\"AnswerParser_ListItem__XqLOV\" translate=\"yes\"><strong>Pora\u010fte se s\u00a0na\u0161imi odborn\u00edky<\/strong>: Z\u00edskejte personalizovan\u00e9 rady ohledn\u011b implementace RFID ve va\u0161em podnik\u00e1n\u00ed<\/li>\n<li class=\"AnswerParser_ListItem__XqLOV\" translate=\"yes\"><strong>Vlastn\u00ed nab\u00eddka<\/strong>: Z\u00edskejte cenov\u00fd pl\u00e1n na m\u00edru na z\u00e1klad\u011b va\u0161ich specifick\u00fdch pot\u0159eb a po\u017eadavk\u016f na objem<\/li>\n<\/ol>\n<p><span class=\"AnswerParser_TextContainer__z_Iiv\" data-testid=\"youchat-text\">Nedovolte, aby zastaral\u00e9 metody sledov\u00e1n\u00ed brzdily va\u0161e podnik\u00e1n\u00ed. Vyu\u017eijte s\u00edlu technologie NXP ICODE SLIX RFID a z\u016fsta\u0148te p\u0159ed konkurenc\u00ed. Vypl\u0148te n\u00e1\u0161 popt\u00e1vkov\u00fd formul\u00e1\u0159 je\u0161t\u011b dnes a za\u010dn\u011bte svou cestu k chyt\u0159ej\u0161\u00edm a efektivn\u011bj\u0161\u00edm operac\u00edm.<\/span><\/div>","protected":false},"excerpt":{"rendered":"<p>Revolu\u010dn\u00ed spr\u00e1va aktiv s vlo\u017ekou NXP ICODE SLIX 13,56 MHz RFID, kter\u00e1 zvy\u0161uje efektivitu skladov\u00fdch z\u00e1sob a autentizaci produkt\u016f v r\u016fzn\u00fdch odv\u011btv\u00edch.<\/p>","protected":false},"featured_media":320,"template":"","meta":{"_kad_post_transparent":"default","_kad_post_title":"","_kad_post_layout":"default","_kad_post_sidebar_id":"","_kad_post_content_style":"default","_kad_post_vertical_padding":"default","_kad_post_feature":"","_kad_post_feature_position":"","_kad_post_header":false,"_kad_post_footer":false,"_kad_post_classname":""},"product_brand":[],"product_cat":[54,189],"product_tag":[306,111,108],"class_list":{"0":"post-319","1":"product","2":"type-product","3":"status-publish","4":"has-post-thumbnail","6":"product_cat-hot-selling-rfid-tags","7":"product_cat-rfid-inlay","8":"product_tag-icode-slix-rfid-inlay","9":"product_tag-nfc-inlay","10":"product_tag-rfid-inlay","12":"first","13":"instock","14":"shipping-taxable","15":"product-type-simple","16":"entry","17":"content-bg","18":"loop-entry"},"_links":{"self":[{"href":"https:\/\/rfid-laundry-tag.com\/cs\/wp-json\/wp\/v2\/product\/319","targetHints":{"allow":["GET"]}}],"collection":[{"href":"https:\/\/rfid-laundry-tag.com\/cs\/wp-json\/wp\/v2\/product"}],"about":[{"href":"https:\/\/rfid-laundry-tag.com\/cs\/wp-json\/wp\/v2\/types\/product"}],"version-history":[{"count":3,"href":"https:\/\/rfid-laundry-tag.com\/cs\/wp-json\/wp\/v2\/product\/319\/revisions"}],"predecessor-version":[{"id":2656,"href":"https:\/\/rfid-laundry-tag.com\/cs\/wp-json\/wp\/v2\/product\/319\/revisions\/2656"}],"wp:featuredmedia":[{"embeddable":true,"href":"https:\/\/rfid-laundry-tag.com\/cs\/wp-json\/wp\/v2\/media\/320"}],"wp:attachment":[{"href":"https:\/\/rfid-laundry-tag.com\/cs\/wp-json\/wp\/v2\/media?parent=319"}],"wp:term":[{"taxonomy":"product_brand","embeddable":true,"href":"https:\/\/rfid-laundry-tag.com\/cs\/wp-json\/wp\/v2\/product_brand?post=319"},{"taxonomy":"product_cat","embeddable":true,"href":"https:\/\/rfid-laundry-tag.com\/cs\/wp-json\/wp\/v2\/product_cat?post=319"},{"taxonomy":"product_tag","embeddable":true,"href":"https:\/\/rfid-laundry-tag.com\/cs\/wp-json\/wp\/v2\/product_tag?post=319"}],"curies":[{"name":"wp","href":"https:\/\/api.w.org\/{rel}","templated":true}]}}