{"id":3186,"date":"2026-01-09T13:37:43","date_gmt":"2026-01-09T13:37:43","guid":{"rendered":"https:\/\/rfid-laundry-tag.com\/?post_type=product&#038;p=3186"},"modified":"2026-01-09T13:37:44","modified_gmt":"2026-01-09T13:37:44","slug":"fabric-woven-rfid-wash-care-tag","status":"publish","type":"product","link":"https:\/\/rfid-laundry-tag.com\/cs\/fabric-woven-rfid-wash-care-tag\/","title":{"rendered":"Tkan\u00e1 RFID visa\u010dka na pran\u00ed"},"content":{"rendered":"<div>\n<div>\n<table>\n<tbody>\n<tr>\n<td colspan=\"1\" rowspan=\"1\">\n<div data-spm-anchor-id=\"a2700.details.0.i95.236a58c1ycsfva\">N\u00e1zev produkce:<\/div>\n<\/td>\n<td colspan=\"1\" rowspan=\"1\">\n<div><strong>Tkan\u00e1 RFID visa\u010dka na pran\u00ed<\/strong><\/div>\n<\/td>\n<\/tr>\n<tr>\n<td colspan=\"1\" rowspan=\"1\">\n<div>Materi\u00e1l:<\/div>\n<\/td>\n<td colspan=\"1\" rowspan=\"1\">\n<div>Polyester\/tkan\u00fd\/slo\u017een\u00fd\/sat\u00e9n\/bavlna\/netkan\u00fd\/PET atd.<\/div>\n<\/td>\n<\/tr>\n<tr>\n<td colspan=\"1\" rowspan=\"1\">\n<div>Velikost:<\/div>\n<\/td>\n<td colspan=\"1\" rowspan=\"1\">\n<div>80*38 mm\/60*30 mm\/61*26 mm\/60*22 mm\/ atd. nebo na m\u00edru<\/div>\n<\/td>\n<\/tr>\n<tr>\n<td colspan=\"1\" rowspan=\"1\">\n<div>Typ:<\/div>\n<\/td>\n<td colspan=\"1\" rowspan=\"1\">\n<div>Pasivn\u00ed, RFID<\/div>\n<\/td>\n<\/tr>\n<tr>\n<td colspan=\"1\" rowspan=\"1\">\n<div>RF protokol:<\/div>\n<\/td>\n<td colspan=\"1\" rowspan=\"1\">\n<div>ISO 18000-6C; EPC Class 1 Gen 2<\/div>\n<\/td>\n<\/tr>\n<tr>\n<td colspan=\"1\" rowspan=\"1\">\n<div>Frekvence:<\/div>\n<\/td>\n<td colspan=\"1\" rowspan=\"1\">\n<div>860~960 MHz<\/div>\n<\/td>\n<\/tr>\n<tr>\n<td colspan=\"1\" rowspan=\"1\">\n<div>\u010cip<\/div>\n<\/td>\n<td colspan=\"1\" rowspan=\"1\">\n<div>U8, U9, Alien Higgs, Monza 4D, Monza 4QT, Monza R6, Monza R6-P, Impinj M730, Impinj M750 atd.<\/div>\n<\/td>\n<\/tr>\n<tr>\n<td colspan=\"1\" rowspan=\"1\">\n<div>Vzd\u00e1lenost \u010dten\u00ed:<\/div>\n<\/td>\n<td colspan=\"1\" rowspan=\"1\">\n<div>UHF: 1~10m (z\u00e1vis\u00ed na \u010dte\u010dce a ant\u00e9n\u011b)<\/div>\n<\/td>\n<\/tr>\n<tr>\n<td colspan=\"1\" rowspan=\"1\">\n<div>Pevn\u00fd zp\u016fsob:<\/div>\n<\/td>\n<td colspan=\"1\" rowspan=\"1\">\n<div>\u0160it\u00ed \/ \u017eehlen\u00ed<\/div>\n<\/td>\n<\/tr>\n<tr>\n<td colspan=\"1\" rowspan=\"1\">\n<div>Tisk:<\/div>\n<\/td>\n<td colspan=\"1\" rowspan=\"1\">\n<div>Tisk, k\u00f3dov\u00e1n\u00ed, s\u00e9riov\u00e9 \u010d\u00edslo, design atd.<\/div>\n<\/td>\n<\/tr>\n<tr>\n<td colspan=\"1\" rowspan=\"1\">\n<div>\u017divotnost IC:<\/div>\n<\/td>\n<td colspan=\"1\" rowspan=\"1\">\n<div data-spm-anchor-id=\"a2700.details.0.i94.236a58c1ycsfva\">100 000 programovac\u00edch cykl\u016f<br \/>\n10 let uchov\u00e1v\u00e1n\u00ed dat<\/div>\n<\/td>\n<\/tr>\n<tr>\n<td colspan=\"1\" rowspan=\"1\">\n<div>Vzorov\u00e1 dostupnost:<\/div>\n<\/td>\n<td colspan=\"1\" rowspan=\"1\">\n<div>Vzorky zdarma jsou k dispozici na vy\u017e\u00e1d\u00e1n\u00ed<\/div>\n<\/td>\n<\/tr>\n<tr>\n<td colspan=\"1\" rowspan=\"1\">\n<div>Aplikace:<\/div>\n<\/td>\n<td colspan=\"1\" rowspan=\"1\">\n<div>\u00b7 \u0158\u00edzen\u00ed z\u00e1sob<br \/>\n\u00b7 Dodavatelsk\u00fd \u0159et\u011bzec<br \/>\n\u00b7 Maloobchod<\/div>\n<\/td>\n<\/tr>\n<tr>\n<td colspan=\"1\" rowspan=\"1\">\n<div>Pou\u017eit\u00ed<\/div>\n<\/td>\n<td colspan=\"1\" rowspan=\"1\">\n<div>Od\u011bvy, oble\u010den\u00ed, ta\u0161ky, boty atd.<\/div>\n<\/td>\n<\/tr>\n<\/tbody>\n<\/table>\n<\/div>\n<\/div>\n<div>\n<div>\n<div>\n<div>\n<div>\n<div><\/div>\n<\/div>\n<div>\n<div>\n<h2>Nylonov\u00fd materi\u00e1l je m\u011bkk\u00fd a odoln\u00fd proti opot\u0159eben\u00ed<\/h2>\n<div><a href=\"https:\/\/rfid-laundry-tag.com\/cs\/\">Tkan\u00e1 RFID visa\u010dka na pran\u00ed<\/a>\u00a0Nylonov\u00fd materi\u00e1l m\u00e1 dobrou hou\u017eevnatost, hladk\u00fd materi\u00e1l a vynikaj\u00edc\u00ed tiskov\u00e9 efekty, lze jej pr\u00e1t bez snadn\u00e9ho opot\u0159eben\u00ed.<\/div>\n<div>V sou\u010dasn\u00e9 dob\u011b se \u0161iroce pou\u017e\u00edv\u00e1 v od\u011bvech, obuvi, ta\u0161k\u00e1ch, bytov\u00e9m textilii a v oblasti hotelov\u00e9ho pr\u00e1dla.<\/div>\n<\/div>\n<\/div>\n<\/div>\n<div><\/div>\n<div>Tkan\u00e1 RFID \u0161t\u00edtek na pran\u00ed s vestav\u011bn\u00fdm UHF \u010dipem a mo\u017enost\u00ed \u010dten\u00ed na dlouhou vzd\u00e1lenost<br \/>\nVybaven UHF \u010dipem, lze jej p\u0159epsat<br \/>\nA\u017e 100 000kr\u00e1t lze data uchov\u00e1vat po dobu 10 let a nab\u00edz\u00ed stabiln\u00ed a spolehliv\u00fd v\u00fdkon.<\/div>\n<\/div>\n<div><\/div>\n<div>Tkan\u00e1 RFID \u0161t\u00edtek na pran\u00ed s podporou p\u0159izp\u016fsoben\u00ed, voln\u00fd design a rozvr\u017een\u00ed<br \/>\nP\u0159izp\u016fsobiteln\u00e9 s k\u00f3dov\u00e1n\u00edm, logem, 1D\/2D \u010d\u00e1rov\u00fdmi k\u00f3dy dle po\u017eadavku,<\/div>\n<div>a tak\u00e9 k dispozici ve vlastn\u00edch velikostech, modelech \u010dip\u016f, barv\u00e1ch atd.<\/div>\n<div>\n<div><\/div>\n<div>\n<div>\n<div>\n<div>\n<div>\n<h2>Snadn\u00e1 instalace a pou\u017eit\u00ed<\/h2>\n<p>Na\u0161e tkan\u00e9 RFID visa\u010dky pro pran\u00ed jsou navr\u017eeny pro bezprobl\u00e9movou integraci do va\u0161ich od\u011bv\u016f:<\/p>\n<ol>\n<li translate=\"yes\">Mo\u017enost p\u0159i\u0161it\u00ed: Tradi\u010dn\u00ed metoda p\u0159ipevn\u011bn\u00ed pro v\u011bt\u0161\u00ed odolnost.<\/li>\n<li translate=\"yes\">Na\u017eehlovac\u00ed aplikace: Rychl\u00e1 a snadn\u00e1 instalace pomoc\u00ed technologie p\u0159enosu tepla.<\/li>\n<\/ol>\n<p>Ob\u011b metody zaji\u0161\u0165uj\u00ed, \u017ee RFID \u0161t\u00edtek z\u016fstane bezpe\u010dn\u011b p\u0159ipevn\u011bn po celou dobu \u017eivotnosti od\u011bvu.<\/p>\n<h3>Zde je n\u011bkolik p\u0159\u00edklad\u016f, jak \u0161pi\u010dkov\u00e9 zna\u010dky od\u011bv\u016f \u00fasp\u011b\u0161n\u011b implementovaly tkan\u00e9 RFID \u0161t\u00edtky pro pran\u00ed a p\u00e9\u010di:<\/h3>\n<ol>\n<li>\n<div>Prada: Tato slavn\u00e1 italsk\u00e1 luxusn\u00ed zna\u010dka zavedla v roce 2001 RFID \u0161t\u00edtky pro ov\u011b\u0159en\u00ed p\u00e9\u010de o pr\u00e1dlo, kter\u00e9 umo\u017e\u0148uj\u00ed detailn\u00ed zaznamen\u00e1v\u00e1n\u00ed informac\u00ed, jako je styl, velikost, barva a cena. Zaj\u00edmav\u00e9 je, \u017ee kdy\u017e z\u00e1kazn\u00edci nos\u00ed oble\u010den\u00ed Prada proch\u00e1zej\u00ed jejich prodejnami, odpov\u00eddaj\u00edc\u00ed modely jsou vystaveny na modelech v prodejn\u011b, \u010d\u00edm\u017e napodobuj\u00ed p\u0159ehl\u00eddkov\u00e9 molo vysok\u00e9 m\u00f3dy v Mil\u00e1n\u011b. Toto inovativn\u00ed vyu\u017eit\u00ed technologie RFID zvy\u0161uje spokojenost z\u00e1kazn\u00edk\u016f Prada po n\u00e1kupu.<\/div>\n<\/li>\n<li>\n<div>H&amp;M: Tato mezin\u00e1rodn\u00ed zna\u010dka za\u010dala pou\u017e\u00edvat technologii RFID v roce 2014. V pl\u00e1novan\u00fdch 1 800 prodejn\u00e1ch umo\u017e\u0148uje technologie RFID automatick\u00e9 sledov\u00e1n\u00ed kategori\u00ed produkt\u016f, mno\u017estv\u00ed a spot\u0159eby.<\/div>\n<\/li>\n<li>\n<div>ZARA: V prvn\u00ed polovin\u011b roku 2016 mate\u0159sk\u00e1 spole\u010dnost ZARA, Inditex, uvedla, \u017ee aplikace technologie RFID zlep\u0161ila \u0159\u00edzen\u00ed z\u00e1sob a dod\u00e1vek u p\u0159ibli\u017en\u011b 701 000 jej\u00edch zna\u010dek. Tato implementace vedla k n\u00e1r\u016fstu tr\u017eeb o 11 110 000 a zisku o 7 510 000, co\u017e p\u0159edstavuje 1,26 miliardy eur.<\/div>\n<\/li>\n<li>\n<div>Uniqlo: V roce 2017 spole\u010dnost Uniqlo ozn\u00e1mila sv\u016fj pl\u00e1n nasadit RFID UHF \u0161t\u00edtky ve 3 000 obchodech po cel\u00e9m sv\u011bt\u011b, \u010d\u00edm\u017e se stala prvn\u00edm japonsk\u00fdm maloobchodn\u00edkem, kter\u00fd celosv\u011btov\u011b pou\u017e\u00edv\u00e1 elektronick\u00e9 \u0161t\u00edtky.<\/div>\n<\/li>\n<\/ol>\n<div>Toto je jen n\u011bkolik poznatk\u016f o tom, jak p\u0159edn\u00ed zna\u010dky oble\u010den\u00ed vyu\u017e\u00edvaj\u00ed RFID \u0161t\u00edtky. V roce 2019 prakticky ka\u017ed\u00e1 sv\u011btov\u00e1 zna\u010dka aplikovala RFID \u0161t\u00edtky na sv\u00e9 od\u011bvy, co\u017e vedlo k v\u00edce ne\u017e 20 miliard\u00e1m ozna\u010den\u00fdch kus\u016f oble\u010den\u00ed \u2013 \u010d\u00edslo, kter\u00e9 st\u00e1le znateln\u011b roste. Mezi dal\u0161\u00ed v\u00fdznamn\u00e9 zna\u010dky, kter\u00e9 tuto technologii p\u0159ijaly, pat\u0159\u00ed NIKE a Walmart.<\/div>\n<\/div>\n<\/div>\n<\/div>\n<\/div>\n<\/div>\n<\/div>\n<\/div>\n<\/div>","protected":false},"excerpt":{"rendered":"<div class=\"elementor-element elementor-element-4f79c63 e-flex e-con-boxed e-con e-parent e-lazyloaded\" data-id=\"4f79c63\" data-element_type=\"container\" data-settings=\"{&quot;_ha_eqh_enable&quot;:false}\">\n<div class=\"e-con-inner\">\n<div class=\"elementor-element elementor-element-be3873c elementor-widget elementor-widget-woocommerce-product-short-description\" data-id=\"be3873c\" data-element_type=\"widget\" data-widget_type=\"woocommerce-product-short-description.default\">\n<div class=\"elementor-widget-container\">\n<div class=\"woocommerce-product-details__short-description\">\n<p>Odoln\u00fd <strong>nylonov\u00e1 tkan\u00e1 RFID visa\u010dka pro myt\u00ed a p\u00e9\u010di<\/strong> s UHF \u010dipem, 100 000kr\u00e1t p\u0159episovateln\u00fd, dlouhotrvaj\u00edc\u00ed, p\u0159izp\u016fsobiteln\u00fd design, ide\u00e1ln\u00ed pro textil a od\u011bvy.<\/p>\n<\/div>\n<\/div>\n<\/div>\n<\/div>\n<\/div>\n<div class=\"elementor-element elementor-element-3ad806e e-flex e-con-boxed e-con e-parent e-lazyloaded\" data-id=\"3ad806e\" data-element_type=\"container\" data-settings=\"{&quot;_ha_eqh_enable&quot;:false}\">\n<div class=\"e-con-inner\">\n<div class=\"elementor-element elementor-element-362020f elementor-widget elementor-widget-woocommerce-product-data-tabs\" data-id=\"362020f\" data-element_type=\"widget\" data-widget_type=\"woocommerce-product-data-tabs.default\">\n<div class=\"elementor-widget-container\">\n<div class=\"woocommerce-tabs wc-tabs-wrapper\"><\/div>\n<\/div>\n<\/div>\n<\/div>\n<\/div>","protected":false},"featured_media":3187,"template":"","meta":{"_kad_post_transparent":"default","_kad_post_title":"","_kad_post_layout":"default","_kad_post_sidebar_id":"","_kad_post_content_style":"default","_kad_post_vertical_padding":"default","_kad_post_feature":"","_kad_post_feature_position":"","_kad_post_header":false,"_kad_post_footer":false,"_kad_post_classname":""},"product_brand":[],"product_cat":[81],"product_tag":[386,285,387],"class_list":{"0":"post-3186","1":"product","2":"type-product","3":"status-publish","4":"has-post-thumbnail","6":"product_cat-rfid-wash-care-clothing-label","7":"product_tag-fabric-woven-rfid-wash-care-tag","8":"product_tag-rfid-tag","9":"product_tag-rfid-wash-care-tag","11":"first","12":"instock","13":"shipping-taxable","14":"product-type-simple","15":"entry","16":"content-bg","17":"loop-entry"},"_links":{"self":[{"href":"https:\/\/rfid-laundry-tag.com\/cs\/wp-json\/wp\/v2\/product\/3186","targetHints":{"allow":["GET"]}}],"collection":[{"href":"https:\/\/rfid-laundry-tag.com\/cs\/wp-json\/wp\/v2\/product"}],"about":[{"href":"https:\/\/rfid-laundry-tag.com\/cs\/wp-json\/wp\/v2\/types\/product"}],"version-history":[{"count":1,"href":"https:\/\/rfid-laundry-tag.com\/cs\/wp-json\/wp\/v2\/product\/3186\/revisions"}],"predecessor-version":[{"id":3190,"href":"https:\/\/rfid-laundry-tag.com\/cs\/wp-json\/wp\/v2\/product\/3186\/revisions\/3190"}],"wp:featuredmedia":[{"embeddable":true,"href":"https:\/\/rfid-laundry-tag.com\/cs\/wp-json\/wp\/v2\/media\/3187"}],"wp:attachment":[{"href":"https:\/\/rfid-laundry-tag.com\/cs\/wp-json\/wp\/v2\/media?parent=3186"}],"wp:term":[{"taxonomy":"product_brand","embeddable":true,"href":"https:\/\/rfid-laundry-tag.com\/cs\/wp-json\/wp\/v2\/product_brand?post=3186"},{"taxonomy":"product_cat","embeddable":true,"href":"https:\/\/rfid-laundry-tag.com\/cs\/wp-json\/wp\/v2\/product_cat?post=3186"},{"taxonomy":"product_tag","embeddable":true,"href":"https:\/\/rfid-laundry-tag.com\/cs\/wp-json\/wp\/v2\/product_tag?post=3186"}],"curies":[{"name":"wp","href":"https:\/\/api.w.org\/{rel}","templated":true}]}}