{"id":3180,"date":"2026-01-09T13:29:20","date_gmt":"2026-01-09T13:29:20","guid":{"rendered":"https:\/\/rfid-laundry-tag.com\/?post_type=product&#038;p=3180"},"modified":"2026-01-09T13:29:20","modified_gmt":"2026-01-09T13:29:20","slug":"rfid-garment-tag-for-apparel-and-fashion","status":"publish","type":"product","link":"https:\/\/rfid-laundry-tag.com\/cs\/rfid-garment-tag-for-apparel-and-fashion\/","title":{"rendered":"RFID od\u011bvn\u00ed \u0161t\u00edtek pro oble\u010den\u00ed a m\u00f3du"},"content":{"rendered":"<h2 class=\"ng-star-inserted\"><strong class=\"ng-star-inserted\"><span class=\"ng-star-inserted\">RFID od\u011bvn\u00ed \u0161t\u00edtek pro oble\u010den\u00ed a m\u00f3du<\/span><\/strong><\/h2>\n<h2 class=\"ng-star-inserted\"><strong class=\"ng-star-inserted\"><span class=\"ng-star-inserted\">Vzestup RFID v od\u011bvnictv\u00ed a m\u00f3d\u011b<\/span><\/strong><\/h2>\n<p class=\"ng-star-inserted\"><span class=\"ng-star-inserted\">The\u00a0<\/span><strong class=\"ng-star-inserted\"><span class=\"ng-star-inserted\">oble\u010den\u00ed<\/span><\/strong><span class=\"ng-star-inserted\">\u00a0a m\u00f3dn\u00ed pr\u016fmysl se rychle rozv\u00edj\u00ed\u00a0<\/span><strong class=\"ng-star-inserted\"><span class=\"ng-star-inserted\">RFID<\/span><\/strong><span class=\"ng-star-inserted\">\u00a0(<\/span><strong class=\"ng-star-inserted\"><span class=\"ng-star-inserted\">r\u00e1diov\u00e1 frekvence<\/span><\/strong><span class=\"ng-star-inserted\">\u00a0identifikace)\u00a0<\/span><strong class=\"ng-star-inserted\"><span class=\"ng-star-inserted\">technologie<\/span><\/strong><span class=\"ng-star-inserted\">\u00a0optimalizovat provoz a zlep\u0161it z\u00e1kaznickou zku\u0161enost.\u00a0<\/span><strong class=\"ng-star-inserted\"><span class=\"ng-star-inserted\">RFID<\/span><\/strong><span class=\"ng-star-inserted\">\u00a0<\/span><strong class=\"ng-star-inserted\"><span class=\"ng-star-inserted\">od\u011bv<\/span><\/strong><span class=\"ng-star-inserted\">\u00a0<\/span><strong class=\"ng-star-inserted\"><span class=\"ng-star-inserted\">zna\u010dky<\/span><\/strong><span class=\"ng-star-inserted\">\u00a0nab\u00edzej\u00ed \u00fa\u010dinn\u00fd zp\u016fsob sledov\u00e1n\u00ed polo\u017eek v cel\u00e9m jejich \u017eivotn\u00edm cyklu, od v\u00fdroby a\u017e po prodejn\u00ed m\u00edsto a d\u00e1le.\u00a0<\/span><strong class=\"ng-star-inserted\"><span class=\"ng-star-inserted\">RFID<\/span><\/strong><span class=\"ng-star-inserted\">\u00a0umo\u017e\u0148uje\u00a0<\/span><strong class=\"ng-star-inserted\"><span class=\"ng-star-inserted\">nov\u00fd<\/span><\/strong><span class=\"ng-star-inserted\">\u00a0\u00e9ra efektivity, transparentnosti a rozhodov\u00e1n\u00ed zalo\u017een\u00e9ho na datech.<\/span><\/p>\n<p class=\"ng-star-inserted\"><span class=\"ng-star-inserted\">Na rozd\u00edl od tradi\u010dn\u00edch\u00a0<\/span><strong class=\"ng-star-inserted\"><span class=\"ng-star-inserted\">\u010d\u00e1rov\u00fd k\u00f3d<\/span><\/strong><span class=\"ng-star-inserted\">s,\u00a0<\/span><strong class=\"ng-star-inserted\"><span class=\"ng-star-inserted\">RFID<\/span><\/strong><span class=\"ng-star-inserted\">\u00a0<\/span><strong class=\"ng-star-inserted\"><span class=\"ng-star-inserted\">\u0161t\u00edtek<\/span><\/strong><span class=\"ng-star-inserted\">Nevy\u017eaduj\u00ed skenov\u00e1n\u00ed v p\u0159\u00edm\u00e9 viditelnosti. To umo\u017e\u0148uje rychlej\u0161\u00ed a efektivn\u011bj\u0161\u00ed sb\u011br dat, a to i v n\u00e1ro\u010dn\u00fdch prost\u0159ed\u00edch, jako jsou p\u0159epln\u011bn\u00e9 sklady nebo ru\u0161n\u00e9 maloobchodn\u00ed prodejny. Schopnost \u010d\u00edst v\u00edce\u00a0<\/span><strong class=\"ng-star-inserted\"><span class=\"ng-star-inserted\">zna\u010dky<\/span><\/strong><span class=\"ng-star-inserted\">\u00a0z\u00e1rove\u0148 je kl\u00ed\u010dovou v\u00fdhodou\u00a0<\/span><strong class=\"ng-star-inserted\"><span class=\"ng-star-inserted\">RFID<\/span><\/strong><span class=\"ng-star-inserted\">, co\u017e v\u00fdrazn\u011b urychluje procesy, jako je inventuru z\u00e1sob a\u00a0<\/span><strong class=\"ng-star-inserted\"><span class=\"ng-star-inserted\">pokladna<\/span><\/strong><span class=\"ng-star-inserted\">. Dok\u00e1\u017ee identifikovat vysokorychlostn\u00ed objekty pomoc\u00ed v\u00edce elektronick\u00fdch za\u0159\u00edzen\u00ed.\u00a0<\/span><strong class=\"ng-star-inserted\"><span class=\"ng-star-inserted\">zna\u010dky<\/span><\/strong><span class=\"ng-star-inserted\">\u00a0z\u00e1rove\u0148\u00a0<\/span><strong class=\"ng-star-inserted\"><span class=\"ng-star-inserted\">\u010das<\/span><\/strong><span class=\"ng-star-inserted\">\u00a0skrze\u00a0<\/span><strong class=\"ng-star-inserted\"><span class=\"ng-star-inserted\">RFID<\/span><\/strong><span class=\"ng-star-inserted\">\u00a0<\/span><strong class=\"ng-star-inserted\"><span class=\"ng-star-inserted\">technologie<\/span><\/strong><span class=\"ng-star-inserted\">.<\/span><\/p>\n<h2 class=\"ng-star-inserted\"><strong class=\"ng-star-inserted\"><span class=\"ng-star-inserted\">RFID visa\u010dky: Revoluce v maloobchod\u011b<\/span><\/strong><\/h2>\n<p class=\"ng-star-inserted\"><strong class=\"ng-star-inserted\"><span class=\"ng-star-inserted\">RFID z\u00e1v\u011bsn\u00e9 \u0161t\u00edtky<\/span><\/strong><span class=\"ng-star-inserted\">\u00a0transformuj\u00ed maloobchodn\u00ed prost\u0159ed\u00ed t\u00edm, \u017ee poskytuj\u00ed bezkonkuren\u010dn\u00ed p\u0159ehled o z\u00e1sob\u00e1ch a zvy\u0161uj\u00ed bezpe\u010dnost. Tyto\u00a0<\/span><strong class=\"ng-star-inserted\"><span class=\"ng-star-inserted\">zna\u010dky<\/span><\/strong><span class=\"ng-star-inserted\">, obvykle p\u0159ipevn\u011bn\u00e9 k oble\u010den\u00ed, klobouk\u016fm, ta\u0161k\u00e1m a bot\u00e1m, obsahuj\u00ed mikro\u010dip, kter\u00fd ukl\u00e1d\u00e1 informace o produktu a jedine\u010dn\u00fd identifik\u00e1tor. Vlo\u017een\u00edm\u00a0<\/span><strong class=\"ng-star-inserted\"><span class=\"ng-star-inserted\">RFID<\/span><\/strong><span class=\"ng-star-inserted\">\u00a0<\/span><strong class=\"ng-star-inserted\"><span class=\"ng-star-inserted\">technologie<\/span><\/strong><span class=\"ng-star-inserted\">\u00a0v\u00a0<\/span><strong class=\"ng-star-inserted\"><span class=\"ng-star-inserted\">pov\u011bsit<\/span><\/strong><span class=\"ng-star-inserted\">\u00a0<\/span><strong class=\"ng-star-inserted\"><span class=\"ng-star-inserted\">\u0161t\u00edtek<\/span><\/strong><span class=\"ng-star-inserted\">s, tento probl\u00e9m lze efektivn\u011b vy\u0159e\u0161it.<\/span><\/p>\n<p class=\"ng-star-inserted\"><strong class=\"ng-star-inserted\"><span class=\"ng-star-inserted\">RFID z\u00e1v\u011bsn\u00e9 \u0161t\u00edtky<\/span><\/strong><span class=\"ng-star-inserted\">\u00a0nab\u00edzej\u00ed \u0159adu v\u00fdhod, v\u010detn\u011b:<\/span><\/p>\n<ul class=\"ng-star-inserted\">\n<li class=\"ng-star-inserted\">\n<p class=\"ng-star-inserted\"><strong class=\"ng-star-inserted\"><span class=\"ng-star-inserted\">Vylep\u0161en\u00e1 p\u0159esnost invent\u00e1\u0159e:<\/span><\/strong><span class=\"ng-star-inserted\">\u00a0<\/span><strong class=\"ng-star-inserted\"><span class=\"ng-star-inserted\">V re\u00e1ln\u00e9m \u010dase<\/span><\/strong><span class=\"ng-star-inserted\">\u00a0sledov\u00e1n\u00ed stavu z\u00e1sob, sni\u017eov\u00e1n\u00ed nedostatku a nadm\u011brn\u00e9ho z\u00e1sobov\u00e1n\u00ed.<\/span><\/p>\n<\/li>\n<li class=\"ng-star-inserted\">\n<p class=\"ng-star-inserted\"><strong class=\"ng-star-inserted\"><span class=\"ng-star-inserted\">Prevence ztr\u00e1t:<\/span><\/strong><span class=\"ng-star-inserted\">\u00a0<\/span><strong class=\"ng-star-inserted\"><span class=\"ng-star-inserted\">RFID<\/span><\/strong><span class=\"ng-star-inserted\">\u00a0<\/span><strong class=\"ng-star-inserted\"><span class=\"ng-star-inserted\">\u0161t\u00edtek<\/span><\/strong><span class=\"ng-star-inserted\">Lze je pou\u017e\u00edt jako sou\u010d\u00e1st syst\u00e9mu elektronick\u00e9ho sledov\u00e1n\u00ed zbo\u017e\u00ed (EAS) k odrad\u011bn\u00ed od kr\u00e1de\u017e\u00ed. Mohou tak\u00e9 pomoci p\u0159edch\u00e1zet pad\u011bl\u00e1n\u00ed.\u00a0<\/span><strong class=\"ng-star-inserted\"><span class=\"ng-star-inserted\">od\u011bv<\/span><\/strong><span class=\"ng-star-inserted\">s.<\/span><\/p>\n<\/li>\n<li class=\"ng-star-inserted\">\n<p class=\"ng-star-inserted\"><strong class=\"ng-star-inserted\"><span class=\"ng-star-inserted\">Ov\u011b\u0159ov\u00e1n\u00ed zna\u010dky:<\/span><\/strong><span class=\"ng-star-inserted\">\u00a0<\/span><strong class=\"ng-star-inserted\"><span class=\"ng-star-inserted\">RFID<\/span><\/strong><span class=\"ng-star-inserted\">\u00a0pom\u00e1h\u00e1 ov\u011b\u0159ovat pravost produkt\u016f a chr\u00e1n\u00ed va\u0161i zna\u010dku a va\u0161e z\u00e1kazn\u00edky.<\/span><\/p>\n<\/li>\n<li class=\"ng-star-inserted\">\n<p class=\"ng-star-inserted\"><strong class=\"ng-star-inserted\"><span class=\"ng-star-inserted\">Vylep\u0161en\u00e1 z\u00e1kaznick\u00e1 zku\u0161enost:<\/span><\/strong><span class=\"ng-star-inserted\">\u00a0Rychlej\u0161\u00ed\u00a0<\/span><strong class=\"ng-star-inserted\"><span class=\"ng-star-inserted\">pokladna<\/span><\/strong><span class=\"ng-star-inserted\">\u00a0procesy a personalizovan\u00e1 doporu\u010den\u00ed prost\u0159ednictv\u00edm chytr\u00fdch polic a zku\u0161ebn\u00edch kabinek.<\/span><\/p>\n<\/li>\n<\/ul>\n<p class=\"ng-star-inserted\">\n<h2 class=\"ng-star-inserted\"><strong class=\"ng-star-inserted\"><span class=\"ng-star-inserted\">Technick\u00fd\u00a0<\/span><\/strong><\/h2>\n<div class=\"table-container ng-star-inserted\">\n<table>\n<tbody>\n<tr class=\"table-header ng-star-inserted\">\n<td class=\"ng-star-inserted\"><span class=\"ng-star-inserted\">Funkce<\/span><\/td>\n<td class=\"ng-star-inserted\"><span class=\"ng-star-inserted\">Specifikace<\/span><\/td>\n<\/tr>\n<tr class=\"ng-star-inserted\">\n<td class=\"ng-star-inserted\"><strong class=\"ng-star-inserted\"><span class=\"ng-star-inserted\">Frekvence<\/span><\/strong><\/td>\n<td class=\"ng-star-inserted\"><strong class=\"ng-star-inserted\"><span class=\"ng-star-inserted\">UHF RFID<\/span><\/strong><span class=\"ng-star-inserted\">\u00a0(860\u2013960 MHz),\u00a0<\/span><strong class=\"ng-star-inserted\"><span class=\"ng-star-inserted\">RFID RAIN<\/span><\/strong><\/td>\n<\/tr>\n<tr class=\"ng-star-inserted\">\n<td class=\"ng-star-inserted\"><strong class=\"ng-star-inserted\"><span class=\"ng-star-inserted\">Protokol<\/span><\/strong><\/td>\n<td class=\"ng-star-inserted\"><strong class=\"ng-star-inserted\"><span class=\"ng-star-inserted\">ISO 18000-6C<\/span><\/strong><span class=\"ng-star-inserted\">\u00a0(<\/span><strong class=\"ng-star-inserted\"><span class=\"ng-star-inserted\">EPC t\u0159\u00eddy 1 Gen2<\/span><\/strong><span class=\"ng-star-inserted\">)<\/span><\/td>\n<\/tr>\n<tr class=\"ng-star-inserted\">\n<td class=\"ng-star-inserted\"><strong class=\"ng-star-inserted\"><span class=\"ng-star-inserted\">Typ \u010dipu<\/span><\/strong><\/td>\n<td class=\"ng-star-inserted\"><span class=\"ng-star-inserted\">Impinj Monza, NXP UCODE, mimozem\u0161\u0165an Higgs<\/span><\/td>\n<\/tr>\n<tr class=\"ng-star-inserted\">\n<td class=\"ng-star-inserted\"><strong class=\"ng-star-inserted\"><span class=\"ng-star-inserted\">Pam\u011b\u0165<\/span><\/strong><\/td>\n<td class=\"ng-star-inserted\"><strong class=\"ng-star-inserted\"><span class=\"ng-star-inserted\">EPC<\/span><\/strong><span class=\"ng-star-inserted\">\u00a096bitov\u00fd,\u00a0<\/span><strong class=\"ng-star-inserted\"><span class=\"ng-star-inserted\">ukl\u00e1d\u00e1n\u00ed dat<\/span><\/strong><span class=\"ng-star-inserted\">\u00a0U\u017eivatelsk\u00e1 pam\u011b\u0165 512bitov\u00e1 (li\u0161\u00ed se podle \u010dipu)<\/span><\/td>\n<\/tr>\n<tr class=\"ng-star-inserted\">\n<td class=\"ng-star-inserted\"><strong class=\"ng-star-inserted\"><span class=\"ng-star-inserted\">Rozsah \u010dten\u00ed<\/span><\/strong><\/td>\n<td class=\"ng-star-inserted\"><span class=\"ng-star-inserted\">A\u017e 10 metr\u016f (li\u0161\u00ed se v z\u00e1vislosti na \u010dte\u010dce a prost\u0159ed\u00ed)<\/span><\/td>\n<\/tr>\n<tr class=\"ng-star-inserted\">\n<td class=\"ng-star-inserted\"><strong class=\"ng-star-inserted\"><span class=\"ng-star-inserted\">Uchov\u00e1v\u00e1n\u00ed dat<\/span><\/strong><\/td>\n<td class=\"ng-star-inserted\"><span class=\"ng-star-inserted\">10 let<\/span><\/td>\n<\/tr>\n<tr class=\"ng-star-inserted\">\n<td class=\"ng-star-inserted\"><strong class=\"ng-star-inserted\"><span class=\"ng-star-inserted\">Napi\u0161te Vytrvalost<\/span><\/strong><\/td>\n<td class=\"ng-star-inserted\"><span class=\"ng-star-inserted\">100 000 cykl\u016f<\/span><\/td>\n<\/tr>\n<tr class=\"ng-star-inserted\">\n<td class=\"ng-star-inserted\"><strong class=\"ng-star-inserted\"><span class=\"ng-star-inserted\">Provozn\u00ed teplota<\/span><\/strong><\/td>\n<td class=\"ng-star-inserted\"><span class=\"ng-star-inserted\">-40 \u00b0C a\u017e +85 \u00b0C (li\u0161\u00ed se v z\u00e1vislosti na\u00a0<\/span><strong class=\"ng-star-inserted\"><span class=\"ng-star-inserted\">\u0161t\u00edtek<\/span><\/strong><span class=\"ng-star-inserted\">\u00a0typ)<\/span><\/td>\n<\/tr>\n<tr class=\"ng-star-inserted\">\n<td class=\"ng-star-inserted\"><strong class=\"ng-star-inserted\"><span class=\"ng-star-inserted\">Materi\u00e1l<\/span><\/strong><\/td>\n<td class=\"ng-star-inserted\"><span class=\"ng-star-inserted\">Pap\u00edr, sat\u00e9n, nylon atd.<\/span><\/td>\n<\/tr>\n<tr class=\"ng-star-inserted\">\n<td class=\"ng-star-inserted\"><strong class=\"ng-star-inserted\"><span class=\"ng-star-inserted\">P\u0159\u00edloha<\/span><\/strong><\/td>\n<td class=\"ng-star-inserted\"><strong class=\"ng-star-inserted\"><span class=\"ng-star-inserted\">Lepidlo<\/span><\/strong><span class=\"ng-star-inserted\">, Tepeln\u00e9 t\u011bsn\u011bn\u00ed, V\u0161it\u00ed,\u00a0<\/span><strong class=\"ng-star-inserted\"><span class=\"ng-star-inserted\">Zav\u011bsit visa\u010dku<\/span><\/strong><\/td>\n<\/tr>\n<tr class=\"ng-star-inserted\">\n<td class=\"ng-star-inserted\"><strong class=\"ng-star-inserted\"><span class=\"ng-star-inserted\">P\u0159izp\u016fsoben\u00ed<\/span><\/strong><\/td>\n<td class=\"ng-star-inserted\"><span class=\"ng-star-inserted\">Tisk, k\u00f3dov\u00e1n\u00ed,\u00a0<\/span><strong class=\"ng-star-inserted\"><span class=\"ng-star-inserted\">\u010c\u00e1rov\u00fd k\u00f3d<\/span><\/strong><span class=\"ng-star-inserted\">, Logo<\/span><\/td>\n<\/tr>\n<tr class=\"ng-star-inserted\">\n<td class=\"ng-star-inserted\"><strong class=\"ng-star-inserted\"><span class=\"ng-star-inserted\">Tvarov\u00fd faktor<\/span><\/strong><\/td>\n<td class=\"ng-star-inserted\"><strong class=\"ng-star-inserted\"><span class=\"ng-star-inserted\">Zav\u011bsit visa\u010dku<\/span><\/strong><span class=\"ng-star-inserted\">,\u00a0<\/span><strong class=\"ng-star-inserted\"><span class=\"ng-star-inserted\">N\u00e1lepka<\/span><\/strong><span class=\"ng-star-inserted\">,\u00a0<\/span><strong class=\"ng-star-inserted\"><span class=\"ng-star-inserted\">Tkan\u00fd \u0161t\u00edtek<\/span><\/strong><span class=\"ng-star-inserted\">,\u00a0<\/span><strong class=\"ng-star-inserted\"><span class=\"ng-star-inserted\">Intarzie<\/span><\/strong><\/td>\n<\/tr>\n<tr class=\"ng-star-inserted\">\n<td class=\"ng-star-inserted\"><strong class=\"ng-star-inserted\"><span class=\"ng-star-inserted\">Environment\u00e1ln\u00ed<\/span><\/strong><\/td>\n<td class=\"ng-star-inserted\"><span class=\"ng-star-inserted\">100% ekologick\u00e1 ant\u00e9na na pap\u00edrov\u00e9 b\u00e1zi\u00a0<\/span><strong class=\"ng-star-inserted\"><span class=\"ng-star-inserted\">volba<\/span><\/strong><span class=\"ng-star-inserted\">\u00a0k dispozici<\/span><\/td>\n<\/tr>\n<\/tbody>\n<\/table>\n<p>&nbsp;<\/p>\n<\/div>\n<p class=\"ng-star-inserted\"><strong class=\"ng-star-inserted\"><span class=\"ng-star-inserted\">RFID \u0161t\u00edtek na od\u011bv<\/span><\/strong><span class=\"ng-star-inserted\">\u00a0je nejv\u00fdrazn\u011bj\u0161\u00ed aplikac\u00ed, kde\u00a0<\/span><strong class=\"ng-star-inserted\"><span class=\"ng-star-inserted\">RFID<\/span><\/strong><span class=\"ng-star-inserted\">\u00a0<\/span><strong class=\"ng-star-inserted\"><span class=\"ng-star-inserted\">technologie<\/span><\/strong><span class=\"ng-star-inserted\">\u00a0m\u00e1 dopad na od\u011bvn\u00ed pr\u016fmysl. Prost\u0159ednictv\u00edm\u00a0<\/span><strong class=\"ng-star-inserted\"><span class=\"ng-star-inserted\">r\u00e1diov\u00e1 frekvence<\/span><\/strong><span class=\"ng-star-inserted\">\u00a0sign\u00e1ly,\u00a0<\/span><strong class=\"ng-star-inserted\"><span class=\"ng-star-inserted\">RFID<\/span><\/strong><span class=\"ng-star-inserted\">\u00a0<\/span><strong class=\"ng-star-inserted\"><span class=\"ng-star-inserted\">od\u011bv<\/span><\/strong><span class=\"ng-star-inserted\">\u00a0<\/span><strong class=\"ng-star-inserted\"><span class=\"ng-star-inserted\">\u0161t\u00edtek<\/span><\/strong><span class=\"ng-star-inserted\">\u00a0dok\u00e1\u017ee automaticky identifikovat c\u00edlov\u00e9 objekty, z\u00edskat relevantn\u00ed data a identifikovat pr\u00e1ci bez manu\u00e1ln\u00edho z\u00e1sahu. M\u016f\u017ee fungovat ve v\u0161ech druz\u00edch nep\u0159\u00edzniv\u00e9ho prost\u0159ed\u00ed. Tyto\u00a0<\/span><strong class=\"ng-star-inserted\"><span class=\"ng-star-inserted\">\u0161t\u00edtky jsou navr\u017eeny<\/span><\/strong><span class=\"ng-star-inserted\">\u00a0aby uspokojily r\u016fzn\u00e9 pot\u0159eby.<\/span><\/p>\n<h2 class=\"ng-star-inserted\"><strong class=\"ng-star-inserted\"><span class=\"ng-star-inserted\">P\u0159izp\u016fsoben\u00ed a integrace<\/span><\/strong><\/h2>\n<p class=\"ng-star-inserted\"><strong class=\"ng-star-inserted\"><span class=\"ng-star-inserted\">RFID<\/span><\/strong><span class=\"ng-star-inserted\">\u00a0<\/span><strong class=\"ng-star-inserted\"><span class=\"ng-star-inserted\">od\u011bv<\/span><\/strong><span class=\"ng-star-inserted\">\u00a0<\/span><strong class=\"ng-star-inserted\"><span class=\"ng-star-inserted\">zna\u010dky<\/span><\/strong><span class=\"ng-star-inserted\">\u00a0lze p\u0159izp\u016fsobit specifick\u00fdm pot\u0159eb\u00e1m va\u0161\u00ed zna\u010dky a provozu.\u00a0<\/span><strong class=\"ng-star-inserted\"><span class=\"ng-star-inserted\">Zav\u011bsit visa\u010dku<\/span><\/strong><span class=\"ng-star-inserted\">Lze je p\u0159izp\u016fsobit va\u0161\u00edm logem, barvami zna\u010dky a informacemi o produktu. \u0160t\u00edtky s pokyny pro p\u00e9\u010di\u00a0<\/span><strong class=\"ng-star-inserted\"><span class=\"ng-star-inserted\">RFID<\/span><\/strong><span class=\"ng-star-inserted\">\u00a0<\/span><strong class=\"ng-star-inserted\"><span class=\"ng-star-inserted\">intarzie<\/span><\/strong><span class=\"ng-star-inserted\">lze navrhnout tak, aby se bezprobl\u00e9mov\u011b integrovaly s va\u0161\u00ed st\u00e1vaj\u00edc\u00ed\u00a0<\/span><strong class=\"ng-star-inserted\"><span class=\"ng-star-inserted\">od\u011bv<\/span><\/strong><span class=\"ng-star-inserted\">\u00a0v\u00fdrobn\u00ed procesy.<\/span><\/p>\n<h2 class=\"ng-star-inserted\"><strong class=\"ng-star-inserted\"><span class=\"ng-star-inserted\">Kontaktujte n\u00e1s a implementujte svou RFID strategii<\/span><\/strong><\/h2>\n<p class=\"ng-star-inserted\"><span class=\"ng-star-inserted\">P\u0159ipraveni vyu\u017e\u00edt s\u00edlu\u00a0<\/span><strong class=\"ng-star-inserted\"><span class=\"ng-star-inserted\">RFID<\/span><\/strong><span class=\"ng-star-inserted\">\u00a0<\/span><strong class=\"ng-star-inserted\"><span class=\"ng-star-inserted\">technologie<\/span><\/strong><span class=\"ng-star-inserted\">\u00a0transformovat tv\u00e9\u00a0<\/span><strong class=\"ng-star-inserted\"><span class=\"ng-star-inserted\">oble\u010den\u00ed<\/span><\/strong><span class=\"ng-star-inserted\">\u00a0podnik\u00e1n\u00ed?\u00a0<\/span><strong class=\"ng-star-inserted\"><span class=\"ng-star-inserted\">Kontaktujte n\u00e1s<\/span><\/strong><span class=\"ng-star-inserted\">\u00a0dnes probereme va\u0161e specifick\u00e9 pot\u0159eby a dozv\u00edme se v\u00edce o na\u0161ich komplexn\u00edch\u00a0<\/span><strong class=\"ng-star-inserted\"><span class=\"ng-star-inserted\">RFID<\/span><\/strong><span class=\"ng-star-inserted\">\u00a0\u0159e\u0161en\u00ed, v\u010detn\u011b\u00a0<\/span><strong class=\"ng-star-inserted\"><span class=\"ng-star-inserted\">RFID<\/span><\/strong><span class=\"ng-star-inserted\">\u00a0<\/span><strong class=\"ng-star-inserted\"><span class=\"ng-star-inserted\">od\u011bv<\/span><\/strong><span class=\"ng-star-inserted\">\u00a0<\/span><strong class=\"ng-star-inserted\"><span class=\"ng-star-inserted\">zna\u010dky<\/span><\/strong><span class=\"ng-star-inserted\">,\u00a0<\/span><strong class=\"ng-star-inserted\"><span class=\"ng-star-inserted\">RFID<\/span><\/strong><span class=\"ng-star-inserted\">\u00a0\u010dte\u010dky a software.<\/span><\/p>","protected":false},"excerpt":{"rendered":"<p><span class=\"ng-star-inserted\">Nab\u00edz\u00edme\u00a0<\/span><strong class=\"ng-star-inserted\"><span class=\"ng-star-inserted\">vzorky zdarma<\/span><\/strong><span class=\"ng-star-inserted\"> z\u00a0 <\/span><strong class=\"ng-star-inserted\"><span class=\"ng-star-inserted\">RFID od\u011bv<\/span><\/strong><span class=\"ng-star-inserted\">\u00a0<\/span><strong class=\"ng-star-inserted\"><span class=\"ng-star-inserted\">zna\u010dky<\/span><\/strong><span class=\"ng-star-inserted\">\u00a0abyste si mohli vyhodnotit jejich v\u00fdkon ve vlastn\u00edm prost\u0159ed\u00ed. Na\u0161e v\u00fdrobn\u00ed tov\u00e1rna je vybavena\u00a0<\/span><strong class=\"ng-star-inserted\"><span class=\"ng-star-inserted\">nejnov\u011bj\u0161\u00ed<\/span><\/strong><span class=\"ng-star-inserted\">\u00a0<\/span><strong class=\"ng-star-inserted\"><span class=\"ng-star-inserted\">technologie<\/span><\/strong><span class=\"ng-star-inserted\">\u00a0zajistit\u00a0<\/span><strong class=\"ng-star-inserted\"><span class=\"ng-star-inserted\">vysoce kvalitn\u00ed<\/span><\/strong><span class=\"ng-star-inserted\">\u00a0<\/span><strong class=\"ng-star-inserted\"><span class=\"ng-star-inserted\">\u0161t\u00edtek<\/span><\/strong><span class=\"ng-star-inserted\">za konkurenceschopn\u00e9 ceny.<\/span><\/p>","protected":false},"featured_media":3181,"template":"","meta":{"_kad_post_transparent":"default","_kad_post_title":"","_kad_post_layout":"default","_kad_post_sidebar_id":"","_kad_post_content_style":"default","_kad_post_vertical_padding":"default","_kad_post_feature":"","_kad_post_feature_position":"","_kad_post_header":false,"_kad_post_footer":false,"_kad_post_classname":""},"product_brand":[],"product_cat":[53],"product_tag":[385,383,384],"class_list":{"0":"post-3180","1":"product","2":"type-product","3":"status-publish","4":"has-post-thumbnail","6":"product_cat-rfid-clothes-tag","7":"product_tag-rfid-garment-paper-tag","8":"product_tag-rfid-garment-tag","9":"product_tag-rfid-hang-tag","11":"first","12":"instock","13":"shipping-taxable","14":"product-type-simple","15":"entry","16":"content-bg","17":"loop-entry"},"_links":{"self":[{"href":"https:\/\/rfid-laundry-tag.com\/cs\/wp-json\/wp\/v2\/product\/3180","targetHints":{"allow":["GET"]}}],"collection":[{"href":"https:\/\/rfid-laundry-tag.com\/cs\/wp-json\/wp\/v2\/product"}],"about":[{"href":"https:\/\/rfid-laundry-tag.com\/cs\/wp-json\/wp\/v2\/types\/product"}],"version-history":[{"count":1,"href":"https:\/\/rfid-laundry-tag.com\/cs\/wp-json\/wp\/v2\/product\/3180\/revisions"}],"predecessor-version":[{"id":3185,"href":"https:\/\/rfid-laundry-tag.com\/cs\/wp-json\/wp\/v2\/product\/3180\/revisions\/3185"}],"wp:featuredmedia":[{"embeddable":true,"href":"https:\/\/rfid-laundry-tag.com\/cs\/wp-json\/wp\/v2\/media\/3181"}],"wp:attachment":[{"href":"https:\/\/rfid-laundry-tag.com\/cs\/wp-json\/wp\/v2\/media?parent=3180"}],"wp:term":[{"taxonomy":"product_brand","embeddable":true,"href":"https:\/\/rfid-laundry-tag.com\/cs\/wp-json\/wp\/v2\/product_brand?post=3180"},{"taxonomy":"product_cat","embeddable":true,"href":"https:\/\/rfid-laundry-tag.com\/cs\/wp-json\/wp\/v2\/product_cat?post=3180"},{"taxonomy":"product_tag","embeddable":true,"href":"https:\/\/rfid-laundry-tag.com\/cs\/wp-json\/wp\/v2\/product_tag?post=3180"}],"curies":[{"name":"wp","href":"https:\/\/api.w.org\/{rel}","templated":true}]}}