{"id":3174,"date":"2026-01-09T13:11:22","date_gmt":"2026-01-09T13:11:22","guid":{"rendered":"https:\/\/rfid-laundry-tag.com\/?post_type=product&#038;p=3174"},"modified":"2026-01-09T13:11:23","modified_gmt":"2026-01-09T13:11:23","slug":"rfid-mifare-desfire-ev3-2k-4k-8k-inlay","status":"publish","type":"product","link":"https:\/\/rfid-laundry-tag.com\/cs\/rfid-mifare-desfire-ev3-2k-4k-8k-inlay\/","title":{"rendered":"RFID Mifare Desfire EV3 2K 4K 8K vlo\u017eka"},"content":{"rendered":"<h2>RFID Mifare Desfire EV3 2K 4K 8K vlo\u017eka<\/h2>\n<p>The\u00a0<strong>MIFARE\u00ae DESFire\u00ae EV3<\/strong>\u00a0\u0158ada od spole\u010dnosti NXP Semiconductors p\u0159edstavuje \u0161pi\u010dkov\u00e9 \u0159e\u0161en\u00ed v oblasti bezpe\u010dn\u00e9, bezkontaktn\u00ed technologie RFID, ide\u00e1ln\u00ed pro r\u016fzn\u00e9 aplikace, kter\u00e9 vy\u017eaduj\u00ed vysokou bezpe\u010dnost a flexibilitu. Zde je stru\u010dn\u00fd p\u0159ehled jej\u00edch funkc\u00ed, mo\u017enost\u00ed pam\u011bti, vylep\u0161en\u00ed zabezpe\u010den\u00ed, aplikac\u00ed a mo\u017enost\u00ed p\u0159izp\u016fsoben\u00ed:<\/p>\n<h3>Mo\u017enosti pam\u011bti<\/h3>\n<p>MIFARE\u00ae DESFire\u00ae EV3 se dod\u00e1v\u00e1 ve t\u0159ech konfigurac\u00edch pam\u011bti:<\/p>\n<ul>\n<li><strong>2K<\/strong>Nejlep\u0161\u00ed pro jednoduch\u00e9 aplikace, jako je \u0159\u00edzen\u00ed p\u0159\u00edstupu nebo jednor\u00e1zov\u00e9 vstupenky.<\/li>\n<li><strong>4K<\/strong>Vhodn\u00e9 pro aplikace st\u0159edn\u00ed t\u0159\u00eddy, jako jsou v\u011brnostn\u00ed programy a mal\u00e9 syst\u00e9my ve\u0159ejn\u00e9 dopravy.<\/li>\n<li><strong>8 tis<\/strong>Navr\u017eeno pro komplexn\u00ed prost\u0159ed\u00ed s v\u00edce aplikacemi, jako jsou chytr\u00e1 m\u011bsta a velk\u00e9 podniky.<\/li>\n<\/ul>\n<p>Ka\u017ed\u00e1 konfigurace podporuje v\u00edce aplikac\u00ed s mo\u017enost\u00ed ulo\u017een\u00ed a\u017e\u00a0<strong>32 soubor\u016f na aplikaci<\/strong>, co\u017e umo\u017e\u0148uje firm\u00e1m p\u0159izp\u016fsobit \u0159e\u0161en\u00ed jejich pot\u0159eb\u00e1m.<\/p>\n<h3>Roz\u0161\u00ed\u0159en\u00e9 funkce zabezpe\u010den\u00ed<\/h3>\n<p>Bezpe\u010dnost je hlavn\u00edm zam\u011b\u0159en\u00edm modelu EV3 a zahrnuje:<\/p>\n<ul>\n<li><strong>\u0160ifrov\u00e1n\u00ed AES<\/strong>Chr\u00e1n\u00ed data b\u011bhem p\u0159enosu.<\/li>\n<li><strong>Certifikace EAL5+<\/strong>Zaji\u0161\u0165uje vysokou \u00farove\u0148 zabezpe\u010den\u00ed citliv\u00fdch dat.<\/li>\n<li><strong>Bezpe\u010dn\u00e9 unik\u00e1tn\u00ed ov\u011b\u0159ov\u00e1n\u00ed NFC<\/strong>Ka\u017ed\u00e1 karta m\u00e1 jedine\u010dn\u00fd identifik\u00e1tor, aby se zabr\u00e1nilo duplikaci.<\/li>\n<li><strong>V\u00edcevrstv\u00e9 zabezpe\u010den\u00ed<\/strong>Podporuje r\u016fzn\u00e9 \u0161ifrovac\u00ed protokoly, v\u010detn\u011b AES a DES\/Triple-DES.<\/li>\n<\/ul>\n<p>D\u00edky t\u011bmto vlastnostem je EV3 vhodn\u00fd pro vysoce zabezpe\u010den\u00e9 aplikace, jako je kontrola p\u0159\u00edstupu, bezhotovostn\u00ed platby a inteligentn\u00ed z\u00e1mky.<\/p>\n<h3>Aplikace<\/h3>\n<p>V\u0161estrannost <a href=\"https:\/\/rfid-laundry-tag.com\/cs\/rfid-inlay\/\">RFID Mifare Desfire EV3 2K 4K 8K vlo\u017eka<\/a>\u00a0umo\u017e\u0148uje jeho pou\u017eit\u00ed v r\u016fzn\u00fdch odv\u011btv\u00edch:<\/p>\n<ul>\n<li><strong>\u0158\u00edzen\u00ed p\u0159\u00edstupu<\/strong>Bezpe\u010dn\u00e9 \u0159\u00edzen\u00ed vstup\u016f do budov a omezen\u00fdch prostor.<\/li>\n<li><strong>Ve\u0159ejn\u00e1 doprava<\/strong>Usnad\u0148uje efektivn\u00ed prodej j\u00edzdenek a v\u00fdb\u011br j\u00edzdn\u00e9ho.<\/li>\n<li><strong>V\u011brnostn\u00ed programy<\/strong>Bezpe\u010dn\u011b ukl\u00e1d\u00e1 z\u00e1kaznick\u00e1 data a odm\u011bny.<\/li>\n<li><strong>Chytr\u00e1 m\u011bsta<\/strong>Podporuje infrastrukturu s robustn\u00edm v\u00fdkonem a kompatibilitou s technologiemi NFC a RFID.<\/li>\n<\/ul>\n<h3>P\u0159izp\u016fsoben\u00ed a podpora<\/h3>\n<p>NXP nab\u00edz\u00ed rozs\u00e1hl\u00e9 mo\u017enosti p\u0159izp\u016fsoben\u00ed pro spln\u011bn\u00ed specifick\u00fdch obchodn\u00edch pot\u0159eb:<\/p>\n<ul>\n<li><strong>Vlastn\u00ed tisk<\/strong>Personalizujte karty logy a brandingem.<\/li>\n<li><strong>Vlastn\u00ed alokace pam\u011bti<\/strong>P\u0159izp\u016fsoben\u00ed konfigurac\u00ed pam\u011bti specifick\u00fdm aplikac\u00edm.<\/li>\n<li><strong>P\u0159izp\u016fsobiteln\u00e1 nastaven\u00ed zabezpe\u010den\u00ed<\/strong>: Upravte metody \u0161ifrov\u00e1n\u00ed a ov\u011b\u0159ov\u00e1n\u00ed.<\/li>\n<\/ul>\n<p>Firmy mohou obdr\u017eet vzorky s dodac\u00ed lh\u016ftou pouh\u00fdch\u00a0<strong>1\u20132 dny<\/strong>, co\u017e umo\u017e\u0148uje rychl\u00e9 vyhodnocen\u00ed a implementaci.<\/p>\n<h2><strong><b>Technick\u00e9 specifikace<\/b><\/strong><\/h2>\n<div class=\"collapse-mobile ste-list\">\n<h3>RF rozhran\u00ed: ISO\/IEC 14443 Typ A<\/h3>\n<ul class=\"boxes\">\n<li>Bezkontaktn\u00ed rozhran\u00ed v souladu s ISO\/IEC 14443-2\/3 A<\/li>\n<li>N\u00edzk\u00e1 Hmin umo\u017e\u0148uj\u00edc\u00ed opera\u010dn\u00ed vzd\u00e1lenost a\u017e 100 mm (v z\u00e1vislosti na v\u00fdkonu poskytovan\u00e9m PCD a geometri\u00ed ant\u00e9ny)<\/li>\n<li>Rychl\u00fd p\u0159enos dat: 106 kbit\/s, 212 kbit\/s, 424 kbit\/s, 848 kbit\/s<\/li>\n<li>7bajtov\u00fd jedine\u010dn\u00fd identifik\u00e1tor (mo\u017enost n\u00e1hodn\u00e9ho ID)<\/li>\n<li>Pou\u017e\u00edv\u00e1 p\u0159enosov\u00fd protokol ISO\/IEC 14443-4<\/li>\n<li>Konfigurovateln\u00fd FSCI pro podporu r\u00e1mce o velikosti a\u017e 256 bajt\u016f<\/li>\n<\/ul>\n<\/div>\n<div class=\"collapse-mobile ste-list\">\n<h3>Energeticky nez\u00e1visl\u00e1 pam\u011b\u0165<\/h3>\n<ul class=\"boxes\">\n<li>2 kB, 4 kB, 8 kB a 16 kB<\/li>\n<li>Uchov\u00e1v\u00e1n\u00ed dat po dobu 25 let<\/li>\n<li>Typick\u00e1 \u017eivotnost p\u0159i z\u00e1pisu 1 000 000 cykl\u016f<\/li>\n<li>Rychl\u00e9 programovac\u00ed cykly<\/li>\n<\/ul>\n<\/div>\n<div class=\"collapse-mobile ste-list\">\n<h3>Organizace NV pam\u011bti a podpora v\u00edce aplikac\u00ed<\/h3>\n<ul class=\"boxes\">\n<li>Flexibiln\u00ed syst\u00e9m soubor\u016f: u\u017eivatel m\u016f\u017ee voln\u011b definovat aplika\u010dn\u00ed struktury na PICC<\/li>\n<li>Tolik aplikac\u00ed, kolik zvl\u00e1dne velikost pam\u011bti<\/li>\n<li>A\u017e 32 soubor\u016f v ka\u017ed\u00e9 aplikaci (k dispozici je 6 typ\u016f soubor\u016f: soubor standardn\u00edch dat, soubor z\u00e1lo\u017en\u00edch dat, soubor hodnot, soubor line\u00e1rn\u00edho z\u00e1znamu, soubor cyklick\u00e9ho z\u00e1znamu a soubor transak\u010dn\u00edch MAC adres)<\/li>\n<li>Velikost souboru je ur\u010dena p\u0159i vytv\u00e1\u0159en\u00ed (ne pro soubor MAC transakce)<\/li>\n<li>MlsmartApp (Delegovan\u00e1 spr\u00e1va aplikac\u00ed)<\/li>\n<li>Op\u011btovn\u00e9 vyu\u017eit\u00ed pam\u011bti v aplikac\u00edch DAM (Format Application)<\/li>\n<li>Tov\u00e1rn\u011b nahran\u00e9 kl\u00ed\u010de DAM od NXP pro podporu slu\u017eby AppXplorer<\/li>\n<li>P\u0159\u00edstup k soubor\u016fm z libovoln\u00fdch dvou aplikac\u00ed b\u011bhem jedn\u00e9 transakce<\/li>\n<\/ul>\n<\/div>\n<div class=\"collapse-mobile ste-list\">\n<h3>Zabezpe\u010den\u00ed a soukrom\u00ed<\/h3>\n<ul class=\"boxes\">\n<li>Certifikace Common Criteria: EAL5+ (hardware a software)<\/li>\n<li>Unik\u00e1tn\u00ed 7bajtov\u00e9 s\u00e9riov\u00e9 \u010d\u00edslo pro ka\u017ed\u00e9 za\u0159\u00edzen\u00ed<\/li>\n<li>Voliteln\u00e9 \u201cN\u00c1HODN\u00c9\u201d ID pro vy\u0161\u0161\u00ed zabezpe\u010den\u00ed a soukrom\u00ed<\/li>\n<li>Vz\u00e1jemn\u00e9 t\u0159\u00edpr\u016fchodov\u00e9 ov\u011b\u0159ov\u00e1n\u00ed<\/li>\n<li>Vz\u00e1jemn\u00e9 ov\u011b\u0159ov\u00e1n\u00ed dle normy ISO\/IEC 7816-4<\/li>\n<li>Flexibiln\u00ed spr\u00e1va kl\u00ed\u010d\u016f: 1 karta\u00a0<span class=\"Footnote\" data-id=\"Inclusive Language\">v\u016fdce<\/span>\u00a0kl\u00ed\u010d a a\u017e 14 kl\u00ed\u010d\u016f na aplikaci<\/li>\n<li>V\u00edcen\u00e1sobn\u00e9 p\u0159i\u0159azen\u00ed kl\u00ed\u010d\u016f pro ka\u017ed\u00e9 p\u0159\u00edstupov\u00e9 opr\u00e1vn\u011bn\u00ed k souboru (a\u017e 8)<\/li>\n<li>V\u00edce sad kl\u00ed\u010d\u016f na aplikaci s mechanismem rychl\u00e9ho ot\u00e1\u010den\u00ed kl\u00ed\u010d\u016f (a\u017e 16 sad)<\/li>\n<li>Hardwarov\u00fd DES s pou\u017eit\u00edm 56\/112\/168bitov\u00fdch kl\u00ed\u010d\u016f s verz\u00ed kl\u00ed\u010de<\/li>\n<li>Hardwarov\u00e9 AES s vyu\u017eit\u00edm 128bitov\u00fdch kl\u00ed\u010d\u016f s verz\u00ed kl\u00ed\u010de<\/li>\n<li>Pravost dat pomoc\u00ed 8bajtov\u00e9ho CMAC<\/li>\n<li>Re\u017eim kompatibiln\u00ed s MF3ICD40: 4 bajty MAC, CRC 16<\/li>\n<li>\u0160ifrov\u00e1n\u00ed dat na RF kan\u00e1lu<\/li>\n<li>Autentizace na \u00farovni aplikace<\/li>\n<li>Hardwarov\u00e9 senzory v\u00fdjimek<\/li>\n<li>Samozabezpe\u010dovac\u00ed souborov\u00fd syst\u00e9m<\/li>\n<li>MAC transakce podepsan\u00e1 tajn\u00fdm kl\u00ed\u010dem pro ka\u017edou aplikaci<\/li>\n<li>Architektura virtu\u00e1ln\u00edch karet pro vylep\u0161en\u00fd v\u00fdb\u011br karet\/aplikac\u00ed na za\u0159\u00edzen\u00edch s v\u00edce virtu\u00e1ln\u00edmi kartami s ochranou soukrom\u00ed<\/li>\n<li>Kontrola bl\u00edzkosti pro ochranu p\u0159ed \u00fatoky rel\u00e9<\/li>\n<li>Kontrola originality prokazuj\u00edc\u00ed prav\u00fd produkt NXP<\/li>\n<\/ul>\n<\/div>","protected":false},"excerpt":{"rendered":"<p><strong>RFID Mifare Desfire EV3 2K 4K 8K vlo\u017eka<\/strong> je pokro\u010dil\u00e9 RFID \u0159e\u0161en\u00ed nab\u00edzej\u00edc\u00ed vysokou bezpe\u010dnost, rychl\u00fd p\u0159enos dat, flexibiln\u00ed mo\u017enosti pam\u011bti a bezprobl\u00e9movou integraci pro r\u016fzn\u00e9 aplikace.<\/p>","protected":false},"featured_media":3175,"template":"","meta":{"_kad_post_transparent":"default","_kad_post_title":"","_kad_post_layout":"default","_kad_post_sidebar_id":"","_kad_post_content_style":"default","_kad_post_vertical_padding":"default","_kad_post_feature":"","_kad_post_feature_position":"","_kad_post_header":false,"_kad_post_footer":false,"_kad_post_classname":""},"product_brand":[],"product_cat":[189],"product_tag":[111,108,382],"class_list":{"0":"post-3174","1":"product","2":"type-product","3":"status-publish","4":"has-post-thumbnail","6":"product_cat-rfid-inlay","7":"product_tag-nfc-inlay","8":"product_tag-rfid-inlay","9":"product_tag-rfid-mifare-desfire-ev3-2k-4k-8k-inlay","11":"first","12":"instock","13":"shipping-taxable","14":"product-type-simple","15":"entry","16":"content-bg","17":"loop-entry"},"_links":{"self":[{"href":"https:\/\/rfid-laundry-tag.com\/cs\/wp-json\/wp\/v2\/product\/3174","targetHints":{"allow":["GET"]}}],"collection":[{"href":"https:\/\/rfid-laundry-tag.com\/cs\/wp-json\/wp\/v2\/product"}],"about":[{"href":"https:\/\/rfid-laundry-tag.com\/cs\/wp-json\/wp\/v2\/types\/product"}],"version-history":[{"count":1,"href":"https:\/\/rfid-laundry-tag.com\/cs\/wp-json\/wp\/v2\/product\/3174\/revisions"}],"predecessor-version":[{"id":3179,"href":"https:\/\/rfid-laundry-tag.com\/cs\/wp-json\/wp\/v2\/product\/3174\/revisions\/3179"}],"wp:featuredmedia":[{"embeddable":true,"href":"https:\/\/rfid-laundry-tag.com\/cs\/wp-json\/wp\/v2\/media\/3175"}],"wp:attachment":[{"href":"https:\/\/rfid-laundry-tag.com\/cs\/wp-json\/wp\/v2\/media?parent=3174"}],"wp:term":[{"taxonomy":"product_brand","embeddable":true,"href":"https:\/\/rfid-laundry-tag.com\/cs\/wp-json\/wp\/v2\/product_brand?post=3174"},{"taxonomy":"product_cat","embeddable":true,"href":"https:\/\/rfid-laundry-tag.com\/cs\/wp-json\/wp\/v2\/product_cat?post=3174"},{"taxonomy":"product_tag","embeddable":true,"href":"https:\/\/rfid-laundry-tag.com\/cs\/wp-json\/wp\/v2\/product_tag?post=3174"}],"curies":[{"name":"wp","href":"https:\/\/api.w.org\/{rel}","templated":true}]}}