{"id":317,"date":"2024-06-28T04:00:12","date_gmt":"2024-06-28T04:00:12","guid":{"rendered":"https:\/\/rfid-laundry-tag.com\/?post_type=product&#038;p=317"},"modified":"2024-06-28T04:00:12","modified_gmt":"2024-06-28T04:00:12","slug":"iso15693-i-code-slix-nfc-tag","status":"publish","type":"product","link":"https:\/\/rfid-laundry-tag.com\/cs\/iso15693-i-code-slix-nfc-tag\/","title":{"rendered":"ISO15693 I CODE SLIX NFC Tag"},"content":{"rendered":"<table class=\"hight-light-first-column all magic-1\">\n<tbody>\n<tr>\n<td colspan=\"1\" rowspan=\"1\">\n<div class=\"magic-2\">\n<div class=\"magic-3\" data-spm-anchor-id=\"a2700.pc-decorate.0.i24.7f543333WPG8F0\"><span class=\"magic-4\" data-spm-anchor-id=\"a2700.pc-decorate.0.i23.7f543333WPG8F0\"><span class=\"magic-5\" style=\"color: #000000; font-family: Roboto;\"><b class=\"magic-4\" data-spm-anchor-id=\"a2700.pc-decorate.0.i114.7f543333WPG8F0\">Polo\u017eka<\/b><\/span><\/span><\/div>\n<\/div>\n<\/td>\n<td colspan=\"4\" rowspan=\"1\">\n<div class=\"magic-6\">\u00a0ISO15693 I CODE SLIX NFC Tag<\/div>\n<\/td>\n<\/tr>\n<tr>\n<td colspan=\"1\" rowspan=\"1\">\n<div class=\"magic-2\">\n<div class=\"magic-3\" data-spm-anchor-id=\"a2700.pc-decorate.0.i22.7f543333WPG8F0\"><span class=\"magic-4\" data-spm-anchor-id=\"a2700.pc-decorate.0.i10.7f543333WPG8F0\"><b class=\"magic-4\"><span class=\"magic-5\" style=\"color: #000000; font-family: Roboto;\">Materi\u00e1l<\/span><\/b><\/span><\/div>\n<\/div>\n<\/td>\n<td colspan=\"4\" rowspan=\"1\">\n<div class=\"magic-9\"><span class=\"magic-5\" style=\"color: #000000;\">Pap\u00edr \/ PP f\u00f3lie \/ PET \/ vlo\u017eka<\/span><\/div>\n<\/td>\n<\/tr>\n<tr>\n<td colspan=\"1\" rowspan=\"1\">\n<div class=\"magic-2\">\n<div class=\"magic-3\" data-spm-anchor-id=\"a2700.pc-decorate.0.i34.7f543333WPG8F0\"><b class=\"magic-13\" data-spm-anchor-id=\"a2700.pc-decorate.0.i111.7f543333WPG8F0\"><span class=\"magic-5\" style=\"color: #000000; font-family: Roboto;\">Frekvence<\/span><\/b><\/div>\n<\/div>\n<\/td>\n<td colspan=\"4\" rowspan=\"1\">\n<div class=\"magic-6\"><span class=\"magic-5\" style=\"color: #000000; font-family: Roboto;\" data-spm-anchor-id=\"a2700.details.0.i25.244e512bmtbZH7\">13,56 MHz<\/span><\/div>\n<\/td>\n<\/tr>\n<tr>\n<td colspan=\"1\" rowspan=\"1\">\n<div class=\"magic-2\">\n<div class=\"magic-3\" data-spm-anchor-id=\"a2700.pc-decorate.0.i33.7f543333WPG8F0\"><b class=\"magic-4\"><span class=\"magic-5\" style=\"color: #000000; font-family: Roboto;\">Velikost<\/span><\/b><\/div>\n<\/div>\n<\/td>\n<td colspan=\"4\" rowspan=\"1\">\n<div class=\"magic-9\"><span class=\"magic-5\" style=\"color: #000000;\">50 * 50\/45 * 45\/30 * 15\/40 * 25 \/ Dia 25\/30 nebo p\u0159izp\u016fsoben\u00e1 velikost<\/span><\/div>\n<\/td>\n<\/tr>\n<tr>\n<td colspan=\"1\" rowspan=\"1\">\n<div class=\"magic-2\">\n<div class=\"magic-3\"><b class=\"magic-14\">Aplikace<\/b><\/div>\n<\/div>\n<\/td>\n<td colspan=\"4\" rowspan=\"1\">\n<div class=\"magic-6\" data-spm-anchor-id=\"a2700.details.0.i24.244e512bmtbZH7\"><span class=\"magic-5\" style=\"color: #000000; font-family: Roboto;\">\u0160iroce se pou\u017e\u00edv\u00e1 p\u0159i spr\u00e1v\u011b majetku, spr\u00e1v\u011b od\u011bv\u016f, invent\u00e1\u0159i, knihovn\u011b, klenotnictv\u00ed, logistice atd.<\/span><\/div>\n<\/td>\n<\/tr>\n<\/tbody>\n<\/table>\n<p>&nbsp;<\/p>\n<div class=\"auto-hide-last-sibling-br paragraph_9dc5f paragraph-element\"><strong>RFID vlo\u017eky:<\/strong>\u00a0Vlo\u017eka RFID se skl\u00e1d\u00e1 z ant\u00e9ny a mikro\u010dipu, kde \u010dip ukl\u00e1d\u00e1 data a ant\u00e9na je zodpov\u011bdn\u00e1 za p\u0159enos t\u011bchto dat do \u010dte\u010dky RFID.<\/div>\n<p>&nbsp;<\/p>\n<div class=\"auto-hide-last-sibling-br paragraph_9dc5f paragraph-element\"><strong>Mokr\u00e9 vlo\u017eky:<\/strong>\u00a0Jedn\u00e1 se o RFID vlo\u017eky, kter\u00e9 se umis\u0165uj\u00ed na lepic\u00ed vrstvu a \u010dirou vrstvu PET (polyethylentereftal\u00e1t). PET vrstva slou\u017e\u00ed k ochran\u011b p\u0159ed fyzick\u00fdm po\u0161kozen\u00edm. S lepic\u00ed stranou odvr\u00e1cenou od \u0161t\u00edtku nebo materi\u00e1lu je lze pohodln\u011b pou\u017e\u00edt ke konstrukci \u0161t\u00edtk\u016f RFID, a proto maj\u00ed \u0161irok\u00e9 uplatn\u011bn\u00ed p\u0159i vytv\u00e1\u0159en\u00ed \u0161t\u00edtk\u016f pro r\u016fzn\u00e1 odv\u011btv\u00ed.<\/div>\n<div><\/div>\n<div>\n<div class=\"auto-hide-last-sibling-br paragraph_9dc5f paragraph-element\">\u00a0ISO15693 I CODE SLIX NFC Tag, vyroben\u00fd z r\u016fzn\u00fdch materi\u00e1l\u016f, jako je pap\u00edr, PP f\u00f3lie, PET nebo intarzie, a v r\u016fzn\u00fdch velikostech, je \u0161iroce pou\u017e\u00edv\u00e1n. \u010casto je najdete v odv\u011btv\u00edch, jako jsou:<\/div>\n<p><br class=\"container_21264 wrapper_661ac undefined\" \/><\/p>\n<ul class=\"auto-hide-last-sibling-br\">\n<li><strong>Spr\u00e1va aktiv:<\/strong>\u00a0Tagy se pou\u017e\u00edvaj\u00ed ke sledov\u00e1n\u00ed fyzick\u00fdch aktiv v r\u016fzn\u00fdch nastaven\u00edch, jako je monitorovac\u00ed za\u0159\u00edzen\u00ed ve zdravotnictv\u00ed nebo IT.<\/li>\n<li><strong>Spr\u00e1va oble\u010den\u00ed:<\/strong>\u00a0V maloobchod\u011b s m\u00f3dou tyto zna\u010dky usnad\u0148uj\u00ed sledov\u00e1n\u00ed z\u00e1sob, opat\u0159en\u00ed proti kr\u00e1de\u017ei a zlep\u0161uj\u00ed z\u00e1kaznickou zku\u0161enost v obchod\u011b.<\/li>\n<li><strong>Spr\u00e1va z\u00e1sob:<\/strong>\u00a0Ve skladech a maloobchod\u011b se RFID \u0161t\u00edtky pou\u017e\u00edvaj\u00ed k efektivn\u00ed spr\u00e1v\u011b z\u00e1sob, sn\u00ed\u017een\u00ed ru\u010dn\u00ed pr\u00e1ce a minimalizaci chyb.<\/li>\n<li><strong>Spr\u00e1va knihovny:<\/strong>\u00a0Pou\u017e\u00edvaj\u00ed se k automatizaci proces\u016f p\u016fj\u010dov\u00e1n\u00ed a vracen\u00ed, zlep\u0161en\u00ed \u0159\u00edzen\u00ed z\u00e1sob a nab\u00edz\u00ed zabezpe\u010den\u00ed proti kr\u00e1de\u017ei.<\/li>\n<li><strong>Spr\u00e1va \u0161perk\u016f:<\/strong>\u00a0Tyto lehk\u00e9 a p\u0159esn\u00e9 \u0161t\u00edtky nab\u00edzej\u00ed bezpe\u010dnou a efektivn\u00ed kontrolu z\u00e1sob v klenotnick\u00e9m pr\u016fmyslu.<\/li>\n<li><strong>logistika:<\/strong> RFID \u0161t\u00edtky se pou\u017e\u00edvaj\u00ed p\u0159i sledov\u00e1n\u00ed zbo\u017e\u00ed p\u0159i p\u0159eprav\u011b, zlep\u0161uj\u00ed p\u0159esnost p\u0159epravy a zlep\u0161uj\u00ed viditelnost v dodavatelsk\u00e9m \u0159et\u011bzci.<\/li>\n<\/ul>\n<div class=\"auto-hide-last-sibling-br paragraph_9dc5f paragraph-element\">Velikost a tvar \u0161t\u00edtku lze p\u0159izp\u016fsobit podle konkr\u00e9tn\u00ed aplikace, co\u017e zvy\u0161uje jeho flexibilitu a p\u0159izp\u016fsobivost v r\u016fzn\u00fdch p\u0159\u00edpadech pou\u017eit\u00ed.<\/div>\n<\/div>","protected":false},"excerpt":{"rendered":"<p><strong>Zna\u010dka ISO15693 I CODE SLIX NFC:<\/strong>\u00a0Tyto \u0161t\u00edtky jsou vysokofrekven\u010dn\u00ed (13,56 MHz) RFID \u0161t\u00edtky, kter\u00e9 spl\u0148uj\u00ed normu ISO15693. \u010cip I CODE SLIX je zn\u00e1m\u00fd sv\u00fdm pozoruhodn\u00fdm rozsahem \u010dten\u00ed\/z\u00e1pisu, ide\u00e1ln\u00ed pro aplikace spr\u00e1vy majetku.<\/p>","protected":false},"featured_media":318,"template":"","meta":{"_kad_post_transparent":"default","_kad_post_title":"","_kad_post_layout":"default","_kad_post_sidebar_id":"","_kad_post_content_style":"default","_kad_post_vertical_padding":"default","_kad_post_feature":"","_kad_post_feature_position":"","_kad_post_header":false,"_kad_post_footer":false,"_kad_post_classname":""},"product_brand":[],"product_cat":[54],"product_tag":[133,132],"class_list":{"0":"post-317","1":"product","2":"type-product","3":"status-publish","4":"has-post-thumbnail","6":"product_cat-hot-selling-rfid-tags","7":"product_tag-i-code-slix-nfc-tag","8":"product_tag-iso15693-i-code-slix-nfc-tag","10":"first","11":"instock","12":"shipping-taxable","13":"product-type-simple","14":"entry","15":"content-bg","16":"loop-entry"},"_links":{"self":[{"href":"https:\/\/rfid-laundry-tag.com\/cs\/wp-json\/wp\/v2\/product\/317","targetHints":{"allow":["GET"]}}],"collection":[{"href":"https:\/\/rfid-laundry-tag.com\/cs\/wp-json\/wp\/v2\/product"}],"about":[{"href":"https:\/\/rfid-laundry-tag.com\/cs\/wp-json\/wp\/v2\/types\/product"}],"version-history":[{"count":0,"href":"https:\/\/rfid-laundry-tag.com\/cs\/wp-json\/wp\/v2\/product\/317\/revisions"}],"wp:featuredmedia":[{"embeddable":true,"href":"https:\/\/rfid-laundry-tag.com\/cs\/wp-json\/wp\/v2\/media\/318"}],"wp:attachment":[{"href":"https:\/\/rfid-laundry-tag.com\/cs\/wp-json\/wp\/v2\/media?parent=317"}],"wp:term":[{"taxonomy":"product_brand","embeddable":true,"href":"https:\/\/rfid-laundry-tag.com\/cs\/wp-json\/wp\/v2\/product_brand?post=317"},{"taxonomy":"product_cat","embeddable":true,"href":"https:\/\/rfid-laundry-tag.com\/cs\/wp-json\/wp\/v2\/product_cat?post=317"},{"taxonomy":"product_tag","embeddable":true,"href":"https:\/\/rfid-laundry-tag.com\/cs\/wp-json\/wp\/v2\/product_tag?post=317"}],"curies":[{"name":"wp","href":"https:\/\/api.w.org\/{rel}","templated":true}]}}