{"id":315,"date":"2024-06-28T01:50:42","date_gmt":"2024-06-28T01:50:42","guid":{"rendered":"https:\/\/rfid-laundry-tag.com\/?post_type=product&#038;p=315"},"modified":"2024-08-19T15:48:20","modified_gmt":"2024-08-19T15:48:20","slug":"tamper-proof-nfc-sticker-ntag424-dna-tt","status":"publish","type":"product","link":"https:\/\/rfid-laundry-tag.com\/cs\/tamper-proof-nfc-sticker-ntag424-dna-tt\/","title":{"rendered":"NFC n\u00e1lepka NTAG424 DNA TT odoln\u00e1 proti neopr\u00e1vn\u011bn\u00e9 manipulaci"},"content":{"rendered":"<h2>NFC n\u00e1lepka NTAG424 DNA TT odoln\u00e1 proti neopr\u00e1vn\u011bn\u00e9 manipulaci<\/h2>\n<table class=\"all magic-15\">\n<tbody>\n<tr>\n<td colspan=\"1\" rowspan=\"1\">\n<div class=\"magic-16\" data-spm-anchor-id=\"a2700.details.0.i75.2d9c3353FQLlpS\">Materi\u00e1l<\/div>\n<\/td>\n<td colspan=\"4\" rowspan=\"1\">\n<div class=\"magic-17\">K\u0159ehk\u00fd pap\u00edr+K\u0159ehk\u00e1 ant\u00e9na<\/div>\n<\/td>\n<\/tr>\n<tr>\n<td colspan=\"1\" rowspan=\"1\">\n<div class=\"magic-16\">Velikost<\/div>\n<\/td>\n<td colspan=\"4\" rowspan=\"1\">\n<div class=\"magic-17\">24 * 60 mm, 20 * 70 mm, 27 * 77 mm, 35 * 66 mm, 35 mm * 80 mm atd.<\/div>\n<\/td>\n<\/tr>\n<tr>\n<td colspan=\"1\" rowspan=\"1\">\n<div class=\"magic-16\">Tisk<\/div>\n<\/td>\n<td colspan=\"4\" rowspan=\"1\">\n<div class=\"magic-17\">Plnobarevn\u00fd tisk<\/div>\n<\/td>\n<\/tr>\n<tr>\n<td colspan=\"1\" rowspan=\"1\">\n<div class=\"magic-16\">Frekvence<\/div>\n<\/td>\n<td colspan=\"4\" rowspan=\"1\">\n<div class=\"magic-17\" data-spm-anchor-id=\"a2700.details.0.i74.2d9c3353FQLlpS\">13,56 MHz<\/div>\n<\/td>\n<\/tr>\n<tr>\n<td colspan=\"1\" rowspan=\"1\">\n<div class=\"magic-16\">Protokol<\/div>\n<\/td>\n<td colspan=\"4\" rowspan=\"1\">\n<div class=\"magic-17\">ISO14443A<\/div>\n<\/td>\n<\/tr>\n<tr>\n<td colspan=\"1\" rowspan=\"2\">\n<div class=\"magic-16\">\u010cip<\/div>\n<\/td>\n<td colspan=\"4\" rowspan=\"1\">\n<div class=\"magic-17\">\n<p>NTAG213 TT<\/p>\n<p>* 184 bajt\u016f uspo\u0159\u00e1dan\u00fdch do 46 str\u00e1nek se 4 bajty na str\u00e1nku<br \/>\n* 144 bajt\u016f voln\u011b dostupn\u00e9 u\u017eivatelsk\u00e9 oblasti pro \u010dten\u00ed\/z\u00e1pis (36 str\u00e1nek)<\/p>\n<\/div>\n<\/td>\n<\/tr>\n<tr>\n<td colspan=\"4\" rowspan=\"1\">\n<div class=\"magic-17\">\n<p>NTAG424 DNA TT Tamper (416 bajt\u016f)<\/p>\n<p>416 bajtov\u00e1 pam\u011b\u0165 organizovan\u00e1 v souborov\u00e9m syst\u00e9mu ISO\/IEC 7816-4:<br \/>\n* Kontejner s kapacitou 32 bajt\u016f<br \/>\n* 256 bajt\u016f souboru NDEF<br \/>\n* 128 bajt\u016f chr\u00e1n\u011bn\u00fd datov\u00fd soubor<\/p>\n<\/div>\n<\/td>\n<\/tr>\n<tr>\n<td colspan=\"1\" rowspan=\"1\">\n<div class=\"magic-16\">\u010c\u00edst vzd\u00e1lenost<\/div>\n<\/td>\n<td colspan=\"4\" rowspan=\"1\">\n<div class=\"magic-17\" data-spm-anchor-id=\"a2700.details.0.i76.2d9c3353FQLlpS\">1-10CM (souvis\u00ed s v\u00fdkonem \u010dte\u010dky a pracovn\u00edm prost\u0159ed\u00edm)<\/div>\n<\/td>\n<\/tr>\n<tr>\n<td colspan=\"1\" rowspan=\"1\">\n<div class=\"magic-16\">Funkce<\/div>\n<\/td>\n<td colspan=\"4\" rowspan=\"1\">\n<div class=\"magic-17\">Ochrana proti pad\u011bl\u00e1n\u00ed, ochrana proti neopr\u00e1vn\u011bn\u00e9 manipulaci, jednor\u00e1zov\u00e9 pou\u017eit\u00ed<\/div>\n<\/td>\n<\/tr>\n<tr>\n<td colspan=\"1\" rowspan=\"1\">\n<div class=\"magic-16\">P\u0159izp\u016fsoben\u00e1 podpora<\/div>\n<\/td>\n<td colspan=\"4\" rowspan=\"1\">\n<div class=\"magic-17\">Materi\u00e1l, velikost, \u010dip, tisk, k\u00f3dov\u00e1n\u00ed, s\u00e9riov\u00e9 \u010d\u00edslo, tvar, balen\u00ed atd.<\/div>\n<\/td>\n<\/tr>\n<tr>\n<td colspan=\"1\" rowspan=\"1\">\n<div class=\"magic-16\">Osv\u011bd\u010den\u00ed<\/div>\n<\/td>\n<td colspan=\"4\" rowspan=\"1\">\n<div class=\"magic-17\">CE RoHS ISO<\/div>\n<\/td>\n<\/tr>\n<\/tbody>\n<\/table>\n<h3>Jak funguje TAG (NTAG213 TagTamper \/ 424 DNA TagTamper).<\/h3>\n<p><strong>Obecn\u00e1 z\u00e1sada:<\/strong><\/p>\n<p>Syst\u00e9m TAG vyu\u017e\u00edv\u00e1\u00a0<strong>Technologie RFID<\/strong>\u00a0se specializovanou\u00a0<strong>Tag Tamper<\/strong>\u00a0funkce pro detekci neopr\u00e1vn\u011bn\u00e9ho otev\u0159en\u00ed bal\u00edku. Skl\u00e1d\u00e1 se ze dvou prim\u00e1rn\u00edch slo\u017eek:<\/p>\n<ol>\n<li><strong>RFID \u0161t\u00edtek:<\/strong>\n<ul>\n<li><strong>Hlavn\u00ed ant\u00e9nn\u00ed smy\u010dka:<\/strong>\u00a0P\u0159en\u00e1\u0161\u00ed r\u00e1diov\u00e9 vlny mezi \u010dte\u010dkou RFID a \u010dipem IC.<\/li>\n<li><strong>Detek\u010dn\u00ed smy\u010dka\/vodi\u010d:<\/strong>\u00a0Samostatn\u00fd dr\u00e1t navr\u017een\u00fd tak, aby se zlomil p\u0159i neopr\u00e1vn\u011bn\u00e9 manipulaci. Toto p\u0159eru\u0161en\u00ed je trvale zaznamen\u00e1no \u010dipem IC.<\/li>\n<\/ul>\n<\/li>\n<li><strong>RFID \u010dte\u010dka:<\/strong>\n<ul>\n<li><strong>\u010cte data z RFID \u0161t\u00edtku<\/strong>, v\u010detn\u011b stavu detek\u010dn\u00edho dr\u00e1tu.<\/li>\n<li><strong>P\u0159en\u00e1\u0161\u00ed data na server<\/strong>, kde m\u016f\u017ee b\u00fdt analyzov\u00e1n a pou\u017eit pro r\u016fzn\u00e9 aplikace.<\/li>\n<\/ul>\n<\/li>\n<\/ol>\n<p><strong>Funkce manipulace se zna\u010dkami:<\/strong><\/p>\n<ul>\n<li>Detek\u010dn\u00ed vodi\u010d je p\u0159ipojen k \u010dipu IC.<\/li>\n<li>Kdy\u017e je dr\u00e1t p\u0159eru\u0161en\u00fd, \u010dip\u00a0<strong>uchov\u00e1v\u00e1 trval\u00fd z\u00e1znam o ud\u00e1losti manipulace<\/strong>.<\/li>\n<li>Tato informace m\u016f\u017ee b\u00fdt\u00a0<strong>zrcadleno v ASCII k\u00f3du do u\u017eivatelsk\u00e9 pam\u011bti<\/strong>\u00a0a\u00a0<strong>hl\u00e1\u0161eny do cloudu<\/strong>\u00a0pro dal\u0161\u00ed anal\u00fdzu.<\/li>\n<\/ul>\n<p><strong>424 DNA TagTamper s AES-128 kryptografi\u00ed:<\/strong><\/p>\n<ul>\n<li><strong>Jedine\u010dn\u00e1 ov\u011b\u0159ovac\u00ed zpr\u00e1va NFC (SUN):<\/strong>\u00a0Poka\u017ed\u00e9, kdy\u017e je 424 DNA TagTamper poklep\u00e1n NFC mobilem nebo \u010dte\u010dkou, vygeneruje jedine\u010dn\u00e9 SUN.<\/li>\n<li><strong>Zabezpe\u010den\u00e9 ov\u011b\u0159ov\u00e1n\u00ed:<\/strong>\n<ul>\n<li>SUN je odesl\u00e1no hostitelsk\u00e9mu serveru spolu s jedine\u010dnou adresou URL.<\/li>\n<li>Hostitel prov\u00e1d\u00ed ov\u011b\u0159ov\u00e1n\u00ed pomoc\u00ed kryptografie AES-128.<\/li>\n<li><strong>Ov\u011b\u0159en\u00ed<\/strong>\u00a0se vr\u00e1t\u00ed do \u010dte\u010dky\/mobiln\u00edho za\u0159\u00edzen\u00ed.<\/li>\n<\/ul>\n<\/li>\n<\/ul>\n<p><strong>Aplikace:<\/strong><\/p>\n<ul>\n<li><strong>Pokro\u010dil\u00fd boj proti pad\u011bl\u00e1n\u00ed (ov\u011b\u0159en\u00ed produktu):<\/strong>\n<ul>\n<li>Ov\u011b\u0159uje pravost fyzick\u00e9ho zbo\u017e\u00ed.<\/li>\n<li>Identifikuje prodeje mimo autorizovan\u00e9 trhy.<\/li>\n<\/ul>\n<\/li>\n<li><strong>Detekce neopr\u00e1vn\u011bn\u00e9 manipulace a d\u016fkaz (inteligentn\u00ed balen\u00ed):<\/strong>\n<ul>\n<li>Detekuje neopr\u00e1vn\u011bn\u00e9 otev\u0159en\u00ed produktu.<\/li>\n<li>Zabezpe\u010duje integritu produktu.<\/li>\n<\/ul>\n<\/li>\n<li><strong>Zabezpe\u010den\u00e9 exkluzivn\u00ed u\u017eivatelsk\u00e9 zku\u0161enosti na z\u00e1klad\u011b stavu produktu:<\/strong>\n<ul>\n<li>Umo\u017e\u0148uje pokro\u010dil\u00e9 u\u017eivatelsk\u00e9 interakce (p\u0159ed a po prodeji).<\/li>\n<li>Odm\u011b\u0148uje z\u00e1kazn\u00edky personalizovan\u00fdm obsahem, nab\u00eddkami a v\u00fdhodami.<\/li>\n<\/ul>\n<\/li>\n<li><strong>Zabezpe\u010den\u00e9 aplikace pro citliv\u00e1 data:<\/strong>\n<ul>\n<li>Chr\u00e1n\u00ed citliv\u00e1 data produkt\u016f a u\u017eivatel\u016f.<\/li>\n<li>Spust\u00ed akci p\u0159i ov\u011b\u0159en\u00e9m v\u00fdskytu (nap\u0159. platba).<\/li>\n<\/ul>\n<\/li>\n<li><strong>Bezpe\u010dn\u00e1 autentizace a konfigurace za\u0159\u00edzen\u00ed s uzav\u0159enou smy\u010dkou:<\/strong>\n<ul>\n<li>Ov\u011b\u0159uje spot\u0159ebn\u00ed materi\u00e1l a d\u00edly.<\/li>\n<li>Umo\u017e\u0148uje kontrolu integrity.<\/li>\n<li>Automaticky p\u0159enese nastaven\u00ed za\u0159\u00edzen\u00ed.<\/li>\n<\/ul>\n<\/li>\n<\/ul>\n<p><strong>Kl\u00ed\u010dov\u00e9 v\u00fdhody:<\/strong><\/p>\n<ul>\n<li><strong>Vysok\u00e1 bezpe\u010dnost:<\/strong>\u00a0Funkce detekce manipulace a kryptografie AES-128 zaji\u0161\u0165uj\u00ed integritu dat a zabra\u0148uj\u00ed neopr\u00e1vn\u011bn\u00e9mu p\u0159\u00edstupu.<\/li>\n<li><strong>V\u0161estrann\u00e9 aplikace:<\/strong>\u00a0Syst\u00e9m lze pou\u017e\u00edt pro r\u016fzn\u00e9 \u00fa\u010dely, od ov\u011b\u0159ov\u00e1n\u00ed produktu a\u017e po zabezpe\u010den\u00ed dat.<\/li>\n<li><strong>Sledov\u00e1n\u00ed v re\u00e1ln\u00e9m \u010dase:<\/strong>\u00a0Informace jsou odes\u00edl\u00e1ny do cloudu v re\u00e1ln\u00e9m \u010dase, co\u017e umo\u017e\u0148uje okam\u017eitou akci a sledov\u00e1n\u00ed.<\/li>\n<\/ul>","protected":false},"excerpt":{"rendered":"<p>NTAG 424 DNA je vysoce bezpe\u010dn\u00e1, v\u00fdkonn\u00e1 NFC n\u00e1lepka odoln\u00e1 proti neopr\u00e1vn\u011bn\u00e9 manipulaci NTAG424 DNA TT poskytovan\u00e1 polovodi\u010di NXP. Tag je ide\u00e1ln\u00ed pro ochranu majetku a informac\u00ed, proto\u017ee obsahuje pokro\u010dil\u00e9 funkce, jako je kryptografie AES a ov\u011b\u0159ov\u00e1n\u00ed zpr\u00e1v SUN, a chr\u00e1n\u00ed \u00falo\u017ei\u0161t\u011b citliv\u00fdch dat.<\/p>","protected":false},"featured_media":316,"template":"","meta":{"_kad_post_transparent":"default","_kad_post_title":"","_kad_post_layout":"default","_kad_post_sidebar_id":"","_kad_post_content_style":"default","_kad_post_vertical_padding":"default","_kad_post_feature":"","_kad_post_feature_position":"","_kad_post_header":false,"_kad_post_footer":false,"_kad_post_classname":""},"product_brand":[],"product_cat":[54],"product_tag":[135,134],"class_list":{"0":"post-315","1":"product","2":"type-product","3":"status-publish","4":"has-post-thumbnail","6":"product_cat-hot-selling-rfid-tags","7":"product_tag-tamper-proof-nfc-sticker","8":"product_tag-tamper-proof-nfc-sticker-ntag424-dna-tt","10":"first","11":"instock","12":"shipping-taxable","13":"product-type-simple","14":"entry","15":"content-bg","16":"loop-entry"},"_links":{"self":[{"href":"https:\/\/rfid-laundry-tag.com\/cs\/wp-json\/wp\/v2\/product\/315","targetHints":{"allow":["GET"]}}],"collection":[{"href":"https:\/\/rfid-laundry-tag.com\/cs\/wp-json\/wp\/v2\/product"}],"about":[{"href":"https:\/\/rfid-laundry-tag.com\/cs\/wp-json\/wp\/v2\/types\/product"}],"version-history":[{"count":1,"href":"https:\/\/rfid-laundry-tag.com\/cs\/wp-json\/wp\/v2\/product\/315\/revisions"}],"predecessor-version":[{"id":1566,"href":"https:\/\/rfid-laundry-tag.com\/cs\/wp-json\/wp\/v2\/product\/315\/revisions\/1566"}],"wp:featuredmedia":[{"embeddable":true,"href":"https:\/\/rfid-laundry-tag.com\/cs\/wp-json\/wp\/v2\/media\/316"}],"wp:attachment":[{"href":"https:\/\/rfid-laundry-tag.com\/cs\/wp-json\/wp\/v2\/media?parent=315"}],"wp:term":[{"taxonomy":"product_brand","embeddable":true,"href":"https:\/\/rfid-laundry-tag.com\/cs\/wp-json\/wp\/v2\/product_brand?post=315"},{"taxonomy":"product_cat","embeddable":true,"href":"https:\/\/rfid-laundry-tag.com\/cs\/wp-json\/wp\/v2\/product_cat?post=315"},{"taxonomy":"product_tag","embeddable":true,"href":"https:\/\/rfid-laundry-tag.com\/cs\/wp-json\/wp\/v2\/product_tag?post=315"}],"curies":[{"name":"wp","href":"https:\/\/api.w.org\/{rel}","templated":true}]}}