{"id":313,"date":"2024-06-28T01:43:55","date_gmt":"2024-06-28T01:43:55","guid":{"rendered":"https:\/\/rfid-laundry-tag.com\/?post_type=product&#038;p=313"},"modified":"2024-08-19T15:55:01","modified_gmt":"2024-08-19T15:55:01","slug":"tamper-proof-ntag424-dna-tt-nfc-label","status":"publish","type":"product","link":"https:\/\/rfid-laundry-tag.com\/cs\/tamper-proof-ntag424-dna-tt-nfc-label\/","title":{"rendered":"Neopr\u00e1vn\u011bn\u00e1 manipulace Ntag424 DNA TT NFC Label"},"content":{"rendered":"<table class=\"hight-light-first-column all magic-8\">\n<tbody>\n<tr>\n<td colspan=\"1\" rowspan=\"1\">\n<div class=\"magic-11\"><span class=\"magic-7\" data-spm-anchor-id=\"a2700.details.0.i73.5472537dnd6ZwT\">N\u00e1zev polo\u017eky<\/span><\/div>\n<\/td>\n<td colspan=\"1\" rowspan=\"1\">\n<div class=\"magic-12\"><span class=\"magic-7\">Antifake NFC tag<\/span><\/div>\n<\/td>\n<\/tr>\n<tr>\n<td colspan=\"1\" rowspan=\"1\">\n<div class=\"magic-11\"><span class=\"magic-7\">Kl\u00ed\u010dov\u00e9 slovo<\/span><\/div>\n<\/td>\n<td colspan=\"1\" rowspan=\"1\">\n<div class=\"magic-12\"><span class=\"magic-7\">Neopr\u00e1vn\u011bn\u00e1 manipulace Ntag424 DNA TT NFC Label<\/span><\/div>\n<\/td>\n<\/tr>\n<tr>\n<td colspan=\"1\" rowspan=\"1\">\n<div class=\"magic-11\"><span class=\"magic-7\">Materi\u00e1l<\/span><\/div>\n<\/td>\n<td colspan=\"1\" rowspan=\"1\">\n<div class=\"magic-12\"><span class=\"magic-7\">AL+PET+Pap\u00edr<\/span><\/div>\n<\/td>\n<\/tr>\n<tr>\n<td colspan=\"1\" rowspan=\"1\">\n<div class=\"magic-11\"><span class=\"magic-7\">Velikost<\/span><\/div>\n<\/td>\n<td colspan=\"1\" rowspan=\"1\">\n<div class=\"magic-12\"><span class=\"magic-7\">24*49*0,2mm<\/span><\/div>\n<\/td>\n<\/tr>\n<tr>\n<td colspan=\"1\" rowspan=\"1\">\n<div class=\"magic-11\"><span class=\"magic-7\">\u010cip<\/span><\/div>\n<\/td>\n<td colspan=\"1\" rowspan=\"1\">\n<div class=\"magic-12\"><span class=\"magic-7\">NTag 424 DNA TT<\/span><\/div>\n<\/td>\n<\/tr>\n<tr>\n<td colspan=\"1\" rowspan=\"1\">\n<div class=\"magic-11\"><span class=\"magic-7\">Pam\u011b\u0165<\/span><\/div>\n<\/td>\n<td colspan=\"1\" rowspan=\"1\">\n<div class=\"magic-12\" data-spm-anchor-id=\"a2700.details.0.i72.5472537dnd6ZwT\"><span class=\"magic-7\">416 bajt\u016f<\/span><\/div>\n<\/td>\n<\/tr>\n<tr>\n<td colspan=\"1\" rowspan=\"1\">\n<div class=\"magic-11\"><span class=\"magic-7\">Frekvence<\/span><\/div>\n<\/td>\n<td colspan=\"1\" rowspan=\"1\">\n<div class=\"magic-12\"><span class=\"magic-7\">13,56 MHz<\/span><\/div>\n<\/td>\n<\/tr>\n<tr>\n<td colspan=\"1\" rowspan=\"1\">\n<div class=\"magic-11\"><span class=\"magic-7\">Protokol<\/span><\/div>\n<\/td>\n<td colspan=\"1\" rowspan=\"1\">\n<div class=\"magic-12\"><span class=\"magic-7\">ISO 14443A<\/span><\/div>\n<\/td>\n<\/tr>\n<tr>\n<td colspan=\"1\" rowspan=\"1\">\n<div class=\"magic-11\"><span class=\"magic-7\">aplikace<\/span><\/div>\n<\/td>\n<td colspan=\"1\" rowspan=\"1\">\n<div class=\"magic-12\"><span class=\"magic-7\">Zabezpe\u010den\u00ed alkoholu, \u0161pi\u010dkov\u00e1 kosmetika, \u0161perky, spr\u00e1va majetku atd.<\/span><\/div>\n<\/td>\n<\/tr>\n<tr>\n<td colspan=\"1\" rowspan=\"1\">\n<div class=\"magic-11\"><span class=\"magic-7\">Funkce<\/span><\/div>\n<\/td>\n<td colspan=\"1\" rowspan=\"1\">\n<div class=\"magic-12\"><span class=\"magic-7\">ANTI-FAKE<\/span><\/div>\n<\/td>\n<\/tr>\n<\/tbody>\n<\/table>\n<p>&nbsp;<\/p>\n<p>NTAG 424 DNA je vysoce bezpe\u010dn\u00fd, v\u00fdkonn\u00fd NFC tag od NXP polovodi\u010d\u016f. Tag je ide\u00e1ln\u00ed pro ochranu majetku a informac\u00ed, proto\u017ee obsahuje pokro\u010dil\u00e9 funkce, jako je kryptografie AES a ov\u011b\u0159ov\u00e1n\u00ed zpr\u00e1v SUN, a chr\u00e1n\u00ed \u00falo\u017ei\u0161t\u011b citliv\u00fdch dat.<\/p>\n<div class=\"auto-hide-last-sibling-br paragraph_9dc5f paragraph-element\">NTAG 424 DNA TT (NT4H2421Tx) p\u0159edstavuje neuv\u011b\u0159iteln\u00fd pokrok v oblasti NFC a IoT aplikac\u00ed. Jeho postoj sm\u011b\u0159uje ke zv\u00fd\u0161en\u00e9 bezpe\u010dnosti a ochrana integrity produktu je d\u016fkazem jeho nejmodern\u011bj\u0161\u00edho designu.<\/div>\n<p>&nbsp;<\/p>\n<div class=\"auto-hide-last-sibling-br paragraph_9dc5f paragraph-element\"><strong>Vlastnosti NTAG 424 DNA TT (NT4H2421Tx):<\/strong><\/div>\n<div><\/div>\n<ol class=\"auto-hide-last-sibling-br\">\n<li>\n<div class=\"auto-hide-last-sibling-br paragraph_9dc5f paragraph-element\"><strong>Vysok\u00e1 bezpe\u010dnost:<\/strong>\u00a0D\u00edky nejmodern\u011bj\u0161\u00edm bezpe\u010dnostn\u00edm opat\u0159en\u00edm nab\u00edz\u00ed tento \u010dip pokro\u010dilou ochranu proti neopr\u00e1vn\u011bn\u00e9mu p\u0159\u00edstupu a manipulaci.<\/div>\n<\/li>\n<li>\n<div class=\"auto-hide-last-sibling-br paragraph_9dc5f paragraph-element\"><strong>Detekce stavu:<\/strong>\u00a0\u010cip vyu\u017e\u00edv\u00e1 promy\u0161len\u00e9 algoritmy detekce stavu k rychl\u00e9 identifikaci jak\u00fdchkoliv anom\u00e1li\u00ed. Tato funkce je zvl\u00e1\u0161t\u011b u\u017eite\u010dn\u00e1 p\u0159i zji\u0161\u0165ov\u00e1n\u00ed pokus\u016f o neopr\u00e1vn\u011bnou manipulaci s produkty.<\/div>\n<\/li>\n<li>\n<div class=\"auto-hide-last-sibling-br paragraph_9dc5f paragraph-element\"><strong>Ochrana soukrom\u00ed:<\/strong>\u00a0V dob\u011b, kdy je soukrom\u00ed vysoce cen\u011bno, poskytuje NTAG 424 DNA TT (NT4H2421Tx) tak\u00e9 spolehliv\u00e9 mechanismy ochrany soukrom\u00ed proti potenci\u00e1ln\u00edmu naru\u0161en\u00ed dat.<\/div>\n<\/li>\n<li>\n<div class=\"auto-hide-last-sibling-br paragraph_9dc5f paragraph-element\"><strong>Design odoln\u00fd proti neopr\u00e1vn\u011bn\u00e9 manipulaci:<\/strong>\u00a0Produkt je brilantn\u011b navr\u017een s funkcemi odoln\u00fdmi proti neopr\u00e1vn\u011bn\u00e9 manipulaci, jako je pou\u017eit\u00ed k\u0159ehk\u00fdch materi\u00e1l\u016f p\u0159i v\u00fdrob\u011b ant\u00e9ny, skartovan\u00fd pap\u00edr a opat\u0159en\u00ed proti odlupov\u00e1n\u00ed, aby bylo zaji\u0161t\u011bno, \u017ee \u0161t\u00edtek nebude p\u0159enosn\u00fd.<\/div>\n<\/li>\n<li>\n<div class=\"auto-hide-last-sibling-br paragraph_9dc5f paragraph-element\"><strong>Efektivn\u00ed detekce:<\/strong>\u00a0Kompletn\u00ed \u0161t\u00edtky bez kompromis\u016f lze rychle identifikovat pomoc\u00ed \u010dte\u010dky karet nebo mobiln\u00edho telefonu s podporou NFC. Je-li s n\u00edm manipulov\u00e1no, \u0161t\u00edtek zm\u011bn\u00ed sv\u016fj stav detekce nebo se stane ne\u010diteln\u00fdm, co\u017e znamen\u00e1 probl\u00e9m s integritou produktu.<\/div>\n<\/li>\n<\/ol>\n<div class=\"auto-hide-last-sibling-br paragraph_9dc5f paragraph-element\"><strong>\u010cast\u00e9 dotazy k NTAG 424 DNA TT (NT4H2421Tx):<\/strong><\/div>\n<div><\/div>\n<div class=\"auto-hide-last-sibling-br paragraph_9dc5f paragraph-element\">Q:\u00a0<strong>Jak\u00e9 aplikace budou nejv\u00edce t\u011b\u017eit z NTAG 424 DNA TT (NT4H2421Tx)?<\/strong><br class=\"container_21264 wrapper_661ac undefined\" \/>Odpov\u011b\u010f: NTAG 424 DNA TT (NT4H2421Tx) se v\u011bt\u0161inou pou\u017e\u00edv\u00e1 v odv\u011btv\u00edch vy\u017eaduj\u00edc\u00edch vysokou \u00farove\u0148 zabezpe\u010den\u00ed, jako je luxusn\u00ed zbo\u017e\u00ed, l\u00e9\u010diva, d\u016fle\u017eit\u00e9 dokumenty a dal\u0161\u00ed polo\u017eky, kter\u00e9 vy\u017eaduj\u00ed p\u0159\u00edsn\u00e1 opat\u0159en\u00ed proti pad\u011bl\u00e1n\u00ed.<\/div>\n<div><\/div>\n<div class=\"auto-hide-last-sibling-br paragraph_9dc5f paragraph-element\">Q:\u00a0<strong>Jak spolehliv\u00e1 je funkce detekce manipulace?<\/strong><br class=\"container_21264 wrapper_661ac undefined\" \/>Odpov\u011b\u010f: \u0160t\u00edtek pou\u017e\u00edv\u00e1 pe\u010dliv\u011b navr\u017een\u00e9 k\u0159ehk\u00e9 materi\u00e1ly, d\u00edky kter\u00fdm je vysoce citliv\u00fd na jak\u00e9koli pokusy o manipulaci. P\u0159i neopr\u00e1vn\u011bn\u00e9 manipulaci zm\u011bn\u00ed stav detekce nebo se stane ne\u010diteln\u00fdm, \u010d\u00edm\u017e \u00fa\u010dinn\u011b ozna\u010d\u00ed jak\u00e9koli neopr\u00e1vn\u011bn\u00e9 pokusy o neopr\u00e1vn\u011bnou manipulaci.<\/div>\n<div class=\"auto-hide-last-sibling-br paragraph_9dc5f paragraph-element\">Tyto pokro\u010dil\u00e9 funkce NTAG 424 DNA TT (NT4H2421Tx) slou\u017e\u00ed k pos\u00edlen\u00ed bezpe\u010dnosti, ochrany a pravosti jak\u00e9hokoli produktu, se kter\u00fdm je spojen.<\/div>","protected":false},"excerpt":{"rendered":"<p>NTAG 424 DNA TT nastavuje nov\u00fd standard v zabezpe\u010den\u00fdch aplikac\u00edch NFC a IoT a p\u0159edstavuje novou generaci \u010dipu NTAG DNA s nejmodern\u011bj\u0161\u00edmi funkcemi pro zabezpe\u010den\u00ed, detekci stavu a ochranu soukrom\u00ed.<\/p>","protected":false},"featured_media":314,"template":"","meta":{"_kad_post_transparent":"default","_kad_post_title":"","_kad_post_layout":"default","_kad_post_sidebar_id":"","_kad_post_content_style":"default","_kad_post_vertical_padding":"default","_kad_post_feature":"","_kad_post_feature_position":"","_kad_post_header":false,"_kad_post_footer":false,"_kad_post_classname":""},"product_brand":[],"product_cat":[54],"product_tag":[130,131],"class_list":{"0":"post-313","1":"product","2":"type-product","3":"status-publish","4":"has-post-thumbnail","6":"product_cat-hot-selling-rfid-tags","7":"product_tag-tamper-proof-ntag424-dna-tt-nfc-sticker","8":"product_tag-tamper-proof-ntag424-tt-nfc-sticker","10":"first","11":"instock","12":"shipping-taxable","13":"product-type-simple","14":"entry","15":"content-bg","16":"loop-entry"},"_links":{"self":[{"href":"https:\/\/rfid-laundry-tag.com\/cs\/wp-json\/wp\/v2\/product\/313","targetHints":{"allow":["GET"]}}],"collection":[{"href":"https:\/\/rfid-laundry-tag.com\/cs\/wp-json\/wp\/v2\/product"}],"about":[{"href":"https:\/\/rfid-laundry-tag.com\/cs\/wp-json\/wp\/v2\/types\/product"}],"version-history":[{"count":3,"href":"https:\/\/rfid-laundry-tag.com\/cs\/wp-json\/wp\/v2\/product\/313\/revisions"}],"predecessor-version":[{"id":1569,"href":"https:\/\/rfid-laundry-tag.com\/cs\/wp-json\/wp\/v2\/product\/313\/revisions\/1569"}],"wp:featuredmedia":[{"embeddable":true,"href":"https:\/\/rfid-laundry-tag.com\/cs\/wp-json\/wp\/v2\/media\/314"}],"wp:attachment":[{"href":"https:\/\/rfid-laundry-tag.com\/cs\/wp-json\/wp\/v2\/media?parent=313"}],"wp:term":[{"taxonomy":"product_brand","embeddable":true,"href":"https:\/\/rfid-laundry-tag.com\/cs\/wp-json\/wp\/v2\/product_brand?post=313"},{"taxonomy":"product_cat","embeddable":true,"href":"https:\/\/rfid-laundry-tag.com\/cs\/wp-json\/wp\/v2\/product_cat?post=313"},{"taxonomy":"product_tag","embeddable":true,"href":"https:\/\/rfid-laundry-tag.com\/cs\/wp-json\/wp\/v2\/product_tag?post=313"}],"curies":[{"name":"wp","href":"https:\/\/api.w.org\/{rel}","templated":true}]}}