{"id":312,"date":"2024-06-26T17:16:17","date_gmt":"2024-06-26T17:16:17","guid":{"rendered":"https:\/\/rfid-laundry-tag.com\/?post_type=product&#038;p=312"},"modified":"2024-06-26T17:19:23","modified_gmt":"2024-06-26T17:19:23","slug":"ntag213-nfc-inlay-dia25mm","status":"publish","type":"product","link":"https:\/\/rfid-laundry-tag.com\/cs\/ntag213-nfc-inlay-dia25mm\/","title":{"rendered":"Ntag213 NFC vlo\u017eka pr\u016fm\u011br 25 mm"},"content":{"rendered":"<div class=\"text-title\"><strong><span class=\"magic-26\" style=\"font-family: Arial;\" data-spm-anchor-id=\"a2700.details.0.i47.6f4d7d7dnursE7\">Vlo\u017eka NFC Dry<\/span><\/strong><\/div>\n<div class=\"text-content\">\n<p><span class=\"magic-6\" style=\"font-family: Arial;\">Jednodu\u0161e \u0159e\u010deno, such\u00e1 vlo\u017eka RFID je kombinac\u00ed \u010dipu RFID a ant\u00e9ny. M\u016f\u017ee b\u00fdt pou\u017eit pro v\u00fdrobu NFC n\u00e1lepky, RFID \u0161t\u00edtku, RFID l\u00edstku a r\u016fzn\u00fdch RFID \u0161t\u00edtk\u016f. <\/span><\/p>\n<div data-spm-anchor-id=\"a2700.details.0.i46.6f4d7d7dnursE7\">\n<p><span class=\"magic-6\" style=\"font-family: Arial;\"> Ant\u00e9na such\u00e9ho inlaye je hlin\u00edkov\u00e1 leptan\u00e1, kter\u00e1 je ten\u010d\u00ed ne\u017e m\u011bd\u011bn\u00e1 c\u00edvka. Tvar ant\u00e9ny m\u016f\u017ee b\u00fdt p\u0159izp\u016fsoben a p\u0159epracov\u00e1n na vy\u017e\u00e1d\u00e1n\u00ed.<\/span><\/p>\n<div><\/div>\n<\/div>\n<\/div>\n<div>\n<div class=\"text-title\"><strong><span class=\"magic-26\" style=\"font-family: Arial;\">Mokr\u00e1 vlo\u017eka NFC<\/span><\/strong><\/div>\n<div class=\"text-content\">\n<p><span class=\"magic-6\" style=\"font-family: Arial;\" data-spm-anchor-id=\"a2700.details.0.i49.6f4d7d7dnursE7\">Such\u00e1 vlo\u017eka RFID p\u0159idan\u00e1 s lepidlem se naz\u00fdv\u00e1 vlhk\u00e1 vlo\u017eka. Pokud nepot\u0159ebujete \u017e\u00e1dn\u00fd tisk na povrch, lze jej pou\u017e\u00edt p\u0159\u00edmo jako RFID \u0161t\u00edtek nebo NFC n\u00e1lepku. Nalepen\u00ed na p\u0159edm\u011bty m\u016f\u017ee u\u0161et\u0159it n\u00e1klady a dos\u00e1hnout stejn\u00e9ho \u00fa\u010delu. Je tak\u00e9 \u0161iroce pou\u017e\u00edv\u00e1n p\u0159i v\u00fdrob\u011b RFID \u0161t\u00edtk\u016f. Ant\u00e9na mokr\u00e9 inlay je hlin\u00edkov\u00e1 leptan\u00e1, kter\u00e1 je ten\u010d\u00ed ve srovn\u00e1n\u00ed s m\u011bd\u011bnou c\u00edvkou. Tvar ant\u00e9ny m\u016f\u017ee b\u00fdt p\u0159izp\u016fsoben a p\u0159epracov\u00e1n na vy\u017e\u00e1d\u00e1n\u00ed.<\/span><\/p>\n<div>\n<h2>Ntag213 NFC vlo\u017eka pr\u016fm\u011br 25 mm<\/h2>\n<p>Tato specifikace popisuje vlo\u017eku Ntag213 NFC o pr\u016fm\u011bru 25 mm. Jedn\u00e1 se o suchou vlo\u017eku, co\u017e znamen\u00e1, \u017ee nem\u00e1 lepic\u00ed podklad a vy\u017eaduje dal\u0161\u00ed kroky pro p\u0159ipevn\u011bn\u00ed k p\u0159edm\u011btu.<\/p>\n<p><strong>Kl\u00ed\u010dov\u00e9 vlastnosti:<\/strong><\/p>\n<ul>\n<li><strong>\u010cip:<\/strong>\u00a0Ntag213<\/li>\n<li><strong>Pr\u016fm\u011br:<\/strong>\u00a025 mm<\/li>\n<li><strong>Typ:<\/strong>\u00a0Such\u00e1 vlo\u017eka<\/li>\n<li><strong>Protokol:<\/strong>\u00a0ISO\/IEC 14443 Typ A<\/li>\n<li><strong>Frekvence:<\/strong>\u00a013,56 MHz<\/li>\n<li><strong>Pam\u011b\u0165:<\/strong>\u00a0144 bajt\u016f<\/li>\n<\/ul>\n<p><strong>v\u00fdhody:<\/strong><\/p>\n<ul>\n<li><strong>N\u00e1kladov\u011b efektivn\u00ed:<\/strong>\u00a0Ntag213 je \u0161iroce pou\u017e\u00edvan\u00fd a cenov\u011b dostupn\u00fd \u010dip NFC.<\/li>\n<li><strong>Univerz\u00e1ln\u00ed:<\/strong>\u00a0D\u00edky velikosti pam\u011bti a funk\u010dnosti je vhodn\u00fd pro \u0161irokou \u0161k\u00e1lu aplikac\u00ed.<\/li>\n<li><strong>Odoln\u00fd:<\/strong>\u00a0Such\u00e9 vlo\u017eky nab\u00edzej\u00ed lep\u0161\u00ed odolnost ve srovn\u00e1n\u00ed s mokr\u00fdmi vlo\u017ekami.<\/li>\n<li><strong>P\u0159izp\u016fsobiteln\u00e9:<\/strong>\u00a0Ant\u00e9nu lze p\u0159izp\u016fsobit pro konkr\u00e9tn\u00ed aplikace.<\/li>\n<\/ul>\n<p><strong>Aplikace:<\/strong><\/p>\n<ul>\n<li><strong>Kontrola p\u0159\u00edstupu:<\/strong>\u00a0Kl\u00ed\u010dov\u00e9 karty, RFID odznaky a dal\u0161\u00ed zabezpe\u010den\u00e9 p\u0159\u00edstupov\u00e9 syst\u00e9my.<\/li>\n<li><strong>Sledov\u00e1n\u00ed majetku:<\/strong>\u00a0Sledov\u00e1n\u00ed z\u00e1sob, vybaven\u00ed a dal\u0161\u00edho cenn\u00e9ho majetku.<\/li>\n<li><strong>Marketing a reklama:<\/strong>\u00a0Interaktivn\u00ed plak\u00e1ty, propaga\u010dn\u00ed materi\u00e1ly a v\u011brnostn\u00ed programy.<\/li>\n<li><strong>Platebn\u00ed syst\u00e9my:<\/strong>\u00a0Bezkontaktn\u00ed platebn\u00ed karty a mobiln\u00ed pen\u011b\u017eenky.<\/li>\n<li><strong>\u00dalo\u017ei\u0161t\u011b dat:<\/strong>\u00a0Ukl\u00e1d\u00e1n\u00ed mal\u00e9ho mno\u017estv\u00ed dat, jako jsou informace o produktu nebo s\u00e9riov\u00e1 \u010d\u00edsla.<\/li>\n<\/ul>\n<\/div>\n<div data-spm-anchor-id=\"a2700.details.0.i48.6f4d7d7dnursE7\"><\/div>\n<\/div>\n<\/div>","protected":false},"excerpt":{"rendered":"<p><strong>RFID NFC vlo\u017eky<\/strong> existuj\u00ed ve dvou typech, mokr\u00e9 a such\u00e9. Vlhk\u00e1 vlo\u017eka RFID NFC m\u00e1 lepiv\u00fd podklad, zat\u00edmco such\u00e1 ne. Poskytuj\u00ed mo\u017enost \u0161t\u00edtku pracuj\u00edc\u00ed na frekvenci 13,56 MHz speci\u00e1ln\u011b navr\u017eenou pro v\u00fdrobce origin\u00e1ln\u00edho vybaven\u00ed (OEM). Pro tyto vlo\u017eky jsou k dispozici pam\u011b\u0165ov\u00e9 \u010dipy ISO 15693 a 14443 NFC.<\/p>","protected":false},"featured_media":287,"template":"","meta":{"_kad_post_transparent":"default","_kad_post_title":"","_kad_post_layout":"default","_kad_post_sidebar_id":"","_kad_post_content_style":"default","_kad_post_vertical_padding":"default","_kad_post_feature":"","_kad_post_feature_position":"","_kad_post_header":false,"_kad_post_footer":false,"_kad_post_classname":""},"product_brand":[],"product_cat":[54],"product_tag":[111,129],"class_list":{"0":"post-312","1":"product","2":"type-product","3":"status-publish","4":"has-post-thumbnail","6":"product_cat-hot-selling-rfid-tags","7":"product_tag-nfc-inlay","8":"product_tag-ntag213-nfc-inlay-dia25mm","10":"first","11":"instock","12":"shipping-taxable","13":"product-type-simple","14":"entry","15":"content-bg","16":"loop-entry"},"_links":{"self":[{"href":"https:\/\/rfid-laundry-tag.com\/cs\/wp-json\/wp\/v2\/product\/312","targetHints":{"allow":["GET"]}}],"collection":[{"href":"https:\/\/rfid-laundry-tag.com\/cs\/wp-json\/wp\/v2\/product"}],"about":[{"href":"https:\/\/rfid-laundry-tag.com\/cs\/wp-json\/wp\/v2\/types\/product"}],"version-history":[{"count":0,"href":"https:\/\/rfid-laundry-tag.com\/cs\/wp-json\/wp\/v2\/product\/312\/revisions"}],"wp:featuredmedia":[{"embeddable":true,"href":"https:\/\/rfid-laundry-tag.com\/cs\/wp-json\/wp\/v2\/media\/287"}],"wp:attachment":[{"href":"https:\/\/rfid-laundry-tag.com\/cs\/wp-json\/wp\/v2\/media?parent=312"}],"wp:term":[{"taxonomy":"product_brand","embeddable":true,"href":"https:\/\/rfid-laundry-tag.com\/cs\/wp-json\/wp\/v2\/product_brand?post=312"},{"taxonomy":"product_cat","embeddable":true,"href":"https:\/\/rfid-laundry-tag.com\/cs\/wp-json\/wp\/v2\/product_cat?post=312"},{"taxonomy":"product_tag","embeddable":true,"href":"https:\/\/rfid-laundry-tag.com\/cs\/wp-json\/wp\/v2\/product_tag?post=312"}],"curies":[{"name":"wp","href":"https:\/\/api.w.org\/{rel}","templated":true}]}}