{"id":3117,"date":"2025-12-18T12:06:28","date_gmt":"2025-12-18T12:06:28","guid":{"rendered":"https:\/\/rfid-laundry-tag.com\/?post_type=product&#038;p=3117"},"modified":"2026-01-04T12:40:55","modified_gmt":"2026-01-04T12:40:55","slug":"textile-iron-durable-heat-sealed-rfid-laundry-tag","status":"publish","type":"product","link":"https:\/\/rfid-laundry-tag.com\/cs\/textile-iron-durable-heat-sealed-rfid-laundry-tag\/","title":{"rendered":"Odoln\u00e1 tepeln\u011b zataven\u00e1 RFID visa\u010dka na pr\u00e1dlo pro textiln\u00ed \u017eehli\u010dku"},"content":{"rendered":"<div>\n<div>\n<h2>Odoln\u00e1 tepeln\u011b zataven\u00e1 RFID visa\u010dka na pr\u00e1dlo pro textiln\u00ed \u017eehli\u010dku<\/h2>\n<p>&nbsp;<\/p>\n<p><strong><a href=\"https:\/\/rfid-laundry-tag.com\/cs\/textile-rfid-laundry-tag\/\">Tepeln\u011b uzav\u00edrateln\u00fd RFID \u0161t\u00edtek na pr\u00e1dlo<\/a>\u00a0\u2013 Odoln\u00e9, vysokoteplotn\u011b odoln\u00e9 \u0159e\u0161en\u00ed pro sledov\u00e1n\u00ed textili\u00ed<\/strong><\/p>\n<p>Na\u0161e RFID \u0161t\u00edtky pro pr\u00e1dlo s tepeln\u00fdm p\u0159etla\u010dov\u00e1n\u00edm nab\u00edzej\u00ed robustn\u00ed a spolehliv\u00e9 \u0159e\u0161en\u00ed pro identifikaci a sledov\u00e1n\u00ed textili\u00ed v odv\u011btv\u00edch zdravotnictv\u00ed, pr\u016fmyslov\u00e9ho pr\u00e1delnictv\u00ed a spr\u00e1vy uniforem v Evrop\u011b, USA a Kanad\u011b. Jsou tak\u00e9 zn\u00e1m\u00e9 jako \u0161t\u00edtky pro p\u0159enos tepla.\u00a0<a href=\"https:\/\/rfid-laundry-tag.com\/cs\/textile-rfid-laundry-tag\/\">RFID \u0161t\u00edtek na pr\u00e1dlo<\/a>, nebo tepeln\u011b zataviteln\u00e9 RFID visa\u010dky na pr\u00e1dlo, poskytuj\u00ed v\u00fdjime\u010dn\u00fd v\u00fdkon i v n\u00e1ro\u010dn\u00fdch podm\u00ednk\u00e1ch pran\u00ed.<\/p>\n<h2>v\u00fdhody:<\/h2>\n<p align=\"left\" data-spm-anchor-id=\"a2700.details-description.0.i1.404eTMiRTMiR6E\">1). Vod\u011bodolnost a tepeln\u00e1 odolnost<br \/>\n2).200 prac\u00edch cykl\u016f nebo 300 pran\u00ed<br \/>\n3). \u010ctec\u00ed vzd\u00e1lenost 8~12 metr\u016f<br \/>\n4). Dodac\u00ed lh\u016fta je 3 dny<\/p>\n<\/div>\n<h3>Kl\u00ed\u010dov\u00e9 vlastnosti<\/h3>\n<ul>\n<li>Vod\u011bodoln\u00e9 a chemicky odoln\u00e9: Navr\u017eeno tak, aby sn\u00e1\u0161elo prac\u00ed prost\u0159edky, aviv\u00e1\u017ee, b\u011blidlo (kysl\u00edk\/chl\u00f3r) a alkalick\u00e9 o\u0161et\u0159en\u00ed.<\/li>\n<li>Tepeln\u011b aktivovan\u00e1 RFID zna\u010dka: Bezprobl\u00e9mov\u00e1 integrace s tepeln\u00fdmi sva\u0159ovac\u00edmi stroji pro rychl\u00e9 a pevn\u00e9 uchycen\u00ed.<\/li>\n<li>Na\u017eehlovac\u00ed RFID \u0161t\u00edtek na pr\u00e1dlo: Snadno se aplikuje standardn\u00edm tepeln\u00fdm lisem nebo \u0161it\u00edm, ide\u00e1ln\u00ed pro zapu\u0161t\u011bn\u00ed do okraj\u016f textili\u00ed nebo \u0161t\u00edtk\u016f s pokyny pro p\u00e9\u010di.<\/li>\n<li>Nositeln\u00e1 RFID tag s tepeln\u00fdm lisov\u00e1n\u00edm: Zaji\u0161\u0165uje trvalou p\u0159ilnavost a sni\u017euje ztr\u00e1tu tagu v pr\u016fb\u011bhu \u017eivotn\u00edho cyklu.<\/li>\n<li>Vysokoteplotn\u00ed RFID \u0161t\u00edtek na pr\u00e1dlo: Vyroben tak, aby odolal intenzivn\u00edmu teplu a mechanick\u00e9mu nam\u00e1h\u00e1n\u00ed v pr\u016fmyslov\u00fdch prac\u00edch procesech.<\/li>\n<\/ul>\n<div>\n<table width=\"637\">\n<tbody>\n<tr>\n<td width=\"328\">N\u00e1zev polo\u017eky:<\/td>\n<td width=\"309\">Odoln\u00e1 tepeln\u011b zataven\u00e1 RFID visa\u010dka na pr\u00e1dlo pro textiln\u00ed \u017eehli\u010dku<\/td>\n<\/tr>\n<tr>\n<td width=\"328\">RFID standard:<\/td>\n<td width=\"309\">ISO\/IEC 18000-6 TypeC (EPC Gen2)<\/td>\n<\/tr>\n<tr>\n<td width=\"328\">Velikost a hmotnost:<\/td>\n<td width=\"309\">\u00a035 mm x 15 mm; 58 mm x 15 mm; 70 mm x 10 mm 70 x 15 mm 75 x 12 mm 75 x 15 mm nebo na zak\u00e1zku<\/td>\n<\/tr>\n<tr>\n<td width=\"328\">Typ \u010dipu:<\/td>\n<td width=\"309\">Monza 4QT, NXP U CODE 9, Alien H9 atd.<\/td>\n<\/tr>\n<tr>\n<td width=\"328\">Pam\u011b\u0165 EPC:<\/td>\n<td width=\"309\">128 bit\u016f<\/td>\n<\/tr>\n<tr>\n<td width=\"328\">U\u017eivatelsk\u00e1 pam\u011b\u0165:<\/td>\n<td width=\"309\">512 bit\u016f<\/td>\n<\/tr>\n<tr>\n<td width=\"328\">Rozsah \u010dten\u00ed (2W ERP FCC):<\/td>\n<td width=\"309\">8M~10M<\/td>\n<\/tr>\n<tr>\n<td width=\"328\">Rozsah \u010dten\u00ed (2W ERP ETSI):<\/td>\n<td width=\"309\">8M~10M<\/td>\n<\/tr>\n<tr>\n<td width=\"328\">Ozna\u010dov\u00e1n\u00ed:<\/td>\n<td width=\"309\">Lepidlo pro horkou ra\u017ebu, topn\u00e9 t\u011bsn\u011bn\u00ed, otvor atd.<\/td>\n<\/tr>\n<tr>\n<td width=\"328\">Odhadovan\u00e1 \u017eivotnost:<\/td>\n<td width=\"309\">200 prac\u00edch cykl\u016f nebo 300 pran\u00ed<\/td>\n<\/tr>\n<tr>\n<td width=\"328\">Zp\u016fsob pran\u00ed:<\/td>\n<td width=\"309\">Pr\u00e1delna, Chemick\u00e9 \u010di\u0161t\u011bn\u00ed<\/td>\n<\/tr>\n<tr>\n<td width=\"328\">Tlak ods\u00e1v\u00e1n\u00ed vody:<\/td>\n<td width=\"309\">60 bar<\/td>\n<\/tr>\n<tr>\n<td width=\"328\">Vod\u011bodolnost:<\/td>\n<td width=\"309\">Vod\u011bodoln\u00fd<\/td>\n<\/tr>\n<tr>\n<td width=\"328\">Chemick\u00e1 odolnost:<\/td>\n<td width=\"309\">Prac\u00ed prost\u0159edek, aviv\u00e1\u017e, b\u011blidlo (kysl\u00edk\/chl\u00f3r), alk\u00e1lie<\/td>\n<\/tr>\n<tr>\n<td width=\"328\">P\u0159edsu\u0161en\u00ed v bubnu:<\/td>\n<td width=\"309\">125 \u00baC po dobu 15-20 minut<\/td>\n<\/tr>\n<tr>\n<td width=\"328\">Teplota sterilizace:<\/td>\n<td width=\"309\">135\u00b0C po dobu 15-20 minut<\/td>\n<\/tr>\n<tr>\n<td width=\"328\">Teplota pran\u00ed:<\/td>\n<td width=\"309\">90\u00b0C, a\u017e 15 min.<\/td>\n<\/tr>\n<tr>\n<td width=\"328\">Provozn\u00ed vlhkost \/ teplota:<\/td>\n<td width=\"309\">-20 a\u017e 110 \u00b0C, 8 a\u017e 951 TP3TRH<\/td>\n<\/tr>\n<tr>\n<td width=\"328\">Skladov\u00e1n\u00ed vlhkosti\/teploty:<\/td>\n<td width=\"309\">-40 a\u017e 110 \u00b0C, 8 a\u017e 95%RH<\/td>\n<\/tr>\n<\/tbody>\n<\/table>\n<\/div>\n<\/div>\n<figure id=\"attachment_3280\" class=\"wp-caption alignnone\" aria-describedby=\"caption-attachment-3280\"><figcaption id=\"caption-attachment-3280\" class=\"wp-caption-text\">\n<figure id=\"attachment_3085\" aria-describedby=\"caption-attachment-3085\" style=\"width: 750px\" class=\"wp-caption alignnone\"><a href=\"https:\/\/rfid-laundry-tag.com\/cs\/textile-rfid-laundry-tag\/\"><img fetchpriority=\"high\" decoding=\"async\" class=\"size-full wp-image-3085\" src=\"https:\/\/rfid-laundry-tag.com\/wp-content\/uploads\/2025\/12\/UHF-RFID-washable-laundry-tag-11.jpg\" alt=\"Washable RFID Tags for Laundry Uniform\" width=\"750\" height=\"750\" srcset=\"https:\/\/rfid-laundry-tag.com\/wp-content\/uploads\/2025\/12\/UHF-RFID-washable-laundry-tag-11.jpg 750w, https:\/\/rfid-laundry-tag.com\/wp-content\/uploads\/2025\/12\/UHF-RFID-washable-laundry-tag-11-300x300.jpg 300w, https:\/\/rfid-laundry-tag.com\/wp-content\/uploads\/2025\/12\/UHF-RFID-washable-laundry-tag-11-150x150.jpg 150w, https:\/\/rfid-laundry-tag.com\/wp-content\/uploads\/2025\/12\/UHF-RFID-washable-laundry-tag-11-12x12.jpg 12w, https:\/\/rfid-laundry-tag.com\/wp-content\/uploads\/2025\/12\/UHF-RFID-washable-laundry-tag-11-600x600.jpg 600w, https:\/\/rfid-laundry-tag.com\/wp-content\/uploads\/2025\/12\/UHF-RFID-washable-laundry-tag-11-100x100.jpg 100w\" sizes=\"(max-width: 750px) 100vw, 750px\" \/><\/a><figcaption id=\"caption-attachment-3085\" class=\"wp-caption-text\">Prateln\u00e9 RFID \u0161t\u00edtky pro pr\u00e1deln\u00ed uniformy<\/figcaption><\/figure>\n<\/figcaption><\/figure>\n<p>Tato RFID \u0161t\u00edtek na pr\u00e1dlo s tepeln\u00fdm lepidlem, vyroben\u00fd z tkan\u00e9ho polyesteru a pr\u00e9miov\u00fdch tepeln\u011b aktivovan\u00fdch lepidel, se bezpe\u010dn\u011b p\u0159ilep\u00ed k bavln\u011bn\u00fdm, polyesterov\u00fdm a sm\u011bsov\u00fdm textili\u00edm. \u0160t\u00edtek odol\u00e1v\u00e1 n\u00e1ro\u010dn\u00fdm prac\u00edm cykl\u016fm, v\u010detn\u011b sterilizace p\u0159i vysok\u00fdch teplot\u00e1ch, d\u00edky \u010demu\u017e je ide\u00e1ln\u00ed pro pou\u017eit\u00ed v RFID syst\u00e9mech pro spr\u00e1vu pr\u00e1dla \u0161iroce pou\u017e\u00edvan\u00fdch v nemocnic\u00edch a pr\u016fmyslov\u00fdch pr\u00e1deln\u00e1ch.<\/p>\n<div class=\"entry-content-asset videofit\"><iframe title=\"Pro\u010d pou\u017e\u00edvat RFID v textiln\u00edm pr\u00e1delnictv\u00ed?\" src=\"https:\/\/www.youtube.com\/embed\/X_P3EuhS_hE?feature=oembed\" width=\"720\" height=\"405\" frameborder=\"0\" allowfullscreen=\"allowfullscreen\" data-mce-fragment=\"1\"><\/iframe><\/div>\n<div>\n<h3><strong><b>Aplikace na glob\u00e1ln\u00edch trz\u00edch<\/b><\/strong><\/h3>\n<p>N\u00e1\u0161\u00a0<strong>RFID \u0161t\u00edtek na pr\u00e1dlo pro zdravotnictv\u00ed<\/strong>\u00a0Umo\u017e\u0148uje p\u0159esn\u00e9 sledov\u00e1n\u00ed prost\u011bradel, ru\u010dn\u00edk\u016f a uniforem, co\u017e podporuje kontrolu infekc\u00ed a p\u0159esnost invent\u00e1\u0159e v nemocnic\u00edch v Severn\u00ed Americe a Evrop\u011b. Textiln\u00ed RFID \u0161t\u00edtky pro nemocnice zlep\u0161uj\u00ed \u0159\u00edzen\u00ed \u017eivotn\u00edho cyklu pr\u00e1dla, sni\u017euj\u00ed ztr\u00e1ty a zvy\u0161uj\u00ed provozn\u00ed efektivitu v prost\u0159ed\u00edch s d\u016frazem na dodr\u017eov\u00e1n\u00ed p\u0159edpis\u016f.<\/p>\n<p>V pr\u016fmyslov\u00fdch pr\u00e1deln\u00e1ch\u00a0<strong>RFID prateln\u00fd \u0161t\u00edtek pro pr\u016fmyslov\u00e9 pr\u00e1delny<\/strong>\u00a0je kl\u00ed\u010dov\u00fd pro \u0159\u00edzen\u00ed velkoobjemov\u00e9ho zpracov\u00e1n\u00ed lnu a nab\u00edz\u00ed bezprobl\u00e9movou integraci do\u00a0<strong>Syst\u00e9my pro spr\u00e1vu pr\u00e1delen s RFID<\/strong>\u00a0navr\u017eeno pro n\u00e1ro\u010dn\u00e9 podm\u00ednky pran\u00ed.\u00a0<strong>jednotn\u00fd RFID sledovac\u00ed \u010dip<\/strong>\u00a0Zabudovan\u00e9 do odoln\u00fdch RFID \u0161t\u00edtk\u016f pro uniformy pom\u00e1haj\u00ed nadn\u00e1rodn\u00edm korporac\u00edm a zdravotnick\u00fdm za\u0159\u00edzen\u00edm udr\u017eovat odpov\u011bdnost a optimalizovat ob\u011bh uniforem.<\/p>\n<h3><strong><b>Instalace a pou\u017eit\u00ed<\/b><\/strong><\/h3>\n<ul>\n<li><strong>Zna\u010den\u00ed steh\u016f:<\/strong>P\u0159i\u0161\u00edvejte do lem\u016f od\u011bv\u016f sm\u011brem od lini\u00ed ohybu, abyste zabr\u00e1nili po\u0161kozen\u00ed<\/li>\n<li><strong>Tepeln\u00e9 sva\u0159ov\u00e1n\u00ed:<\/strong>Aplikujte p\u0159i teplot\u011b 200 \u00b0C (392 \u00b0F) po dobu 12\u201314 sekund pomoc\u00ed standardn\u00edch tepeln\u00fdch sva\u0159ovac\u00edch stroj\u016f.<\/li>\n<li><strong>V s\u00e1\u010dku:<\/strong>Pro zachov\u00e1n\u00ed estetiky od\u011bvu p\u0159i\u0161ijte dovnit\u0159 \u0161t\u00edtky se standardn\u00ed p\u00e9\u010d\u00ed<\/li>\n<\/ul>\n<figure id=\"attachment_3407\" class=\"wp-caption alignnone\" aria-describedby=\"caption-attachment-3407\"><figcaption id=\"caption-attachment-3407\" class=\"wp-caption-text\">\n<figure id=\"attachment_2970\" aria-describedby=\"caption-attachment-2970\" style=\"width: 1000px\" class=\"wp-caption alignnone\"><a href=\"https:\/\/rfid-laundry-tag.com\/cs\/textile-rfid-laundry-tag\/\"><img decoding=\"async\" class=\"size-full wp-image-2970\" src=\"https:\/\/rfid-laundry-tag.com\/wp-content\/uploads\/2025\/11\/UHF-RFID-washable-laundry-tag-08.jpg\" alt=\"Textile UHF RFID Tags Labels\" width=\"1000\" height=\"1000\" srcset=\"https:\/\/rfid-laundry-tag.com\/wp-content\/uploads\/2025\/11\/UHF-RFID-washable-laundry-tag-08.jpg 1000w, https:\/\/rfid-laundry-tag.com\/wp-content\/uploads\/2025\/11\/UHF-RFID-washable-laundry-tag-08-300x300.jpg 300w, https:\/\/rfid-laundry-tag.com\/wp-content\/uploads\/2025\/11\/UHF-RFID-washable-laundry-tag-08-150x150.jpg 150w, https:\/\/rfid-laundry-tag.com\/wp-content\/uploads\/2025\/11\/UHF-RFID-washable-laundry-tag-08-768x768.jpg 768w, https:\/\/rfid-laundry-tag.com\/wp-content\/uploads\/2025\/11\/UHF-RFID-washable-laundry-tag-08-12x12.jpg 12w, https:\/\/rfid-laundry-tag.com\/wp-content\/uploads\/2025\/11\/UHF-RFID-washable-laundry-tag-08-600x600.jpg 600w, https:\/\/rfid-laundry-tag.com\/wp-content\/uploads\/2025\/11\/UHF-RFID-washable-laundry-tag-08-100x100.jpg 100w\" sizes=\"(max-width: 1000px) 100vw, 1000px\" \/><\/a><figcaption id=\"caption-attachment-2970\" class=\"wp-caption-text\">Textiln\u00ed UHF RFID \u0161t\u00edtky<\/figcaption><\/figure>\n<\/figcaption><\/figure>\n<p>D\u00edky pokro\u010dil\u00e9 technologii tepeln\u00e9ho sva\u0159ov\u00e1n\u00ed poskytuj\u00ed tyto \u0161t\u00edtky konzistentn\u00ed tlak na z\u00e1platu a automatickou zp\u011btnou vazbu pro zaji\u0161t\u011bn\u00ed bezchybn\u00e9 aplikace.<\/p>\n<p>&nbsp;<\/p>\n<\/div>","protected":false},"excerpt":{"rendered":"<p>Jsme TOP 5 v\u00fdrobc\u016f UHF RFID \u0161t\u00edtk\u016f na pr\u00e1dlo<strong>.Odoln\u00e1 tepeln\u011b zataven\u00e1 RFID visa\u010dka na pr\u00e1dlo z textiln\u00ed \u017eehli\u010dky <\/strong>Zaji\u0161\u0165uje trval\u00e9 sledov\u00e1n\u00ed textili\u00ed ve zdravotnictv\u00ed, pr\u00e1deln\u00e1ch a uniform\u00e1ch v cel\u00e9 Evrop\u011b, USA a Kanad\u011b \u2013 odoln\u00e9 v\u016f\u010di n\u00e1ro\u010dn\u00fdm prac\u00edm cykl\u016fm.<\/p>","protected":false},"featured_media":3118,"template":"","meta":{"_kad_post_transparent":"default","_kad_post_title":"","_kad_post_layout":"default","_kad_post_sidebar_id":"","_kad_post_content_style":"default","_kad_post_vertical_padding":"default","_kad_post_feature":"","_kad_post_feature_position":"","_kad_post_header":false,"_kad_post_footer":false,"_kad_post_classname":""},"product_brand":[],"product_cat":[16],"product_tag":[24,375,342,339,65,368,30,374,373],"class_list":{"0":"post-3117","1":"product","2":"type-product","3":"status-publish","4":"has-post-thumbnail","6":"product_cat-uhf-rfid-laundry-tags","7":"product_tag-laundry-rfid-tags","8":"product_tag-rfid-laundry-tag-7015mm","9":"product_tag-rfid-laundry-tags","10":"product_tag-rfid-washable-tags","11":"product_tag-textile-rfid-laundry-tags","12":"product_tag-textile-uhf-rfid-tags-labels","13":"product_tag-uhf-rfid-laundry-tag","14":"product_tag-washable-uhf-rfid-labels","15":"product_tag-washable-uhf-rfid-laundry-textile-labels","17":"first","18":"instock","19":"featured","20":"shipping-taxable","21":"product-type-simple","22":"entry","23":"content-bg","24":"loop-entry"},"_links":{"self":[{"href":"https:\/\/rfid-laundry-tag.com\/cs\/wp-json\/wp\/v2\/product\/3117","targetHints":{"allow":["GET"]}}],"collection":[{"href":"https:\/\/rfid-laundry-tag.com\/cs\/wp-json\/wp\/v2\/product"}],"about":[{"href":"https:\/\/rfid-laundry-tag.com\/cs\/wp-json\/wp\/v2\/types\/product"}],"version-history":[{"count":3,"href":"https:\/\/rfid-laundry-tag.com\/cs\/wp-json\/wp\/v2\/product\/3117\/revisions"}],"predecessor-version":[{"id":3168,"href":"https:\/\/rfid-laundry-tag.com\/cs\/wp-json\/wp\/v2\/product\/3117\/revisions\/3168"}],"wp:featuredmedia":[{"embeddable":true,"href":"https:\/\/rfid-laundry-tag.com\/cs\/wp-json\/wp\/v2\/media\/3118"}],"wp:attachment":[{"href":"https:\/\/rfid-laundry-tag.com\/cs\/wp-json\/wp\/v2\/media?parent=3117"}],"wp:term":[{"taxonomy":"product_brand","embeddable":true,"href":"https:\/\/rfid-laundry-tag.com\/cs\/wp-json\/wp\/v2\/product_brand?post=3117"},{"taxonomy":"product_cat","embeddable":true,"href":"https:\/\/rfid-laundry-tag.com\/cs\/wp-json\/wp\/v2\/product_cat?post=3117"},{"taxonomy":"product_tag","embeddable":true,"href":"https:\/\/rfid-laundry-tag.com\/cs\/wp-json\/wp\/v2\/product_tag?post=3117"}],"curies":[{"name":"wp","href":"https:\/\/api.w.org\/{rel}","templated":true}]}}