{"id":310,"date":"2024-06-26T17:12:34","date_gmt":"2024-06-26T17:12:34","guid":{"rendered":"https:\/\/rfid-laundry-tag.com\/?post_type=product&#038;p=310"},"modified":"2024-06-26T17:15:58","modified_gmt":"2024-06-26T17:15:58","slug":"anti-metal-uhf-rfid-tag","status":"publish","type":"product","link":"https:\/\/rfid-laundry-tag.com\/cs\/anti-metal-uhf-rfid-tag\/","title":{"rendered":"Antikovov\u00fd \u0161t\u00edtek UHF RFID"},"content":{"rendered":"<h2>Antikovov\u00fd \u0161t\u00edtek UHF RFID<\/h2>\n<h2>Dostupn\u00e1 p\u0159izp\u016fsoben\u00ed:<\/h2>\n<p><strong>Tisk:<\/strong><\/p>\n<ul>\n<li><strong>Mo\u017enosti barev:<\/strong>\n<ul>\n<li>Monochromatick\u00fd tisk<\/li>\n<li>4barevn\u00fd ofsetov\u00fd tisk<\/li>\n<\/ul>\n<\/li>\n<li><strong>Vstup:<\/strong>\n<ul>\n<li>Grafick\u00fd n\u00e1vrh dodan\u00fd z\u00e1kazn\u00edkem ve vektorov\u00e9m form\u00e1tu<\/li>\n<\/ul>\n<\/li>\n<li><strong>Obsah:<\/strong>\n<ul>\n<li>Tisk EPC k\u00f3du<\/li>\n<li>Progresivn\u00ed tisk s\u00e9riov\u00e9ho k\u00f3du:\n<ul>\n<li>Z datab\u00e1ze<\/li>\n<li>Ze souboru .xls<\/li>\n<\/ul>\n<\/li>\n<li>Tisk \u010d\u00e1rov\u00fdch k\u00f3d\u016f<\/li>\n<li>Tisk QRCode<\/li>\n<\/ul>\n<\/li>\n<li><strong>Dal\u0161\u00ed mo\u017enosti p\u0159izp\u016fsoben\u00ed jsou k dispozici na vy\u017e\u00e1d\u00e1n\u00ed.<\/strong><\/li>\n<\/ul>\n<p><strong>K\u00f3dov\u00e1n\u00ed pam\u011bti \u010dipu:<\/strong><\/p>\n<ul>\n<li><strong>K\u00f3dov\u00e1n\u00ed RFID UHF transpond\u00e9ru:<\/strong>\n<ul>\n<li>K\u00f3dov\u00e1n\u00ed EPC k\u00f3du<\/li>\n<li>Z\u00e1pis do pam\u011bti tag\u016f UHF:\n<ul>\n<li>Z datab\u00e1ze poskytnut\u00e9 klientem<\/li>\n<\/ul>\n<\/li>\n<\/ul>\n<\/li>\n<li><strong>Zamyk\u00e1n\u00ed pam\u011bti:<\/strong>\n<ul>\n<li>Do\u010dasn\u00e9 nebo trval\u00e9 uzam\u010den\u00ed pomoc\u00ed hesla<\/li>\n<\/ul>\n<\/li>\n<li><strong>Sdru\u017een\u00ed dat:<\/strong>\n<ul>\n<li>Asociace EPC k\u00f3du a TID k\u00f3du v datab\u00e1zi<\/li>\n<li>TID k\u00f3d a asociace progresivn\u00edho\/\u010d\u00e1rov\u00e9ho k\u00f3du<\/li>\n<\/ul>\n<\/li>\n<\/ul>\n<table class=\"has-title all magic-4\">\n<tbody>\n<tr>\n<td colspan=\"1\" rowspan=\"1\">\n<div class=\"magic-5\" data-spm-anchor-id=\"a2700.details.0.i72.6b4c1284vyugjJ\">Materi\u00e1l<\/div>\n<\/td>\n<td colspan=\"1\" rowspan=\"1\">\n<div class=\"magic-6\">ABS<\/div>\n<\/td>\n<\/tr>\n<tr>\n<td colspan=\"1\" rowspan=\"1\">\n<div class=\"magic-5\">Velikost<\/div>\n<\/td>\n<td colspan=\"1\" rowspan=\"1\">\n<div class=\"magic-6\">78x31x10mm nebo p\u0159izp\u016fsoben\u00e9<\/div>\n<\/td>\n<\/tr>\n<tr>\n<td colspan=\"1\" rowspan=\"1\">\n<div class=\"magic-5\">Frekvence<\/div>\n<\/td>\n<td colspan=\"1\" rowspan=\"1\">\n<div class=\"magic-6\">860-960 MHz<\/div>\n<\/td>\n<\/tr>\n<tr>\n<td colspan=\"1\" rowspan=\"1\">\n<div class=\"magic-5\">Typ IC (\u010dip)<\/div>\n<\/td>\n<td colspan=\"1\" rowspan=\"1\">\n<div class=\"magic-6\">Impinj Monza R6P<\/div>\n<\/td>\n<\/tr>\n<tr>\n<td colspan=\"1\" rowspan=\"1\">\n<div class=\"magic-5\">Protokol<\/div>\n<\/td>\n<td colspan=\"1\" rowspan=\"1\">\n<div class=\"magic-6\">EPC Global Class 1 Gen2 &amp; ISO18000-6C<\/div>\n<\/td>\n<\/tr>\n<tr>\n<td colspan=\"1\" rowspan=\"1\">\n<div class=\"magic-7\">Pam\u011b\u0165<\/div>\n<\/td>\n<td colspan=\"1\" rowspan=\"1\">\n<div class=\"magic-6\">EPC 128 bit\u016f, u\u017eivatelsk\u00e1 32 bit\u016f<\/div>\n<\/td>\n<\/tr>\n<tr>\n<td colspan=\"1\" rowspan=\"1\">\n<div class=\"magic-5\">Tag Form Factor<\/div>\n<\/td>\n<td colspan=\"1\" rowspan=\"1\">\n<div class=\"magic-6\">Tvrd\u00fd \u0161t\u00edtek<\/div>\n<\/td>\n<\/tr>\n<tr>\n<td colspan=\"1\" rowspan=\"1\">\n<div class=\"magic-5\">Zp\u016fsob p\u0159ipojen\u00ed<\/div>\n<\/td>\n<td colspan=\"1\" rowspan=\"1\">\n<div class=\"magic-6\" data-spm-anchor-id=\"a2700.details.0.i73.6b4c1284vyugjJ\">\u0160roubov\u00e1 fixace, lepidlo f\u00f3lie<\/div>\n<\/td>\n<\/tr>\n<tr>\n<td colspan=\"1\" rowspan=\"1\">\n<div class=\"magic-5\">Provozn\u00ed teplota<\/div>\n<\/td>\n<td colspan=\"1\" rowspan=\"1\">\n<div class=\"magic-6\">-35 \u00b0C \/ +90 \u00b0C<\/div>\n<\/td>\n<\/tr>\n<tr>\n<td colspan=\"1\" rowspan=\"1\">\n<div class=\"magic-5\">P\u0159e\u010dt\u011bte si Vzd\u00e1lenost<\/div>\n<\/td>\n<td colspan=\"1\" rowspan=\"1\">\n<div class=\"magic-6\" data-spm-anchor-id=\"a2700.details.0.i67.6b4c1284vyugjJ\">Do 10m<\/div>\n<\/td>\n<\/tr>\n<tr>\n<td colspan=\"1\" rowspan=\"1\">\n<div class=\"magic-8\">Pou\u017eiteln\u00e9 povrchov\u00e9 materi\u00e1ly<\/div>\n<\/td>\n<td colspan=\"1\" rowspan=\"1\">\n<div class=\"magic-6\">Kovov\u00e9 a nekovov\u00e9 podklady<\/div>\n<\/td>\n<\/tr>\n<tr>\n<td colspan=\"1\" rowspan=\"1\">\n<div class=\"magic-7\">Hodnocen\u00ed IP<\/div>\n<\/td>\n<td colspan=\"1\" rowspan=\"1\">\n<div class=\"magic-6\">IP68<\/div>\n<\/td>\n<\/tr>\n<tr>\n<td colspan=\"1\" rowspan=\"1\">\n<div class=\"magic-7\">aplikace<\/div>\n<\/td>\n<td colspan=\"1\" rowspan=\"1\">\n<div class=\"magic-6\">Pro majetek, t\u011b\u017ek\u00fd pr\u016fmysl a venkovn\u00ed pou\u017eit\u00ed<\/div>\n<\/td>\n<\/tr>\n<\/tbody>\n<\/table>\n<p>&nbsp;<\/p>\n<p><strong>Z\u00e1v\u011br:<\/strong><\/p>\n<p>ABS RFID Tag je v\u0161estrann\u00e9 a p\u0159izp\u016fsobiteln\u00e9 \u0159e\u0161en\u00ed pro r\u016fzn\u00e9 aplikace, kter\u00e9 nab\u00edz\u00ed kombinaci robustn\u00edho v\u00fdkonu a flexibiln\u00edch mo\u017enost\u00ed pro spln\u011bn\u00ed specifick\u00fdch pot\u0159eb.<\/p>","protected":false},"excerpt":{"rendered":"<p>Anti-metal UHF RFID Tag je v\u00fdkonn\u00fd pasivn\u00ed UHF RFID \u0161t\u00edtek s dlouh\u00fdm dosahem navr\u017een\u00fd tak, aby vynikal v n\u00e1ro\u010dn\u00fdch prost\u0159ed\u00edch. Lze jej spolehliv\u011b \u010d\u00edst p\u0159i zapnut\u00ed, vypnut\u00ed a dokonce i v bl\u00edzkosti kovov\u00fdch povrch\u016f, co\u017e poskytuje v\u00fdjime\u010dnou flexibilitu pro sledov\u00e1n\u00ed majetku. Jeho kompaktn\u00ed rozm\u011bry a robustn\u00ed vodot\u011bsn\u00e1 konstrukce zaji\u0161\u0165uj\u00ed dlouhotrvaj\u00edc\u00ed v\u00fdkon ve venkovn\u00edch a pr\u016fmyslov\u00fdch aplikac\u00edch.<\/p>","protected":false},"featured_media":311,"template":"","meta":{"_kad_post_transparent":"default","_kad_post_title":"","_kad_post_layout":"default","_kad_post_sidebar_id":"","_kad_post_content_style":"default","_kad_post_vertical_padding":"default","_kad_post_feature":"","_kad_post_feature_position":"","_kad_post_header":false,"_kad_post_footer":false,"_kad_post_classname":""},"product_brand":[],"product_cat":[54],"product_tag":[128,119],"class_list":{"0":"post-310","1":"product","2":"type-product","3":"status-publish","4":"has-post-thumbnail","6":"product_cat-hot-selling-rfid-tags","7":"product_tag-anti-metal-uhf-rfid-tag","8":"product_tag-on-metal-abs-uhf-rfid-tag","10":"first","11":"instock","12":"shipping-taxable","13":"product-type-simple","14":"entry","15":"content-bg","16":"loop-entry"},"_links":{"self":[{"href":"https:\/\/rfid-laundry-tag.com\/cs\/wp-json\/wp\/v2\/product\/310","targetHints":{"allow":["GET"]}}],"collection":[{"href":"https:\/\/rfid-laundry-tag.com\/cs\/wp-json\/wp\/v2\/product"}],"about":[{"href":"https:\/\/rfid-laundry-tag.com\/cs\/wp-json\/wp\/v2\/types\/product"}],"version-history":[{"count":0,"href":"https:\/\/rfid-laundry-tag.com\/cs\/wp-json\/wp\/v2\/product\/310\/revisions"}],"wp:featuredmedia":[{"embeddable":true,"href":"https:\/\/rfid-laundry-tag.com\/cs\/wp-json\/wp\/v2\/media\/311"}],"wp:attachment":[{"href":"https:\/\/rfid-laundry-tag.com\/cs\/wp-json\/wp\/v2\/media?parent=310"}],"wp:term":[{"taxonomy":"product_brand","embeddable":true,"href":"https:\/\/rfid-laundry-tag.com\/cs\/wp-json\/wp\/v2\/product_brand?post=310"},{"taxonomy":"product_cat","embeddable":true,"href":"https:\/\/rfid-laundry-tag.com\/cs\/wp-json\/wp\/v2\/product_cat?post=310"},{"taxonomy":"product_tag","embeddable":true,"href":"https:\/\/rfid-laundry-tag.com\/cs\/wp-json\/wp\/v2\/product_tag?post=310"}],"curies":[{"name":"wp","href":"https:\/\/api.w.org\/{rel}","templated":true}]}}