{"id":3084,"date":"2025-12-18T10:22:25","date_gmt":"2025-12-18T10:22:25","guid":{"rendered":"https:\/\/rfid-laundry-tag.com\/?post_type=product&#038;p=3084"},"modified":"2025-12-18T10:22:26","modified_gmt":"2025-12-18T10:22:26","slug":"washable-rfid-tags-for-laundry-uniform","status":"publish","type":"product","link":"https:\/\/rfid-laundry-tag.com\/cs\/washable-rfid-tags-for-laundry-uniform\/","title":{"rendered":"Prateln\u00e9 RFID \u0161t\u00edtky pro pr\u00e1deln\u00ed uniformy"},"content":{"rendered":"<h2>Prateln\u00e9 RFID \u0161t\u00edtky pro pr\u00e1deln\u00ed uniformy<\/h2>\n<div class=\"auto-hide-last-sibling-br paragraph_1252f paragraph-element\">\n<div class=\"auto-hide-last-sibling-br paragraph_1252f paragraph-element\">Oble\u010den\u00ed <a href=\"https:\/\/rfid-laundry-tag.com\/cs\/uhf-rfid-laundry-tags\/\">Omyvateln\u00e1 RFID tag<\/a> je v\u0161estrann\u00e1 alternativa k tradi\u010dn\u00edm RFID \u0161t\u00edtk\u016fm na pr\u00e1dlo, speci\u00e1ln\u011b navr\u017een\u00e1 tak, aby vydr\u017eela v\u00edce ne\u017e 50 prac\u00edch cykl\u016f v dom\u00e1cnosti s minim\u00e1ln\u00edm sn\u00ed\u017een\u00edm (10% a\u017e 15%) v\u00fdkonu RFID. Tato vodot\u011bsn\u00e1 RFID \u0161t\u00edtek, kter\u00fd slou\u017e\u00ed jako ide\u00e1ln\u00ed cenov\u011b dostupn\u00e9 \u0159e\u0161en\u00ed, je ide\u00e1ln\u00ed pro pron\u00e1jem a maloobchodn\u00ed prodej od\u011bv\u016f, obuvi a prost\u011bradel.<\/div>\n<div><\/div>\n<div class=\"auto-hide-last-sibling-br paragraph_1252f paragraph-element\">D\u00edky jedine\u010dn\u00e9 struktu\u0159e a ochrann\u00e9mu mechanismu pro \u010dip RFID vydr\u017e\u00ed tento \u0161t\u00edtek v\u00edce ne\u017e 50 prac\u00edch cykl\u016f v dom\u00e1cnosti. D\u00e1 se nen\u00e1padn\u011b zastr\u010dit do \u0161vu nebo zasunout do pe\u010duj\u00edc\u00ed etikety, tak\u017ee je prakticky bez pov\u0161imnut\u00ed.<\/div>\n<p>&nbsp;<\/p>\n<div class=\"auto-hide-last-sibling-br paragraph_1252f paragraph-element\">To, co odli\u0161uje tento UHF RFID \u0161t\u00edtek od ostatn\u00edch omyvateln\u00fdch pl\u00e1t\u011bn\u00fdch \u0161t\u00edtk\u016f, je jeho tenk\u00fd 0,55 mm pr\u016fhledn\u00fd design, d\u00edky \u010demu\u017e je nejten\u010d\u00ed na trhu. Celkov\u011b to p\u0159edstavuje inovativn\u00ed \u0159e\u0161en\u00ed UHF RFID pro od\u011bvy, kter\u00e9 nab\u00edz\u00ed n\u00e1kladovou efektivitu, odolnost a diskr\u00e9tnost.<\/div>\n<div><\/div>\n<div data-spm-anchor-id=\"a2700.details.0.i57.23b419c7xXORP0\"><span data-spm-anchor-id=\"a2700.details.0.i75.23b419c7xXORP0\"><b>Vlastnosti:<\/b><br \/>\n1) Technologie UHF pro sou\u010dasn\u00e9 \u010dten\u00ed stovek tag\u016f.<br \/>\n2) \u010ctec\u00ed vzd\u00e1lenost v\u00edce ne\u017e 8 stop.<br \/>\n3) Nov\u00fd mechanick\u00fd design pro lep\u0161\u00ed v\u00fdkon pro ploch\u00e9 pr\u00e1dlo.<br \/>\n4) Vhodn\u00e9 pro vysokotlak\u00e9 extraktory do 60 bar.<br \/>\n5) Vhodn\u00e9 pro sterilizaci v autokl\u00e1vu.<br \/>\n6) Mal\u00fd, m\u011bkk\u00fd, pru\u017en\u00fd materi\u00e1l ide\u00e1ln\u00ed pro textilie, pr\u00e1dlo, od\u011bvy a dopl\u0148ky.<\/span><\/div>\n<div data-spm-anchor-id=\"a2700.details.0.i57.23b419c7xXORP0\">7) Typ s lepidlem na topnou \u017eehli\u010dku, typ s v\u0161it\u00fdm lemov\u00e1n\u00edm, s otvorem atd.<\/div>\n<\/div>\n<div data-spm-anchor-id=\"a2700.details.0.i57.23b419c7xXORP0\">\n<figure id=\"attachment_3030\" aria-describedby=\"caption-attachment-3030\" style=\"width: 790px\" class=\"wp-caption alignnone\"><a href=\"https:\/\/rfid-laundry-tag.com\/cs\/uhf-rfid-laundry-tags\/\"><img fetchpriority=\"high\" decoding=\"async\" class=\"size-full wp-image-3030\" src=\"https:\/\/rfid-laundry-tag.com\/wp-content\/uploads\/2025\/12\/RFID-Laundry-Tag-Installation-Guide.png\" alt=\"RFID Laundry Tag Installation Guide\" width=\"790\" height=\"777\" srcset=\"https:\/\/rfid-laundry-tag.com\/wp-content\/uploads\/2025\/12\/RFID-Laundry-Tag-Installation-Guide.png 790w, https:\/\/rfid-laundry-tag.com\/wp-content\/uploads\/2025\/12\/RFID-Laundry-Tag-Installation-Guide-300x295.png 300w, https:\/\/rfid-laundry-tag.com\/wp-content\/uploads\/2025\/12\/RFID-Laundry-Tag-Installation-Guide-768x755.png 768w, https:\/\/rfid-laundry-tag.com\/wp-content\/uploads\/2025\/12\/RFID-Laundry-Tag-Installation-Guide-12x12.png 12w, https:\/\/rfid-laundry-tag.com\/wp-content\/uploads\/2025\/12\/RFID-Laundry-Tag-Installation-Guide-600x590.png 600w\" sizes=\"(max-width: 790px) 100vw, 790px\" \/><\/a><figcaption id=\"caption-attachment-3030\" class=\"wp-caption-text\">Pr\u016fvodce instalac\u00ed RFID \u0161t\u00edtk\u016f pro pr\u00e1delny<\/figcaption><\/figure>\n<\/div>\n<div data-spm-anchor-id=\"a2700.details.0.i57.23b419c7xXORP0\">\n<div class=\"text-content\" data-spm-anchor-id=\"a2700.details.0.i54.23b419c7xXORP0\">\n<h2>Fyzik\u00e1ln\u00ed:<\/h2>\n<div>Materi\u00e1l: 100% polyester<br \/>\nVelikost: 70 mm \u00d7 15 mm x 1,5 mm<br \/>\n\u010cip: UHF<br \/>\nZp\u016fsob instalace \u0161t\u00edtku: \u0161it\u00ed, \u017eehlen\u00ed<br \/>\nProtokol:ISO18ooo-6C EPC C1G2<br \/>\n\u017dehlen\u00ed: 15 sekund, p\u0159i 210 \u2103<br \/>\nExpozice: 2,5 bar<br \/>\nSu\u0161en\u00ed: 15 minut p\u0159i 180\u00b0C<br \/>\nPran\u00ed: 15 minut na 90\u00b0C<br \/>\nMyc\u00ed cykly: 200+ cykl\u016f nebo 3 roky<br \/>\nSkladovac\u00ed podm\u00ednky: -20-80\u2103, 5-95% relativn\u00ed vlhkost<\/div>\n<\/div>\n<\/div>\n<div>\n<figure id=\"attachment_2943\" aria-describedby=\"caption-attachment-2943\" style=\"width: 800px\" class=\"wp-caption alignnone\"><a href=\"https:\/\/rfid-laundry-tag.com\/cs\/uhf-rfid-laundry-tags\/\"><img decoding=\"async\" class=\"size-full wp-image-2943\" src=\"https:\/\/rfid-laundry-tag.com\/wp-content\/uploads\/2025\/10\/1-1.jpg\" alt=\"Textile UHF RFID Tags Labels\" width=\"800\" height=\"800\" srcset=\"https:\/\/rfid-laundry-tag.com\/wp-content\/uploads\/2025\/10\/1-1.jpg 800w, https:\/\/rfid-laundry-tag.com\/wp-content\/uploads\/2025\/10\/1-1-300x300.jpg 300w, https:\/\/rfid-laundry-tag.com\/wp-content\/uploads\/2025\/10\/1-1-150x150.jpg 150w, https:\/\/rfid-laundry-tag.com\/wp-content\/uploads\/2025\/10\/1-1-768x768.jpg 768w, https:\/\/rfid-laundry-tag.com\/wp-content\/uploads\/2025\/10\/1-1-12x12.jpg 12w, https:\/\/rfid-laundry-tag.com\/wp-content\/uploads\/2025\/10\/1-1-600x600.jpg 600w, https:\/\/rfid-laundry-tag.com\/wp-content\/uploads\/2025\/10\/1-1-100x100.jpg 100w\" sizes=\"(max-width: 800px) 100vw, 800px\" \/><\/a><figcaption id=\"caption-attachment-2943\" class=\"wp-caption-text\">Textiln\u00ed UHF RFID \u0161t\u00edtky<\/figcaption><\/figure>\n<\/div>\n<div>\n<h2>V\u00fdhody prateln\u00fdch RFID \u0161t\u00edtk\u016f pro pr\u00e1deln\u00ed uniformy<\/h2>\n<p>V\u00fdb\u011br prateln\u00fdch RFID \u0161t\u00edtk\u016f na pr\u00e1dlo znamen\u00e1 investici do \u0159e\u0161en\u00ed, kter\u00e9 zjednodu\u0161uje spr\u00e1vu pr\u00e1dla. Tyto specializovan\u00e9 \u0161t\u00edtky jsou navr\u017eeny tak, aby odolaly pr\u016fmyslov\u00fdm prac\u00edm proces\u016fm bez kompromis\u016f ve v\u00fdkonu. Mezi jejich kl\u00ed\u010dov\u00e9 v\u00fdhody pat\u0159\u00ed:<\/p>\n<ol>\n<li><strong>Vylep\u0161en\u00e9 sledov\u00e1n\u00ed<\/strong>Technologie RFID umo\u017e\u0148uje sledov\u00e1n\u00ed ka\u017ed\u00e9ho kusu pr\u00e1dla v re\u00e1ln\u00e9m \u010dase, co\u017e zaji\u0161\u0165uje p\u0159esnou spr\u00e1vu z\u00e1sob a sni\u017euje ztr\u00e1ty.<\/li>\n<li><strong>Trvanlivost<\/strong>Tyto odoln\u00e9 RFID \u0161t\u00edtky jsou navr\u017eeny tak, aby odolaly vysok\u00fdm teplot\u00e1m a n\u00e1ro\u010dn\u00fdm podm\u00ednk\u00e1m pran\u00ed, a zaru\u010duj\u00ed tak dlouhou \u017eivotnost, co\u017e z nich \u010din\u00ed cenov\u011b dostupnou volbu.<\/li>\n<li><strong>Vylep\u0161en\u00e1 \u00fa\u010dinnost<\/strong>Automatizace pracovn\u00edch postup\u016f v pr\u00e1deln\u00e1ch sni\u017euje manu\u00e1ln\u00ed chyby a zrychluje procesy p\u0159ihl\u00e1\u0161en\u00ed a odhl\u00e1\u0161en\u00ed pr\u00e1dla, \u010d\u00edm\u017e zvy\u0161uje celkovou efektivitu pr\u00e1delen.<\/li>\n<\/ol>\n<p>D\u00edky komplexn\u00edmu pochopen\u00ed v\u00fdhod a mo\u017enost\u00ed prateln\u00fdch RFID \u0161t\u00edtk\u016f se m\u016f\u017eete informovan\u011b rozhodnout pro sv\u00e9 pot\u0159eby v oblasti spr\u00e1vy pr\u00e1dla.<\/p>\n<h3>Co jsou omyvateln\u00e9 RFID \u0161t\u00edtky?<\/h3>\n<p>Omyvateln\u00e9 RFID \u0161t\u00edtky jsou specializovan\u00fdm typem\u00a0<strong>RFID \u0161t\u00edtek<\/strong>\u00a0navr\u017eeno speci\u00e1ln\u011b pro pr\u00e1delny. Tyto \u0161t\u00edtky pou\u017e\u00edvaj\u00ed\u00a0<strong>vysoce v\u00fdkonn\u00e1 RFID technologie<\/strong>\u00a0aby bylo mo\u017en\u00e9 p\u0159esn\u00e9 sledov\u00e1n\u00ed a spr\u00e1vu textiln\u00edch p\u0159edm\u011bt\u016f po celou dobu jejich \u017eivotn\u00edho cyklu. Vyroben\u00e9 z odoln\u00fdch materi\u00e1l\u016f, prateln\u00e9 RFID \u0161t\u00edtky odol\u00e1vaj\u00ed n\u00e1ro\u010dn\u00fdm podm\u00ednk\u00e1m pr\u016fmyslov\u00e9ho pran\u00ed, v\u010detn\u011b vystaven\u00ed vysok\u00fdm teplot\u00e1m a opakovan\u00fdm prac\u00edm cykl\u016fm.<\/p>\n<h3>V\u00fdhody pou\u017e\u00edv\u00e1n\u00ed RFID \u0161t\u00edtk\u016f ve spr\u00e1v\u011b pr\u00e1delny<\/h3>\n<p>Integrace\u00a0<strong>Technologie RFID<\/strong>\u00a0do proces\u016f pran\u00ed pr\u00e1dla nab\u00edz\u00ed zna\u010dn\u00e9 v\u00fdhody. Tyto \u0161t\u00edtky nejen zlep\u0161uj\u00ed p\u0159esnost sledov\u00e1n\u00ed pr\u00e1dla, ale tak\u00e9 umo\u017e\u0148uj\u00ed za\u0159\u00edzen\u00edm automatizovat \u0159\u00edzen\u00ed z\u00e1sob, \u010d\u00edm\u017e se sni\u017euj\u00ed n\u00e1klady na pracovn\u00ed s\u00edlu a minimalizuj\u00ed lidsk\u00e9 chyby.,\u00a0<strong>RFID pro pr\u00e1delny<\/strong>\u00a0Syst\u00e9my umo\u017e\u0148uj\u00ed bezprobl\u00e9movou integraci se st\u00e1vaj\u00edc\u00edm softwarem pro spr\u00e1vu a poskytuj\u00ed analytick\u00e9 n\u00e1stroje, kter\u00e9 pom\u00e1haj\u00ed zv\u00fd\u0161it provozn\u00ed efektivitu.<\/p>\n<h3>Jak pou\u017e\u00edvat omyvateln\u00e9 RFID \u0161t\u00edtky<\/h3>\n<p>Pou\u017e\u00edv\u00e1n\u00ed prateln\u00fdch RFID \u0161t\u00edtk\u016f je jednoduch\u00e9. Ka\u017ed\u00fd \u0161t\u00edtek lze p\u0159i\u0161\u00edt na\u00a0<strong>od\u011bvy<\/strong>\u00a0nebo lo\u017en\u00ed pr\u00e1dlo, kter\u00e9 poskytuj\u00ed jasn\u00e9 identifik\u00e1tory, je\u017e lze snadno naskenovat\u00a0<strong>RFID \u010dte\u010dky<\/strong>. Pro optim\u00e1ln\u00ed v\u00fdkon je z\u00e1sadn\u00ed zajistit, aby \u0161t\u00edtky byly na polo\u017ek\u00e1ch spr\u00e1vn\u011b um\u00edst\u011bny a aby byly kompatibiln\u00ed s\u00a0<strong>RFID syst\u00e9m pro pr\u00e1delny<\/strong>\u00a0v provozu. Pravideln\u00e9 audity polo\u017eek ozna\u010den\u00fdch RFID pom\u00e1haj\u00ed udr\u017eovat p\u0159esn\u00e9 z\u00e1znamy o z\u00e1sob\u00e1ch.<\/p>\n<h3>Z\u00e1kaznick\u00e9 recenze<\/h3>\n<p>Zp\u011btn\u00e1 vazba od z\u00e1kazn\u00edk\u016f zd\u016fraz\u0148uje transforma\u010dn\u00ed dopad na\u0161ich omyvateln\u00fdch RFID \u0161t\u00edtk\u016f. Mnoho u\u017eivatel\u016f uv\u00e1d\u00ed v\u00fdznamn\u00e9 zlep\u0161en\u00ed v \u0159\u00edzen\u00ed z\u00e1sob a sn\u00ed\u017een\u00ed po\u010dtu ztracen\u00fdch polo\u017eek. Reprezentativn\u00ed cit\u00e1t spokojen\u00e9ho klienta uv\u00e1d\u00ed: \u201cImplementace\u00a0<strong>RFID \u0161t\u00edtky<\/strong>\u00a0v na\u0161ich pr\u00e1delensk\u00fdch provozech se n\u00e1m v\u00fdrazn\u011b zjednodu\u0161ily procesy a zv\u00fd\u0161ila se celkov\u00e1 produktivita.\u201d<\/p>\n<\/div>\n<h3 class=\"wp-block-heading\">Instalace<\/h3>\n<p><strong>Stitch Tagging<\/strong>: K v\u0161it\u00ed do lemu l\u00e1tky. P\u0159i\u0161ijte visa\u010dku na pr\u00e1dlo sm\u011brem od lini\u00ed skl\u00e1d\u00e1n\u00ed.<br \/>\n<strong>Tepeln\u00e9 t\u011bsn\u011bn\u00ed<\/strong>: K tepeln\u00e9mu zataven\u00ed p\u0159\u00edmo na textilii p\u0159i +200\u00b0C (392\u00b0F), po dobu 12~14s.<br \/>\n<strong>V s\u00e1\u010dku<\/strong>: K p\u0159i\u0161it\u00ed jako standardn\u00ed \u0161t\u00edtek pro p\u00e9\u010di. P\u0159i\u0161ijte visa\u010dku na pr\u00e1dlo sm\u011brem od lini\u00ed skl\u00e1d\u00e1n\u00ed.<\/p>\n<figure id=\"attachment_3036\" aria-describedby=\"caption-attachment-3036\" style=\"width: 1024px\" class=\"wp-caption alignnone\"><a href=\"https:\/\/rfid-laundry-tag.com\/cs\/uhf-rfid-laundry-tags\/\"><img decoding=\"async\" class=\"size-large wp-image-3036\" src=\"https:\/\/rfid-laundry-tag.com\/wp-content\/uploads\/2025\/12\/RFID-Laundry-Tag-Installation-Guide-03--1024x590.png\" alt=\"How to Sew RFID Laundry Tags into Linens and Garments\" width=\"1024\" height=\"590\" srcset=\"https:\/\/rfid-laundry-tag.com\/wp-content\/uploads\/2025\/12\/RFID-Laundry-Tag-Installation-Guide-03--1024x590.png 1024w, https:\/\/rfid-laundry-tag.com\/wp-content\/uploads\/2025\/12\/RFID-Laundry-Tag-Installation-Guide-03--300x173.png 300w, https:\/\/rfid-laundry-tag.com\/wp-content\/uploads\/2025\/12\/RFID-Laundry-Tag-Installation-Guide-03--768x442.png 768w, https:\/\/rfid-laundry-tag.com\/wp-content\/uploads\/2025\/12\/RFID-Laundry-Tag-Installation-Guide-03--18x10.png 18w, https:\/\/rfid-laundry-tag.com\/wp-content\/uploads\/2025\/12\/RFID-Laundry-Tag-Installation-Guide-03--600x345.png 600w, https:\/\/rfid-laundry-tag.com\/wp-content\/uploads\/2025\/12\/RFID-Laundry-Tag-Installation-Guide-03-.png 1148w\" sizes=\"(max-width: 1024px) 100vw, 1024px\" \/><\/a><figcaption id=\"caption-attachment-3036\" class=\"wp-caption-text\">Jak \u0161\u00edt RFID \u0161t\u00edtky na pr\u00e1dlo do lo\u017en\u00edho pr\u00e1dla a od\u011bv\u016f<\/figcaption><\/figure>\n<div class=\"auto-hide-last-sibling-br paragraph_1252f paragraph-element\"><strong>Omyvateln\u00e9 \u0161t\u00edtky RFID<\/strong>\u00a0jsou ned\u00edlnou sou\u010d\u00e1st\u00ed \u0159ady pr\u016fmyslov\u00fdch odv\u011btv\u00ed, poskytuj\u00ed efektivn\u00ed sledov\u00e1n\u00ed majetku, \u0159\u00edzen\u00ed z\u00e1sob a zvy\u0161uj\u00ed celkovou provozn\u00ed produktivitu. Zde jsou n\u011bkter\u00e9 z jeho aplikac\u00ed v r\u016fzn\u00fdch odv\u011btv\u00edch:<\/div>\n<ol class=\"auto-hide-last-sibling-br\">\n<li>\n<div class=\"auto-hide-last-sibling-br paragraph_1252f paragraph-element\"><strong>Zdravotnictv\u00ed<\/strong>: Nemocnice a dal\u0161\u00ed zdravotnick\u00e1 za\u0159\u00edzen\u00ed pou\u017e\u00edvaj\u00ed RFID \u0161t\u00edtky na pr\u00e1dlo ke spr\u00e1v\u011b obrovsk\u00fdch z\u00e1sob prost\u011bradel, ru\u010dn\u00edk\u016f, peeling\u016f, uniforem a chirurgick\u00e9ho pr\u00e1dla. To pom\u00e1h\u00e1 sni\u017eovat ztr\u00e1ty, \u0159\u00eddit cykly pran\u00ed a zaji\u0161\u0165uje, \u017ee \u010dist\u00e9, \u010derstv\u00e9 pr\u00e1dlo bude v\u017edy k dispozici podle pot\u0159eby.<\/div>\n<\/li>\n<li>\n<div class=\"auto-hide-last-sibling-br paragraph_1252f paragraph-element\"><strong>hotely<\/strong>: Spr\u00e1va pr\u00e1dla je obrovsk\u00fd \u00fakol v hotelov\u00e9m pr\u016fmyslu, kde jsou v ob\u011bhu tis\u00edce polo\u017eek, od lo\u017en\u00edho pr\u00e1dla p\u0159es ru\u010dn\u00edky a\u017e po z\u00e1v\u011bsy a \u017eupany. RFID \u0161t\u00edtky na pr\u00e1dlo zjednodu\u0161uj\u00ed sledov\u00e1n\u00ed, zaji\u0161\u0165uj\u00ed v\u010dasn\u00e9 \u010di\u0161t\u011bn\u00ed a v\u00fdm\u011bnu a pom\u00e1haj\u00ed p\u0159i odhalov\u00e1n\u00ed a prevenci kr\u00e1de\u017e\u00ed.<\/div>\n<\/li>\n<li>\n<div class=\"auto-hide-last-sibling-br paragraph_1252f paragraph-element\"><strong>Restaurace<\/strong>V odv\u011btv\u00ed stravovac\u00edch slu\u017eeb mohou RFID \u0161t\u00edtky monitorovat pou\u017e\u00edv\u00e1n\u00ed a \u010di\u0161t\u011bn\u00ed uniforem, ubrus\u016f, ubrousk\u016f a kucha\u0159sk\u00fdch z\u00e1st\u011br. To m\u016f\u017ee zlep\u0161it standardy \u010distoty a pomoci udr\u017eet elegantn\u00ed a profesion\u00e1ln\u00ed vzhled.<\/div>\n<\/li>\n<li>\n<div class=\"auto-hide-last-sibling-br paragraph_1252f paragraph-element\"><strong>M\u00f3dn\u00ed od\u011bvn\u00ed pr\u016fmysl<\/strong>: RFID \u0161t\u00edtky hraj\u00ed obrovskou roli p\u0159i sledov\u00e1n\u00ed polo\u017eek v cel\u00e9m dodavatelsk\u00e9m \u0159et\u011bzci, od v\u00fdroby a\u017e po maloobchod. Mohou poskytnout cenn\u00e9 informace, jako je p\u016fvod, cestovn\u00ed historie a dokonce i podrobnosti o l\u00e1tce a pokyny pro p\u00e9\u010di.<\/div>\n<\/li>\n<li>\n<div class=\"auto-hide-last-sibling-br paragraph_1252f paragraph-element\"><strong>Pracovn\u00ed od\u011bvy\/od\u011bvy zpomaluj\u00edc\u00ed ho\u0159en\u00ed<\/strong>: Spole\u010dnosti mohou pou\u017e\u00edvat RFID tagy ke sledov\u00e1n\u00ed a spr\u00e1v\u011b speci\u00e1ln\u00edch od\u011bvn\u00edch polo\u017eek. To m\u016f\u017ee zahrnovat zaji\u0161t\u011bn\u00ed pravideln\u00e9 kontroly ohnivzdorn\u00e9ho nebo jin\u00e9ho ochrann\u00e9ho od\u011bvu, \u0159\u00e1dn\u00e9ho \u010di\u0161t\u011bn\u00ed a v\u00fdm\u011bny podle pot\u0159eby.<\/div>\n<\/li>\n<li>\n<div class=\"auto-hide-last-sibling-br paragraph_1252f paragraph-element\"><strong>Obuv a masky<\/strong>: Zvl\u00e1\u0161t\u011b d\u016fle\u017eit\u00e9 v odv\u011btv\u00edch, jako je zdravotnictv\u00ed a stavebnictv\u00ed, kde je bezpe\u010dnost kritick\u00e1, sledov\u00e1n\u00ed pou\u017e\u00edv\u00e1n\u00ed, \u010di\u0161t\u011bn\u00ed a \u00fadr\u017eba polo\u017eek, jako jsou masky a bezpe\u010dnostn\u00ed obuv, lze zjednodu\u0161it pomoc\u00ed \u0161t\u00edtk\u016f RFID.<\/div>\n<\/li>\n<li>\n<div class=\"auto-hide-last-sibling-br paragraph_1252f paragraph-element\"><strong>Roho\u017ee a mopy<\/strong>: Podnik\u016fm, kter\u00e9 poskytuj\u00ed \u00faklidov\u00e9 slu\u017eby nebo spravuj\u00ed velk\u00e1 za\u0159\u00edzen\u00ed, mohou RFID \u0161t\u00edtky na roho\u017e\u00edch a mopech pomoci sledovat pou\u017e\u00edv\u00e1n\u00ed a \u00fadr\u017ebu a v\u017edy zajistit \u010dist\u00e9 a efektivn\u00ed n\u00e1stroje.<\/div>\n<\/li>\n<\/ol>\n<h3>\u010casto kladen\u00e9 ot\u00e1zky o omyvateln\u00fdch RFID \u0161t\u00edtc\u00edch<\/h3>\n<p><strong>Ot\u00e1zka: Jsou RFID \u0161t\u00edtky vodot\u011bsn\u00e9?<\/strong><br \/>\nA: Ano, na\u0161e RFID \u0161t\u00edtky na pr\u00e1dlo jsou navr\u017eeny tak, aby byly vodot\u011bsn\u00e9, a zaji\u0161\u0165uj\u00ed tak odolnost ve vlhk\u00e9m prost\u0159ed\u00ed.<\/p>\n<p><strong>Ot\u00e1zka: Kolik prac\u00edch cykl\u016f tyto visa\u010dky vydr\u017e\u00ed?<\/strong><br \/>\nA: Na\u0161e omyvateln\u00e9 RFID \u0161t\u00edtky obvykle vydr\u017e\u00ed a\u017e\u00a0<strong>200 myc\u00edch cykl\u016f<\/strong>\u00a0p\u0159i zachov\u00e1n\u00ed jejich sledovac\u00ed funkce.<\/p>\n<p><strong>Ot\u00e1zka: Mohu si \u0161t\u00edtky p\u0159izp\u016fsobit sv\u00fdm specifick\u00fdm pot\u0159eb\u00e1m?<\/strong><br \/>\nA: Rozhodn\u011b! Nab\u00edz\u00edme\u00a0<strong>zak\u00e1zkov\u00e1 RFID \u0159e\u0161en\u00ed<\/strong>\u00a0p\u0159izp\u016fsobeno va\u0161im specifick\u00fdm pot\u0159eb\u00e1m v oblasti pr\u00e1delny.<\/p>","protected":false},"excerpt":{"rendered":"<p><strong>Omyvateln\u00e9 \u0161t\u00edtky RFID<\/strong>, \u010dasto ozna\u010dovan\u00e9 jako RFID visa\u010dky na pr\u00e1dlo, jsou vyrobeny z jemn\u00e9ho, ale robustn\u00edho gumov\u00e9ho povrchu. Jedn\u00e1 se o visa\u010dky na od\u011bvy navr\u017een\u00e9 tak, aby byly flexibiln\u00ed a robustn\u00ed, vydr\u017eely a\u017e 200 prac\u00edch cykl\u016f a tlak a\u017e 60 bar\u016f. Na\u0161e UHF RFID visa\u010dky na pr\u00e1dlo vynikaj\u00ed hromadn\u00fdm \u010dten\u00edm a jsou efektivn\u011b detekov\u00e1ny ze vzd\u00e1lenosti n\u011bkolika metr\u016f. Dod\u00e1vaj\u00ed se v r\u016fzn\u00fdch rozm\u011brech od 1,5 do 3 palc\u016f na d\u00e9lku a od p\u016fl palce do 1 palce na \u0161\u00ed\u0159ku. Tyto prateln\u00e9 RFID visa\u010dky nach\u00e1zej\u00ed \u0161irok\u00e9 uplatn\u011bn\u00ed v l\u00e9ka\u0159stv\u00ed, \u010dasto se p\u0159ipev\u0148uj\u00ed na pracovn\u00ed od\u011bvy l\u00e9ka\u0159\u016f a zdravotn\u00edch sester, stejn\u011b jako na dal\u0161\u00ed profesion\u00e1ln\u00ed uniformy, kost\u00fdmy a pronaj\u00edmateln\u00e9 p\u0159edm\u011bty, jako jsou roho\u017ee.<\/p>","protected":false},"featured_media":3085,"template":"","meta":{"_kad_post_transparent":"default","_kad_post_title":"","_kad_post_layout":"default","_kad_post_sidebar_id":"","_kad_post_content_style":"default","_kad_post_vertical_padding":"default","_kad_post_feature":"","_kad_post_feature_position":"","_kad_post_header":false,"_kad_post_footer":false,"_kad_post_classname":""},"product_brand":[],"product_cat":[16],"product_tag":[24,375,342,339,65,368,30,374,373],"class_list":{"0":"post-3084","1":"product","2":"type-product","3":"status-publish","4":"has-post-thumbnail","6":"product_cat-uhf-rfid-laundry-tags","7":"product_tag-laundry-rfid-tags","8":"product_tag-rfid-laundry-tag-7015mm","9":"product_tag-rfid-laundry-tags","10":"product_tag-rfid-washable-tags","11":"product_tag-textile-rfid-laundry-tags","12":"product_tag-textile-uhf-rfid-tags-labels","13":"product_tag-uhf-rfid-laundry-tag","14":"product_tag-washable-uhf-rfid-labels","15":"product_tag-washable-uhf-rfid-laundry-textile-labels","17":"first","18":"instock","19":"featured","20":"shipping-taxable","21":"product-type-simple","22":"entry","23":"content-bg","24":"loop-entry"},"_links":{"self":[{"href":"https:\/\/rfid-laundry-tag.com\/cs\/wp-json\/wp\/v2\/product\/3084","targetHints":{"allow":["GET"]}}],"collection":[{"href":"https:\/\/rfid-laundry-tag.com\/cs\/wp-json\/wp\/v2\/product"}],"about":[{"href":"https:\/\/rfid-laundry-tag.com\/cs\/wp-json\/wp\/v2\/types\/product"}],"version-history":[{"count":1,"href":"https:\/\/rfid-laundry-tag.com\/cs\/wp-json\/wp\/v2\/product\/3084\/revisions"}],"predecessor-version":[{"id":3087,"href":"https:\/\/rfid-laundry-tag.com\/cs\/wp-json\/wp\/v2\/product\/3084\/revisions\/3087"}],"wp:featuredmedia":[{"embeddable":true,"href":"https:\/\/rfid-laundry-tag.com\/cs\/wp-json\/wp\/v2\/media\/3085"}],"wp:attachment":[{"href":"https:\/\/rfid-laundry-tag.com\/cs\/wp-json\/wp\/v2\/media?parent=3084"}],"wp:term":[{"taxonomy":"product_brand","embeddable":true,"href":"https:\/\/rfid-laundry-tag.com\/cs\/wp-json\/wp\/v2\/product_brand?post=3084"},{"taxonomy":"product_cat","embeddable":true,"href":"https:\/\/rfid-laundry-tag.com\/cs\/wp-json\/wp\/v2\/product_cat?post=3084"},{"taxonomy":"product_tag","embeddable":true,"href":"https:\/\/rfid-laundry-tag.com\/cs\/wp-json\/wp\/v2\/product_tag?post=3084"}],"curies":[{"name":"wp","href":"https:\/\/api.w.org\/{rel}","templated":true}]}}