{"id":3079,"date":"2025-12-18T10:10:20","date_gmt":"2025-12-18T10:10:20","guid":{"rendered":"https:\/\/rfid-laundry-tag.com\/?post_type=product&#038;p=3079"},"modified":"2026-01-04T13:08:46","modified_gmt":"2026-01-04T13:08:46","slug":"rfid-laundry-tag-7015mm","status":"publish","type":"product","link":"https:\/\/rfid-laundry-tag.com\/cs\/rfid-laundry-tag-7015mm\/","title":{"rendered":"RFID \u0161t\u00edtek na pr\u00e1dlo - 70*15 mm"},"content":{"rendered":"<h2>RFID \u0161t\u00edtek na pr\u00e1dlo - 70*15 mm<\/h2>\n<p><b>Pou\u017eit\u00ed<a href=\"https:\/\/rfid-laundry-tag.com\/cs\/textile-rfid-laundry-tag\/\">\u00a0RFID \u0161t\u00edtky na pr\u00e1dlo<\/a>\u00a0v\u00fdhody:<\/b><br \/>\n1) Sni\u017ete n\u00e1klady na pr\u00e1ci, spolu s ru\u010dn\u00ed \u010dte\u010dkou UHF Scan bude zn\u00e1t mno\u017estv\u00ed.<br \/>\n2) Rozt\u0159i\u010fte oble\u010den\u00ed z r\u016fzn\u00fdch hotel\u016f nebo spole\u010dnost\u00ed.<br \/>\n3) Anal\u00fdza dat, po shrom\u00e1\u017ed\u011bn\u00ed dat se m\u016f\u017eete dozv\u011bd\u011bt v\u00edce, nap\u0159\u00edklad:<br \/>\n* Kter\u00e1 textiln\u00ed kvalita je lep\u0161\u00ed, m\u016f\u017eete si vybrat tuto spole\u010dnost, abyste u\u0161et\u0159ili v\u00edce n\u00e1klad\u016f na budouc\u00ed objedn\u00e1vky.<br \/>\n* Kter\u00fd hotelov\u00fd nebo firemn\u00ed textil se sn\u00e1ze po\u0161kod\u00ed atd.<\/p>\n<div class=\"entry-content-asset videofit\"><iframe title=\"Pro\u010d pou\u017e\u00edvat RFID v textiln\u00edm pr\u00e1delnictv\u00ed?\" src=\"https:\/\/www.youtube.com\/embed\/X_P3EuhS_hE?feature=oembed\" width=\"720\" height=\"405\" frameborder=\"0\" allowfullscreen=\"allowfullscreen\" data-mce-fragment=\"1\"><\/iframe><\/div>\n<div class=\"table-with-header rounded-lg border border-solid border-grey-line2-normal w-fit max-w-full mb-2\">\n<div class=\"overflow-x-auto custom-scrollbar custom-scrollbar-float max-w-full\">\n<table class=\"w-fit !mb-0 !max-w-none\">\n<thead>\n<tr>\n<th>Funkce<\/th>\n<th>Specifikace<\/th>\n<\/tr>\n<\/thead>\n<tbody>\n<tr>\n<td><strong>N\u00e1zev polo\u017eky<\/strong><\/td>\n<td><strong>RFID Laundry Tag<\/strong><\/td>\n<\/tr>\n<tr>\n<td><strong>RFID standard<\/strong><\/td>\n<td>ISO\/IEC 18000-6 TypeC (EPC Gen2)<\/td>\n<\/tr>\n<tr>\n<td><strong>Velikost &amp; Hmotnost<\/strong><\/td>\n<td>70\u00d715 mm, 0,6 g<\/td>\n<\/tr>\n<tr>\n<td><strong>Typ \u010dipu<\/strong><\/td>\n<td>K\u00d3D NXP U 8, K\u00d3D NXP U 9<\/td>\n<\/tr>\n<tr>\n<td><strong>Pam\u011b\u0165 EPC<\/strong><\/td>\n<td>128 bit\u016f<\/td>\n<\/tr>\n<tr>\n<td><strong>U\u017eivatelsk\u00e1 pam\u011b\u0165<\/strong><\/td>\n<td>512 bit\u016f<\/td>\n<\/tr>\n<tr>\n<td><strong>P\u0159e\u010dt\u011bte si rozsah<\/strong><\/td>\n<td>8 m (2W ERP FCC\/ETSI)<\/td>\n<\/tr>\n<tr>\n<td><strong>Ozna\u010dov\u00e1n\u00ed<\/strong><\/td>\n<td>\u0160it\u00ed, lepidlo pro ra\u017een\u00ed za tepla<\/td>\n<\/tr>\n<tr>\n<td><strong>Odhadovan\u00e1 \u017eivotnost<\/strong><\/td>\n<td>200 myc\u00edch cykl\u016f nebo 3 roky<\/td>\n<\/tr>\n<tr>\n<td><strong>Metoda pran\u00ed<\/strong><\/td>\n<td>Pr\u00e1delna, Chemick\u00e9 \u010di\u0161t\u011bn\u00ed<\/td>\n<\/tr>\n<tr>\n<td><strong>Tlak p\u0159i odb\u011bru vody<\/strong><\/td>\n<td>60 bar<\/td>\n<\/tr>\n<tr>\n<td><strong>Vod\u011bodolnost<\/strong><\/td>\n<td>Vod\u011bodoln\u00fd<\/td>\n<\/tr>\n<tr>\n<td><strong>Chemick\u00e1 odolnost<\/strong><\/td>\n<td>Prac\u00ed prost\u0159edek, aviv\u00e1\u017e, b\u011blidlo (kysl\u00edk\/chl\u00f3r), alk\u00e1lie<\/td>\n<\/tr>\n<tr>\n<td>\u00a0\u017dehli\u010dka:<\/td>\n<td>190 \u00b0C ~225 \u00b0C po dobu 10~15 sekund<\/td>\n<\/tr>\n<\/tbody>\n<\/table>\n<\/div>\n<\/div>\n<h3 class=\"wp-block-heading\">Instalace<\/h3>\n<p><strong>Stitch Tagging<\/strong>: K v\u0161it\u00ed do lemu l\u00e1tky. P\u0159i\u0161ijte visa\u010dku na pr\u00e1dlo sm\u011brem od lini\u00ed skl\u00e1d\u00e1n\u00ed.<br \/>\n<strong>Tepeln\u00e9 t\u011bsn\u011bn\u00ed<\/strong>: K tepeln\u00e9mu zataven\u00ed p\u0159\u00edmo na textilii p\u0159i +200\u00b0C (392\u00b0F), po dobu 12~14s.<br \/>\n<strong>V s\u00e1\u010dku<\/strong>: K p\u0159i\u0161it\u00ed jako standardn\u00ed \u0161t\u00edtek pro p\u00e9\u010di. P\u0159i\u0161ijte visa\u010dku na pr\u00e1dlo sm\u011brem od lini\u00ed skl\u00e1d\u00e1n\u00ed.<\/p>\n<p>&nbsp;<\/p>\n<p><strong>P\u0159edstaven\u00ed produktu:<\/strong><br \/>\n*V\u00edce ne\u017e 200kr\u00e1t pr\u016fmyslov\u00e9 pran\u00ed.<br \/>\n*100% Test z\u00e1pisu do pam\u011bti\uff1b<br \/>\n*Materi\u00e1l a konstrukce byly testov\u00e1ny na spolehlivost;<br \/>\n*Produkt byl zkontrolov\u00e1n na shodu s certifikac\u00ed 100% RF za\u0159\u00edzen\u00edm Finland Tagformace.<br \/>\n* SKUTE\u010cN\u00c9 200n\u00e1sobn\u00e9 pr\u016fmyslov\u00e9 pran\u00ed.<br \/>\n* M\u011bkk\u00fd, pru\u017en\u00fd;<br \/>\n* Odol\u00e1v\u00e1 tlaku 60 atmosf\u00e9r.<\/p>\n<figure id=\"attachment_3434\" class=\"wp-caption alignnone\" aria-describedby=\"caption-attachment-3434\">\n<p><figure id=\"attachment_3081\" aria-describedby=\"caption-attachment-3081\" style=\"width: 1000px\" class=\"wp-caption alignnone\"><a href=\"https:\/\/rfid-laundry-tag.com\/cs\/textile-rfid-laundry-tag\/\"><img fetchpriority=\"high\" decoding=\"async\" class=\"size-full wp-image-3081\" src=\"https:\/\/rfid-laundry-tag.com\/wp-content\/uploads\/2025\/12\/UHF-RFID-washable-laundry-tag-08.jpg\" alt=\"RFID Laundry Tag-70*15mm\" width=\"1000\" height=\"1000\" srcset=\"https:\/\/rfid-laundry-tag.com\/wp-content\/uploads\/2025\/12\/UHF-RFID-washable-laundry-tag-08.jpg 1000w, https:\/\/rfid-laundry-tag.com\/wp-content\/uploads\/2025\/12\/UHF-RFID-washable-laundry-tag-08-300x300.jpg 300w, https:\/\/rfid-laundry-tag.com\/wp-content\/uploads\/2025\/12\/UHF-RFID-washable-laundry-tag-08-150x150.jpg 150w, https:\/\/rfid-laundry-tag.com\/wp-content\/uploads\/2025\/12\/UHF-RFID-washable-laundry-tag-08-768x768.jpg 768w, https:\/\/rfid-laundry-tag.com\/wp-content\/uploads\/2025\/12\/UHF-RFID-washable-laundry-tag-08-12x12.jpg 12w, https:\/\/rfid-laundry-tag.com\/wp-content\/uploads\/2025\/12\/UHF-RFID-washable-laundry-tag-08-600x600.jpg 600w, https:\/\/rfid-laundry-tag.com\/wp-content\/uploads\/2025\/12\/UHF-RFID-washable-laundry-tag-08-100x100.jpg 100w\" sizes=\"(max-width: 1000px) 100vw, 1000px\" \/><\/a><figcaption id=\"caption-attachment-3081\" class=\"wp-caption-text\">RFID \u0161t\u00edtek na pr\u00e1dlo - 70*15 mm<\/figcaption><\/figure><figcaption id=\"caption-attachment-3434\" class=\"wp-caption-text\">\u00a0<\/figcaption><\/figure>\n<p><strong>Pou\u017eit\u00ed produktu:<\/strong><br \/>\n* Pr\u016fmyslov\u00e9 pran\u00ed;<br \/>\n* Spr\u00e1va uniforem zam\u011bstnanc\u016f a \u0161koln\u00edch uniforem;<br \/>\n* Spr\u00e1va l\u00e9ka\u0159sk\u00e9ho oble\u010den\u00ed;<br \/>\n* \u0158\u00edzen\u00ed person\u00e1ln\u00edch hl\u00eddek;<br \/>\n* \u0158\u00edzen\u00ed v\u00fdroby v od\u011bvn\u00edch tov\u00e1rn\u00e1ch.<\/p>\n<h2 data-spm-anchor-id=\"a2700.details-description.0.i0.40e8juJgjuJgsa\"><b><span class=\"magic-29\" data-spm-anchor-id=\"a2700.details-description.0.i4.40e8juJgjuJgsa\">Hlavn\u00ed v\u00fdhody:<\/span><\/b><\/h2>\n<div data-spm-anchor-id=\"a2700.details-description.0.i0.40e8juJgjuJgsa\">\n<div data-spm-anchor-id=\"a2700.details-description.0.i3.40e8juJgjuJgsa\"><span class=\"magic-30\"><span class=\"magic-31\">* Instalace na kovov\u00fd i nekovov\u00fd povrch m\u00e1 dobr\u00fd v\u00fdkon r\u00e1diov\u00e9 frekvence, 100% prost\u0159ednictv\u00edm evropsk\u00e9ho importn\u00edho \u0161t\u00edtku;<br \/>\nTest syst\u00e9mu testov\u00e1n\u00ed shody * po validaci a pou\u017eit\u00ed mezin\u00e1rodn\u011b zn\u00e1m\u00fdmi z\u00e1kazn\u00edky;<\/span><\/span><\/div>\n<\/div>\n<div class=\"auto-hide-last-sibling-br paragraph_1252f paragraph-element\">\n<figure id=\"attachment_3033\" aria-describedby=\"caption-attachment-3033\" style=\"width: 768px\" class=\"wp-caption alignnone\"><a href=\"https:\/\/rfid-laundry-tag.com\/cs\/textile-rfid-laundry-tag\/\"><img decoding=\"async\" class=\"size-large wp-image-3033\" src=\"https:\/\/rfid-laundry-tag.com\/wp-content\/uploads\/2025\/12\/RFID-Laundry-Tag-Installation-Guide-01-768x1024.png\" alt=\"RFID Laundry Tags\" width=\"768\" height=\"1024\" srcset=\"https:\/\/rfid-laundry-tag.com\/wp-content\/uploads\/2025\/12\/RFID-Laundry-Tag-Installation-Guide-01-768x1025.png 768w, https:\/\/rfid-laundry-tag.com\/wp-content\/uploads\/2025\/12\/RFID-Laundry-Tag-Installation-Guide-01-225x300.png 225w, https:\/\/rfid-laundry-tag.com\/wp-content\/uploads\/2025\/12\/RFID-Laundry-Tag-Installation-Guide-01-9x12.png 9w, https:\/\/rfid-laundry-tag.com\/wp-content\/uploads\/2025\/12\/RFID-Laundry-Tag-Installation-Guide-01-600x801.png 600w, https:\/\/rfid-laundry-tag.com\/wp-content\/uploads\/2025\/12\/RFID-Laundry-Tag-Installation-Guide-01.png 790w\" sizes=\"(max-width: 768px) 100vw, 768px\" \/><\/a><figcaption id=\"caption-attachment-3033\" class=\"wp-caption-text\">RFID \u0161t\u00edtky na pr\u00e1dlo<\/figcaption><\/figure>\n<\/div>\n<div>\n<div class=\"J_module\">\n<h2 id=\"ali-anchor-AliMagic-0o5zmv\" class=\"magic-0\" data-section=\"AliMagic-0o5zmv\" data-section-title=\"FAQ\" data-spm-anchor-id=\"a2700.details-description.0.i2.40e8juJgjuJgsa\"><strong>\u010casto kladen\u00e9 ot\u00e1zky<\/strong><\/h2>\n<div data-section=\"AliMagic-0o5zmv\" data-section-title=\"FAQ\" data-spm-anchor-id=\"a2700.details-description.0.i2.40e8juJgjuJgsa\"><\/div>\n<\/div>\n<div class=\"J_module\">\n<div class=\"detail-decorate-json-renderer-container\">\n<div class=\"magic-17\">\n<div class=\"magic-18\">\n<div class=\"magic-19\">\n<div class=\"magic-20\">\n<div data-spm-anchor-id=\"a2700.details-description.0.i5.40e8juJgjuJgsa\"><b class=\"magic-32\">1. M\u016f\u017eete n\u00e1m nab\u00eddnout n\u011bkolik vzork\u016f?<\/b><\/div>\n<div data-spm-anchor-id=\"a2700.details-description.0.i5.40e8juJgjuJgsa\">Jakmile budeme jasn\u011b v\u011bd\u011bt, jak\u00e9 produkty pot\u0159ebujete, m\u016f\u017eeme v\u00e1m nab\u00eddnout podobn\u00fd existuj\u00edc\u00ed vzorek pro va\u0161i referenci. Vzorek je zdarma, n\u00e1klady na dopravu uhrad\u00edte vy. Pokud pot\u0159ebujete vzorek na m\u00edru dle va\u0161eho n\u00e1vrhu a po\u017eadavk\u016f, \u00fa\u010dtujeme v\u00e1m odpov\u00eddaj\u00edc\u00ed cenu vzorku.<\/div>\n<div data-spm-anchor-id=\"a2700.details-description.0.i5.40e8juJgjuJgsa\"><\/div>\n<div data-spm-anchor-id=\"a2700.details-description.0.i5.40e8juJgjuJgsa\"><b class=\"magic-32\">2. Nejsme odborn\u00edky na n\u00e1kup va\u0161\u00ed technologie, jak\u00e9 informace od n\u00e1s pot\u0159ebujete k vypracov\u00e1n\u00ed cenov\u00e9 nab\u00eddky?<\/b><\/div>\n<div data-spm-anchor-id=\"a2700.details-description.0.i5.40e8juJgjuJgsa\">V\u00e1\u017een\u00fd p\u0159\u00edteli, pros\u00edm, jasn\u011b n\u00e1m sd\u011blte pou\u017eit\u00ed RFID \u0161t\u00edtku, jak\u00e9ho c\u00edle chcete dos\u00e1hnout, a my v\u00e1m navrhneme vhodn\u00fd produkt za dobrou cenu.<\/div>\n<div data-spm-anchor-id=\"a2700.details-description.0.i5.40e8juJgjuJgsa\"><\/div>\n<div data-spm-anchor-id=\"a2700.details-description.0.i5.40e8juJgjuJgsa\"><b class=\"magic-32\">3. M\u00e1me st\u00ed\u017enost, \u017ee jsme zaplatili, ale zbo\u017e\u00ed jste n\u00e1m neposlali. .<\/b>\u00a0Jsme p\u0159edn\u00ed spole\u010dnost\u00ed zab\u00fdvaj\u00edc\u00ed se RFID \u0161t\u00edtky, kter\u00e1 poctiv\u011b obchoduje na mezin\u00e1rodn\u00edm trhu ji\u017e l\u00e9ta. Od na\u0161ich z\u00e1kazn\u00edk\u016f po cel\u00e9m sv\u011bt\u011b v\u017edy dost\u00e1v\u00e1me pozitivn\u00ed zp\u011btnou vazbu.<\/div>\n<div data-spm-anchor-id=\"a2700.details-description.0.i5.40e8juJgjuJgsa\"><\/div>\n<div data-spm-anchor-id=\"a2700.details-description.0.i5.40e8juJgjuJgsa\"><span class=\"magic-32\"><b><span class=\"magic-30\">4. M\u016f\u017eeme nav\u0161t\u00edvit va\u0161i tov\u00e1rnu?<\/span><\/b><\/span>\u00a0Ano, srde\u010dn\u011b v\u00edt\u00e1m va\u0161i prohl\u00eddku tov\u00e1rny. A je mi ct\u00ed b\u00fdt va\u0161\u00edm pr\u016fvodcem na va\u0161\u00ed cest\u011b po \u010c\u00edn\u011b.<\/div>\n<\/div>\n<div data-spm-anchor-id=\"a2700.details-description.0.i5.40e8juJgjuJgsa\">\n<figure id=\"attachment_3036\" aria-describedby=\"caption-attachment-3036\" style=\"width: 1024px\" class=\"wp-caption alignnone\"><a href=\"https:\/\/rfid-laundry-tag.com\/cs\/textile-rfid-laundry-tag\/\"><img decoding=\"async\" class=\"size-large wp-image-3036\" src=\"https:\/\/rfid-laundry-tag.com\/wp-content\/uploads\/2025\/12\/RFID-Laundry-Tag-Installation-Guide-03--1024x590.png\" alt=\"How to Sew RFID Laundry Tags into Linens and Garments\" width=\"1024\" height=\"590\" srcset=\"https:\/\/rfid-laundry-tag.com\/wp-content\/uploads\/2025\/12\/RFID-Laundry-Tag-Installation-Guide-03--1024x590.png 1024w, https:\/\/rfid-laundry-tag.com\/wp-content\/uploads\/2025\/12\/RFID-Laundry-Tag-Installation-Guide-03--300x173.png 300w, https:\/\/rfid-laundry-tag.com\/wp-content\/uploads\/2025\/12\/RFID-Laundry-Tag-Installation-Guide-03--768x442.png 768w, https:\/\/rfid-laundry-tag.com\/wp-content\/uploads\/2025\/12\/RFID-Laundry-Tag-Installation-Guide-03--18x10.png 18w, https:\/\/rfid-laundry-tag.com\/wp-content\/uploads\/2025\/12\/RFID-Laundry-Tag-Installation-Guide-03--600x345.png 600w, https:\/\/rfid-laundry-tag.com\/wp-content\/uploads\/2025\/12\/RFID-Laundry-Tag-Installation-Guide-03-.png 1148w\" sizes=\"(max-width: 1024px) 100vw, 1024px\" \/><\/a><figcaption id=\"caption-attachment-3036\" class=\"wp-caption-text\">Jak \u0161\u00edt RFID \u0161t\u00edtky na pr\u00e1dlo do lo\u017en\u00edho pr\u00e1dla a od\u011bv\u016f<\/figcaption><\/figure>\n<\/div>\n<\/div>\n<\/div>\n<\/div>\n<\/div>\n<\/div>\n<\/div>","protected":false},"excerpt":{"rendered":"<div class=\"elementor-element elementor-element-4f79c63 e-flex e-con-boxed e-con e-parent e-lazyloaded\" data-id=\"4f79c63\" data-element_type=\"container\" data-settings=\"{&quot;_ha_eqh_enable&quot;:false}\">\n<div class=\"e-con-inner\">\n<div class=\"elementor-element elementor-element-be3873c elementor-widget elementor-widget-woocommerce-product-short-description\" data-id=\"be3873c\" data-element_type=\"widget\" data-widget_type=\"woocommerce-product-short-description.default\">\n<div class=\"elementor-widget-container\">\n<div class=\"woocommerce-product-details__short-description\"><\/div>\n<\/div>\n<\/div>\n<\/div>\n<\/div>\n<div class=\"elementor-element elementor-element-3ad806e e-flex e-con-boxed e-con e-parent e-lazyloaded\" data-id=\"3ad806e\" data-element_type=\"container\" data-settings=\"{&quot;_ha_eqh_enable&quot;:false}\">\n<div class=\"e-con-inner\">\n<div class=\"elementor-element elementor-element-362020f elementor-widget elementor-widget-woocommerce-product-data-tabs\" data-id=\"362020f\" data-element_type=\"widget\" data-widget_type=\"woocommerce-product-data-tabs.default\">\n<div class=\"elementor-widget-container\">\n<div class=\"woocommerce-tabs wc-tabs-wrapper\">\n<h3 class=\"wp-block-heading\">RFID \u0161t\u00edtek na pr\u00e1dlo - 70*15 mm<\/h3>\n<p>1, Velikost je 70*15 mm<br \/>\n2, Zaru\u010deno na 200 nebo 300 prac\u00edch cykl\u016f prob\u00edhaj\u00edc\u00edch sterilizac\u00ed, odvodn\u011bn\u00edm, tepeln\u00fdm zpracov\u00e1n\u00edm \u017eehli\u010dky pod tlakem 60 bar\u016f a oh\u0159evem na 200 \u00b0C.<br \/>\n3, Dodac\u00ed lh\u016fta je 1~2 dny<\/p>\n<\/div>\n<\/div>\n<\/div>\n<\/div>\n<\/div>","protected":false},"featured_media":3080,"template":"","meta":{"_kad_post_transparent":"default","_kad_post_title":"","_kad_post_layout":"default","_kad_post_sidebar_id":"","_kad_post_content_style":"default","_kad_post_vertical_padding":"default","_kad_post_feature":"","_kad_post_feature_position":"","_kad_post_header":false,"_kad_post_footer":false,"_kad_post_classname":""},"product_brand":[],"product_cat":[16],"product_tag":[378,24,375,342,339,380,65,368,30,379,374,373],"class_list":{"0":"post-3079","1":"product","2":"type-product","3":"status-publish","4":"has-post-thumbnail","6":"product_cat-uhf-rfid-laundry-tags","7":"product_tag-laundry-management","8":"product_tag-laundry-rfid-tags","9":"product_tag-rfid-laundry-tag-7015mm","10":"product_tag-rfid-laundry-tags","11":"product_tag-rfid-washable-tags","12":"product_tag-smart-textile","13":"product_tag-textile-rfid-laundry-tags","14":"product_tag-textile-uhf-rfid-tags-labels","15":"product_tag-uhf-rfid-laundry-tag","16":"product_tag-uniform-management","17":"product_tag-washable-uhf-rfid-labels","18":"product_tag-washable-uhf-rfid-laundry-textile-labels","20":"first","21":"instock","22":"featured","23":"shipping-taxable","24":"product-type-simple","25":"entry","26":"content-bg","27":"loop-entry"},"_links":{"self":[{"href":"https:\/\/rfid-laundry-tag.com\/cs\/wp-json\/wp\/v2\/product\/3079","targetHints":{"allow":["GET"]}}],"collection":[{"href":"https:\/\/rfid-laundry-tag.com\/cs\/wp-json\/wp\/v2\/product"}],"about":[{"href":"https:\/\/rfid-laundry-tag.com\/cs\/wp-json\/wp\/v2\/types\/product"}],"version-history":[{"count":3,"href":"https:\/\/rfid-laundry-tag.com\/cs\/wp-json\/wp\/v2\/product\/3079\/revisions"}],"predecessor-version":[{"id":3170,"href":"https:\/\/rfid-laundry-tag.com\/cs\/wp-json\/wp\/v2\/product\/3079\/revisions\/3170"}],"wp:featuredmedia":[{"embeddable":true,"href":"https:\/\/rfid-laundry-tag.com\/cs\/wp-json\/wp\/v2\/media\/3080"}],"wp:attachment":[{"href":"https:\/\/rfid-laundry-tag.com\/cs\/wp-json\/wp\/v2\/media?parent=3079"}],"wp:term":[{"taxonomy":"product_brand","embeddable":true,"href":"https:\/\/rfid-laundry-tag.com\/cs\/wp-json\/wp\/v2\/product_brand?post=3079"},{"taxonomy":"product_cat","embeddable":true,"href":"https:\/\/rfid-laundry-tag.com\/cs\/wp-json\/wp\/v2\/product_cat?post=3079"},{"taxonomy":"product_tag","embeddable":true,"href":"https:\/\/rfid-laundry-tag.com\/cs\/wp-json\/wp\/v2\/product_tag?post=3079"}],"curies":[{"name":"wp","href":"https:\/\/api.w.org\/{rel}","templated":true}]}}