{"id":3074,"date":"2025-12-18T09:36:02","date_gmt":"2025-12-18T09:36:02","guid":{"rendered":"https:\/\/rfid-laundry-tag.com\/?post_type=product&#038;p=3074"},"modified":"2025-12-18T09:36:03","modified_gmt":"2025-12-18T09:36:03","slug":"washable-uhf-rfid-laundry-textile-labels","status":"publish","type":"product","link":"https:\/\/rfid-laundry-tag.com\/cs\/washable-uhf-rfid-laundry-textile-labels\/","title":{"rendered":"Prateln\u00e9 UHF RFID etikety na textiln\u00ed pr\u00e1dlo"},"content":{"rendered":"<div class=\"auto-hide-last-sibling-br paragraph_1252f paragraph-element\">\n<h2 class=\"auto-hide-last-sibling-br paragraph_1252f paragraph-element\">Prateln\u00e9 UHF RFID etikety na textiln\u00ed pr\u00e1dlo<\/h2>\n<div><\/div>\n<div data-spm-anchor-id=\"a2700.details.0.i57.23b419c7xXORP0\"><span data-spm-anchor-id=\"a2700.details.0.i75.23b419c7xXORP0\"><b>Vlastnosti:<\/b><br \/>\n1) Technologie UHF pro sou\u010dasn\u00e9 \u010dten\u00ed stovek tag\u016f.<br \/>\n2) \u010ctec\u00ed vzd\u00e1lenost v\u011bt\u0161\u00ed ne\u017e 8 m~12 m.<br \/>\n3) Nov\u00fd mechanick\u00fd design pro lep\u0161\u00ed v\u00fdkon pro ploch\u00e9 pr\u00e1dlo.<br \/>\n4) Vhodn\u00e9 pro vysokotlak\u00e9 extraktory do 60 bar.<br \/>\n5) Vhodn\u00e9 pro sterilizaci v autokl\u00e1vu.<br \/>\n6) Mal\u00fd, m\u011bkk\u00fd, pru\u017en\u00fd materi\u00e1l ide\u00e1ln\u00ed pro textilie, pr\u00e1dlo, od\u011bvy a dopl\u0148ky.<\/span><\/div>\n<div data-spm-anchor-id=\"a2700.details.0.i57.23b419c7xXORP0\">\n<div class=\"entry-content-asset videofit\"><iframe title=\"Tov\u00e1rna na topn\u00e9 lepidlo UHF RFID \u0161t\u00edtky na pr\u00e1dlo s testem \u010dtec\u00ed vzd\u00e1lenosti 12 m\" src=\"https:\/\/www.youtube.com\/embed\/cOnG5fgEIs4?feature=oembed\" width=\"720\" height=\"405\" frameborder=\"0\" allowfullscreen=\"allowfullscreen\" data-mce-fragment=\"1\"><\/iframe><\/div>\n<\/div>\n<\/div>\n<div data-spm-anchor-id=\"a2700.details.0.i57.23b419c7xXORP0\"><\/div>\n<div data-spm-anchor-id=\"a2700.details.0.i57.23b419c7xXORP0\">\n<div class=\"text-content\" data-spm-anchor-id=\"a2700.details.0.i54.23b419c7xXORP0\">\n<table>\n<tbody>\n<tr>\n<td width=\"139\">N\u00e1zev produktu<\/td>\n<td width=\"600\">Prateln\u00e9 UHF RFID etikety na textiln\u00ed pr\u00e1dlo<\/td>\n<\/tr>\n<tr>\n<td width=\"139\">Materi\u00e1l<\/td>\n<td width=\"600\">L\u00e1tka\/tkanina atd.<\/td>\n<\/tr>\n<tr>\n<td width=\"139\">Model \u010dipu<\/td>\n<td width=\"600\">UCODE\u00ae 9<\/td>\n<\/tr>\n<tr>\n<td width=\"139\">Pam\u011b\u0165<\/td>\n<td width=\"600\">EPC: 96 bit\u016f<\/td>\n<\/tr>\n<tr>\n<td width=\"139\">Protokol<\/td>\n<td width=\"600\">EPC C1 G2<\/td>\n<\/tr>\n<tr>\n<td width=\"139\">Velikost<\/td>\n<td width=\"600\">70*15 mm, 86*16 mm; 50*20 mm; 72*16 mm; 35*15 mm atd.<\/td>\n<\/tr>\n<tr>\n<td width=\"139\">Barva<\/td>\n<td width=\"600\">B\u00edl\u00fd<\/td>\n<\/tr>\n<tr>\n<td width=\"139\">Pracovn\u00ed doba<\/td>\n<td width=\"600\">Pr\u016fm\u011br je 200kr\u00e1t, n\u011bkter\u00e9 i v\u00edce ne\u017e 300kr\u00e1t.<\/td>\n<\/tr>\n<tr>\n<td width=\"139\">Provozn\u00ed teplota<\/td>\n<td width=\"600\">-25 \u2103 a\u017e +150 \u2103<\/td>\n<\/tr>\n<tr>\n<td width=\"139\">P\u0159e\u010dt\u011bte si Vzd\u00e1lenost<\/td>\n<td width=\"600\">3\u201310 milion\u016f<\/td>\n<\/tr>\n<tr>\n<td width=\"139\">aplikace<\/td>\n<td width=\"600\">\u0158e\u0161en\u00ed pro pr\u00e1delny, pr\u00e1delny, pr\u016fmyslov\u00e9 pran\u00ed, spr\u00e1va hotelov\u00fdch od\u011bv\u016f, spr\u00e1va supermarket\u016f\/obchod\u016f s od\u011bvy atd.<\/td>\n<\/tr>\n<\/tbody>\n<\/table>\n<\/div>\n<\/div>\n<div><\/div>\n<div>\n<p>&nbsp;<\/p>\n<h3>Co jsou prateln\u00e9 UHF RFID \u0161t\u00edtky na pr\u00e1dlo?<\/h3>\n<p>Omyvateln\u00e9 RFID \u0161t\u00edtky jsou specializovan\u00fdm typem\u00a0<strong>RFID \u0161t\u00edtek<\/strong>\u00a0navr\u017eeno speci\u00e1ln\u011b pro pr\u00e1delny. Tyto \u0161t\u00edtky pou\u017e\u00edvaj\u00ed\u00a0<strong>vysoce v\u00fdkonn\u00e1 RFID technologie<\/strong>\u00a0aby bylo mo\u017en\u00e9 p\u0159esn\u00e9 sledov\u00e1n\u00ed a spr\u00e1vu textiln\u00edch p\u0159edm\u011bt\u016f po celou dobu jejich \u017eivotn\u00edho cyklu. Vyroben\u00e9 z odoln\u00fdch materi\u00e1l\u016f, prateln\u00e9 RFID \u0161t\u00edtky odol\u00e1vaj\u00ed n\u00e1ro\u010dn\u00fdm podm\u00ednk\u00e1m pr\u016fmyslov\u00e9ho pran\u00ed, v\u010detn\u011b vystaven\u00ed vysok\u00fdm teplot\u00e1m a opakovan\u00fdm prac\u00edm cykl\u016fm.<\/p>\n<\/div>\n<h3 class=\"wp-block-heading\">Jak na instalaci<\/h3>\n<p><strong>Stitch Tagging<\/strong>: K v\u0161it\u00ed do lemu l\u00e1tky. P\u0159i\u0161ijte visa\u010dku na pr\u00e1dlo sm\u011brem od lini\u00ed skl\u00e1d\u00e1n\u00ed.<br \/>\n<strong>Tepeln\u00e9 t\u011bsn\u011bn\u00ed<\/strong>: K tepeln\u00e9mu zataven\u00ed p\u0159\u00edmo na textilii p\u0159i +200\u00b0C (392\u00b0F), po dobu 12~14s.<br \/>\n<strong>V s\u00e1\u010dku<\/strong>: K p\u0159i\u0161it\u00ed jako standardn\u00ed \u0161t\u00edtek pro p\u00e9\u010di. P\u0159i\u0161ijte visa\u010dku na pr\u00e1dlo sm\u011brem od lini\u00ed skl\u00e1d\u00e1n\u00ed.<\/p>\n<h2>\u010casto kladen\u00e9 ot\u00e1zky (FAQ) \u2013 Prateln\u00e9 UHF RFID etikety na textiln\u00ed pran\u00ed<\/h2>\n<p>1. Jak prateln\u00e9 UHF RFID etikety na textiln\u00ed pr\u00e1dlo zlep\u0161uj\u00ed spr\u00e1vu z\u00e1sob?<br \/>\nPrateln\u00e9 UHF RFID etikety na textiln\u00ed pran\u00ed umo\u017e\u0148uj\u00ed p\u0159esn\u00e9 sledov\u00e1n\u00ed od\u011bv\u016f a automatizuj\u00ed proces spr\u00e1vy z\u00e1sob. D\u00edky \u010dip\u016fm UCODE\u00ae 9 mohou firmy okam\u017eit\u011b sledovat polohu a stav ka\u017ed\u00e9ho od\u011bvu, co\u017e zlep\u0161uje provozn\u00ed efektivitu a sni\u017euje manu\u00e1ln\u00ed chyby.<\/p>\n<p>2. Jak odoln\u00e9 jsou omyvateln\u00e9 UHF RFID \u0161t\u00edtky na textiln\u00ed pr\u00e1dlo?<br \/>\nNa\u0161e prateln\u00e9 RFID \u0161t\u00edtky jsou navr\u017eeny tak, aby vydr\u017eely a\u017e 200 prac\u00edch cykl\u016f a v n\u011bkter\u00fdch p\u0159\u00edpadech i v\u00edce ne\u017e 300. Tato odolnost zaji\u0161\u0165uje, \u017ee \u0161t\u00edtky z\u016fstanou funk\u010dn\u00ed po celou dobu \u017eivotnosti od\u011bvu, co\u017e sni\u017euje n\u00e1klady na v\u00fdm\u011bnu.<\/p>\n<p>3. Jak\u00e1 je v\u00fdhoda technologie UHF RFID s dlouh\u00fdm dosahem?<br \/>\nD\u00edky UHF RFID \u0161t\u00edtk\u016fm s dlouh\u00fdm dosahem lze sledovat od\u011bvy na v\u011bt\u0161\u00ed vzd\u00e1lenosti, co\u017e zrychluje dobu zpracov\u00e1n\u00ed ve velkoobjemov\u00fdch prost\u0159ed\u00edch, jako jsou pr\u016fmyslov\u00e9 pr\u00e1delny. Tato technologie zlep\u0161uje automatizaci, zvy\u0161uje \u00farove\u0148 slu\u017eeb a provozn\u00ed produktivitu.<\/p>\n<p>4. Jak RFID tagy \u0159e\u0161\u00ed b\u011b\u017en\u00e9 probl\u00e9my v odv\u011btv\u00ed pr\u00e1delen?<br \/>\nRFID \u0161t\u00edtky sni\u017euj\u00ed chyby p\u0159i ru\u010dn\u00edm sledov\u00e1n\u00ed, zaji\u0161\u0165uj\u00ed p\u0159esnou spr\u00e1vu aktiv a zvy\u0161uj\u00ed odolnost od\u011bv\u016f. Automatizac\u00ed sledov\u00e1n\u00ed mohou firmy u\u0161et\u0159it \u010das, sn\u00ed\u017eit ztr\u00e1ty a zv\u00fd\u0161it ziskovost.<\/p>\n<p>5. Pro\u010d si vybrat pr\u00e1v\u011b va\u0161e RFID \u0161t\u00edtky p\u0159ed jin\u00fdmi?<br \/>\nJako jeden z 5 nejlep\u0161\u00edch v\u00fdrobc\u016f RFID \u0161t\u00edtk\u016f s v\u00edce ne\u017e 15 lety zku\u0161enost\u00ed nab\u00edz\u00edme vysoce kvalitn\u00ed a odoln\u00e1 \u0159e\u0161en\u00ed p\u0159izp\u016fsoben\u00e1 pro spr\u00e1vu od\u011bv\u016f ve velk\u00e9m m\u011b\u0159\u00edtku a zaji\u0161\u0165uj\u00edc\u00ed n\u00e1kladov\u011b efektivn\u00ed a efektivn\u00ed provoz.<\/p>","protected":false},"excerpt":{"rendered":"<div class=\"elementor-element elementor-element-4f79c63 e-flex e-con-boxed e-con e-parent e-lazyloaded\" data-id=\"4f79c63\" data-element_type=\"container\" data-settings=\"{&quot;_ha_eqh_enable&quot;:false}\">\n<div class=\"e-con-inner\">\n<div class=\"elementor-element elementor-element-be3873c elementor-widget elementor-widget-woocommerce-product-short-description\" data-id=\"be3873c\" data-element_type=\"widget\" data-widget_type=\"woocommerce-product-short-description.default\">\n<div class=\"elementor-widget-container\">\n<div class=\"woocommerce-product-details__short-description\">\n<p><strong>Prateln\u00e9 UHF RFID etikety na textiln\u00ed pr\u00e1dlo<\/strong>, \u010dasto ozna\u010dovan\u00e9 jako RFID visa\u010dky na pr\u00e1dlo, jsou vyrobeny z jemn\u00e9ho, ale robustn\u00edho gumov\u00e9ho povrchu. Jsou to visa\u010dky na od\u011bvy navr\u017een\u00e9 tak, aby byly flexibiln\u00ed a robustn\u00ed, vydr\u017eely a\u017e 200 prac\u00edch cykl\u016f a tlak a\u017e 60 bar\u016f.<\/p>\n<\/div>\n<\/div>\n<\/div>\n<\/div>\n<\/div>\n<div class=\"elementor-element elementor-element-3ad806e e-flex e-con-boxed e-con e-parent e-lazyloaded\" data-id=\"3ad806e\" data-element_type=\"container\" data-settings=\"{&quot;_ha_eqh_enable&quot;:false}\">\n<div class=\"e-con-inner\">\n<div class=\"elementor-element elementor-element-362020f elementor-widget elementor-widget-woocommerce-product-data-tabs\" data-id=\"362020f\" data-element_type=\"widget\" data-widget_type=\"woocommerce-product-data-tabs.default\">\n<div class=\"elementor-widget-container\">\n<div class=\"woocommerce-tabs wc-tabs-wrapper\"><\/div>\n<\/div>\n<\/div>\n<\/div>\n<\/div>","protected":false},"featured_media":2870,"template":"","meta":{"_kad_post_transparent":"default","_kad_post_title":"","_kad_post_layout":"default","_kad_post_sidebar_id":"","_kad_post_content_style":"default","_kad_post_vertical_padding":"default","_kad_post_feature":"","_kad_post_feature_position":"","_kad_post_header":false,"_kad_post_footer":false,"_kad_post_classname":""},"product_brand":[],"product_cat":[19],"product_tag":[24,342,339,65,368,30,374,373],"class_list":{"0":"post-3074","1":"product","2":"type-product","3":"status-publish","4":"has-post-thumbnail","6":"product_cat-textile-rfid-laundry-tag","7":"product_tag-laundry-rfid-tags","8":"product_tag-rfid-laundry-tags","9":"product_tag-rfid-washable-tags","10":"product_tag-textile-rfid-laundry-tags","11":"product_tag-textile-uhf-rfid-tags-labels","12":"product_tag-uhf-rfid-laundry-tag","13":"product_tag-washable-uhf-rfid-labels","14":"product_tag-washable-uhf-rfid-laundry-textile-labels","16":"first","17":"instock","18":"featured","19":"shipping-taxable","20":"product-type-simple","21":"entry","22":"content-bg","23":"loop-entry"},"_links":{"self":[{"href":"https:\/\/rfid-laundry-tag.com\/cs\/wp-json\/wp\/v2\/product\/3074","targetHints":{"allow":["GET"]}}],"collection":[{"href":"https:\/\/rfid-laundry-tag.com\/cs\/wp-json\/wp\/v2\/product"}],"about":[{"href":"https:\/\/rfid-laundry-tag.com\/cs\/wp-json\/wp\/v2\/types\/product"}],"version-history":[{"count":1,"href":"https:\/\/rfid-laundry-tag.com\/cs\/wp-json\/wp\/v2\/product\/3074\/revisions"}],"predecessor-version":[{"id":3075,"href":"https:\/\/rfid-laundry-tag.com\/cs\/wp-json\/wp\/v2\/product\/3074\/revisions\/3075"}],"wp:featuredmedia":[{"embeddable":true,"href":"https:\/\/rfid-laundry-tag.com\/cs\/wp-json\/wp\/v2\/media\/2870"}],"wp:attachment":[{"href":"https:\/\/rfid-laundry-tag.com\/cs\/wp-json\/wp\/v2\/media?parent=3074"}],"wp:term":[{"taxonomy":"product_brand","embeddable":true,"href":"https:\/\/rfid-laundry-tag.com\/cs\/wp-json\/wp\/v2\/product_brand?post=3074"},{"taxonomy":"product_cat","embeddable":true,"href":"https:\/\/rfid-laundry-tag.com\/cs\/wp-json\/wp\/v2\/product_cat?post=3074"},{"taxonomy":"product_tag","embeddable":true,"href":"https:\/\/rfid-laundry-tag.com\/cs\/wp-json\/wp\/v2\/product_tag?post=3074"}],"curies":[{"name":"wp","href":"https:\/\/api.w.org\/{rel}","templated":true}]}}