{"id":3020,"date":"2025-12-02T09:39:21","date_gmt":"2025-12-02T09:39:21","guid":{"rendered":"https:\/\/rfid-laundry-tag.com\/?post_type=product&#038;p=3020"},"modified":"2025-12-02T09:41:12","modified_gmt":"2025-12-02T09:41:12","slug":"uhf-rfid-chips","status":"publish","type":"product","link":"https:\/\/rfid-laundry-tag.com\/cs\/uhf-rfid-chips\/","title":{"rendered":"UHF RFID \u010dipy"},"content":{"rendered":"<div>\n<div class=\"auto-hide-last-sibling-br paragraph_1252f paragraph-element\">\n<h2>UHF RFID \u010dipy pro uniformy, od\u011bvy a \u0159e\u0161en\u00ed sledov\u00e1n\u00ed pr\u00e1dla<\/h2>\n<p><strong>UHF RFID \u010dipy pro \u0159e\u0161en\u00ed sledov\u00e1n\u00ed uniforem, od\u011bv\u016f a pr\u00e1dla<\/strong>\u00a0nab\u00edzej\u00ed firm\u00e1m robustn\u00ed zp\u016fsob spr\u00e1vy textilu, zaji\u0161t\u011bn\u00ed p\u0159esnosti a sn\u00ed\u017een\u00ed ztr\u00e1t. Tento \u010dl\u00e1nek se podrobn\u011b zab\u00fdv\u00e1 v\u00fdhodami pou\u017e\u00edv\u00e1n\u00ed <a href=\"https:\/\/rfid-laundry-tag.com\/cs\/uhf-rfid-laundry-tags\/\">RFID \u0161t\u00edtky na pr\u00e1dlo<\/a>, jak funguj\u00ed a pro\u010d jsou chytrou investic\u00ed pro jakoukoli pr\u00e1delnu.<\/p>\n<table width=\"637\">\n<tbody>\n<tr>\n<td width=\"328\">N\u00e1zev polo\u017eky:<\/td>\n<td width=\"309\">UHF RFID \u010dipy pro uniformy a od\u011bvy<\/td>\n<\/tr>\n<tr>\n<td width=\"328\">RFID standard:<\/td>\n<td width=\"309\">ISO\/IEC 18000-6 Typ C (EPC Gen2)<\/td>\n<\/tr>\n<tr>\n<td width=\"328\">Velikost a hmotnost:<\/td>\n<td width=\"309\">70\u00d715 mm, 0,6 g<\/td>\n<\/tr>\n<tr>\n<td width=\"328\">Typ \u010dipu:<\/td>\n<td width=\"309\">Impinj Monza 4QT, NXP U CODE 8, NXP U CODE 9<\/td>\n<\/tr>\n<tr>\n<td width=\"328\">Pam\u011b\u0165 EPC:<\/td>\n<td width=\"309\">128 bit\u016f<\/td>\n<\/tr>\n<tr>\n<td width=\"328\">U\u017eivatelsk\u00e1 pam\u011b\u0165:<\/td>\n<td width=\"309\">512 bit\u016f<\/td>\n<\/tr>\n<tr>\n<td width=\"328\">Rozsah \u010dten\u00ed (2W ERP FCC):<\/td>\n<td width=\"309\">8m<\/td>\n<\/tr>\n<tr>\n<td width=\"328\">Rozsah \u010dten\u00ed (2W ERP ETSI):<\/td>\n<td width=\"309\">8m<\/td>\n<\/tr>\n<tr>\n<td width=\"328\">Ozna\u010dov\u00e1n\u00ed:<\/td>\n<td width=\"309\">\u0160it\u00ed, lepidlo pro ra\u017een\u00ed za tepla<\/td>\n<\/tr>\n<tr>\n<td width=\"328\">Odhadovan\u00e1 \u017eivotnost:<\/td>\n<td width=\"309\">200 myc\u00edch cykl\u016f nebo 3 roky, podle toho, co nastane d\u0159\u00edve<\/td>\n<\/tr>\n<tr>\n<td width=\"328\">Zp\u016fsob pran\u00ed:<\/td>\n<td width=\"309\">Pr\u00e1delna, Chemick\u00e9 \u010di\u0161t\u011bn\u00ed<\/td>\n<\/tr>\n<tr>\n<td width=\"328\">Tlak ods\u00e1v\u00e1n\u00ed vody:<\/td>\n<td width=\"309\">60 bar<\/td>\n<\/tr>\n<tr>\n<td width=\"328\">Vod\u011bodolnost:<\/td>\n<td width=\"309\">Vod\u011bodoln\u00fd<\/td>\n<\/tr>\n<tr>\n<td width=\"328\">Chemick\u00e1 odolnost:<\/td>\n<td width=\"309\">Prac\u00ed prost\u0159edek, aviv\u00e1\u017e, b\u011blidlo (kysl\u00edk\/chl\u00f3r), alk\u00e1lie<\/td>\n<\/tr>\n<tr>\n<td width=\"328\">P\u0159edsu\u0161en\u00ed v bubnu:<\/td>\n<td width=\"309\">125 \u00baC po dobu 15-20 minut<\/td>\n<\/tr>\n<tr>\n<td width=\"328\">Teplota sterilizace:<\/td>\n<td width=\"309\">135\u00b0C po dobu 15-20 minut<\/td>\n<\/tr>\n<tr>\n<td width=\"328\">Teplota pran\u00ed:<\/td>\n<td width=\"309\">90\u00b0C, a\u017e 15 min.<\/td>\n<\/tr>\n<tr>\n<td width=\"328\">Provozn\u00ed vlhkost \/ teplota:<\/td>\n<td width=\"309\">-20 a\u017e 110 \u00b0C, 8 a\u017e 951 TP3TRH<\/td>\n<\/tr>\n<tr>\n<td width=\"328\">Skladov\u00e1n\u00ed vlhkosti\/teploty:<\/td>\n<td width=\"309\">-40 a\u017e 110 \u00b0C, 8 a\u017e 95%RH<\/td>\n<\/tr>\n<\/tbody>\n<\/table>\n<\/div>\n<div class=\"auto-hide-last-sibling-br paragraph_1252f paragraph-element\"><\/div>\n<\/div>\n<div data-spm-anchor-id=\"a2700.details.0.i57.23b419c7xXORP0\">\n<div class=\"auto-hide-last-sibling-br paragraph_1252f paragraph-element\"><a href=\"https:\/\/www.rfidtaglaundry.com\/uhf-rfid-laundry-tags\/\" target=\"_blank\" rel=\"noopener\">UHF RFID \u010dipy<\/a>\u00a0\u0158e\u0161en\u00ed pro sledov\u00e1n\u00ed uniform, od\u011bv\u016f a pr\u00e1dla jsou speci\u00e1ln\u00ed RFID \u0161t\u00edtky vytvo\u0159en\u00e9 speci\u00e1ln\u011b pro textilie, kter\u00e9 proch\u00e1zej\u00ed p\u0159\u00edsn\u00fdmi postupy pr\u016fmyslov\u00e9ho pran\u00ed, v\u010detn\u011b sterilizace a \u017eehlen\u00ed.<\/div>\n<\/div>\n<div><\/div>\n<div>\n<div class=\"entry-content-asset videofit\"><iframe title=\"Pro\u010d pou\u017e\u00edvat RFID v textiln\u00edm pr\u00e1delnictv\u00ed?\" src=\"https:\/\/www.youtube.com\/embed\/X_P3EuhS_hE?feature=oembed\" width=\"720\" height=\"405\" frameborder=\"0\" allowfullscreen=\"allowfullscreen\" data-mce-fragment=\"1\"><\/iframe><\/div>\n<\/div>\n<h3 class=\"wp-block-heading\">Instalace UHF RFID \u010dip\u016f pro uniformy a od\u011bvy<\/h3>\n<p><strong>Stitch Tagging<\/strong>: K v\u0161it\u00ed do lemu l\u00e1tky. P\u0159i\u0161ijte visa\u010dku na pr\u00e1dlo sm\u011brem od lini\u00ed skl\u00e1d\u00e1n\u00ed.<br \/>\n<strong>Tepeln\u00e9 t\u011bsn\u011bn\u00ed<\/strong>: K tepeln\u00e9mu zataven\u00ed p\u0159\u00edmo na textilii p\u0159i +200\u00b0C (392\u00b0F), po dobu 12~14s.<br \/>\n<strong>V s\u00e1\u010dku<\/strong>: K p\u0159i\u0161it\u00ed jako standardn\u00ed \u0161t\u00edtek pro p\u00e9\u010di. P\u0159i\u0161ijte visa\u010dku na pr\u00e1dlo sm\u011brem od lini\u00ed skl\u00e1d\u00e1n\u00ed.<\/p>\n<div class=\"auto-hide-last-sibling-br paragraph_1252f paragraph-element\">\n<p><span data-spm-anchor-id=\"a2700.details.0.i52.7e74253fSAfL7T\">Jak\u00a0<\/span><b><strong>SILN\u00dd<\/strong><\/b>\u00a0oni jsou ?<\/p>\n<p><b><strong>\u2460<\/strong><\/b>.Mohou b\u00fdt RFID \u010dipy po\u0161kozeny vysok\u00fdmi teplotami?<b><strong>\u2714 Na\u0161e textiln\u00ed RFID visa\u010dky na pr\u00e1dlo jsou ur\u010deny pro pou\u017eit\u00ed p\u0159i 200 \u00b0C<\/strong><\/b>.<\/p>\n<p><b><strong>\u2461<\/strong><\/b>Kolikr\u00e1t m\u016f\u017eeme vyprat \u0161t\u00edtky, kter\u00e9 jsou p\u0159ipevn\u011bny k textiln\u00edm v\u00fdrobk\u016fm uniforem?\u00a0<b><strong>\u2013\u2714Na\u0161e textiln\u00ed \u0161t\u00edtky na pr\u00e1dlo RFID lze pr\u00e1t v\u00edce ne\u017e 200kr\u00e1t se z\u00e1rukou po dobu 2 let po odesl\u00e1n\u00ed.<\/strong><\/b><\/p>\n<p><b><strong>\u2462<\/strong><\/b>Budeme utr\u00e1cet za presti\u017en\u00ed uniformy textiln\u00ed v\u00fdrobky, pokra\u010dovat v pr\u00e1ci v p\u0159\u00edpad\u011b rozdrcen\u00ed t\u0159\u00edsek?\u00a0<b><strong>\u2013\u2714Na\u0161i textiln\u00ed visa\u010dku na pr\u00e1dlo jsme navrhli tak, aby vydr\u017eela tlak 60 bar\u016f v procesu lisov\u00e1n\u00ed va\u0161ich textiln\u00edch v\u00fdrobk\u016f.<\/strong><\/b><\/p>\n<p><b><strong>\u2463<\/strong><\/b>Kam um\u00edst\u00edte textiln\u00ed \u0161t\u00edtky na pr\u00e1dlo RFID na textilie uniforem?\u00a0<b><strong>\u2013 \u2714Vybaven\u00ed textiln\u00edch prac\u00edch \u0161t\u00edtk\u016f RFID se prov\u00e1d\u00ed dle dostupnosti uniforem.<\/strong><\/b><\/p>\n<h2 class=\"AnswerParser_AnswerParserH2__SIHnF\">Co je RFID Laundry Tracking?<\/h2>\n<p><span class=\"AnswerParser_TextContainer__z_Iiv\" data-testid=\"youchat-text\">RFID (Radio Frequency Identification) sledov\u00e1n\u00ed pr\u00e1dla je technologie, kter\u00e1 vyu\u017e\u00edv\u00e1\u00a0<strong>RFID \u0161t\u00edtky<\/strong>\u00a0p\u0159ipojen\u00e9 k textilu za \u00fa\u010delem sledov\u00e1n\u00ed a spr\u00e1vy pr\u00e1dla b\u011bhem jejich \u017eivotn\u00edho cyklu. Tyto zna\u010dky, \u010dasto ozna\u010dovan\u00e9 jako\u00a0<strong>RFID \u0161t\u00edtky na pr\u00e1dlo<\/strong>, vyu\u017e\u00edvaj\u00ed r\u00e1diov\u00e9 vlny k p\u0159enosu dat do RFID \u010dte\u010dek, co\u017e umo\u017e\u0148uje sledov\u00e1n\u00ed v re\u00e1ln\u00e9m \u010dase a spr\u00e1vu z\u00e1sob.<\/span><span class=\"AnswerParser_TextContainer__z_Iiv\" data-testid=\"youchat-text\">Tato technologie zlep\u0161uje pran\u00ed pr\u00e1dla t\u00edm, \u017ee automatizuje proces sledov\u00e1n\u00ed a zaji\u0161\u0165uje, \u017ee od\u011bvy a pr\u00e1dlo jsou zahrnuty v ka\u017ed\u00e9 f\u00e1zi \u2013 od pran\u00ed a\u017e po dod\u00e1n\u00ed. Zaveden\u00edm syst\u00e9mu RFID pro sledov\u00e1n\u00ed pr\u00e1dla mohou podniky v\u00fdrazn\u011b sn\u00ed\u017eit lidskou chybu a zlep\u0161it celkovou efektivitu.<\/span><\/p>\n<h2 class=\"AnswerParser_AnswerParserH2__SIHnF\">V\u00fdhody \u0161t\u00edtk\u016f RFID Laundry Tags<\/h2>\n<h3 class=\"AnswerParser_AnswerParserH3__Mpe4s\">Vylep\u0161en\u00e1 spr\u00e1va z\u00e1sob<\/h3>\n<p><span class=\"AnswerParser_TextContainer__z_Iiv\" data-testid=\"youchat-text\">RFID etikety na pr\u00e1dlo usnad\u0148uj\u00ed p\u0159esnou spr\u00e1vu z\u00e1sob t\u00edm, \u017ee poskytuj\u00ed okam\u017eit\u00e1 data o um\u00edst\u011bn\u00ed a stavu ka\u017ed\u00e9ho od\u011bvu nebo ln\u011bn\u00e9 polo\u017eky. Tato kapacita umo\u017e\u0148uje pr\u00e1deln\u00e1m efektivn\u011b sledovat polo\u017eky a zajistit, \u017ee v\u0161echny uniformy a pr\u00e1dlo budou v p\u0159\u00edpad\u011b pot\u0159eby k dispozici, \u010d\u00edm\u017e se zlep\u0161\u00ed provozn\u00ed tok.<\/span><\/p>\n<h3 class=\"AnswerParser_AnswerParserH3__Mpe4s\">Sn\u00ed\u017een\u00e9 ztr\u00e1ty a kr\u00e1de\u017ee<\/h3>\n<p><span class=\"AnswerParser_TextContainer__z_Iiv\" data-testid=\"youchat-text\">Jednou z v\u00fdznamn\u00fdch v\u00fdhod pou\u017e\u00edv\u00e1n\u00ed RFID \u0161t\u00edtk\u016f v pr\u00e1deln\u00e1ch je sn\u00ed\u017een\u00ed ztr\u00e1t a kr\u00e1de\u017e\u00ed. Ka\u017edou ozna\u010denou polo\u017eku lze snadno identifikovat a sledovat, tak\u017ee je t\u00e9m\u011b\u0159 nemo\u017en\u00e9, aby polo\u017eky zmizely. Podniky mohou monitorovat sv\u00e9 z\u00e1soby v re\u00e1ln\u00e9m \u010dase a zajistit, aby bylo v\u0161e za\u00fa\u010dtov\u00e1no.<\/span><\/p>\n<h3 class=\"AnswerParser_AnswerParserH3__Mpe4s\">Vylep\u0161en\u00e1 provozn\u00ed efektivita<\/h3>\n<p><span class=\"AnswerParser_TextContainer__z_Iiv\" data-testid=\"youchat-text\">D\u00edky technologii RFID mohou provozy pr\u00e1delny automatizovat r\u016fzn\u00e9 procesy, co\u017e vede ke zv\u00fd\u0161en\u00ed efektivity. \u00dakoly, jako je t\u0159\u00edd\u011bn\u00ed, sledov\u00e1n\u00ed a spr\u00e1va pr\u00e1dla, lze zjednodu\u0161it, co\u017e zam\u011bstnanc\u016fm umo\u017en\u00ed soust\u0159edit se na d\u016fle\u017eit\u011bj\u0161\u00ed funkce. Tato technologie m\u016f\u017ee tak\u00e9 v\u00fdrazn\u011b zkr\u00e1tit \u010das str\u00e1ven\u00fd manu\u00e1ln\u00ed kontrolou z\u00e1sob.<\/span><\/p>\n<h2 class=\"AnswerParser_AnswerParserH2__SIHnF\">Jak funguj\u00ed \u0161t\u00edtky RFID?<\/h2>\n<h3 class=\"AnswerParser_AnswerParserH3__Mpe4s\">Komponenty syst\u00e9mu RFID<\/h3>\n<p><span class=\"AnswerParser_TextContainer__z_Iiv\" data-testid=\"youchat-text\">Syst\u00e9m RFID se skl\u00e1d\u00e1 ze t\u0159\u00ed hlavn\u00edch sou\u010d\u00e1st\u00ed:\u00a0<strong>RFID \u0161t\u00edtky<\/strong>,\u00a0<strong>RFID \u010dte\u010dky<\/strong>a\u00a0<strong>software<\/strong>\u00a0pro spr\u00e1vu dat. \u0160t\u00edtky RFID jsou p\u0159ipevn\u011bny k od\u011bv\u016fm a pr\u00e1dle, zat\u00edmco \u010dte\u010dky sn\u00edmaj\u00ed a shroma\u017e\u010fuj\u00ed data z t\u011bchto \u0161t\u00edtk\u016f. Shrom\u00e1\u017ed\u011bn\u00e1 data jsou n\u00e1sledn\u011b zpracov\u00e1na \u0159\u00edd\u00edc\u00edm softwarem pro sledov\u00e1n\u00ed z\u00e1sob a reportov\u00e1n\u00ed.<\/span><\/p>\n<h3 class=\"AnswerParser_AnswerParserH3__Mpe4s\">P\u0159enos dat<\/h3>\n<p><span class=\"AnswerParser_TextContainer__z_Iiv\" data-testid=\"youchat-text\">Kdy\u017e se RFID \u0161t\u00edtek dostane do dosahu RFID \u010dte\u010dky, \u010dte\u010dka vyza\u0159uje r\u00e1diov\u00e9 vlny, kter\u00e9 \u0161t\u00edtek nap\u00e1jej\u00ed a vyz\u00fdvaj\u00ed ho k p\u0159enosu jeho jedine\u010dn\u00e9ho identifika\u010dn\u00edho \u010d\u00edsla. Tato informace se odes\u00edl\u00e1 do softwaru, kter\u00fd zaznamen\u00e1v\u00e1 polohu a stav polo\u017eky, co\u017e umo\u017e\u0148uje sledov\u00e1n\u00ed v re\u00e1ln\u00e9m \u010dase.<\/span><\/p>\n<h3 class=\"AnswerParser_AnswerParserH3__Mpe4s\">Kompatibilita s provozem pr\u00e1delny<\/h3>\n<p><span class=\"AnswerParser_TextContainer__z_Iiv\" data-testid=\"youchat-text\">RFID \u0161t\u00edtky ur\u010den\u00e9 pro pran\u00ed pr\u00e1dla jsou odoln\u00e9 a omyvateln\u00e9, co\u017e zaji\u0161\u0165uje, \u017ee vydr\u017e\u00ed cykly pran\u00ed p\u0159i vysok\u00fdch teplot\u00e1ch bez ztr\u00e1ty funk\u010dnosti. Funguj\u00ed efektivn\u011b i v drsn\u00fdch pr\u00e1deln\u00e1ch, tak\u017ee jsou ide\u00e1ln\u00ed pro pr\u016fmyslov\u00e9 pr\u00e1delny.<\/span><\/p>\n<h2 class=\"AnswerParser_AnswerParserH2__SIHnF\">Kl\u00ed\u010dov\u00e9 vlastnosti \u0161t\u00edtk\u016f RFID Laundry Tags<\/h2>\n<h3 class=\"AnswerParser_AnswerParserH3__Mpe4s\">Omyvateln\u00fd a odoln\u00fd<\/h3>\n<p><span class=\"AnswerParser_TextContainer__z_Iiv\" data-testid=\"youchat-text\">RFID etikety na pr\u00e1dlo jsou navr\u017eeny tak, aby byly\u00a0<strong>omyvateln\u00fd<\/strong>, co\u017e jim umo\u017e\u0148uje vydr\u017eet v\u00edce myc\u00edch cykl\u016f bez degradace. Jsou vyrobeny z odoln\u00fdch materi\u00e1l\u016f, kter\u00e9 dok\u00e1\u017eou odolat vysok\u00fdm teplot\u00e1m a drsn\u00fdm \u010distic\u00edm prost\u0159edk\u016fm a zaji\u0161\u0165uj\u00ed dlouhotrvaj\u00edc\u00ed v\u00fdkon.<\/span><\/p>\n<h3 class=\"AnswerParser_AnswerParserH3__Mpe4s\">Technologie UHF<\/h3>\n<p><span class=\"AnswerParser_TextContainer__z_Iiv\" data-testid=\"youchat-text\">V\u011bt\u0161ina RFID \u0161t\u00edtk\u016f na pr\u00e1dlo vyu\u017e\u00edv\u00e1\u00a0<strong>UHF (ultra vysok\u00e9 frekvence)<\/strong>\u00a0technologie, kter\u00e1 umo\u017e\u0148uje \u010dtec\u00ed dosah n\u011bkolik metr\u016f. Tato funkce zvy\u0161uje efektivitu sledov\u00e1n\u00ed a umo\u017e\u0148uje skenovat v\u00edce polo\u017eek sou\u010dasn\u011b a bez p\u0159\u00edm\u00e9 viditelnosti.<\/span><\/p>\n<h3 class=\"AnswerParser_AnswerParserH3__Mpe4s\">Mo\u017enosti p\u0159izp\u016fsoben\u00ed<\/h3>\n<p><span class=\"AnswerParser_TextContainer__z_Iiv\" data-testid=\"youchat-text\">Pr\u00e1deln\u00ed \u0161t\u00edtky RFID lze p\u0159izp\u016fsobit v r\u016fzn\u00fdch tvarech, velikostech a kapacit\u00e1ch pam\u011bti tak, aby vyhovovaly specifick\u00fdm provozn\u00edm pot\u0159eb\u00e1m. Tato flexibilita umo\u017e\u0148uje podnik\u016fm vybrat si \u0161t\u00edtky, kter\u00e9 nejl\u00e9pe vyhovuj\u00ed jejich po\u017eadavk\u016fm na spr\u00e1vu od\u011bv\u016f nebo pr\u00e1dla.<\/span><\/p>\n<h2 class=\"AnswerParser_AnswerParserH2__SIHnF\">Pochopen\u00ed technologie UHF RFID<\/h2>\n<h3 class=\"AnswerParser_AnswerParserH3__Mpe4s\">Co je UHF RFID?<\/h3>\n<p><span class=\"AnswerParser_TextContainer__z_Iiv\" data-testid=\"youchat-text\"><strong>UHF RFID<\/strong>\u00a0pracuje ve frekven\u010dn\u00edm rozsahu 300 MHz a\u017e 3 GHz a nab\u00edz\u00ed n\u011bkolik v\u00fdhod oproti jin\u00fdm frekvenc\u00edm, v\u010detn\u011b del\u0161\u00edch \u010dtec\u00edch rozsah\u016f a vy\u0161\u0161\u00edch rychlost\u00ed p\u0159enosu dat. Tato technologie je zvl\u00e1\u0161t\u011b v\u00fdhodn\u00e1 pro pr\u00e1delny, kde je nezbytn\u00e9 sledovat v\u00edce polo\u017eek najednou.<\/span><\/p>\n<h3 class=\"AnswerParser_AnswerParserH3__Mpe4s\">V\u00fdhody UHF RFID ve spr\u00e1v\u011b pr\u00e1delny<\/h3>\n<p><span class=\"AnswerParser_TextContainer__z_Iiv\" data-testid=\"youchat-text\">Technologie UHF RFID poskytuje roz\u0161\u00ed\u0159en\u00e9 mo\u017enosti sledov\u00e1n\u00ed, co\u017e umo\u017e\u0148uje efektivn\u00ed spr\u00e1vu velk\u00fdch z\u00e1sob. Jeho schopnost p\u0159en\u00e1\u0161et data na del\u0161\u00ed vzd\u00e1lenosti znamen\u00e1, \u017ee pr\u00e1delny mohou zlep\u0161it sv\u016fj pracovn\u00ed postup t\u00edm, \u017ee minimalizuj\u00ed pot\u0159ebu ru\u010dn\u00edho skenov\u00e1n\u00ed.<\/span><\/p>\n<h2 class=\"AnswerParser_AnswerParserH2__SIHnF\">Vliv RFID \u0161t\u00edtk\u016f na pr\u00e1dlo na \u017eivotn\u00ed prost\u0159ed\u00ed<\/h2>\n<h3 class=\"AnswerParser_AnswerParserH3__Mpe4s\">\u00davahy o udr\u017eitelnosti<\/h3>\n<p><span class=\"AnswerParser_TextContainer__z_Iiv\" data-testid=\"youchat-text\">Implementace technologie RFID v pr\u00e1deln\u00e1ch m\u016f\u017ee p\u0159isp\u011bt k \u00fasil\u00ed o udr\u017eitelnost. Sn\u00ed\u017een\u00edm ztr\u00e1t textili\u00ed a optimalizac\u00ed prac\u00edch proces\u016f mohou podniky minimalizovat odpad a zlep\u0161it efektivitu zdroj\u016f.<\/span><\/p>\n<h2 class=\"AnswerParser_AnswerParserH2__SIHnF\">Z\u00e1kaznick\u00e9 recenze a reference<\/h2>\n<h3 class=\"AnswerParser_AnswerParserH3__Mpe4s\">Zku\u0161enosti ze skute\u010dn\u00e9ho sv\u011bta<\/h3>\n<p><span class=\"AnswerParser_TextContainer__z_Iiv\" data-testid=\"youchat-text\">Mnoho pr\u00e1deln\u00edch za\u0159\u00edzen\u00ed hl\u00e1silo po implementaci RFID \u0161t\u00edtk\u016f na pr\u00e1dlo v\u00fdznamn\u00e9 zlep\u0161en\u00ed efektivity a p\u0159esnosti z\u00e1sob. Z\u00e1kazn\u00edci oce\u0148uj\u00ed sn\u00ed\u017een\u00ed po\u010dtu ztracen\u00fdch p\u0159edm\u011bt\u016f a snadn\u00e9 sledov\u00e1n\u00ed jejich uniforem a pr\u00e1dla.<\/span><\/p>\n<blockquote><p><span class=\"AnswerParser_TextContainer__z_Iiv\" data-testid=\"youchat-text\">\u201cOd zaveden\u00ed sledov\u00e1n\u00ed pr\u00e1dla pomoc\u00ed RFID se na\u0161e provozn\u00ed efektivita prudce zv\u00fd\u0161ila! Nyn\u00ed m\u016f\u017eeme sledovat na\u0161e pr\u00e1dlo v re\u00e1ln\u00e9m \u010dase, co\u017e v\u00fdrazn\u011b sn\u00ed\u017eilo na\u0161e ztr\u00e1ty.\u201d \u2013\u00a0<em>Jane D., vedouc\u00ed pr\u00e1delny<\/em><\/span><\/p><\/blockquote>\n<h3 class=\"AnswerParser_AnswerParserH3__Mpe4s\">Pozitivn\u00ed zp\u011btn\u00e1 vazba<\/h3>\n<p><span class=\"AnswerParser_TextContainer__z_Iiv\" data-testid=\"youchat-text\">Zp\u011btn\u00e1 vazba od u\u017eivatel\u016f zd\u016fraz\u0148uje \u00fa\u010dinnost a spolehlivost \u0161t\u00edtk\u016f na pr\u00e1dlo RFID, co\u017e z nich \u010din\u00ed preferovanou volbu mezi pr\u00e1delnami. Z\u00e1kazn\u00edci oce\u0148uj\u00ed dlouhodob\u00e9 \u00faspory spojen\u00e9 se sn\u00ed\u017een\u00edm ztr\u00e1t z\u00e1sob a lep\u0161\u00edm \u0159\u00edzen\u00edm.<\/span><\/p>\n<h2 class=\"AnswerParser_AnswerParserH2__SIHnF\">\u010casto kladen\u00e9 ot\u00e1zky<\/h2>\n<h3 class=\"AnswerParser_AnswerParserH3__Mpe4s\">Jak dlouho vydr\u017e\u00ed RFID etikety na pr\u00e1dlo?<\/h3>\n<p><span class=\"AnswerParser_TextContainer__z_Iiv\" data-testid=\"youchat-text\">RFID etikety na pr\u00e1dlo jsou navr\u017eeny tak, aby vydr\u017eely a\u017e\u00a0<strong>200 myc\u00edch cykl\u016f<\/strong>v z\u00e1vislosti na konkr\u00e9tn\u00ed visa\u010dce a podm\u00ednk\u00e1ch pran\u00ed. Jejich odolnost zaji\u0161\u0165uje, \u017ee z\u016fstanou funk\u010dn\u00ed po celou dobu \u017eivotnosti.<\/span><\/p>\n<h3 class=\"AnswerParser_AnswerParserH3__Mpe4s\">Mohou b\u00fdt \u0161t\u00edtky na pr\u00e1dlo RFID p\u0159izp\u016fsobeny?<\/h3>\n<p><span class=\"AnswerParser_TextContainer__z_Iiv\" data-testid=\"youchat-text\">Ano, \u0161t\u00edtky na pr\u00e1dlo RFID lze p\u0159izp\u016fsobit v r\u016fzn\u00fdch tvarech a kapacit\u00e1ch pam\u011bti, aby vyhovovaly specifick\u00fdm pot\u0159eb\u00e1m va\u0161ich prac\u00edch provoz\u016f.<\/span><\/p>\n<h3 class=\"AnswerParser_AnswerParserH3__Mpe4s\">Jak\u00fd je rozsah \u010dten\u00ed pro UHF RFID tagy?<\/h3>\n<p><span class=\"AnswerParser_TextContainer__z_Iiv\" data-testid=\"youchat-text\">UHF RFID \u0161t\u00edtky maj\u00ed obvykle \u010dtec\u00ed rozsah a\u017e\u00a0<strong>6~12 metr\u016f<\/strong>, co\u017e umo\u017e\u0148uje efektivn\u00ed sledov\u00e1n\u00ed v\u00edce polo\u017eek sou\u010dasn\u011b.<\/span><\/p>\n<h2 class=\"AnswerParser_AnswerParserH2__SIHnF\">Z\u00e1v\u011br<\/h2>\n<p><span class=\"AnswerParser_TextContainer__z_Iiv\" data-testid=\"youchat-text\">UHF RFID \u010dipy pro uniformy, od\u011bvy a \u0159e\u0161en\u00ed pro sledov\u00e1n\u00ed pr\u00e1dla p\u0159edstavuj\u00ed transforma\u010dn\u00ed pokrok v oblasti spr\u00e1vy pr\u00e1delen. Investic\u00ed do RFID \u0161t\u00edtk\u016f na pr\u00e1dlo mohou firmy zv\u00fd\u0161it svou provozn\u00ed efektivitu, sn\u00ed\u017eit ztr\u00e1ty a zlep\u0161it celkov\u00e9 \u0159\u00edzen\u00ed z\u00e1sob.<\/span><\/p>\n<\/div>","protected":false},"excerpt":{"rendered":"<div class=\"elementor-element elementor-element-4f79c63 e-flex e-con-boxed e-con e-parent e-lazyloaded\" data-id=\"4f79c63\" data-element_type=\"container\" data-settings=\"{&quot;_ha_eqh_enable&quot;:false}\">\n<div class=\"e-con-inner\">\n<div class=\"elementor-element elementor-element-be3873c elementor-widget elementor-widget-woocommerce-product-short-description\" data-id=\"be3873c\" data-element_type=\"widget\" data-widget_type=\"woocommerce-product-short-description.default\">\n<div class=\"elementor-widget-container\">\n<div class=\"woocommerce-product-details__short-description\">\n<p><strong>UHF RFID \u010dipy pro uniformy<\/strong>\u00a0Sledov\u00e1n\u00ed pr\u00e1dla zp\u016fsobuje revoluci v \u0159\u00edzen\u00ed pr\u00e1delny. Jsme jedn\u00edm z 5 nejlep\u0161\u00edch v\u00fdrobc\u016f UHF RFID \u0161t\u00edtk\u016f na pr\u00e1dlo.<\/p>\n<\/div>\n<\/div>\n<\/div>\n<\/div>\n<\/div>\n<div class=\"elementor-element elementor-element-3ad806e e-flex e-con-boxed e-con e-parent e-lazyloaded\" data-id=\"3ad806e\" data-element_type=\"container\" data-settings=\"{&quot;_ha_eqh_enable&quot;:false}\">\n<div class=\"e-con-inner\">\n<div class=\"elementor-element elementor-element-362020f elementor-widget elementor-widget-woocommerce-product-data-tabs\" data-id=\"362020f\" data-element_type=\"widget\" data-widget_type=\"woocommerce-product-data-tabs.default\">\n<div class=\"elementor-widget-container\">\n<div class=\"woocommerce-tabs wc-tabs-wrapper\"><\/div>\n<\/div>\n<\/div>\n<\/div>\n<\/div>","protected":false},"featured_media":2963,"template":"","meta":{"_kad_post_transparent":"default","_kad_post_title":"","_kad_post_layout":"default","_kad_post_sidebar_id":"","_kad_post_content_style":"default","_kad_post_vertical_padding":"default","_kad_post_feature":"","_kad_post_feature_position":"","_kad_post_header":false,"_kad_post_footer":false,"_kad_post_classname":""},"product_brand":[],"product_cat":[19],"product_tag":[24,342,339,65,368,372,30],"class_list":{"0":"post-3020","1":"product","2":"type-product","3":"status-publish","4":"has-post-thumbnail","6":"product_cat-textile-rfid-laundry-tag","7":"product_tag-laundry-rfid-tags","8":"product_tag-rfid-laundry-tags","9":"product_tag-rfid-washable-tags","10":"product_tag-textile-rfid-laundry-tags","11":"product_tag-textile-uhf-rfid-tags-labels","12":"product_tag-uhf-rfid-chips","13":"product_tag-uhf-rfid-laundry-tag","15":"first","16":"instock","17":"featured","18":"shipping-taxable","19":"product-type-simple","20":"entry","21":"content-bg","22":"loop-entry"},"_links":{"self":[{"href":"https:\/\/rfid-laundry-tag.com\/cs\/wp-json\/wp\/v2\/product\/3020","targetHints":{"allow":["GET"]}}],"collection":[{"href":"https:\/\/rfid-laundry-tag.com\/cs\/wp-json\/wp\/v2\/product"}],"about":[{"href":"https:\/\/rfid-laundry-tag.com\/cs\/wp-json\/wp\/v2\/types\/product"}],"version-history":[{"count":1,"href":"https:\/\/rfid-laundry-tag.com\/cs\/wp-json\/wp\/v2\/product\/3020\/revisions"}],"predecessor-version":[{"id":3021,"href":"https:\/\/rfid-laundry-tag.com\/cs\/wp-json\/wp\/v2\/product\/3020\/revisions\/3021"}],"wp:featuredmedia":[{"embeddable":true,"href":"https:\/\/rfid-laundry-tag.com\/cs\/wp-json\/wp\/v2\/media\/2963"}],"wp:attachment":[{"href":"https:\/\/rfid-laundry-tag.com\/cs\/wp-json\/wp\/v2\/media?parent=3020"}],"wp:term":[{"taxonomy":"product_brand","embeddable":true,"href":"https:\/\/rfid-laundry-tag.com\/cs\/wp-json\/wp\/v2\/product_brand?post=3020"},{"taxonomy":"product_cat","embeddable":true,"href":"https:\/\/rfid-laundry-tag.com\/cs\/wp-json\/wp\/v2\/product_cat?post=3020"},{"taxonomy":"product_tag","embeddable":true,"href":"https:\/\/rfid-laundry-tag.com\/cs\/wp-json\/wp\/v2\/product_tag?post=3020"}],"curies":[{"name":"wp","href":"https:\/\/api.w.org\/{rel}","templated":true}]}}