{"id":302,"date":"2024-06-26T16:45:35","date_gmt":"2024-06-26T16:45:35","guid":{"rendered":"https:\/\/rfid-laundry-tag.com\/?post_type=product&#038;p=302"},"modified":"2024-06-26T16:49:46","modified_gmt":"2024-06-26T16:49:46","slug":"on-duty-ntag213-nfc-patrol-tag","status":"publish","type":"product","link":"https:\/\/rfid-laundry-tag.com\/cs\/on-duty-ntag213-nfc-patrol-tag\/","title":{"rendered":"Ve slu\u017eb\u011b Ntag213 NFC Patrol Tag"},"content":{"rendered":"<p><strong>Ve slu\u017eb\u011b Ntag213 NFC Patrol Tag<\/strong><\/p>\n<p>NTAG213, NTAG215 a NTAG216 byly vyvinuty spole\u010dnost\u00ed NXP Semiconductors jako standardn\u00ed integrovan\u00e9 obvody se \u0161t\u00edtky NFC pro pou\u017eit\u00ed v aplikac\u00edch na masov\u00e9m trhu, jako je maloobchod, hry a spot\u0159ebn\u00ed elektronika, v kombinaci se za\u0159\u00edzen\u00edmi NFC nebo proximity Coupling Devices kompatibiln\u00edmi s NFC. NTAG213, NTAG215 a NTAG216 (od nyn\u011bj\u0161ka obecn\u011b naz\u00fdvan\u00e9 NTAG21x) jsou navr\u017eeny tak, aby pln\u011b vyhovovaly specifikac\u00edm NFC Forum Type 2 Tag a ISO\/IEC14443 Type A.<\/p>\n<table class=\"hight-light-first-column all magic-11\">\n<tbody>\n<tr>\n<td colspan=\"1\" rowspan=\"1\">\n<div class=\"magic-12\" data-spm-anchor-id=\"a2700.details.0.i57.12287cd6Tl6d8d\">Velikost<\/div>\n<\/td>\n<td colspan=\"4\" rowspan=\"1\">\n<div class=\"magic-13\">Pr\u016fm\u011br 25 mm<\/div>\n<\/td>\n<\/tr>\n<tr>\n<td colspan=\"1\" rowspan=\"1\">\n<div class=\"magic-12\">Barva<\/div>\n<\/td>\n<td colspan=\"4\" rowspan=\"1\">\n<div class=\"magic-16\">\u010cern\u00e1, b\u00edl\u00e1, \u017elut\u00e1, \u010derven\u00e1 nebo vlastn\u00ed<\/div>\n<\/td>\n<\/tr>\n<tr>\n<td colspan=\"1\" rowspan=\"1\">\n<div class=\"magic-12\">\u010cip<\/div>\n<\/td>\n<td colspan=\"4\" rowspan=\"1\">\n<div class=\"magic-13\">NTAG213,NTAG215,NTAG216<\/div>\n<\/td>\n<\/tr>\n<tr>\n<td colspan=\"1\" rowspan=\"1\">\n<div class=\"magic-12\">Frekvence<\/div>\n<\/td>\n<td colspan=\"4\" rowspan=\"1\">\n<div class=\"magic-13\">13,56 MHz<\/div>\n<\/td>\n<\/tr>\n<tr>\n<td colspan=\"1\" rowspan=\"1\">\n<div class=\"magic-12\">Protokol<\/div>\n<\/td>\n<td colspan=\"4\" rowspan=\"1\">\n<div class=\"magic-13\">ISO14443A, f\u00f3rum NFC typu 2<\/div>\n<\/td>\n<\/tr>\n<tr>\n<td colspan=\"1\" rowspan=\"1\">\n<div class=\"magic-12\">Materi\u00e1l<\/div>\n<\/td>\n<td colspan=\"4\" rowspan=\"1\">\n<div class=\"magic-13\">ABS<\/div>\n<\/td>\n<\/tr>\n<tr>\n<td colspan=\"1\" rowspan=\"1\">\n<div class=\"magic-12\">Provozn\u00ed teplota<\/div>\n<\/td>\n<td colspan=\"4\" rowspan=\"1\">\n<div class=\"magic-13\">-20 a\u017e 85 stup\u0148\u016f C<\/div>\n<\/td>\n<\/tr>\n<tr>\n<td colspan=\"1\" rowspan=\"1\">\n<div class=\"magic-12\">aplikace<\/div>\n<\/td>\n<td colspan=\"4\" rowspan=\"1\">\n<div class=\"magic-16\">\u0158et\u011bz na pr\u00e1dlo, tvrd\u00e1 chemik\u00e1lie, platebn\u00ed za\u0159\u00edzen\u00ed, venkovn\u00ed pou\u017eit\u00ed, chemik\u00e1lie, pr\u016fmysl, logistika, hl\u00eddka, \u010dlenstv\u00ed, p\u0159epravn\u00ed kontejner, palety atd.<\/div>\n<\/td>\n<\/tr>\n<tr>\n<td colspan=\"1\" rowspan=\"1\">\n<div class=\"magic-12\">Hodnocen\u00ed vod\u011bodolnosti<\/div>\n<\/td>\n<td colspan=\"4\" rowspan=\"1\">\n<div class=\"magic-16\">IP67<\/div>\n<\/td>\n<\/tr>\n<tr>\n<td colspan=\"1\" rowspan=\"1\">\n<div class=\"magic-12\">Rozsah \u010dten\u00ed<\/div>\n<\/td>\n<td colspan=\"4\" rowspan=\"1\">\n<div class=\"magic-16\">5-10cm, z\u00e1le\u017e\u00ed na \u010dte\u010dce<\/div>\n<\/td>\n<\/tr>\n<tr>\n<td colspan=\"1\" rowspan=\"1\">\n<div class=\"magic-12\">Craft<\/div>\n<\/td>\n<td colspan=\"4\" rowspan=\"1\">\n<div class=\"magic-16\">Laserem vyryt\u00e9 s\u00e9riov\u00e9 \u010d\u00edslo, \u010d\u00e1rov\u00fd k\u00f3d a tak d\u00e1le<\/div>\n<\/td>\n<\/tr>\n<tr>\n<td colspan=\"1\" rowspan=\"1\">\n<div class=\"magic-12\">Mont\u00e1\u017e<\/div>\n<\/td>\n<td colspan=\"4\" rowspan=\"1\">\n<div class=\"magic-16\">Lepidlem nebo \u0161roubem nebo n\u00fdty<\/div>\n<\/td>\n<\/tr>\n<\/tbody>\n<\/table>\n<h2>On Duty NTAG213 NFC Patrol Tag aplikace<\/h2>\n<p>On Duty NTAG213 NFC Patrol Tag je v\u0161estrann\u00fd n\u00e1stroj pro zv\u00fd\u0161en\u00ed bezpe\u010dnosti, efektivity a sledov\u00e1n\u00ed v r\u016fzn\u00fdch aplikac\u00edch. Zde je n\u011bkolik p\u0159\u00edklad\u016f:<\/p>\n<p><strong>Zabezpe\u010den\u00ed a kontrola p\u0159\u00edstupu:<\/strong><\/p>\n<ul>\n<li><strong>Hl\u00eddka:<\/strong>\u00a0\u0160t\u00edtky lze p\u0159i\u0159adit jednotliv\u00fdm bezpe\u010dnostn\u00edm pracovn\u00edk\u016fm, co\u017e umo\u017e\u0148uje sledov\u00e1n\u00ed jejich polohy a aktivity v re\u00e1ln\u00e9m \u010dase. To pom\u00e1h\u00e1 monitorovat hl\u00eddkov\u00e9 trasy, zajistit v\u010dasn\u00e9 reakce a poskytnout d\u016fkaz o p\u0159\u00edtomnosti na ur\u010den\u00fdch kontroln\u00edch bodech.<\/li>\n<li><strong>\u0158\u00edzen\u00ed p\u0159\u00edstupu:<\/strong>\u00a0D\u00edky integraci se syst\u00e9mem NFC \u010dte\u010dky mohou \u0161t\u00edtky ud\u011blit nebo odep\u0159\u00edt p\u0159\u00edstup ke konkr\u00e9tn\u00edm oblastem nebo zdroj\u016fm na z\u00e1klad\u011b identity u\u017eivatele a \u00farovn\u00ed opr\u00e1vn\u011bn\u00ed. To zvy\u0161uje bezpe\u010dnost a omezuje neopr\u00e1vn\u011bn\u00fd vstup.<\/li>\n<li><strong>Sledov\u00e1n\u00ed aktiv:<\/strong>\u00a0P\u0159ipojte \u0161t\u00edtky k cenn\u00e9mu vybaven\u00ed nebo majetku, abyste mohli sledovat jejich um\u00edst\u011bn\u00ed, pohyb a pou\u017eit\u00ed. To pom\u00e1h\u00e1 p\u0159edch\u00e1zet kr\u00e1de\u017e\u00edm, optimalizovat spr\u00e1vu z\u00e1sob a sledovat pl\u00e1ny \u00fadr\u017eby za\u0159\u00edzen\u00ed.<\/li>\n<\/ul>\n<p><strong>Pracovn\u00ed postup a efektivita:<\/strong><\/p>\n<ul>\n<li><strong>Sledov\u00e1n\u00ed objedn\u00e1vky:<\/strong>\u00a0Tagy lze pou\u017e\u00edt k zaznamen\u00e1v\u00e1n\u00ed a sledov\u00e1n\u00ed pracovn\u00edch p\u0159\u00edkaz\u016f, poskytov\u00e1n\u00ed aktualizac\u00ed stavu v re\u00e1ln\u00e9m \u010dase a usnadn\u011bn\u00ed efektivn\u00ed spr\u00e1vy pracovn\u00edch postup\u016f.<\/li>\n<li><strong>\u010cas a \u00fa\u010dast:<\/strong>\u00a0Integrujte \u0161t\u00edtky s \u010dasov\u00fdmi hodinami s podporou NFC pro zaznamen\u00e1v\u00e1n\u00ed \u010das\u016f p\u0159\u00edchod\u016f a odchod\u016f zam\u011bstnanc\u016f, \u010d\u00edm\u017e se zvy\u0161uje p\u0159esnost a eliminuj\u00ed se chyby ru\u010dn\u00edho m\u011b\u0159en\u00ed \u010dasu.<\/li>\n<li><strong>Spr\u00e1va z\u00e1sob:<\/strong>\u00a0P\u0159ipojujte \u0161t\u00edtky k polo\u017ek\u00e1m z\u00e1sob pro automatizovanou spr\u00e1vu z\u00e1sob, omezte ru\u010dn\u00ed po\u010d\u00edt\u00e1n\u00ed a poskytn\u011bte viditelnost \u00farovn\u00ed z\u00e1sob v re\u00e1ln\u00e9m \u010dase.<\/li>\n<\/ul>\n<p><strong>Dal\u0161\u00ed aplikace:<\/strong><\/p>\n<ul>\n<li><strong>Vstupenky na akce:<\/strong>\u00a0\u0160t\u00edtky mohou slou\u017eit jako vstupenky na akce, poskytuj\u00ed kontrolu vstupu, umo\u017e\u0148uj\u00ed \u00fa\u010dastn\u00edk\u016fm p\u0159\u00edstup k exkluzivn\u00edmu obsahu a umo\u017e\u0148uj\u00ed bezprobl\u00e9mov\u00e9 transakce.<\/li>\n<li><strong>V\u011brnostn\u00ed programy:<\/strong>\u00a0Integrujte \u0161t\u00edtky s v\u011brnostn\u00edmi programy a nab\u00eddn\u011bte v\u011brn\u00fdm z\u00e1kazn\u00edk\u016fm personalizovan\u00e9 odm\u011bny, slevy a exkluzivn\u00ed v\u00fdhody.<\/li>\n<li><strong>\u00dalo\u017ei\u0161t\u011b dat:<\/strong>\u00a0Pam\u011b\u0165 \u0161t\u00edtku lze pou\u017e\u00edt k ulo\u017een\u00ed informac\u00ed, jako jsou specifikace produktu, z\u00e1znamy o \u00fadr\u017eb\u011b nebo p\u016fvod produktu. To umo\u017e\u0148uje snadn\u00fd p\u0159\u00edstup k relevantn\u00edm dat\u016fm prost\u0159ednictv\u00edm za\u0159\u00edzen\u00ed s podporou NFC.<\/li>\n<\/ul>\n<p><strong>V\u00fdhody pou\u017e\u00edv\u00e1n\u00ed NTAG213 NFC Patrol Tags:<\/strong><\/p>\n<ul>\n<li><strong>Vylep\u0161en\u00e9 zabezpe\u010den\u00ed:<\/strong>\u00a0Lep\u0161\u00ed kontrola nad p\u0159\u00edstupem, sledov\u00e1n\u00edm majetku a aktivitou zam\u011bstnanc\u016f.<\/li>\n<li><strong>Vylep\u0161en\u00e1 \u00fa\u010dinnost:<\/strong>\u00a0Zjednodu\u0161en\u00e9 pracovn\u00ed postupy, automatizovan\u00fd sb\u011br dat a omezen\u00ed manu\u00e1ln\u00edch proces\u016f.<\/li>\n<li><strong>Sledov\u00e1n\u00ed v re\u00e1ln\u00e9m \u010dase:<\/strong>\u00a0Neust\u00e1l\u00e9 sledov\u00e1n\u00ed majetku, person\u00e1lu a aktivit.<\/li>\n<li><strong>Efektivita n\u00e1klad\u016f:<\/strong>\u00a0Sni\u017euje z\u00e1vislost na manu\u00e1ln\u00edch procesech a potenci\u00e1ln\u011b \u0161et\u0159\u00ed \u010das a zdroje.<\/li>\n<li><strong>U\u017eivatelsky p\u0159\u00edv\u011btiv\u00e9:<\/strong>\u00a0Snadn\u00e1 integrace se st\u00e1vaj\u00edc\u00edmi syst\u00e9my a u\u017eivatelsky p\u0159\u00edv\u011btiv\u00e1 interakce prost\u0159ednictv\u00edm za\u0159\u00edzen\u00ed s podporou NFC.<\/li>\n<\/ul>\n<p><strong>Celkov\u011b NTAG213 NFC Patrol Tag nab\u00edz\u00ed robustn\u00ed a v\u0161estrann\u00e9 \u0159e\u0161en\u00ed pro \u0161irokou \u0161k\u00e1lu aplikac\u00ed, kter\u00e9 organizac\u00edm umo\u017e\u0148uje zlep\u0161it zabezpe\u010den\u00ed, optimalizovat pracovn\u00ed postupy a zv\u00fd\u0161it provozn\u00ed efektivitu.<\/strong><\/p>","protected":false},"excerpt":{"rendered":"<p>Ve slu\u017eb\u011b Ntag213 NFC Patrol Tag: b\u011b\u017en\u00e9 NFC tagy nefunguj\u00ed dob\u0159e na kovov\u00fdch povr\u0161\u00edch. Kov toti\u017e ru\u0161\u00ed elektromagnetick\u00e9 sign\u00e1ly pou\u017e\u00edvan\u00e9 pro komunikaci. Nicm\u00e9n\u011b, nov\u00fd druh zna\u010dek, tzv <strong>Kovov\u00e9 \u0161t\u00edtky NFC<\/strong>, \u0159e\u0161\u00ed tento probl\u00e9m. Tyto \u0161t\u00edtky jsou speci\u00e1ln\u011b navr\u017eeny tak, aby bezchybn\u011b fungovaly na kovu nebo jak\u00e9mkoli jin\u00e9m vodiv\u00e9m materi\u00e1lu. P\u0159edstavuj\u00ed pr\u016flom pro aplikace NFC v prost\u0159ed\u00edch, kde je hojnost kovu.<\/p>","protected":false},"featured_media":303,"template":"","meta":{"_kad_post_transparent":"default","_kad_post_title":"","_kad_post_layout":"default","_kad_post_sidebar_id":"","_kad_post_content_style":"default","_kad_post_vertical_padding":"default","_kad_post_feature":"","_kad_post_feature_position":"","_kad_post_header":false,"_kad_post_footer":false,"_kad_post_classname":""},"product_brand":[],"product_cat":[54],"product_tag":[118,123],"class_list":{"0":"post-302","1":"product","2":"type-product","3":"status-publish","4":"has-post-thumbnail","6":"product_cat-hot-selling-rfid-tags","7":"product_tag-anti-metal-nfc-patrol-tag","8":"product_tag-on-duty-ntag213-nfc-patrol-tag","10":"first","11":"instock","12":"shipping-taxable","13":"product-type-simple","14":"entry","15":"content-bg","16":"loop-entry"},"_links":{"self":[{"href":"https:\/\/rfid-laundry-tag.com\/cs\/wp-json\/wp\/v2\/product\/302","targetHints":{"allow":["GET"]}}],"collection":[{"href":"https:\/\/rfid-laundry-tag.com\/cs\/wp-json\/wp\/v2\/product"}],"about":[{"href":"https:\/\/rfid-laundry-tag.com\/cs\/wp-json\/wp\/v2\/types\/product"}],"version-history":[{"count":0,"href":"https:\/\/rfid-laundry-tag.com\/cs\/wp-json\/wp\/v2\/product\/302\/revisions"}],"wp:featuredmedia":[{"embeddable":true,"href":"https:\/\/rfid-laundry-tag.com\/cs\/wp-json\/wp\/v2\/media\/303"}],"wp:attachment":[{"href":"https:\/\/rfid-laundry-tag.com\/cs\/wp-json\/wp\/v2\/media?parent=302"}],"wp:term":[{"taxonomy":"product_brand","embeddable":true,"href":"https:\/\/rfid-laundry-tag.com\/cs\/wp-json\/wp\/v2\/product_brand?post=302"},{"taxonomy":"product_cat","embeddable":true,"href":"https:\/\/rfid-laundry-tag.com\/cs\/wp-json\/wp\/v2\/product_cat?post=302"},{"taxonomy":"product_tag","embeddable":true,"href":"https:\/\/rfid-laundry-tag.com\/cs\/wp-json\/wp\/v2\/product_tag?post=302"}],"curies":[{"name":"wp","href":"https:\/\/api.w.org\/{rel}","templated":true}]}}