{"id":299,"date":"2024-06-26T15:49:09","date_gmt":"2024-06-26T15:49:09","guid":{"rendered":"https:\/\/rfid-laundry-tag.com\/?post_type=product&#038;p=299"},"modified":"2024-06-26T15:49:09","modified_gmt":"2024-06-26T15:49:09","slug":"uhf-industrial-on-metal-rfid-tags","status":"publish","type":"product","link":"https:\/\/rfid-laundry-tag.com\/cs\/uhf-industrial-on-metal-rfid-tags\/","title":{"rendered":"UHF Pr\u016fmyslov\u00e9 Na Kovov\u00e9 RFID Tagy"},"content":{"rendered":"<table class=\"has-title all magic-4\">\n<tbody>\n<tr>\n<td colspan=\"1\" rowspan=\"1\">\n<div class=\"magic-5\" data-spm-anchor-id=\"a2700.details.0.i63.6b4c1284UGSrnr\">Materi\u00e1l<\/div>\n<\/td>\n<td colspan=\"1\" rowspan=\"1\">\n<div class=\"magic-6\">ABS<\/div>\n<\/td>\n<\/tr>\n<tr>\n<td colspan=\"1\" rowspan=\"1\">\n<div class=\"magic-5\">Velikost<\/div>\n<\/td>\n<td colspan=\"1\" rowspan=\"1\">\n<div class=\"magic-6\">78x31x10mm nebo p\u0159izp\u016fsoben\u00e9<\/div>\n<\/td>\n<\/tr>\n<tr>\n<td colspan=\"1\" rowspan=\"1\">\n<div class=\"magic-5\">Frekvence<\/div>\n<\/td>\n<td colspan=\"1\" rowspan=\"1\">\n<div class=\"magic-6\">860-960 MHz<\/div>\n<\/td>\n<\/tr>\n<tr>\n<td colspan=\"1\" rowspan=\"1\">\n<div class=\"magic-5\">Typ IC (\u010dip)<\/div>\n<\/td>\n<td colspan=\"1\" rowspan=\"1\">\n<div class=\"magic-6\">Impinj Monza R6P<\/div>\n<\/td>\n<\/tr>\n<tr>\n<td colspan=\"1\" rowspan=\"1\">\n<div class=\"magic-5\">Protokol<\/div>\n<\/td>\n<td colspan=\"1\" rowspan=\"1\">\n<div class=\"magic-6\" data-spm-anchor-id=\"a2700.details.0.i64.6b4c1284UGSrnr\">EPC Global Class 1 Gen2 &amp; ISO18000-6C<\/div>\n<\/td>\n<\/tr>\n<tr>\n<td colspan=\"1\" rowspan=\"1\">\n<div class=\"magic-7\">Pam\u011b\u0165<\/div>\n<\/td>\n<td colspan=\"1\" rowspan=\"1\">\n<div class=\"magic-6\">EPC 128 bit\u016f, u\u017eivatelsk\u00e1 32 bit\u016f<\/div>\n<\/td>\n<\/tr>\n<tr>\n<td colspan=\"1\" rowspan=\"1\">\n<div class=\"magic-5\">Tag Form Factor<\/div>\n<\/td>\n<td colspan=\"1\" rowspan=\"1\">\n<div class=\"magic-6\">Tvrd\u00fd \u0161t\u00edtek<\/div>\n<\/td>\n<\/tr>\n<tr>\n<td colspan=\"1\" rowspan=\"1\">\n<div class=\"magic-5\">Zp\u016fsob p\u0159ipojen\u00ed<\/div>\n<\/td>\n<td colspan=\"1\" rowspan=\"1\">\n<div class=\"magic-6\">\u0160roubov\u00e1 fixace, lepidlo f\u00f3lie<\/div>\n<\/td>\n<\/tr>\n<tr>\n<td colspan=\"1\" rowspan=\"1\">\n<div class=\"magic-5\">Provozn\u00ed teplota<\/div>\n<\/td>\n<td colspan=\"1\" rowspan=\"1\">\n<div class=\"magic-6\">-35 \u00b0C \/ +90 \u00b0C<\/div>\n<\/td>\n<\/tr>\n<tr>\n<td colspan=\"1\" rowspan=\"1\">\n<div class=\"magic-5\">P\u0159e\u010dt\u011bte si Vzd\u00e1lenost<\/div>\n<\/td>\n<td colspan=\"1\" rowspan=\"1\">\n<div class=\"magic-6\">Do 10m<\/div>\n<\/td>\n<\/tr>\n<tr>\n<td colspan=\"1\" rowspan=\"1\">\n<div class=\"magic-8\">Pou\u017eiteln\u00e9 povrchov\u00e9 materi\u00e1ly<\/div>\n<\/td>\n<td colspan=\"1\" rowspan=\"1\">\n<div class=\"magic-6\">Kovov\u00e9 a nekovov\u00e9 podklady<\/div>\n<\/td>\n<\/tr>\n<tr>\n<td colspan=\"1\" rowspan=\"1\">\n<div class=\"magic-7\">Hodnocen\u00ed IP<\/div>\n<\/td>\n<td colspan=\"1\" rowspan=\"1\">\n<div class=\"magic-6\">IP68<\/div>\n<\/td>\n<\/tr>\n<tr>\n<td colspan=\"1\" rowspan=\"1\">\n<div class=\"magic-7\">aplikace<\/div>\n<\/td>\n<td colspan=\"1\" rowspan=\"1\">\n<div class=\"magic-6\" data-spm-anchor-id=\"a2700.details.0.i62.6b4c1284UGSrnr\">Pro majetek, t\u011b\u017ek\u00fd pr\u016fmysl a venkovn\u00ed pou\u017eit\u00ed<\/div>\n<\/td>\n<\/tr>\n<\/tbody>\n<\/table>\n<p>&nbsp;<\/p>\n<h2>UHF RFID \u0161t\u00edtky pro pr\u016fmyslov\u00e1 prost\u0159ed\u00ed<\/h2>\n<p><strong>Vlastnosti:<\/strong><\/p>\n<ul>\n<li><strong>Standardn\u00ed kompatibilita:<\/strong>\u00a0Dodr\u017euje normu ISO18000-6C (EPC C1G2) a zaru\u010duje bezprobl\u00e9movou integraci se st\u00e1vaj\u00edc\u00edmi syst\u00e9my UHF RFID.<\/li>\n<li><strong>Univerz\u00e1ln\u00ed povrchov\u00e1 kompatibilita:<\/strong>\u00a0Mohou b\u00fdt p\u0159ipevn\u011bny k r\u016fzn\u00fdm povrch\u016fm, jako je kov, plast a dokonce i kapaliny, d\u00edky \u010demu\u017e jsou ide\u00e1ln\u00ed pro r\u016fzn\u00e9 aplikace.<\/li>\n<li><strong>Vynikaj\u00edc\u00ed odolnost:<\/strong>\u00a0Stupe\u0148 kryt\u00ed IP68 pro v\u00fdjime\u010dnou odolnost proti prachu a vniknut\u00ed vody, co\u017e zaji\u0161\u0165uje spolehliv\u00fd provoz v n\u00e1ro\u010dn\u00fdch prost\u0159ed\u00edch.<\/li>\n<li><strong>Nekompromisn\u00ed v\u00fdkon:<\/strong>\u00a0Navr\u017eeno tak, aby bylo vodot\u011bsn\u00e9 i antikolizn\u00ed, zaru\u010duj\u00edc\u00ed p\u0159esn\u00e9 a konzistentn\u00ed \u00fadaje i v n\u00e1ro\u010dn\u00fdch podm\u00ednk\u00e1ch.<\/li>\n<\/ul>\n<p><strong>Aplikace:<\/strong><\/p>\n<ul>\n<li><strong>Spr\u00e1va aktiv:<\/strong>\u00a0Sledujte um\u00edst\u011bn\u00ed a stav cenn\u00e9ho vybaven\u00ed a majetku.<\/li>\n<li><strong>Optimalizace dodavatelsk\u00e9ho \u0159et\u011bzce:<\/strong>\u00a0Zefektivn\u011bte logistick\u00e9 a automobilov\u00e9 procesy efektivn\u00edm sledov\u00e1n\u00edm z\u00e1sob, vozidel a d\u00edl\u016f.<\/li>\n<li><strong>V\u00fdrobn\u00ed efektivita:<\/strong>\u00a0Optimalizujte v\u00fdrobn\u00ed procesy a sledujte produktivitu pracovn\u00edk\u016f pro zv\u00fd\u0161en\u00ed efektivity.<\/li>\n<li><strong>Spr\u00e1va zdroj\u016f a bezpe\u010dnost:<\/strong>\u00a0Umo\u017e\u0148uj\u00ed spolehliv\u00e9 sledov\u00e1n\u00ed za\u0159\u00edzen\u00ed a zdroj\u016f v n\u00e1ro\u010dn\u00fdch prost\u0159ed\u00edch, jako je ropa, plyn a t\u011b\u017eba, a z\u00e1rove\u0148 zvy\u0161uj\u00ed bezpe\u010dnost pracovn\u00edk\u016f.<\/li>\n<\/ul>\n<p><strong>V\u00fdhody:<\/strong><\/p>\n<ul>\n<li><strong>P\u0159esn\u00e1 data v re\u00e1ln\u00e9m \u010dase:<\/strong>\u00a0Z\u00edskejte okam\u017eit\u00fd p\u0159ehled o operac\u00edch a usnadn\u011bte lep\u0161\u00ed rozhodov\u00e1n\u00ed.<\/li>\n<li><strong>Vylep\u0161en\u00e1 kontrola invent\u00e1\u0159e:<\/strong>\u00a0Minimalizujte ztr\u00e1ty a pl\u00fdtv\u00e1n\u00ed t\u00edm, \u017ee budete udr\u017eovat komplexn\u00ed p\u0159ehled o aktivech.<\/li>\n<li><strong>Zjednodu\u0161en\u00e9 operace:<\/strong>\u00a0Optimalizujte pracovn\u00ed postupy a minimalizujte prostoje pro zv\u00fd\u0161en\u00ed efektivity.<\/li>\n<li><strong>Zv\u00fd\u0161en\u00e1 bezpe\u010dnost:<\/strong>\u00a0Identifikujte potenci\u00e1ln\u00ed rizika a chra\u0148te pracovn\u00edky v n\u00e1ro\u010dn\u00fdch prost\u0159ed\u00edch.<\/li>\n<\/ul>","protected":false},"excerpt":{"rendered":"<p>ABS RFID Tag je pasivn\u00ed UHF RFID tag s dlouh\u00fdm dosahem, kter\u00fd je schopen \u010d\u00edst na, vypnuto a v bl\u00edzkosti kovov\u00fdch povrch\u016f. Je navr\u017een v mal\u00e9m proveden\u00ed a vyzna\u010duje se odoln\u00fdm vodot\u011bsn\u00fdm zapouzd\u0159en\u00edm pro dlouhodob\u00e9 pou\u017eit\u00ed ve venkovn\u00edm a pr\u016fmyslov\u00e9m prost\u0159ed\u00ed.<\/p>","protected":false},"featured_media":300,"template":"","meta":{"_kad_post_transparent":"default","_kad_post_title":"","_kad_post_layout":"default","_kad_post_sidebar_id":"","_kad_post_content_style":"default","_kad_post_vertical_padding":"default","_kad_post_feature":"","_kad_post_feature_position":"","_kad_post_header":false,"_kad_post_footer":false,"_kad_post_classname":""},"product_brand":[],"product_cat":[54],"product_tag":[122,121],"class_list":{"0":"post-299","1":"product","2":"type-product","3":"status-publish","4":"has-post-thumbnail","6":"product_cat-hot-selling-rfid-tags","7":"product_tag-on-metal-rfid-tags","8":"product_tag-uhf-industrial-on-metal-rfid-tags","10":"first","11":"instock","12":"shipping-taxable","13":"product-type-simple","14":"entry","15":"content-bg","16":"loop-entry"},"_links":{"self":[{"href":"https:\/\/rfid-laundry-tag.com\/cs\/wp-json\/wp\/v2\/product\/299","targetHints":{"allow":["GET"]}}],"collection":[{"href":"https:\/\/rfid-laundry-tag.com\/cs\/wp-json\/wp\/v2\/product"}],"about":[{"href":"https:\/\/rfid-laundry-tag.com\/cs\/wp-json\/wp\/v2\/types\/product"}],"version-history":[{"count":0,"href":"https:\/\/rfid-laundry-tag.com\/cs\/wp-json\/wp\/v2\/product\/299\/revisions"}],"wp:featuredmedia":[{"embeddable":true,"href":"https:\/\/rfid-laundry-tag.com\/cs\/wp-json\/wp\/v2\/media\/300"}],"wp:attachment":[{"href":"https:\/\/rfid-laundry-tag.com\/cs\/wp-json\/wp\/v2\/media?parent=299"}],"wp:term":[{"taxonomy":"product_brand","embeddable":true,"href":"https:\/\/rfid-laundry-tag.com\/cs\/wp-json\/wp\/v2\/product_brand?post=299"},{"taxonomy":"product_cat","embeddable":true,"href":"https:\/\/rfid-laundry-tag.com\/cs\/wp-json\/wp\/v2\/product_cat?post=299"},{"taxonomy":"product_tag","embeddable":true,"href":"https:\/\/rfid-laundry-tag.com\/cs\/wp-json\/wp\/v2\/product_tag?post=299"}],"curies":[{"name":"wp","href":"https:\/\/api.w.org\/{rel}","templated":true}]}}