{"id":2961,"date":"2025-11-22T13:55:10","date_gmt":"2025-11-22T13:55:10","guid":{"rendered":"https:\/\/rfid-laundry-tag.com\/?post_type=product&#038;p=2961"},"modified":"2025-11-22T13:55:11","modified_gmt":"2025-11-22T13:55:11","slug":"laundry-rfid-tags-top-5-manufacturer","status":"publish","type":"product","link":"https:\/\/rfid-laundry-tag.com\/cs\/laundry-rfid-tags-top-5-manufacturer\/","title":{"rendered":"RFID \u0161t\u00edtky pro pr\u00e1delny TOP 5 V\u00fdrobce"},"content":{"rendered":"<p><a href=\"https:\/\/rfid-laundry-tag.com\/cs\/uhf-rfid-laundry-tags\/\"><strong>Pr\u00e1delna RFID \u0161t\u00edtky<\/strong><\/a>\u00a0P\u0159edstavuj\u00ed \u0161pi\u010dkov\u00e9 \u0159e\u0161en\u00ed pro sledov\u00e1n\u00ed a spr\u00e1vu textiln\u00edch aktiv v pr\u016fb\u011bhu cel\u00e9ho jejich \u017eivotn\u00edho cyklu. Tyto odoln\u00e9 a flexibiln\u00ed RFID transpond\u00e9ry jsou vyrobeny z tkaniny, kter\u00e1 odol\u00e1v\u00e1 teplu, tlaku a natahov\u00e1n\u00ed, co\u017e je \u010din\u00ed ide\u00e1ln\u00edmi pro monitorov\u00e1n\u00ed p\u0159edm\u011bt\u016f, jako jsou pracovn\u00ed od\u011bvy, uniformy a pr\u00e1dlo. Tyto RFID transpond\u00e9ry pro pr\u00e1dlo jsou vybaveny jedine\u010dn\u00fdm identifik\u00e1torem a usnad\u0148uj\u00ed bezdotykovou spr\u00e1vu pr\u00e1dla a zvy\u0161uj\u00ed digit\u00e1ln\u00ed transparentnost. P\u0159i integraci s IT syst\u00e9my \u0159\u00edzen\u00ed umo\u017e\u0148uje technologie RFID bezprobl\u00e9mov\u00e9 sledov\u00e1n\u00ed textili\u00ed od sb\u011bru ne\u010distot a\u017e po pran\u00ed a distribuci.<\/p>\n<table class=\"has-title is-zebra hight-light-first-column all magic-19\">\n<tbody>\n<tr>\n<td colspan=\"1\" rowspan=\"1\">\n<div class=\"magic-20\"><strong><span class=\"magic-21\">Polo\u017eka<\/span><\/strong><\/div>\n<\/td>\n<td colspan=\"1\" rowspan=\"1\">\n<div class=\"magic-22\">\u00a0Pr\u00e1delna RFID \u0161t\u00edtky<\/div>\n<\/td>\n<\/tr>\n<tr>\n<td colspan=\"1\" rowspan=\"1\">\n<div class=\"magic-20\"><span class=\"magic-21\">Velikost<\/span><\/div>\n<\/td>\n<td colspan=\"1\" rowspan=\"1\">\n<div class=\"magic-22\"><span class=\"magic-21\">55 x 12 mm, 70 x 15 mm, 87 x 17 mm<\/span><\/div>\n<\/td>\n<\/tr>\n<tr>\n<td colspan=\"1\" rowspan=\"1\">\n<div class=\"magic-20\"><span class=\"magic-21\">Provozn\u00ed frekvence<\/span><\/div>\n<\/td>\n<td colspan=\"1\" rowspan=\"1\">\n<div class=\"magic-22\"><span class=\"magic-21\" data-spm-anchor-id=\"a2700.details.0.i69.56bf53e8OmNXev\">865\u2013928 MHz<\/span><\/div>\n<\/td>\n<\/tr>\n<tr>\n<td colspan=\"1\" rowspan=\"1\">\n<div class=\"magic-20\"><span class=\"magic-21\">Materi\u00e1l \u0161t\u00edtku<\/span><\/div>\n<\/td>\n<td colspan=\"1\" rowspan=\"1\">\n<div class=\"magic-22\"><span class=\"magic-21\">Polyester\u00a0<\/span><\/div>\n<\/td>\n<\/tr>\n<tr>\n<td colspan=\"1\" rowspan=\"1\">\n<div class=\"magic-20\"><span class=\"magic-21\">Chipsy<\/span><\/div>\n<\/td>\n<td colspan=\"1\" rowspan=\"1\">\n<div class=\"magic-22\"><span class=\"magic-21\">U8, U9 atd.<\/span><\/div>\n<\/td>\n<\/tr>\n<tr>\n<td colspan=\"1\" rowspan=\"1\">\n<div class=\"magic-20\"><span class=\"magic-21\">Z\u00e1ruka na \u0161t\u00edtek<\/span><\/div>\n<\/td>\n<td colspan=\"1\" rowspan=\"1\">\n<div class=\"magic-22\"><span class=\"magic-21\">Prvn\u00edch 200 nebo 300 prac\u00edch cykl\u016f nebo 3 roky od data expedice<\/span><\/div>\n<\/td>\n<\/tr>\n<tr>\n<td colspan=\"1\" rowspan=\"1\">\n<div class=\"magic-20\"><span class=\"magic-21\">P\u0159e\u010dt\u011bte si Vzd\u00e1lenost<\/span><\/div>\n<\/td>\n<td colspan=\"1\" rowspan=\"1\">\n<div class=\"magic-22\"><span class=\"magic-21\">A\u017e 8 metr\u016f (a\u017e 9 stop), je nutn\u00e9 otestovat se \u010dte\u010dkou<\/span><\/div>\n<\/td>\n<\/tr>\n<tr>\n<td colspan=\"1\" rowspan=\"1\">\n<div class=\"magic-20\"><span class=\"magic-21\">Skladovac\u00ed teplota<\/span><\/div>\n<\/td>\n<td colspan=\"1\" rowspan=\"1\">\n<div class=\"magic-22\"><span class=\"magic-21\">-40\u2103 a\u017e +120\u2103 (-40\u2109 a\u017e +248\u2109)<\/span><\/div>\n<\/td>\n<\/tr>\n<tr>\n<td colspan=\"1\" rowspan=\"1\">\n<div class=\"magic-20\"><span class=\"magic-21\">Irroner<\/span><\/div>\n<\/td>\n<td colspan=\"1\" rowspan=\"1\">\n<div class=\"magic-22\"><span class=\"magic-21\">+195\u2103(+383 F) 30 sekund &lt;18 bar\u016f<\/span><\/div>\n<\/td>\n<\/tr>\n<tr>\n<td colspan=\"1\" rowspan=\"1\">\n<div class=\"magic-20\"><span class=\"magic-21\">Odsava\u010d vody<\/span><\/div>\n<\/td>\n<td colspan=\"1\" rowspan=\"1\">\n<div class=\"magic-22\"><span class=\"magic-21\">60 takt\u016f, 80 sekund<\/span><\/div>\n<\/td>\n<\/tr>\n<tr>\n<td colspan=\"1\" rowspan=\"1\">\n<div class=\"magic-20\"><span class=\"magic-21\">Autokl\u00e1v<\/span><\/div>\n<\/td>\n<td colspan=\"1\" rowspan=\"1\">\n<div class=\"magic-22\"><span class=\"magic-21\">Odvzdu\u0161n\u011bn\u00ed: +100 \u00b0C (+212 \u00b0F), 5 minut, 0,1 baru,<\/span><\/div>\n<\/td>\n<\/tr>\n<tr>\n<td colspan=\"1\" rowspan=\"1\">\n<div class=\"magic-20\"><span class=\"magic-21\">Su\u0161en\u00ed<\/span><\/div>\n<\/td>\n<td colspan=\"1\" rowspan=\"1\">\n<div class=\"magic-22\"><span class=\"magic-21\">+45 \u2103 (+113 \u2109), 0,15 minut, 0,2 baru<\/span><\/div>\n<\/td>\n<\/tr>\n<tr>\n<td colspan=\"1\" rowspan=\"1\">\n<div class=\"magic-20\"><span class=\"magic-21\">Chemick\u00e1 odolnost<\/span><\/div>\n<\/td>\n<td colspan=\"1\" rowspan=\"1\">\n<div class=\"magic-22\" data-spm-anchor-id=\"a2700.details.0.i68.56bf53e8OmNXev\"><span class=\"magic-21\">V\u0161echny chemik\u00e1lie b\u011b\u017en\u00e9 v procesu pran\u00ed<\/span><\/div>\n<\/td>\n<\/tr>\n<\/tbody>\n<\/table>\n<div>\n<figure id=\"attachment_2928\" class=\"wp-caption alignnone\" aria-describedby=\"caption-attachment-2928\"><a href=\"https:\/\/rfid-laundry-tag.com\/cs\/uhf-rfid-laundry-tags\/\"><img fetchpriority=\"high\" decoding=\"async\" class=\"size-full wp-image-2928\" title=\"RFID \u0161t\u00edtky pro pr\u00e1delny TOP 5 V\u00fdrobce 4\" src=\"https:\/\/www.rfidtaglaundry.com\/wp-content\/uploads\/2024\/11\/6_H39416607c5cf4905b542e69b55e844a5b.jpg\" sizes=\"(max-width: 800px) 100vw, 800px\" srcset=\"https:\/\/www.rfidtaglaundry.com\/wp-content\/uploads\/2024\/11\/6_H39416607c5cf4905b542e69b55e844a5b.jpg 800w, https:\/\/www.rfidtaglaundry.com\/wp-content\/uploads\/2024\/11\/6_H39416607c5cf4905b542e69b55e844a5b-300x300.jpg 300w, https:\/\/www.rfidtaglaundry.com\/wp-content\/uploads\/2024\/11\/6_H39416607c5cf4905b542e69b55e844a5b-150x150.jpg 150w, https:\/\/www.rfidtaglaundry.com\/wp-content\/uploads\/2024\/11\/6_H39416607c5cf4905b542e69b55e844a5b-768x768.jpg 768w, https:\/\/www.rfidtaglaundry.com\/wp-content\/uploads\/2024\/11\/6_H39416607c5cf4905b542e69b55e844a5b-12x12.jpg 12w, https:\/\/www.rfidtaglaundry.com\/wp-content\/uploads\/2024\/11\/6_H39416607c5cf4905b542e69b55e844a5b-600x600.jpg 600w, https:\/\/www.rfidtaglaundry.com\/wp-content\/uploads\/2024\/11\/6_H39416607c5cf4905b542e69b55e844a5b-100x100.jpg 100w\" alt=\"Laundry RFID Tags\" width=\"800\" height=\"800\" \/><\/a><figcaption id=\"caption-attachment-2928\" class=\"wp-caption-text\">Pr\u00e1delna RFID \u0161t\u00edtky<\/figcaption><\/figure>\n<\/div>\n<div>\n<h3>\u010casto kladen\u00e9 ot\u00e1zky (FAQ) o RFID \u0161t\u00edtc\u00edch pro pr\u00e1delny<\/h3>\n<p><strong>Q1: Jak\u00e9 probl\u00e9my \u0159e\u0161\u00ed RFID \u0161t\u00edtky pro pr\u00e1dlo b\u011bhem pran\u00ed?<\/strong><br \/>\n<strong>A1:<\/strong>\u00a0Jedn\u00edm z hlavn\u00edch probl\u00e9m\u016f je, \u017ee \u0161t\u00edtky se mohou snadno po\u0161kodit, co\u017e vede ke ztr\u00e1t\u011b dat. Na\u0161e \u0159e\u0161en\u00ed vyu\u017e\u00edv\u00e1 polyester pr\u016fmyslov\u00e9 kvality a technologii vytvrzov\u00e1n\u00ed za vysok\u00fdch teplot, co\u017e umo\u017e\u0148uje \u0161t\u00edtk\u016fm odolat \u017eehlen\u00ed p\u0159i teplot\u011b 195 \u00b0C a tlaku vody 60 bar\u016f, co\u017e je ide\u00e1ln\u00ed pro sterilizaci hotelov\u00e9ho pr\u00e1dla. N\u00e1\u0161 unik\u00e1tn\u00ed chemicky odoln\u00fd povlak chr\u00e1n\u00ed p\u0159ed b\u011blidly a siln\u00fdmi alkalick\u00fdmi \u010distic\u00edmi prost\u0159edky a zaji\u0161\u0165uje nulov\u00e9 po\u0161kozen\u00ed \u010dipu U8 po v\u00edce ne\u017e 300 pran\u00edch, co\u017e je podlo\u017eeno 15 lety zku\u0161enost\u00ed.<\/p>\n<p><strong>Q2: Jak va\u0161e tagy zlep\u0161uj\u00ed efektivitu t\u0159\u00edd\u011bn\u00ed?<\/strong><br \/>\n<strong>A2:<\/strong>\u00a0Tradi\u010dn\u00ed \u0161t\u00edtky maj\u00ed \u010dasto kr\u00e1tk\u00e9 \u010dtec\u00ed vzd\u00e1lenosti, co\u017e m\u016f\u017ee omezovat efektivitu t\u0159\u00edd\u011bn\u00ed. Na\u0161e technologie RFID nab\u00edz\u00ed p\u016fsobiv\u00fd \u010dtec\u00ed dosah 9 metr\u016f, ve srovn\u00e1n\u00ed s pr\u016fm\u011brem v oboru, kter\u00fd je 5 metr\u016f. Ve spojen\u00ed se sm\u011brov\u00fdmi ant\u00e9nami to zlep\u0161uje d\u00e1vkov\u00e9 skenov\u00e1n\u00ed na dopravn\u00edkov\u00fdch p\u00e1sech pr\u00e1dla a zvy\u0161uje efektivitu t\u0159\u00edd\u011bn\u00ed o 60%. Na\u0161e \u0161t\u00edtky tak\u00e9 podporuj\u00ed pln\u00fd frekven\u010dn\u00ed rozsah 865\u2013928 MHz a jsou kompatibiln\u00ed s p\u0159edn\u00edmi RFID za\u0159\u00edzen\u00edmi na sv\u011bt\u011b.<\/p>\n<p><strong>Q3: Jak va\u0161e \u0161t\u00edtky sni\u017euj\u00ed provozn\u00ed n\u00e1klady?<\/strong><br \/>\n<strong>A3:<\/strong>\u00a0\u010cast\u00e1 v\u00fdm\u011bna \u0161t\u00edtk\u016f zvy\u0161uje provozn\u00ed n\u00e1klady. Nab\u00edz\u00edme pr\u016fkopnickou dvojitou z\u00e1ruku \u201c3 roky nebo 300 pran\u00ed\u201d, kter\u00e1 ve srovn\u00e1n\u00ed se standardn\u00edmi \u0161t\u00edtky sni\u017euje n\u00e1klady na \u017eivotn\u00ed cyklus o 421 TP3T. N\u00e1\u0161 modul\u00e1rn\u00ed design \u010dipu umo\u017e\u0148uje bezprobl\u00e9mov\u00fd upgrade z verz\u00ed U8 na U9, \u010d\u00edm\u017e se eliminuje nutnost kompletn\u00ed v\u00fdm\u011bny \u0161t\u00edtk\u016f v d\u016fsledku zm\u011bn za\u0159\u00edzen\u00ed. Na\u0161e \u0161t\u00edtky byly certifikov\u00e1ny prost\u0159ednictv\u00edm 2000 pr\u016fmyslov\u00fdch prac\u00edch test\u016f, co\u017e je \u010din\u00ed ide\u00e1ln\u00edmi pro sc\u00e9n\u00e1\u0159e s vysokou frekvenc\u00ed obm\u011bny v p\u016fj\u010dovn\u00e1ch pr\u00e1dla.<\/p>\n<p><strong>V\u00fdhoda tov\u00e1rny:<\/strong>\u00a0Jako jeden z 5 p\u0159edn\u00edch sv\u011btov\u00fdch v\u00fdrobc\u016f RFID \u0161t\u00edtk\u016f pro pr\u00e1dlo s 15 lety zku\u0161enost\u00ed v oblasti RF technologi\u00ed poskytujeme komplexn\u00ed \u0159e\u0161en\u00ed od balen\u00ed \u010dip\u016f a\u017e po testov\u00e1n\u00ed r\u016fzn\u00fdch sc\u00e9n\u00e1\u0159\u016f. Dodali jsme v\u00edce ne\u017e 200 milion\u016f specializovan\u00fdch \u0161t\u00edtk\u016f pro pr\u00e1dlo klient\u016fm, jako jsou Hilton a Mayo Clinic, s podporou profesion\u00e1ln\u00edho t\u00fdmu pro v\u00fdvoj na m\u00edru.<\/p>\n<\/div>\n<div class=\"auto-hide-last-sibling-br paragraph_1252f paragraph-element\">\n<p>&nbsp;<\/p>\n<h2>Variabiln\u00ed data pro RFID \u0161t\u00edtky pro pr\u00e1delny<\/h2>\n<p>Ka\u017ed\u00fd<a href=\"https:\/\/rfid-laundry-tag.com\/cs\/uhf-rfid-laundry-tags\/\">\u00a0pr\u00e1deln\u00ed RFID \u0161t\u00edtek<\/a>\u00a0je vybaven variabiln\u00edmi daty, v\u010detn\u011b:<\/p>\n<ul>\n<li><strong>Informace vyti\u0161t\u011bn\u00e9 laserem<\/strong>Pat\u0159\u00ed sem EPC k\u00f3dy, 1D a 2D \u010d\u00e1rov\u00e9 k\u00f3dy, QR k\u00f3dy a loga.<\/li>\n<li><strong>Programov\u00e1n\u00ed dat RFID \u010dip\u016f<\/strong>\u0160t\u00edtky lze naprogramovat s k\u00f3dov\u00e1n\u00edm EPC a uzamknout p\u0159\u00edstupov\u00fdm heslem.<\/li>\n<li><strong>Komplexn\u00ed testov\u00e1n\u00ed<\/strong>V\u0161echna data, v\u010detn\u011b k\u00f3dov\u00e1n\u00ed EPC a TID, jsou testov\u00e1na dle standardu 100%, aby byla zaji\u0161t\u011bna p\u0159esn\u00e1 shoda pro ka\u017edou konkr\u00e9tn\u00ed zna\u010dku.<\/li>\n<\/ul>\n<h2>Metody instalace<\/h2>\n<ul>\n<li><strong>Stitch Tagging<\/strong>Ide\u00e1ln\u00ed pro v\u0161\u00edv\u00e1n\u00ed do lemu textili\u00ed, zaji\u0161\u0165uje um\u00edst\u011bn\u00ed \u0161t\u00edtk\u016f mimo linie ohybu pro optim\u00e1ln\u00ed trvanlivost.<\/li>\n<li><strong>Tepeln\u00e9 t\u011bsn\u011bn\u00ed<\/strong>\u0160t\u00edtky lze tepeln\u011b p\u0159ipevnit p\u0159\u00edmo na textilie p\u0159i teplot\u011b +200 \u00b0C (392 \u00b0F) po dobu 12 a\u017e 14 sekund.<\/li>\n<li><strong>V s\u00e1\u010dku<\/strong>Podobn\u011b jako standardn\u00ed \u0161t\u00edtky s pokyny pro p\u00e9\u010di lze tyto \u0161t\u00edtky v\u0161it do s\u00e1\u010dku, \u010d\u00edm\u017e je udr\u017e\u00edte v bezpe\u010d\u00ed a snadno p\u0159\u00edstupn\u00e9.<\/li>\n<\/ul>\n<h2>Aplikace RFID \u0161t\u00edtk\u016f pro pr\u00e1delny<\/h2>\n<p>RFID \u0161t\u00edtky pro pr\u00e1delny jsou v\u0161estrann\u00e9 a lze je vyu\u017e\u00edt v r\u016fzn\u00fdch odv\u011btv\u00edch pro sledov\u00e1n\u00ed textiln\u00edho majetku, v\u010detn\u011b:<\/p>\n<ul>\n<li><strong>Zdravotnictv\u00ed<\/strong>Monitorov\u00e1n\u00ed lo\u017en\u00edho pr\u00e1dla, uniforem, rou\u0161ek a mop\u016f.<\/li>\n<li><strong>Pohostinstv\u00ed<\/strong>Spr\u00e1va lo\u017en\u00edho pr\u00e1dla a uniforem pro hotely a restaurace.<\/li>\n<li><strong>M\u00f3dn\u00ed oble\u010den\u00ed<\/strong>Vylep\u0161en\u00ed spr\u00e1vy a sledov\u00e1n\u00ed z\u00e1sob oble\u010den\u00ed a dopl\u0148k\u016f.<\/li>\n<\/ul>\n<p>S v\u00fdvojem m\u00f3dn\u00edho a od\u011bvn\u00edho pr\u016fmyslu roste popt\u00e1vka po pokro\u010dil\u00fdch technologick\u00fdch \u0159e\u0161en\u00edch. Technologie RFID se stala kl\u00ed\u010dov\u00fdm n\u00e1strojem pro zlep\u0161en\u00ed provozn\u00ed efektivity, zlep\u0161en\u00ed z\u00e1kaznick\u00e9 zku\u0161enosti a podporu iniciativ v oblasti udr\u017eitelnosti. Implementace\u00a0<strong>pr\u00e1deln\u00ed \u0161t\u00edtky RFID<\/strong>\u00a0v oblasti managementu od\u011bv\u016f a textilu zm\u011bnil zp\u016fsob, jak\u00fdm organizace dohl\u00ed\u017eej\u00ed na sv\u00e9 pr\u00e1delensk\u00e9 operace, a umo\u017enil sledov\u00e1n\u00ed v re\u00e1ln\u00e9m \u010dase, vylep\u0161en\u00e9 \u0159\u00edzen\u00ed z\u00e1sob, lep\u0161\u00ed p\u0159ehled o dodavatelsk\u00e9m \u0159et\u011bzci a v\u011bt\u0161\u00ed udr\u017eitelnost.<\/p>\n<p>P\u0159ijet\u00edm t\u011bchto inovativn\u00edch \u0159e\u0161en\u00ed mohou firmy zefektivnit sv\u00e9 procesy a splnit rostouc\u00ed po\u017eadavky dynamick\u00e9ho trhu.<\/p>\n<\/div>","protected":false},"excerpt":{"rendered":"<p>Jako p\u0159edn\u00ed sv\u011btov\u00fd v\u00fdrobce RFID \u0161t\u00edtk\u016f se specializujeme na <strong>Pr\u00e1delna RFID \u0161t\u00edtky<\/strong>, kter\u00e1 poskytuje \u0159e\u0161en\u00ed na m\u00edru, je\u017e jsou podpo\u0159ena 15 lety odborn\u00fdch znalost\u00ed a v\u00edce ne\u017e 200 miliony dodan\u00fdch \u0161t\u00edtk\u016f.<\/p>","protected":false},"featured_media":2964,"template":"","meta":{"_kad_post_transparent":"default","_kad_post_title":"","_kad_post_layout":"default","_kad_post_sidebar_id":"","_kad_post_content_style":"default","_kad_post_vertical_padding":"default","_kad_post_feature":"","_kad_post_feature_position":"","_kad_post_header":false,"_kad_post_footer":false,"_kad_post_classname":""},"product_brand":[],"product_cat":[16,19],"product_tag":[24,367,342,339,65,30],"class_list":{"0":"post-2961","1":"product","2":"type-product","3":"status-publish","4":"has-post-thumbnail","6":"product_cat-uhf-rfid-laundry-tags","7":"product_cat-textile-rfid-laundry-tag","8":"product_tag-laundry-rfid-tags","9":"product_tag-laundry-rfid-tags-top-5-manufacturer","10":"product_tag-rfid-laundry-tags","11":"product_tag-rfid-washable-tags","12":"product_tag-textile-rfid-laundry-tags","13":"product_tag-uhf-rfid-laundry-tag","15":"first","16":"instock","17":"featured","18":"shipping-taxable","19":"product-type-simple","20":"entry","21":"content-bg","22":"loop-entry"},"_links":{"self":[{"href":"https:\/\/rfid-laundry-tag.com\/cs\/wp-json\/wp\/v2\/product\/2961","targetHints":{"allow":["GET"]}}],"collection":[{"href":"https:\/\/rfid-laundry-tag.com\/cs\/wp-json\/wp\/v2\/product"}],"about":[{"href":"https:\/\/rfid-laundry-tag.com\/cs\/wp-json\/wp\/v2\/types\/product"}],"version-history":[{"count":1,"href":"https:\/\/rfid-laundry-tag.com\/cs\/wp-json\/wp\/v2\/product\/2961\/revisions"}],"predecessor-version":[{"id":2966,"href":"https:\/\/rfid-laundry-tag.com\/cs\/wp-json\/wp\/v2\/product\/2961\/revisions\/2966"}],"wp:featuredmedia":[{"embeddable":true,"href":"https:\/\/rfid-laundry-tag.com\/cs\/wp-json\/wp\/v2\/media\/2964"}],"wp:attachment":[{"href":"https:\/\/rfid-laundry-tag.com\/cs\/wp-json\/wp\/v2\/media?parent=2961"}],"wp:term":[{"taxonomy":"product_brand","embeddable":true,"href":"https:\/\/rfid-laundry-tag.com\/cs\/wp-json\/wp\/v2\/product_brand?post=2961"},{"taxonomy":"product_cat","embeddable":true,"href":"https:\/\/rfid-laundry-tag.com\/cs\/wp-json\/wp\/v2\/product_cat?post=2961"},{"taxonomy":"product_tag","embeddable":true,"href":"https:\/\/rfid-laundry-tag.com\/cs\/wp-json\/wp\/v2\/product_tag?post=2961"}],"curies":[{"name":"wp","href":"https:\/\/api.w.org\/{rel}","templated":true}]}}